{"id":10063,"date":"2025-12-25T17:56:06","date_gmt":"2025-12-25T17:56:06","guid":{"rendered":"https:\/\/oponyexpert.shop\/xef5\/produkt\/2x-pirelli-225-40-r20-94v-winter-sottozero-3-run-flat\/"},"modified":"2025-12-25T17:56:07","modified_gmt":"2025-12-25T17:56:07","slug":"2x-pirelli-225-40-r20-94v-winter-sottozero-3-run-flat","status":"publish","type":"product","link":"https:\/\/oponixo.shop\/tire\/produkt\/2x-pirelli-225-40-r20-94v-winter-sottozero-3-run-flat\/","title":{"rendered":"2x Pirelli 225\/40 R20 94V Winter SottoZero 3 Run Flat"},"content":{"rendered":"<div style=\"font-family: Arial, sans-serif; line-height: 1.6; color: #333; padding: 20px; clear: both; display: block; width: 100%; float: none; position: static; overflow: hidden;\">\n<div style=\"clear: both; display: block; margin: 10px 0;\">\n<div style=\"clear: both; display: block; margin: 10px 0;\">\n<div style=\"clear: both; display: block; margin: 10px 0;\">\n<h3 style=\"color: #2c5aa0; font-size: 18px; margin: 30px 0 15px 0; font-weight: bold; clear: both; display: block; width: 100%; float: none; position: static;\">Pirelli Winter SottoZero 3 225\/40R20 94 V przyczepno\u015b\u0107 na \u015bniegu (3PMSF), run flat, wzmocnienie (XL)<\/h3>\n<p style=\"margin: 15px 0; line-height: 1.8; clear: both; display: block; width: 100%; float: none; position: static;\">Eksperci Polskiego Zwi\u0105zku Przemys\u0142u Oponiarskiego (PZPO) wskazuj\u0105, \u017ce kilkuletnie nowe, przechowywane w odpowiednich warunkach opony s\u0105 pe\u0142nowarto\u015bciowym produktem, kt\u00f3ry jako\u015bci\u0105 niczym nie odbiega od opon z aktualnej produkcji.<\/p>\n<p style=\"margin: 15px 0; line-height: 1.8; clear: both; display: block; width: 100%; float: none; position: static;\">Dodatkowo, aby przeciwdzia\u0142a\u0107 temu zjawisku, od kilkunastu lat mieszanki gumowe, z kt\u00f3rych wykonane s\u0105 opony &#8211; zawieraj\u0105 substancje przeciwstarzeniowe. Dzi\u0119ki temu mamy gwarancj\u0119, \u017ce opona sk\u0142adowana w prawid\u0142owy spos\u00f3b nawet przez wiele lat, dzi\u0119ki swym odpowiednim w\u0142a\u015bciwo\u015bciom, zachowuje cechy nowej opony. Opony starzej\u0105 si\u0119 wy\u0142\u0105cznie na skutek fizycznych i chemicznych proces\u00f3w takich jak promieniowanie UV, du\u017ca wilgotno\u015b\u0107, wysoka temperatura czy kontakt z substancjami typu benzyna, oleje, smary czy inne p\u0142yny samochodowe. Nasze opony przechowujemy w suchym, klimatyzowanym i ciemnym magazynie z dala od wilgoci, substancji szkodliwych oraz promieniowania s\u0142onecznego (UV).<\/p>\n<\/div>\n<\/div>\n<\/div>\n<\/div>\n<\/div>\n<\/div>\n<div style=\"clear: both; display: block; margin: 10px 0;\">\n","protected":false},"excerpt":{"rendered":"<p>Pirelli Winter SottoZero 3 225\/40R20 94 V przyczepno\u015b\u0107 na \u015bniegu (3PMSF), run flat, wzmocnienie (XL)<\/p>\n<p>Eksperci Polskiego Zwi\u0105zku Przemys\u0142u Oponiarskiego (PZPO) wskazuj\u0105, \u017ce kilkuletnie nowe, przechowywane w odpowiednich warunkach opony s\u0105 pe\u0142nowarto\u015bciowym produktem, kt\u00f3ry jako\u015bci\u0105 niczym nie odbiega od opon z aktualnej produkcji.<\/p>\n","protected":false},"featured_media":10064,"template":"","meta":{"_uag_custom_page_level_css":""},"product_brand":[433],"product_cat":[414,413,412,415],"product_tag":[],"class_list":{"0":"post-10063","1":"product","2":"type-product","3":"status-publish","4":"has-post-thumbnail","6":"product_brand-pirelli","7":"product_cat-do-samochodow-osobowych-i-suv","8":"product_cat-opony","9":"product_cat-opony-i-felgi","10":"product_cat-zimowe","12":"first","13":"instock","14":"sale","15":"shipping-taxable","16":"purchasable","17":"product-type-simple"},"uagb_featured_image_src":{"full":["https:\/\/oponixo.shop\/tire\/wp-content\/uploads\/2025\/12\/allegro-image-10063.jpg",300,300,false],"thumbnail":["https:\/\/oponixo.shop\/tire\/wp-content\/uploads\/2025\/12\/allegro-image-10063-150x150.jpg",150,150,true],"medium":["https:\/\/oponixo.shop\/tire\/wp-content\/uploads\/2025\/12\/allegro-image-10063.jpg",300,300,false],"medium_large":["https:\/\/oponixo.shop\/tire\/wp-content\/uploads\/2025\/12\/allegro-image-10063.jpg",300,300,false],"large":["https:\/\/oponixo.shop\/tire\/wp-content\/uploads\/2025\/12\/allegro-image-10063.jpg",300,300,false],"1536x1536":["https:\/\/oponixo.shop\/tire\/wp-content\/uploads\/2025\/12\/allegro-image-10063.jpg",300,300,false],"2048x2048":["https:\/\/oponixo.shop\/tire\/wp-content\/uploads\/2025\/12\/allegro-image-10063.jpg",300,300,false],"woocommerce_thumbnail":["https:\/\/oponixo.shop\/tire\/wp-content\/uploads\/2025\/12\/allegro-image-10063.jpg",300,300,false],"woocommerce_single":["https:\/\/oponixo.shop\/tire\/wp-content\/uploads\/2025\/12\/allegro-image-10063.jpg",300,300,false],"woocommerce_gallery_thumbnail":["https:\/\/oponixo.shop\/tire\/wp-content\/uploads\/2025\/12\/allegro-image-10063-100x100.jpg",100,100,true]},"uagb_author_info":{"display_name":"admin","author_link":"https:\/\/oponixo.shop\/tire\/author\/"},"uagb_comment_info":0,"uagb_excerpt":"Pirelli Winter SottoZero 3 225\/40R20 94 V przyczepno\u015b\u0107 na \u015bniegu (3PMSF), run flat, wzmocnienie (XL) Eksperci Polskiego Zwi\u0105zku Przemys\u0142u Oponiarskiego (PZPO) wskazuj\u0105, \u017ce kilkuletnie nowe, przechowywane w odpowiednich warunkach opony s\u0105 pe\u0142nowarto\u015bciowym produktem, kt\u00f3ry jako\u015bci\u0105 niczym nie odbiega od opon z aktualnej produkcji.","_links":{"self":[{"href":"https:\/\/oponixo.shop\/tire\/wp-json\/wp\/v2\/product\/10063","targetHints":{"allow":["GET"]}}],"collection":[{"href":"https:\/\/oponixo.shop\/tire\/wp-json\/wp\/v2\/product"}],"about":[{"href":"https:\/\/oponixo.shop\/tire\/wp-json\/wp\/v2\/types\/product"}],"wp:featuredmedia":[{"embeddable":true,"href":"https:\/\/oponixo.shop\/tire\/wp-json\/wp\/v2\/media\/10064"}],"wp:attachment":[{"href":"https:\/\/oponixo.shop\/tire\/wp-json\/wp\/v2\/media?parent=10063"}],"wp:term":[{"taxonomy":"product_brand","embeddable":true,"href":"https:\/\/oponixo.shop\/tire\/wp-json\/wp\/v2\/product_brand?post=10063"},{"taxonomy":"product_cat","embeddable":true,"href":"https:\/\/oponixo.shop\/tire\/wp-json\/wp\/v2\/product_cat?post=10063"},{"taxonomy":"product_tag","embeddable":true,"href":"https:\/\/oponixo.shop\/tire\/wp-json\/wp\/v2\/product_tag?post=10063"}],"curies":[{"name":"wp","href":"https:\/\/api.w.org\/{rel}","templated":true}]}}