{"id":10067,"date":"2025-12-25T19:38:40","date_gmt":"2025-12-25T19:38:40","guid":{"rendered":"https:\/\/oponyexpert.shop\/xef5\/produkt\/2x-gripmax-inception-a-t-rwl-265-70r15-112t\/"},"modified":"2025-12-25T19:38:40","modified_gmt":"2025-12-25T19:38:40","slug":"2x-gripmax-inception-a-t-rwl-265-70r15-112t","status":"publish","type":"product","link":"https:\/\/oponixo.shop\/tire\/produkt\/2x-gripmax-inception-a-t-rwl-265-70r15-112t\/","title":{"rendered":"2x Gripmax Inception A\/T RWL 265\/70R15 112T"},"content":{"rendered":"<div style=\"font-family: Arial, sans-serif; line-height: 1.6; color: #333; padding: 20px; clear: both; display: block; width: 100%; float: none; position: static; overflow: hidden;\">\n<div style=\"clear: both; display: block; margin: 10px 0;\">\n<div style=\"clear: both; display: block; margin: 10px 0;\">\n<div style=\"clear: both; display: block; margin: 10px 0;\">\n<h1>Gripmax Inception A\/T RWL <\/h1>\n<h1>265\/70 R15 112T do 190 km\/h<\/h1>\n<h2>Kod produktu: 6972435763000<\/h2>\n<h2>RWL (Raised White Letters) \u2013 bia\u0142e litery<\/h2>\n<p style=\"margin: 15px 0; line-height: 1.8; clear: both; display: block; width: 100%; float: none; position: static;\">Gripmax Inception A\/T to ca\u0142oroczna opona terenowa chi\u0144skiej marki Gripmax.\u00a0Model ten charakteryzuje si\u0119 bardzo dobrym stosunkiem jako\u015bci do ceny i agresywnym wzorem bie\u017cnika.\u00a0W najnowszej wersji opony zastosowano zoptymalizowany wz\u00f3r bie\u017cnika z z\u0105bkowanymi stopniami w bocznych rowkach i podw\u00f3jnymi k\u0105tami nachylenia na \u015bcianach bie\u017cnika, co zapewnia bardzo dobr\u0105 przyczepno\u015b\u0107 na suchej i mokrej nawierzchni.\u00a0Opona ta ma homologacj\u0119 3PMSF klasy ekonomicznej<\/p>\n<h2>Zgodnie z Polsk\u0105 Norm\u0105 PN-C-94300-7:1997 &quot;Ogumienie. Pakowanie, przechowywanie i transport&quot; opony nie s\u0105 starsze ni\u017c 36 miesi\u0119cy od daty produkcji<\/h2>\n<\/div>\n<\/div>\n<div style=\"clear: both; display: block; margin: 10px 0;\">\n<div style=\"clear: both; display: block; margin: 10px 0;\">\n<div  style=\"max-width:750px;max-height:1024px\">\n<div style=\"clear: both; display: block; margin: 10px 0;\">\n<div style=\"clear: both; width: 100%; display: block; margin: 20px 0; padding: 0; float: none; position: static; text-align: center;\"><img decoding=\"async\"  src=\"https:\/\/a.allegroimg.com\/original\/11dbb7\/f9da3b92439189ca39ff4018a719\/2x-Gripmax-Inception-A-T-RWL-265-70R15-112T\" srcset=\"https:\/\/a.allegroimg.com\/original\/11dbb7\/f9da3b92439189ca39ff4018a719\/2x-Gripmax-Inception-A-T-RWL-265-70R15-112T 263w,https:\/\/a.allegroimg.com\/original\/11dbb7\/f9da3b92439189ca39ff4018a719\/2x-Gripmax-Inception-A-T-RWL-265-70R15-112T 527w,https:\/\/a.allegroimg.com\/original\/11dbb7\/f9da3b92439189ca39ff4018a719\/2x-Gripmax-Inception-A-T-RWL-265-70R15-112T 750w,https:\/\/a.allegroimg.com\/original\/11dbb7\/f9da3b92439189ca39ff4018a719\/2x-Gripmax-Inception-A-T-RWL-265-70R15-112T 750w\" sizes=\"(min-width: 1200px) 560px, (min-width: 992px) 50vw, 100vw\" width=\"750px\" alt=\"2x Gripmax Inception A\/T RWL 265\/70R15 112T\"\/ style=\"max-width: 100%; height: auto; display: block; margin: 0 auto;\"><\/div>\n<\/div>\n<\/div>\n<\/div>\n<\/div>\n<\/div>\n<div style=\"clear: both; display: block; margin: 10px 0;\">\n<div style=\"clear: both; display: block; margin: 10px 0;\">\n<div style=\"clear: both; display: block; margin: 10px 0;\">\n<div  style=\"max-width:212px;max-height:305px\">\n<div style=\"clear: both; display: block; margin: 10px 0;\">\n<div style=\"clear: both; width: 100%; display: block; margin: 20px 0; padding: 0; float: none; position: static; text-align: center;\"><img decoding=\"async\"  src=\"https:\/\/a.allegroimg.com\/original\/11f8c2\/f63fa6b54fffb2b17f3c6ff0e2ce\/2x-Gripmax-Inception-A-T-RWL-265-70R15-112T-Liczba-opon-w-ofercie-2-szt\" srcset=\"https:\/\/a.allegroimg.com\/original\/11f8c2\/f63fa6b54fffb2b17f3c6ff0e2ce\/2x-Gripmax-Inception-A-T-RWL-265-70R15-112T-Liczba-opon-w-ofercie-2-szt 212w,https:\/\/a.allegroimg.com\/original\/11f8c2\/f63fa6b54fffb2b17f3c6ff0e2ce\/2x-Gripmax-Inception-A-T-RWL-265-70R15-112T-Liczba-opon-w-ofercie-2-szt 212w\" sizes=\"(min-width: 1200px) 560px, (min-width: 992px) 50vw, 100vw\" width=\"212px\" alt=\"2x Gripmax Inception A\/T RWL 265\/70R15 112T Liczba opon w ofercie 2 szt.\"\/ style=\"max-width: 100%; height: auto; display: block; margin: 0 auto;\"><\/div>\n<\/div>\n<\/div>\n<\/div>\n<\/div>\n<div style=\"clear: both; display: block; margin: 10px 0;\">\n<div style=\"clear: both; display: block; margin: 10px 0;\">\n<h2>Marka: Gripmax<\/h2>\n<h2>Liczba opon w ofercie: 2<\/h2>\n<h2>Rok produkcji: <\/h2>\n<h2>Szeroko\u015b\u0107 opony: 265 mm<\/h2>\n<h2>Profil opony: 70<\/h2>\n<h2>\u015arednica: 15<\/h2>\n<h2>Indeks no\u015bno\u015bci: 112<\/h2>\n<h2>Indeks pr\u0119dko\u015bci: T do 190 km\/h<\/h2>\n<h2>Op\u00f3r toczenia: Klasa B<\/h2>\n<h2>Przyczepno\u015b\u0107 na mokrej nawierzchni: Klasa C<\/h2>\n<h2>Ha\u0142as zewn\u0119trzny: 72 dB<\/h2>\n<h2>Kod producenta: 3220012744<\/h2>\n<h2>Sezon: Ca\u0142oroczne<\/h2>\n<\/div>\n<\/div>\n<\/div>\n<\/div>\n<\/div>\n<\/div>\n<div style=\"clear: both; display: block; margin: 10px 0;\">\n","protected":false},"excerpt":{"rendered":"<p>Gripmax Inception A\/T RWL<\/p>\n<p>265\/70 R15 112T do 190 km\/h<\/p>\n<p>Kod produktu: 6972435763000<\/p>\n<p>RWL (Raised White Letters) \u2013 bia\u0142e litery<\/p>\n<p>Gripmax Inception A\/T to ca\u0142oroczna opona terenowa chi\u0144skiej marki Gripmax.\u00a0Model ten charakteryzuje si\u0119 bardzo dobrym stosunkiem jako\u015bci do ceny i agresywnym wzorem bie\u017cnika.\u00a0W najnowszej wersji opony zastosowano zoptymalizowany wz\u00f3r bie\u017cnika z z\u0105bkowanymi stopniami w bocznych rowkach i podw\u00f3jnymi k\u0105tami nachylenia na \u015bcianach bie\u017cnika, co zapewnia bardzo dobr\u0105 przyczepno\u015b\u0107 na suchej i mokrej nawierzchni.\u00a0Opona ta ma homologacj\u0119 3PMSF klasy ekonomicznej<\/p>\n","protected":false},"featured_media":10068,"template":"","meta":{"_uag_custom_page_level_css":""},"product_brand":[438],"product_cat":[416,428,413,412],"product_tag":[],"class_list":{"0":"post-10067","1":"product","2":"type-product","3":"status-publish","4":"has-post-thumbnail","6":"product_brand-gripmax","7":"product_cat-caloroczne","8":"product_cat-do-samochodow-terenowych-i-4x4","9":"product_cat-opony","10":"product_cat-opony-i-felgi","12":"first","13":"instock","14":"sale","15":"shipping-taxable","16":"purchasable","17":"product-type-simple"},"uagb_featured_image_src":{"full":["https:\/\/oponixo.shop\/tire\/wp-content\/uploads\/2025\/12\/allegro-image-10067.jpg",750,1024,false],"thumbnail":["https:\/\/oponixo.shop\/tire\/wp-content\/uploads\/2025\/12\/allegro-image-10067-150x150.jpg",150,150,true],"medium":["https:\/\/oponixo.shop\/tire\/wp-content\/uploads\/2025\/12\/allegro-image-10067-220x300.jpg",220,300,true],"medium_large":["https:\/\/oponixo.shop\/tire\/wp-content\/uploads\/2025\/12\/allegro-image-10067.jpg",750,1024,false],"large":["https:\/\/oponixo.shop\/tire\/wp-content\/uploads\/2025\/12\/allegro-image-10067.jpg",750,1024,false],"1536x1536":["https:\/\/oponixo.shop\/tire\/wp-content\/uploads\/2025\/12\/allegro-image-10067.jpg",750,1024,false],"2048x2048":["https:\/\/oponixo.shop\/tire\/wp-content\/uploads\/2025\/12\/allegro-image-10067.jpg",750,1024,false],"woocommerce_thumbnail":["https:\/\/oponixo.shop\/tire\/wp-content\/uploads\/2025\/12\/allegro-image-10067-300x300.jpg",300,300,true],"woocommerce_single":["https:\/\/oponixo.shop\/tire\/wp-content\/uploads\/2025\/12\/allegro-image-10067-600x819.jpg",600,819,true],"woocommerce_gallery_thumbnail":["https:\/\/oponixo.shop\/tire\/wp-content\/uploads\/2025\/12\/allegro-image-10067-100x100.jpg",100,100,true]},"uagb_author_info":{"display_name":"admin","author_link":"https:\/\/oponixo.shop\/tire\/author\/"},"uagb_comment_info":0,"uagb_excerpt":"Gripmax Inception A\/T RWL 265\/70 R15 112T do 190 km\/h Kod produktu: 6972435763000 RWL (Raised White Letters) \u2013 bia\u0142e litery Gripmax Inception A\/T to ca\u0142oroczna opona terenowa chi\u0144skiej marki Gripmax.\u00a0Model ten charakteryzuje si\u0119 bardzo dobrym stosunkiem jako\u015bci do ceny i agresywnym wzorem bie\u017cnika.\u00a0W najnowszej wersji opony zastosowano zoptymalizowany wz\u00f3r bie\u017cnika z z\u0105bkowanymi stopniami w bocznych&hellip;","_links":{"self":[{"href":"https:\/\/oponixo.shop\/tire\/wp-json\/wp\/v2\/product\/10067","targetHints":{"allow":["GET"]}}],"collection":[{"href":"https:\/\/oponixo.shop\/tire\/wp-json\/wp\/v2\/product"}],"about":[{"href":"https:\/\/oponixo.shop\/tire\/wp-json\/wp\/v2\/types\/product"}],"wp:featuredmedia":[{"embeddable":true,"href":"https:\/\/oponixo.shop\/tire\/wp-json\/wp\/v2\/media\/10068"}],"wp:attachment":[{"href":"https:\/\/oponixo.shop\/tire\/wp-json\/wp\/v2\/media?parent=10067"}],"wp:term":[{"taxonomy":"product_brand","embeddable":true,"href":"https:\/\/oponixo.shop\/tire\/wp-json\/wp\/v2\/product_brand?post=10067"},{"taxonomy":"product_cat","embeddable":true,"href":"https:\/\/oponixo.shop\/tire\/wp-json\/wp\/v2\/product_cat?post=10067"},{"taxonomy":"product_tag","embeddable":true,"href":"https:\/\/oponixo.shop\/tire\/wp-json\/wp\/v2\/product_tag?post=10067"}],"curies":[{"name":"wp","href":"https:\/\/api.w.org\/{rel}","templated":true}]}}