{"id":10267,"date":"2025-12-31T03:29:28","date_gmt":"2025-12-31T03:29:28","guid":{"rendered":"https:\/\/oponyexpert.shop\/xef5\/produkt\/4x-riken-all-season-175-60r15-81-h\/"},"modified":"2025-12-31T03:29:29","modified_gmt":"2025-12-31T03:29:29","slug":"4x-riken-all-season-175-60r15-81-h","status":"publish","type":"product","link":"https:\/\/oponixo.shop\/tire\/produkt\/4x-riken-all-season-175-60r15-81-h\/","title":{"rendered":"4x RIKEN ALL SEASON 175\/60R15 81 H"},"content":{"rendered":"<div style=\"font-family: Arial, sans-serif; line-height: 1.6; color: #333; padding: 20px; clear: both; display: block; width: 100%; float: none; position: static; overflow: hidden;\">\n<div style=\"clear: both; display: block; margin: 10px 0;\">\n<div style=\"clear: both; display: block; margin: 10px 0;\">\n<div style=\"clear: both; display: block; margin: 10px 0;\">\n<h2>4x RIKEN ALL SEASON 175\/60R15 81 H<\/h2>\n<\/div>\n<\/div>\n<\/div>\n<div style=\"clear: both; display: block; margin: 10px 0;\">\n<div style=\"clear: both; display: block; margin: 10px 0;\">\n<div style=\"clear: both; display: block; margin: 10px 0;\">\n<div  style=\"max-width:920px;max-height:1120px\">\n<div style=\"clear: both; display: block; margin: 10px 0;\">\n<div style=\"clear: both; width: 100%; display: block; margin: 20px 0; padding: 0; float: none; position: static; text-align: center;\"><img decoding=\"async\"  src=\"https:\/\/a.allegroimg.com\/original\/118001\/6faa40c34fa099cd32815295bca6\/4x-RIKEN-ALL-SEASON-175-60R15-81-H\" srcset=\"https:\/\/a.allegroimg.com\/original\/118001\/6faa40c34fa099cd32815295bca6\/4x-RIKEN-ALL-SEASON-175-60R15-81-H 295w,https:\/\/a.allegroimg.com\/original\/118001\/6faa40c34fa099cd32815295bca6\/4x-RIKEN-ALL-SEASON-175-60R15-81-H 591w,https:\/\/a.allegroimg.com\/original\/118001\/6faa40c34fa099cd32815295bca6\/4x-RIKEN-ALL-SEASON-175-60R15-81-H 841w,https:\/\/a.allegroimg.com\/original\/118001\/6faa40c34fa099cd32815295bca6\/4x-RIKEN-ALL-SEASON-175-60R15-81-H 920w,https:\/\/a.allegroimg.com\/original\/118001\/6faa40c34fa099cd32815295bca6\/4x-RIKEN-ALL-SEASON-175-60R15-81-H 920w\" sizes=\"(min-width: 1200px) 560px, (min-width: 992px) 50vw, 100vw\" width=\"920px\" alt=\"4x RIKEN ALL SEASON 175\/60R15 81 H\"\/ style=\"max-width: 100%; height: auto; display: block; margin: 0 auto;\"><\/div>\n<\/div>\n<\/div>\n<\/div>\n<\/div>\n<div style=\"clear: both; display: block; margin: 10px 0;\">\n<div style=\"clear: both; display: block; margin: 10px 0;\">\n<h2>Ca\u0142oroczne opony RIKEN ALL SEASON 175\/60 R15 81 H<\/h2>\n<p style=\"margin: 15px 0; line-height: 1.8; clear: both; display: block; width: 100%; float: none; position: static;\">Opony RIKEN ALL SEASON to znacz\u0105cy model w portfolio producenta.\u00a0<\/p>\n<p style=\"margin: 15px 0; line-height: 1.8; clear: both; display: block; width: 100%; float: none; position: static;\"> Opony klasy ekonomicznej maj\u0105 \u015bwietny stosunek jako\u015bci do ceny.<\/p>\n<ul style=\"margin: 15px 0; padding-left: 20px; clear: both; display: block; width: 100%; float: none; position: static;\">\n<li style=\"margin: 5px 0; padding: 2px 0; clear: both; display: list-item; float: none; position: static;\"><b>Stan:<\/b>\u00a0Nowy<\/li>\n<li style=\"margin: 5px 0; padding: 2px 0; clear: both; display: list-item; float: none; position: static;\"><b>EAN:<\/b>\u00a03528708174726<\/li>\n<li style=\"margin: 5px 0; padding: 2px 0; clear: both; display: list-item; float: none; position: static;\"><b>Producent:<\/b> RIKEN<\/li>\n<li style=\"margin: 5px 0; padding: 2px 0; clear: both; display: list-item; float: none; position: static;\"><b>Model:<\/b> ALL SEASON<\/li>\n<li style=\"margin: 5px 0; padding: 2px 0; clear: both; display: list-item; float: none; position: static;\"><b>Rozmiar:<\/b> 175\/60 R15<\/li>\n<li style=\"margin: 5px 0; padding: 2px 0; clear: both; display: list-item; float: none; position: static;\"><b>Indeks no\u015bno\u015bci:<\/b> 81<\/li>\n<li style=\"margin: 5px 0; padding: 2px 0; clear: both; display: list-item; float: none; position: static;\"><b>Indeks pr\u0119dko\u015bci:<\/b> H<\/li>\n<li style=\"margin: 5px 0; padding: 2px 0; clear: both; display: list-item; float: none; position: static;\"><b>Ha\u0142as db:<\/b>\u00a069<\/li>\n<li style=\"margin: 5px 0; padding: 2px 0; clear: both; display: list-item; float: none; position: static;\"><b>Sezon:<\/b> Ca\u0142oroczne<\/li>\n<li style=\"margin: 5px 0; padding: 2px 0; clear: both; display: list-item; float: none; position: static;\"><b>Rok produkcji:<\/b> nie starsze ni\u017c 36 miesi\u0119cy<\/li>\n<li style=\"margin: 5px 0; padding: 2px 0; clear: both; display: list-item; float: none; position: static;\"><b>Przeznaczenie:<\/b> Osobowe<\/li>\n<li style=\"margin: 5px 0; padding: 2px 0; clear: both; display: list-item; float: none; position: static;\"><b>Kl. przycz. na mokrej naw.:<\/b>\u00a0C<\/li>\n<li style=\"margin: 5px 0; padding: 2px 0; clear: both; display: list-item; float: none; position: static;\"><b>Kl. efekt. paliwowej:\u00a0<\/b>E<\/li>\n<\/ul>\n<\/div>\n<\/div>\n<\/div>\n<div style=\"clear: both; display: block; margin: 10px 0;\">\n<div style=\"clear: both; display: block; margin: 10px 0;\">\n<div style=\"clear: both; display: block; margin: 10px 0;\">\n<div  style=\"max-width:900px;max-height:500px\">\n<div style=\"clear: both; display: block; margin: 10px 0;\">\n<div style=\"clear: both; width: 100%; display: block; margin: 20px 0; padding: 0; float: none; position: static; text-align: center;\"><img decoding=\"async\"  src=\"https:\/\/a.allegroimg.com\/original\/110878\/209fb76a4c19af127897192dfacb\/4x-RIKEN-ALL-SEASON-175-60R15-81-H-Liczba-opon-w-ofercie-Komplet-4-szt\" srcset=\"https:\/\/a.allegroimg.com\/original\/110878\/209fb76a4c19af127897192dfacb\/4x-RIKEN-ALL-SEASON-175-60R15-81-H-Liczba-opon-w-ofercie-Komplet-4-szt 360w,https:\/\/a.allegroimg.com\/original\/110878\/209fb76a4c19af127897192dfacb\/4x-RIKEN-ALL-SEASON-175-60R15-81-H-Liczba-opon-w-ofercie-Komplet-4-szt 720w,https:\/\/a.allegroimg.com\/original\/110878\/209fb76a4c19af127897192dfacb\/4x-RIKEN-ALL-SEASON-175-60R15-81-H-Liczba-opon-w-ofercie-Komplet-4-szt 900w,https:\/\/a.allegroimg.com\/original\/110878\/209fb76a4c19af127897192dfacb\/4x-RIKEN-ALL-SEASON-175-60R15-81-H-Liczba-opon-w-ofercie-Komplet-4-szt 900w\" sizes=\"100vw\" width=\"900px\" alt=\"4x RIKEN ALL SEASON 175\/60R15 81 H Liczba opon w ofercie Komplet 4 szt.\"\/ style=\"max-width: 100%; height: auto; display: block; margin: 0 auto;\"><\/div>\n<\/div>\n<\/div>\n<\/div>\n<\/div>\n<\/div>\n<div style=\"clear: both; display: block; margin: 10px 0;\">\n<div style=\"clear: both; display: block; margin: 10px 0;\">\n<div style=\"clear: both; display: block; margin: 10px 0;\">\n<p style=\"margin: 15px 0; line-height: 1.8; clear: both; display: block; width: 100%; float: none; position: static;\">Pocz\u0105tki firmy Riken si\u0119gaj\u0105 ju\u017c 1917 roku, w kt\u00f3rym to zosta\u0142 za\u0142o\u017cony instytut Riken Gomu Industry. Z niego zosta\u0142 potem utworzony oddzia\u0142 Riken Rubber Company i to w\u0142a\u015bnie od tego oddzia\u0142u rozpoczyna si\u0119 historia producenta opon.<\/p>\n<p style=\"margin: 15px 0; line-height: 1.8; clear: both; display: block; width: 100%; float: none; position: static;\">Pocz\u0105tkowo apo\u0144ska marka ogumienia powsta\u0142a w 1958 roku pod nazw\u0105 Nippon Riken Rubber. By\u0142 to efekt fuzji dw\u00f3ch przedsi\u0119biorstw &#8211; Riken Rubber Company oraz Okamoto Rubber Industries. W tym samym roku zosta\u0142y wyprodukowane pierwsze opony producenta z Japonii.<\/p>\n<p style=\"margin: 15px 0; line-height: 1.8; clear: both; display: block; width: 100%; float: none; position: static;\">Firma Riken rozwija\u0142a si\u0119 ju\u017c od samego pocz\u0105tku. W 1961 otworzono fabryk\u0119 w Kanagawie, a dwa lata p\u00f3\u017aniej japo\u0144skie przedsi\u0119biorstwo otworzy\u0142o pierwsz\u0105 fili\u0119 zagraniczn\u0105 w Hongkongu.<\/p>\n<p style=\"margin: 15px 0; line-height: 1.8; clear: both; display: block; width: 100%; float: none; position: static;\">Pod koniec lat 80. ogumienie Riken trafi\u0142o do Europy, gdzie zyska\u0142o zaufanie kierowc\u00f3w, kt\u00f3re przyczyni\u0142o si\u0119 do przej\u0119cia firmy przez pioniera bran\u017cy &#8211; firm\u0119 Michelin. To w\u0142asnie francuski producent sprawuj\u0119 piecz\u0119 nad jako\u015bci\u0105 marki Riken.<\/p>\n<\/div>\n<\/div>\n<\/div>\n<div style=\"clear: both; display: block; margin: 10px 0;\">\n<div style=\"clear: both; display: block; margin: 10px 0;\">\n<div style=\"clear: both; display: block; margin: 10px 0;\">\n<div  style=\"max-width:1200px;max-height:1758px\">\n<div style=\"clear: both; display: block; margin: 10px 0;\">\n<div style=\"clear: both; width: 100%; display: block; margin: 20px 0; padding: 0; float: none; position: static; text-align: center;\"><img decoding=\"async\"  src=\"https:\/\/a.allegroimg.com\/original\/111157\/8c297e2442c0bdc0b14601780bed\/4x-RIKEN-ALL-SEASON-175-60R15-81-H-Marka-Riken\" srcset=\"https:\/\/a.allegroimg.com\/original\/111157\/8c297e2442c0bdc0b14601780bed\/4x-RIKEN-ALL-SEASON-175-60R15-81-H-Marka-Riken 245w,https:\/\/a.allegroimg.com\/original\/111157\/8c297e2442c0bdc0b14601780bed\/4x-RIKEN-ALL-SEASON-175-60R15-81-H-Marka-Riken 491w,https:\/\/a.allegroimg.com\/original\/111157\/8c297e2442c0bdc0b14601780bed\/4x-RIKEN-ALL-SEASON-175-60R15-81-H-Marka-Riken 698w,https:\/\/a.allegroimg.com\/original\/111157\/8c297e2442c0bdc0b14601780bed\/4x-RIKEN-ALL-SEASON-175-60R15-81-H-Marka-Riken 982w,https:\/\/a.allegroimg.com\/original\/111157\/8c297e2442c0bdc0b14601780bed\/4x-RIKEN-ALL-SEASON-175-60R15-81-H-Marka-Riken 1200w\" sizes=\"(min-width: 1200px) 560px, (min-width: 992px) 50vw, 100vw\" width=\"1200px\" alt=\"4x RIKEN ALL SEASON 175\/60R15 81 H Marka Riken\"\/ style=\"max-width: 100%; height: auto; display: block; margin: 0 auto;\"><\/div>\n<\/div>\n<\/div>\n<\/div>\n<\/div>\n<div style=\"clear: both; display: block; margin: 10px 0;\">\n<div style=\"clear: both; display: block; margin: 10px 0;\">\n<p style=\"margin: 15px 0; line-height: 1.8; clear: both; display: block; width: 100%; float: none; position: static;\">Dlaczego warto kupowa\u0107 u Nas ?<\/p>\n<p style=\"margin: 15px 0; line-height: 1.8; clear: both; display: block; width: 100%; float: none; position: static;\">Jeste\u015bmy firm\u0105, kt\u00f3ra na podstawie wieloletniego do\u015bwiadczenia z zaanga\u017cowaniem pomaga klientom w doborze oraz kupnie opon.<\/p>\n<p style=\"margin: 15px 0; line-height: 1.8; clear: both; display: block; width: 100%; float: none; position: static;\">Posiadamy szerok\u0105 game opon do aut osobowych, dostawczych, cie\u017carowych, motocyki jak i opon przemys\u0142owych.<\/p>\n<p style=\"margin: 15px 0; line-height: 1.8; clear: both; display: block; width: 100%; float: none; position: static;\">Gwarancja satysfakcjii oraz bezpiecznie przejechanych kilometr\u00f3w.<\/p>\n<p style=\"margin: 15px 0; line-height: 1.8; clear: both; display: block; width: 100%; float: none; position: static;\">Zosta\u0144 naszym kolejnym zadowolonym klientem.<\/p>\n<p style=\"margin: 15px 0; line-height: 1.8; clear: both; display: block; width: 100%; float: none; position: static;\">ZAPRASZAMY DO ZAKUP\u00d3W.<\/p>\n<\/div>\n<\/div>\n<\/div>\n<\/div>\n<\/div>\n<\/div>\n<div style=\"clear: both; display: block; margin: 10px 0;\">\n","protected":false},"excerpt":{"rendered":"<p>4x RIKEN ALL SEASON 175\/60R15 81 H<\/p>\n<p>Ca\u0142oroczne opony RIKEN ALL SEASON 175\/60 R15 81 H<\/p>\n<p>Opony RIKEN ALL SEASON to znacz\u0105cy model w portfolio producenta.\u00a0<\/p>\n<p>Opony klasy ekonomicznej maj\u0105 \u015bwietny stosunek jako\u015bci do ceny.<\/p>\n<p>Stan:\u00a0Nowy<\/p>\n<p>EAN:\u00a03528708174726<\/p>\n<p>Producent: RIKEN<\/p>\n<p>Model: ALL SEASON<\/p>\n","protected":false},"featured_media":10268,"template":"","meta":{"_uag_custom_page_level_css":""},"product_brand":[443],"product_cat":[416,414,413,412],"product_tag":[],"class_list":{"0":"post-10267","1":"product","2":"type-product","3":"status-publish","4":"has-post-thumbnail","6":"product_brand-riken","7":"product_cat-caloroczne","8":"product_cat-do-samochodow-osobowych-i-suv","9":"product_cat-opony","10":"product_cat-opony-i-felgi","12":"first","13":"instock","14":"sale","15":"shipping-taxable","16":"purchasable","17":"product-type-simple"},"uagb_featured_image_src":{"full":["https:\/\/oponixo.shop\/tire\/wp-content\/uploads\/2025\/12\/allegro-image-10267.jpg",920,1120,false],"thumbnail":["https:\/\/oponixo.shop\/tire\/wp-content\/uploads\/2025\/12\/allegro-image-10267-150x150.jpg",150,150,true],"medium":["https:\/\/oponixo.shop\/tire\/wp-content\/uploads\/2025\/12\/allegro-image-10267-246x300.jpg",246,300,true],"medium_large":["https:\/\/oponixo.shop\/tire\/wp-content\/uploads\/2025\/12\/allegro-image-10267-768x935.jpg",768,935,true],"large":["https:\/\/oponixo.shop\/tire\/wp-content\/uploads\/2025\/12\/allegro-image-10267-841x1024.jpg",841,1024,true],"1536x1536":["https:\/\/oponixo.shop\/tire\/wp-content\/uploads\/2025\/12\/allegro-image-10267.jpg",920,1120,false],"2048x2048":["https:\/\/oponixo.shop\/tire\/wp-content\/uploads\/2025\/12\/allegro-image-10267.jpg",920,1120,false],"woocommerce_thumbnail":["https:\/\/oponixo.shop\/tire\/wp-content\/uploads\/2025\/12\/allegro-image-10267-300x300.jpg",300,300,true],"woocommerce_single":["https:\/\/oponixo.shop\/tire\/wp-content\/uploads\/2025\/12\/allegro-image-10267-600x730.jpg",600,730,true],"woocommerce_gallery_thumbnail":["https:\/\/oponixo.shop\/tire\/wp-content\/uploads\/2025\/12\/allegro-image-10267-100x100.jpg",100,100,true]},"uagb_author_info":{"display_name":"admin","author_link":"https:\/\/oponixo.shop\/tire\/author\/"},"uagb_comment_info":0,"uagb_excerpt":"4x RIKEN ALL SEASON 175\/60R15 81 H Ca\u0142oroczne opony RIKEN ALL SEASON 175\/60 R15 81 H Opony RIKEN ALL SEASON to znacz\u0105cy model w portfolio producenta.\u00a0 Opony klasy ekonomicznej maj\u0105 \u015bwietny stosunek jako\u015bci do ceny. Stan:\u00a0Nowy EAN:\u00a03528708174726 Producent: RIKEN Model: ALL SEASON","_links":{"self":[{"href":"https:\/\/oponixo.shop\/tire\/wp-json\/wp\/v2\/product\/10267","targetHints":{"allow":["GET"]}}],"collection":[{"href":"https:\/\/oponixo.shop\/tire\/wp-json\/wp\/v2\/product"}],"about":[{"href":"https:\/\/oponixo.shop\/tire\/wp-json\/wp\/v2\/types\/product"}],"wp:featuredmedia":[{"embeddable":true,"href":"https:\/\/oponixo.shop\/tire\/wp-json\/wp\/v2\/media\/10268"}],"wp:attachment":[{"href":"https:\/\/oponixo.shop\/tire\/wp-json\/wp\/v2\/media?parent=10267"}],"wp:term":[{"taxonomy":"product_brand","embeddable":true,"href":"https:\/\/oponixo.shop\/tire\/wp-json\/wp\/v2\/product_brand?post=10267"},{"taxonomy":"product_cat","embeddable":true,"href":"https:\/\/oponixo.shop\/tire\/wp-json\/wp\/v2\/product_cat?post=10267"},{"taxonomy":"product_tag","embeddable":true,"href":"https:\/\/oponixo.shop\/tire\/wp-json\/wp\/v2\/product_tag?post=10267"}],"curies":[{"name":"wp","href":"https:\/\/api.w.org\/{rel}","templated":true}]}}