{"id":10277,"date":"2025-12-31T03:29:30","date_gmt":"2025-12-31T03:29:30","guid":{"rendered":"https:\/\/oponyexpert.shop\/xef5\/produkt\/2x-kumho-ecowing-es31-175-60r15-81h\/"},"modified":"2025-12-31T03:29:31","modified_gmt":"2025-12-31T03:29:31","slug":"2x-kumho-ecowing-es31-175-60r15-81h","status":"publish","type":"product","link":"https:\/\/oponixo.shop\/tire\/produkt\/2x-kumho-ecowing-es31-175-60r15-81h\/","title":{"rendered":"2x KUMHO Ecowing ES31 175\/60R15 81H"},"content":{"rendered":"<div style=\"font-family: Arial, sans-serif; line-height: 1.6; color: #333; padding: 20px; clear: both; display: block; width: 100%; float: none; position: static; overflow: hidden;\">\n<div style=\"clear: both; display: block; margin: 10px 0;\">\n<div style=\"clear: both; display: block; margin: 10px 0;\">\n<div style=\"clear: both; display: block; margin: 10px 0;\">\n<h1>Rok produkcji: 2023<\/h1>\n<p style=\"margin: 15px 0; line-height: 1.8; clear: both; display: block; width: 100%; float: none; position: static;\">Jeste\u015bmy ekspertami od opon i wraz z Producentem gwarantujemy, \u017ce wybieraj\u0105c model z wcze\u015bniejsz\u0105 dat\u0105 produkcji, otrzymujesz pe\u0142nowarto\u015bciowy produkt. Dbamy o Twoje bezpiecze\u0144stwo &#8211; nasze opony s\u0105 przechowywane w idealnych warunkach.<\/p>\n<\/div>\n<\/div>\n<\/div>\n<div style=\"clear: both; display: block; margin: 10px 0;\">\n<div style=\"clear: both; display: block; margin: 10px 0;\">\n<div style=\"clear: both; display: block; margin: 10px 0;\">\n<div  style=\"max-width:1200px;max-height:1126px\">\n<div style=\"clear: both; display: block; margin: 10px 0;\">\n<div style=\"clear: both; width: 100%; display: block; margin: 20px 0; padding: 0; float: none; position: static; text-align: center;\"><img decoding=\"async\"  src=\"https:\/\/a.allegroimg.com\/original\/11597f\/34e4d0b14e8193968247a1853119\/2x-KUMHO-Ecowing-ES31-175-60R15-81H\" srcset=\"https:\/\/a.allegroimg.com\/original\/11597f\/34e4d0b14e8193968247a1853119\/2x-KUMHO-Ecowing-ES31-175-60R15-81H 360w,https:\/\/a.allegroimg.com\/original\/11597f\/34e4d0b14e8193968247a1853119\/2x-KUMHO-Ecowing-ES31-175-60R15-81H 720w,https:\/\/a.allegroimg.com\/original\/11597f\/34e4d0b14e8193968247a1853119\/2x-KUMHO-Ecowing-ES31-175-60R15-81H 1024w,https:\/\/a.allegroimg.com\/original\/11597f\/34e4d0b14e8193968247a1853119\/2x-KUMHO-Ecowing-ES31-175-60R15-81H 1200w,https:\/\/a.allegroimg.com\/original\/11597f\/34e4d0b14e8193968247a1853119\/2x-KUMHO-Ecowing-ES31-175-60R15-81H 1200w\" sizes=\"(min-width: 1200px) 560px, (min-width: 992px) 50vw, 100vw\" width=\"1200px\" alt=\"2x KUMHO Ecowing ES31 175\/60R15 81H\"\/ style=\"max-width: 100%; height: auto; display: block; margin: 0 auto;\"><\/div>\n<\/div>\n<\/div>\n<\/div>\n<\/div>\n<div style=\"clear: both; display: block; margin: 10px 0;\">\n<div style=\"clear: both; display: block; margin: 10px 0;\">\n<h1>KUMHO Ecowing ES31 175\/60R15 81H<\/h1>\n<h2>H11HXH<\/h2>\n<ul style=\"margin: 15px 0; padding-left: 20px; clear: both; display: block; width: 100%; float: none; position: static;\">\n<li style=\"margin: 5px 0; padding: 2px 0; clear: both; display: list-item; float: none; position: static;\"><b>Data produkcji :<\/b> 2023<\/li>\n<li style=\"margin: 5px 0; padding: 2px 0; clear: both; display: list-item; float: none; position: static;\"><b>Hamowanie na mokrej nawierzchni :<\/b> B<\/li>\n<li style=\"margin: 5px 0; padding: 2px 0; clear: both; display: list-item; float: none; position: static;\"><b>Indeks :<\/b> 175\/60R15 LOKU 81H ES3#23<\/li>\n<li style=\"margin: 5px 0; padding: 2px 0; clear: both; display: list-item; float: none; position: static;\"><b>Indeks no\u015bno\u015bci :<\/b> 81<\/li>\n<li style=\"margin: 5px 0; padding: 2px 0; clear: both; display: list-item; float: none; position: static;\"><b>Indeks pr\u0119dko\u015bci :<\/b> H &#8211; 210 km\/h<\/li>\n<li style=\"margin: 5px 0; padding: 2px 0; clear: both; display: list-item; float: none; position: static;\"><b>Karta informacyjna produktu :<\/b> https:\/\/eprel.ec.europa.eu\/qr\/435945<\/li>\n<li style=\"margin: 5px 0; padding: 2px 0; clear: both; display: list-item; float: none; position: static;\"><b>Kl. efekt. paliwowej :<\/b> C<\/li>\n<li style=\"margin: 5px 0; padding: 2px 0; clear: both; display: list-item; float: none; position: static;\"><b>Kl. przycz. na mokrej naw. :<\/b> B<\/li>\n<li style=\"margin: 5px 0; padding: 2px 0; clear: both; display: list-item; float: none; position: static;\"><b>Kl. zew. ha\u0142asu tocz. :<\/b> 2<\/li>\n<li style=\"margin: 5px 0; padding: 2px 0; clear: both; display: list-item; float: none; position: static;\"><b>Klasa opony :<\/b> \u015brednia<\/li>\n<li style=\"margin: 5px 0; padding: 2px 0; clear: both; display: list-item; float: none; position: static;\"><b>Kod EAN :<\/b> 8808956258603<\/li>\n<li style=\"margin: 5px 0; padding: 2px 0; clear: both; display: list-item; float: none; position: static;\"><b>Kod producenta :<\/b> 2250083<\/li>\n<li style=\"margin: 5px 0; padding: 2px 0; clear: both; display: list-item; float: none; position: static;\"><b>Liczba decybeli :<\/b> 70 dB<\/li>\n<li style=\"margin: 5px 0; padding: 2px 0; clear: both; display: list-item; float: none; position: static;\"><b>Model bie\u017cnika :<\/b> Ecowing ES31<\/li>\n<li style=\"margin: 5px 0; padding: 2px 0; clear: both; display: list-item; float: none; position: static;\"><b>Nazwa produktu :<\/b> KUMHO Ecowing ES31 175\/60R15 81H<\/li>\n<li style=\"margin: 5px 0; padding: 2px 0; clear: both; display: list-item; float: none; position: static;\"><b>opona na dedykowan\u0105 o\u015b :<\/b> Prz\u00f3d\/Ty\u0142<\/li>\n<li style=\"margin: 5px 0; padding: 2px 0; clear: both; display: list-item; float: none; position: static;\"><b>Op\u00f3r toczenia :<\/b> C<\/li>\n<li style=\"margin: 5px 0; padding: 2px 0; clear: both; display: list-item; float: none; position: static;\"><b>Poziom emisji ha\u0142asu :<\/b> B<\/li>\n<li style=\"margin: 5px 0; padding: 2px 0; clear: both; display: list-item; float: none; position: static;\"><b>Producent :<\/b> KUMHO<\/li>\n<li style=\"margin: 5px 0; padding: 2px 0; clear: both; display: list-item; float: none; position: static;\"><b>Profil :<\/b> 60<\/li>\n<li style=\"margin: 5px 0; padding: 2px 0; clear: both; display: list-item; float: none; position: static;\"><b>Przeznaczenie :<\/b> samochody osobowe, SUV\/4&#215;4<\/li>\n<li style=\"margin: 5px 0; padding: 2px 0; clear: both; display: list-item; float: none; position: static;\"><b>Przyczepno\u015b\u0107 na lodzie :<\/b> Nie<\/li>\n<li style=\"margin: 5px 0; padding: 2px 0; clear: both; display: list-item; float: none; position: static;\"><b>Przyczepno\u015b\u0107 na \u015bniegu :<\/b> Nie<\/li>\n<li style=\"margin: 5px 0; padding: 2px 0; clear: both; display: list-item; float: none; position: static;\"><b>QR kod :<\/b> https:\/\/eprel.ec.europa.eu\/qr\/435945<\/li>\n<li style=\"margin: 5px 0; padding: 2px 0; clear: both; display: list-item; float: none; position: static;\"><b>Sezon :<\/b> letnia<\/li>\n<li style=\"margin: 5px 0; padding: 2px 0; clear: both; display: list-item; float: none; position: static;\"><b>\u015arednica :<\/b> 15&#8243;<\/li>\n<li style=\"margin: 5px 0; padding: 2px 0; clear: both; display: list-item; float: none; position: static;\"><b>Szeroko\u015b\u0107 :<\/b> 175<\/li>\n<li style=\"margin: 5px 0; padding: 2px 0; clear: both; display: list-item; float: none; position: static;\"><b>Wart. pom. i kl. zew. ha\u0142asu tocz. [dB] :<\/b> 70<\/li>\n<\/ul>\n<\/div>\n<\/div>\n<\/div>\n<div style=\"clear: both; display: block; margin: 10px 0;\">\n<div style=\"clear: both; display: block; margin: 10px 0;\">\n<div style=\"clear: both; display: block; margin: 10px 0;\">\n<p style=\"margin: 15px 0; line-height: 1.8; clear: both; display: block; width: 100%; float: none; position: static;\"> KUMHO Ecowing ES31 to letnia opona klasy medium, opracowana z my\u015bl\u0105 o szerokiej gamie samochod\u00f3w osobowych. W serii Ecowing in\u017cynierowie marki, skupili si\u0119 na zasadach &#8222;Eco Performacne&#8221; i do\u0142o\u017cyli wszelkich stara\u0144, aby u\u017cytkowanie opon by\u0142o jak najmniej obci\u0105\u017caj\u0105ce dla \u015brodowiska. <\/p>\n<p style=\"margin: 15px 0; line-height: 1.8; clear: both; display: block; width: 100%; float: none; position: static;\"> Asymetryczna rze\u017aba bie\u017cnika z poszerzonymi strefami barkowymi zapewnia w\u0142a\u015bciw\u0105 przyczepno\u015b\u0107 i stabilno\u015b\u0107 toru jazdy zar\u00f3wno na prostych odcinkach drogi jak i podczas pokonywania zakr\u0119t\u00f3w. <\/p>\n<p style=\"margin: 15px 0; line-height: 1.8; clear: both; display: block; width: 100%; float: none; position: static;\"> Ulepszona mieszanka gumowa oraz szerokie kana\u0142y obwodowe dbaj\u0105 o optymalne zachowanie na mokrych nawierzchniach, efektywnie odprowadzaj\u0105c nadmiar wody poza stref\u0119 kontaktow\u0105. Zwi\u0119kszona wytrzyma\u0142o\u015b\u0107 konstrukcji zapewnia wyd\u0142u\u017cone przebiegi a wykorzystanie eko-zwi\u0105zk\u00f3w wspiera ekologiczne i ekonomiczne aspekty u\u017cytkowania opony. <\/p>\n<p style=\"margin: 15px 0; line-height: 1.8; clear: both; display: block; width: 100%; float: none; position: static;\"> Ecowing ES31 to model polecany kierowcom, kt\u00f3rzy poszukuj\u0105 zr\u00f3wnowa\u017conych osi\u0105g\u00f3w, wyd\u0142u\u017conych przebieg\u00f3w i ekonomicznego u\u017cytkowania opon. <\/p>\n<p style=\"margin: 15px 0; line-height: 1.8; clear: both; display: block; width: 100%; float: none; position: static;\"> Marka KUHMO produkuje opony 1960 roku. Ci\u0105g\u0142y rozw\u00f3j w obszarze oponiarskim motywuje KUMHO do udoskonalania oferowanych przez siebie produkt\u00f3w. Producent mo\u017ce pochwali\u0107 si\u0119 szerok\u0105 wsp\u00f3\u0142prac\u0105 z Motorsportem m. in. z Formu\u0142\u0105 1, dla kt\u00f3rej zaprojektowa\u0142 dedykowany model ogumienia. Ponadto jest on oficjalnym dostawc\u0105 opon do mi\u0119dzynarodowych wy\u015bcig\u00f3w AUTO GP i LeMans. <\/p>\n<p style=\"margin: 15px 0; line-height: 1.8; clear: both; display: block; width: 100%; float: none; position: static;\"> KUMHO posiada bogate zaplecze badawczo &#8211; rozwojowe. Na 5 kontynentach rozlokowane s\u0105 centra testowe, aby ka\u017cda kolejna opona cechowa\u0142a si\u0119 lepszymi osi\u0105gami w r\u00f3\u017cnych warunkach klimatycznych. Co roku produkuje si\u0119 ok. 68 milion\u00f3w opon zar\u00f3wno do samochod\u00f3w osobowych, terenowych jak i dostawczych i ci\u0119\u017carowych oraz do Motorsportu i sektora lotnictwa. Bogata wiedza i wieloletnie do\u015bwiadczenie sprawi\u0142y, \u017ce opony KUMHO stanowi\u0105 oryginalne wyposa\u017cenie w 3 z 5 najlepszych marek samochod\u00f3w na \u015bwiecie &#8211; nad pozosta\u0142ymi 2 ca\u0142y czas trwaj\u0105 prace&#8230; <\/p>\n<\/div>\n<\/div>\n<div style=\"clear: both; display: block; margin: 10px 0;\">\n<div style=\"clear: both; display: block; margin: 10px 0;\">\n<div  style=\"max-width:886px;max-height:1299px\">\n<div style=\"clear: both; display: block; margin: 10px 0;\">\n<div style=\"clear: both; width: 100%; display: block; margin: 20px 0; padding: 0; float: none; position: static; text-align: center;\"><img decoding=\"async\"  src=\"https:\/\/a.allegroimg.com\/original\/11d217\/8357b71c458ba8ac0f32e397a790\/2x-KUMHO-Ecowing-ES31-175-60R15-81H-Srednica-15\" srcset=\"https:\/\/a.allegroimg.com\/original\/11d217\/8357b71c458ba8ac0f32e397a790\/2x-KUMHO-Ecowing-ES31-175-60R15-81H-Srednica-15 245w,https:\/\/a.allegroimg.com\/original\/11d217\/8357b71c458ba8ac0f32e397a790\/2x-KUMHO-Ecowing-ES31-175-60R15-81H-Srednica-15 491w,https:\/\/a.allegroimg.com\/original\/11d217\/8357b71c458ba8ac0f32e397a790\/2x-KUMHO-Ecowing-ES31-175-60R15-81H-Srednica-15 698w,https:\/\/a.allegroimg.com\/original\/11d217\/8357b71c458ba8ac0f32e397a790\/2x-KUMHO-Ecowing-ES31-175-60R15-81H-Srednica-15 886w,https:\/\/a.allegroimg.com\/original\/11d217\/8357b71c458ba8ac0f32e397a790\/2x-KUMHO-Ecowing-ES31-175-60R15-81H-Srednica-15 886w\" sizes=\"(min-width: 1200px) 560px, (min-width: 992px) 50vw, 100vw\" width=\"886px\" alt=\"2x KUMHO Ecowing ES31 175\/60R15 81H \u015arednica 15&quot;\"\/ style=\"max-width: 100%; height: auto; display: block; margin: 0 auto;\"><\/div>\n<\/div>\n<\/div>\n<\/div>\n<\/div>\n<\/div>\n<div style=\"clear: both; display: block; margin: 10px 0;\">\n<div style=\"clear: both; display: block; margin: 10px 0;\">\n<div style=\"clear: both; display: block; margin: 10px 0;\">\n<p style=\"margin: 15px 0; line-height: 1.8; clear: both; display: block; width: 100%; float: none; position: static;\">Wychodz\u0105c naprzeciw oczekiwaniom Klient\u00f3w i chc\u0105c spe\u0142nia\u0107 jak najwy\u017csze standardy obs\u0142ugi dok\u0142adamy wszelkich stara\u0144, aby podawa\u0107 precyzyjn\u0105 dat\u0119 produkcji opony (DOT). Niestety, w wyj\u0105tkowych przypadkach, mo\u017ce zdarzy\u0107 si\u0119, \u017ce opony, kt\u00f3re wy\u015blemy b\u0119d\u0105 mia\u0142y inn\u0105 dat\u0119 produkcji ni\u017c podana. Sytuacja mo\u017ce dotyczy\u0107 zar\u00f3wno opon z DOT-em wcze\u015bniejszym jak i p\u00f3\u017aniejszym. Chcieliby\u015bmy podkre\u015bli\u0107, \u017ce warunki przechowywania opon w naszych magazynach spe\u0142niaj\u0105 Polsk\u0105 Norm\u0119 PN-C-94300-7 dzi\u0119ki czemu nawet opona przechowywana 24 miesi\u0105ce ma parametry takie same jak opona z bie\u017c\u0105cego roku. Warto pami\u0119ta\u0107 tak\u017ce o fakcie, \u017ce w przypadku wielu rozmiar\u00f3w i producent\u00f3w plany produkcyjne fabryk uniemo\u017cliwiaj\u0105 zakup opony z bie\u017c\u0105cego roku.<\/p>\n<p style=\"margin: 15px 0; line-height: 1.8; clear: both; display: block; width: 100%; float: none; position: static;\">Przy zakupie opon pami\u0119taj o sprawdzeniu w instrukcji samochodu lub na w\u0142a\u015bciwej stronie internetowej, jakie ogumienie zaleca producent Twojego auta. \u0179le dobrane opony mog\u0105 negatywnie wp\u0142yn\u0105\u0107 na poziom Twojego bezpiecze\u0144stwa. Kupuj\u0105c opony zwr\u00f3\u0107 uwag\u0119 na rozmiar oraz indeksy no\u015bno\u015bci i pr\u0119dko\u015bci jakie homologowane s\u0105 do Twojego pojazdu.<\/p>\n<p style=\"margin: 15px 0; line-height: 1.8; clear: both; display: block; width: 100%; float: none; position: static;\">Zamieszczone zdj\u0119cia pe\u0142ni\u0105 funkcj\u0119 pogl\u0105dow\u0105. W zale\u017cno\u015bci od szeroko\u015bci opon, mog\u0105 wyst\u0119powa\u0107 niewielkie r\u00f3\u017cnice w wygl\u0105dzie bie\u017cnika (w obr\u0119bie jednego modelu) na przyk\u0142ad w ilo\u015bci rowk\u00f3w obwodowych lub rozmieszczeniu blok\u00f3w bie\u017cnika, co nie stanowi wady produktu.<\/p>\n<p style=\"margin: 15px 0; line-height: 1.8; clear: both; display: block; width: 100%; float: none; position: static;\">Je\u017celi otrzymane przez Ciebie opony nie spe\u0142niaj\u0105 Twoich oczekiwa\u0144 masz mo\u017cliwo\u015b\u0107 zwrotu lub wymiany nieu\u017cywanego (niemontowanego) ogumienia.<\/p>\n<\/div>\n<\/div>\n<\/div>\n<div style=\"clear: both; display: block; margin: 10px 0;\">\n<div style=\"clear: both; display: block; margin: 10px 0;\">\n<div style=\"clear: both; display: block; margin: 10px 0;\">\n<div  style=\"max-width:900px;max-height:500px\">\n<div style=\"clear: both; display: block; margin: 10px 0;\">\n<div style=\"clear: both; width: 100%; display: block; margin: 20px 0; padding: 0; float: none; position: static; text-align: center;\"><img decoding=\"async\"  src=\"https:\/\/a.allegroimg.com\/original\/11a3cf\/62fa332b4ae69dd1955d65e95371\/2x-KUMHO-Ecowing-ES31-175-60R15-81H-Halas-zewnetrzny-70-dB\" srcset=\"https:\/\/a.allegroimg.com\/original\/11a3cf\/62fa332b4ae69dd1955d65e95371\/2x-KUMHO-Ecowing-ES31-175-60R15-81H-Halas-zewnetrzny-70-dB 360w,https:\/\/a.allegroimg.com\/original\/11a3cf\/62fa332b4ae69dd1955d65e95371\/2x-KUMHO-Ecowing-ES31-175-60R15-81H-Halas-zewnetrzny-70-dB 720w,https:\/\/a.allegroimg.com\/original\/11a3cf\/62fa332b4ae69dd1955d65e95371\/2x-KUMHO-Ecowing-ES31-175-60R15-81H-Halas-zewnetrzny-70-dB 900w,https:\/\/a.allegroimg.com\/original\/11a3cf\/62fa332b4ae69dd1955d65e95371\/2x-KUMHO-Ecowing-ES31-175-60R15-81H-Halas-zewnetrzny-70-dB 900w\" sizes=\"(min-width: 1200px) 560px, (min-width: 992px) 50vw, 100vw\" width=\"900px\" alt=\"2x KUMHO Ecowing ES31 175\/60R15 81H Ha\u0142as zewn\u0119trzny 70 dB\"\/ style=\"max-width: 100%; height: auto; display: block; margin: 0 auto;\"><\/div>\n<\/div>\n<\/div>\n<\/div>\n<\/div>\n<div style=\"clear: both; display: block; margin: 10px 0;\">\n<div style=\"clear: both; display: block; margin: 10px 0;\">\n<h1>Kumho<\/h1>\n<p style=\"margin: 15px 0; line-height: 1.8; clear: both; display: block; width: 100%; float: none; position: static;\">Firma Kumho Tire z g\u0142\u00f3wn\u0105 siedzib\u0105 w Seulu zosta\u0142a utworzona w roku 1960, a aktualnie nale\u017cy do jednych z wiod\u0105cych producent\u00f3w opon. Kumho Tire nale\u017cy do bogatej w tradycje grupy Kumho Asiana Group, jednego z najbardziej renomowanych i najwi\u0119kszych przedsi\u0119biorstw Korei, do kt\u00f3rej przyk\u0142adowo nale\u017cy tak\u017ce Asiana Airlines i Star Alliance.<br \/>\nWraz z 9 400 pracownikami na ca\u0142ym \u015bwiecie Kumho projektuje, produkuje i sprzedaje w wi\u0119kszo\u015bci opony do samochod\u00f3w osobowych, ma\u0142ych i du\u017cych samochod\u00f3w ci\u0119\u017carowych. Kumho posiada zak\u0142ady produkcyjne w Korei, Chinach i Wietnamie. Poza tym firma prowadzi centra badawczo-rozwojowe w Korei, Chinach, Europie i Ameryce P\u00f3\u0142nocnej. Sp\u00f3\u0142ka Kumho Tire Europe GmbH z siedzib\u0105 w Offenbach nad Menem kieruje dzia\u0142alno\u015bci\u0105 marketingow\u0105 i dystrybucyjn\u0105 w Niemczech i w Europie.<\/p>\n<\/div>\n<\/div>\n<\/div>\n<\/div>\n<\/div>\n<\/div>\n<div style=\"clear: both; display: block; margin: 10px 0;\">\n","protected":false},"excerpt":{"rendered":"<p>Rok produkcji: 2023<\/p>\n<p>Jeste\u015bmy ekspertami od opon i wraz z Producentem gwarantujemy, \u017ce wybieraj\u0105c model z wcze\u015bniejsz\u0105 dat\u0105 produkcji, otrzymujesz pe\u0142nowarto\u015bciowy produkt. Dbamy o Twoje bezpiecze\u0144stwo &#8211; nasze opony s\u0105 przechowywane w idealnych warunkach.<\/p>\n<p>KUMHO Ecowing ES31 175\/60R15 81H<\/p>\n<p>H11HXH<\/p>\n<p>Data produkcji : 2023<\/p>\n<p>Hamowanie na mokrej nawierzchni : B<\/p>\n<p>Indeks : 175\/60R15 LOKU 81H ES3#23<\/p>\n<p>Indeks no\u015bno\u015bci : 81<\/p>\n","protected":false},"featured_media":10278,"template":"","meta":{"_uag_custom_page_level_css":""},"product_brand":[390],"product_cat":[414,418,413,412],"product_tag":[],"class_list":{"0":"post-10277","1":"product","2":"type-product","3":"status-publish","4":"has-post-thumbnail","6":"product_brand-kumho","7":"product_cat-do-samochodow-osobowych-i-suv","8":"product_cat-letnie","9":"product_cat-opony","10":"product_cat-opony-i-felgi","12":"first","13":"instock","14":"sale","15":"shipping-taxable","16":"purchasable","17":"product-type-simple"},"uagb_featured_image_src":{"full":["https:\/\/oponixo.shop\/tire\/wp-content\/uploads\/2025\/12\/allegro-image-10277.jpg",1200,1126,false],"thumbnail":["https:\/\/oponixo.shop\/tire\/wp-content\/uploads\/2025\/12\/allegro-image-10277-150x150.jpg",150,150,true],"medium":["https:\/\/oponixo.shop\/tire\/wp-content\/uploads\/2025\/12\/allegro-image-10277-300x282.jpg",300,282,true],"medium_large":["https:\/\/oponixo.shop\/tire\/wp-content\/uploads\/2025\/12\/allegro-image-10277-768x721.jpg",768,721,true],"large":["https:\/\/oponixo.shop\/tire\/wp-content\/uploads\/2025\/12\/allegro-image-10277-1024x961.jpg",1024,961,true],"1536x1536":["https:\/\/oponixo.shop\/tire\/wp-content\/uploads\/2025\/12\/allegro-image-10277.jpg",1200,1126,false],"2048x2048":["https:\/\/oponixo.shop\/tire\/wp-content\/uploads\/2025\/12\/allegro-image-10277.jpg",1200,1126,false],"woocommerce_thumbnail":["https:\/\/oponixo.shop\/tire\/wp-content\/uploads\/2025\/12\/allegro-image-10277-300x300.jpg",300,300,true],"woocommerce_single":["https:\/\/oponixo.shop\/tire\/wp-content\/uploads\/2025\/12\/allegro-image-10277-600x563.jpg",600,563,true],"woocommerce_gallery_thumbnail":["https:\/\/oponixo.shop\/tire\/wp-content\/uploads\/2025\/12\/allegro-image-10277-100x100.jpg",100,100,true]},"uagb_author_info":{"display_name":"admin","author_link":"https:\/\/oponixo.shop\/tire\/author\/"},"uagb_comment_info":0,"uagb_excerpt":"Rok produkcji: 2023 Jeste\u015bmy ekspertami od opon i wraz z Producentem gwarantujemy, \u017ce wybieraj\u0105c model z wcze\u015bniejsz\u0105 dat\u0105 produkcji, otrzymujesz pe\u0142nowarto\u015bciowy produkt. Dbamy o Twoje bezpiecze\u0144stwo - nasze opony s\u0105 przechowywane w idealnych warunkach. KUMHO Ecowing ES31 175\/60R15 81H H11HXH Data produkcji : 2023 Hamowanie na mokrej nawierzchni : B Indeks : 175\/60R15 LOKU 81H&hellip;","_links":{"self":[{"href":"https:\/\/oponixo.shop\/tire\/wp-json\/wp\/v2\/product\/10277","targetHints":{"allow":["GET"]}}],"collection":[{"href":"https:\/\/oponixo.shop\/tire\/wp-json\/wp\/v2\/product"}],"about":[{"href":"https:\/\/oponixo.shop\/tire\/wp-json\/wp\/v2\/types\/product"}],"wp:featuredmedia":[{"embeddable":true,"href":"https:\/\/oponixo.shop\/tire\/wp-json\/wp\/v2\/media\/10278"}],"wp:attachment":[{"href":"https:\/\/oponixo.shop\/tire\/wp-json\/wp\/v2\/media?parent=10277"}],"wp:term":[{"taxonomy":"product_brand","embeddable":true,"href":"https:\/\/oponixo.shop\/tire\/wp-json\/wp\/v2\/product_brand?post=10277"},{"taxonomy":"product_cat","embeddable":true,"href":"https:\/\/oponixo.shop\/tire\/wp-json\/wp\/v2\/product_cat?post=10277"},{"taxonomy":"product_tag","embeddable":true,"href":"https:\/\/oponixo.shop\/tire\/wp-json\/wp\/v2\/product_tag?post=10277"}],"curies":[{"name":"wp","href":"https:\/\/api.w.org\/{rel}","templated":true}]}}