{"id":10325,"date":"2025-12-31T03:29:44","date_gmt":"2025-12-31T03:29:44","guid":{"rendered":"https:\/\/oponyexpert.shop\/xef5\/produkt\/2x-opona-zimowa-kumho-wintercraft-suv-ws71-215-70r16-100t\/"},"modified":"2025-12-31T03:29:45","modified_gmt":"2025-12-31T03:29:45","slug":"2x-opona-zimowa-kumho-wintercraft-suv-ws71-215-70r16-100t","status":"publish","type":"product","link":"https:\/\/oponixo.shop\/tire\/produkt\/2x-opona-zimowa-kumho-wintercraft-suv-ws71-215-70r16-100t\/","title":{"rendered":"2x Opona zimowa Kumho WINTERCRAFT SUV WS71 215\/70R16 100T"},"content":{"rendered":"<div style=\"font-family: Arial, sans-serif; line-height: 1.6; color: #333; padding: 20px; clear: both; display: block; width: 100%; float: none; position: static; overflow: hidden;\">\n<div style=\"clear: both; display: block; margin: 10px 0;\">\n<div style=\"clear: both; display: block; margin: 10px 0;\">\n<div style=\"clear: both; display: block; margin: 10px 0;\">\n<h3 style=\"color: #2c5aa0; font-size: 18px; margin: 30px 0 15px 0; font-weight: bold; clear: both; display: block; width: 100%; float: none; position: static;\">2x Opona zimowa Kumho WINTERCRAFT SUV WS71 215\/70R16 100T<\/h3>\n<\/div>\n<\/div>\n<\/div>\n<div style=\"clear: both; display: block; margin: 10px 0;\">\n<div style=\"clear: both; display: block; margin: 10px 0;\">\n<div style=\"clear: both; display: block; margin: 10px 0;\">\n<div  style=\"max-width:500px;max-height:500px\">\n<div style=\"clear: both; display: block; margin: 10px 0;\">\n<div style=\"clear: both; width: 100%; display: block; margin: 20px 0; padding: 0; float: none; position: static; text-align: center;\"><img decoding=\"async\"  src=\"https:\/\/a.allegroimg.com\/original\/112f5a\/5f1f65e24f87a06c2215a578155a\/2x-Opona-zimowa-Kumho-WINTERCRAFT-SUV-WS71-215-70R16-100T\" srcset=\"https:\/\/a.allegroimg.com\/original\/112f5a\/5f1f65e24f87a06c2215a578155a\/2x-Opona-zimowa-Kumho-WINTERCRAFT-SUV-WS71-215-70R16-100T 360w,https:\/\/a.allegroimg.com\/original\/112f5a\/5f1f65e24f87a06c2215a578155a\/2x-Opona-zimowa-Kumho-WINTERCRAFT-SUV-WS71-215-70R16-100T 500w,https:\/\/a.allegroimg.com\/original\/112f5a\/5f1f65e24f87a06c2215a578155a\/2x-Opona-zimowa-Kumho-WINTERCRAFT-SUV-WS71-215-70R16-100T 500w\" sizes=\"(min-width: 1200px) 560px, (min-width: 992px) 50vw, 100vw\" width=\"500px\" alt=\"2x Opona zimowa Kumho WINTERCRAFT SUV WS71 215\/70R16 100T\"\/ style=\"max-width: 100%; height: auto; display: block; margin: 0 auto;\"><\/div>\n<\/div>\n<\/div>\n<\/div>\n<\/div>\n<div style=\"clear: both; display: block; margin: 10px 0;\">\n<div style=\"clear: both; display: block; margin: 10px 0;\">\n<ul style=\"margin: 15px 0; padding-left: 20px; clear: both; display: block; width: 100%; float: none; position: static;\">\n<li style=\"margin: 5px 0; padding: 2px 0; clear: both; display: list-item; float: none; position: static;\">Marka: <b>Kumho<\/b><\/li>\n<li style=\"margin: 5px 0; padding: 2px 0; clear: both; display: list-item; float: none; position: static;\">Liczba opon w ofercie: <b>2 szt.<\/b><\/li>\n<li style=\"margin: 5px 0; padding: 2px 0; clear: both; display: list-item; float: none; position: static;\">Sezon: <b>Zimowe<\/b><\/li>\n<li style=\"margin: 5px 0; padding: 2px 0; clear: both; display: list-item; float: none; position: static;\">Model: <b>WINTERCRAFT SUV WS71<\/b><\/li>\n<li style=\"margin: 5px 0; padding: 2px 0; clear: both; display: list-item; float: none; position: static;\">Szeroko\u015b\u0107: <b>215<\/b><\/li>\n<li style=\"margin: 5px 0; padding: 2px 0; clear: both; display: list-item; float: none; position: static;\">Profil: <b>70<\/b><\/li>\n<li style=\"margin: 5px 0; padding: 2px 0; clear: both; display: list-item; float: none; position: static;\">\u015arednica: <b>16<\/b><\/li>\n<li style=\"margin: 5px 0; padding: 2px 0; clear: both; display: list-item; float: none; position: static;\">Index no\u015bno\u015bci: <b>100<\/b><\/li>\n<li style=\"margin: 5px 0; padding: 2px 0; clear: both; display: list-item; float: none; position: static;\">Index pr\u0119dko\u015bci: <b>T<\/b><\/li>\n<li style=\"margin: 5px 0; padding: 2px 0; clear: both; display: list-item; float: none; position: static;\">Hamowanie na mokrym: <b>C<\/b><\/li>\n<li style=\"margin: 5px 0; padding: 2px 0; clear: both; display: list-item; float: none; position: static;\">Op\u00f3r toczenia: <b>D<\/b><\/li>\n<li style=\"margin: 5px 0; padding: 2px 0; clear: both; display: list-item; float: none; position: static;\">Ha\u0142as zewn\u0119trzny: <b>72dB<\/b><\/li>\n<li style=\"margin: 5px 0; padding: 2px 0; clear: both; display: list-item; float: none; position: static;\">SAP: <b>2248823<\/b><\/li>\n<li style=\"margin: 5px 0; padding: 2px 0; clear: both; display: list-item; float: none; position: static;\">EAN: <b>8808956257910<\/b><\/li>\n<\/ul>\n<\/div>\n<\/div>\n<\/div>\n<div style=\"clear: both; display: block; margin: 10px 0;\">\n<div style=\"clear: both; display: block; margin: 10px 0;\">\n<div style=\"clear: both; display: block; margin: 10px 0;\">\n<h3 style=\"color: #2c5aa0; font-size: 18px; margin: 30px 0 15px 0; font-weight: bold; clear: both; display: block; width: 100%; float: none; position: static;\">Rok produkcji (DOT): 2025\/2024 &#8211; kupuj\u0105c z tej oferty otrzymasz opony fabrycznie nowe.<\/h3>\n<p style=\"margin: 15px 0; line-height: 1.8; clear: both; display: block; width: 100%; float: none; position: static;\">Specjali\u015bci z Polskiego Zwi\u0105zku Przemys\u0142u Oponiarskiego (PZPO) podkre\u015blaj\u0105, \u017ce nowe opony, przechowywane w odpowiednich warunkach, zachowuj\u0105 pe\u0142n\u0105 warto\u015b\u0107 i nie r\u00f3\u017cni\u0105 si\u0119 jako\u015bciowo od tych pochodz\u0105cych z bie\u017c\u0105cej produkcji. Wynika to z faktu, \u017ce proces starzenia si\u0119 opon nast\u0119puje wy\u0142\u0105cznie podczas ich eksploatacji, a nie w trakcie przechowywania.<\/p>\n<\/div>\n<\/div>\n<\/div>\n<div style=\"clear: both; display: block; margin: 10px 0;\">\n<div style=\"clear: both; display: block; margin: 10px 0;\">\n<div style=\"clear: both; display: block; margin: 10px 0;\">\n<h3 style=\"color: #2c5aa0; font-size: 18px; margin: 30px 0 15px 0; font-weight: bold; clear: both; display: block; width: 100%; float: none; position: static;\">Rok produkcji opony znajdziesz na jej boku, przy oznaczeniu DOT. Cztery ostatnie cyfry m\u00f3wi\u0105, kiedy opona zosta\u0142a wyprodukowana:<\/h3>\n<ul style=\"margin: 15px 0; padding-left: 20px; clear: both; display: block; width: 100%; float: none; position: static;\">\n<li style=\"margin: 5px 0; padding: 2px 0; clear: both; display: list-item; float: none; position: static;\">Pierwsze dwie \u2013 tydzie\u0144 produkcji,<\/li>\n<li style=\"margin: 5px 0; padding: 2px 0; clear: both; display: list-item; float: none; position: static;\">Ostatnie dwie \u2013 rok produkcji.\u00a0<\/li>\n<\/ul>\n<p style=\"margin: 15px 0; line-height: 1.8; clear: both; display: block; width: 100%; float: none; position: static;\">Przyk\u0142ad: 1924 oznacza, \u017ce opona zosta\u0142a wyprodukowana w 19 tygodniu 2024 roku.<\/p>\n<\/div>\n<\/div>\n<\/div>\n<div style=\"clear: both; display: block; margin: 10px 0;\">\n<div style=\"clear: both; display: block; margin: 10px 0;\">\n<div style=\"clear: both; display: block; margin: 10px 0;\">\n<p style=\"margin: 15px 0; line-height: 1.8; clear: both; display: block; width: 100%; float: none; position: static;\">Opona zimowa WS71 to produkt dostosowany do samochod\u00f3w osobowych typu SUV lub innych pojazd\u00f3w z nap\u0119dem 4&#215;4. Najnowsza technologia mieszanki gumy u\u017cyta w tym modelu zapewnia doskona\u0142\u0105 skuteczno\u015b\u0107 hamowania na mokrych, za\u015bnie\u017conych i oblodzonych drogach oraz pozwala na efektywne i bezpieczne zatrzymanie nawet w trudnych warunkach. Zoptymalizowany wz\u00f3r bie\u017cnika i lamele 3D w modelu WS71 Kumho gwarantuj\u0105 najlepsz\u0105 przyczepno\u015b\u0107 w czasie przemierzania wymagaj\u0105cych, zimowych tras, dostosowanych do samochod\u00f3w terenowych.<\/p>\n<ul style=\"margin: 15px 0; padding-left: 20px; clear: both; display: block; width: 100%; float: none; position: static;\">\n<li style=\"margin: 5px 0; padding: 2px 0; clear: both; display: list-item; float: none; position: static;\">Asymetryczny wz\u00f3r bie\u017cnika poprawia prowadzenie na za\u015bnie\u017conej drodze.<\/li>\n<\/ul>\n<ul style=\"margin: 15px 0; padding-left: 20px; clear: both; display: block; width: 100%; float: none; position: static;\">\n<li style=\"margin: 5px 0; padding: 2px 0; clear: both; display: list-item; float: none; position: static;\">Po\u0142\u0105czone rowki obwodowe poprawiaj\u0105 drena\u017c w celu uzyskania lepszej trakcji.<\/li>\n<\/ul>\n<ul style=\"margin: 15px 0; padding-left: 20px; clear: both; display: block; width: 100%; float: none; position: static;\">\n<li style=\"margin: 5px 0; padding: 2px 0; clear: both; display: list-item; float: none; position: static;\">Zastosowanie technologii redukcji ha\u0142asu i konstrukcji zapewniaj\u0105cej cich\u0105 jazd\u0119.<\/li>\n<\/ul>\n<\/div>\n<\/div>\n<\/div>\n<\/div>\n<\/div>\n<\/div>\n<div style=\"clear: both; display: block; margin: 10px 0;\">\n","protected":false},"excerpt":{"rendered":"<p>2x Opona zimowa Kumho WINTERCRAFT SUV WS71 215\/70R16 100T<\/p>\n<p>Marka: Kumho<\/p>\n<p>Liczba opon w ofercie: 2 szt.<\/p>\n<p>Sezon: Zimowe<\/p>\n<p>Model: WINTERCRAFT SUV WS71<\/p>\n<p>Szeroko\u015b\u0107: 215<\/p>\n<p>Profil: 70<\/p>\n<p>\u015arednica: 16<\/p>\n","protected":false},"featured_media":10326,"template":"","meta":{"_uag_custom_page_level_css":""},"product_brand":[390],"product_cat":[414,413,412,415],"product_tag":[],"class_list":{"0":"post-10325","1":"product","2":"type-product","3":"status-publish","4":"has-post-thumbnail","6":"product_brand-kumho","7":"product_cat-do-samochodow-osobowych-i-suv","8":"product_cat-opony","9":"product_cat-opony-i-felgi","10":"product_cat-zimowe","12":"first","13":"instock","14":"sale","15":"shipping-taxable","16":"purchasable","17":"product-type-simple"},"uagb_featured_image_src":{"full":["https:\/\/oponixo.shop\/tire\/wp-content\/uploads\/2025\/12\/allegro-image-10325.jpg",500,500,false],"thumbnail":["https:\/\/oponixo.shop\/tire\/wp-content\/uploads\/2025\/12\/allegro-image-10325-150x150.jpg",150,150,true],"medium":["https:\/\/oponixo.shop\/tire\/wp-content\/uploads\/2025\/12\/allegro-image-10325-300x300.jpg",300,300,true],"medium_large":["https:\/\/oponixo.shop\/tire\/wp-content\/uploads\/2025\/12\/allegro-image-10325.jpg",500,500,false],"large":["https:\/\/oponixo.shop\/tire\/wp-content\/uploads\/2025\/12\/allegro-image-10325.jpg",500,500,false],"1536x1536":["https:\/\/oponixo.shop\/tire\/wp-content\/uploads\/2025\/12\/allegro-image-10325.jpg",500,500,false],"2048x2048":["https:\/\/oponixo.shop\/tire\/wp-content\/uploads\/2025\/12\/allegro-image-10325.jpg",500,500,false],"woocommerce_thumbnail":["https:\/\/oponixo.shop\/tire\/wp-content\/uploads\/2025\/12\/allegro-image-10325-300x300.jpg",300,300,true],"woocommerce_single":["https:\/\/oponixo.shop\/tire\/wp-content\/uploads\/2025\/12\/allegro-image-10325.jpg",500,500,false],"woocommerce_gallery_thumbnail":["https:\/\/oponixo.shop\/tire\/wp-content\/uploads\/2025\/12\/allegro-image-10325-100x100.jpg",100,100,true]},"uagb_author_info":{"display_name":"admin","author_link":"https:\/\/oponixo.shop\/tire\/author\/"},"uagb_comment_info":0,"uagb_excerpt":"2x Opona zimowa Kumho WINTERCRAFT SUV WS71 215\/70R16 100T Marka: Kumho Liczba opon w ofercie: 2 szt. Sezon: Zimowe Model: WINTERCRAFT SUV WS71 Szeroko\u015b\u0107: 215 Profil: 70 \u015arednica: 16","_links":{"self":[{"href":"https:\/\/oponixo.shop\/tire\/wp-json\/wp\/v2\/product\/10325","targetHints":{"allow":["GET"]}}],"collection":[{"href":"https:\/\/oponixo.shop\/tire\/wp-json\/wp\/v2\/product"}],"about":[{"href":"https:\/\/oponixo.shop\/tire\/wp-json\/wp\/v2\/types\/product"}],"wp:featuredmedia":[{"embeddable":true,"href":"https:\/\/oponixo.shop\/tire\/wp-json\/wp\/v2\/media\/10326"}],"wp:attachment":[{"href":"https:\/\/oponixo.shop\/tire\/wp-json\/wp\/v2\/media?parent=10325"}],"wp:term":[{"taxonomy":"product_brand","embeddable":true,"href":"https:\/\/oponixo.shop\/tire\/wp-json\/wp\/v2\/product_brand?post=10325"},{"taxonomy":"product_cat","embeddable":true,"href":"https:\/\/oponixo.shop\/tire\/wp-json\/wp\/v2\/product_cat?post=10325"},{"taxonomy":"product_tag","embeddable":true,"href":"https:\/\/oponixo.shop\/tire\/wp-json\/wp\/v2\/product_tag?post=10325"}],"curies":[{"name":"wp","href":"https:\/\/api.w.org\/{rel}","templated":true}]}}