{"id":10333,"date":"2025-12-31T03:29:47","date_gmt":"2025-12-31T03:29:47","guid":{"rendered":"https:\/\/oponyexpert.shop\/xef5\/produkt\/2x-opony-caloroczne-vredestein-quatrac-215-70r16-100h-2024\/"},"modified":"2025-12-31T03:29:47","modified_gmt":"2025-12-31T03:29:47","slug":"2x-opony-caloroczne-vredestein-quatrac-215-70r16-100h-2024","status":"publish","type":"product","link":"https:\/\/oponixo.shop\/tire\/produkt\/2x-opony-caloroczne-vredestein-quatrac-215-70r16-100h-2024\/","title":{"rendered":"2x opony ca\u0142oroczne Vredestein Quatrac 215\/70R16 100H 2024"},"content":{"rendered":"<div style=\"font-family: Arial, sans-serif; line-height: 1.6; color: #333; padding: 20px; clear: both; display: block; width: 100%; float: none; position: static; overflow: hidden;\">\n<div style=\"clear: both; display: block; margin: 10px 0;\">\n<div style=\"clear: both; display: block; margin: 10px 0;\">\n<div style=\"clear: both; display: block; margin: 10px 0;\">\n<div  style=\"max-width:500px;max-height:175px\">\n<div style=\"clear: both; display: block; margin: 10px 0;\">\n<div style=\"clear: both; width: 100%; display: block; margin: 20px 0; padding: 0; float: none; position: static; text-align: center;\"><img decoding=\"async\"  src=\"https:\/\/a.allegroimg.com\/original\/11271f\/5f48509d416680848cb53f5d00f2\/2x-opony-caloroczne-Vredestein-Quatrac-215-70R16-100H-2024-Rok-produkcji-2024\" srcset=\"https:\/\/a.allegroimg.com\/original\/11271f\/5f48509d416680848cb53f5d00f2\/2x-opony-caloroczne-Vredestein-Quatrac-215-70R16-100H-2024-Rok-produkcji-2024 360w,https:\/\/a.allegroimg.com\/original\/11271f\/5f48509d416680848cb53f5d00f2\/2x-opony-caloroczne-Vredestein-Quatrac-215-70R16-100H-2024-Rok-produkcji-2024 500w,https:\/\/a.allegroimg.com\/original\/11271f\/5f48509d416680848cb53f5d00f2\/2x-opony-caloroczne-Vredestein-Quatrac-215-70R16-100H-2024-Rok-produkcji-2024 500w\" sizes=\"100vw\" width=\"500px\" alt=\"2x opony ca\u0142oroczne Vredestein Quatrac 215\/70R16 100H 2024 Rok produkcji 2024\"\/ style=\"max-width: 100%; height: auto; display: block; margin: 0 auto;\"><\/div>\n<\/div>\n<\/div>\n<\/div>\n<\/div>\n<\/div>\n<div style=\"clear: both; display: block; margin: 10px 0;\">\n<div style=\"clear: both; display: block; margin: 10px 0;\">\n<div style=\"clear: both; display: block; margin: 10px 0;\">\n<h1>zestaw 2 sztuk nowych opon ca\u0142orocznych<\/h1>\n<h1>Vredestein Quatrac 215\/70R16 100H<\/h1>\n<p style=\"margin: 15px 0; line-height: 1.8; clear: both; display: block; width: 100%; float: none; position: static;\">\n<\/div>\n<\/div>\n<\/div>\n<div style=\"clear: both; display: block; margin: 10px 0;\">\n<div style=\"clear: both; display: block; margin: 10px 0;\">\n<div style=\"clear: both; display: block; margin: 10px 0;\">\n<div  style=\"max-width:379px;max-height:600px\">\n<div style=\"clear: both; display: block; margin: 10px 0;\">\n<div style=\"clear: both; width: 100%; display: block; margin: 20px 0; padding: 0; float: none; position: static; text-align: center;\"><img decoding=\"async\"  src=\"https:\/\/a.allegroimg.com\/original\/118252\/fb86f040488ba94dcee98524d81b\/2x-opony-caloroczne-Vredestein-Quatrac-215-70R16-100H-2024\" srcset=\"https:\/\/a.allegroimg.com\/original\/118252\/fb86f040488ba94dcee98524d81b\/2x-opony-caloroczne-Vredestein-Quatrac-215-70R16-100H-2024 227w,https:\/\/a.allegroimg.com\/original\/118252\/fb86f040488ba94dcee98524d81b\/2x-opony-caloroczne-Vredestein-Quatrac-215-70R16-100H-2024 379w,https:\/\/a.allegroimg.com\/original\/118252\/fb86f040488ba94dcee98524d81b\/2x-opony-caloroczne-Vredestein-Quatrac-215-70R16-100H-2024 379w\" sizes=\"(min-width: 1200px) 560px, (min-width: 992px) 50vw, 100vw\" width=\"379px\" alt=\"2x opony ca\u0142oroczne Vredestein Quatrac 215\/70R16 100H 2024\"\/ style=\"max-width: 100%; height: auto; display: block; margin: 0 auto;\"><\/div>\n<\/div>\n<\/div>\n<\/div>\n<\/div>\n<div style=\"clear: both; display: block; margin: 10px 0;\">\n<div style=\"clear: both; display: block; margin: 10px 0;\">\n<p style=\"margin: 15px 0; line-height: 1.8; clear: both; display: block; width: 100%; float: none; position: static;\"><b>Vredestein Quatrac<\/b> to opony <b>ca\u0142oroczne<\/b> przeznaczone do samochod\u00f3w typu <b>SUV<\/b>. Oryginalny produkt klasy <b>premium<\/b> renomowanej marki <b>Vredestein<\/b>. Bezkompromisowa jako\u015b\u0107. Przeznaczone do szerokiej gamy suv-\u00f3w. \u015awietnie sprawdz\u0105 si\u0119 zar\u00f3wno w je\u017cdzie miejskiej jak i na autostradzie.<\/p>\n<ul style=\"margin: 15px 0; padding-left: 20px; clear: both; display: block; width: 100%; float: none; position: static;\">\n<li style=\"margin: 5px 0; padding: 2px 0; clear: both; display: list-item; float: none; position: static;\">rok produkcji: nie starsze ni\u017c <b>2024<\/b><\/li>\n<li style=\"margin: 5px 0; padding: 2px 0; clear: both; display: list-item; float: none; position: static;\">opony <b>nowe<\/b>, oryginalne, z gwarancj\u0105<\/li>\n<li style=\"margin: 5px 0; padding: 2px 0; clear: both; display: list-item; float: none; position: static;\">zapewniaj\u0105 cich\u0105 i p\u0142ynn\u0105 prac\u0119<\/li>\n<li style=\"margin: 5px 0; padding: 2px 0; clear: both; display: list-item; float: none; position: static;\">przystosowane do du\u017cych pr\u0119dko\u015bci<\/li>\n<li style=\"margin: 5px 0; padding: 2px 0; clear: both; display: list-item; float: none; position: static;\">doskona\u0142a trakcja, precyzyjne sterowanie &#8211; r\u00f3wnie\u017c przy du\u017cych pr\u0119dko\u015bciach<\/li>\n<li style=\"margin: 5px 0; padding: 2px 0; clear: both; display: list-item; float: none; position: static;\">skutecznie niweluj\u0105 wp\u0142yw nier\u00f3wno\u015bci na drodze na komfort jazdy<\/li>\n<li style=\"margin: 5px 0; padding: 2px 0; clear: both; display: list-item; float: none; position: static;\">bie\u017cnik zu\u017cywa si\u0119 r\u00f3wnomiernie<\/li>\n<li style=\"margin: 5px 0; padding: 2px 0; clear: both; display: list-item; float: none; position: static;\">kr\u00f3tka droga hamowania i skuteczne sterowanie w ka\u017cdych warunkach pogodowych, przez ca\u0142y rok<\/li>\n<li style=\"margin: 5px 0; padding: 2px 0; clear: both; display: list-item; float: none; position: static;\">homologacja zimowa 3PMSF &#8211; opona w pe\u0142ni ca\u0142oroczna, doskonale sprawdzi si\u0119 zar\u00f3wno zim\u0105 jak i w lecie<\/li>\n<li style=\"margin: 5px 0; padding: 2px 0; clear: both; display: list-item; float: none; position: static;\">bardzo dobre odprowadzanie wody<\/li>\n<li style=\"margin: 5px 0; padding: 2px 0; clear: both; display: list-item; float: none; position: static;\">zabezpiecznie przed po\u015blizgiem na wodzie (aquaplaning)<\/li>\n<\/ul>\n<\/div>\n<\/div>\n<\/div>\n<div style=\"clear: both; display: block; margin: 10px 0;\">\n<div style=\"clear: both; display: block; margin: 10px 0;\">\n<div style=\"clear: both; display: block; margin: 10px 0;\">\n<div  style=\"max-width:480px;max-height:733px\">\n<div style=\"clear: both; display: block; margin: 10px 0;\">\n<div style=\"clear: both; width: 100%; display: block; margin: 20px 0; padding: 0; float: none; position: static; text-align: center;\"><img decoding=\"async\"  src=\"https:\/\/a.allegroimg.com\/original\/112b4a\/00ca22434400b838f498ba88b130\/2x-opony-caloroczne-Vredestein-Quatrac-215-70R16-100H-2024-Liczba-opon-w-ofercie-2-szt\" srcset=\"https:\/\/a.allegroimg.com\/original\/112b4a\/00ca22434400b838f498ba88b130\/2x-opony-caloroczne-Vredestein-Quatrac-215-70R16-100H-2024-Liczba-opon-w-ofercie-2-szt 235w,https:\/\/a.allegroimg.com\/original\/112b4a\/00ca22434400b838f498ba88b130\/2x-opony-caloroczne-Vredestein-Quatrac-215-70R16-100H-2024-Liczba-opon-w-ofercie-2-szt 471w,https:\/\/a.allegroimg.com\/original\/112b4a\/00ca22434400b838f498ba88b130\/2x-opony-caloroczne-Vredestein-Quatrac-215-70R16-100H-2024-Liczba-opon-w-ofercie-2-szt 480w,https:\/\/a.allegroimg.com\/original\/112b4a\/00ca22434400b838f498ba88b130\/2x-opony-caloroczne-Vredestein-Quatrac-215-70R16-100H-2024-Liczba-opon-w-ofercie-2-szt 480w\" sizes=\"100vw\" width=\"480px\" alt=\"2x opony ca\u0142oroczne Vredestein Quatrac 215\/70R16 100H 2024 Liczba opon w ofercie 2 szt.\"\/ style=\"max-width: 100%; height: auto; display: block; margin: 0 auto;\"><\/div>\n<\/div>\n<\/div>\n<\/div>\n<\/div>\n<\/div>\n<\/div>\n<\/div>\n<\/div>\n<div style=\"clear: both; display: block; margin: 10px 0;\">\n","protected":false},"excerpt":{"rendered":"<p>zestaw 2 sztuk nowych opon ca\u0142orocznych<\/p>\n<p>Vredestein Quatrac 215\/70R16 100H<\/p>\n<p>Vredestein Quatrac to opony ca\u0142oroczne przeznaczone do samochod\u00f3w typu SUV. Oryginalny produkt klasy premium renomowanej marki Vredestein. Bezkompromisowa jako\u015b\u0107. Przeznaczone do szerokiej gamy suv-\u00f3w. \u015awietnie sprawdz\u0105 si\u0119 zar\u00f3wno w je\u017cdzie miejskiej jak i na autostradzie.<\/p>\n<p>rok produkcji: nie starsze ni\u017c 2024<\/p>\n<p>opony nowe, oryginalne, z gwarancj\u0105<\/p>\n<p>zapewniaj\u0105 cich\u0105 i p\u0142ynn\u0105 prac\u0119<\/p>\n<p>przystosowane do du\u017cych pr\u0119dko\u015bci<\/p>\n<p>doskona\u0142a trakcja, precyzyjne sterowanie &#8211; r\u00f3wnie\u017c przy du\u017cych pr\u0119dko\u015bciach<\/p>\n","protected":false},"featured_media":10334,"template":"","meta":{"_uag_custom_page_level_css":""},"product_brand":[436],"product_cat":[416,414,413,412],"product_tag":[],"class_list":{"0":"post-10333","1":"product","2":"type-product","3":"status-publish","4":"has-post-thumbnail","6":"product_brand-vredestein","7":"product_cat-caloroczne","8":"product_cat-do-samochodow-osobowych-i-suv","9":"product_cat-opony","10":"product_cat-opony-i-felgi","12":"first","13":"instock","14":"sale","15":"shipping-taxable","16":"purchasable","17":"product-type-simple"},"uagb_featured_image_src":{"full":["https:\/\/oponixo.shop\/tire\/wp-content\/uploads\/2025\/12\/allegro-image-10333.jpg",379,600,false],"thumbnail":["https:\/\/oponixo.shop\/tire\/wp-content\/uploads\/2025\/12\/allegro-image-10333-150x150.jpg",150,150,true],"medium":["https:\/\/oponixo.shop\/tire\/wp-content\/uploads\/2025\/12\/allegro-image-10333-190x300.jpg",190,300,true],"medium_large":["https:\/\/oponixo.shop\/tire\/wp-content\/uploads\/2025\/12\/allegro-image-10333.jpg",379,600,false],"large":["https:\/\/oponixo.shop\/tire\/wp-content\/uploads\/2025\/12\/allegro-image-10333.jpg",379,600,false],"1536x1536":["https:\/\/oponixo.shop\/tire\/wp-content\/uploads\/2025\/12\/allegro-image-10333.jpg",379,600,false],"2048x2048":["https:\/\/oponixo.shop\/tire\/wp-content\/uploads\/2025\/12\/allegro-image-10333.jpg",379,600,false],"woocommerce_thumbnail":["https:\/\/oponixo.shop\/tire\/wp-content\/uploads\/2025\/12\/allegro-image-10333-300x300.jpg",300,300,true],"woocommerce_single":["https:\/\/oponixo.shop\/tire\/wp-content\/uploads\/2025\/12\/allegro-image-10333.jpg",379,600,false],"woocommerce_gallery_thumbnail":["https:\/\/oponixo.shop\/tire\/wp-content\/uploads\/2025\/12\/allegro-image-10333-100x100.jpg",100,100,true]},"uagb_author_info":{"display_name":"admin","author_link":"https:\/\/oponixo.shop\/tire\/author\/"},"uagb_comment_info":0,"uagb_excerpt":"zestaw 2 sztuk nowych opon ca\u0142orocznych Vredestein Quatrac 215\/70R16 100H Vredestein Quatrac to opony ca\u0142oroczne przeznaczone do samochod\u00f3w typu SUV. Oryginalny produkt klasy premium renomowanej marki Vredestein. Bezkompromisowa jako\u015b\u0107. Przeznaczone do szerokiej gamy suv-\u00f3w. \u015awietnie sprawdz\u0105 si\u0119 zar\u00f3wno w je\u017cdzie miejskiej jak i na autostradzie. rok produkcji: nie starsze ni\u017c 2024 opony nowe, oryginalne, z&hellip;","_links":{"self":[{"href":"https:\/\/oponixo.shop\/tire\/wp-json\/wp\/v2\/product\/10333","targetHints":{"allow":["GET"]}}],"collection":[{"href":"https:\/\/oponixo.shop\/tire\/wp-json\/wp\/v2\/product"}],"about":[{"href":"https:\/\/oponixo.shop\/tire\/wp-json\/wp\/v2\/types\/product"}],"wp:featuredmedia":[{"embeddable":true,"href":"https:\/\/oponixo.shop\/tire\/wp-json\/wp\/v2\/media\/10334"}],"wp:attachment":[{"href":"https:\/\/oponixo.shop\/tire\/wp-json\/wp\/v2\/media?parent=10333"}],"wp:term":[{"taxonomy":"product_brand","embeddable":true,"href":"https:\/\/oponixo.shop\/tire\/wp-json\/wp\/v2\/product_brand?post=10333"},{"taxonomy":"product_cat","embeddable":true,"href":"https:\/\/oponixo.shop\/tire\/wp-json\/wp\/v2\/product_cat?post=10333"},{"taxonomy":"product_tag","embeddable":true,"href":"https:\/\/oponixo.shop\/tire\/wp-json\/wp\/v2\/product_tag?post=10333"}],"curies":[{"name":"wp","href":"https:\/\/api.w.org\/{rel}","templated":true}]}}