{"id":10335,"date":"2025-12-31T03:29:47","date_gmt":"2025-12-31T03:29:47","guid":{"rendered":"https:\/\/oponyexpert.shop\/xef5\/produkt\/2x-opona-zimowa-nexen-winguard-snow-g3-wh21-215-70r16-100t\/"},"modified":"2025-12-31T03:29:48","modified_gmt":"2025-12-31T03:29:48","slug":"2x-opona-zimowa-nexen-winguard-snow-g3-wh21-215-70r16-100t","status":"publish","type":"product","link":"https:\/\/oponixo.shop\/tire\/produkt\/2x-opona-zimowa-nexen-winguard-snow-g3-wh21-215-70r16-100t\/","title":{"rendered":"2x Opona zimowa Nexen WINGUARD SNOW G3 WH21 215\/70R16 100T"},"content":{"rendered":"<div style=\"font-family: Arial, sans-serif; line-height: 1.6; color: #333; padding: 20px; clear: both; display: block; width: 100%; float: none; position: static; overflow: hidden;\">\n<div style=\"clear: both; display: block; margin: 10px 0;\">\n<div style=\"clear: both; display: block; margin: 10px 0;\">\n<div style=\"clear: both; display: block; margin: 10px 0;\">\n<h3 style=\"color: #2c5aa0; font-size: 18px; margin: 30px 0 15px 0; font-weight: bold; clear: both; display: block; width: 100%; float: none; position: static;\">2x Opona zimowa Nexen WINGUARD SNOW G3 WH21 215\/70R16 100T<\/h3>\n<\/div>\n<\/div>\n<\/div>\n<div style=\"clear: both; display: block; margin: 10px 0;\">\n<div style=\"clear: both; display: block; margin: 10px 0;\">\n<div style=\"clear: both; display: block; margin: 10px 0;\">\n<div  style=\"max-width:500px;max-height:500px\">\n<div style=\"clear: both; display: block; margin: 10px 0;\">\n<div style=\"clear: both; width: 100%; display: block; margin: 20px 0; padding: 0; float: none; position: static; text-align: center;\"><img decoding=\"async\"  src=\"https:\/\/a.allegroimg.com\/original\/11c768\/8476316642989ce76171c2786dec\/2x-Opona-zimowa-Nexen-WINGUARD-SNOW-G3-WH21-215-70R16-100T\" srcset=\"https:\/\/a.allegroimg.com\/original\/11c768\/8476316642989ce76171c2786dec\/2x-Opona-zimowa-Nexen-WINGUARD-SNOW-G3-WH21-215-70R16-100T 360w,https:\/\/a.allegroimg.com\/original\/11c768\/8476316642989ce76171c2786dec\/2x-Opona-zimowa-Nexen-WINGUARD-SNOW-G3-WH21-215-70R16-100T 500w,https:\/\/a.allegroimg.com\/original\/11c768\/8476316642989ce76171c2786dec\/2x-Opona-zimowa-Nexen-WINGUARD-SNOW-G3-WH21-215-70R16-100T 500w\" sizes=\"(min-width: 1200px) 560px, (min-width: 992px) 50vw, 100vw\" width=\"500px\" alt=\"2x Opona zimowa Nexen WINGUARD SNOW G3 WH21 215\/70R16 100T\"\/ style=\"max-width: 100%; height: auto; display: block; margin: 0 auto;\"><\/div>\n<\/div>\n<\/div>\n<\/div>\n<\/div>\n<div style=\"clear: both; display: block; margin: 10px 0;\">\n<div style=\"clear: both; display: block; margin: 10px 0;\">\n<ul style=\"margin: 15px 0; padding-left: 20px; clear: both; display: block; width: 100%; float: none; position: static;\">\n<li style=\"margin: 5px 0; padding: 2px 0; clear: both; display: list-item; float: none; position: static;\">Marka: <b>Nexen<\/b><\/li>\n<li style=\"margin: 5px 0; padding: 2px 0; clear: both; display: list-item; float: none; position: static;\">Liczba opon w ofercie: <b>2 szt.<\/b><\/li>\n<li style=\"margin: 5px 0; padding: 2px 0; clear: both; display: list-item; float: none; position: static;\">Sezon: <b>Zimowe<\/b><\/li>\n<li style=\"margin: 5px 0; padding: 2px 0; clear: both; display: list-item; float: none; position: static;\">Model: <b>WINGUARD SNOW G3 WH21<\/b><\/li>\n<li style=\"margin: 5px 0; padding: 2px 0; clear: both; display: list-item; float: none; position: static;\">Szeroko\u015b\u0107: <b>215<\/b><\/li>\n<li style=\"margin: 5px 0; padding: 2px 0; clear: both; display: list-item; float: none; position: static;\">Profil: <b>70<\/b><\/li>\n<li style=\"margin: 5px 0; padding: 2px 0; clear: both; display: list-item; float: none; position: static;\">\u015arednica: <b>16<\/b><\/li>\n<li style=\"margin: 5px 0; padding: 2px 0; clear: both; display: list-item; float: none; position: static;\">Index no\u015bno\u015bci: <b>100<\/b><\/li>\n<li style=\"margin: 5px 0; padding: 2px 0; clear: both; display: list-item; float: none; position: static;\">Index pr\u0119dko\u015bci: <b>T<\/b><\/li>\n<li style=\"margin: 5px 0; padding: 2px 0; clear: both; display: list-item; float: none; position: static;\">Hamowanie na mokrym: <b>C<\/b><\/li>\n<li style=\"margin: 5px 0; padding: 2px 0; clear: both; display: list-item; float: none; position: static;\">Op\u00f3r toczenia: <b>D<\/b><\/li>\n<li style=\"margin: 5px 0; padding: 2px 0; clear: both; display: list-item; float: none; position: static;\">Ha\u0142as zewn\u0119trzny: <b>72dB<\/b><\/li>\n<li style=\"margin: 5px 0; padding: 2px 0; clear: both; display: list-item; float: none; position: static;\">SAP: <b>16548<\/b><\/li>\n<li style=\"margin: 5px 0; padding: 2px 0; clear: both; display: list-item; float: none; position: static;\">EAN: <b>8807622102745<\/b><\/li>\n<\/ul>\n<\/div>\n<\/div>\n<\/div>\n<div style=\"clear: both; display: block; margin: 10px 0;\">\n<div style=\"clear: both; display: block; margin: 10px 0;\">\n<div style=\"clear: both; display: block; margin: 10px 0;\">\n<h3 style=\"color: #2c5aa0; font-size: 18px; margin: 30px 0 15px 0; font-weight: bold; clear: both; display: block; width: 100%; float: none; position: static;\">Rok produkcji (DOT): 2025\/2024 &#8211; kupuj\u0105c z tej oferty otrzymasz opony fabrycznie nowe.<\/h3>\n<p style=\"margin: 15px 0; line-height: 1.8; clear: both; display: block; width: 100%; float: none; position: static;\">Specjali\u015bci z Polskiego Zwi\u0105zku Przemys\u0142u Oponiarskiego (PZPO) podkre\u015blaj\u0105, \u017ce nowe opony, przechowywane w odpowiednich warunkach, zachowuj\u0105 pe\u0142n\u0105 warto\u015b\u0107 i nie r\u00f3\u017cni\u0105 si\u0119 jako\u015bciowo od tych pochodz\u0105cych z bie\u017c\u0105cej produkcji. Wynika to z faktu, \u017ce proces starzenia si\u0119 opon nast\u0119puje wy\u0142\u0105cznie podczas ich eksploatacji, a nie w trakcie przechowywania.<\/p>\n<\/div>\n<\/div>\n<\/div>\n<div style=\"clear: both; display: block; margin: 10px 0;\">\n<div style=\"clear: both; display: block; margin: 10px 0;\">\n<div style=\"clear: both; display: block; margin: 10px 0;\">\n<h3 style=\"color: #2c5aa0; font-size: 18px; margin: 30px 0 15px 0; font-weight: bold; clear: both; display: block; width: 100%; float: none; position: static;\">Rok produkcji opony znajdziesz na jej boku, przy oznaczeniu DOT. Cztery ostatnie cyfry m\u00f3wi\u0105, kiedy opona zosta\u0142a wyprodukowana:<\/h3>\n<ul style=\"margin: 15px 0; padding-left: 20px; clear: both; display: block; width: 100%; float: none; position: static;\">\n<li style=\"margin: 5px 0; padding: 2px 0; clear: both; display: list-item; float: none; position: static;\">Pierwsze dwie \u2013 tydzie\u0144 produkcji,<\/li>\n<li style=\"margin: 5px 0; padding: 2px 0; clear: both; display: list-item; float: none; position: static;\">Ostatnie dwie \u2013 rok produkcji.\u00a0<\/li>\n<\/ul>\n<p style=\"margin: 15px 0; line-height: 1.8; clear: both; display: block; width: 100%; float: none; position: static;\">Przyk\u0142ad: 1924 oznacza, \u017ce opona zosta\u0142a wyprodukowana w 19 tygodniu 2024 roku.<\/p>\n<\/div>\n<\/div>\n<\/div>\n<div style=\"clear: both; display: block; margin: 10px 0;\">\n<div style=\"clear: both; display: block; margin: 10px 0;\">\n<div style=\"clear: both; display: block; margin: 10px 0;\">\n<h3 style=\"color: #2c5aa0; font-size: 18px; margin: 30px 0 15px 0; font-weight: bold; clear: both; display: block; width: 100%; float: none; position: static;\">Bezpiecznie i pewnie w zimowych warunkach.<\/h3>\n<ul style=\"margin: 15px 0; padding-left: 20px; clear: both; display: block; width: 100%; float: none; position: static;\">\n<li style=\"margin: 5px 0; padding: 2px 0; clear: both; display: list-item; float: none; position: static;\">Model WINGUARD SNOW G3 WH21 wyr\u00f3\u017cnia si\u0119 specjalnie zaprojektowanymi lamelami 3D umieszczonymi na bokach bie\u017cnika. Poprawia to\u00a0 przyczepno\u015b\u0107, zw\u0142aszcza podczas pokonywania zakr\u0119t\u00f3w na \u015bliskiej nawierzchn<\/li>\n<li style=\"margin: 5px 0; padding: 2px 0; clear: both; display: list-item; float: none; position: static;\">Spiralnie ukszta\u0142towane rowki w bie\u017cniku zapewniaj\u0105 sprawne odprowadzanie wody.<\/li>\n<\/ul>\n<p style=\"margin: 15px 0; line-height: 1.8; clear: both; display: block; width: 100%; float: none; position: static;\"><b>Konstrukcja, kt\u00f3ra zapewnia kontrol\u0119.<\/b>Kluczowym elementem zwi\u0119kszaj\u0105cym przyczepno\u015b\u0107 jest specjalnie zaprojektowany uk\u0142ad lameli. W centralnej cz\u0119\u015bci bie\u017cnika WINGUARD SNOW G3 WH21 znajduj\u0105 si\u0119 lamele ustawione prostopadle wzgl\u0119dem tych umieszczonych w strefie barkowej. Takie ustawienie optymalizuje trakcj\u0119, skutecznie redukuj\u0105c ryzyko po\u015blizgu podczas jazdy po \u015bniegu i lodzie. Lamele wsp\u00f3\u0142pracuj\u0105 z dodatkowymi p\u00f3\u0142-rowkami rozmieszczonymi r\u00f3wnomiernie w ka\u017cdej cz\u0119\u015bci bie\u017cnika, co pozwala oponie lepiej wgryza\u0107 si\u0119 w \u015bnieg i zwi\u0119ksza kontrol\u0119 nad pojazdem na oblodzonych nawierzchniach.<b>Wzmocniona strefa barkowa.<\/b>Poszerzona i wzmocniona strefa barkowa opony WINGUARD SNOW G3 WH21 zwi\u0119ksza jej wytrzyma\u0142o\u015b\u0107, co przek\u0142ada si\u0119 na d\u0142u\u017csz\u0105 \u017cywotno\u015b\u0107 i odporno\u015b\u0107 na uszkodzenia mechaniczne, takie jak otarcia o kraw\u0119\u017cniki. Dzi\u0119ki temu, opona zachowuje swoje w\u0142a\u015bciwo\u015bci przez d\u0142u\u017cszy czas, nawet przy intensywnym u\u017cytkowaniu.<\/p>\n<\/div>\n<\/div>\n<\/div>\n<\/div>\n<\/div>\n<\/div>\n<div style=\"clear: both; display: block; margin: 10px 0;\">\n","protected":false},"excerpt":{"rendered":"<p>2x Opona zimowa Nexen WINGUARD SNOW G3 WH21 215\/70R16 100T<\/p>\n<p>Marka: Nexen<\/p>\n<p>Liczba opon w ofercie: 2 szt.<\/p>\n<p>Sezon: Zimowe<\/p>\n<p>Model: WINGUARD SNOW G3 WH21<\/p>\n<p>Szeroko\u015b\u0107: 215<\/p>\n<p>Profil: 70<\/p>\n<p>\u015arednica: 16<\/p>\n","protected":false},"featured_media":10336,"template":"","meta":{"_uag_custom_page_level_css":""},"product_brand":[392],"product_cat":[414,413,412,415],"product_tag":[],"class_list":{"0":"post-10335","1":"product","2":"type-product","3":"status-publish","4":"has-post-thumbnail","6":"product_brand-nexen","7":"product_cat-do-samochodow-osobowych-i-suv","8":"product_cat-opony","9":"product_cat-opony-i-felgi","10":"product_cat-zimowe","12":"first","13":"instock","14":"sale","15":"shipping-taxable","16":"purchasable","17":"product-type-simple"},"uagb_featured_image_src":{"full":["https:\/\/oponixo.shop\/tire\/wp-content\/uploads\/2025\/12\/allegro-image-10335.jpg",500,500,false],"thumbnail":["https:\/\/oponixo.shop\/tire\/wp-content\/uploads\/2025\/12\/allegro-image-10335-150x150.jpg",150,150,true],"medium":["https:\/\/oponixo.shop\/tire\/wp-content\/uploads\/2025\/12\/allegro-image-10335-300x300.jpg",300,300,true],"medium_large":["https:\/\/oponixo.shop\/tire\/wp-content\/uploads\/2025\/12\/allegro-image-10335.jpg",500,500,false],"large":["https:\/\/oponixo.shop\/tire\/wp-content\/uploads\/2025\/12\/allegro-image-10335.jpg",500,500,false],"1536x1536":["https:\/\/oponixo.shop\/tire\/wp-content\/uploads\/2025\/12\/allegro-image-10335.jpg",500,500,false],"2048x2048":["https:\/\/oponixo.shop\/tire\/wp-content\/uploads\/2025\/12\/allegro-image-10335.jpg",500,500,false],"woocommerce_thumbnail":["https:\/\/oponixo.shop\/tire\/wp-content\/uploads\/2025\/12\/allegro-image-10335-300x300.jpg",300,300,true],"woocommerce_single":["https:\/\/oponixo.shop\/tire\/wp-content\/uploads\/2025\/12\/allegro-image-10335.jpg",500,500,false],"woocommerce_gallery_thumbnail":["https:\/\/oponixo.shop\/tire\/wp-content\/uploads\/2025\/12\/allegro-image-10335-100x100.jpg",100,100,true]},"uagb_author_info":{"display_name":"admin","author_link":"https:\/\/oponixo.shop\/tire\/author\/"},"uagb_comment_info":0,"uagb_excerpt":"2x Opona zimowa Nexen WINGUARD SNOW G3 WH21 215\/70R16 100T Marka: Nexen Liczba opon w ofercie: 2 szt. Sezon: Zimowe Model: WINGUARD SNOW G3 WH21 Szeroko\u015b\u0107: 215 Profil: 70 \u015arednica: 16","_links":{"self":[{"href":"https:\/\/oponixo.shop\/tire\/wp-json\/wp\/v2\/product\/10335","targetHints":{"allow":["GET"]}}],"collection":[{"href":"https:\/\/oponixo.shop\/tire\/wp-json\/wp\/v2\/product"}],"about":[{"href":"https:\/\/oponixo.shop\/tire\/wp-json\/wp\/v2\/types\/product"}],"wp:featuredmedia":[{"embeddable":true,"href":"https:\/\/oponixo.shop\/tire\/wp-json\/wp\/v2\/media\/10336"}],"wp:attachment":[{"href":"https:\/\/oponixo.shop\/tire\/wp-json\/wp\/v2\/media?parent=10335"}],"wp:term":[{"taxonomy":"product_brand","embeddable":true,"href":"https:\/\/oponixo.shop\/tire\/wp-json\/wp\/v2\/product_brand?post=10335"},{"taxonomy":"product_cat","embeddable":true,"href":"https:\/\/oponixo.shop\/tire\/wp-json\/wp\/v2\/product_cat?post=10335"},{"taxonomy":"product_tag","embeddable":true,"href":"https:\/\/oponixo.shop\/tire\/wp-json\/wp\/v2\/product_tag?post=10335"}],"curies":[{"name":"wp","href":"https:\/\/api.w.org\/{rel}","templated":true}]}}