{"id":10367,"date":"2025-12-31T03:29:55","date_gmt":"2025-12-31T03:29:55","guid":{"rendered":"https:\/\/oponyexpert.shop\/xef5\/produkt\/2x-arivo-195-60r15-carlorful-a-s-88h\/"},"modified":"2025-12-31T03:29:55","modified_gmt":"2025-12-31T03:29:55","slug":"2x-arivo-195-60r15-carlorful-a-s-88h","status":"publish","type":"product","link":"https:\/\/oponixo.shop\/tire\/produkt\/2x-arivo-195-60r15-carlorful-a-s-88h\/","title":{"rendered":"2x Arivo 195\/60R15 CARLORFUL A\/S 88H"},"content":{"rendered":"<div style=\"font-family: Arial, sans-serif; line-height: 1.6; color: #333; padding: 20px; clear: both; display: block; width: 100%; float: none; position: static; overflow: hidden;\">\n<div style=\"clear: both; display: block; margin: 10px 0;\">\n<div style=\"clear: both; display: block; margin: 10px 0;\">\n<div style=\"clear: both; display: block; margin: 10px 0;\">\n<h2>Opona ca\u0142oroczna Arivo CARLORFUL A\/S 195\/60R15 88H XL<\/h2>\n<p style=\"margin: 15px 0; line-height: 1.8; clear: both; display: block; width: 100%; float: none; position: static;\"><b>Arivo\u00a0<\/b><b>CARLORFUL A\/S\u00a0<\/b>to opona wielosezonowa klasy ekonomicznej. Jest dedykowana do samochod\u00f3w osobowych oraz samochod\u00f3w typu SUV.<\/p>\n<p style=\"margin: 15px 0; line-height: 1.8; clear: both; display: block; width: 100%; float: none; position: static;\">Opona posiada kierunkowy wz\u00f3r bie\u017cnika. Nowoczesny bie\u017cnik w kszta\u0142cie litery \u201eV\u201d jest bardzo popularnym rozwi\u0105zaniem, poniewa\u017c\u00a0<b>zapewnia odpowiednie parametry jezdne w zmiennych warunkach pogodowych<\/b>.<\/p>\n<p style=\"margin: 15px 0; line-height: 1.8; clear: both; display: block; width: 100%; float: none; position: static;\">Szerokie bloki bie\u017cnika zapewniaj\u0105 odpowiedni nacisk opony na drog\u0119. Pozwalaj\u0105 na pewn\u0105 stabiln\u0105 jazd\u0119.<\/p>\n<p style=\"margin: 15px 0; line-height: 1.8; clear: both; display: block; width: 100%; float: none; position: static;\">Kana\u0142 \u015brodkowy oraz szerokie rowki boczne zapewniaj\u0105\u00a0<b>bardzo dobre odprowadzanie wody oraz b\u0142ota po\u015bniegowego<\/b>. Pozwala to na zminimalizowanie zjawiska aquaplaningu oraz poprawia przyczepno\u015b\u0107 w\u00a0\u00a0trudnych warunkach.<\/p>\n<p style=\"margin: 15px 0; line-height: 1.8; clear: both; display: block; width: 100%; float: none; position: static;\">Widoczne na powierzchni opony lamele zapewniaj\u0105 odpowiedni\u0105 trakcj\u0119 w trudnych zimowych warunkach. Ponad to odpowiedni kszta\u0142t lameli zapewnia sztywno\u015b\u0107 klock\u00f3w bnie\u017cnika co ma bezpo\u015bredni wp\u0142yw na stabilno\u015b\u0107 jazdy.<\/p>\n<p style=\"margin: 15px 0; line-height: 1.8; clear: both; display: block; width: 100%; float: none; position: static;\">Opona\u00a0<b>Arivo\u00a0<\/b><b>CARLORFUL A\/S<\/b>\u00a0to opona o zadowalaj\u0105cych parametrach w przyst\u0119pnej cenie.<\/p>\n<p style=\"margin: 15px 0; line-height: 1.8; clear: both; display: block; width: 100%; float: none; position: static;\">Arivo to klasyczne s\u0142owo okre\u015blaj\u0105ce przyjazd, oznacza \u201eGdziekolwiek si\u0119 udasz, nasze opony zabior\u0105 Ci\u0119 do celu\u201d. Wygl\u0105d i oryginalno\u015b\u0107 marki Arivo pochodz\u0105 z Wielkiej Brytanii.<\/p>\n<p style=\"margin: 15px 0; line-height: 1.8; clear: both; display: block; width: 100%; float: none; position: static;\">ARIVO TIRE jest produkowany dla samochod\u00f3w osobowych, SUV-\u00f3w, lekkich ci\u0119\u017car\u00f3wek i pojazd\u00f3w u\u017cytkowych z w\u0142asnym unikalnym asortymentem, kt\u00f3ry szybko rozszerza si\u0119 dzi\u0119ki zaawansowanej europejskiej technologii projektowania i produkcji. Wszystkie opony posiadaj\u0105 \u015bcis\u0142\u0105 kontrol\u0119 jako\u015bci i uzyska\u0142y certyfikat systemu zarz\u0105dzania jako\u015bci\u0105 ISO9001 i ISO\/16949. <\/p>\n","protected":false},"excerpt":{"rendered":"<p>Opona ca\u0142oroczna Arivo CARLORFUL A\/S 195\/60R15 88H XL<\/p>\n<p>Arivo\u00a0CARLORFUL A\/S\u00a0to opona wielosezonowa klasy ekonomicznej. Jest dedykowana do samochod\u00f3w osobowych oraz samochod\u00f3w typu SUV.<\/p>\n<p>Opona posiada kierunkowy wz\u00f3r bie\u017cnika. Nowoczesny bie\u017cnik w kszta\u0142cie litery \u201eV\u201d jest bardzo popularnym rozwi\u0105zaniem, poniewa\u017c\u00a0zapewnia odpowiednie parametry jezdne w zmiennych warunkach pogodowych.<\/p>\n<p>Szerokie bloki bie\u017cnika zapewniaj\u0105 odpowiedni nacisk opony na drog\u0119. Pozwalaj\u0105 na pewn\u0105 stabiln\u0105 jazd\u0119.<\/p>\n","protected":false},"featured_media":10368,"template":"","meta":{"_uag_custom_page_level_css":""},"product_brand":[449],"product_cat":[416,414,413,412],"product_tag":[],"class_list":{"0":"post-10367","1":"product","2":"type-product","3":"status-publish","4":"has-post-thumbnail","6":"product_brand-arivo","7":"product_cat-caloroczne","8":"product_cat-do-samochodow-osobowych-i-suv","9":"product_cat-opony","10":"product_cat-opony-i-felgi","12":"first","13":"instock","14":"sale","15":"shipping-taxable","16":"purchasable","17":"product-type-simple"},"uagb_featured_image_src":{"full":["https:\/\/oponixo.shop\/tire\/wp-content\/uploads\/2025\/12\/allegro-image-10367.jpg",500,500,false],"thumbnail":["https:\/\/oponixo.shop\/tire\/wp-content\/uploads\/2025\/12\/allegro-image-10367-150x150.jpg",150,150,true],"medium":["https:\/\/oponixo.shop\/tire\/wp-content\/uploads\/2025\/12\/allegro-image-10367-300x300.jpg",300,300,true],"medium_large":["https:\/\/oponixo.shop\/tire\/wp-content\/uploads\/2025\/12\/allegro-image-10367.jpg",500,500,false],"large":["https:\/\/oponixo.shop\/tire\/wp-content\/uploads\/2025\/12\/allegro-image-10367.jpg",500,500,false],"1536x1536":["https:\/\/oponixo.shop\/tire\/wp-content\/uploads\/2025\/12\/allegro-image-10367.jpg",500,500,false],"2048x2048":["https:\/\/oponixo.shop\/tire\/wp-content\/uploads\/2025\/12\/allegro-image-10367.jpg",500,500,false],"woocommerce_thumbnail":["https:\/\/oponixo.shop\/tire\/wp-content\/uploads\/2025\/12\/allegro-image-10367-300x300.jpg",300,300,true],"woocommerce_single":["https:\/\/oponixo.shop\/tire\/wp-content\/uploads\/2025\/12\/allegro-image-10367.jpg",500,500,false],"woocommerce_gallery_thumbnail":["https:\/\/oponixo.shop\/tire\/wp-content\/uploads\/2025\/12\/allegro-image-10367-100x100.jpg",100,100,true]},"uagb_author_info":{"display_name":"admin","author_link":"https:\/\/oponixo.shop\/tire\/author\/"},"uagb_comment_info":0,"uagb_excerpt":"Opona ca\u0142oroczna Arivo CARLORFUL A\/S 195\/60R15 88H XL Arivo\u00a0CARLORFUL A\/S\u00a0to opona wielosezonowa klasy ekonomicznej. Jest dedykowana do samochod\u00f3w osobowych oraz samochod\u00f3w typu SUV. Opona posiada kierunkowy wz\u00f3r bie\u017cnika. Nowoczesny bie\u017cnik w kszta\u0142cie litery \u201eV\u201d jest bardzo popularnym rozwi\u0105zaniem, poniewa\u017c\u00a0zapewnia odpowiednie parametry jezdne w zmiennych warunkach pogodowych. Szerokie bloki bie\u017cnika zapewniaj\u0105 odpowiedni nacisk opony na drog\u0119.&hellip;","_links":{"self":[{"href":"https:\/\/oponixo.shop\/tire\/wp-json\/wp\/v2\/product\/10367","targetHints":{"allow":["GET"]}}],"collection":[{"href":"https:\/\/oponixo.shop\/tire\/wp-json\/wp\/v2\/product"}],"about":[{"href":"https:\/\/oponixo.shop\/tire\/wp-json\/wp\/v2\/types\/product"}],"wp:featuredmedia":[{"embeddable":true,"href":"https:\/\/oponixo.shop\/tire\/wp-json\/wp\/v2\/media\/10368"}],"wp:attachment":[{"href":"https:\/\/oponixo.shop\/tire\/wp-json\/wp\/v2\/media?parent=10367"}],"wp:term":[{"taxonomy":"product_brand","embeddable":true,"href":"https:\/\/oponixo.shop\/tire\/wp-json\/wp\/v2\/product_brand?post=10367"},{"taxonomy":"product_cat","embeddable":true,"href":"https:\/\/oponixo.shop\/tire\/wp-json\/wp\/v2\/product_cat?post=10367"},{"taxonomy":"product_tag","embeddable":true,"href":"https:\/\/oponixo.shop\/tire\/wp-json\/wp\/v2\/product_tag?post=10367"}],"curies":[{"name":"wp","href":"https:\/\/api.w.org\/{rel}","templated":true}]}}