{"id":10377,"date":"2025-12-31T03:29:58","date_gmt":"2025-12-31T03:29:58","guid":{"rendered":"https:\/\/oponyexpert.shop\/xef5\/produkt\/2x-goodyear-195-60r15-88v-vector-4seasons-g2-caloroczne-2024-r\/"},"modified":"2025-12-31T03:29:58","modified_gmt":"2025-12-31T03:29:58","slug":"2x-goodyear-195-60r15-88v-vector-4seasons-g2-caloroczne-2024-r","status":"publish","type":"product","link":"https:\/\/oponixo.shop\/tire\/produkt\/2x-goodyear-195-60r15-88v-vector-4seasons-g2-caloroczne-2024-r\/","title":{"rendered":"2x GOODYEAR 195\/60R15 88V Vector 4Seasons G2 ca\u0142oroczne 2024 r"},"content":{"rendered":"<div style=\"font-family: Arial, sans-serif; line-height: 1.6; color: #333; padding: 20px; clear: both; display: block; width: 100%; float: none; position: static; overflow: hidden;\">\n<div style=\"clear: both; display: block; margin: 10px 0;\">\n<div style=\"clear: both; display: block; margin: 10px 0;\">\n<div style=\"clear: both; display: block; margin: 10px 0;\">\n<h1>Rok produkcji: 2024<\/h1>\n<\/div>\n<\/div>\n<\/div>\n<div style=\"clear: both; display: block; margin: 10px 0;\">\n<div style=\"clear: both; display: block; margin: 10px 0;\">\n<div style=\"clear: both; display: block; margin: 10px 0;\">\n<div  style=\"max-width:1200px;max-height:1126px\">\n<div style=\"clear: both; display: block; margin: 10px 0;\">\n<div style=\"clear: both; width: 100%; display: block; margin: 20px 0; padding: 0; float: none; position: static; text-align: center;\"><img decoding=\"async\"  src=\"https:\/\/a.allegroimg.com\/original\/1183a4\/89d8f27e48f0b81d8908486a74bf\/2x-GOODYEAR-195-60R15-88V-Vector-4Seasons-G2-caloroczne-2024-r\" srcset=\"https:\/\/a.allegroimg.com\/original\/1183a4\/89d8f27e48f0b81d8908486a74bf\/2x-GOODYEAR-195-60R15-88V-Vector-4Seasons-G2-caloroczne-2024-r 360w,https:\/\/a.allegroimg.com\/original\/1183a4\/89d8f27e48f0b81d8908486a74bf\/2x-GOODYEAR-195-60R15-88V-Vector-4Seasons-G2-caloroczne-2024-r 720w,https:\/\/a.allegroimg.com\/original\/1183a4\/89d8f27e48f0b81d8908486a74bf\/2x-GOODYEAR-195-60R15-88V-Vector-4Seasons-G2-caloroczne-2024-r 1024w,https:\/\/a.allegroimg.com\/original\/1183a4\/89d8f27e48f0b81d8908486a74bf\/2x-GOODYEAR-195-60R15-88V-Vector-4Seasons-G2-caloroczne-2024-r 1200w,https:\/\/a.allegroimg.com\/original\/1183a4\/89d8f27e48f0b81d8908486a74bf\/2x-GOODYEAR-195-60R15-88V-Vector-4Seasons-G2-caloroczne-2024-r 1200w\" sizes=\"(min-width: 1200px) 560px, (min-width: 992px) 50vw, 100vw\" width=\"1200px\" alt=\"2x GOODYEAR 195\/60R15 88V Vector 4Seasons G2 ca\u0142oroczne 2024 r\"\/ style=\"max-width: 100%; height: auto; display: block; margin: 0 auto;\"><\/div>\n<\/div>\n<\/div>\n<\/div>\n<\/div>\n<div style=\"clear: both; display: block; margin: 10px 0;\">\n<div style=\"clear: both; display: block; margin: 10px 0;\">\n<h1>GOODYEAR Vector 4Seasons G2 195\/60R15 88V<\/h1>\n<h2>DECE4F<\/h2>\n<ul style=\"margin: 15px 0; padding-left: 20px; clear: both; display: block; width: 100%; float: none; position: static;\">\n<li style=\"margin: 5px 0; padding: 2px 0; clear: both; display: list-item; float: none; position: static;\"><b>Data produkcji :<\/b> 2024<\/li>\n<li style=\"margin: 5px 0; padding: 2px 0; clear: both; display: list-item; float: none; position: static;\"><b>Hamowanie na mokrej nawierzchni :<\/b> C<\/li>\n<li style=\"margin: 5px 0; padding: 2px 0; clear: both; display: list-item; float: none; position: static;\"><b>Indeks :<\/b> 195\/60R15 COGO 88V V4SG2<\/li>\n<li style=\"margin: 5px 0; padding: 2px 0; clear: both; display: list-item; float: none; position: static;\"><b>Indeks no\u015bno\u015bci :<\/b> 88<\/li>\n<li style=\"margin: 5px 0; padding: 2px 0; clear: both; display: list-item; float: none; position: static;\"><b>Indeks pr\u0119dko\u015bci :<\/b> V &#8211; 240 km\/h<\/li>\n<li style=\"margin: 5px 0; padding: 2px 0; clear: both; display: list-item; float: none; position: static;\"><b>Karta informacyjna produktu :<\/b> https:\/\/eprel.ec.europa.eu\/qr\/529670<\/li>\n<li style=\"margin: 5px 0; padding: 2px 0; clear: both; display: list-item; float: none; position: static;\"><b>Kl. efekt. paliwowej :<\/b> C<\/li>\n<li style=\"margin: 5px 0; padding: 2px 0; clear: both; display: list-item; float: none; position: static;\"><b>Kl. przycz. na mokrej naw. :<\/b> C<\/li>\n<li style=\"margin: 5px 0; padding: 2px 0; clear: both; display: list-item; float: none; position: static;\"><b>Kl. zew. ha\u0142asu tocz. :<\/b> B<\/li>\n<li style=\"margin: 5px 0; padding: 2px 0; clear: both; display: list-item; float: none; position: static;\"><b>Klasa opony :<\/b> premium<\/li>\n<li style=\"margin: 5px 0; padding: 2px 0; clear: both; display: list-item; float: none; position: static;\"><b>Kod EAN :<\/b> 5452000670762<\/li>\n<li style=\"margin: 5px 0; padding: 2px 0; clear: both; display: list-item; float: none; position: static;\"><b>Kod producenta :<\/b> 541236<\/li>\n<li style=\"margin: 5px 0; padding: 2px 0; clear: both; display: list-item; float: none; position: static;\"><b>Liczba decybeli :<\/b> 69 dB<\/li>\n<li style=\"margin: 5px 0; padding: 2px 0; clear: both; display: list-item; float: none; position: static;\"><b>Model bie\u017cnika :<\/b> Vector 4Seasons G2<\/li>\n<li style=\"margin: 5px 0; padding: 2px 0; clear: both; display: list-item; float: none; position: static;\"><b>Nazwa produktu :<\/b> GOODYEAR 195\/60R15 88V Vector 4Seasons G2 ca\u0142oroczne<\/li>\n<li style=\"margin: 5px 0; padding: 2px 0; clear: both; display: list-item; float: none; position: static;\"><b>Op\u00f3r toczenia :<\/b> C<\/li>\n<li style=\"margin: 5px 0; padding: 2px 0; clear: both; display: list-item; float: none; position: static;\"><b>Poziom emisji ha\u0142asu :<\/b> 1<\/li>\n<li style=\"margin: 5px 0; padding: 2px 0; clear: both; display: list-item; float: none; position: static;\"><b>Producent :<\/b> GOODYEAR<\/li>\n<li style=\"margin: 5px 0; padding: 2px 0; clear: both; display: list-item; float: none; position: static;\"><b>Profil :<\/b> 60<\/li>\n<li style=\"margin: 5px 0; padding: 2px 0; clear: both; display: list-item; float: none; position: static;\"><b>Przeznaczenie :<\/b> samochody osobowe\/SUV\/4&#215;4<\/li>\n<li style=\"margin: 5px 0; padding: 2px 0; clear: both; display: list-item; float: none; position: static;\"><b>Przyczepno\u015b\u0107 na lodzie :<\/b> Nie<\/li>\n<li style=\"margin: 5px 0; padding: 2px 0; clear: both; display: list-item; float: none; position: static;\"><b>Przyczepno\u015b\u0107 na \u015bniegu :<\/b> Tak<\/li>\n<li style=\"margin: 5px 0; padding: 2px 0; clear: both; display: list-item; float: none; position: static;\"><b>QR kod :<\/b> https:\/\/eprel.ec.europa.eu\/qr\/529670<\/li>\n<li style=\"margin: 5px 0; padding: 2px 0; clear: both; display: list-item; float: none; position: static;\"><b>Sezon :<\/b> ca\u0142oroczna<\/li>\n<li style=\"margin: 5px 0; padding: 2px 0; clear: both; display: list-item; float: none; position: static;\"><b>\u015arednica :<\/b> 15&#8243;<\/li>\n<li style=\"margin: 5px 0; padding: 2px 0; clear: both; display: list-item; float: none; position: static;\"><b>Szeroko\u015b\u0107 :<\/b> 195<\/li>\n<li style=\"margin: 5px 0; padding: 2px 0; clear: both; display: list-item; float: none; position: static;\"><b>Wart. pom. i kl. zew. ha\u0142asu tocz. [dB] :<\/b> 71<\/li>\n<\/ul>\n<\/div>\n<\/div>\n<\/div>\n<div style=\"clear: both; display: block; margin: 10px 0;\">\n<div style=\"clear: both; display: block; margin: 10px 0;\">\n<div style=\"clear: both; display: block; margin: 10px 0;\">\n<p style=\"margin: 15px 0; line-height: 1.8; clear: both; display: block; width: 100%; float: none; position: static;\"> Opona klasy premium przeznaczona do jazdy przez ca\u0142y rok. Kierunkowy bie\u017cnik pozwala na skuteczne odprowadzanie wody i b\u0142ota oraz zapewnia dobr\u0105 trakcj\u0119 w zr\u00f3\u017cnicowanych warunkach. Lamele bie\u017cnika wykonane zosta\u0142y w technologii 3D (tr\u00f3jwymiarowy kszta\u0142t). Dzi\u0119ki temu opona zapewnia komfortow\u0105 i stabiln\u0105 jazd\u0119 na ka\u017cdej nawierzchni. Zastosowanie nowoczesnej mieszanki gumy sprawia, \u017ce Goodyear Vector 4Seasons G2 zachowuje w\u0142a\u015bciwe osi\u0105gi przy ka\u017cdej temperaturze. Opona cechuje si\u0119 wysok\u0105 wytrzyma\u0142o\u015bci\u0105 na zu\u017cycie, kt\u00f3r\u0105 producent uzyska\u0142 poprzez p\u0142aski profil i mniejsze opory toczenia opony. Dzi\u0119ki temu opona jest ekonomiczna w u\u017cytkowaniu. Goodyear Vector 4Seasons G2 to optymalne parametry jazdy zim\u0105 i latem oraz bezpiecze\u0144stwo i stabilne prowadzenie.<\/p>\n<\/div>\n<\/div>\n<div style=\"clear: both; display: block; margin: 10px 0;\">\n<div style=\"clear: both; display: block; margin: 10px 0;\">\n<div  style=\"max-width:886px;max-height:1299px\">\n<div style=\"clear: both; display: block; margin: 10px 0;\">\n<div style=\"clear: both; width: 100%; display: block; margin: 20px 0; padding: 0; float: none; position: static; text-align: center;\"><img decoding=\"async\"  src=\"https:\/\/a.allegroimg.com\/original\/112491\/d740d7d4499595a394994377b2a2\/2x-GOODYEAR-195-60R15-88V-Vector-4Seasons-G2-caloroczne-2024-r-Srednica-15\" srcset=\"https:\/\/a.allegroimg.com\/original\/112491\/d740d7d4499595a394994377b2a2\/2x-GOODYEAR-195-60R15-88V-Vector-4Seasons-G2-caloroczne-2024-r-Srednica-15 245w,https:\/\/a.allegroimg.com\/original\/112491\/d740d7d4499595a394994377b2a2\/2x-GOODYEAR-195-60R15-88V-Vector-4Seasons-G2-caloroczne-2024-r-Srednica-15 491w,https:\/\/a.allegroimg.com\/original\/112491\/d740d7d4499595a394994377b2a2\/2x-GOODYEAR-195-60R15-88V-Vector-4Seasons-G2-caloroczne-2024-r-Srednica-15 698w,https:\/\/a.allegroimg.com\/original\/112491\/d740d7d4499595a394994377b2a2\/2x-GOODYEAR-195-60R15-88V-Vector-4Seasons-G2-caloroczne-2024-r-Srednica-15 886w,https:\/\/a.allegroimg.com\/original\/112491\/d740d7d4499595a394994377b2a2\/2x-GOODYEAR-195-60R15-88V-Vector-4Seasons-G2-caloroczne-2024-r-Srednica-15 886w\" sizes=\"(min-width: 1200px) 560px, (min-width: 992px) 50vw, 100vw\" width=\"886px\" alt=\"2x GOODYEAR 195\/60R15 88V Vector 4Seasons G2 ca\u0142oroczne 2024 r \u015arednica 15&quot;\"\/ style=\"max-width: 100%; height: auto; display: block; margin: 0 auto;\"><\/div>\n<\/div>\n<\/div>\n<\/div>\n<\/div>\n<\/div>\n<div style=\"clear: both; display: block; margin: 10px 0;\">\n<div style=\"clear: both; display: block; margin: 10px 0;\">\n<div style=\"clear: both; display: block; margin: 10px 0;\">\n<p style=\"margin: 15px 0; line-height: 1.8; clear: both; display: block; width: 100%; float: none; position: static;\">Wychodz\u0105c naprzeciw oczekiwaniom Klient\u00f3w i chc\u0105c spe\u0142nia\u0107 jak najwy\u017csze standardy obs\u0142ugi dok\u0142adamy wszelkich stara\u0144, aby podawa\u0107 precyzyjn\u0105 dat\u0119 produkcji opony (DOT). Niestety, w wyj\u0105tkowych przypadkach, mo\u017ce zdarzy\u0107 si\u0119, \u017ce opony, kt\u00f3re wy\u015blemy b\u0119d\u0105 mia\u0142y inn\u0105 dat\u0119 produkcji ni\u017c podana. Sytuacja mo\u017ce dotyczy\u0107 zar\u00f3wno opon z DOT-em wcze\u015bniejszym jak i p\u00f3\u017aniejszym. Chcieliby\u015bmy podkre\u015bli\u0107, \u017ce warunki przechowywania opon w naszych magazynach spe\u0142niaj\u0105 Polsk\u0105 Norm\u0119 PN-C-94300-7 dzi\u0119ki czemu nawet opona przechowywana 24 miesi\u0105ce ma parametry takie same jak opona z bie\u017c\u0105cego roku. Warto pami\u0119ta\u0107 tak\u017ce o fakcie, \u017ce w przypadku wielu rozmiar\u00f3w i producent\u00f3w plany produkcyjne fabryk uniemo\u017cliwiaj\u0105 zakup opony z bie\u017c\u0105cego roku.<\/p>\n<p style=\"margin: 15px 0; line-height: 1.8; clear: both; display: block; width: 100%; float: none; position: static;\">Przy zakupie opon pami\u0119taj o sprawdzeniu w instrukcji samochodu lub na w\u0142a\u015bciwej stronie internetowej, jakie ogumienie zaleca producent Twojego auta. \u0179le dobrane opony mog\u0105 negatywnie wp\u0142yn\u0105\u0107 na poziom Twojego bezpiecze\u0144stwa. Kupuj\u0105c opony zwr\u00f3\u0107 uwag\u0119 na rozmiar oraz indeksy no\u015bno\u015bci i pr\u0119dko\u015bci jakie homologowane s\u0105 do Twojego pojazdu.<\/p>\n<p style=\"margin: 15px 0; line-height: 1.8; clear: both; display: block; width: 100%; float: none; position: static;\">Zamieszczone zdj\u0119cia pe\u0142ni\u0105 funkcj\u0119 pogl\u0105dow\u0105. W zale\u017cno\u015bci od szeroko\u015bci opon, mog\u0105 wyst\u0119powa\u0107 niewielkie r\u00f3\u017cnice w wygl\u0105dzie bie\u017cnika (w obr\u0119bie jednego modelu) na przyk\u0142ad w ilo\u015bci rowk\u00f3w obwodowych lub rozmieszczeniu blok\u00f3w bie\u017cnika, co nie stanowi wady produktu.<\/p>\n<p style=\"margin: 15px 0; line-height: 1.8; clear: both; display: block; width: 100%; float: none; position: static;\">Je\u017celi otrzymane przez Ciebie opony nie spe\u0142niaj\u0105 Twoich oczekiwa\u0144 masz mo\u017cliwo\u015b\u0107 zwrotu lub wymiany nieu\u017cywanego (niemontowanego) ogumienia.<\/p>\n<\/div>\n<\/div>\n<\/div>\n<div style=\"clear: both; display: block; margin: 10px 0;\">\n<div style=\"clear: both; display: block; margin: 10px 0;\">\n<div style=\"clear: both; display: block; margin: 10px 0;\">\n<div  style=\"max-width:1280px;max-height:800px\">\n<div style=\"clear: both; display: block; margin: 10px 0;\">\n<div style=\"clear: both; width: 100%; display: block; margin: 20px 0; padding: 0; float: none; position: static; text-align: center;\"><img decoding=\"async\"  src=\"https:\/\/a.allegroimg.com\/original\/116eee\/bf43d16541cfb788fb20fe3a4dd8\/2x-GOODYEAR-195-60R15-88V-Vector-4Seasons-G2-caloroczne-2024-r-Waga-produktu-z-opakowaniem-jednostkowym-17-42-kg\" srcset=\"https:\/\/a.allegroimg.com\/original\/116eee\/bf43d16541cfb788fb20fe3a4dd8\/2x-GOODYEAR-195-60R15-88V-Vector-4Seasons-G2-caloroczne-2024-r-Waga-produktu-z-opakowaniem-jednostkowym-17-42-kg 360w,https:\/\/a.allegroimg.com\/original\/116eee\/bf43d16541cfb788fb20fe3a4dd8\/2x-GOODYEAR-195-60R15-88V-Vector-4Seasons-G2-caloroczne-2024-r-Waga-produktu-z-opakowaniem-jednostkowym-17-42-kg 720w,https:\/\/a.allegroimg.com\/original\/116eee\/bf43d16541cfb788fb20fe3a4dd8\/2x-GOODYEAR-195-60R15-88V-Vector-4Seasons-G2-caloroczne-2024-r-Waga-produktu-z-opakowaniem-jednostkowym-17-42-kg 1024w,https:\/\/a.allegroimg.com\/original\/116eee\/bf43d16541cfb788fb20fe3a4dd8\/2x-GOODYEAR-195-60R15-88V-Vector-4Seasons-G2-caloroczne-2024-r-Waga-produktu-z-opakowaniem-jednostkowym-17-42-kg 1280w,https:\/\/a.allegroimg.com\/original\/116eee\/bf43d16541cfb788fb20fe3a4dd8\/2x-GOODYEAR-195-60R15-88V-Vector-4Seasons-G2-caloroczne-2024-r-Waga-produktu-z-opakowaniem-jednostkowym-17-42-kg 1280w\" sizes=\"(min-width: 1200px) 560px, (min-width: 992px) 50vw, 100vw\" width=\"1280px\" alt=\"2x GOODYEAR 195\/60R15 88V Vector 4Seasons G2 ca\u0142oroczne 2024 r Waga produktu z opakowaniem jednostkowym 17.42 kg\"\/ style=\"max-width: 100%; height: auto; display: block; margin: 0 auto;\"><\/div>\n<\/div>\n<\/div>\n<\/div>\n<\/div>\n<div style=\"clear: both; display: block; margin: 10px 0;\">\n<div style=\"clear: both; display: block; margin: 10px 0;\">\n<h1>Goodyear<\/h1>\n<p style=\"margin: 15px 0; line-height: 1.8; clear: both; display: block; width: 100%; float: none; position: static;\">Historia firmy Goodyear, nazwanej na cze\u015b\u0107 wynalazcy procesu wulkanizacji Charlesa Goodyeara, zacz\u0119\u0142a si\u0119 w 1898 roku, gdy Frank Seiberling kupi\u0142 fabryk\u0119 wyrob\u00f3w gumowych mieszcz\u0105c\u0105 si\u0119 w Akron w stanie Ohio. Przedsi\u0119biorstwo przynios\u0142o wysoki zysk ju\u017c po pierwszym miesi\u0105cu sprzeda\u017cy opon \u2013 w\u00f3wczas przeznaczonych dla powoz\u00f3w i rower\u00f3w. Wraz z rozwojem motoryzacji ros\u0142y tak przychody firmy, jak i jej asortyment: w 1901 roku wyprodukowano opony wy\u015bcigowe dla automobili Henry&#8217;ego Forda, a dwa lata p\u00f3\u017aniej jeden z szef\u00f3w firmy, Paul Weeks Litchfield, opatentowa\u0142 pierwszy na \u015bwiecie projekt samochodowej opony bezd\u0119tkowej. Produkty tej marki zawsze by\u0142y wysoko cenione w sportach motorowych \u2013 gdy w 1922 roku tymczasowo wstrzymano produkcj\u0119 ogumienia dla samochod\u00f3w wy\u015bcigowych, klienci zacz\u0119li domaga\u0107 si\u0119 jej wznowienia. Dzi\u0119ki wsp\u00f3\u0142pracy z firm\u0105 Zeppelin, wytw\u00f3rc\u0105 sterowc\u00f3w, Goodyear opr\u00f3cz ziemi jest obecny r\u00f3wnie\u017c na niebie. Prawie od samego pocz\u0105tku dzia\u0142alno\u015bci Goodyear jest najwi\u0119kszym na \u015bwiecie producentem opon; obecnie roczny przych\u00f3d firmy przekracza 18 miliard\u00f3w dolar\u00f3w, a jej produkty \u2013 wytwarzane w ponad 20 fabrykach w Ameryce P\u00f3\u0142nocnej i Po\u0142udniowej, Europie, Afryce i Azji \u2013 sprzedawane s\u0105 praktycznie we wszystkich krajach. Najnowsza generacja opon zimowych Goodyear UltraGrip Performance 2 charakteryzuje si\u0119 lepsz\u0105 sterowno\u015bci\u0105 oraz przyczepno\u015bci\u0105 na \u015bliskich nawierzchniach. Niezale\u017cne badania wykaza\u0142y, \u017ce ten model opony pozwala na uzyskanie drogi hamowania na lodzie kr\u00f3tszej o 13% ni\u017c w przypadku testowanych r\u00f3wnolegle produkt\u00f3w innych firm. Warto zwr\u00f3ci\u0107 tak\u017ce uwag\u0119 na letnie opony Goodyear \u2013 modele z serii DuraGrip i Eagle.<\/p>\n<\/div>\n<\/div>\n<\/div>\n<\/div>\n<\/div>\n<\/div>\n<div style=\"clear: both; display: block; margin: 10px 0;\">\n","protected":false},"excerpt":{"rendered":"<p>Rok produkcji: 2024<\/p>\n<p>GOODYEAR Vector 4Seasons G2 195\/60R15 88V<\/p>\n<p>DECE4F<\/p>\n<p>Data produkcji : 2024<\/p>\n<p>Hamowanie na mokrej nawierzchni : C<\/p>\n<p>Indeks : 195\/60R15 COGO 88V V4SG2<\/p>\n<p>Indeks no\u015bno\u015bci : 88<\/p>\n<p>Indeks pr\u0119dko\u015bci : V &#8211; 240 km\/h<\/p>\n","protected":false},"featured_media":10378,"template":"","meta":{"_uag_custom_page_level_css":""},"product_brand":[437],"product_cat":[416,414,413,412],"product_tag":[],"class_list":{"0":"post-10377","1":"product","2":"type-product","3":"status-publish","4":"has-post-thumbnail","6":"product_brand-goodyear","7":"product_cat-caloroczne","8":"product_cat-do-samochodow-osobowych-i-suv","9":"product_cat-opony","10":"product_cat-opony-i-felgi","12":"first","13":"instock","14":"sale","15":"shipping-taxable","16":"purchasable","17":"product-type-simple"},"uagb_featured_image_src":{"full":["https:\/\/oponixo.shop\/tire\/wp-content\/uploads\/2025\/12\/allegro-image-10377.jpg",1200,1126,false],"thumbnail":["https:\/\/oponixo.shop\/tire\/wp-content\/uploads\/2025\/12\/allegro-image-10377-150x150.jpg",150,150,true],"medium":["https:\/\/oponixo.shop\/tire\/wp-content\/uploads\/2025\/12\/allegro-image-10377-300x282.jpg",300,282,true],"medium_large":["https:\/\/oponixo.shop\/tire\/wp-content\/uploads\/2025\/12\/allegro-image-10377-768x721.jpg",768,721,true],"large":["https:\/\/oponixo.shop\/tire\/wp-content\/uploads\/2025\/12\/allegro-image-10377-1024x961.jpg",1024,961,true],"1536x1536":["https:\/\/oponixo.shop\/tire\/wp-content\/uploads\/2025\/12\/allegro-image-10377.jpg",1200,1126,false],"2048x2048":["https:\/\/oponixo.shop\/tire\/wp-content\/uploads\/2025\/12\/allegro-image-10377.jpg",1200,1126,false],"woocommerce_thumbnail":["https:\/\/oponixo.shop\/tire\/wp-content\/uploads\/2025\/12\/allegro-image-10377-300x300.jpg",300,300,true],"woocommerce_single":["https:\/\/oponixo.shop\/tire\/wp-content\/uploads\/2025\/12\/allegro-image-10377-600x563.jpg",600,563,true],"woocommerce_gallery_thumbnail":["https:\/\/oponixo.shop\/tire\/wp-content\/uploads\/2025\/12\/allegro-image-10377-100x100.jpg",100,100,true]},"uagb_author_info":{"display_name":"admin","author_link":"https:\/\/oponixo.shop\/tire\/author\/"},"uagb_comment_info":0,"uagb_excerpt":"Rok produkcji: 2024 GOODYEAR Vector 4Seasons G2 195\/60R15 88V DECE4F Data produkcji : 2024 Hamowanie na mokrej nawierzchni : C Indeks : 195\/60R15 COGO 88V V4SG2 Indeks no\u015bno\u015bci : 88 Indeks pr\u0119dko\u015bci : V - 240 km\/h","_links":{"self":[{"href":"https:\/\/oponixo.shop\/tire\/wp-json\/wp\/v2\/product\/10377","targetHints":{"allow":["GET"]}}],"collection":[{"href":"https:\/\/oponixo.shop\/tire\/wp-json\/wp\/v2\/product"}],"about":[{"href":"https:\/\/oponixo.shop\/tire\/wp-json\/wp\/v2\/types\/product"}],"wp:featuredmedia":[{"embeddable":true,"href":"https:\/\/oponixo.shop\/tire\/wp-json\/wp\/v2\/media\/10378"}],"wp:attachment":[{"href":"https:\/\/oponixo.shop\/tire\/wp-json\/wp\/v2\/media?parent=10377"}],"wp:term":[{"taxonomy":"product_brand","embeddable":true,"href":"https:\/\/oponixo.shop\/tire\/wp-json\/wp\/v2\/product_brand?post=10377"},{"taxonomy":"product_cat","embeddable":true,"href":"https:\/\/oponixo.shop\/tire\/wp-json\/wp\/v2\/product_cat?post=10377"},{"taxonomy":"product_tag","embeddable":true,"href":"https:\/\/oponixo.shop\/tire\/wp-json\/wp\/v2\/product_tag?post=10377"}],"curies":[{"name":"wp","href":"https:\/\/api.w.org\/{rel}","templated":true}]}}