{"id":10393,"date":"2025-12-31T03:30:03","date_gmt":"2025-12-31T03:30:03","guid":{"rendered":"https:\/\/oponyexpert.shop\/xef5\/produkt\/2x-opony-zimowe-fortuna-gowin-uhp3-235-45r19-99v-xl-2025\/"},"modified":"2025-12-31T03:30:03","modified_gmt":"2025-12-31T03:30:03","slug":"2x-opony-zimowe-fortuna-gowin-uhp3-235-45r19-99v-xl-2025","status":"publish","type":"product","link":"https:\/\/oponixo.shop\/tire\/produkt\/2x-opony-zimowe-fortuna-gowin-uhp3-235-45r19-99v-xl-2025\/","title":{"rendered":"2x opony zimowe Fortuna GOWIN UHP3 235\/45R19 99V XL 2025"},"content":{"rendered":"<div style=\"font-family: Arial, sans-serif; line-height: 1.6; color: #333; padding: 20px; clear: both; display: block; width: 100%; float: none; position: static; overflow: hidden;\">\n<div style=\"clear: both; display: block; margin: 10px 0;\">\n<div style=\"clear: both; display: block; margin: 10px 0;\">\n<div style=\"clear: both; display: block; margin: 10px 0;\">\n<div  style=\"max-width:500px;max-height:108px\">\n<div style=\"clear: both; display: block; margin: 10px 0;\">\n<div style=\"clear: both; width: 100%; display: block; margin: 20px 0; padding: 0; float: none; position: static; text-align: center;\"><img decoding=\"async\"  src=\"https:\/\/a.allegroimg.com\/original\/112a5a\/538fae9f428193ae1fbd937c760a\/2x-opony-zimowe-Fortuna-GOWIN-UHP3-235-45R19-99V-XL-2025-Rok-produkcji-2025\" srcset=\"https:\/\/a.allegroimg.com\/original\/112a5a\/538fae9f428193ae1fbd937c760a\/2x-opony-zimowe-Fortuna-GOWIN-UHP3-235-45R19-99V-XL-2025-Rok-produkcji-2025 360w,https:\/\/a.allegroimg.com\/original\/112a5a\/538fae9f428193ae1fbd937c760a\/2x-opony-zimowe-Fortuna-GOWIN-UHP3-235-45R19-99V-XL-2025-Rok-produkcji-2025 500w,https:\/\/a.allegroimg.com\/original\/112a5a\/538fae9f428193ae1fbd937c760a\/2x-opony-zimowe-Fortuna-GOWIN-UHP3-235-45R19-99V-XL-2025-Rok-produkcji-2025 500w\" sizes=\"100vw\" width=\"500px\" alt=\"2x opony zimowe Fortuna GOWIN UHP3 235\/45R19 99V XL 2025 Rok produkcji 2025\"\/ style=\"max-width: 100%; height: auto; display: block; margin: 0 auto;\"><\/div>\n<\/div>\n<\/div>\n<\/div>\n<\/div>\n<\/div>\n<div style=\"clear: both; display: block; margin: 10px 0;\">\n<div style=\"clear: both; display: block; margin: 10px 0;\">\n<div style=\"clear: both; display: block; margin: 10px 0;\">\n<h1>zestaw 2 sztuk nowych opon zimowych<\/h1>\n<h1>Fortuna GOWIN UHP3 235\/45R19 99V XL<\/h1>\n<p style=\"margin: 15px 0; line-height: 1.8; clear: both; display: block; width: 100%; float: none; position: static;\">\n<\/div>\n<\/div>\n<\/div>\n<div style=\"clear: both; display: block; margin: 10px 0;\">\n<div style=\"clear: both; display: block; margin: 10px 0;\">\n<div style=\"clear: both; display: block; margin: 10px 0;\">\n<div  style=\"max-width:376px;max-height:599px\">\n<div style=\"clear: both; display: block; margin: 10px 0;\">\n<div style=\"clear: both; width: 100%; display: block; margin: 20px 0; padding: 0; float: none; position: static; text-align: center;\"><img decoding=\"async\"  src=\"https:\/\/a.allegroimg.com\/original\/111223\/5be2238d4a59a9b2ed538187a7ab\/2x-opony-zimowe-Fortuna-GOWIN-UHP3-235-45R19-99V-XL-2025\" srcset=\"https:\/\/a.allegroimg.com\/original\/111223\/5be2238d4a59a9b2ed538187a7ab\/2x-opony-zimowe-Fortuna-GOWIN-UHP3-235-45R19-99V-XL-2025 225w,https:\/\/a.allegroimg.com\/original\/111223\/5be2238d4a59a9b2ed538187a7ab\/2x-opony-zimowe-Fortuna-GOWIN-UHP3-235-45R19-99V-XL-2025 376w,https:\/\/a.allegroimg.com\/original\/111223\/5be2238d4a59a9b2ed538187a7ab\/2x-opony-zimowe-Fortuna-GOWIN-UHP3-235-45R19-99V-XL-2025 376w\" sizes=\"(min-width: 1200px) 560px, (min-width: 992px) 50vw, 100vw\" width=\"376px\" alt=\"2x opony zimowe Fortuna GOWIN UHP3 235\/45R19 99V XL 2025\"\/ style=\"max-width: 100%; height: auto; display: block; margin: 0 auto;\"><\/div>\n<\/div>\n<\/div>\n<\/div>\n<\/div>\n<div style=\"clear: both; display: block; margin: 10px 0;\">\n<div style=\"clear: both; display: block; margin: 10px 0;\">\n<p style=\"margin: 15px 0; line-height: 1.8; clear: both; display: block; width: 100%; float: none; position: static;\"><b>Fortuna GOWIN UHP3<\/b> to opony <b>zimowe<\/b> przeznaczone do samochod\u00f3w <b>osobowych<\/b> oraz suv-\u00f3w. Produkt klasy bud\u017cetowej popularnej marki <b>Fortuna<\/b>. Wysoka jako\u015b\u0107 w przyst\u0119pnej cenie. Opony klasy UHP (Ultra High Performance) do pojazd\u00f3w o wi\u0119kszej mocy silnika, przeznaczone dla kierowc\u00f3w preferuj\u0105cych dynamiczny styl jazdy.<\/p>\n<ul style=\"margin: 15px 0; padding-left: 20px; clear: both; display: block; width: 100%; float: none; position: static;\">\n<li style=\"margin: 5px 0; padding: 2px 0; clear: both; display: list-item; float: none; position: static;\">rok produkcji: <b>2025<\/b><\/li>\n<li style=\"margin: 5px 0; padding: 2px 0; clear: both; display: list-item; float: none; position: static;\">opony <b>nowe<\/b>, oryginalne, z gwarancj\u0105<\/li>\n<li style=\"margin: 5px 0; padding: 2px 0; clear: both; display: list-item; float: none; position: static;\">opony wzmocnione <b>XL<\/b><\/li>\n<li style=\"margin: 5px 0; padding: 2px 0; clear: both; display: list-item; float: none; position: static;\">komfortowa, cicha praca<\/li>\n<li style=\"margin: 5px 0; padding: 2px 0; clear: both; display: list-item; float: none; position: static;\">doskona\u0142a trakcja, precyzyjne sterowanie &#8211; r\u00f3wnie\u017c przy du\u017cych pr\u0119dko\u015bciach<\/li>\n<li style=\"margin: 5px 0; padding: 2px 0; clear: both; display: list-item; float: none; position: static;\">d\u0142ugie przebiegi<\/li>\n<li style=\"margin: 5px 0; padding: 2px 0; clear: both; display: list-item; float: none; position: static;\">bie\u017cnik zu\u017cywa si\u0119 r\u00f3wnomiernie<\/li>\n<li style=\"margin: 5px 0; padding: 2px 0; clear: both; display: list-item; float: none; position: static;\">znakomita przyczepno\u015b\u0107 i trakcja w trudnych, zimowych warunkach<\/li>\n<li style=\"margin: 5px 0; padding: 2px 0; clear: both; display: list-item; float: none; position: static;\">pe\u0142na homologacja zimowa 3PMSF (opony z tym oznaczeniem musz\u0105 spe\u0142nia\u0107 rygorystyczne normy dot. przyczepno\u015bci i hamowania na \u015bniegu i lodzie)<\/li>\n<li style=\"margin: 5px 0; padding: 2px 0; clear: both; display: list-item; float: none; position: static;\">skuteczne odprowadzanie wody i b\u0142ota, system antypo\u015blizgowy<\/li>\n<\/ul>\n<\/div>\n<\/div>\n<\/div>\n<div style=\"clear: both; display: block; margin: 10px 0;\">\n<div style=\"clear: both; display: block; margin: 10px 0;\">\n<div style=\"clear: both; display: block; margin: 10px 0;\">\n<div  style=\"max-width:480px;max-height:733px\">\n<div style=\"clear: both; display: block; margin: 10px 0;\">\n<div style=\"clear: both; width: 100%; display: block; margin: 20px 0; padding: 0; float: none; position: static; text-align: center;\"><img decoding=\"async\"  src=\"https:\/\/a.allegroimg.com\/original\/11ae8a\/84da099641b3a57168c831b894e0\/2x-opony-zimowe-Fortuna-GOWIN-UHP3-235-45R19-99V-XL-2025-Liczba-opon-w-ofercie-2-szt\" srcset=\"https:\/\/a.allegroimg.com\/original\/11ae8a\/84da099641b3a57168c831b894e0\/2x-opony-zimowe-Fortuna-GOWIN-UHP3-235-45R19-99V-XL-2025-Liczba-opon-w-ofercie-2-szt 235w,https:\/\/a.allegroimg.com\/original\/11ae8a\/84da099641b3a57168c831b894e0\/2x-opony-zimowe-Fortuna-GOWIN-UHP3-235-45R19-99V-XL-2025-Liczba-opon-w-ofercie-2-szt 471w,https:\/\/a.allegroimg.com\/original\/11ae8a\/84da099641b3a57168c831b894e0\/2x-opony-zimowe-Fortuna-GOWIN-UHP3-235-45R19-99V-XL-2025-Liczba-opon-w-ofercie-2-szt 480w,https:\/\/a.allegroimg.com\/original\/11ae8a\/84da099641b3a57168c831b894e0\/2x-opony-zimowe-Fortuna-GOWIN-UHP3-235-45R19-99V-XL-2025-Liczba-opon-w-ofercie-2-szt 480w\" sizes=\"100vw\" width=\"480px\" alt=\"2x opony zimowe Fortuna GOWIN UHP3 235\/45R19 99V XL 2025 Liczba opon w ofercie 2 szt.\"\/ style=\"max-width: 100%; height: auto; display: block; margin: 0 auto;\"><\/div>\n<\/div>\n<\/div>\n<\/div>\n<\/div>\n<\/div>\n<\/div>\n<\/div>\n<\/div>\n<div style=\"clear: both; display: block; margin: 10px 0;\">\n","protected":false},"excerpt":{"rendered":"<p>zestaw 2 sztuk nowych opon zimowych<\/p>\n<p>Fortuna GOWIN UHP3 235\/45R19 99V XL<\/p>\n<p>Fortuna GOWIN UHP3 to opony zimowe przeznaczone do samochod\u00f3w osobowych oraz suv-\u00f3w. Produkt klasy bud\u017cetowej popularnej marki Fortuna. Wysoka jako\u015b\u0107 w przyst\u0119pnej cenie. Opony klasy UHP (Ultra High Performance) do pojazd\u00f3w o wi\u0119kszej mocy silnika, przeznaczone dla kierowc\u00f3w preferuj\u0105cych dynamiczny styl jazdy.<\/p>\n<p>rok produkcji: 2025<\/p>\n<p>opony nowe, oryginalne, z gwarancj\u0105<\/p>\n<p>opony wzmocnione XL<\/p>\n<p>komfortowa, cicha praca<\/p>\n<p>doskona\u0142a trakcja, precyzyjne sterowanie &#8211; r\u00f3wnie\u017c przy du\u017cych pr\u0119dko\u015bciach<\/p>\n","protected":false},"featured_media":10394,"template":"","meta":{"_uag_custom_page_level_css":""},"product_brand":[450],"product_cat":[414,413,412,415],"product_tag":[],"class_list":{"0":"post-10393","1":"product","2":"type-product","3":"status-publish","4":"has-post-thumbnail","6":"product_brand-fortuna","7":"product_cat-do-samochodow-osobowych-i-suv","8":"product_cat-opony","9":"product_cat-opony-i-felgi","10":"product_cat-zimowe","12":"first","13":"instock","14":"sale","15":"shipping-taxable","16":"purchasable","17":"product-type-simple"},"uagb_featured_image_src":{"full":["https:\/\/oponixo.shop\/tire\/wp-content\/uploads\/2025\/12\/allegro-image-10393.jpg",376,599,false],"thumbnail":["https:\/\/oponixo.shop\/tire\/wp-content\/uploads\/2025\/12\/allegro-image-10393-150x150.jpg",150,150,true],"medium":["https:\/\/oponixo.shop\/tire\/wp-content\/uploads\/2025\/12\/allegro-image-10393-188x300.jpg",188,300,true],"medium_large":["https:\/\/oponixo.shop\/tire\/wp-content\/uploads\/2025\/12\/allegro-image-10393.jpg",376,599,false],"large":["https:\/\/oponixo.shop\/tire\/wp-content\/uploads\/2025\/12\/allegro-image-10393.jpg",376,599,false],"1536x1536":["https:\/\/oponixo.shop\/tire\/wp-content\/uploads\/2025\/12\/allegro-image-10393.jpg",376,599,false],"2048x2048":["https:\/\/oponixo.shop\/tire\/wp-content\/uploads\/2025\/12\/allegro-image-10393.jpg",376,599,false],"woocommerce_thumbnail":["https:\/\/oponixo.shop\/tire\/wp-content\/uploads\/2025\/12\/allegro-image-10393-300x300.jpg",300,300,true],"woocommerce_single":["https:\/\/oponixo.shop\/tire\/wp-content\/uploads\/2025\/12\/allegro-image-10393.jpg",376,599,false],"woocommerce_gallery_thumbnail":["https:\/\/oponixo.shop\/tire\/wp-content\/uploads\/2025\/12\/allegro-image-10393-100x100.jpg",100,100,true]},"uagb_author_info":{"display_name":"admin","author_link":"https:\/\/oponixo.shop\/tire\/author\/"},"uagb_comment_info":0,"uagb_excerpt":"zestaw 2 sztuk nowych opon zimowych Fortuna GOWIN UHP3 235\/45R19 99V XL Fortuna GOWIN UHP3 to opony zimowe przeznaczone do samochod\u00f3w osobowych oraz suv-\u00f3w. Produkt klasy bud\u017cetowej popularnej marki Fortuna. Wysoka jako\u015b\u0107 w przyst\u0119pnej cenie. Opony klasy UHP (Ultra High Performance) do pojazd\u00f3w o wi\u0119kszej mocy silnika, przeznaczone dla kierowc\u00f3w preferuj\u0105cych dynamiczny styl jazdy. rok&hellip;","_links":{"self":[{"href":"https:\/\/oponixo.shop\/tire\/wp-json\/wp\/v2\/product\/10393","targetHints":{"allow":["GET"]}}],"collection":[{"href":"https:\/\/oponixo.shop\/tire\/wp-json\/wp\/v2\/product"}],"about":[{"href":"https:\/\/oponixo.shop\/tire\/wp-json\/wp\/v2\/types\/product"}],"wp:featuredmedia":[{"embeddable":true,"href":"https:\/\/oponixo.shop\/tire\/wp-json\/wp\/v2\/media\/10394"}],"wp:attachment":[{"href":"https:\/\/oponixo.shop\/tire\/wp-json\/wp\/v2\/media?parent=10393"}],"wp:term":[{"taxonomy":"product_brand","embeddable":true,"href":"https:\/\/oponixo.shop\/tire\/wp-json\/wp\/v2\/product_brand?post=10393"},{"taxonomy":"product_cat","embeddable":true,"href":"https:\/\/oponixo.shop\/tire\/wp-json\/wp\/v2\/product_cat?post=10393"},{"taxonomy":"product_tag","embeddable":true,"href":"https:\/\/oponixo.shop\/tire\/wp-json\/wp\/v2\/product_tag?post=10393"}],"curies":[{"name":"wp","href":"https:\/\/api.w.org\/{rel}","templated":true}]}}