{"id":10405,"date":"2025-12-31T03:30:08","date_gmt":"2025-12-31T03:30:08","guid":{"rendered":"https:\/\/oponyexpert.shop\/xef5\/produkt\/2x-opony-zimowe-michelin-pilot-alpin-5-235-45r19-99v-xl-rant\/"},"modified":"2025-12-31T03:30:09","modified_gmt":"2025-12-31T03:30:09","slug":"2x-opony-zimowe-michelin-pilot-alpin-5-235-45r19-99v-xl-rant","status":"publish","type":"product","link":"https:\/\/oponixo.shop\/tire\/produkt\/2x-opony-zimowe-michelin-pilot-alpin-5-235-45r19-99v-xl-rant\/","title":{"rendered":"2x opony zimowe Michelin Pilot Alpin 5 235\/45R19 99V XL rant"},"content":{"rendered":"<div style=\"font-family: Arial, sans-serif; line-height: 1.6; color: #333; padding: 20px; clear: both; display: block; width: 100%; float: none; position: static; overflow: hidden;\">\n<div style=\"clear: both; display: block; margin: 10px 0;\">\n<div style=\"clear: both; display: block; margin: 10px 0;\">\n<div style=\"clear: both; display: block; margin: 10px 0;\">\n<div  style=\"max-width:500px;max-height:155px\">\n<div style=\"clear: both; display: block; margin: 10px 0;\">\n<div style=\"clear: both; width: 100%; display: block; margin: 20px 0; padding: 0; float: none; position: static; text-align: center;\"><img decoding=\"async\"  src=\"https:\/\/a.allegroimg.com\/original\/11074a\/06bb127d42f3b8480bda12481326\/2x-opony-zimowe-Michelin-Pilot-Alpin-5-235-45R19-99V-XL-rant-Liczba-opon-w-ofercie-2-szt\" srcset=\"https:\/\/a.allegroimg.com\/original\/11074a\/06bb127d42f3b8480bda12481326\/2x-opony-zimowe-Michelin-Pilot-Alpin-5-235-45R19-99V-XL-rant-Liczba-opon-w-ofercie-2-szt 360w,https:\/\/a.allegroimg.com\/original\/11074a\/06bb127d42f3b8480bda12481326\/2x-opony-zimowe-Michelin-Pilot-Alpin-5-235-45R19-99V-XL-rant-Liczba-opon-w-ofercie-2-szt 500w,https:\/\/a.allegroimg.com\/original\/11074a\/06bb127d42f3b8480bda12481326\/2x-opony-zimowe-Michelin-Pilot-Alpin-5-235-45R19-99V-XL-rant-Liczba-opon-w-ofercie-2-szt 500w\" sizes=\"100vw\" width=\"500px\" alt=\"2x opony zimowe Michelin Pilot Alpin 5 235\/45R19 99V XL rant Liczba opon w ofercie 2 szt.\"\/ style=\"max-width: 100%; height: auto; display: block; margin: 0 auto;\"><\/div>\n<\/div>\n<\/div>\n<\/div>\n<\/div>\n<\/div>\n<div style=\"clear: both; display: block; margin: 10px 0;\">\n<div style=\"clear: both; display: block; margin: 10px 0;\">\n<div style=\"clear: both; display: block; margin: 10px 0;\">\n<h1>zestaw 2 sztuk nowych opon zimowych<\/h1>\n<h1>Michelin Pilot Alpin 5 235\/45R19 99V XL FR<\/h1>\n<p style=\"margin: 15px 0; line-height: 1.8; clear: both; display: block; width: 100%; float: none; position: static;\">\n<\/div>\n<\/div>\n<\/div>\n<div style=\"clear: both; display: block; margin: 10px 0;\">\n<div style=\"clear: both; display: block; margin: 10px 0;\">\n<div style=\"clear: both; display: block; margin: 10px 0;\">\n<div  style=\"max-width:501px;max-height:596px\">\n<div style=\"clear: both; display: block; margin: 10px 0;\">\n<div style=\"clear: both; width: 100%; display: block; margin: 20px 0; padding: 0; float: none; position: static; text-align: center;\"><img decoding=\"async\"  src=\"https:\/\/a.allegroimg.com\/original\/11de36\/3f2147504c0dbf2626f1f3e7ed27\/2x-opony-zimowe-Michelin-Pilot-Alpin-5-235-45R19-99V-XL-rant\" srcset=\"https:\/\/a.allegroimg.com\/original\/11de36\/3f2147504c0dbf2626f1f3e7ed27\/2x-opony-zimowe-Michelin-Pilot-Alpin-5-235-45R19-99V-XL-rant 302w,https:\/\/a.allegroimg.com\/original\/11de36\/3f2147504c0dbf2626f1f3e7ed27\/2x-opony-zimowe-Michelin-Pilot-Alpin-5-235-45R19-99V-XL-rant 501w,https:\/\/a.allegroimg.com\/original\/11de36\/3f2147504c0dbf2626f1f3e7ed27\/2x-opony-zimowe-Michelin-Pilot-Alpin-5-235-45R19-99V-XL-rant 501w\" sizes=\"(min-width: 1200px) 560px, (min-width: 992px) 50vw, 100vw\" width=\"501px\" alt=\"2x opony zimowe Michelin Pilot Alpin 5 235\/45R19 99V XL rant\"\/ style=\"max-width: 100%; height: auto; display: block; margin: 0 auto;\"><\/div>\n<\/div>\n<\/div>\n<\/div>\n<\/div>\n<div style=\"clear: both; display: block; margin: 10px 0;\">\n<div style=\"clear: both; display: block; margin: 10px 0;\">\n<p style=\"margin: 15px 0; line-height: 1.8; clear: both; display: block; width: 100%; float: none; position: static;\"><b>Michelin Pilot Alpin 5<\/b> to opony <b>zimowe<\/b> przeznaczone do samochod\u00f3w <b>osobowych<\/b> oraz suv-\u00f3w. Oryginalny produkt klasy <b>premium<\/b> renomowanej marki <b>Michelin<\/b>. Bezkompromisowa jako\u015b\u0107. Opony klasy UHP (Ultra High Performance) do pojazd\u00f3w o wi\u0119kszej mocy silnika, przeznaczone dla kierowc\u00f3w preferuj\u0105cych dynamiczny styl jazdy.<\/p>\n<ul style=\"margin: 15px 0; padding-left: 20px; clear: both; display: block; width: 100%; float: none; position: static;\">\n<li style=\"margin: 5px 0; padding: 2px 0; clear: both; display: list-item; float: none; position: static;\">rok produkcji: nie starsze ni\u017c <b>2022<\/b><\/li>\n<li style=\"margin: 5px 0; padding: 2px 0; clear: both; display: list-item; float: none; position: static;\">opony <b>nowe<\/b>, oryginalne, z gwarancj\u0105<\/li>\n<li style=\"margin: 5px 0; padding: 2px 0; clear: both; display: list-item; float: none; position: static;\"><b>FR<\/b> &#8211; opony posiadaj\u0105 rant chroni\u0105cy felg\u0119<\/li>\n<li style=\"margin: 5px 0; padding: 2px 0; clear: both; display: list-item; float: none; position: static;\">opony wzmocnione <b>XL<\/b><\/li>\n<li style=\"margin: 5px 0; padding: 2px 0; clear: both; display: list-item; float: none; position: static;\">komfortowa, cicha praca<\/li>\n<li style=\"margin: 5px 0; padding: 2px 0; clear: both; display: list-item; float: none; position: static;\">doskona\u0142a trakcja, precyzyjne sterowanie &#8211; r\u00f3wnie\u017c przy du\u017cych pr\u0119dko\u015bciach<\/li>\n<li style=\"margin: 5px 0; padding: 2px 0; clear: both; display: list-item; float: none; position: static;\">d\u0142ugie przebiegi<\/li>\n<li style=\"margin: 5px 0; padding: 2px 0; clear: both; display: list-item; float: none; position: static;\">bie\u017cnik zu\u017cywa si\u0119 r\u00f3wnomiernie<\/li>\n<li style=\"margin: 5px 0; padding: 2px 0; clear: both; display: list-item; float: none; position: static;\">znakomita przyczepno\u015b\u0107 i trakcja w trudnych, zimowych warunkach<\/li>\n<li style=\"margin: 5px 0; padding: 2px 0; clear: both; display: list-item; float: none; position: static;\">pe\u0142na homologacja zimowa 3PMSF (opony z tym oznaczeniem musz\u0105 spe\u0142nia\u0107 rygorystyczne normy dot. przyczepno\u015bci i hamowania na \u015bniegu i lodzie)<\/li>\n<li style=\"margin: 5px 0; padding: 2px 0; clear: both; display: list-item; float: none; position: static;\">skuteczne odprowadzanie wody i b\u0142ota, system antypo\u015blizgowy<\/li>\n<\/ul>\n<\/div>\n<\/div>\n<\/div>\n<div style=\"clear: both; display: block; margin: 10px 0;\">\n<div style=\"clear: both; display: block; margin: 10px 0;\">\n<div style=\"clear: both; display: block; margin: 10px 0;\">\n<div  style=\"max-width:480px;max-height:733px\">\n<div style=\"clear: both; display: block; margin: 10px 0;\">\n<div style=\"clear: both; width: 100%; display: block; margin: 20px 0; padding: 0; float: none; position: static; text-align: center;\"><img decoding=\"async\"  src=\"https:\/\/a.allegroimg.com\/original\/11292e\/a683980b4236b8afc5faa098f87d\/2x-opony-zimowe-Michelin-Pilot-Alpin-5-235-45R19-99V-XL-rant-Marka-Michelin\" srcset=\"https:\/\/a.allegroimg.com\/original\/11292e\/a683980b4236b8afc5faa098f87d\/2x-opony-zimowe-Michelin-Pilot-Alpin-5-235-45R19-99V-XL-rant-Marka-Michelin 235w,https:\/\/a.allegroimg.com\/original\/11292e\/a683980b4236b8afc5faa098f87d\/2x-opony-zimowe-Michelin-Pilot-Alpin-5-235-45R19-99V-XL-rant-Marka-Michelin 471w,https:\/\/a.allegroimg.com\/original\/11292e\/a683980b4236b8afc5faa098f87d\/2x-opony-zimowe-Michelin-Pilot-Alpin-5-235-45R19-99V-XL-rant-Marka-Michelin 480w,https:\/\/a.allegroimg.com\/original\/11292e\/a683980b4236b8afc5faa098f87d\/2x-opony-zimowe-Michelin-Pilot-Alpin-5-235-45R19-99V-XL-rant-Marka-Michelin 480w\" sizes=\"100vw\" width=\"480px\" alt=\"2x opony zimowe Michelin Pilot Alpin 5 235\/45R19 99V XL rant Marka Michelin\"\/ style=\"max-width: 100%; height: auto; display: block; margin: 0 auto;\"><\/div>\n<\/div>\n<\/div>\n<\/div>\n<\/div>\n<\/div>\n<\/div>\n<\/div>\n<\/div>\n<div style=\"clear: both; display: block; margin: 10px 0;\">\n","protected":false},"excerpt":{"rendered":"<p>zestaw 2 sztuk nowych opon zimowych<\/p>\n<p>Michelin Pilot Alpin 5 235\/45R19 99V XL FR<\/p>\n<p>Michelin Pilot Alpin 5 to opony zimowe przeznaczone do samochod\u00f3w osobowych oraz suv-\u00f3w. Oryginalny produkt klasy premium renomowanej marki Michelin. Bezkompromisowa jako\u015b\u0107. Opony klasy UHP (Ultra High Performance) do pojazd\u00f3w o wi\u0119kszej mocy silnika, przeznaczone dla kierowc\u00f3w preferuj\u0105cych dynamiczny styl jazdy.<\/p>\n<p>rok produkcji: nie starsze ni\u017c 2022<\/p>\n<p>opony nowe, oryginalne, z gwarancj\u0105<\/p>\n<p>FR &#8211; opony posiadaj\u0105 rant chroni\u0105cy felg\u0119<\/p>\n<p>opony wzmocnione XL<\/p>\n<p>komfortowa, cicha praca<\/p>\n","protected":false},"featured_media":10406,"template":"","meta":{"_uag_custom_page_level_css":""},"product_brand":[429],"product_cat":[414,413,412,415],"product_tag":[],"class_list":{"0":"post-10405","1":"product","2":"type-product","3":"status-publish","4":"has-post-thumbnail","6":"product_brand-michelin","7":"product_cat-do-samochodow-osobowych-i-suv","8":"product_cat-opony","9":"product_cat-opony-i-felgi","10":"product_cat-zimowe","12":"first","13":"instock","14":"sale","15":"shipping-taxable","16":"purchasable","17":"product-type-simple"},"uagb_featured_image_src":{"full":["https:\/\/oponixo.shop\/tire\/wp-content\/uploads\/2025\/12\/allegro-image-10405.jpg",501,596,false],"thumbnail":["https:\/\/oponixo.shop\/tire\/wp-content\/uploads\/2025\/12\/allegro-image-10405-150x150.jpg",150,150,true],"medium":["https:\/\/oponixo.shop\/tire\/wp-content\/uploads\/2025\/12\/allegro-image-10405-252x300.jpg",252,300,true],"medium_large":["https:\/\/oponixo.shop\/tire\/wp-content\/uploads\/2025\/12\/allegro-image-10405.jpg",501,596,false],"large":["https:\/\/oponixo.shop\/tire\/wp-content\/uploads\/2025\/12\/allegro-image-10405.jpg",501,596,false],"1536x1536":["https:\/\/oponixo.shop\/tire\/wp-content\/uploads\/2025\/12\/allegro-image-10405.jpg",501,596,false],"2048x2048":["https:\/\/oponixo.shop\/tire\/wp-content\/uploads\/2025\/12\/allegro-image-10405.jpg",501,596,false],"woocommerce_thumbnail":["https:\/\/oponixo.shop\/tire\/wp-content\/uploads\/2025\/12\/allegro-image-10405-300x300.jpg",300,300,true],"woocommerce_single":["https:\/\/oponixo.shop\/tire\/wp-content\/uploads\/2025\/12\/allegro-image-10405.jpg",501,596,false],"woocommerce_gallery_thumbnail":["https:\/\/oponixo.shop\/tire\/wp-content\/uploads\/2025\/12\/allegro-image-10405-100x100.jpg",100,100,true]},"uagb_author_info":{"display_name":"admin","author_link":"https:\/\/oponixo.shop\/tire\/author\/"},"uagb_comment_info":0,"uagb_excerpt":"zestaw 2 sztuk nowych opon zimowych Michelin Pilot Alpin 5 235\/45R19 99V XL FR Michelin Pilot Alpin 5 to opony zimowe przeznaczone do samochod\u00f3w osobowych oraz suv-\u00f3w. Oryginalny produkt klasy premium renomowanej marki Michelin. Bezkompromisowa jako\u015b\u0107. Opony klasy UHP (Ultra High Performance) do pojazd\u00f3w o wi\u0119kszej mocy silnika, przeznaczone dla kierowc\u00f3w preferuj\u0105cych dynamiczny styl jazdy.&hellip;","_links":{"self":[{"href":"https:\/\/oponixo.shop\/tire\/wp-json\/wp\/v2\/product\/10405","targetHints":{"allow":["GET"]}}],"collection":[{"href":"https:\/\/oponixo.shop\/tire\/wp-json\/wp\/v2\/product"}],"about":[{"href":"https:\/\/oponixo.shop\/tire\/wp-json\/wp\/v2\/types\/product"}],"wp:featuredmedia":[{"embeddable":true,"href":"https:\/\/oponixo.shop\/tire\/wp-json\/wp\/v2\/media\/10406"}],"wp:attachment":[{"href":"https:\/\/oponixo.shop\/tire\/wp-json\/wp\/v2\/media?parent=10405"}],"wp:term":[{"taxonomy":"product_brand","embeddable":true,"href":"https:\/\/oponixo.shop\/tire\/wp-json\/wp\/v2\/product_brand?post=10405"},{"taxonomy":"product_cat","embeddable":true,"href":"https:\/\/oponixo.shop\/tire\/wp-json\/wp\/v2\/product_cat?post=10405"},{"taxonomy":"product_tag","embeddable":true,"href":"https:\/\/oponixo.shop\/tire\/wp-json\/wp\/v2\/product_tag?post=10405"}],"curies":[{"name":"wp","href":"https:\/\/api.w.org\/{rel}","templated":true}]}}