{"id":10425,"date":"2025-12-31T03:30:13","date_gmt":"2025-12-31T03:30:13","guid":{"rendered":"https:\/\/oponyexpert.shop\/xef5\/produkt\/2-x-kumho-wintercraft-ws71-suv-235-45r20-100-w-xl-3pmsf-opona-zimowa\/"},"modified":"2025-12-31T03:30:14","modified_gmt":"2025-12-31T03:30:14","slug":"2-x-kumho-wintercraft-ws71-suv-235-45r20-100-w-xl-3pmsf-opona-zimowa","status":"publish","type":"product","link":"https:\/\/oponixo.shop\/tire\/produkt\/2-x-kumho-wintercraft-ws71-suv-235-45r20-100-w-xl-3pmsf-opona-zimowa\/","title":{"rendered":"2 x Kumho WinterCraft WS71 SUV 235\/45R20 100 W XL 3PMSF opona zimowa"},"content":{"rendered":"<div style=\"font-family: Arial, sans-serif; line-height: 1.6; color: #333; padding: 20px; clear: both; display: block; width: 100%; float: none; position: static; overflow: hidden;\">\n<div style=\"clear: both; display: block; margin: 10px 0;\">\n<div style=\"clear: both; display: block; margin: 10px 0;\">\n<div style=\"clear: both; display: block; margin: 10px 0;\">\n<div  style=\"max-width:331px;max-height:500px\">\n<div style=\"clear: both; display: block; margin: 10px 0;\">\n<div style=\"clear: both; width: 100%; display: block; margin: 20px 0; padding: 0; float: none; position: static; text-align: center;\"><img decoding=\"async\"  src=\"https:\/\/a.allegroimg.com\/original\/11ee28\/0bf71a5c43729dd2b585bcddab2a\/2-x-Kumho-WinterCraft-WS71-SUV-235-45R20-100-W-XL-3PMSF-opona-zimowa\" srcset=\"https:\/\/a.allegroimg.com\/original\/11ee28\/0bf71a5c43729dd2b585bcddab2a\/2-x-Kumho-WinterCraft-WS71-SUV-235-45R20-100-W-XL-3PMSF-opona-zimowa 238w,https:\/\/a.allegroimg.com\/original\/11ee28\/0bf71a5c43729dd2b585bcddab2a\/2-x-Kumho-WinterCraft-WS71-SUV-235-45R20-100-W-XL-3PMSF-opona-zimowa 331w,https:\/\/a.allegroimg.com\/original\/11ee28\/0bf71a5c43729dd2b585bcddab2a\/2-x-Kumho-WinterCraft-WS71-SUV-235-45R20-100-W-XL-3PMSF-opona-zimowa 331w\" sizes=\"(min-width: 1200px) 560px, (min-width: 992px) 50vw, 100vw\" width=\"331px\" alt=\"2 x Kumho WinterCraft WS71 SUV 235\/45R20 100 W XL 3PMSF opona zimowa\"\/ style=\"max-width: 100%; height: auto; display: block; margin: 0 auto;\"><\/div>\n<\/div>\n<\/div>\n<\/div>\n<\/div>\n<div style=\"clear: both; display: block; margin: 10px 0;\">\n<div style=\"clear: both; display: block; margin: 10px 0;\">\n<h2>Kumho WinterCraft WS71 SUV 235\/45R20 100 W XL 3PMSF<\/h2>\n<p style=\"margin: 15px 0; line-height: 1.8; clear: both; display: block; width: 100%; float: none; position: static;\">Producent: Kumho<\/p>\n<p style=\"margin: 15px 0; line-height: 1.8; clear: both; display: block; width: 100%; float: none; position: static;\">Model: WinterCraft WS71 SUV<\/p>\n<p style=\"margin: 15px 0; line-height: 1.8; clear: both; display: block; width: 100%; float: none; position: static;\">Sezon: zimowe<\/p>\n<p style=\"margin: 15px 0; line-height: 1.8; clear: both; display: block; width: 100%; float: none; position: static;\">Rozmiar: 235\/45R20<\/p>\n<p style=\"margin: 15px 0; line-height: 1.8; clear: both; display: block; width: 100%; float: none; position: static;\">Data produkcji: 2024\/2025<\/p>\n<p style=\"margin: 15px 0; line-height: 1.8; clear: both; display: block; width: 100%; float: none; position: static;\">Zu\u017cycie paliwa: klasa D<\/p>\n<p style=\"margin: 15px 0; line-height: 1.8; clear: both; display: block; width: 100%; float: none; position: static;\">Przyczepno\u015b\u0107 na mokrym: klasa C<\/p>\n<p style=\"margin: 15px 0; line-height: 1.8; clear: both; display: block; width: 100%; float: none; position: static;\">Poziom ha\u0142asu: 72 dB<\/p>\n<\/div>\n<\/div>\n<\/div>\n<\/div>\n<\/div>\n<\/div>\n<div style=\"clear: both; display: block; margin: 10px 0;\">\n","protected":false},"excerpt":{"rendered":"<p>Kumho WinterCraft WS71 SUV 235\/45R20 100 W XL 3PMSF<\/p>\n<p>Producent: Kumho<\/p>\n<p>Model: WinterCraft WS71 SUV<\/p>\n<p>Sezon: zimowe<\/p>\n<p>Rozmiar: 235\/45R20<\/p>\n<p>Data produkcji: 2024\/2025<\/p>\n<p>Zu\u017cycie paliwa: klasa D<\/p>\n<p>Przyczepno\u015b\u0107 na mokrym: klasa C<\/p>\n","protected":false},"featured_media":10426,"template":"","meta":{"_uag_custom_page_level_css":""},"product_brand":[390],"product_cat":[414,413,412,415],"product_tag":[],"class_list":{"0":"post-10425","1":"product","2":"type-product","3":"status-publish","4":"has-post-thumbnail","6":"product_brand-kumho","7":"product_cat-do-samochodow-osobowych-i-suv","8":"product_cat-opony","9":"product_cat-opony-i-felgi","10":"product_cat-zimowe","12":"first","13":"instock","14":"sale","15":"shipping-taxable","16":"purchasable","17":"product-type-simple"},"uagb_featured_image_src":{"full":["https:\/\/oponixo.shop\/tire\/wp-content\/uploads\/2025\/12\/allegro-image-10425.jpg",331,500,false],"thumbnail":["https:\/\/oponixo.shop\/tire\/wp-content\/uploads\/2025\/12\/allegro-image-10425-150x150.jpg",150,150,true],"medium":["https:\/\/oponixo.shop\/tire\/wp-content\/uploads\/2025\/12\/allegro-image-10425-199x300.jpg",199,300,true],"medium_large":["https:\/\/oponixo.shop\/tire\/wp-content\/uploads\/2025\/12\/allegro-image-10425.jpg",331,500,false],"large":["https:\/\/oponixo.shop\/tire\/wp-content\/uploads\/2025\/12\/allegro-image-10425.jpg",331,500,false],"1536x1536":["https:\/\/oponixo.shop\/tire\/wp-content\/uploads\/2025\/12\/allegro-image-10425.jpg",331,500,false],"2048x2048":["https:\/\/oponixo.shop\/tire\/wp-content\/uploads\/2025\/12\/allegro-image-10425.jpg",331,500,false],"woocommerce_thumbnail":["https:\/\/oponixo.shop\/tire\/wp-content\/uploads\/2025\/12\/allegro-image-10425-300x300.jpg",300,300,true],"woocommerce_single":["https:\/\/oponixo.shop\/tire\/wp-content\/uploads\/2025\/12\/allegro-image-10425.jpg",331,500,false],"woocommerce_gallery_thumbnail":["https:\/\/oponixo.shop\/tire\/wp-content\/uploads\/2025\/12\/allegro-image-10425-100x100.jpg",100,100,true]},"uagb_author_info":{"display_name":"admin","author_link":"https:\/\/oponixo.shop\/tire\/author\/"},"uagb_comment_info":0,"uagb_excerpt":"Kumho WinterCraft WS71 SUV 235\/45R20 100 W XL 3PMSF Producent: Kumho Model: WinterCraft WS71 SUV Sezon: zimowe Rozmiar: 235\/45R20 Data produkcji: 2024\/2025 Zu\u017cycie paliwa: klasa D Przyczepno\u015b\u0107 na mokrym: klasa C","_links":{"self":[{"href":"https:\/\/oponixo.shop\/tire\/wp-json\/wp\/v2\/product\/10425","targetHints":{"allow":["GET"]}}],"collection":[{"href":"https:\/\/oponixo.shop\/tire\/wp-json\/wp\/v2\/product"}],"about":[{"href":"https:\/\/oponixo.shop\/tire\/wp-json\/wp\/v2\/types\/product"}],"wp:featuredmedia":[{"embeddable":true,"href":"https:\/\/oponixo.shop\/tire\/wp-json\/wp\/v2\/media\/10426"}],"wp:attachment":[{"href":"https:\/\/oponixo.shop\/tire\/wp-json\/wp\/v2\/media?parent=10425"}],"wp:term":[{"taxonomy":"product_brand","embeddable":true,"href":"https:\/\/oponixo.shop\/tire\/wp-json\/wp\/v2\/product_brand?post=10425"},{"taxonomy":"product_cat","embeddable":true,"href":"https:\/\/oponixo.shop\/tire\/wp-json\/wp\/v2\/product_cat?post=10425"},{"taxonomy":"product_tag","embeddable":true,"href":"https:\/\/oponixo.shop\/tire\/wp-json\/wp\/v2\/product_tag?post=10425"}],"curies":[{"name":"wp","href":"https:\/\/api.w.org\/{rel}","templated":true}]}}