{"id":10463,"date":"2025-12-31T03:30:22","date_gmt":"2025-12-31T03:30:22","guid":{"rendered":"https:\/\/oponyexpert.shop\/xef5\/produkt\/2-opony-zimowe-235-60r16-100h-nexen-winguard-snowg-3\/"},"modified":"2025-12-31T03:30:23","modified_gmt":"2025-12-31T03:30:23","slug":"2-opony-zimowe-235-60r16-100h-nexen-winguard-snowg-3","status":"publish","type":"product","link":"https:\/\/oponixo.shop\/tire\/produkt\/2-opony-zimowe-235-60r16-100h-nexen-winguard-snowg-3\/","title":{"rendered":"2 opony zimowe 235\/60R16 100H NEXEN WINGUARD Snow&apos;&apos;G 3"},"content":{"rendered":"<div style=\"font-family: Arial, sans-serif; line-height: 1.6; color: #333; padding: 20px; clear: both; display: block; width: 100%; float: none; position: static; overflow: hidden;\">\n<div style=\"clear: both; display: block; margin: 10px 0;\">\n<div style=\"clear: both; display: block; margin: 10px 0;\">\n<div style=\"clear: both; display: block; margin: 10px 0;\">\n<ul style=\"margin: 15px 0; padding-left: 20px; clear: both; display: block; width: 100%; float: none; position: static;\">\n<li style=\"margin: 5px 0; padding: 2px 0; clear: both; display: list-item; float: none; position: static;\">MARKA\/MODEL: <b>NEXEN WINGUARD Snow&apos;&apos;G 3<\/b><\/li>\n<li style=\"margin: 5px 0; padding: 2px 0; clear: both; display: list-item; float: none; position: static;\">ROZMIAR OPON: <b> 235\/60R16<\/b><\/li>\n<li style=\"margin: 5px 0; padding: 2px 0; clear: both; display: list-item; float: none; position: static;\">INDEKS PR\u0118DKO\u015aCI: <b>H<\/b><\/li>\n<li style=\"margin: 5px 0; padding: 2px 0; clear: both; display: list-item; float: none; position: static;\">INDEKS NO\u015aNO\u015aCI: <b>100<\/b><\/li>\n<li style=\"margin: 5px 0; padding: 2px 0; clear: both; display: list-item; float: none; position: static;\">DATA PRODUKCJI: <b>nie starsze ni\u017c 2024<\/b><\/li>\n<li style=\"margin: 5px 0; padding: 2px 0; clear: both; display: list-item; float: none; position: static;\">SEZON: <b>Zimowe<\/b><\/li>\n<li style=\"margin: 5px 0; padding: 2px 0; clear: both; display: list-item; float: none; position: static;\">STAN: <b>Nowy<\/b><\/li>\n<li style=\"margin: 5px 0; padding: 2px 0; clear: both; display: list-item; float: none; position: static;\">RANT OCHRONNY NA FELG\u0118: <b>Brak<\/b><\/li>\n<li style=\"margin: 5px 0; padding: 2px 0; clear: both; display: list-item; float: none; position: static;\">DODATKOWE OZNACZENIA: <\/li>\n<\/ul>\n<\/div>\n<\/div>\n<div style=\"clear: both; display: block; margin: 10px 0;\">\n<div style=\"clear: both; display: block; margin: 10px 0;\">\n<div  style=\"max-width:332px;max-height:500px\">\n<div style=\"clear: both; display: block; margin: 10px 0;\">\n<div style=\"clear: both; width: 100%; display: block; margin: 20px 0; padding: 0; float: none; position: static; text-align: center;\"><img decoding=\"async\"  src=\"https:\/\/a.allegroimg.com\/original\/11dbc5\/0b804c5e4364944a2d5723477bc7\/2-opony-zimowe-235-60R16-100H-NEXEN-WINGUARD-Snow-G-3\" srcset=\"https:\/\/a.allegroimg.com\/original\/11dbc5\/0b804c5e4364944a2d5723477bc7\/2-opony-zimowe-235-60R16-100H-NEXEN-WINGUARD-Snow-G-3 239w,https:\/\/a.allegroimg.com\/original\/11dbc5\/0b804c5e4364944a2d5723477bc7\/2-opony-zimowe-235-60R16-100H-NEXEN-WINGUARD-Snow-G-3 332w,https:\/\/a.allegroimg.com\/original\/11dbc5\/0b804c5e4364944a2d5723477bc7\/2-opony-zimowe-235-60R16-100H-NEXEN-WINGUARD-Snow-G-3 332w\" sizes=\"(min-width: 1200px) 560px, (min-width: 992px) 50vw, 100vw\" width=\"332px\" alt=\"2 opony zimowe 235\/60R16 100H NEXEN WINGUARD Snow&#x27;&#x27;G 3\"\/ style=\"max-width: 100%; height: auto; display: block; margin: 0 auto;\"><\/div>\n<\/div>\n<\/div>\n<\/div>\n<\/div>\n<\/div>\n<div style=\"clear: both; display: block; margin: 10px 0;\">\n<div style=\"clear: both; display: block; margin: 10px 0;\">\n<div style=\"clear: both; display: block; margin: 10px 0;\">\n<div  style=\"max-width:886px;max-height:1299px\">\n<div style=\"clear: both; display: block; margin: 10px 0;\">\n<div style=\"clear: both; width: 100%; display: block; margin: 20px 0; padding: 0; float: none; position: static; text-align: center;\"><img decoding=\"async\"  src=\"https:\/\/a.allegroimg.com\/original\/11a48a\/cf8d49e14628b5c3fa4f5b910b94\/2-opony-zimowe-235-60R16-100H-NEXEN-WINGUARD-Snow-G-3-Liczba-opon-w-ofercie-2-szt\" srcset=\"https:\/\/a.allegroimg.com\/original\/11a48a\/cf8d49e14628b5c3fa4f5b910b94\/2-opony-zimowe-235-60R16-100H-NEXEN-WINGUARD-Snow-G-3-Liczba-opon-w-ofercie-2-szt 245w,https:\/\/a.allegroimg.com\/original\/11a48a\/cf8d49e14628b5c3fa4f5b910b94\/2-opony-zimowe-235-60R16-100H-NEXEN-WINGUARD-Snow-G-3-Liczba-opon-w-ofercie-2-szt 491w,https:\/\/a.allegroimg.com\/original\/11a48a\/cf8d49e14628b5c3fa4f5b910b94\/2-opony-zimowe-235-60R16-100H-NEXEN-WINGUARD-Snow-G-3-Liczba-opon-w-ofercie-2-szt 698w,https:\/\/a.allegroimg.com\/original\/11a48a\/cf8d49e14628b5c3fa4f5b910b94\/2-opony-zimowe-235-60R16-100H-NEXEN-WINGUARD-Snow-G-3-Liczba-opon-w-ofercie-2-szt 886w,https:\/\/a.allegroimg.com\/original\/11a48a\/cf8d49e14628b5c3fa4f5b910b94\/2-opony-zimowe-235-60R16-100H-NEXEN-WINGUARD-Snow-G-3-Liczba-opon-w-ofercie-2-szt 886w\" sizes=\"(min-width: 1200px) 560px, (min-width: 992px) 50vw, 100vw\" width=\"886px\" alt=\"2 opony zimowe 235\/60R16 100H NEXEN WINGUARD Snow&#x27;&#x27;G 3 Liczba opon w ofercie 2 szt.\"\/ style=\"max-width: 100%; height: auto; display: block; margin: 0 auto;\"><\/div>\n<\/div>\n<\/div>\n<\/div>\n<\/div>\n<div style=\"clear: both; display: block; margin: 10px 0;\">\n<div style=\"clear: both; display: block; margin: 10px 0;\">\n<div  style=\"max-width:640px;max-height:640px\">\n<div style=\"clear: both; display: block; margin: 10px 0;\">\n<div style=\"clear: both; width: 100%; display: block; margin: 20px 0; padding: 0; float: none; position: static; text-align: center;\"><img decoding=\"async\"  src=\"https:\/\/a.allegroimg.com\/original\/11b912\/24305e6a4fc086195e1bc3af7258\/2-opony-zimowe-235-60R16-100H-NEXEN-WINGUARD-Snow-G-3-Rok-produkcji-2024\" srcset=\"https:\/\/a.allegroimg.com\/original\/11b912\/24305e6a4fc086195e1bc3af7258\/2-opony-zimowe-235-60R16-100H-NEXEN-WINGUARD-Snow-G-3-Rok-produkcji-2024 360w,https:\/\/a.allegroimg.com\/original\/11b912\/24305e6a4fc086195e1bc3af7258\/2-opony-zimowe-235-60R16-100H-NEXEN-WINGUARD-Snow-G-3-Rok-produkcji-2024 640w,https:\/\/a.allegroimg.com\/original\/11b912\/24305e6a4fc086195e1bc3af7258\/2-opony-zimowe-235-60R16-100H-NEXEN-WINGUARD-Snow-G-3-Rok-produkcji-2024 640w\" sizes=\"(min-width: 1200px) 560px, (min-width: 992px) 50vw, 100vw\" width=\"640px\" alt=\"2 opony zimowe 235\/60R16 100H NEXEN WINGUARD Snow&#x27;&#x27;G 3 Rok produkcji 2024\"\/ style=\"max-width: 100%; height: auto; display: block; margin: 0 auto;\"><\/div>\n<\/div>\n<\/div>\n<\/div>\n<\/div>\n<\/div>\n<div style=\"clear: both; display: block; margin: 10px 0;\">\n<div style=\"clear: both; display: block; margin: 10px 0;\">\n<div style=\"clear: both; display: block; margin: 10px 0;\">\n<div  style=\"max-width:1600px;max-height:900px\">\n<div style=\"clear: both; display: block; margin: 10px 0;\">\n<div style=\"clear: both; width: 100%; display: block; margin: 20px 0; padding: 0; float: none; position: static; text-align: center;\"><img decoding=\"async\"  src=\"https:\/\/a.allegroimg.com\/original\/11e533\/b56b653f44d0a17ec1a4c04bfbec\/2-opony-zimowe-235-60R16-100H-NEXEN-WINGUARD-Snow-G-3-Marka-Nexen\" srcset=\"https:\/\/a.allegroimg.com\/original\/11e533\/b56b653f44d0a17ec1a4c04bfbec\/2-opony-zimowe-235-60R16-100H-NEXEN-WINGUARD-Snow-G-3-Marka-Nexen 360w,https:\/\/a.allegroimg.com\/original\/11e533\/b56b653f44d0a17ec1a4c04bfbec\/2-opony-zimowe-235-60R16-100H-NEXEN-WINGUARD-Snow-G-3-Marka-Nexen 720w,https:\/\/a.allegroimg.com\/original\/11e533\/b56b653f44d0a17ec1a4c04bfbec\/2-opony-zimowe-235-60R16-100H-NEXEN-WINGUARD-Snow-G-3-Marka-Nexen 1024w,https:\/\/a.allegroimg.com\/original\/11e533\/b56b653f44d0a17ec1a4c04bfbec\/2-opony-zimowe-235-60R16-100H-NEXEN-WINGUARD-Snow-G-3-Marka-Nexen 1440w,https:\/\/a.allegroimg.com\/original\/11e533\/b56b653f44d0a17ec1a4c04bfbec\/2-opony-zimowe-235-60R16-100H-NEXEN-WINGUARD-Snow-G-3-Marka-Nexen 1600w\" sizes=\"(min-width: 1200px) 560px, (min-width: 992px) 50vw, 100vw\" width=\"1600px\" alt=\"2 opony zimowe 235\/60R16 100H NEXEN WINGUARD Snow&#x27;&#x27;G 3 Marka Nexen\"\/ style=\"max-width: 100%; height: auto; display: block; margin: 0 auto;\"><\/div>\n<\/div>\n<\/div>\n<\/div>\n<\/div>\n<div style=\"clear: both; display: block; margin: 10px 0;\">\n<div style=\"clear: both; display: block; margin: 10px 0;\">\n<p style=\"margin: 15px 0; line-height: 1.8; clear: both; display: block; width: 100%; float: none; position: static;\"><b>Nexen<\/b> \u2013 po\u0142udniowo-korea\u0144ska marka opon, kt\u00f3ra powsta\u0142a w 1942 roku. Pocz\u0105tkowo firma produkowa\u0142a opony do pojazd\u00f3w wojskowych, dzi\u015b w jej ofercie mo\u017cemy znale\u017a\u0107 ogumienie do aut osobowych, 4&#215;4, dostawczych i ci\u0119\u017carowych. Nexen spe\u0142nia mi\u0119dzynarodowe standardy technologiczne, a produkowane opony posiadaj\u0105 liczne certyfikaty jako\u015bci. Jej produkty zosta\u0142y docenione w m.in. w badaniach presti\u017cowego niemieckiego Autimobilclub ADAC. Produkty marki s\u0105 dost\u0119pne w 120 krajach \u015bwiata. Koncern ca\u0142y czas stawia na rozw\u00f3j, otwieraj\u0105c nowe zak\u0142ady produkcyjne na ca\u0142ym \u015bwiecie. <\/p>\n<\/div>\n<\/div>\n<\/div>\n<div style=\"clear: both; display: block; margin: 10px 0;\">\n<div style=\"clear: both; display: block; margin: 10px 0;\">\n<div style=\"clear: both; display: block; margin: 10px 0;\">\n<h2>Na naszych innych aukcjach Allegro znajdziesz felgi stalowe i aluminiowe, czujniki (TPMS) oraz \u015bruby i nakr\u0119tki.<\/h2>\n<\/div>\n<\/div>\n<\/div>\n<\/div>\n<\/div>\n<\/div>\n<div style=\"clear: both; display: block; margin: 10px 0;\">\n","protected":false},"excerpt":{"rendered":"<p>MARKA\/MODEL: NEXEN WINGUARD Snow&amp;apos;&amp;apos;G 3<\/p>\n<p>ROZMIAR OPON: 235\/60R16<\/p>\n<p>INDEKS PR\u0118DKO\u015aCI: H<\/p>\n<p>INDEKS NO\u015aNO\u015aCI: 100<\/p>\n<p>DATA PRODUKCJI: nie starsze ni\u017c 2024<\/p>\n<p>SEZON: Zimowe<\/p>\n<p>STAN: Nowy<\/p>\n<p>RANT OCHRONNY NA FELG\u0118: Brak<\/p>\n","protected":false},"featured_media":10464,"template":"","meta":{"_uag_custom_page_level_css":""},"product_brand":[392],"product_cat":[414,413,412,415],"product_tag":[],"class_list":{"0":"post-10463","1":"product","2":"type-product","3":"status-publish","4":"has-post-thumbnail","6":"product_brand-nexen","7":"product_cat-do-samochodow-osobowych-i-suv","8":"product_cat-opony","9":"product_cat-opony-i-felgi","10":"product_cat-zimowe","12":"first","13":"instock","14":"sale","15":"shipping-taxable","16":"purchasable","17":"product-type-simple"},"uagb_featured_image_src":{"full":["https:\/\/oponixo.shop\/tire\/wp-content\/uploads\/2025\/12\/allegro-image-10463.jpg",332,500,false],"thumbnail":["https:\/\/oponixo.shop\/tire\/wp-content\/uploads\/2025\/12\/allegro-image-10463-150x150.jpg",150,150,true],"medium":["https:\/\/oponixo.shop\/tire\/wp-content\/uploads\/2025\/12\/allegro-image-10463-199x300.jpg",199,300,true],"medium_large":["https:\/\/oponixo.shop\/tire\/wp-content\/uploads\/2025\/12\/allegro-image-10463.jpg",332,500,false],"large":["https:\/\/oponixo.shop\/tire\/wp-content\/uploads\/2025\/12\/allegro-image-10463.jpg",332,500,false],"1536x1536":["https:\/\/oponixo.shop\/tire\/wp-content\/uploads\/2025\/12\/allegro-image-10463.jpg",332,500,false],"2048x2048":["https:\/\/oponixo.shop\/tire\/wp-content\/uploads\/2025\/12\/allegro-image-10463.jpg",332,500,false],"woocommerce_thumbnail":["https:\/\/oponixo.shop\/tire\/wp-content\/uploads\/2025\/12\/allegro-image-10463-300x300.jpg",300,300,true],"woocommerce_single":["https:\/\/oponixo.shop\/tire\/wp-content\/uploads\/2025\/12\/allegro-image-10463.jpg",332,500,false],"woocommerce_gallery_thumbnail":["https:\/\/oponixo.shop\/tire\/wp-content\/uploads\/2025\/12\/allegro-image-10463-100x100.jpg",100,100,true]},"uagb_author_info":{"display_name":"admin","author_link":"https:\/\/oponixo.shop\/tire\/author\/"},"uagb_comment_info":0,"uagb_excerpt":"MARKA\/MODEL: NEXEN WINGUARD Snow&amp;apos;&amp;apos;G 3 ROZMIAR OPON: 235\/60R16 INDEKS PR\u0118DKO\u015aCI: H INDEKS NO\u015aNO\u015aCI: 100 DATA PRODUKCJI: nie starsze ni\u017c 2024 SEZON: Zimowe STAN: Nowy RANT OCHRONNY NA FELG\u0118: Brak","_links":{"self":[{"href":"https:\/\/oponixo.shop\/tire\/wp-json\/wp\/v2\/product\/10463","targetHints":{"allow":["GET"]}}],"collection":[{"href":"https:\/\/oponixo.shop\/tire\/wp-json\/wp\/v2\/product"}],"about":[{"href":"https:\/\/oponixo.shop\/tire\/wp-json\/wp\/v2\/types\/product"}],"wp:featuredmedia":[{"embeddable":true,"href":"https:\/\/oponixo.shop\/tire\/wp-json\/wp\/v2\/media\/10464"}],"wp:attachment":[{"href":"https:\/\/oponixo.shop\/tire\/wp-json\/wp\/v2\/media?parent=10463"}],"wp:term":[{"taxonomy":"product_brand","embeddable":true,"href":"https:\/\/oponixo.shop\/tire\/wp-json\/wp\/v2\/product_brand?post=10463"},{"taxonomy":"product_cat","embeddable":true,"href":"https:\/\/oponixo.shop\/tire\/wp-json\/wp\/v2\/product_cat?post=10463"},{"taxonomy":"product_tag","embeddable":true,"href":"https:\/\/oponixo.shop\/tire\/wp-json\/wp\/v2\/product_tag?post=10463"}],"curies":[{"name":"wp","href":"https:\/\/api.w.org\/{rel}","templated":true}]}}