{"id":10489,"date":"2025-12-31T03:30:28","date_gmt":"2025-12-31T03:30:28","guid":{"rendered":"https:\/\/oponyexpert.shop\/xef5\/produkt\/2x-kumho-wintercraft-wp52-185-55r16-83h\/"},"modified":"2025-12-31T03:30:29","modified_gmt":"2025-12-31T03:30:29","slug":"2x-kumho-wintercraft-wp52-185-55r16-83h","status":"publish","type":"product","link":"https:\/\/oponixo.shop\/tire\/produkt\/2x-kumho-wintercraft-wp52-185-55r16-83h\/","title":{"rendered":"2x Kumho Wintercraft WP52+ 185\/55R16 83H"},"content":{"rendered":"<div style=\"font-family: Arial, sans-serif; line-height: 1.6; color: #333; padding: 20px; clear: both; display: block; width: 100%; float: none; position: static; overflow: hidden;\">\n<div style=\"clear: both; display: block; margin: 10px 0;\">\n<div style=\"clear: both; display: block; margin: 10px 0;\">\n<div style=\"clear: both; display: block; margin: 10px 0;\">\n<h1>Kumho Wintercraft WP52+ <\/h1>\n<h1>185\/55 R16 83H do 210 km\/h<\/h1>\n<h2>Kod produktu: 8808956642037<\/h2>\n<p style=\"margin: 15px 0; line-height: 1.8; clear: both; display: block; width: 100%; float: none; position: static;\">Kumho WinterCraft WP52+ to solidna opona zimowa, oferuj\u0105ca doskona\u0142y stosunek jako\u015bci do ceny. Dzi\u0119ki zaawansowanej technologii i optymalizacji konstrukcji, zapewnia bezpiecze\u0144stwo, komfort i trwa\u0142o\u015b\u0107 w trudnych warunkach zimowych. Jest to idealny wyb\u00f3r dla kierowc\u00f3w poszukuj\u0105cych niezawodnych opon do codziennego u\u017cytku w sezonie zimowym<\/p>\n<h2>Zakupione na tej aukcji opony mo\u017cesz odebra\u0107 i wymieni\u0107 w jednym z naszych serwis\u00f3w: MOTOHURT MARKI &#8211; MOTOHURT WOLA &#8211; MOTOHURT MOKOT\u00d3W<\/h2>\n<\/div>\n<\/div>\n<div style=\"clear: both; display: block; margin: 10px 0;\">\n<div style=\"clear: both; display: block; margin: 10px 0;\">\n<div  style=\"max-width:750px;max-height:1024px\">\n<div style=\"clear: both; display: block; margin: 10px 0;\">\n<div style=\"clear: both; width: 100%; display: block; margin: 20px 0; padding: 0; float: none; position: static; text-align: center;\"><img decoding=\"async\"  src=\"https:\/\/a.allegroimg.com\/original\/113967\/91a9fefe40cfb12fc120f43acfa2\/2x-Kumho-Wintercraft-WP52-185-55R16-83H\" srcset=\"https:\/\/a.allegroimg.com\/original\/113967\/91a9fefe40cfb12fc120f43acfa2\/2x-Kumho-Wintercraft-WP52-185-55R16-83H 263w,https:\/\/a.allegroimg.com\/original\/113967\/91a9fefe40cfb12fc120f43acfa2\/2x-Kumho-Wintercraft-WP52-185-55R16-83H 527w,https:\/\/a.allegroimg.com\/original\/113967\/91a9fefe40cfb12fc120f43acfa2\/2x-Kumho-Wintercraft-WP52-185-55R16-83H 750w,https:\/\/a.allegroimg.com\/original\/113967\/91a9fefe40cfb12fc120f43acfa2\/2x-Kumho-Wintercraft-WP52-185-55R16-83H 750w\" sizes=\"(min-width: 1200px) 560px, (min-width: 992px) 50vw, 100vw\" width=\"750px\" alt=\"2x Kumho Wintercraft WP52+ 185\/55R16 83H\"\/ style=\"max-width: 100%; height: auto; display: block; margin: 0 auto;\"><\/div>\n<\/div>\n<\/div>\n<\/div>\n<\/div>\n<\/div>\n<div style=\"clear: both; display: block; margin: 10px 0;\">\n<div style=\"clear: both; display: block; margin: 10px 0;\">\n<div style=\"clear: both; display: block; margin: 10px 0;\">\n<div  style=\"max-width:212px;max-height:305px\">\n<div style=\"clear: both; display: block; margin: 10px 0;\">\n<div style=\"clear: both; width: 100%; display: block; margin: 20px 0; padding: 0; float: none; position: static; text-align: center;\"><img decoding=\"async\"  src=\"https:\/\/a.allegroimg.com\/original\/110c73\/c842c87d4889aa0bae0192445d87\/2x-Kumho-Wintercraft-WP52-185-55R16-83H-Liczba-opon-w-ofercie-2-szt\" srcset=\"https:\/\/a.allegroimg.com\/original\/110c73\/c842c87d4889aa0bae0192445d87\/2x-Kumho-Wintercraft-WP52-185-55R16-83H-Liczba-opon-w-ofercie-2-szt 212w,https:\/\/a.allegroimg.com\/original\/110c73\/c842c87d4889aa0bae0192445d87\/2x-Kumho-Wintercraft-WP52-185-55R16-83H-Liczba-opon-w-ofercie-2-szt 212w\" sizes=\"(min-width: 1200px) 560px, (min-width: 992px) 50vw, 100vw\" width=\"212px\" alt=\"2x Kumho Wintercraft WP52+ 185\/55R16 83H Liczba opon w ofercie 2 szt.\"\/ style=\"max-width: 100%; height: auto; display: block; margin: 0 auto;\"><\/div>\n<\/div>\n<\/div>\n<\/div>\n<\/div>\n<div style=\"clear: both; display: block; margin: 10px 0;\">\n<div style=\"clear: both; display: block; margin: 10px 0;\">\n<h2>Marka: Kumho<\/h2>\n<h2>Liczba opon w ofercie: 2<\/h2>\n<h2>Rok produkcji: <\/h2>\n<h2>Szeroko\u015b\u0107 opony: 185 mm<\/h2>\n<h2>Profil opony: 55<\/h2>\n<h2>\u015arednica: 16<\/h2>\n<h2>Indeks no\u015bno\u015bci: 83<\/h2>\n<h2>Indeks pr\u0119dko\u015bci: H do 210 km\/h<\/h2>\n<h2>Op\u00f3r toczenia: Klasa D<\/h2>\n<h2>Przyczepno\u015b\u0107 na mokrej nawierzchni: Klasa B<\/h2>\n<h2>Ha\u0142as zewn\u0119trzny: 71 dB<\/h2>\n<h2>Kod producenta: 2388253<\/h2>\n<h2>Sezon: Zimowe<\/h2>\n<\/div>\n<\/div>\n<\/div>\n<\/div>\n<\/div>\n<\/div>\n<div style=\"clear: both; display: block; margin: 10px 0;\">\n","protected":false},"excerpt":{"rendered":"<p>Kumho Wintercraft WP52+<\/p>\n<p>185\/55 R16 83H do 210 km\/h<\/p>\n<p>Kod produktu: 8808956642037<\/p>\n<p>Kumho WinterCraft WP52+ to solidna opona zimowa, oferuj\u0105ca doskona\u0142y stosunek jako\u015bci do ceny. Dzi\u0119ki zaawansowanej technologii i optymalizacji konstrukcji, zapewnia bezpiecze\u0144stwo, komfort i trwa\u0142o\u015b\u0107 w trudnych warunkach zimowych. Jest to idealny wyb\u00f3r dla kierowc\u00f3w poszukuj\u0105cych niezawodnych opon do codziennego u\u017cytku w sezonie zimowym<\/p>\n<p>Zakupione na tej aukcji opony mo\u017cesz odebra\u0107 i wymieni\u0107 w jednym z naszych serwis\u00f3w: MOTOHURT MARKI &#8211; MOTOHURT WOLA &#8211; MOTOHURT MOKOT\u00d3W<\/p>\n<p>Marka: Kumho<\/p>\n","protected":false},"featured_media":10490,"template":"","meta":{"_uag_custom_page_level_css":""},"product_brand":[390],"product_cat":[414,413,412,415],"product_tag":[],"class_list":{"0":"post-10489","1":"product","2":"type-product","3":"status-publish","4":"has-post-thumbnail","6":"product_brand-kumho","7":"product_cat-do-samochodow-osobowych-i-suv","8":"product_cat-opony","9":"product_cat-opony-i-felgi","10":"product_cat-zimowe","12":"first","13":"instock","14":"sale","15":"shipping-taxable","16":"purchasable","17":"product-type-simple"},"uagb_featured_image_src":{"full":["https:\/\/oponixo.shop\/tire\/wp-content\/uploads\/2025\/12\/allegro-image-10489.jpg",750,1024,false],"thumbnail":["https:\/\/oponixo.shop\/tire\/wp-content\/uploads\/2025\/12\/allegro-image-10489-150x150.jpg",150,150,true],"medium":["https:\/\/oponixo.shop\/tire\/wp-content\/uploads\/2025\/12\/allegro-image-10489-220x300.jpg",220,300,true],"medium_large":["https:\/\/oponixo.shop\/tire\/wp-content\/uploads\/2025\/12\/allegro-image-10489.jpg",750,1024,false],"large":["https:\/\/oponixo.shop\/tire\/wp-content\/uploads\/2025\/12\/allegro-image-10489.jpg",750,1024,false],"1536x1536":["https:\/\/oponixo.shop\/tire\/wp-content\/uploads\/2025\/12\/allegro-image-10489.jpg",750,1024,false],"2048x2048":["https:\/\/oponixo.shop\/tire\/wp-content\/uploads\/2025\/12\/allegro-image-10489.jpg",750,1024,false],"woocommerce_thumbnail":["https:\/\/oponixo.shop\/tire\/wp-content\/uploads\/2025\/12\/allegro-image-10489-300x300.jpg",300,300,true],"woocommerce_single":["https:\/\/oponixo.shop\/tire\/wp-content\/uploads\/2025\/12\/allegro-image-10489-600x819.jpg",600,819,true],"woocommerce_gallery_thumbnail":["https:\/\/oponixo.shop\/tire\/wp-content\/uploads\/2025\/12\/allegro-image-10489-100x100.jpg",100,100,true]},"uagb_author_info":{"display_name":"admin","author_link":"https:\/\/oponixo.shop\/tire\/author\/"},"uagb_comment_info":0,"uagb_excerpt":"Kumho Wintercraft WP52+ 185\/55 R16 83H do 210 km\/h Kod produktu: 8808956642037 Kumho WinterCraft WP52+ to solidna opona zimowa, oferuj\u0105ca doskona\u0142y stosunek jako\u015bci do ceny. Dzi\u0119ki zaawansowanej technologii i optymalizacji konstrukcji, zapewnia bezpiecze\u0144stwo, komfort i trwa\u0142o\u015b\u0107 w trudnych warunkach zimowych. Jest to idealny wyb\u00f3r dla kierowc\u00f3w poszukuj\u0105cych niezawodnych opon do codziennego u\u017cytku w sezonie zimowym&hellip;","_links":{"self":[{"href":"https:\/\/oponixo.shop\/tire\/wp-json\/wp\/v2\/product\/10489","targetHints":{"allow":["GET"]}}],"collection":[{"href":"https:\/\/oponixo.shop\/tire\/wp-json\/wp\/v2\/product"}],"about":[{"href":"https:\/\/oponixo.shop\/tire\/wp-json\/wp\/v2\/types\/product"}],"wp:featuredmedia":[{"embeddable":true,"href":"https:\/\/oponixo.shop\/tire\/wp-json\/wp\/v2\/media\/10490"}],"wp:attachment":[{"href":"https:\/\/oponixo.shop\/tire\/wp-json\/wp\/v2\/media?parent=10489"}],"wp:term":[{"taxonomy":"product_brand","embeddable":true,"href":"https:\/\/oponixo.shop\/tire\/wp-json\/wp\/v2\/product_brand?post=10489"},{"taxonomy":"product_cat","embeddable":true,"href":"https:\/\/oponixo.shop\/tire\/wp-json\/wp\/v2\/product_cat?post=10489"},{"taxonomy":"product_tag","embeddable":true,"href":"https:\/\/oponixo.shop\/tire\/wp-json\/wp\/v2\/product_tag?post=10489"}],"curies":[{"name":"wp","href":"https:\/\/api.w.org\/{rel}","templated":true}]}}