{"id":10503,"date":"2025-12-31T03:30:32","date_gmt":"2025-12-31T03:30:32","guid":{"rendered":"https:\/\/oponyexpert.shop\/xef5\/produkt\/2x-185-55r16-opony-caloroczne-vredestein-quatrac-5-87v-xl\/"},"modified":"2025-12-31T03:30:33","modified_gmt":"2025-12-31T03:30:33","slug":"2x-185-55r16-opony-caloroczne-vredestein-quatrac-5-87v-xl","status":"publish","type":"product","link":"https:\/\/oponixo.shop\/tire\/produkt\/2x-185-55r16-opony-caloroczne-vredestein-quatrac-5-87v-xl\/","title":{"rendered":"2x 185\/55R16 OPONY CA\u0141OROCZNE Vredestein Quatrac 5 87V XL"},"content":{"rendered":"<div style=\"font-family: Arial, sans-serif; line-height: 1.6; color: #333; padding: 20px; clear: both; display: block; width: 100%; float: none; position: static; overflow: hidden;\">\n<div style=\"clear: both; display: block; margin: 10px 0;\">\n<div style=\"clear: both; display: block; margin: 10px 0;\">\n<div style=\"clear: both; display: block; margin: 10px 0;\">\n<div  style=\"max-width:2560px;max-height:1920px\">\n<div style=\"clear: both; display: block; margin: 10px 0;\">\n<div style=\"clear: both; width: 100%; display: block; margin: 20px 0; padding: 0; float: none; position: static; text-align: center;\"><img decoding=\"async\"  src=\"https:\/\/a.allegroimg.com\/original\/1108aa\/7cbb913d4582a5377eb5ba8c6d7b\/2x-185-55R16-OPONY-CALOROCZNE-Vredestein-Quatrac-5-87V-XL\" srcset=\"https:\/\/a.allegroimg.com\/original\/1108aa\/7cbb913d4582a5377eb5ba8c6d7b\/2x-185-55R16-OPONY-CALOROCZNE-Vredestein-Quatrac-5-87V-XL 360w,https:\/\/a.allegroimg.com\/original\/1108aa\/7cbb913d4582a5377eb5ba8c6d7b\/2x-185-55R16-OPONY-CALOROCZNE-Vredestein-Quatrac-5-87V-XL 720w,https:\/\/a.allegroimg.com\/original\/1108aa\/7cbb913d4582a5377eb5ba8c6d7b\/2x-185-55R16-OPONY-CALOROCZNE-Vredestein-Quatrac-5-87V-XL 1024w,https:\/\/a.allegroimg.com\/original\/1108aa\/7cbb913d4582a5377eb5ba8c6d7b\/2x-185-55R16-OPONY-CALOROCZNE-Vredestein-Quatrac-5-87V-XL 1440w,https:\/\/a.allegroimg.com\/original\/1108aa\/7cbb913d4582a5377eb5ba8c6d7b\/2x-185-55R16-OPONY-CALOROCZNE-Vredestein-Quatrac-5-87V-XL 2560w\" sizes=\"(min-width: 1200px) 560px, (min-width: 992px) 50vw, 100vw\" width=\"2560px\" alt=\"2x 185\/55R16 OPONY CA\u0141OROCZNE Vredestein Quatrac 5 87V XL\"\/ style=\"max-width: 100%; height: auto; display: block; margin: 0 auto;\"><\/div>\n<\/div>\n<\/div>\n<\/div>\n<\/div>\n<div style=\"clear: both; display: block; margin: 10px 0;\">\n<div style=\"clear: both; display: block; margin: 10px 0;\">\n<p style=\"margin: 15px 0; line-height: 1.8; clear: both; display: block; width: 100%; float: none; position: static;\">Przedmiot aukcji :2x 185\/55R16 OPONY CA\u0141OROCZNE Vredestein Quatrac 5 87V XL dot: 1819<\/p>\n<p style=\"margin: 15px 0; line-height: 1.8; clear: both; display: block; width: 100%; float: none; position: static;\">Wykonywane zdj\u0119cia s\u0105 naszego autorstwa i przedstawiaj\u0105 realny wygl\u0105d oferowanego towaru<\/p>\n<\/div>\n<\/div>\n<\/div>\n<div style=\"clear: both; display: block; margin: 10px 0;\">\n<div style=\"clear: both; display: block; margin: 10px 0;\">\n<div style=\"clear: both; display: block; margin: 10px 0;\">\n<ul style=\"margin: 15px 0; padding-left: 20px; clear: both; display: block; width: 100%; float: none; position: static;\">\n<li style=\"margin: 5px 0; padding: 2px 0; clear: both; display: list-item; float: none; position: static;\">Producent: Vredestein<\/li>\n<li style=\"margin: 5px 0; padding: 2px 0; clear: both; display: list-item; float: none; position: static;\">Rozmiar:  185\/55R16<\/li>\n<li style=\"margin: 5px 0; padding: 2px 0; clear: both; display: list-item; float: none; position: static;\">Wysoko\u015b\u0107 bie\u017cnika: 6,0<\/li>\n<li style=\"margin: 5px 0; padding: 2px 0; clear: both; display: list-item; float: none; position: static;\">Indeks no\u015bno\u015bci: 87 &#8211; 545 kg<\/li>\n<li style=\"margin: 5px 0; padding: 2px 0; clear: both; display: list-item; float: none; position: static;\">Indeks pr\u0119dko\u015bci: V do 240 km\/h<\/li>\n<li style=\"margin: 5px 0; padding: 2px 0; clear: both; display: list-item; float: none; position: static;\">Bie\u017cnikowana: nie<\/li>\n<li style=\"margin: 5px 0; padding: 2px 0; clear: both; display: list-item; float: none; position: static;\">Przeznaczenie: Ca\u0142oroczne<\/li>\n<li style=\"margin: 5px 0; padding: 2px 0; clear: both; display: list-item; float: none; position: static;\">Ilo\u015b\u0107 sztuk w ofercie: 2 szt.<\/li>\n<li style=\"margin: 5px 0; padding: 2px 0; clear: both; display: list-item; float: none; position: static;\">Kod produktu:<b> M1064341<\/b><\/li>\n<li style=\"margin: 5px 0; padding: 2px 0; clear: both; display: list-item; float: none; position: static;\">Opis: 2x 185\/55R16 OPONY CA\u0141OROCZNE Vredestein Quatrac 5 87V XL dot: 1819<\/li>\n<\/ul>\n<\/div>\n<\/div>\n<div style=\"clear: both; display: block; margin: 10px 0;\">\n<div style=\"clear: both; display: block; margin: 10px 0;\">\n<div  style=\"max-width:2560px;max-height:1920px\">\n<div style=\"clear: both; display: block; margin: 10px 0;\">\n<div style=\"clear: both; width: 100%; display: block; margin: 20px 0; padding: 0; float: none; position: static; text-align: center;\"><img decoding=\"async\"  src=\"https:\/\/a.allegroimg.com\/original\/11e73a\/67f82f724ab5981b480af5c57ae4\/2x-185-55R16-OPONY-CALOROCZNE-Vredestein-Quatrac-5-87V-XL-Liczba-opon-w-ofercie-2-szt\" srcset=\"https:\/\/a.allegroimg.com\/original\/11e73a\/67f82f724ab5981b480af5c57ae4\/2x-185-55R16-OPONY-CALOROCZNE-Vredestein-Quatrac-5-87V-XL-Liczba-opon-w-ofercie-2-szt 360w,https:\/\/a.allegroimg.com\/original\/11e73a\/67f82f724ab5981b480af5c57ae4\/2x-185-55R16-OPONY-CALOROCZNE-Vredestein-Quatrac-5-87V-XL-Liczba-opon-w-ofercie-2-szt 720w,https:\/\/a.allegroimg.com\/original\/11e73a\/67f82f724ab5981b480af5c57ae4\/2x-185-55R16-OPONY-CALOROCZNE-Vredestein-Quatrac-5-87V-XL-Liczba-opon-w-ofercie-2-szt 1024w,https:\/\/a.allegroimg.com\/original\/11e73a\/67f82f724ab5981b480af5c57ae4\/2x-185-55R16-OPONY-CALOROCZNE-Vredestein-Quatrac-5-87V-XL-Liczba-opon-w-ofercie-2-szt 1440w,https:\/\/a.allegroimg.com\/original\/11e73a\/67f82f724ab5981b480af5c57ae4\/2x-185-55R16-OPONY-CALOROCZNE-Vredestein-Quatrac-5-87V-XL-Liczba-opon-w-ofercie-2-szt 2560w\" sizes=\"(min-width: 1200px) 560px, (min-width: 992px) 50vw, 100vw\" width=\"2560px\" alt=\"2x 185\/55R16 OPONY CA\u0141OROCZNE Vredestein Quatrac 5 87V XL Liczba opon w ofercie 2 szt.\"\/ style=\"max-width: 100%; height: auto; display: block; margin: 0 auto;\"><\/div>\n<\/div>\n<\/div>\n<\/div>\n<\/div>\n<\/div>\n<div style=\"clear: both; display: block; margin: 10px 0;\">\n<div style=\"clear: both; display: block; margin: 10px 0;\">\n<div style=\"clear: both; display: block; margin: 10px 0;\">\n<div  style=\"max-width:2560px;max-height:1920px\">\n<div style=\"clear: both; display: block; margin: 10px 0;\">\n<div style=\"clear: both; width: 100%; display: block; margin: 20px 0; padding: 0; float: none; position: static; text-align: center;\"><img decoding=\"async\"  src=\"https:\/\/a.allegroimg.com\/original\/11ced0\/6ad166c6436b9f6e6e66cf79fcce\/2x-185-55R16-OPONY-CALOROCZNE-Vredestein-Quatrac-5-87V-XL-Rok-produkcji-2019\" srcset=\"https:\/\/a.allegroimg.com\/original\/11ced0\/6ad166c6436b9f6e6e66cf79fcce\/2x-185-55R16-OPONY-CALOROCZNE-Vredestein-Quatrac-5-87V-XL-Rok-produkcji-2019 360w,https:\/\/a.allegroimg.com\/original\/11ced0\/6ad166c6436b9f6e6e66cf79fcce\/2x-185-55R16-OPONY-CALOROCZNE-Vredestein-Quatrac-5-87V-XL-Rok-produkcji-2019 720w,https:\/\/a.allegroimg.com\/original\/11ced0\/6ad166c6436b9f6e6e66cf79fcce\/2x-185-55R16-OPONY-CALOROCZNE-Vredestein-Quatrac-5-87V-XL-Rok-produkcji-2019 1024w,https:\/\/a.allegroimg.com\/original\/11ced0\/6ad166c6436b9f6e6e66cf79fcce\/2x-185-55R16-OPONY-CALOROCZNE-Vredestein-Quatrac-5-87V-XL-Rok-produkcji-2019 1440w,https:\/\/a.allegroimg.com\/original\/11ced0\/6ad166c6436b9f6e6e66cf79fcce\/2x-185-55R16-OPONY-CALOROCZNE-Vredestein-Quatrac-5-87V-XL-Rok-produkcji-2019 2560w\" sizes=\"(min-width: 1200px) 560px, (min-width: 992px) 50vw, 100vw\" width=\"2560px\" alt=\"2x 185\/55R16 OPONY CA\u0141OROCZNE Vredestein Quatrac 5 87V XL Rok produkcji 2019\"\/ style=\"max-width: 100%; height: auto; display: block; margin: 0 auto;\"><\/div>\n<\/div>\n<\/div>\n<\/div>\n<\/div>\n<div style=\"clear: both; display: block; margin: 10px 0;\">\n<div style=\"clear: both; display: block; margin: 10px 0;\">\n<div  style=\"max-width:2560px;max-height:1920px\">\n<div style=\"clear: both; display: block; margin: 10px 0;\">\n<div style=\"clear: both; width: 100%; display: block; margin: 20px 0; padding: 0; float: none; position: static; text-align: center;\"><img decoding=\"async\"  src=\"https:\/\/a.allegroimg.com\/original\/11a0a6\/81344d2c4b5fb7f1da1abc5d234e\/2x-185-55R16-OPONY-CALOROCZNE-Vredestein-Quatrac-5-87V-XL-Marka-Vredestein\" srcset=\"https:\/\/a.allegroimg.com\/original\/11a0a6\/81344d2c4b5fb7f1da1abc5d234e\/2x-185-55R16-OPONY-CALOROCZNE-Vredestein-Quatrac-5-87V-XL-Marka-Vredestein 360w,https:\/\/a.allegroimg.com\/original\/11a0a6\/81344d2c4b5fb7f1da1abc5d234e\/2x-185-55R16-OPONY-CALOROCZNE-Vredestein-Quatrac-5-87V-XL-Marka-Vredestein 720w,https:\/\/a.allegroimg.com\/original\/11a0a6\/81344d2c4b5fb7f1da1abc5d234e\/2x-185-55R16-OPONY-CALOROCZNE-Vredestein-Quatrac-5-87V-XL-Marka-Vredestein 1024w,https:\/\/a.allegroimg.com\/original\/11a0a6\/81344d2c4b5fb7f1da1abc5d234e\/2x-185-55R16-OPONY-CALOROCZNE-Vredestein-Quatrac-5-87V-XL-Marka-Vredestein 1440w,https:\/\/a.allegroimg.com\/original\/11a0a6\/81344d2c4b5fb7f1da1abc5d234e\/2x-185-55R16-OPONY-CALOROCZNE-Vredestein-Quatrac-5-87V-XL-Marka-Vredestein 2560w\" sizes=\"(min-width: 1200px) 560px, (min-width: 992px) 50vw, 100vw\" width=\"2560px\" alt=\"2x 185\/55R16 OPONY CA\u0141OROCZNE Vredestein Quatrac 5 87V XL Marka Vredestein\"\/ style=\"max-width: 100%; height: auto; display: block; margin: 0 auto;\"><\/div>\n<\/div>\n<\/div>\n<\/div>\n<\/div>\n<\/div>\n<div style=\"clear: both; display: block; margin: 10px 0;\">\n<div style=\"clear: both; display: block; margin: 10px 0;\">\n<div style=\"clear: both; display: block; margin: 10px 0;\">\n<div  style=\"max-width:2560px;max-height:1920px\">\n<div style=\"clear: both; display: block; margin: 10px 0;\">\n<div style=\"clear: both; width: 100%; display: block; margin: 20px 0; padding: 0; float: none; position: static; text-align: center;\"><img decoding=\"async\"  src=\"https:\/\/a.allegroimg.com\/original\/118df6\/174a72cd4cb9bdcb5d188782611e\/2x-185-55R16-OPONY-CALOROCZNE-Vredestein-Quatrac-5-87V-XL-Szerokosc-opony-185-mm\" srcset=\"https:\/\/a.allegroimg.com\/original\/118df6\/174a72cd4cb9bdcb5d188782611e\/2x-185-55R16-OPONY-CALOROCZNE-Vredestein-Quatrac-5-87V-XL-Szerokosc-opony-185-mm 360w,https:\/\/a.allegroimg.com\/original\/118df6\/174a72cd4cb9bdcb5d188782611e\/2x-185-55R16-OPONY-CALOROCZNE-Vredestein-Quatrac-5-87V-XL-Szerokosc-opony-185-mm 720w,https:\/\/a.allegroimg.com\/original\/118df6\/174a72cd4cb9bdcb5d188782611e\/2x-185-55R16-OPONY-CALOROCZNE-Vredestein-Quatrac-5-87V-XL-Szerokosc-opony-185-mm 1024w,https:\/\/a.allegroimg.com\/original\/118df6\/174a72cd4cb9bdcb5d188782611e\/2x-185-55R16-OPONY-CALOROCZNE-Vredestein-Quatrac-5-87V-XL-Szerokosc-opony-185-mm 1440w,https:\/\/a.allegroimg.com\/original\/118df6\/174a72cd4cb9bdcb5d188782611e\/2x-185-55R16-OPONY-CALOROCZNE-Vredestein-Quatrac-5-87V-XL-Szerokosc-opony-185-mm 2560w\" sizes=\"(min-width: 1200px) 560px, (min-width: 992px) 50vw, 100vw\" width=\"2560px\" alt=\"2x 185\/55R16 OPONY CA\u0141OROCZNE Vredestein Quatrac 5 87V XL Szeroko\u015b\u0107 opony 185 mm\"\/ style=\"max-width: 100%; height: auto; display: block; margin: 0 auto;\"><\/div>\n<\/div>\n<\/div>\n<\/div>\n<\/div>\n<div style=\"clear: both; display: block; margin: 10px 0;\">\n<div style=\"clear: both; display: block; margin: 10px 0;\">\n<div  style=\"max-width:2560px;max-height:1920px\">\n<div style=\"clear: both; display: block; margin: 10px 0;\">\n<div style=\"clear: both; width: 100%; display: block; margin: 20px 0; padding: 0; float: none; position: static; text-align: center;\"><img decoding=\"async\"  src=\"https:\/\/a.allegroimg.com\/original\/11f083\/46cac57a4f329a8ef7f678ee44d8\/2x-185-55R16-OPONY-CALOROCZNE-Vredestein-Quatrac-5-87V-XL-Profil-opony-55\" srcset=\"https:\/\/a.allegroimg.com\/original\/11f083\/46cac57a4f329a8ef7f678ee44d8\/2x-185-55R16-OPONY-CALOROCZNE-Vredestein-Quatrac-5-87V-XL-Profil-opony-55 360w,https:\/\/a.allegroimg.com\/original\/11f083\/46cac57a4f329a8ef7f678ee44d8\/2x-185-55R16-OPONY-CALOROCZNE-Vredestein-Quatrac-5-87V-XL-Profil-opony-55 720w,https:\/\/a.allegroimg.com\/original\/11f083\/46cac57a4f329a8ef7f678ee44d8\/2x-185-55R16-OPONY-CALOROCZNE-Vredestein-Quatrac-5-87V-XL-Profil-opony-55 1024w,https:\/\/a.allegroimg.com\/original\/11f083\/46cac57a4f329a8ef7f678ee44d8\/2x-185-55R16-OPONY-CALOROCZNE-Vredestein-Quatrac-5-87V-XL-Profil-opony-55 1440w,https:\/\/a.allegroimg.com\/original\/11f083\/46cac57a4f329a8ef7f678ee44d8\/2x-185-55R16-OPONY-CALOROCZNE-Vredestein-Quatrac-5-87V-XL-Profil-opony-55 2560w\" sizes=\"(min-width: 1200px) 560px, (min-width: 992px) 50vw, 100vw\" width=\"2560px\" alt=\"2x 185\/55R16 OPONY CA\u0141OROCZNE Vredestein Quatrac 5 87V XL Profil opony 55\"\/ style=\"max-width: 100%; height: auto; display: block; margin: 0 auto;\"><\/div>\n<\/div>\n<\/div>\n<\/div>\n<\/div>\n<\/div>\n<div style=\"clear: both; display: block; margin: 10px 0;\">\n<div style=\"clear: both; display: block; margin: 10px 0;\">\n<div style=\"clear: both; display: block; margin: 10px 0;\">\n<div  style=\"max-width:2560px;max-height:1920px\">\n<div style=\"clear: both; display: block; margin: 10px 0;\">\n<div style=\"clear: both; width: 100%; display: block; margin: 20px 0; padding: 0; float: none; position: static; text-align: center;\"><img decoding=\"async\"  src=\"https:\/\/a.allegroimg.com\/original\/11f4c3\/3ac548b14b3a98237b8df6e45bc8\/2x-185-55R16-OPONY-CALOROCZNE-Vredestein-Quatrac-5-87V-XL-Srednica-16\" srcset=\"https:\/\/a.allegroimg.com\/original\/11f4c3\/3ac548b14b3a98237b8df6e45bc8\/2x-185-55R16-OPONY-CALOROCZNE-Vredestein-Quatrac-5-87V-XL-Srednica-16 360w,https:\/\/a.allegroimg.com\/original\/11f4c3\/3ac548b14b3a98237b8df6e45bc8\/2x-185-55R16-OPONY-CALOROCZNE-Vredestein-Quatrac-5-87V-XL-Srednica-16 720w,https:\/\/a.allegroimg.com\/original\/11f4c3\/3ac548b14b3a98237b8df6e45bc8\/2x-185-55R16-OPONY-CALOROCZNE-Vredestein-Quatrac-5-87V-XL-Srednica-16 1024w,https:\/\/a.allegroimg.com\/original\/11f4c3\/3ac548b14b3a98237b8df6e45bc8\/2x-185-55R16-OPONY-CALOROCZNE-Vredestein-Quatrac-5-87V-XL-Srednica-16 1440w,https:\/\/a.allegroimg.com\/original\/11f4c3\/3ac548b14b3a98237b8df6e45bc8\/2x-185-55R16-OPONY-CALOROCZNE-Vredestein-Quatrac-5-87V-XL-Srednica-16 2560w\" sizes=\"(min-width: 1200px) 560px, (min-width: 992px) 50vw, 100vw\" width=\"2560px\" alt=\"2x 185\/55R16 OPONY CA\u0141OROCZNE Vredestein Quatrac 5 87V XL \u015arednica 16&quot;\"\/ style=\"max-width: 100%; height: auto; display: block; margin: 0 auto;\"><\/div>\n<\/div>\n<\/div>\n<\/div>\n<\/div>\n<div style=\"clear: both; display: block; margin: 10px 0;\">\n<div style=\"clear: both; display: block; margin: 10px 0;\">\n<div  style=\"max-width:2560px;max-height:1920px\">\n<div style=\"clear: both; display: block; margin: 10px 0;\">\n<div style=\"clear: both; width: 100%; display: block; margin: 20px 0; padding: 0; float: none; position: static; text-align: center;\"><img decoding=\"async\"  src=\"https:\/\/a.allegroimg.com\/original\/11598a\/334cde6543368d521b381c92b457\/2x-185-55R16-OPONY-CALOROCZNE-Vredestein-Quatrac-5-87V-XL-Model-Quatrac-5\" srcset=\"https:\/\/a.allegroimg.com\/original\/11598a\/334cde6543368d521b381c92b457\/2x-185-55R16-OPONY-CALOROCZNE-Vredestein-Quatrac-5-87V-XL-Model-Quatrac-5 360w,https:\/\/a.allegroimg.com\/original\/11598a\/334cde6543368d521b381c92b457\/2x-185-55R16-OPONY-CALOROCZNE-Vredestein-Quatrac-5-87V-XL-Model-Quatrac-5 720w,https:\/\/a.allegroimg.com\/original\/11598a\/334cde6543368d521b381c92b457\/2x-185-55R16-OPONY-CALOROCZNE-Vredestein-Quatrac-5-87V-XL-Model-Quatrac-5 1024w,https:\/\/a.allegroimg.com\/original\/11598a\/334cde6543368d521b381c92b457\/2x-185-55R16-OPONY-CALOROCZNE-Vredestein-Quatrac-5-87V-XL-Model-Quatrac-5 1440w,https:\/\/a.allegroimg.com\/original\/11598a\/334cde6543368d521b381c92b457\/2x-185-55R16-OPONY-CALOROCZNE-Vredestein-Quatrac-5-87V-XL-Model-Quatrac-5 2560w\" sizes=\"(min-width: 1200px) 560px, (min-width: 992px) 50vw, 100vw\" width=\"2560px\" alt=\"2x 185\/55R16 OPONY CA\u0141OROCZNE Vredestein Quatrac 5 87V XL Model Quatrac 5\"\/ style=\"max-width: 100%; height: auto; display: block; margin: 0 auto;\"><\/div>\n<\/div>\n<\/div>\n<\/div>\n<\/div>\n<\/div>\n<div style=\"clear: both; display: block; margin: 10px 0;\">\n<div style=\"clear: both; display: block; margin: 10px 0;\">\n<div style=\"clear: both; display: block; margin: 10px 0;\">\n<div  style=\"max-width:2560px;max-height:1920px\">\n<div style=\"clear: both; display: block; margin: 10px 0;\">\n<div style=\"clear: both; width: 100%; display: block; margin: 20px 0; padding: 0; float: none; position: static; text-align: center;\"><img decoding=\"async\"  src=\"https:\/\/a.allegroimg.com\/original\/1167bd\/6be578f7485e8c94ef316dbba525\/2x-185-55R16-OPONY-CALOROCZNE-Vredestein-Quatrac-5-87V-XL-Indeks-nosnosci-87-545-kg\" srcset=\"https:\/\/a.allegroimg.com\/original\/1167bd\/6be578f7485e8c94ef316dbba525\/2x-185-55R16-OPONY-CALOROCZNE-Vredestein-Quatrac-5-87V-XL-Indeks-nosnosci-87-545-kg 360w,https:\/\/a.allegroimg.com\/original\/1167bd\/6be578f7485e8c94ef316dbba525\/2x-185-55R16-OPONY-CALOROCZNE-Vredestein-Quatrac-5-87V-XL-Indeks-nosnosci-87-545-kg 720w,https:\/\/a.allegroimg.com\/original\/1167bd\/6be578f7485e8c94ef316dbba525\/2x-185-55R16-OPONY-CALOROCZNE-Vredestein-Quatrac-5-87V-XL-Indeks-nosnosci-87-545-kg 1024w,https:\/\/a.allegroimg.com\/original\/1167bd\/6be578f7485e8c94ef316dbba525\/2x-185-55R16-OPONY-CALOROCZNE-Vredestein-Quatrac-5-87V-XL-Indeks-nosnosci-87-545-kg 1440w,https:\/\/a.allegroimg.com\/original\/1167bd\/6be578f7485e8c94ef316dbba525\/2x-185-55R16-OPONY-CALOROCZNE-Vredestein-Quatrac-5-87V-XL-Indeks-nosnosci-87-545-kg 2560w\" sizes=\"100vw\" width=\"2560px\" alt=\"2x 185\/55R16 OPONY CA\u0141OROCZNE Vredestein Quatrac 5 87V XL Indeks no\u015bno\u015bci 87 - 545 kg\"\/ style=\"max-width: 100%; height: auto; display: block; margin: 0 auto;\"><\/div>\n<\/div>\n<\/div>\n<\/div>\n<\/div>\n<\/div>\n<\/div>\n<\/div>\n<\/div>\n<div style=\"clear: both; display: block; margin: 10px 0;\">\n","protected":false},"excerpt":{"rendered":"<p>Przedmiot aukcji :2x 185\/55R16 OPONY CA\u0141OROCZNE Vredestein Quatrac 5 87V XL dot: 1819<\/p>\n<p>Wykonywane zdj\u0119cia s\u0105 naszego autorstwa i przedstawiaj\u0105 realny wygl\u0105d oferowanego towaru<\/p>\n<p>Producent: Vredestein<\/p>\n<p>Rozmiar: 185\/55R16<\/p>\n<p>Wysoko\u015b\u0107 bie\u017cnika: 6,0<\/p>\n<p>Indeks no\u015bno\u015bci: 87 &#8211; 545 kg<\/p>\n<p>Indeks pr\u0119dko\u015bci: V do 240 km\/h<\/p>\n<p>Bie\u017cnikowana: nie<\/p>\n","protected":false},"featured_media":10504,"template":"","meta":{"_uag_custom_page_level_css":""},"product_brand":[436],"product_cat":[416,414,413,412],"product_tag":[],"class_list":{"0":"post-10503","1":"product","2":"type-product","3":"status-publish","4":"has-post-thumbnail","6":"product_brand-vredestein","7":"product_cat-caloroczne","8":"product_cat-do-samochodow-osobowych-i-suv","9":"product_cat-opony","10":"product_cat-opony-i-felgi","12":"first","13":"instock","14":"sale","15":"shipping-taxable","16":"purchasable","17":"product-type-simple"},"uagb_featured_image_src":{"full":["https:\/\/oponixo.shop\/tire\/wp-content\/uploads\/2025\/12\/allegro-image-10503.jpg",2560,1920,false],"thumbnail":["https:\/\/oponixo.shop\/tire\/wp-content\/uploads\/2025\/12\/allegro-image-10503-150x150.jpg",150,150,true],"medium":["https:\/\/oponixo.shop\/tire\/wp-content\/uploads\/2025\/12\/allegro-image-10503-300x225.jpg",300,225,true],"medium_large":["https:\/\/oponixo.shop\/tire\/wp-content\/uploads\/2025\/12\/allegro-image-10503-768x576.jpg",768,576,true],"large":["https:\/\/oponixo.shop\/tire\/wp-content\/uploads\/2025\/12\/allegro-image-10503-1024x768.jpg",1024,768,true],"1536x1536":["https:\/\/oponixo.shop\/tire\/wp-content\/uploads\/2025\/12\/allegro-image-10503-1536x1152.jpg",1536,1152,true],"2048x2048":["https:\/\/oponixo.shop\/tire\/wp-content\/uploads\/2025\/12\/allegro-image-10503-2048x1536.jpg",2048,1536,true],"woocommerce_thumbnail":["https:\/\/oponixo.shop\/tire\/wp-content\/uploads\/2025\/12\/allegro-image-10503-300x300.jpg",300,300,true],"woocommerce_single":["https:\/\/oponixo.shop\/tire\/wp-content\/uploads\/2025\/12\/allegro-image-10503-600x450.jpg",600,450,true],"woocommerce_gallery_thumbnail":["https:\/\/oponixo.shop\/tire\/wp-content\/uploads\/2025\/12\/allegro-image-10503-100x100.jpg",100,100,true]},"uagb_author_info":{"display_name":"admin","author_link":"https:\/\/oponixo.shop\/tire\/author\/"},"uagb_comment_info":0,"uagb_excerpt":"Przedmiot aukcji :2x 185\/55R16 OPONY CA\u0141OROCZNE Vredestein Quatrac 5 87V XL dot: 1819 Wykonywane zdj\u0119cia s\u0105 naszego autorstwa i przedstawiaj\u0105 realny wygl\u0105d oferowanego towaru Producent: Vredestein Rozmiar: 185\/55R16 Wysoko\u015b\u0107 bie\u017cnika: 6,0 Indeks no\u015bno\u015bci: 87 - 545 kg Indeks pr\u0119dko\u015bci: V do 240 km\/h Bie\u017cnikowana: nie","_links":{"self":[{"href":"https:\/\/oponixo.shop\/tire\/wp-json\/wp\/v2\/product\/10503","targetHints":{"allow":["GET"]}}],"collection":[{"href":"https:\/\/oponixo.shop\/tire\/wp-json\/wp\/v2\/product"}],"about":[{"href":"https:\/\/oponixo.shop\/tire\/wp-json\/wp\/v2\/types\/product"}],"wp:featuredmedia":[{"embeddable":true,"href":"https:\/\/oponixo.shop\/tire\/wp-json\/wp\/v2\/media\/10504"}],"wp:attachment":[{"href":"https:\/\/oponixo.shop\/tire\/wp-json\/wp\/v2\/media?parent=10503"}],"wp:term":[{"taxonomy":"product_brand","embeddable":true,"href":"https:\/\/oponixo.shop\/tire\/wp-json\/wp\/v2\/product_brand?post=10503"},{"taxonomy":"product_cat","embeddable":true,"href":"https:\/\/oponixo.shop\/tire\/wp-json\/wp\/v2\/product_cat?post=10503"},{"taxonomy":"product_tag","embeddable":true,"href":"https:\/\/oponixo.shop\/tire\/wp-json\/wp\/v2\/product_tag?post=10503"}],"curies":[{"name":"wp","href":"https:\/\/api.w.org\/{rel}","templated":true}]}}