{"id":10529,"date":"2025-12-31T03:30:40","date_gmt":"2025-12-31T03:30:40","guid":{"rendered":"https:\/\/oponyexpert.shop\/xef5\/produkt\/2x-michelin-205-65r15-99v-crossclimate-xl-caloroczne-2024-r\/"},"modified":"2025-12-31T03:30:41","modified_gmt":"2025-12-31T03:30:41","slug":"2x-michelin-205-65r15-99v-crossclimate-xl-caloroczne-2024-r","status":"publish","type":"product","link":"https:\/\/oponixo.shop\/tire\/produkt\/2x-michelin-205-65r15-99v-crossclimate-xl-caloroczne-2024-r\/","title":{"rendered":"2x MICHELIN 205\/65R15 99V CrossClimate+ XL ca\u0142oroczne 2024 r"},"content":{"rendered":"<div style=\"font-family: Arial, sans-serif; line-height: 1.6; color: #333; padding: 20px; clear: both; display: block; width: 100%; float: none; position: static; overflow: hidden;\">\n<div style=\"clear: both; display: block; margin: 10px 0;\">\n<div style=\"clear: both; display: block; margin: 10px 0;\">\n<div style=\"clear: both; display: block; margin: 10px 0;\">\n<h1>Rok produkcji: 2024<\/h1>\n<\/div>\n<\/div>\n<\/div>\n<div style=\"clear: both; display: block; margin: 10px 0;\">\n<div style=\"clear: both; display: block; margin: 10px 0;\">\n<div style=\"clear: both; display: block; margin: 10px 0;\">\n<div  style=\"max-width:1200px;max-height:1126px\">\n<div style=\"clear: both; display: block; margin: 10px 0;\">\n<div style=\"clear: both; width: 100%; display: block; margin: 20px 0; padding: 0; float: none; position: static; text-align: center;\"><img decoding=\"async\"  src=\"https:\/\/a.allegroimg.com\/original\/1154a0\/f7286c07477fa07fb38781f07e22\/2x-MICHELIN-205-65R15-99V-CrossClimate-XL-caloroczne-2024-r\" srcset=\"https:\/\/a.allegroimg.com\/original\/1154a0\/f7286c07477fa07fb38781f07e22\/2x-MICHELIN-205-65R15-99V-CrossClimate-XL-caloroczne-2024-r 360w,https:\/\/a.allegroimg.com\/original\/1154a0\/f7286c07477fa07fb38781f07e22\/2x-MICHELIN-205-65R15-99V-CrossClimate-XL-caloroczne-2024-r 720w,https:\/\/a.allegroimg.com\/original\/1154a0\/f7286c07477fa07fb38781f07e22\/2x-MICHELIN-205-65R15-99V-CrossClimate-XL-caloroczne-2024-r 1024w,https:\/\/a.allegroimg.com\/original\/1154a0\/f7286c07477fa07fb38781f07e22\/2x-MICHELIN-205-65R15-99V-CrossClimate-XL-caloroczne-2024-r 1200w,https:\/\/a.allegroimg.com\/original\/1154a0\/f7286c07477fa07fb38781f07e22\/2x-MICHELIN-205-65R15-99V-CrossClimate-XL-caloroczne-2024-r 1200w\" sizes=\"(min-width: 1200px) 560px, (min-width: 992px) 50vw, 100vw\" width=\"1200px\" alt=\"2x MICHELIN 205\/65R15 99V CrossClimate+ XL ca\u0142oroczne 2024 r\"\/ style=\"max-width: 100%; height: auto; display: block; margin: 0 auto;\"><\/div>\n<\/div>\n<\/div>\n<\/div>\n<\/div>\n<div style=\"clear: both; display: block; margin: 10px 0;\">\n<div style=\"clear: both; display: block; margin: 10px 0;\">\n<h1>MICHELIN CrossClimate+ 205\/65R15 99V XL<\/h1>\n<h2>E2A7F4<\/h2>\n<ul style=\"margin: 15px 0; padding-left: 20px; clear: both; display: block; width: 100%; float: none; position: static;\">\n<li style=\"margin: 5px 0; padding: 2px 0; clear: both; display: list-item; float: none; position: static;\"><b>Data produkcji :<\/b> 2024<\/li>\n<li style=\"margin: 5px 0; padding: 2px 0; clear: both; display: list-item; float: none; position: static;\"><b>Hamowanie na mokrej nawierzchni :<\/b> B<\/li>\n<li style=\"margin: 5px 0; padding: 2px 0; clear: both; display: list-item; float: none; position: static;\"><b>Indeks :<\/b> 205\/65R15 COMI 99V CRC+<\/li>\n<li style=\"margin: 5px 0; padding: 2px 0; clear: both; display: list-item; float: none; position: static;\"><b>Indeks no\u015bno\u015bci :<\/b> 99<\/li>\n<li style=\"margin: 5px 0; padding: 2px 0; clear: both; display: list-item; float: none; position: static;\"><b>Indeks pr\u0119dko\u015bci :<\/b> V &#8211; 240 km\/h<\/li>\n<li style=\"margin: 5px 0; padding: 2px 0; clear: both; display: list-item; float: none; position: static;\"><b>Karta informacyjna produktu :<\/b> https:\/\/eprel.ec.europa.eu\/qr\/412093<\/li>\n<li style=\"margin: 5px 0; padding: 2px 0; clear: both; display: list-item; float: none; position: static;\"><b>Kl. efekt. paliwowej :<\/b> B<\/li>\n<li style=\"margin: 5px 0; padding: 2px 0; clear: both; display: list-item; float: none; position: static;\"><b>Kl. przycz. na mokrej naw. :<\/b> B<\/li>\n<li style=\"margin: 5px 0; padding: 2px 0; clear: both; display: list-item; float: none; position: static;\"><b>Kl. zew. ha\u0142asu tocz. :<\/b> A<\/li>\n<li style=\"margin: 5px 0; padding: 2px 0; clear: both; display: list-item; float: none; position: static;\"><b>Klasa opony :<\/b> premium<\/li>\n<li style=\"margin: 5px 0; padding: 2px 0; clear: both; display: list-item; float: none; position: static;\"><b>Kod EAN :<\/b> 3528707783332<\/li>\n<li style=\"margin: 5px 0; padding: 2px 0; clear: both; display: list-item; float: none; position: static;\"><b>Kod producenta :<\/b> 778333<\/li>\n<li style=\"margin: 5px 0; padding: 2px 0; clear: both; display: list-item; float: none; position: static;\"><b>Liczba decybeli :<\/b> 69 dB<\/li>\n<li style=\"margin: 5px 0; padding: 2px 0; clear: both; display: list-item; float: none; position: static;\"><b>Model bie\u017cnika :<\/b> CrossClimate plus<\/li>\n<li style=\"margin: 5px 0; padding: 2px 0; clear: both; display: list-item; float: none; position: static;\"><b>Nazwa produktu :<\/b> MICHELIN 205\/65R15 99V CrossClimate+ XL ca\u0142oroczne<\/li>\n<li style=\"margin: 5px 0; padding: 2px 0; clear: both; display: list-item; float: none; position: static;\"><b>No\u015bno\u015b\u0107 opony :<\/b> XL<\/li>\n<li style=\"margin: 5px 0; padding: 2px 0; clear: both; display: list-item; float: none; position: static;\"><b>Op\u00f3r toczenia :<\/b> B<\/li>\n<li style=\"margin: 5px 0; padding: 2px 0; clear: both; display: list-item; float: none; position: static;\"><b>Poziom emisji ha\u0142asu :<\/b> 1<\/li>\n<li style=\"margin: 5px 0; padding: 2px 0; clear: both; display: list-item; float: none; position: static;\"><b>Producent :<\/b> MICHELIN<\/li>\n<li style=\"margin: 5px 0; padding: 2px 0; clear: both; display: list-item; float: none; position: static;\"><b>Profil :<\/b> 65<\/li>\n<li style=\"margin: 5px 0; padding: 2px 0; clear: both; display: list-item; float: none; position: static;\"><b>Przeznaczenie :<\/b> samochody osobowe\/SUV\/4&#215;4<\/li>\n<li style=\"margin: 5px 0; padding: 2px 0; clear: both; display: list-item; float: none; position: static;\"><b>Przyczepno\u015b\u0107 na lodzie :<\/b> Nie<\/li>\n<li style=\"margin: 5px 0; padding: 2px 0; clear: both; display: list-item; float: none; position: static;\"><b>Przyczepno\u015b\u0107 na \u015bniegu :<\/b> Tak<\/li>\n<li style=\"margin: 5px 0; padding: 2px 0; clear: both; display: list-item; float: none; position: static;\"><b>QR kod :<\/b> https:\/\/eprel.ec.europa.eu\/qr\/412093<\/li>\n<li style=\"margin: 5px 0; padding: 2px 0; clear: both; display: list-item; float: none; position: static;\"><b>Sezon :<\/b> ca\u0142oroczna<\/li>\n<li style=\"margin: 5px 0; padding: 2px 0; clear: both; display: list-item; float: none; position: static;\"><b>\u015arednica :<\/b> 15&#8243;<\/li>\n<li style=\"margin: 5px 0; padding: 2px 0; clear: both; display: list-item; float: none; position: static;\"><b>Szeroko\u015b\u0107 :<\/b> 205<\/li>\n<li style=\"margin: 5px 0; padding: 2px 0; clear: both; display: list-item; float: none; position: static;\"><b>Wart. pom. i kl. zew. ha\u0142asu tocz. [dB] :<\/b> 69<\/li>\n<\/ul>\n<\/div>\n<\/div>\n<\/div>\n<div style=\"clear: both; display: block; margin: 10px 0;\">\n<div style=\"clear: both; display: block; margin: 10px 0;\">\n<div style=\"clear: both; display: block; margin: 10px 0;\">\n<p style=\"margin: 15px 0; line-height: 1.8; clear: both; display: block; width: 100%; float: none; position: static;\"> Ciesz si\u0119 bezpieczn\u0105 jazd\u0105 na oponach ca\u0142orocznych MICHELIN CrossClimate+, przystosowanych do mokrej, suchej i o\u015bnie\u017conej nawierzchni. Model ten, to najlepiej sprzedaj\u0105ca si\u0119 w Europie opona ca\u0142oroczna [8]. Jest certyfikowana do eksploatacji na \u015bniegu jako opona zimowa [4]. Technologie EverGrip firmy MICHELIN zapewniaj\u0105 wszystkim kierowcom wysoki poziom bezpiecze\u0144stwa niezale\u017cnie od pogody [1-2-3-4] przez ca\u0142y okres eksploatacji opon. D\u0142ugotrwa\u0142e osi\u0105gi i du\u017cy przebieg sprzyjaj\u0105 doskona\u0142ej trwa\u0142o\u015bci opony [5]. Wysokie osi\u0105gi przy hamowaniu na mokrej i suchej nawierzchni [2][3] Wybierz bezpiecze\u0144stwo, na kt\u00f3rym mo\u017cesz polega\u0107 niezale\u017cnie od pogody. Doskona\u0142a przyczepno\u015b\u0107 i wysoka skuteczno\u015b\u0107 hamowania na suchych drogach dzi\u0119ki specjalnie zaprojektowanym, sztywnym i sfazowanym klockom bie\u017cnika[2]. Ponadto ultranowoczesna, zapewniaj\u0105ca bardzo wysok\u0105 przyczepno\u015b\u0107 mieszanka firmy MICHELIN poprawia elastyczno\u015b\u0107 i przyczepno\u015b\u0107 opon na mokrych drogach[3], co sprzyja wysokiemu poziomowi bezpiecze\u0144stwa i komfortu przez ca\u0142y rok. Dbaj o bezpiecze\u0144stwo zim\u0105, u\u017cywaj\u0105c opon MICHELIN CrossClimate+, certyfikowanych w zakresie trakcji na \u015bniegu [4] Opony MICHELIN CrossClimate+ s\u0105 certyfikowane do eksploatacji na \u015bniegu (3PMSF)[4], co zapewnia bezpieczn\u0105 jazd\u0119 w warunkach zimowych. Wz\u00f3r bie\u017cnika w kszta\u0142cie litery &#8222;V&#8221; oraz samoblokuj\u0105ce si\u0119, tr\u00f3jwymiarowe lamele opon MICHELIN zapewniaj\u0105 maksymalne parametry trakcji i skuteczno\u015b\u0107 hamowania na \u015bniegu przez ca\u0142y okres eksploatacji opon[1].Ciesz si\u0119 bezpieczn\u0105 jazd\u0105 na oponach ca\u0142orocznych MICHELIN CrossClimate+, przystosowanych do mokrej, suchej i o\u015bnie\u017conej nawierzchni. Model ten, to najlepiej sprzedaj\u0105ca si\u0119 w Europie opona ca\u0142oroczna [8]. Jest certyfikowana do eksploatacji na \u015bniegu jako opona zimowa [4]. Technologie EverGrip firmy MICHELIN zapewniaj\u0105 wszystkim kierowcom wysoki poziom bezpiecze\u0144stwa niezale\u017cnie od pogody [1-2-3-4] przez ca\u0142y okres eksploatacji opon. D\u0142ugotrwa\u0142e osi\u0105gi i du\u017cy przebieg sprzyjaj\u0105 doskona\u0142ej trwa\u0142o\u015bci opony [5]. <\/p>\n<p style=\"margin: 15px 0; line-height: 1.8; clear: both; display: block; width: 100%; float: none; position: static;\"> Bardzo wysoka trwa\u0142o\u015b\u0107 [5] <\/p>\n<p style=\"margin: 15px 0; line-height: 1.8; clear: both; display: block; width: 100%; float: none; position: static;\"> Na oponach MICHELIN CrossClimate+, kt\u00f3re pozwalaj\u0105 uzyska\u0107 o 28% d\u0142u\u017cszy przebieg, przejedziesz wi\u0119cej kilometr\u00f3w za te same pieni\u0105dze. Du\u017ca sztywno\u015b\u0107 rze\u017aby bie\u017cnika opon MICHELIN zwi\u0119ksza jego trwa\u0142o\u015b\u0107, dzi\u0119ki czemu mo\u017cesz u\u017cywa\u0107 tego samego kompletu jeden rok d\u0142u\u017cej [6]. &lt; [1] Od nowo\u015bci do zu\u017cycia (zu\u017cycie oznacza opony z bie\u017cnikiem startym maszynowo do g\u0142\u0119boko\u015bci wska\u017anika zu\u017cycia bie\u017cnika zgodnie z regulaminem nr 30 EWG (ECE R30r03f)) opony MICHELIN CROSSCLIMATE+ w rozmiarze 205\/55 R16 91H przewy\u017cszaj\u0105 pr\u00f3g przyczepno\u015bci na mokrej nawierzchni ustalony w regulaminie nr 117 EKG ONZ dla opon skategoryzowanych jako zwyk\u0142e i \u015bniegowe. [2] MICHELIN CrossClimate+ zaj\u0119\u0142a 2. miejsce w te\u015bcie por\u00f3wnawczym hamowania na suchej nawierzchni przeprowadzonym przez AutoBild na oponach w rozmiarze 195\/65 R15, kt\u00f3rego wyniki opublikowano 27 wrze\u015bnia 2018 r. [3] MICHELIN CrossClimate+ posiada klas\u0119 B przyczepno\u015bci na mokrej nawierzchni z europejskich etykiet. [4] MICHELIN CrossClimate+ posiada homologacj\u0119 do u\u017cytkowania na \u015bniegu (oznaczenie 3PMSF). Aby otrzyma\u0107 homologacj\u0119 3PMSF, opony musz\u0105 spe\u0142nia\u0107 wymogi poziomu bezpiecze\u0144stwa i mobilno\u015bci na \u015bniegu. [5] MICHELIN CrossClimate+ zaj\u0119\u0142a 1. miejsce w te\u015bcie por\u00f3wnawczym trwa\u0142o\u015bci przeprowadzonym przez AutoBild na oponach w rozmiarze 195\/65 R15, kt\u00f3rego wyniki opublikowano 27 wrze\u015bnia 2018 r.&#8221; <\/p>\n<\/div>\n<\/div>\n<div style=\"clear: both; display: block; margin: 10px 0;\">\n<div style=\"clear: both; display: block; margin: 10px 0;\">\n<div  style=\"max-width:886px;max-height:1299px\">\n<div style=\"clear: both; display: block; margin: 10px 0;\">\n<div style=\"clear: both; width: 100%; display: block; margin: 20px 0; padding: 0; float: none; position: static; text-align: center;\"><img decoding=\"async\"  src=\"https:\/\/a.allegroimg.com\/original\/117094\/0d77039b49cb8b195091b0f3911b\/2x-MICHELIN-205-65R15-99V-CrossClimate-XL-caloroczne-2024-r-Srednica-15\" srcset=\"https:\/\/a.allegroimg.com\/original\/117094\/0d77039b49cb8b195091b0f3911b\/2x-MICHELIN-205-65R15-99V-CrossClimate-XL-caloroczne-2024-r-Srednica-15 245w,https:\/\/a.allegroimg.com\/original\/117094\/0d77039b49cb8b195091b0f3911b\/2x-MICHELIN-205-65R15-99V-CrossClimate-XL-caloroczne-2024-r-Srednica-15 491w,https:\/\/a.allegroimg.com\/original\/117094\/0d77039b49cb8b195091b0f3911b\/2x-MICHELIN-205-65R15-99V-CrossClimate-XL-caloroczne-2024-r-Srednica-15 698w,https:\/\/a.allegroimg.com\/original\/117094\/0d77039b49cb8b195091b0f3911b\/2x-MICHELIN-205-65R15-99V-CrossClimate-XL-caloroczne-2024-r-Srednica-15 886w,https:\/\/a.allegroimg.com\/original\/117094\/0d77039b49cb8b195091b0f3911b\/2x-MICHELIN-205-65R15-99V-CrossClimate-XL-caloroczne-2024-r-Srednica-15 886w\" sizes=\"(min-width: 1200px) 560px, (min-width: 992px) 50vw, 100vw\" width=\"886px\" alt=\"2x MICHELIN 205\/65R15 99V CrossClimate+ XL ca\u0142oroczne 2024 r \u015arednica 15&quot;\"\/ style=\"max-width: 100%; height: auto; display: block; margin: 0 auto;\"><\/div>\n<\/div>\n<\/div>\n<\/div>\n<\/div>\n<\/div>\n<div style=\"clear: both; display: block; margin: 10px 0;\">\n<div style=\"clear: both; display: block; margin: 10px 0;\">\n<div style=\"clear: both; display: block; margin: 10px 0;\">\n<p style=\"margin: 15px 0; line-height: 1.8; clear: both; display: block; width: 100%; float: none; position: static;\">Wychodz\u0105c naprzeciw oczekiwaniom Klient\u00f3w i chc\u0105c spe\u0142nia\u0107 jak najwy\u017csze standardy obs\u0142ugi dok\u0142adamy wszelkich stara\u0144, aby podawa\u0107 precyzyjn\u0105 dat\u0119 produkcji opony (DOT). Niestety, w wyj\u0105tkowych przypadkach, mo\u017ce zdarzy\u0107 si\u0119, \u017ce opony, kt\u00f3re wy\u015blemy b\u0119d\u0105 mia\u0142y inn\u0105 dat\u0119 produkcji ni\u017c podana. Sytuacja mo\u017ce dotyczy\u0107 zar\u00f3wno opon z DOT-em wcze\u015bniejszym jak i p\u00f3\u017aniejszym. Chcieliby\u015bmy podkre\u015bli\u0107, \u017ce warunki przechowywania opon w naszych magazynach spe\u0142niaj\u0105 Polsk\u0105 Norm\u0119 PN-C-94300-7 dzi\u0119ki czemu nawet opona przechowywana 24 miesi\u0105ce ma parametry takie same jak opona z bie\u017c\u0105cego roku. Warto pami\u0119ta\u0107 tak\u017ce o fakcie, \u017ce w przypadku wielu rozmiar\u00f3w i producent\u00f3w plany produkcyjne fabryk uniemo\u017cliwiaj\u0105 zakup opony z bie\u017c\u0105cego roku.<\/p>\n<p style=\"margin: 15px 0; line-height: 1.8; clear: both; display: block; width: 100%; float: none; position: static;\">Przy zakupie opon pami\u0119taj o sprawdzeniu w instrukcji samochodu lub na w\u0142a\u015bciwej stronie internetowej, jakie ogumienie zaleca producent Twojego auta. \u0179le dobrane opony mog\u0105 negatywnie wp\u0142yn\u0105\u0107 na poziom Twojego bezpiecze\u0144stwa. Kupuj\u0105c opony zwr\u00f3\u0107 uwag\u0119 na rozmiar oraz indeksy no\u015bno\u015bci i pr\u0119dko\u015bci jakie homologowane s\u0105 do Twojego pojazdu.<\/p>\n<p style=\"margin: 15px 0; line-height: 1.8; clear: both; display: block; width: 100%; float: none; position: static;\">Zamieszczone zdj\u0119cia pe\u0142ni\u0105 funkcj\u0119 pogl\u0105dow\u0105. W zale\u017cno\u015bci od szeroko\u015bci opon, mog\u0105 wyst\u0119powa\u0107 niewielkie r\u00f3\u017cnice w wygl\u0105dzie bie\u017cnika (w obr\u0119bie jednego modelu) na przyk\u0142ad w ilo\u015bci rowk\u00f3w obwodowych lub rozmieszczeniu blok\u00f3w bie\u017cnika, co nie stanowi wady produktu.<\/p>\n<p style=\"margin: 15px 0; line-height: 1.8; clear: both; display: block; width: 100%; float: none; position: static;\">Je\u017celi otrzymane przez Ciebie opony nie spe\u0142niaj\u0105 Twoich oczekiwa\u0144 masz mo\u017cliwo\u015b\u0107 zwrotu lub wymiany nieu\u017cywanego (niemontowanego) ogumienia.<\/p>\n<\/div>\n<\/div>\n<\/div>\n<div style=\"clear: both; display: block; margin: 10px 0;\">\n<div style=\"clear: both; display: block; margin: 10px 0;\">\n<div style=\"clear: both; display: block; margin: 10px 0;\">\n<div  style=\"max-width:2204px;max-height:1173px\">\n<div style=\"clear: both; display: block; margin: 10px 0;\">\n<div style=\"clear: both; width: 100%; display: block; margin: 20px 0; padding: 0; float: none; position: static; text-align: center;\"><img decoding=\"async\"  src=\"https:\/\/a.allegroimg.com\/original\/1117ca\/8bd9cd69481a8c4400808b75f474\/2x-MICHELIN-205-65R15-99V-CrossClimate-XL-caloroczne-2024-r-Waga-produktu-z-opakowaniem-jednostkowym-17-4-kg\" srcset=\"https:\/\/a.allegroimg.com\/original\/1117ca\/8bd9cd69481a8c4400808b75f474\/2x-MICHELIN-205-65R15-99V-CrossClimate-XL-caloroczne-2024-r-Waga-produktu-z-opakowaniem-jednostkowym-17-4-kg 360w,https:\/\/a.allegroimg.com\/original\/1117ca\/8bd9cd69481a8c4400808b75f474\/2x-MICHELIN-205-65R15-99V-CrossClimate-XL-caloroczne-2024-r-Waga-produktu-z-opakowaniem-jednostkowym-17-4-kg 720w,https:\/\/a.allegroimg.com\/original\/1117ca\/8bd9cd69481a8c4400808b75f474\/2x-MICHELIN-205-65R15-99V-CrossClimate-XL-caloroczne-2024-r-Waga-produktu-z-opakowaniem-jednostkowym-17-4-kg 1024w,https:\/\/a.allegroimg.com\/original\/1117ca\/8bd9cd69481a8c4400808b75f474\/2x-MICHELIN-205-65R15-99V-CrossClimate-XL-caloroczne-2024-r-Waga-produktu-z-opakowaniem-jednostkowym-17-4-kg 1440w,https:\/\/a.allegroimg.com\/original\/1117ca\/8bd9cd69481a8c4400808b75f474\/2x-MICHELIN-205-65R15-99V-CrossClimate-XL-caloroczne-2024-r-Waga-produktu-z-opakowaniem-jednostkowym-17-4-kg 2204w\" sizes=\"(min-width: 1200px) 560px, (min-width: 992px) 50vw, 100vw\" width=\"2204px\" alt=\"2x MICHELIN 205\/65R15 99V CrossClimate+ XL ca\u0142oroczne 2024 r Waga produktu z opakowaniem jednostkowym 17.4 kg\"\/ style=\"max-width: 100%; height: auto; display: block; margin: 0 auto;\"><\/div>\n<\/div>\n<\/div>\n<\/div>\n<\/div>\n<div style=\"clear: both; display: block; margin: 10px 0;\">\n<div style=\"clear: both; display: block; margin: 10px 0;\">\n<h1>Michelin<\/h1>\n<p style=\"margin: 15px 0; line-height: 1.8; clear: both; display: block; width: 100%; float: none; position: static;\">Aby zapewni\u0107 jak najwi\u0119ksze bezpiecze\u0144stwo prowadzenia pojazd\u00f3w i osi\u0105gi opon, firma Michelin zaleca stosowanie opon samochodowych o jednakowym stopniu zu\u017cycia na jednej osi.<\/p>\n<p>Grupa Michelin jest liderem technologicznym \u015bwiatowej bran\u017cy opon. Firma produkuje, sprzedaje i promuje produkty, us\u0142ugi oraz serwisy w dziedzinie mobilno\u015bci. Michelin to producent opon do samochod\u00f3w osobowych, ci\u0119\u017carowych, sprz\u0119tu rolniczego i budowlanego, samolot\u00f3w, motocykli i rower\u00f3w, a tak\u017ce przewodnik\u00f3w, map, atlas\u00f3w i us\u0142ug digitalowych  <\/p>\n<p>Siedzib\u0105 Grupy jest Clermont-Ferrand we Francji. Firma zatrudnia na \u015bwiecie ponad 123,600 tys. os\u00f3b i jest obecna w 170 krajach. Michelin ma 71 zak\u0142ad\u00f3w produkcyjnych, kt\u00f3re w 2020 r. \u0142\u0105cznie wyprodukowa\u0142y oko\u0142o 170 mln opon. W Polsce Grupa Michelin ma fabryk\u0119 opon w Olsztynie oraz Dyrekcj\u0119 Handlow\u0105 w Warszawie.<\/p>\n<\/div>\n<\/div>\n<\/div>\n<\/div>\n<\/div>\n<\/div>\n<div style=\"clear: both; display: block; margin: 10px 0;\">\n","protected":false},"excerpt":{"rendered":"<p>Rok produkcji: 2024<\/p>\n<p>MICHELIN CrossClimate+ 205\/65R15 99V XL<\/p>\n<p>E2A7F4<\/p>\n<p>Data produkcji : 2024<\/p>\n<p>Hamowanie na mokrej nawierzchni : B<\/p>\n<p>Indeks : 205\/65R15 COMI 99V CRC+<\/p>\n<p>Indeks no\u015bno\u015bci : 99<\/p>\n<p>Indeks pr\u0119dko\u015bci : V &#8211; 240 km\/h<\/p>\n","protected":false},"featured_media":10530,"template":"","meta":{"_uag_custom_page_level_css":""},"product_brand":[429],"product_cat":[416,414,413,412],"product_tag":[],"class_list":{"0":"post-10529","1":"product","2":"type-product","3":"status-publish","4":"has-post-thumbnail","6":"product_brand-michelin","7":"product_cat-caloroczne","8":"product_cat-do-samochodow-osobowych-i-suv","9":"product_cat-opony","10":"product_cat-opony-i-felgi","12":"first","13":"instock","14":"sale","15":"shipping-taxable","16":"purchasable","17":"product-type-simple"},"uagb_featured_image_src":{"full":["https:\/\/oponixo.shop\/tire\/wp-content\/uploads\/2025\/12\/allegro-image-10529.jpg",1200,1126,false],"thumbnail":["https:\/\/oponixo.shop\/tire\/wp-content\/uploads\/2025\/12\/allegro-image-10529-150x150.jpg",150,150,true],"medium":["https:\/\/oponixo.shop\/tire\/wp-content\/uploads\/2025\/12\/allegro-image-10529-300x282.jpg",300,282,true],"medium_large":["https:\/\/oponixo.shop\/tire\/wp-content\/uploads\/2025\/12\/allegro-image-10529-768x721.jpg",768,721,true],"large":["https:\/\/oponixo.shop\/tire\/wp-content\/uploads\/2025\/12\/allegro-image-10529-1024x961.jpg",1024,961,true],"1536x1536":["https:\/\/oponixo.shop\/tire\/wp-content\/uploads\/2025\/12\/allegro-image-10529.jpg",1200,1126,false],"2048x2048":["https:\/\/oponixo.shop\/tire\/wp-content\/uploads\/2025\/12\/allegro-image-10529.jpg",1200,1126,false],"woocommerce_thumbnail":["https:\/\/oponixo.shop\/tire\/wp-content\/uploads\/2025\/12\/allegro-image-10529-300x300.jpg",300,300,true],"woocommerce_single":["https:\/\/oponixo.shop\/tire\/wp-content\/uploads\/2025\/12\/allegro-image-10529-600x563.jpg",600,563,true],"woocommerce_gallery_thumbnail":["https:\/\/oponixo.shop\/tire\/wp-content\/uploads\/2025\/12\/allegro-image-10529-100x100.jpg",100,100,true]},"uagb_author_info":{"display_name":"admin","author_link":"https:\/\/oponixo.shop\/tire\/author\/"},"uagb_comment_info":0,"uagb_excerpt":"Rok produkcji: 2024 MICHELIN CrossClimate+ 205\/65R15 99V XL E2A7F4 Data produkcji : 2024 Hamowanie na mokrej nawierzchni : B Indeks : 205\/65R15 COMI 99V CRC+ Indeks no\u015bno\u015bci : 99 Indeks pr\u0119dko\u015bci : V - 240 km\/h","_links":{"self":[{"href":"https:\/\/oponixo.shop\/tire\/wp-json\/wp\/v2\/product\/10529","targetHints":{"allow":["GET"]}}],"collection":[{"href":"https:\/\/oponixo.shop\/tire\/wp-json\/wp\/v2\/product"}],"about":[{"href":"https:\/\/oponixo.shop\/tire\/wp-json\/wp\/v2\/types\/product"}],"wp:featuredmedia":[{"embeddable":true,"href":"https:\/\/oponixo.shop\/tire\/wp-json\/wp\/v2\/media\/10530"}],"wp:attachment":[{"href":"https:\/\/oponixo.shop\/tire\/wp-json\/wp\/v2\/media?parent=10529"}],"wp:term":[{"taxonomy":"product_brand","embeddable":true,"href":"https:\/\/oponixo.shop\/tire\/wp-json\/wp\/v2\/product_brand?post=10529"},{"taxonomy":"product_cat","embeddable":true,"href":"https:\/\/oponixo.shop\/tire\/wp-json\/wp\/v2\/product_cat?post=10529"},{"taxonomy":"product_tag","embeddable":true,"href":"https:\/\/oponixo.shop\/tire\/wp-json\/wp\/v2\/product_tag?post=10529"}],"curies":[{"name":"wp","href":"https:\/\/api.w.org\/{rel}","templated":true}]}}