{"id":10541,"date":"2025-12-31T03:30:43","date_gmt":"2025-12-31T03:30:43","guid":{"rendered":"https:\/\/oponyexpert.shop\/xef5\/produkt\/2x-nexen-winguard-snow-g3-wh21-205-65r15-94h\/"},"modified":"2025-12-31T03:30:44","modified_gmt":"2025-12-31T03:30:44","slug":"2x-nexen-winguard-snow-g3-wh21-205-65r15-94h","status":"publish","type":"product","link":"https:\/\/oponixo.shop\/tire\/produkt\/2x-nexen-winguard-snow-g3-wh21-205-65r15-94h\/","title":{"rendered":"2x Nexen Winguard Snow G3 WH21 205\/65R15 94H"},"content":{"rendered":"<div style=\"font-family: Arial, sans-serif; line-height: 1.6; color: #333; padding: 20px; clear: both; display: block; width: 100%; float: none; position: static; overflow: hidden;\">\n<div style=\"clear: both; display: block; margin: 10px 0;\">\n<div style=\"clear: both; display: block; margin: 10px 0;\">\n<div style=\"clear: both; display: block; margin: 10px 0;\">\n<h1>Nexen Winguard Snow G3 WH21 <\/h1>\n<h1>205\/65 R15 94H do 210 km\/h<\/h1>\n<h2>Kod produktu: 8807622102622<\/h2>\n<p style=\"margin: 15px 0; line-height: 1.8; clear: both; display: block; width: 100%; float: none; position: static;\">Zimowe opony Nexen Winguard Snow&#8217;G3 WH21 to produkt cechuj\u0105cy si\u0119 znakomit\u0105 wydajno\u015bci\u0105 podczas jazdy na \u015bniegu jak i na mokrej oraz suchej nawierzchni. Opony charakteryzuj\u0105 si\u0119 rozszerzonym obszarem barkowym, kt\u00f3ry zabezpiecza wytrzyma\u0142o\u015b\u0107 tej strefy. R\u00f3\u017cne struktury lameli po\u015brodku i na barkach poprawiaj\u0105 przyczepno\u015b\u0107 a zastosowane p\u00f3\u0142-rowk\u00f3w w bloku barkowym i \u015brodkowej cz\u0119\u015bci opony maksymalizuj\u0105 przyczepno\u015b\u0107 na \u015bniegu. Kszta\u0142t cykloidalnej spirali maksymalizuje odprowadzanie wody i poprawia wydajno\u015b\u0107 produktu na lodzie i \u015bnieg<\/p>\n<h2>Zakupione na tej aukcji opony mo\u017cesz odebra\u0107 i wymieni\u0107 w jednym z naszych serwis\u00f3w: MOTOHURT MARKI &#8211; MOTOHURT WOLA &#8211; MOTOHURT MOKOT\u00d3W<\/h2>\n<\/div>\n<\/div>\n<div style=\"clear: both; display: block; margin: 10px 0;\">\n<div style=\"clear: both; display: block; margin: 10px 0;\">\n<div  style=\"max-width:750px;max-height:1024px\">\n<div style=\"clear: both; display: block; margin: 10px 0;\">\n<div style=\"clear: both; width: 100%; display: block; margin: 20px 0; padding: 0; float: none; position: static; text-align: center;\"><img decoding=\"async\"  src=\"https:\/\/a.allegroimg.com\/original\/113b69\/cfcde0074814876fa2b42d2cf36c\/2x-Nexen-Winguard-Snow-G3-WH21-205-65R15-94H\" srcset=\"https:\/\/a.allegroimg.com\/original\/113b69\/cfcde0074814876fa2b42d2cf36c\/2x-Nexen-Winguard-Snow-G3-WH21-205-65R15-94H 263w,https:\/\/a.allegroimg.com\/original\/113b69\/cfcde0074814876fa2b42d2cf36c\/2x-Nexen-Winguard-Snow-G3-WH21-205-65R15-94H 527w,https:\/\/a.allegroimg.com\/original\/113b69\/cfcde0074814876fa2b42d2cf36c\/2x-Nexen-Winguard-Snow-G3-WH21-205-65R15-94H 750w,https:\/\/a.allegroimg.com\/original\/113b69\/cfcde0074814876fa2b42d2cf36c\/2x-Nexen-Winguard-Snow-G3-WH21-205-65R15-94H 750w\" sizes=\"(min-width: 1200px) 560px, (min-width: 992px) 50vw, 100vw\" width=\"750px\" alt=\"2x Nexen Winguard Snow G3 WH21 205\/65R15 94H\"\/ style=\"max-width: 100%; height: auto; display: block; margin: 0 auto;\"><\/div>\n<\/div>\n<\/div>\n<\/div>\n<\/div>\n<\/div>\n<div style=\"clear: both; display: block; margin: 10px 0;\">\n<div style=\"clear: both; display: block; margin: 10px 0;\">\n<div style=\"clear: both; display: block; margin: 10px 0;\">\n<div  style=\"max-width:212px;max-height:305px\">\n<div style=\"clear: both; display: block; margin: 10px 0;\">\n<div style=\"clear: both; width: 100%; display: block; margin: 20px 0; padding: 0; float: none; position: static; text-align: center;\"><img decoding=\"async\"  src=\"https:\/\/a.allegroimg.com\/original\/11d108\/64e003954c4d800c7ffe16f86c1b\/2x-Nexen-Winguard-Snow-G3-WH21-205-65R15-94H-Liczba-opon-w-ofercie-2-szt\" srcset=\"https:\/\/a.allegroimg.com\/original\/11d108\/64e003954c4d800c7ffe16f86c1b\/2x-Nexen-Winguard-Snow-G3-WH21-205-65R15-94H-Liczba-opon-w-ofercie-2-szt 212w,https:\/\/a.allegroimg.com\/original\/11d108\/64e003954c4d800c7ffe16f86c1b\/2x-Nexen-Winguard-Snow-G3-WH21-205-65R15-94H-Liczba-opon-w-ofercie-2-szt 212w\" sizes=\"(min-width: 1200px) 560px, (min-width: 992px) 50vw, 100vw\" width=\"212px\" alt=\"2x Nexen Winguard Snow G3 WH21 205\/65R15 94H Liczba opon w ofercie 2 szt.\"\/ style=\"max-width: 100%; height: auto; display: block; margin: 0 auto;\"><\/div>\n<\/div>\n<\/div>\n<\/div>\n<\/div>\n<div style=\"clear: both; display: block; margin: 10px 0;\">\n<div style=\"clear: both; display: block; margin: 10px 0;\">\n<h2>Marka: Nexen<\/h2>\n<h2>Liczba opon w ofercie: 2<\/h2>\n<h2>Rok produkcji: 2023<\/h2>\n<h2>Szeroko\u015b\u0107 opony: 205 mm<\/h2>\n<h2>Profil opony: 65<\/h2>\n<h2>\u015arednica: 15<\/h2>\n<h2>Indeks no\u015bno\u015bci: 94<\/h2>\n<h2>Indeks pr\u0119dko\u015bci: H do 210 km\/h<\/h2>\n<h2>Op\u00f3r toczenia: Klasa D<\/h2>\n<h2>Przyczepno\u015b\u0107 na mokrej nawierzchni: Klasa B<\/h2>\n<h2>Ha\u0142as zewn\u0119trzny: 72 dB<\/h2>\n<h2>Kod producenta: 16544<\/h2>\n<h2>Sezon: Zimowe<\/h2>\n<\/div>\n<\/div>\n<\/div>\n<\/div>\n<\/div>\n<\/div>\n<div style=\"clear: both; display: block; margin: 10px 0;\">\n","protected":false},"excerpt":{"rendered":"<p>Nexen Winguard Snow G3 WH21<\/p>\n<p>205\/65 R15 94H do 210 km\/h<\/p>\n<p>Kod produktu: 8807622102622<\/p>\n","protected":false},"featured_media":10542,"template":"","meta":{"_uag_custom_page_level_css":""},"product_brand":[392],"product_cat":[414,413,412,415],"product_tag":[],"class_list":{"0":"post-10541","1":"product","2":"type-product","3":"status-publish","4":"has-post-thumbnail","6":"product_brand-nexen","7":"product_cat-do-samochodow-osobowych-i-suv","8":"product_cat-opony","9":"product_cat-opony-i-felgi","10":"product_cat-zimowe","12":"first","13":"instock","14":"sale","15":"shipping-taxable","16":"purchasable","17":"product-type-simple"},"uagb_featured_image_src":{"full":["https:\/\/oponixo.shop\/tire\/wp-content\/uploads\/2025\/12\/allegro-image-10541.jpg",750,1024,false],"thumbnail":["https:\/\/oponixo.shop\/tire\/wp-content\/uploads\/2025\/12\/allegro-image-10541-150x150.jpg",150,150,true],"medium":["https:\/\/oponixo.shop\/tire\/wp-content\/uploads\/2025\/12\/allegro-image-10541-220x300.jpg",220,300,true],"medium_large":["https:\/\/oponixo.shop\/tire\/wp-content\/uploads\/2025\/12\/allegro-image-10541.jpg",750,1024,false],"large":["https:\/\/oponixo.shop\/tire\/wp-content\/uploads\/2025\/12\/allegro-image-10541.jpg",750,1024,false],"1536x1536":["https:\/\/oponixo.shop\/tire\/wp-content\/uploads\/2025\/12\/allegro-image-10541.jpg",750,1024,false],"2048x2048":["https:\/\/oponixo.shop\/tire\/wp-content\/uploads\/2025\/12\/allegro-image-10541.jpg",750,1024,false],"woocommerce_thumbnail":["https:\/\/oponixo.shop\/tire\/wp-content\/uploads\/2025\/12\/allegro-image-10541-300x300.jpg",300,300,true],"woocommerce_single":["https:\/\/oponixo.shop\/tire\/wp-content\/uploads\/2025\/12\/allegro-image-10541-600x819.jpg",600,819,true],"woocommerce_gallery_thumbnail":["https:\/\/oponixo.shop\/tire\/wp-content\/uploads\/2025\/12\/allegro-image-10541-100x100.jpg",100,100,true]},"uagb_author_info":{"display_name":"admin","author_link":"https:\/\/oponixo.shop\/tire\/author\/"},"uagb_comment_info":0,"uagb_excerpt":"Nexen Winguard Snow G3 WH21 205\/65 R15 94H do 210 km\/h Kod produktu: 8807622102622","_links":{"self":[{"href":"https:\/\/oponixo.shop\/tire\/wp-json\/wp\/v2\/product\/10541","targetHints":{"allow":["GET"]}}],"collection":[{"href":"https:\/\/oponixo.shop\/tire\/wp-json\/wp\/v2\/product"}],"about":[{"href":"https:\/\/oponixo.shop\/tire\/wp-json\/wp\/v2\/types\/product"}],"wp:featuredmedia":[{"embeddable":true,"href":"https:\/\/oponixo.shop\/tire\/wp-json\/wp\/v2\/media\/10542"}],"wp:attachment":[{"href":"https:\/\/oponixo.shop\/tire\/wp-json\/wp\/v2\/media?parent=10541"}],"wp:term":[{"taxonomy":"product_brand","embeddable":true,"href":"https:\/\/oponixo.shop\/tire\/wp-json\/wp\/v2\/product_brand?post=10541"},{"taxonomy":"product_cat","embeddable":true,"href":"https:\/\/oponixo.shop\/tire\/wp-json\/wp\/v2\/product_cat?post=10541"},{"taxonomy":"product_tag","embeddable":true,"href":"https:\/\/oponixo.shop\/tire\/wp-json\/wp\/v2\/product_tag?post=10541"}],"curies":[{"name":"wp","href":"https:\/\/api.w.org\/{rel}","templated":true}]}}