{"id":10553,"date":"2025-12-31T03:30:47","date_gmt":"2025-12-31T03:30:47","guid":{"rendered":"https:\/\/oponyexpert.shop\/xef5\/produkt\/2x-opona-zimowa-goodride-z-507-245-50r19-105-h-3pmsf\/"},"modified":"2025-12-31T03:30:47","modified_gmt":"2025-12-31T03:30:47","slug":"2x-opona-zimowa-goodride-z-507-245-50r19-105-h-3pmsf","status":"publish","type":"product","link":"https:\/\/oponixo.shop\/tire\/produkt\/2x-opona-zimowa-goodride-z-507-245-50r19-105-h-3pmsf\/","title":{"rendered":"2x Opona zimowa Goodride Z-507 245\/50R19 105 H (3PMSF)"},"content":{"rendered":"<div style=\"font-family: Arial, sans-serif; line-height: 1.6; color: #333; padding: 20px; clear: both; display: block; width: 100%; float: none; position: static; overflow: hidden;\">\n<div style=\"clear: both; display: block; margin: 10px 0;\">\n<div style=\"clear: both; display: block; margin: 10px 0;\">\n<div style=\"clear: both; display: block; margin: 10px 0;\">\n<h2>Goodride Z507 245\/50R19 105 H XL 3PMSF<\/h2>\n<p style=\"margin: 15px 0; line-height: 1.8; clear: both; display: block; width: 100%; float: none; position: static;\">Producent: Goodride<\/p>\n<p style=\"margin: 15px 0; line-height: 1.8; clear: both; display: block; width: 100%; float: none; position: static;\">Model: Z507<\/p>\n<p style=\"margin: 15px 0; line-height: 1.8; clear: both; display: block; width: 100%; float: none; position: static;\">Sezon: zimowe<\/p>\n<p style=\"margin: 15px 0; line-height: 1.8; clear: both; display: block; width: 100%; float: none; position: static;\">Rozmiar: 245\/50R19<\/p>\n<p style=\"margin: 15px 0; line-height: 1.8; clear: both; display: block; width: 100%; float: none; position: static;\">Data produkcji: do 36 miesi\u0119cy<\/p>\n<p style=\"margin: 15px 0; line-height: 1.8; clear: both; display: block; width: 100%; float: none; position: static;\">Zu\u017cycie paliwa: klasa C<\/p>\n<p style=\"margin: 15px 0; line-height: 1.8; clear: both; display: block; width: 100%; float: none; position: static;\">Przyczepno\u015b\u0107 na mokrym: klasa C<\/p>\n<p style=\"margin: 15px 0; line-height: 1.8; clear: both; display: block; width: 100%; float: none; position: static;\">Poziom ha\u0142asu: 72 dB<\/p>\n<\/div>\n<\/div>\n<\/div>\n<div style=\"clear: both; display: block; margin: 10px 0;\">\n<div style=\"clear: both; display: block; margin: 10px 0;\">\n<div style=\"clear: both; display: block; margin: 10px 0;\">\n<div  style=\"max-width:2000px;max-height:2000px\">\n<div style=\"clear: both; display: block; margin: 10px 0;\">\n<div style=\"clear: both; width: 100%; display: block; margin: 20px 0; padding: 0; float: none; position: static; text-align: center;\"><img decoding=\"async\"  src=\"https:\/\/a.allegroimg.com\/original\/11fbee\/2fc6e9c94c588fbbd8088524d246\/2x-Opona-zimowa-Goodride-Z-507-245-50R19-105-H-3PMSF\" srcset=\"https:\/\/a.allegroimg.com\/original\/11fbee\/2fc6e9c94c588fbbd8088524d246\/2x-Opona-zimowa-Goodride-Z-507-245-50R19-105-H-3PMSF 360w,https:\/\/a.allegroimg.com\/original\/11fbee\/2fc6e9c94c588fbbd8088524d246\/2x-Opona-zimowa-Goodride-Z-507-245-50R19-105-H-3PMSF 720w,https:\/\/a.allegroimg.com\/original\/11fbee\/2fc6e9c94c588fbbd8088524d246\/2x-Opona-zimowa-Goodride-Z-507-245-50R19-105-H-3PMSF 1024w,https:\/\/a.allegroimg.com\/original\/11fbee\/2fc6e9c94c588fbbd8088524d246\/2x-Opona-zimowa-Goodride-Z-507-245-50R19-105-H-3PMSF 1440w,https:\/\/a.allegroimg.com\/original\/11fbee\/2fc6e9c94c588fbbd8088524d246\/2x-Opona-zimowa-Goodride-Z-507-245-50R19-105-H-3PMSF 2000w\" sizes=\"(min-width: 1200px) 560px, (min-width: 992px) 50vw, 100vw\" width=\"2000px\" alt=\"2x Opona zimowa Goodride Z-507 245\/50R19 105 H (3PMSF)\"\/ style=\"max-width: 100%; height: auto; display: block; margin: 0 auto;\"><\/div>\n<\/div>\n<\/div>\n<\/div>\n<\/div>\n<div style=\"clear: both; display: block; margin: 10px 0;\">\n<div style=\"clear: both; display: block; margin: 10px 0;\">\n<h1>Goodride Z507 \u2013 zim\u00f3wka do aut osobowych, SUV-\u00f3w i VAN-\u00f3w<\/h1>\n<p style=\"margin: 15px 0; line-height: 1.8; clear: both; display: block; width: 100%; float: none; position: static;\">Goodride Z507 to zimowa opona klasy ekonomicznej, zaprojektowana z my\u015bl\u0105 o autach osobowych, SUV-ach oraz lekkich VAN-ach. Dzi\u0119ki szerokiej dost\u0119pno\u015bci rozmiar\u00f3w stanowi atrakcyjn\u0105 propozycj\u0119 dla kierowc\u00f3w r\u00f3\u017cnych typ\u00f3w pojazd\u00f3w. Opona posiada asymetryczny bie\u017cnik, co oznacza, \u017ce jej zewn\u0119trzna i wewn\u0119trzna cz\u0119\u015b\u0107 zosta\u0142y zaprojektowane z odmienn\u0105 funkcj\u0105. Taka konstrukcja poprawia stabilno\u015b\u0107 na suchej nawierzchni oraz zwi\u0119ksza bezpiecze\u0144stwo na mokrej i za\u015bnie\u017conej drodze. Liczne lamele oraz szerokie rowki wspomagaj\u0105 odprowadzanie wody i b\u0142ota po\u015bniegowego, minimalizuj\u0105c ryzyko po\u015blizgu w typowo zimowych warunkach.<\/p>\n<\/div>\n<\/div>\n<\/div>\n<div style=\"clear: both; display: block; margin: 10px 0;\">\n<div style=\"clear: both; display: block; margin: 10px 0;\">\n<div style=\"clear: both; display: block; margin: 10px 0;\">\n<h1>Dobre osi\u0105gi w swojej klasie<\/h1>\n<p style=\"margin: 15px 0; line-height: 1.8; clear: both; display: block; width: 100%; float: none; position: static;\">Dzi\u0119ki asymetrycznej budowie bie\u017cnika oraz odpowiednio dobranej mieszance gumowej opona oferuje stabilne prowadzenie i pewno\u015b\u0107 jazdy w r\u00f3\u017cnych warunkach zimowych. Kierowcy ceni\u0105 j\u0105 za komfort akustyczny, przewidywalne zachowanie na drodze oraz solidno\u015b\u0107 podczas jazdy miejskiej i w trasie. To opona zaprojektowana z my\u015bl\u0105 o codziennym u\u017cytkowaniu \u2013 \u0142\u0105czy niez\u0142e osi\u0105gi z korzystn\u0105 cen\u0105, co czyni j\u0105 ch\u0119tnie wybieran\u0105 opcj\u0105 w segmencie bud\u017cetowym.<\/p>\n<\/div>\n<\/div>\n<\/div>\n<\/div>\n<\/div>\n<\/div>\n<div style=\"clear: both; display: block; margin: 10px 0;\">\n","protected":false},"excerpt":{"rendered":"<p>Goodride Z507 245\/50R19 105 H XL 3PMSF<\/p>\n<p>Producent: Goodride<\/p>\n<p>Model: Z507<\/p>\n<p>Sezon: zimowe<\/p>\n<p>Rozmiar: 245\/50R19<\/p>\n<p>Data produkcji: do 36 miesi\u0119cy<\/p>\n<p>Zu\u017cycie paliwa: klasa C<\/p>\n<p>Przyczepno\u015b\u0107 na mokrym: klasa C<\/p>\n","protected":false},"featured_media":10554,"template":"","meta":{"_uag_custom_page_level_css":""},"product_brand":[379],"product_cat":[414,413,412,415],"product_tag":[],"class_list":{"0":"post-10553","1":"product","2":"type-product","3":"status-publish","4":"has-post-thumbnail","6":"product_brand-goodride","7":"product_cat-do-samochodow-osobowych-i-suv","8":"product_cat-opony","9":"product_cat-opony-i-felgi","10":"product_cat-zimowe","12":"first","13":"instock","14":"sale","15":"shipping-taxable","16":"purchasable","17":"product-type-simple"},"uagb_featured_image_src":{"full":["https:\/\/oponixo.shop\/tire\/wp-content\/uploads\/2025\/12\/allegro-image-10553.jpg",2000,2000,false],"thumbnail":["https:\/\/oponixo.shop\/tire\/wp-content\/uploads\/2025\/12\/allegro-image-10553-150x150.jpg",150,150,true],"medium":["https:\/\/oponixo.shop\/tire\/wp-content\/uploads\/2025\/12\/allegro-image-10553-300x300.jpg",300,300,true],"medium_large":["https:\/\/oponixo.shop\/tire\/wp-content\/uploads\/2025\/12\/allegro-image-10553-768x768.jpg",768,768,true],"large":["https:\/\/oponixo.shop\/tire\/wp-content\/uploads\/2025\/12\/allegro-image-10553-1024x1024.jpg",1024,1024,true],"1536x1536":["https:\/\/oponixo.shop\/tire\/wp-content\/uploads\/2025\/12\/allegro-image-10553-1536x1536.jpg",1536,1536,true],"2048x2048":["https:\/\/oponixo.shop\/tire\/wp-content\/uploads\/2025\/12\/allegro-image-10553.jpg",2000,2000,false],"woocommerce_thumbnail":["https:\/\/oponixo.shop\/tire\/wp-content\/uploads\/2025\/12\/allegro-image-10553-300x300.jpg",300,300,true],"woocommerce_single":["https:\/\/oponixo.shop\/tire\/wp-content\/uploads\/2025\/12\/allegro-image-10553-600x600.jpg",600,600,true],"woocommerce_gallery_thumbnail":["https:\/\/oponixo.shop\/tire\/wp-content\/uploads\/2025\/12\/allegro-image-10553-100x100.jpg",100,100,true]},"uagb_author_info":{"display_name":"admin","author_link":"https:\/\/oponixo.shop\/tire\/author\/"},"uagb_comment_info":0,"uagb_excerpt":"Goodride Z507 245\/50R19 105 H XL 3PMSF Producent: Goodride Model: Z507 Sezon: zimowe Rozmiar: 245\/50R19 Data produkcji: do 36 miesi\u0119cy Zu\u017cycie paliwa: klasa C Przyczepno\u015b\u0107 na mokrym: klasa C","_links":{"self":[{"href":"https:\/\/oponixo.shop\/tire\/wp-json\/wp\/v2\/product\/10553","targetHints":{"allow":["GET"]}}],"collection":[{"href":"https:\/\/oponixo.shop\/tire\/wp-json\/wp\/v2\/product"}],"about":[{"href":"https:\/\/oponixo.shop\/tire\/wp-json\/wp\/v2\/types\/product"}],"wp:featuredmedia":[{"embeddable":true,"href":"https:\/\/oponixo.shop\/tire\/wp-json\/wp\/v2\/media\/10554"}],"wp:attachment":[{"href":"https:\/\/oponixo.shop\/tire\/wp-json\/wp\/v2\/media?parent=10553"}],"wp:term":[{"taxonomy":"product_brand","embeddable":true,"href":"https:\/\/oponixo.shop\/tire\/wp-json\/wp\/v2\/product_brand?post=10553"},{"taxonomy":"product_cat","embeddable":true,"href":"https:\/\/oponixo.shop\/tire\/wp-json\/wp\/v2\/product_cat?post=10553"},{"taxonomy":"product_tag","embeddable":true,"href":"https:\/\/oponixo.shop\/tire\/wp-json\/wp\/v2\/product_tag?post=10553"}],"curies":[{"name":"wp","href":"https:\/\/api.w.org\/{rel}","templated":true}]}}