{"id":10555,"date":"2025-12-31T03:30:47","date_gmt":"2025-12-31T03:30:47","guid":{"rendered":"https:\/\/oponyexpert.shop\/xef5\/produkt\/2x-bridgestone-blizzak-lm005-245-50r19-105h\/"},"modified":"2025-12-31T03:30:48","modified_gmt":"2025-12-31T03:30:48","slug":"2x-bridgestone-blizzak-lm005-245-50r19-105h","status":"publish","type":"product","link":"https:\/\/oponixo.shop\/tire\/produkt\/2x-bridgestone-blizzak-lm005-245-50r19-105h\/","title":{"rendered":"2x Bridgestone Blizzak LM005 245\/50R19 105H"},"content":{"rendered":"<div style=\"font-family: Arial, sans-serif; line-height: 1.6; color: #333; padding: 20px; clear: both; display: block; width: 100%; float: none; position: static; overflow: hidden;\">\n<div style=\"clear: both; display: block; margin: 10px 0;\">\n<div style=\"clear: both; display: block; margin: 10px 0;\">\n<div style=\"clear: both; display: block; margin: 10px 0;\">\n<h1>2x nowe opony zimowe BRIDGESTONE BLIZZAK LM005 245\/50R19 105H<\/h1>\n<p style=\"margin: 15px 0; line-height: 1.8; clear: both; display: block; width: 100%; float: none; position: static;\">Cechy produktu<\/p>\n<ul style=\"margin: 15px 0; padding-left: 20px; clear: both; display: block; width: 100%; float: none; position: static;\">\n<li style=\"margin: 5px 0; padding: 2px 0; clear: both; display: list-item; float: none; position: static;\">Marka: Bridgestone<\/li>\n<li style=\"margin: 5px 0; padding: 2px 0; clear: both; display: list-item; float: none; position: static;\">Model: Blizzak LM005<\/li>\n<li style=\"margin: 5px 0; padding: 2px 0; clear: both; display: list-item; float: none; position: static;\">Szeroko\u015b\u0107\/profil\/\u015brednica: 245\/50R19<\/li>\n<li style=\"margin: 5px 0; padding: 2px 0; clear: both; display: list-item; float: none; position: static;\">Indeks no\u015bno\u015bci: do 105 (925 kg na opon\u0119)<\/li>\n<li style=\"margin: 5px 0; padding: 2px 0; clear: both; display: list-item; float: none; position: static;\">Indeks pr\u0119dko\u015bci: H (do 210 km\/h)<\/li>\n<li style=\"margin: 5px 0; padding: 2px 0; clear: both; display: list-item; float: none; position: static;\">Sezon: zimowe<\/li>\n<li style=\"margin: 5px 0; padding: 2px 0; clear: both; display: list-item; float: none; position: static;\">Typ pojazdu: osobowy<\/li>\n<li style=\"margin: 5px 0; padding: 2px 0; clear: both; display: list-item; float: none; position: static;\">Klasa energetyczna: C<\/li>\n<li style=\"margin: 5px 0; padding: 2px 0; clear: both; display: list-item; float: none; position: static;\">Klasa przyczepno\u015bci: B<\/li>\n<li style=\"margin: 5px 0; padding: 2px 0; clear: both; display: list-item; float: none; position: static;\">Poziom ha\u0142asu: 72<\/li>\n<li style=\"margin: 5px 0; padding: 2px 0; clear: both; display: list-item; float: none; position: static;\">Klasa ha\u0142asu: B<\/li>\n<li style=\"margin: 5px 0; padding: 2px 0; clear: both; display: list-item; float: none; position: static;\">Rok produkcji: 2024\/2025<\/li>\n<li style=\"margin: 5px 0; padding: 2px 0; clear: both; display: list-item; float: none; position: static;\">Oznaczenia_dodatkowe: XL<\/li>\n<\/ul>\n<\/div>\n<\/div>\n<div style=\"clear: both; display: block; margin: 10px 0;\">\n<div style=\"clear: both; display: block; margin: 10px 0;\">\n<div  style=\"max-width:607px;max-height:800px\">\n<div style=\"clear: both; display: block; margin: 10px 0;\">\n<div style=\"clear: both; width: 100%; display: block; margin: 20px 0; padding: 0; float: none; position: static; text-align: center;\"><img decoding=\"async\"  src=\"https:\/\/a.allegroimg.com\/original\/11c73f\/684b5ad8420684d2f03738296011\/2x-Bridgestone-Blizzak-LM005-245-50R19-105H\" srcset=\"https:\/\/a.allegroimg.com\/original\/11c73f\/684b5ad8420684d2f03738296011\/2x-Bridgestone-Blizzak-LM005-245-50R19-105H 273w,https:\/\/a.allegroimg.com\/original\/11c73f\/684b5ad8420684d2f03738296011\/2x-Bridgestone-Blizzak-LM005-245-50R19-105H 546w,https:\/\/a.allegroimg.com\/original\/11c73f\/684b5ad8420684d2f03738296011\/2x-Bridgestone-Blizzak-LM005-245-50R19-105H 607w,https:\/\/a.allegroimg.com\/original\/11c73f\/684b5ad8420684d2f03738296011\/2x-Bridgestone-Blizzak-LM005-245-50R19-105H 607w\" sizes=\"(min-width: 1200px) 560px, (min-width: 992px) 50vw, 100vw\" width=\"607px\" alt=\"2x Bridgestone Blizzak LM005 245\/50R19 105H\"\/ style=\"max-width: 100%; height: auto; display: block; margin: 0 auto;\"><\/div>\n<\/div>\n<\/div>\n<\/div>\n<\/div>\n<\/div>\n<div style=\"clear: both; display: block; margin: 10px 0;\">\n<div style=\"clear: both; display: block; margin: 10px 0;\">\n<div style=\"clear: both; display: block; margin: 10px 0;\">\n<div  style=\"max-width:212px;max-height:305px\">\n<div style=\"clear: both; display: block; margin: 10px 0;\">\n<div style=\"clear: both; width: 100%; display: block; margin: 20px 0; padding: 0; float: none; position: static; text-align: center;\"><img decoding=\"async\"  src=\"https:\/\/a.allegroimg.com\/original\/11a167\/2b3ff6564e0ba18885edd3a1187f\/2x-Bridgestone-Blizzak-LM005-245-50R19-105H-Liczba-opon-w-ofercie-2-szt\" srcset=\"https:\/\/a.allegroimg.com\/original\/11a167\/2b3ff6564e0ba18885edd3a1187f\/2x-Bridgestone-Blizzak-LM005-245-50R19-105H-Liczba-opon-w-ofercie-2-szt 212w,https:\/\/a.allegroimg.com\/original\/11a167\/2b3ff6564e0ba18885edd3a1187f\/2x-Bridgestone-Blizzak-LM005-245-50R19-105H-Liczba-opon-w-ofercie-2-szt 212w\" sizes=\"(min-width: 1200px) 560px, (min-width: 992px) 50vw, 100vw\" width=\"212px\" alt=\"2x Bridgestone Blizzak LM005 245\/50R19 105H Liczba opon w ofercie 2 szt.\"\/ style=\"max-width: 100%; height: auto; display: block; margin: 0 auto;\"><\/div>\n<\/div>\n<\/div>\n<\/div>\n<\/div>\n<div style=\"clear: both; display: block; margin: 10px 0;\">\n<div style=\"clear: both; display: block; margin: 10px 0;\">\n<div  style=\"max-width:2560px;max-height:480px\">\n<div style=\"clear: both; display: block; margin: 10px 0;\">\n<div style=\"clear: both; width: 100%; display: block; margin: 20px 0; padding: 0; float: none; position: static; text-align: center;\"><img decoding=\"async\"  src=\"https:\/\/a.allegroimg.com\/original\/11c2d9\/b16704b348a9837e561feba207c7\/2x-Bridgestone-Blizzak-LM005-245-50R19-105H-Marka-Bridgestone\" srcset=\"https:\/\/a.allegroimg.com\/original\/11c2d9\/b16704b348a9837e561feba207c7\/2x-Bridgestone-Blizzak-LM005-245-50R19-105H-Marka-Bridgestone 360w,https:\/\/a.allegroimg.com\/original\/11c2d9\/b16704b348a9837e561feba207c7\/2x-Bridgestone-Blizzak-LM005-245-50R19-105H-Marka-Bridgestone 720w,https:\/\/a.allegroimg.com\/original\/11c2d9\/b16704b348a9837e561feba207c7\/2x-Bridgestone-Blizzak-LM005-245-50R19-105H-Marka-Bridgestone 1024w,https:\/\/a.allegroimg.com\/original\/11c2d9\/b16704b348a9837e561feba207c7\/2x-Bridgestone-Blizzak-LM005-245-50R19-105H-Marka-Bridgestone 1440w,https:\/\/a.allegroimg.com\/original\/11c2d9\/b16704b348a9837e561feba207c7\/2x-Bridgestone-Blizzak-LM005-245-50R19-105H-Marka-Bridgestone 2560w\" sizes=\"(min-width: 1200px) 560px, (min-width: 992px) 50vw, 100vw\" width=\"2560px\" alt=\"2x Bridgestone Blizzak LM005 245\/50R19 105H Marka Bridgestone\"\/ style=\"max-width: 100%; height: auto; display: block; margin: 0 auto;\"><\/div>\n<\/div>\n<\/div>\n<\/div>\n<\/div>\n<\/div>\n<div style=\"clear: both; display: block; margin: 10px 0;\">\n<div style=\"clear: both; display: block; margin: 10px 0;\">\n<div style=\"clear: both; display: block; margin: 10px 0;\">\n<p style=\"margin: 15px 0; line-height: 1.8; clear: both; display: block; width: 100%; float: none; position: static;\">Bridgestone to japo\u0144ska firma powsta\u0142a w 1931 roku, obecnie najwi\u0119kszy producent opon na \u015bwiecie. Koncern posiada ponad 140 fabryk w ponad 20 krajach na ca\u0142ym \u015bwiecie. Dwie fabryki znajduj\u0105 si\u0119 w Polsce &#8211; w Poznaniu i Stargardzie Szczeci\u0144skim. Opony Bridgestone s\u0105 montowane na pierwsze wyposa\u017cenie wielu \u015bwiatowych producent\u00f3w samochodowych &#8211; m.in. Audi, BMW, Opel, Fiat, Toyota, Renault, Peugeot, Mercedes czy Volkswagen<\/p>\n<\/div>\n<\/div>\n<\/div>\n<\/div>\n<\/div>\n<\/div>\n<div style=\"clear: both; display: block; margin: 10px 0;\">\n","protected":false},"excerpt":{"rendered":"<p>2x nowe opony zimowe BRIDGESTONE BLIZZAK LM005 245\/50R19 105H<\/p>\n<p>Cechy produktu<\/p>\n<p>Marka: Bridgestone<\/p>\n<p>Model: Blizzak LM005<\/p>\n<p>Szeroko\u015b\u0107\/profil\/\u015brednica: 245\/50R19<\/p>\n<p>Indeks no\u015bno\u015bci: do 105 (925 kg na opon\u0119)<\/p>\n<p>Indeks pr\u0119dko\u015bci: H (do 210 km\/h)<\/p>\n<p>Sezon: zimowe<\/p>\n","protected":false},"featured_media":10556,"template":"","meta":{"_uag_custom_page_level_css":""},"product_brand":[397],"product_cat":[414,413,412,415],"product_tag":[],"class_list":{"0":"post-10555","1":"product","2":"type-product","3":"status-publish","4":"has-post-thumbnail","6":"product_brand-bridgestone","7":"product_cat-do-samochodow-osobowych-i-suv","8":"product_cat-opony","9":"product_cat-opony-i-felgi","10":"product_cat-zimowe","12":"first","13":"instock","14":"sale","15":"shipping-taxable","16":"purchasable","17":"product-type-simple"},"uagb_featured_image_src":{"full":["https:\/\/oponixo.shop\/tire\/wp-content\/uploads\/2025\/12\/allegro-image-10555.jpg",607,800,false],"thumbnail":["https:\/\/oponixo.shop\/tire\/wp-content\/uploads\/2025\/12\/allegro-image-10555-150x150.jpg",150,150,true],"medium":["https:\/\/oponixo.shop\/tire\/wp-content\/uploads\/2025\/12\/allegro-image-10555-228x300.jpg",228,300,true],"medium_large":["https:\/\/oponixo.shop\/tire\/wp-content\/uploads\/2025\/12\/allegro-image-10555.jpg",607,800,false],"large":["https:\/\/oponixo.shop\/tire\/wp-content\/uploads\/2025\/12\/allegro-image-10555.jpg",607,800,false],"1536x1536":["https:\/\/oponixo.shop\/tire\/wp-content\/uploads\/2025\/12\/allegro-image-10555.jpg",607,800,false],"2048x2048":["https:\/\/oponixo.shop\/tire\/wp-content\/uploads\/2025\/12\/allegro-image-10555.jpg",607,800,false],"woocommerce_thumbnail":["https:\/\/oponixo.shop\/tire\/wp-content\/uploads\/2025\/12\/allegro-image-10555-300x300.jpg",300,300,true],"woocommerce_single":["https:\/\/oponixo.shop\/tire\/wp-content\/uploads\/2025\/12\/allegro-image-10555-600x791.jpg",600,791,true],"woocommerce_gallery_thumbnail":["https:\/\/oponixo.shop\/tire\/wp-content\/uploads\/2025\/12\/allegro-image-10555-100x100.jpg",100,100,true]},"uagb_author_info":{"display_name":"admin","author_link":"https:\/\/oponixo.shop\/tire\/author\/"},"uagb_comment_info":0,"uagb_excerpt":"2x nowe opony zimowe BRIDGESTONE BLIZZAK LM005 245\/50R19 105H Cechy produktu Marka: Bridgestone Model: Blizzak LM005 Szeroko\u015b\u0107\/profil\/\u015brednica: 245\/50R19 Indeks no\u015bno\u015bci: do 105 (925 kg na opon\u0119) Indeks pr\u0119dko\u015bci: H (do 210 km\/h) Sezon: zimowe","_links":{"self":[{"href":"https:\/\/oponixo.shop\/tire\/wp-json\/wp\/v2\/product\/10555","targetHints":{"allow":["GET"]}}],"collection":[{"href":"https:\/\/oponixo.shop\/tire\/wp-json\/wp\/v2\/product"}],"about":[{"href":"https:\/\/oponixo.shop\/tire\/wp-json\/wp\/v2\/types\/product"}],"wp:featuredmedia":[{"embeddable":true,"href":"https:\/\/oponixo.shop\/tire\/wp-json\/wp\/v2\/media\/10556"}],"wp:attachment":[{"href":"https:\/\/oponixo.shop\/tire\/wp-json\/wp\/v2\/media?parent=10555"}],"wp:term":[{"taxonomy":"product_brand","embeddable":true,"href":"https:\/\/oponixo.shop\/tire\/wp-json\/wp\/v2\/product_brand?post=10555"},{"taxonomy":"product_cat","embeddable":true,"href":"https:\/\/oponixo.shop\/tire\/wp-json\/wp\/v2\/product_cat?post=10555"},{"taxonomy":"product_tag","embeddable":true,"href":"https:\/\/oponixo.shop\/tire\/wp-json\/wp\/v2\/product_tag?post=10555"}],"curies":[{"name":"wp","href":"https:\/\/api.w.org\/{rel}","templated":true}]}}