{"id":10587,"date":"2025-12-31T03:30:56","date_gmt":"2025-12-31T03:30:56","guid":{"rendered":"https:\/\/oponyexpert.shop\/xef5\/produkt\/westlake-zupereco-z-401-235-60r17-opony\/"},"modified":"2025-12-31T03:30:56","modified_gmt":"2025-12-31T03:30:56","slug":"westlake-zupereco-z-401-235-60r17-opony","status":"publish","type":"product","link":"https:\/\/oponixo.shop\/tire\/produkt\/westlake-zupereco-z-401-235-60r17-opony\/","title":{"rendered":"Westlake ZuperEco Z-401 235\/60R17 Opony"},"content":{"rendered":"<div style=\"font-family: Arial, sans-serif; line-height: 1.6; color: #333; padding: 20px; clear: both; display: block; width: 100%; float: none; position: static; overflow: hidden;\">\n<div style=\"clear: both; display: block; margin: 10px 0;\">\n<div style=\"clear: both; display: block; margin: 10px 0;\">\n<div style=\"clear: both; display: block; margin: 10px 0;\">\n<h1>Przedmiotem aukcji s\u0105 dwie opony<\/h1>\n<h1>Westlake ZuperEco Z-401 235\/60R17 Opony<\/h1>\n<\/div>\n<\/div>\n<\/div>\n<div style=\"clear: both; display: block; margin: 10px 0;\">\n<div style=\"clear: both; display: block; margin: 10px 0;\">\n<div style=\"clear: both; display: block; margin: 10px 0;\">\n<div  style=\"max-width:920px;max-height:1120px\">\n<div style=\"clear: both; display: block; margin: 10px 0;\">\n<div style=\"clear: both; width: 100%; display: block; margin: 20px 0; padding: 0; float: none; position: static; text-align: center;\"><img decoding=\"async\"  src=\"https:\/\/a.allegroimg.com\/original\/11dfcd\/e779818a4030aac30bd328c5e712\/Westlake-ZuperEco-Z-401-235-60R17-Opony\" srcset=\"https:\/\/a.allegroimg.com\/original\/11dfcd\/e779818a4030aac30bd328c5e712\/Westlake-ZuperEco-Z-401-235-60R17-Opony 295w,https:\/\/a.allegroimg.com\/original\/11dfcd\/e779818a4030aac30bd328c5e712\/Westlake-ZuperEco-Z-401-235-60R17-Opony 591w,https:\/\/a.allegroimg.com\/original\/11dfcd\/e779818a4030aac30bd328c5e712\/Westlake-ZuperEco-Z-401-235-60R17-Opony 841w,https:\/\/a.allegroimg.com\/original\/11dfcd\/e779818a4030aac30bd328c5e712\/Westlake-ZuperEco-Z-401-235-60R17-Opony 920w,https:\/\/a.allegroimg.com\/original\/11dfcd\/e779818a4030aac30bd328c5e712\/Westlake-ZuperEco-Z-401-235-60R17-Opony 920w\" sizes=\"(min-width: 1200px) 560px, (min-width: 992px) 50vw, 100vw\" width=\"920px\" alt=\"Westlake ZuperEco Z-401 235\/60R17 Opony\"\/ style=\"max-width: 100%; height: auto; display: block; margin: 0 auto;\"><\/div>\n<\/div>\n<\/div>\n<\/div>\n<\/div>\n<div style=\"clear: both; display: block; margin: 10px 0;\">\n<div style=\"clear: both; display: block; margin: 10px 0;\">\n<h1>Westlake ZuperEco Z-401 235\/60R17 Opony<\/h1>\n<p style=\"margin: 15px 0; line-height: 1.8; clear: both; display: block; width: 100%; float: none; position: static;\">EAN: <b>6938112630560<\/b><\/p>\n<p style=\"margin: 15px 0; line-height: 1.8; clear: both; display: block; width: 100%; float: none; position: static;\">Producent: <b>WESTLAKE<\/b><\/p>\n<p style=\"margin: 15px 0; line-height: 1.8; clear: both; display: block; width: 100%; float: none; position: static;\">Bie\u017cnik: <b>ZuperEco Z-401<\/b><\/p>\n<p style=\"margin: 15px 0; line-height: 1.8; clear: both; display: block; width: 100%; float: none; position: static;\">Rozmiar: <b>235\/60 R17 102V<\/b><\/p>\n<p style=\"margin: 15px 0; line-height: 1.8; clear: both; display: block; width: 100%; float: none; position: static;\">Indeks no\u015bno\u015bci: <b>102<\/b><\/p>\n<p style=\"margin: 15px 0; line-height: 1.8; clear: both; display: block; width: 100%; float: none; position: static;\">Indeks pr\u0119dko\u015bci: <b>V<\/b><\/p>\n<p style=\"margin: 15px 0; line-height: 1.8; clear: both; display: block; width: 100%; float: none; position: static;\">Sezon: <b>Wielosezonowe<\/b><\/p>\n<\/div>\n<\/div>\n<\/div>\n<div style=\"clear: both; display: block; margin: 10px 0;\">\n<div style=\"clear: both; display: block; margin: 10px 0;\">\n<div style=\"clear: both; display: block; margin: 10px 0;\">\n<h2>Co kupujesz?<\/h2>\n<p style=\"margin: 15px 0; line-height: 1.8; clear: both; display: block; width: 100%; float: none; position: static;\">Z-401 to opona, kt\u00f3ra stanowi idealne po\u0142\u0105czenie uniwersalno\u015bci i niezawodno\u015bci. Zaprojektowana do jazdy w najci\u0119\u017cszych warunkach, zapewnia bezpiecze\u0144stwo na ka\u017cdej nawierzchni, a odpowiednia charakterystyka bie\u017cnika sprawia, \u017ce jazda staje si\u0119 komfortowa jak nigdy dot\u0105d. Dzi\u0119ki tej oponie, \u017cadna pogoda nie b\u0119dzie w stanie Ci\u0119 zaskoczy\u0107.<\/p>\n<h2>Co jeszcze warto wiedzie\u0107:<\/h2>\n<p style=\"margin: 15px 0; line-height: 1.8; clear: both; display: block; width: 100%; float: none; position: static;\">&#8211; Rozbie\u017cny wz\u00f3r bie\u017cnika w kszta\u0142cie litery V rewelacyjnie odprowadza wod\u0119 b\u0142oto i \u015bnieg, gwarantuj\u0105c pewn\u0105 przyczepno\u015b\u0107<\/p>\n<p style=\"margin: 15px 0; line-height: 1.8; clear: both; display: block; width: 100%; float: none; position: static;\">&#8211; Starannie dobrany sk\u0142ad gumy wp\u0142ywa na mniejsze zu\u017cycie opony<\/p>\n<p style=\"margin: 15px 0; line-height: 1.8; clear: both; display: block; width: 100%; float: none; position: static;\">&#8211; Zaprojektowana do pracy w szerokim zakresie temperatur<\/p>\n<p style=\"margin: 15px 0; line-height: 1.8; clear: both; display: block; width: 100%; float: none; position: static;\">&#8211; Posiada europejski certyfikat 3PMSF, kt\u00f3ry potwierdza jej zastosowanie w warunkach zimowych<\/p>\n<\/div>\n<\/div>\n<div style=\"clear: both; display: block; margin: 10px 0;\">\n<div style=\"clear: both; display: block; margin: 10px 0;\">\n<div  style=\"max-width:920px;max-height:1120px\">\n<div style=\"clear: both; display: block; margin: 10px 0;\">\n<div style=\"clear: both; width: 100%; display: block; margin: 20px 0; padding: 0; float: none; position: static; text-align: center;\"><img decoding=\"async\"  src=\"https:\/\/a.allegroimg.com\/original\/116ddf\/5c8bed8446f0a7fcb1dfee9b0244\/Westlake-ZuperEco-Z-401-235-60R17-Opony-Liczba-opon-w-ofercie-2-szt\" srcset=\"https:\/\/a.allegroimg.com\/original\/116ddf\/5c8bed8446f0a7fcb1dfee9b0244\/Westlake-ZuperEco-Z-401-235-60R17-Opony-Liczba-opon-w-ofercie-2-szt 295w,https:\/\/a.allegroimg.com\/original\/116ddf\/5c8bed8446f0a7fcb1dfee9b0244\/Westlake-ZuperEco-Z-401-235-60R17-Opony-Liczba-opon-w-ofercie-2-szt 591w,https:\/\/a.allegroimg.com\/original\/116ddf\/5c8bed8446f0a7fcb1dfee9b0244\/Westlake-ZuperEco-Z-401-235-60R17-Opony-Liczba-opon-w-ofercie-2-szt 841w,https:\/\/a.allegroimg.com\/original\/116ddf\/5c8bed8446f0a7fcb1dfee9b0244\/Westlake-ZuperEco-Z-401-235-60R17-Opony-Liczba-opon-w-ofercie-2-szt 920w,https:\/\/a.allegroimg.com\/original\/116ddf\/5c8bed8446f0a7fcb1dfee9b0244\/Westlake-ZuperEco-Z-401-235-60R17-Opony-Liczba-opon-w-ofercie-2-szt 920w\" sizes=\"(min-width: 1200px) 560px, (min-width: 992px) 50vw, 100vw\" width=\"920px\" alt=\"Westlake ZuperEco Z-401 235\/60R17 Opony Liczba opon w ofercie 2 szt.\"\/ style=\"max-width: 100%; height: auto; display: block; margin: 0 auto;\"><\/div>\n<\/div>\n<\/div>\n<\/div>\n<\/div>\n<\/div>\n<div style=\"clear: both; display: block; margin: 10px 0;\">\n<div style=\"clear: both; display: block; margin: 10px 0;\">\n<div style=\"clear: both; display: block; margin: 10px 0;\">\n<p style=\"margin: 15px 0; line-height: 1.8; clear: both; display: block; width: 100%; float: none; position: static;\">Dlaczego warto u nas kupowa\u0107?<\/p>\n<ul style=\"margin: 15px 0; padding-left: 20px; clear: both; display: block; width: 100%; float: none; position: static;\">\n<li style=\"margin: 5px 0; padding: 2px 0; clear: both; display: list-item; float: none; position: static;\">opony s\u0105 przechowywane w magazynie z prawie sta\u0142\u0105 temperatur\u0105 i wilgotno\u015bci\u0105, co gwarantuje, \u017ce ich jako\u015b\u0107 nie zmienia si\u0119 podczas magazynowania<\/li>\n<li style=\"margin: 5px 0; padding: 2px 0; clear: both; display: list-item; float: none; position: static;\">produkty pochodz\u0105 bezpo\u015brednio z fabryk producent\u00f3w, mamy pewno\u015b\u0107 ich pochodzenia a tak\u017ce jako\u015bci<\/li>\n<li style=\"margin: 5px 0; padding: 2px 0; clear: both; display: list-item; float: none; position: static;\">nie jeste\u015bmy wirtualn\u0105 firm\u0105, nasze produkty mo\u017cna obejrze\u0107 w magazynie w Bielanach Wroc\u0142awskich<\/li>\n<li style=\"margin: 5px 0; padding: 2px 0; clear: both; display: list-item; float: none; position: static;\">jeste\u015bmy w 100% Polsk\u0105 firm\u0105 i p\u0142acimy tutaj podatki<\/li>\n<\/ul>\n<\/div>\n<\/div>\n<\/div>\n<\/div>\n<\/div>\n<\/div>\n<div style=\"clear: both; display: block; margin: 10px 0;\">\n","protected":false},"excerpt":{"rendered":"<p>Przedmiotem aukcji s\u0105 dwie opony<\/p>\n<p>Westlake ZuperEco Z-401 235\/60R17 Opony<\/p>\n<p>Westlake ZuperEco Z-401 235\/60R17 Opony<\/p>\n<p>EAN: 6938112630560<\/p>\n<p>Producent: WESTLAKE<\/p>\n<p>Bie\u017cnik: ZuperEco Z-401<\/p>\n<p>Rozmiar: 235\/60 R17 102V<\/p>\n<p>Indeks no\u015bno\u015bci: 102<\/p>\n","protected":false},"featured_media":10588,"template":"","meta":{"_uag_custom_page_level_css":""},"product_brand":[442],"product_cat":[416,414,413,412],"product_tag":[],"class_list":{"0":"post-10587","1":"product","2":"type-product","3":"status-publish","4":"has-post-thumbnail","6":"product_brand-westlake","7":"product_cat-caloroczne","8":"product_cat-do-samochodow-osobowych-i-suv","9":"product_cat-opony","10":"product_cat-opony-i-felgi","12":"first","13":"instock","14":"sale","15":"shipping-taxable","16":"purchasable","17":"product-type-simple"},"uagb_featured_image_src":{"full":["https:\/\/oponixo.shop\/tire\/wp-content\/uploads\/2025\/12\/allegro-image-10587.jpg",920,1120,false],"thumbnail":["https:\/\/oponixo.shop\/tire\/wp-content\/uploads\/2025\/12\/allegro-image-10587-150x150.jpg",150,150,true],"medium":["https:\/\/oponixo.shop\/tire\/wp-content\/uploads\/2025\/12\/allegro-image-10587-246x300.jpg",246,300,true],"medium_large":["https:\/\/oponixo.shop\/tire\/wp-content\/uploads\/2025\/12\/allegro-image-10587-768x935.jpg",768,935,true],"large":["https:\/\/oponixo.shop\/tire\/wp-content\/uploads\/2025\/12\/allegro-image-10587-841x1024.jpg",841,1024,true],"1536x1536":["https:\/\/oponixo.shop\/tire\/wp-content\/uploads\/2025\/12\/allegro-image-10587.jpg",920,1120,false],"2048x2048":["https:\/\/oponixo.shop\/tire\/wp-content\/uploads\/2025\/12\/allegro-image-10587.jpg",920,1120,false],"woocommerce_thumbnail":["https:\/\/oponixo.shop\/tire\/wp-content\/uploads\/2025\/12\/allegro-image-10587-300x300.jpg",300,300,true],"woocommerce_single":["https:\/\/oponixo.shop\/tire\/wp-content\/uploads\/2025\/12\/allegro-image-10587-600x730.jpg",600,730,true],"woocommerce_gallery_thumbnail":["https:\/\/oponixo.shop\/tire\/wp-content\/uploads\/2025\/12\/allegro-image-10587-100x100.jpg",100,100,true]},"uagb_author_info":{"display_name":"admin","author_link":"https:\/\/oponixo.shop\/tire\/author\/"},"uagb_comment_info":0,"uagb_excerpt":"Przedmiotem aukcji s\u0105 dwie opony Westlake ZuperEco Z-401 235\/60R17 Opony Westlake ZuperEco Z-401 235\/60R17 Opony EAN: 6938112630560 Producent: WESTLAKE Bie\u017cnik: ZuperEco Z-401 Rozmiar: 235\/60 R17 102V Indeks no\u015bno\u015bci: 102","_links":{"self":[{"href":"https:\/\/oponixo.shop\/tire\/wp-json\/wp\/v2\/product\/10587","targetHints":{"allow":["GET"]}}],"collection":[{"href":"https:\/\/oponixo.shop\/tire\/wp-json\/wp\/v2\/product"}],"about":[{"href":"https:\/\/oponixo.shop\/tire\/wp-json\/wp\/v2\/types\/product"}],"wp:featuredmedia":[{"embeddable":true,"href":"https:\/\/oponixo.shop\/tire\/wp-json\/wp\/v2\/media\/10588"}],"wp:attachment":[{"href":"https:\/\/oponixo.shop\/tire\/wp-json\/wp\/v2\/media?parent=10587"}],"wp:term":[{"taxonomy":"product_brand","embeddable":true,"href":"https:\/\/oponixo.shop\/tire\/wp-json\/wp\/v2\/product_brand?post=10587"},{"taxonomy":"product_cat","embeddable":true,"href":"https:\/\/oponixo.shop\/tire\/wp-json\/wp\/v2\/product_cat?post=10587"},{"taxonomy":"product_tag","embeddable":true,"href":"https:\/\/oponixo.shop\/tire\/wp-json\/wp\/v2\/product_tag?post=10587"}],"curies":[{"name":"wp","href":"https:\/\/api.w.org\/{rel}","templated":true}]}}