{"id":10589,"date":"2025-12-31T03:30:56","date_gmt":"2025-12-31T03:30:56","guid":{"rendered":"https:\/\/oponyexpert.shop\/xef5\/produkt\/2x-arivo-winmaster-arw-2-235-60r17-102h\/"},"modified":"2025-12-31T03:30:57","modified_gmt":"2025-12-31T03:30:57","slug":"2x-arivo-winmaster-arw-2-235-60r17-102h","status":"publish","type":"product","link":"https:\/\/oponixo.shop\/tire\/produkt\/2x-arivo-winmaster-arw-2-235-60r17-102h\/","title":{"rendered":"2x Arivo Winmaster ARW 2 235\/60R17 102H"},"content":{"rendered":"<div style=\"font-family: Arial, sans-serif; line-height: 1.6; color: #333; padding: 20px; clear: both; display: block; width: 100%; float: none; position: static; overflow: hidden;\">\n<div style=\"clear: both; display: block; margin: 10px 0;\">\n<div style=\"clear: both; display: block; margin: 10px 0;\">\n<div style=\"clear: both; display: block; margin: 10px 0;\">\n<h1>2x nowe opony zimowe ARIVO WINMASTER ARW 2 235\/60R17 102H<\/h1>\n<p style=\"margin: 15px 0; line-height: 1.8; clear: both; display: block; width: 100%; float: none; position: static;\">Cechy produktu<\/p>\n<ul style=\"margin: 15px 0; padding-left: 20px; clear: both; display: block; width: 100%; float: none; position: static;\">\n<li style=\"margin: 5px 0; padding: 2px 0; clear: both; display: list-item; float: none; position: static;\">Marka: Arivo<\/li>\n<li style=\"margin: 5px 0; padding: 2px 0; clear: both; display: list-item; float: none; position: static;\">Model: Winmaster ARW 2<\/li>\n<li style=\"margin: 5px 0; padding: 2px 0; clear: both; display: list-item; float: none; position: static;\">Szeroko\u015b\u0107\/profil\/\u015brednica: 235\/60R17<\/li>\n<li style=\"margin: 5px 0; padding: 2px 0; clear: both; display: list-item; float: none; position: static;\">Indeks no\u015bno\u015bci: do 102 (850 kg na opon\u0119)<\/li>\n<li style=\"margin: 5px 0; padding: 2px 0; clear: both; display: list-item; float: none; position: static;\">Indeks pr\u0119dko\u015bci: H (do 210 km\/h)<\/li>\n<li style=\"margin: 5px 0; padding: 2px 0; clear: both; display: list-item; float: none; position: static;\">Sezon: zimowe<\/li>\n<li style=\"margin: 5px 0; padding: 2px 0; clear: both; display: list-item; float: none; position: static;\">Typ pojazdu: 4&#215;4<\/li>\n<li style=\"margin: 5px 0; padding: 2px 0; clear: both; display: list-item; float: none; position: static;\">Klasa energetyczna: C<\/li>\n<li style=\"margin: 5px 0; padding: 2px 0; clear: both; display: list-item; float: none; position: static;\">Klasa przyczepno\u015bci: C<\/li>\n<li style=\"margin: 5px 0; padding: 2px 0; clear: both; display: list-item; float: none; position: static;\">Poziom ha\u0142asu: 71<\/li>\n<li style=\"margin: 5px 0; padding: 2px 0; clear: both; display: list-item; float: none; position: static;\">Klasa ha\u0142asu: B<\/li>\n<li style=\"margin: 5px 0; padding: 2px 0; clear: both; display: list-item; float: none; position: static;\">Rok produkcji: 2025<\/li>\n<\/ul>\n<\/div>\n<\/div>\n<div style=\"clear: both; display: block; margin: 10px 0;\">\n<div style=\"clear: both; display: block; margin: 10px 0;\">\n<div  style=\"max-width:565px;max-height:800px\">\n<div style=\"clear: both; display: block; margin: 10px 0;\">\n<div style=\"clear: both; width: 100%; display: block; margin: 20px 0; padding: 0; float: none; position: static; text-align: center;\"><img decoding=\"async\"  src=\"https:\/\/a.allegroimg.com\/original\/112d14\/74e5e04b47d4aaf6680420f32893\/2x-Arivo-Winmaster-ARW-2-235-60R17-102H\" srcset=\"https:\/\/a.allegroimg.com\/original\/112d14\/74e5e04b47d4aaf6680420f32893\/2x-Arivo-Winmaster-ARW-2-235-60R17-102H 254w,https:\/\/a.allegroimg.com\/original\/112d14\/74e5e04b47d4aaf6680420f32893\/2x-Arivo-Winmaster-ARW-2-235-60R17-102H 508w,https:\/\/a.allegroimg.com\/original\/112d14\/74e5e04b47d4aaf6680420f32893\/2x-Arivo-Winmaster-ARW-2-235-60R17-102H 565w,https:\/\/a.allegroimg.com\/original\/112d14\/74e5e04b47d4aaf6680420f32893\/2x-Arivo-Winmaster-ARW-2-235-60R17-102H 565w\" sizes=\"(min-width: 1200px) 560px, (min-width: 992px) 50vw, 100vw\" width=\"565px\" alt=\"2x Arivo Winmaster ARW 2 235\/60R17 102H\"\/ style=\"max-width: 100%; height: auto; display: block; margin: 0 auto;\"><\/div>\n<\/div>\n<\/div>\n<\/div>\n<\/div>\n<\/div>\n<div style=\"clear: both; display: block; margin: 10px 0;\">\n<div style=\"clear: both; display: block; margin: 10px 0;\">\n<div style=\"clear: both; display: block; margin: 10px 0;\">\n<div  style=\"max-width:212px;max-height:305px\">\n<div style=\"clear: both; display: block; margin: 10px 0;\">\n<div style=\"clear: both; width: 100%; display: block; margin: 20px 0; padding: 0; float: none; position: static; text-align: center;\"><img decoding=\"async\"  src=\"https:\/\/a.allegroimg.com\/original\/118bea\/3744001d492986ac2a503f120451\/2x-Arivo-Winmaster-ARW-2-235-60R17-102H-Liczba-opon-w-ofercie-2-szt\" srcset=\"https:\/\/a.allegroimg.com\/original\/118bea\/3744001d492986ac2a503f120451\/2x-Arivo-Winmaster-ARW-2-235-60R17-102H-Liczba-opon-w-ofercie-2-szt 212w,https:\/\/a.allegroimg.com\/original\/118bea\/3744001d492986ac2a503f120451\/2x-Arivo-Winmaster-ARW-2-235-60R17-102H-Liczba-opon-w-ofercie-2-szt 212w\" sizes=\"(min-width: 1200px) 560px, (min-width: 992px) 50vw, 100vw\" width=\"212px\" alt=\"2x Arivo Winmaster ARW 2 235\/60R17 102H Liczba opon w ofercie 2 szt.\"\/ style=\"max-width: 100%; height: auto; display: block; margin: 0 auto;\"><\/div>\n<\/div>\n<\/div>\n<\/div>\n<\/div>\n<div style=\"clear: both; display: block; margin: 10px 0;\">\n<div style=\"clear: both; display: block; margin: 10px 0;\">\n<div  style=\"max-width:484px;max-height:132px\">\n<div style=\"clear: both; display: block; margin: 10px 0;\">\n<div style=\"clear: both; width: 100%; display: block; margin: 20px 0; padding: 0; float: none; position: static; text-align: center;\"><img decoding=\"async\"  src=\"https:\/\/a.allegroimg.com\/original\/116f32\/6a37e0c34129bb2f9278a633a7a2\/2x-Arivo-Winmaster-ARW-2-235-60R17-102H-Rok-produkcji-2025\" srcset=\"https:\/\/a.allegroimg.com\/original\/116f32\/6a37e0c34129bb2f9278a633a7a2\/2x-Arivo-Winmaster-ARW-2-235-60R17-102H-Rok-produkcji-2025 360w,https:\/\/a.allegroimg.com\/original\/116f32\/6a37e0c34129bb2f9278a633a7a2\/2x-Arivo-Winmaster-ARW-2-235-60R17-102H-Rok-produkcji-2025 484w,https:\/\/a.allegroimg.com\/original\/116f32\/6a37e0c34129bb2f9278a633a7a2\/2x-Arivo-Winmaster-ARW-2-235-60R17-102H-Rok-produkcji-2025 484w\" sizes=\"(min-width: 1200px) 560px, (min-width: 992px) 50vw, 100vw\" width=\"484px\" alt=\"2x Arivo Winmaster ARW 2 235\/60R17 102H Rok produkcji 2025\"\/ style=\"max-width: 100%; height: auto; display: block; margin: 0 auto;\"><\/div>\n<\/div>\n<\/div>\n<\/div>\n<\/div>\n<\/div>\n<div style=\"clear: both; display: block; margin: 10px 0;\">\n<div style=\"clear: both; display: block; margin: 10px 0;\">\n<div style=\"clear: both; display: block; margin: 10px 0;\">\n<p style=\"margin: 15px 0; line-height: 1.8; clear: both; display: block; width: 100%; float: none; position: static;\">Arivo   to marka opon klasy ekonomicznej istniej\u0105ca na \u015bwiatowych   rynkach od kilku lat. Marka pochodzi z Wielkiej Brytanii, jednak obecnie   opony produkowane s\u0105 w Azji. W ofercie producenta znajduj\u0105 si\u0119   opony do aut osobowych oraz dostawczych. Opony Arivo to \u015bwietny wyb\u00f3r   dla kierowc\u00f3w ceni\u0105cych dobr\u0105 jako\u015b\u0107 w atrakcyjnej cenie<\/p>\n<\/div>\n<\/div>\n<\/div>\n<\/div>\n<\/div>\n<\/div>\n<div style=\"clear: both; display: block; margin: 10px 0;\">\n","protected":false},"excerpt":{"rendered":"<p>2x nowe opony zimowe ARIVO WINMASTER ARW 2 235\/60R17 102H<\/p>\n<p>Cechy produktu<\/p>\n<p>Marka: Arivo<\/p>\n<p>Model: Winmaster ARW 2<\/p>\n<p>Szeroko\u015b\u0107\/profil\/\u015brednica: 235\/60R17<\/p>\n<p>Indeks no\u015bno\u015bci: do 102 (850 kg na opon\u0119)<\/p>\n<p>Indeks pr\u0119dko\u015bci: H (do 210 km\/h)<\/p>\n<p>Sezon: zimowe<\/p>\n","protected":false},"featured_media":10590,"template":"","meta":{"_uag_custom_page_level_css":""},"product_brand":[449],"product_cat":[414,413,412,415],"product_tag":[],"class_list":{"0":"post-10589","1":"product","2":"type-product","3":"status-publish","4":"has-post-thumbnail","6":"product_brand-arivo","7":"product_cat-do-samochodow-osobowych-i-suv","8":"product_cat-opony","9":"product_cat-opony-i-felgi","10":"product_cat-zimowe","12":"first","13":"instock","14":"sale","15":"shipping-taxable","16":"purchasable","17":"product-type-simple"},"uagb_featured_image_src":{"full":["https:\/\/oponixo.shop\/tire\/wp-content\/uploads\/2025\/12\/allegro-image-10589.jpg",565,800,false],"thumbnail":["https:\/\/oponixo.shop\/tire\/wp-content\/uploads\/2025\/12\/allegro-image-10589-150x150.jpg",150,150,true],"medium":["https:\/\/oponixo.shop\/tire\/wp-content\/uploads\/2025\/12\/allegro-image-10589-212x300.jpg",212,300,true],"medium_large":["https:\/\/oponixo.shop\/tire\/wp-content\/uploads\/2025\/12\/allegro-image-10589.jpg",565,800,false],"large":["https:\/\/oponixo.shop\/tire\/wp-content\/uploads\/2025\/12\/allegro-image-10589.jpg",565,800,false],"1536x1536":["https:\/\/oponixo.shop\/tire\/wp-content\/uploads\/2025\/12\/allegro-image-10589.jpg",565,800,false],"2048x2048":["https:\/\/oponixo.shop\/tire\/wp-content\/uploads\/2025\/12\/allegro-image-10589.jpg",565,800,false],"woocommerce_thumbnail":["https:\/\/oponixo.shop\/tire\/wp-content\/uploads\/2025\/12\/allegro-image-10589-300x300.jpg",300,300,true],"woocommerce_single":["https:\/\/oponixo.shop\/tire\/wp-content\/uploads\/2025\/12\/allegro-image-10589.jpg",565,800,false],"woocommerce_gallery_thumbnail":["https:\/\/oponixo.shop\/tire\/wp-content\/uploads\/2025\/12\/allegro-image-10589-100x100.jpg",100,100,true]},"uagb_author_info":{"display_name":"admin","author_link":"https:\/\/oponixo.shop\/tire\/author\/"},"uagb_comment_info":0,"uagb_excerpt":"2x nowe opony zimowe ARIVO WINMASTER ARW 2 235\/60R17 102H Cechy produktu Marka: Arivo Model: Winmaster ARW 2 Szeroko\u015b\u0107\/profil\/\u015brednica: 235\/60R17 Indeks no\u015bno\u015bci: do 102 (850 kg na opon\u0119) Indeks pr\u0119dko\u015bci: H (do 210 km\/h) Sezon: zimowe","_links":{"self":[{"href":"https:\/\/oponixo.shop\/tire\/wp-json\/wp\/v2\/product\/10589","targetHints":{"allow":["GET"]}}],"collection":[{"href":"https:\/\/oponixo.shop\/tire\/wp-json\/wp\/v2\/product"}],"about":[{"href":"https:\/\/oponixo.shop\/tire\/wp-json\/wp\/v2\/types\/product"}],"wp:featuredmedia":[{"embeddable":true,"href":"https:\/\/oponixo.shop\/tire\/wp-json\/wp\/v2\/media\/10590"}],"wp:attachment":[{"href":"https:\/\/oponixo.shop\/tire\/wp-json\/wp\/v2\/media?parent=10589"}],"wp:term":[{"taxonomy":"product_brand","embeddable":true,"href":"https:\/\/oponixo.shop\/tire\/wp-json\/wp\/v2\/product_brand?post=10589"},{"taxonomy":"product_cat","embeddable":true,"href":"https:\/\/oponixo.shop\/tire\/wp-json\/wp\/v2\/product_cat?post=10589"},{"taxonomy":"product_tag","embeddable":true,"href":"https:\/\/oponixo.shop\/tire\/wp-json\/wp\/v2\/product_tag?post=10589"}],"curies":[{"name":"wp","href":"https:\/\/api.w.org\/{rel}","templated":true}]}}