{"id":10593,"date":"2025-12-31T03:30:57","date_gmt":"2025-12-31T03:30:57","guid":{"rendered":"https:\/\/oponyexpert.shop\/xef5\/produkt\/2x-trazano-235-60r17-102v-z-401-caloroczne-2024-r\/"},"modified":"2025-12-31T03:30:58","modified_gmt":"2025-12-31T03:30:58","slug":"2x-trazano-235-60r17-102v-z-401-caloroczne-2024-r","status":"publish","type":"product","link":"https:\/\/oponixo.shop\/tire\/produkt\/2x-trazano-235-60r17-102v-z-401-caloroczne-2024-r\/","title":{"rendered":"2x TRAZANO 235\/60R17 102V Z-401 ca\u0142oroczne 2024 r"},"content":{"rendered":"<div style=\"font-family: Arial, sans-serif; line-height: 1.6; color: #333; padding: 20px; clear: both; display: block; width: 100%; float: none; position: static; overflow: hidden;\">\n<div style=\"clear: both; display: block; margin: 10px 0;\">\n<div style=\"clear: both; display: block; margin: 10px 0;\">\n<div style=\"clear: both; display: block; margin: 10px 0;\">\n<h1>Rok produkcji: 2024<\/h1>\n<\/div>\n<\/div>\n<\/div>\n<div style=\"clear: both; display: block; margin: 10px 0;\">\n<div style=\"clear: both; display: block; margin: 10px 0;\">\n<div style=\"clear: both; display: block; margin: 10px 0;\">\n<div  style=\"max-width:1200px;max-height:1126px\">\n<div style=\"clear: both; display: block; margin: 10px 0;\">\n<div style=\"clear: both; width: 100%; display: block; margin: 20px 0; padding: 0; float: none; position: static; text-align: center;\"><img decoding=\"async\"  src=\"https:\/\/a.allegroimg.com\/original\/114aed\/8374c2fe4da7ba9863a528104a60\/2x-TRAZANO-235-60R17-102V-Z-401-caloroczne-2024-r\" srcset=\"https:\/\/a.allegroimg.com\/original\/114aed\/8374c2fe4da7ba9863a528104a60\/2x-TRAZANO-235-60R17-102V-Z-401-caloroczne-2024-r 360w,https:\/\/a.allegroimg.com\/original\/114aed\/8374c2fe4da7ba9863a528104a60\/2x-TRAZANO-235-60R17-102V-Z-401-caloroczne-2024-r 720w,https:\/\/a.allegroimg.com\/original\/114aed\/8374c2fe4da7ba9863a528104a60\/2x-TRAZANO-235-60R17-102V-Z-401-caloroczne-2024-r 1024w,https:\/\/a.allegroimg.com\/original\/114aed\/8374c2fe4da7ba9863a528104a60\/2x-TRAZANO-235-60R17-102V-Z-401-caloroczne-2024-r 1200w,https:\/\/a.allegroimg.com\/original\/114aed\/8374c2fe4da7ba9863a528104a60\/2x-TRAZANO-235-60R17-102V-Z-401-caloroczne-2024-r 1200w\" sizes=\"(min-width: 1200px) 560px, (min-width: 992px) 50vw, 100vw\" width=\"1200px\" alt=\"2x TRAZANO 235\/60R17 102V Z-401 ca\u0142oroczne 2024 r\"\/ style=\"max-width: 100%; height: auto; display: block; margin: 0 auto;\"><\/div>\n<\/div>\n<\/div>\n<\/div>\n<\/div>\n<div style=\"clear: both; display: block; margin: 10px 0;\">\n<div style=\"clear: both; display: block; margin: 10px 0;\">\n<h1>TRAZANO Z-401 235\/60R17 102V<\/h1>\n<h2>G11N2D<\/h2>\n<ul style=\"margin: 15px 0; padding-left: 20px; clear: both; display: block; width: 100%; float: none; position: static;\">\n<li style=\"margin: 5px 0; padding: 2px 0; clear: both; display: list-item; float: none; position: static;\"><b>Data produkcji :<\/b> 2024<\/li>\n<li style=\"margin: 5px 0; padding: 2px 0; clear: both; display: list-item; float: none; position: static;\"><b>Indeks :<\/b> 235\/60R17 COTZ 102V Z-401<\/li>\n<li style=\"margin: 5px 0; padding: 2px 0; clear: both; display: list-item; float: none; position: static;\"><b>Indeks no\u015bno\u015bci :<\/b> 102<\/li>\n<li style=\"margin: 5px 0; padding: 2px 0; clear: both; display: list-item; float: none; position: static;\"><b>Indeks pr\u0119dko\u015bci :<\/b> V &#8211; 240 km\/h<\/li>\n<li style=\"margin: 5px 0; padding: 2px 0; clear: both; display: list-item; float: none; position: static;\"><b>Karta informacyjna produktu :<\/b> https:\/\/eprel.ec.europa.eu\/qr\/586741<\/li>\n<li style=\"margin: 5px 0; padding: 2px 0; clear: both; display: list-item; float: none; position: static;\"><b>Kl. efekt. paliwowej :<\/b> C<\/li>\n<li style=\"margin: 5px 0; padding: 2px 0; clear: both; display: list-item; float: none; position: static;\"><b>Kl. przycz. na mokrej naw. :<\/b> C<\/li>\n<li style=\"margin: 5px 0; padding: 2px 0; clear: both; display: list-item; float: none; position: static;\"><b>Kl. zew. ha\u0142asu tocz. :<\/b> B<\/li>\n<li style=\"margin: 5px 0; padding: 2px 0; clear: both; display: list-item; float: none; position: static;\"><b>Klasa opony :<\/b> bud\u017cet<\/li>\n<li style=\"margin: 5px 0; padding: 2px 0; clear: both; display: list-item; float: none; position: static;\"><b>Kod EAN :<\/b> 6938112634681<\/li>\n<li style=\"margin: 5px 0; padding: 2px 0; clear: both; display: list-item; float: none; position: static;\"><b>Kod producenta :<\/b> 6938112634681<\/li>\n<li style=\"margin: 5px 0; padding: 2px 0; clear: both; display: list-item; float: none; position: static;\"><b>Model bie\u017cnika :<\/b> Z-401<\/li>\n<li style=\"margin: 5px 0; padding: 2px 0; clear: both; display: list-item; float: none; position: static;\"><b>Nazwa produktu :<\/b> TRAZANO 235\/60R17 102V Z-401 ca\u0142oroczne<\/li>\n<li style=\"margin: 5px 0; padding: 2px 0; clear: both; display: list-item; float: none; position: static;\"><b>Producent :<\/b> TRAZANO<\/li>\n<li style=\"margin: 5px 0; padding: 2px 0; clear: both; display: list-item; float: none; position: static;\"><b>Profil :<\/b> 60<\/li>\n<li style=\"margin: 5px 0; padding: 2px 0; clear: both; display: list-item; float: none; position: static;\"><b>Przeznaczenie :<\/b> samochody osobowe\/SUV\/4&#215;4<\/li>\n<li style=\"margin: 5px 0; padding: 2px 0; clear: both; display: list-item; float: none; position: static;\"><b>Przyczepno\u015b\u0107 na lodzie :<\/b> Nie<\/li>\n<li style=\"margin: 5px 0; padding: 2px 0; clear: both; display: list-item; float: none; position: static;\"><b>Przyczepno\u015b\u0107 na \u015bniegu :<\/b> Tak<\/li>\n<li style=\"margin: 5px 0; padding: 2px 0; clear: both; display: list-item; float: none; position: static;\"><b>QR kod :<\/b> https:\/\/eprel.ec.europa.eu\/qr\/586741<\/li>\n<li style=\"margin: 5px 0; padding: 2px 0; clear: both; display: list-item; float: none; position: static;\"><b>Sezon :<\/b> ca\u0142oroczna<\/li>\n<li style=\"margin: 5px 0; padding: 2px 0; clear: both; display: list-item; float: none; position: static;\"><b>\u015arednica :<\/b> 17&#8243;<\/li>\n<li style=\"margin: 5px 0; padding: 2px 0; clear: both; display: list-item; float: none; position: static;\"><b>Szeroko\u015b\u0107 :<\/b> 235<\/li>\n<li style=\"margin: 5px 0; padding: 2px 0; clear: both; display: list-item; float: none; position: static;\"><b>Wart. pom. i kl. zew. ha\u0142asu tocz. [dB] :<\/b> 72<\/li>\n<\/ul>\n<\/div>\n<\/div>\n<\/div>\n<div style=\"clear: both; display: block; margin: 10px 0;\">\n<div style=\"clear: both; display: block; margin: 10px 0;\">\n<div style=\"clear: both; display: block; margin: 10px 0;\">\n<p style=\"margin: 15px 0; line-height: 1.8; clear: both; display: block; width: 100%; float: none; position: static;\"> O Trazano Z-401 Trazano Z-401 to znakomity przyk\u0142ad bud\u017cetowej opony, kt\u00f3ra nie odstaje od europejskich produkt\u00f3w. Opona kierunkowa, o kt\u00f3rej mowa w tym przypadku szybko odprowadza wod\u0119 spod opony i skutecznie zapobiega zjawisku aquaplanningu. Produkt ten fantastycznie radzi sobie r\u00f3wnie\u017c na b\u0142ocie po\u015bniegowym oraz samym bia\u0142ym puchu. Wzgl\u0119dnie niski op\u00f3r toczenia oraz atrakcyjny wygl\u0105d tylko poprawiaj\u0105 pozycj\u0119 opony w jej segmencie. Trazano jest cz\u0119\u015bci\u0105 Zhongce Rubber Group Co. Ltd. Ltd., znanej na ca\u0142ym \u015bwiecie jako jeden z dziesi\u0119ciu najwi\u0119kszych producent\u00f3w opon. Misj\u0105 firmy jest dostarczanie warto\u015bciowych, bezpiecznych i komfortowych opon o wysokiej jako\u015bci w atrakcyjnych cenach. Firma zatrudnia wykwalifikowanych in\u017cynier\u00f3w i technik\u00f3w, kt\u00f3rzy doskonale rozumiej\u0105 potrzeby klient\u00f3w na ca\u0142ym \u015bwiecie. Bez wzgl\u0119du na rodzaj pojazdu &#8211; ci\u0119\u017carowy, osobowy, przemys\u0142owy, rolniczy lub terenowy &#8211; Trazano produkuje wysokiej klasy opony dla ka\u017cdej kategorii. Maj\u0105 zdolno\u015b\u0107 produkowania milion\u00f3w sztuk opon radialnych, diagonalnych, ci\u0119\u017carowych, dwuko\u0142owych i osobowych. Opony Trazano ciesz\u0105 si\u0119 uznaniem zar\u00f3wno na rynku lokalnym, jak i mi\u0119dzynarodowym, dzi\u0119ki swojej wysokiej jako\u015bci i konkurencyjnym cenom. Grupa Zhongce inwestuje znaczne \u015brodki w swoje centrum badawczo-rozwojowe, aby zapewni\u0107, \u017ce wszystkie jej marki zachowuj\u0105 pozycj\u0119 lidera na rynku. Dodatkowo, firma korzysta z zaawansowanych urz\u0105dze\u0144 produkcyjnych i testowych od najlepszych \u015bwiatowych producent\u00f3w. Opony Trazano s\u0105 u\u017cywane i sprawdzaj\u0105 si\u0119 doskonale w ponad 120 krajach i regionach na ca\u0142ym \u015bwiecie, dzi\u0119ki starannej pracy nad projektowaniem bie\u017cnika, formu\u0142y i osi\u0105gami opon. <\/p>\n<\/div>\n<\/div>\n<div style=\"clear: both; display: block; margin: 10px 0;\">\n<div style=\"clear: both; display: block; margin: 10px 0;\">\n<div  style=\"max-width:886px;max-height:1299px\">\n<div style=\"clear: both; display: block; margin: 10px 0;\">\n<div style=\"clear: both; width: 100%; display: block; margin: 20px 0; padding: 0; float: none; position: static; text-align: center;\"><img decoding=\"async\"  src=\"https:\/\/a.allegroimg.com\/original\/118d87\/f425c061450c91b14402fc774055\/2x-TRAZANO-235-60R17-102V-Z-401-caloroczne-2024-r-Srednica-17\" srcset=\"https:\/\/a.allegroimg.com\/original\/118d87\/f425c061450c91b14402fc774055\/2x-TRAZANO-235-60R17-102V-Z-401-caloroczne-2024-r-Srednica-17 245w,https:\/\/a.allegroimg.com\/original\/118d87\/f425c061450c91b14402fc774055\/2x-TRAZANO-235-60R17-102V-Z-401-caloroczne-2024-r-Srednica-17 491w,https:\/\/a.allegroimg.com\/original\/118d87\/f425c061450c91b14402fc774055\/2x-TRAZANO-235-60R17-102V-Z-401-caloroczne-2024-r-Srednica-17 698w,https:\/\/a.allegroimg.com\/original\/118d87\/f425c061450c91b14402fc774055\/2x-TRAZANO-235-60R17-102V-Z-401-caloroczne-2024-r-Srednica-17 886w,https:\/\/a.allegroimg.com\/original\/118d87\/f425c061450c91b14402fc774055\/2x-TRAZANO-235-60R17-102V-Z-401-caloroczne-2024-r-Srednica-17 886w\" sizes=\"(min-width: 1200px) 560px, (min-width: 992px) 50vw, 100vw\" width=\"886px\" alt=\"2x TRAZANO 235\/60R17 102V Z-401 ca\u0142oroczne 2024 r \u015arednica 17&quot;\"\/ style=\"max-width: 100%; height: auto; display: block; margin: 0 auto;\"><\/div>\n<\/div>\n<\/div>\n<\/div>\n<\/div>\n<\/div>\n<div style=\"clear: both; display: block; margin: 10px 0;\">\n<div style=\"clear: both; display: block; margin: 10px 0;\">\n<div style=\"clear: both; display: block; margin: 10px 0;\">\n<p style=\"margin: 15px 0; line-height: 1.8; clear: both; display: block; width: 100%; float: none; position: static;\">Wychodz\u0105c naprzeciw oczekiwaniom Klient\u00f3w i chc\u0105c spe\u0142nia\u0107 jak najwy\u017csze standardy obs\u0142ugi dok\u0142adamy wszelkich stara\u0144, aby podawa\u0107 precyzyjn\u0105 dat\u0119 produkcji opony (DOT). Niestety, w wyj\u0105tkowych przypadkach, mo\u017ce zdarzy\u0107 si\u0119, \u017ce opony, kt\u00f3re wy\u015blemy b\u0119d\u0105 mia\u0142y inn\u0105 dat\u0119 produkcji ni\u017c podana. Sytuacja mo\u017ce dotyczy\u0107 zar\u00f3wno opon z DOT-em wcze\u015bniejszym jak i p\u00f3\u017aniejszym. Chcieliby\u015bmy podkre\u015bli\u0107, \u017ce warunki przechowywania opon w naszych magazynach spe\u0142niaj\u0105 Polsk\u0105 Norm\u0119 PN-C-94300-7 dzi\u0119ki czemu nawet opona przechowywana 24 miesi\u0105ce ma parametry takie same jak opona z bie\u017c\u0105cego roku. Warto pami\u0119ta\u0107 tak\u017ce o fakcie, \u017ce w przypadku wielu rozmiar\u00f3w i producent\u00f3w plany produkcyjne fabryk uniemo\u017cliwiaj\u0105 zakup opony z bie\u017c\u0105cego roku.<\/p>\n<p style=\"margin: 15px 0; line-height: 1.8; clear: both; display: block; width: 100%; float: none; position: static;\">Przy zakupie opon pami\u0119taj o sprawdzeniu w instrukcji samochodu lub na w\u0142a\u015bciwej stronie internetowej, jakie ogumienie zaleca producent Twojego auta. \u0179le dobrane opony mog\u0105 negatywnie wp\u0142yn\u0105\u0107 na poziom Twojego bezpiecze\u0144stwa. Kupuj\u0105c opony zwr\u00f3\u0107 uwag\u0119 na rozmiar oraz indeksy no\u015bno\u015bci i pr\u0119dko\u015bci jakie homologowane s\u0105 do Twojego pojazdu.<\/p>\n<p style=\"margin: 15px 0; line-height: 1.8; clear: both; display: block; width: 100%; float: none; position: static;\">Zamieszczone zdj\u0119cia pe\u0142ni\u0105 funkcj\u0119 pogl\u0105dow\u0105. W zale\u017cno\u015bci od szeroko\u015bci opon, mog\u0105 wyst\u0119powa\u0107 niewielkie r\u00f3\u017cnice w wygl\u0105dzie bie\u017cnika (w obr\u0119bie jednego modelu) na przyk\u0142ad w ilo\u015bci rowk\u00f3w obwodowych lub rozmieszczeniu blok\u00f3w bie\u017cnika, co nie stanowi wady produktu.<\/p>\n<p style=\"margin: 15px 0; line-height: 1.8; clear: both; display: block; width: 100%; float: none; position: static;\">Je\u017celi otrzymane przez Ciebie opony nie spe\u0142niaj\u0105 Twoich oczekiwa\u0144 masz mo\u017cliwo\u015b\u0107 zwrotu lub wymiany nieu\u017cywanego (niemontowanego) ogumienia.<\/p>\n<\/div>\n<\/div>\n<\/div>\n<div style=\"clear: both; display: block; margin: 10px 0;\">\n<div style=\"clear: both; display: block; margin: 10px 0;\">\n<div style=\"clear: both; display: block; margin: 10px 0;\">\n<div  style=\"max-width:598px;max-height:80px\">\n<div style=\"clear: both; display: block; margin: 10px 0;\">\n<div style=\"clear: both; width: 100%; display: block; margin: 20px 0; padding: 0; float: none; position: static; text-align: center;\"><img decoding=\"async\"  src=\"https:\/\/a.allegroimg.com\/original\/11f489\/89bce9a447e78dff09b69c61e352\/2x-TRAZANO-235-60R17-102V-Z-401-caloroczne-2024-r-Halas-zewnetrzny-72-dB\" srcset=\"https:\/\/a.allegroimg.com\/original\/11f489\/89bce9a447e78dff09b69c61e352\/2x-TRAZANO-235-60R17-102V-Z-401-caloroczne-2024-r-Halas-zewnetrzny-72-dB 360w,https:\/\/a.allegroimg.com\/original\/11f489\/89bce9a447e78dff09b69c61e352\/2x-TRAZANO-235-60R17-102V-Z-401-caloroczne-2024-r-Halas-zewnetrzny-72-dB 598w,https:\/\/a.allegroimg.com\/original\/11f489\/89bce9a447e78dff09b69c61e352\/2x-TRAZANO-235-60R17-102V-Z-401-caloroczne-2024-r-Halas-zewnetrzny-72-dB 598w\" sizes=\"(min-width: 1200px) 560px, (min-width: 992px) 50vw, 100vw\" width=\"598px\" alt=\"2x TRAZANO 235\/60R17 102V Z-401 ca\u0142oroczne 2024 r Ha\u0142as zewn\u0119trzny 72 dB\"\/ style=\"max-width: 100%; height: auto; display: block; margin: 0 auto;\"><\/div>\n<\/div>\n<\/div>\n<\/div>\n<\/div>\n<div style=\"clear: both; display: block; margin: 10px 0;\">\n<div style=\"clear: both; display: block; margin: 10px 0;\">\n<h1>Trazano<\/h1>\n<p style=\"margin: 15px 0; line-height: 1.8; clear: both; display: block; width: 100%; float: none; position: static;\">Opony marki TRAZANO produkowane s\u0105 przez Chi\u0144skiego producenta opon ZC Rubber.<br \/>\nOpony TRAZANO, charakteryzuj\u0105 si\u0119 dobr\u0105 wytrzyma\u0142o\u015bci\u0105 i parametrami, a do tego mo\u017cna je kupi\u0107 w bardzo przyst\u0119pnej cenie.<\/p>\n<\/div>\n<\/div>\n<\/div>\n<\/div>\n<\/div>\n<\/div>\n<div style=\"clear: both; display: block; margin: 10px 0;\">\n","protected":false},"excerpt":{"rendered":"<p>Rok produkcji: 2024<\/p>\n<p>TRAZANO Z-401 235\/60R17 102V<\/p>\n<p>G11N2D<\/p>\n<p>Data produkcji : 2024<\/p>\n<p>Indeks : 235\/60R17 COTZ 102V Z-401<\/p>\n<p>Indeks no\u015bno\u015bci : 102<\/p>\n<p>Indeks pr\u0119dko\u015bci : V &#8211; 240 km\/h<\/p>\n<p>Karta informacyjna produktu : https:\/\/eprel.ec.europa.eu\/qr\/586741<\/p>\n","protected":false},"featured_media":10594,"template":"","meta":{"_uag_custom_page_level_css":""},"product_brand":[432],"product_cat":[416,414,413,412],"product_tag":[],"class_list":{"0":"post-10593","1":"product","2":"type-product","3":"status-publish","4":"has-post-thumbnail","6":"product_brand-trazano","7":"product_cat-caloroczne","8":"product_cat-do-samochodow-osobowych-i-suv","9":"product_cat-opony","10":"product_cat-opony-i-felgi","12":"first","13":"instock","14":"sale","15":"shipping-taxable","16":"purchasable","17":"product-type-simple"},"uagb_featured_image_src":{"full":["https:\/\/oponixo.shop\/tire\/wp-content\/uploads\/2025\/12\/allegro-image-10593.jpg",1200,1126,false],"thumbnail":["https:\/\/oponixo.shop\/tire\/wp-content\/uploads\/2025\/12\/allegro-image-10593-150x150.jpg",150,150,true],"medium":["https:\/\/oponixo.shop\/tire\/wp-content\/uploads\/2025\/12\/allegro-image-10593-300x282.jpg",300,282,true],"medium_large":["https:\/\/oponixo.shop\/tire\/wp-content\/uploads\/2025\/12\/allegro-image-10593-768x721.jpg",768,721,true],"large":["https:\/\/oponixo.shop\/tire\/wp-content\/uploads\/2025\/12\/allegro-image-10593-1024x961.jpg",1024,961,true],"1536x1536":["https:\/\/oponixo.shop\/tire\/wp-content\/uploads\/2025\/12\/allegro-image-10593.jpg",1200,1126,false],"2048x2048":["https:\/\/oponixo.shop\/tire\/wp-content\/uploads\/2025\/12\/allegro-image-10593.jpg",1200,1126,false],"woocommerce_thumbnail":["https:\/\/oponixo.shop\/tire\/wp-content\/uploads\/2025\/12\/allegro-image-10593-300x300.jpg",300,300,true],"woocommerce_single":["https:\/\/oponixo.shop\/tire\/wp-content\/uploads\/2025\/12\/allegro-image-10593-600x563.jpg",600,563,true],"woocommerce_gallery_thumbnail":["https:\/\/oponixo.shop\/tire\/wp-content\/uploads\/2025\/12\/allegro-image-10593-100x100.jpg",100,100,true]},"uagb_author_info":{"display_name":"admin","author_link":"https:\/\/oponixo.shop\/tire\/author\/"},"uagb_comment_info":0,"uagb_excerpt":"Rok produkcji: 2024 TRAZANO Z-401 235\/60R17 102V G11N2D Data produkcji : 2024 Indeks : 235\/60R17 COTZ 102V Z-401 Indeks no\u015bno\u015bci : 102 Indeks pr\u0119dko\u015bci : V - 240 km\/h Karta informacyjna produktu : https:\/\/eprel.ec.europa.eu\/qr\/586741","_links":{"self":[{"href":"https:\/\/oponixo.shop\/tire\/wp-json\/wp\/v2\/product\/10593","targetHints":{"allow":["GET"]}}],"collection":[{"href":"https:\/\/oponixo.shop\/tire\/wp-json\/wp\/v2\/product"}],"about":[{"href":"https:\/\/oponixo.shop\/tire\/wp-json\/wp\/v2\/types\/product"}],"wp:featuredmedia":[{"embeddable":true,"href":"https:\/\/oponixo.shop\/tire\/wp-json\/wp\/v2\/media\/10594"}],"wp:attachment":[{"href":"https:\/\/oponixo.shop\/tire\/wp-json\/wp\/v2\/media?parent=10593"}],"wp:term":[{"taxonomy":"product_brand","embeddable":true,"href":"https:\/\/oponixo.shop\/tire\/wp-json\/wp\/v2\/product_brand?post=10593"},{"taxonomy":"product_cat","embeddable":true,"href":"https:\/\/oponixo.shop\/tire\/wp-json\/wp\/v2\/product_cat?post=10593"},{"taxonomy":"product_tag","embeddable":true,"href":"https:\/\/oponixo.shop\/tire\/wp-json\/wp\/v2\/product_tag?post=10593"}],"curies":[{"name":"wp","href":"https:\/\/api.w.org\/{rel}","templated":true}]}}