{"id":10605,"date":"2025-12-31T03:31:01","date_gmt":"2025-12-31T03:31:01","guid":{"rendered":"https:\/\/oponyexpert.shop\/xef5\/produkt\/4xnowe-opony-zimowe-firestone-205-45r17v-88v-xl-rant-winterhawk-4-2025-rok\/"},"modified":"2025-12-31T03:31:01","modified_gmt":"2025-12-31T03:31:01","slug":"4xnowe-opony-zimowe-firestone-205-45r17v-88v-xl-rant-winterhawk-4-2025-rok","status":"publish","type":"product","link":"https:\/\/oponixo.shop\/tire\/produkt\/4xnowe-opony-zimowe-firestone-205-45r17v-88v-xl-rant-winterhawk-4-2025-rok\/","title":{"rendered":"4XNOWE OPONY ZIMOWE FIRESTONE 205\/45R17V 88V XL RANT WINTERHAWK 4 \/2025 ROK"},"content":{"rendered":"<div style=\"font-family: Arial, sans-serif; line-height: 1.6; color: #333; padding: 20px; clear: both; display: block; width: 100%; float: none; position: static; overflow: hidden;\">\n<div style=\"clear: both; display: block; margin: 10px 0;\">\n<div style=\"clear: both; display: block; margin: 10px 0;\">\n<div style=\"clear: both; display: block; margin: 10px 0;\">\n<p style=\"margin: 15px 0; line-height: 1.8; clear: both; display: block; width: 100%; float: none; position: static;\">Opona zimowa Firestone Winterhawk 4 205\/45R17V 88V XL RANT<\/p>\n<p style=\"margin: 15px 0; line-height: 1.8; clear: both; display: block; width: 100%; float: none; position: static;\">PRODUKCJA OPON 2025 ROK<\/p>\n<h3 style=\"color: #2c5aa0; font-size: 18px; margin: 30px 0 15px 0; font-weight: bold; clear: both; display: block; width: 100%; float: none; position: static;\">KORMORAN<\/h3>\n<ul style=\"margin: 15px 0; padding-left: 20px; clear: both; display: block; width: 100%; float: none; position: static;\">\n<li style=\"margin: 5px 0; padding: 2px 0; clear: both; display: list-item; float: none; position: static;\"><b>Rodzaj:<\/b>&nbsp;OSOBOWE<\/li>\n<li style=\"margin: 5px 0; padding: 2px 0; clear: both; display: list-item; float: none; position: static;\"><b>Sezon:<\/b> ZIMOWE<\/li>\n<li style=\"margin: 5px 0; padding: 2px 0; clear: both; display: list-item; float: none; position: static;\"><b>Rozmiar:<\/b> 205\/45R17<\/li>\n<li style=\"margin: 5px 0; padding: 2px 0; clear: both; display: list-item; float: none; position: static;\"><b>Szeroko\u015b\u0107:<\/b> 205<\/li>\n<li style=\"margin: 5px 0; padding: 2px 0; clear: both; display: list-item; float: none; position: static;\"><b>Profil 45<\/b><\/li>\n<li style=\"margin: 5px 0; padding: 2px 0; clear: both; display: list-item; float: none; position: static;\"><b>\u015arednica:<\/b> 17<\/li>\n<li style=\"margin: 5px 0; padding: 2px 0; clear: both; display: list-item; float: none; position: static;\"><b>Indeks no\u015bno\u015bci:<\/b> 88<\/li>\n<li style=\"margin: 5px 0; padding: 2px 0; clear: both; display: list-item; float: none; position: static;\"><b>Indeks pr\u0119dko\u015bci:<\/b> V<\/li>\n<li style=\"margin: 5px 0; padding: 2px 0; clear: both; display: list-item; float: none; position: static;\"><b>Bie\u017cnik:<\/b> WINTERHAWK 4<\/li>\n<li style=\"margin: 5px 0; padding: 2px 0; clear: both; display: list-item; float: none; position: static;\"><b>Producent:<\/b> BRIDGESTONE<\/li>\n<\/ul>\n<\/div>\n<\/div>\n<div style=\"clear: both; display: block; margin: 10px 0;\">\n<div style=\"clear: both; display: block; margin: 10px 0;\">\n<div  style=\"max-width:721px;max-height:933px\">\n<div style=\"clear: both; display: block; margin: 10px 0;\">\n<div style=\"clear: both; width: 100%; display: block; margin: 20px 0; padding: 0; float: none; position: static; text-align: center;\"><img decoding=\"async\"  src=\"https:\/\/a.allegroimg.com\/original\/000f49\/7ac901e348538513d90c30278de0\/4XNOWE-OPONY-ZIMOWE-FIRESTONE-205-45R17V-88V-XL-RANT-WINTERHAWK-4-2025-ROK\" srcset=\"https:\/\/a.allegroimg.com\/original\/000f49\/7ac901e348538513d90c30278de0\/4XNOWE-OPONY-ZIMOWE-FIRESTONE-205-45R17V-88V-XL-RANT-WINTERHAWK-4-2025-ROK 278w,https:\/\/a.allegroimg.com\/original\/000f49\/7ac901e348538513d90c30278de0\/4XNOWE-OPONY-ZIMOWE-FIRESTONE-205-45R17V-88V-XL-RANT-WINTERHAWK-4-2025-ROK 556w,https:\/\/a.allegroimg.com\/original\/000f49\/7ac901e348538513d90c30278de0\/4XNOWE-OPONY-ZIMOWE-FIRESTONE-205-45R17V-88V-XL-RANT-WINTERHAWK-4-2025-ROK 721w,https:\/\/a.allegroimg.com\/original\/000f49\/7ac901e348538513d90c30278de0\/4XNOWE-OPONY-ZIMOWE-FIRESTONE-205-45R17V-88V-XL-RANT-WINTERHAWK-4-2025-ROK 721w\" sizes=\"(min-width: 1200px) 560px, (min-width: 992px) 50vw, 100vw\" width=\"721px\" alt=\"4XNOWE OPONY ZIMOWE FIRESTONE 205\/45R17V 88V XL RANT WINTERHAWK 4 \/2025 ROK\"\/ style=\"max-width: 100%; height: auto; display: block; margin: 0 auto;\"><\/div>\n<\/div>\n<\/div>\n<\/div>\n<\/div>\n<\/div>\n<div style=\"clear: both; display: block; margin: 10px 0;\">\n<div style=\"clear: both; display: block; margin: 10px 0;\">\n<div style=\"clear: both; display: block; margin: 10px 0;\">\n<h3 style=\"color: #2c5aa0; font-size: 18px; margin: 30px 0 15px 0; font-weight: bold; clear: both; display: block; width: 100%; float: none; position: static;\">Przeznaczenie<\/h3>\n<p style=\"margin: 15px 0; line-height: 1.8; clear: both; display: block; width: 100%; float: none; position: static;\">Opony Firestone Winterhawk 4 to ogumienie zimowe przeznaczone do montowania na ko\u0142ach samochod\u00f3w osobowych. Producent opon Winterhawk 4 po\u0142o\u017cy\u0142 nacisk na precyzj\u0119 prowadzenia i wysoki stopie\u0144 bezpiecze\u0144stwa.<\/p>\n<h3 style=\"color: #2c5aa0; font-size: 18px; margin: 30px 0 15px 0; font-weight: bold; clear: both; display: block; width: 100%; float: none; position: static;\">Technologia<\/h3>\n<p style=\"margin: 15px 0; line-height: 1.8; clear: both; display: block; width: 100%; float: none; position: static;\">&amp;lt;p&amp;gt;Zimowe opony samochodowe Firestone Winterhawk 4 wyprodukowano z nowoczesnej mieszanki gumowej wzbogaconej szeregiem nowoczesnych sk\u0142adnik\u00f3w oraz wype\u0142niaczy. Dzi\u0119ki nim bie\u017cnik opony zachowuje w\u0142a\u015bciw\u0105 przyczepno\u015b\u0107 podczas jazdy po suchych i mokrych drogach w trakcie niskich zimowych temperatur. Producent zastosowa\u0142 nowoczesny bie\u017cnik kierunkowy i szereg innych technologii zwi\u0119kszaj\u0105cych bezpiecze\u0144stwo jazdy.<\/p>\n<h3 style=\"color: #2c5aa0; font-size: 18px; margin: 30px 0 15px 0; font-weight: bold; clear: both; display: block; width: 100%; float: none; position: static;\">Bie\u017cnik<\/h3>\n<p style=\"margin: 15px 0; line-height: 1.8; clear: both; display: block; width: 100%; float: none; position: static;\">&amp;lt;p&amp;gt;Opony samochodowe Firestone Winterhawk 4 maj\u0105 kierunkowy bie\u017cnik, w kt\u00f3rym kszta\u0142t klock\u00f3w zosta\u0142 zdefiniowany przez szerokie rowki w kszta\u0142cie rozwartej litery V.<\/p>\n<h3 style=\"color: #2c5aa0; font-size: 18px; margin: 30px 0 15px 0; font-weight: bold; clear: both; display: block; width: 100%; float: none; position: static;\">Producent<\/h3>\n<p style=\"margin: 15px 0; line-height: 1.8; clear: both; display: block; width: 100%; float: none; position: static;\">Firestone to ameryka\u0144ski producent ogumienia samochodowego b\u0119d\u0105cy obecnie cz\u0119\u015bci\u0105 japo\u0144skiego koncernu Bridgestone. Firma Firestone zosta\u0142a za\u0142o\u017cona w 1900 roku w Akron w stanie Ohio przez Harveya Firestone\u2019a. Firma rozpocz\u0119\u0142a swoj\u0105 dzia\u0142alno\u015b\u0107 od produkcji opon do pierwszych samochod\u00f3w marki Ford. W 1909 roku Firestone wprowadzi\u0142o do sprzeda\u017cy opon\u0119 przeciwpo\u015blizgow\u0105, a par\u0119 lat p\u00f3\u017aniej firma zacz\u0119\u0142a dostarcza\u0107 opony do aut wy\u015bcigowych. W 1988 roku Firestone zosta\u0142 przej\u0119ty przez japo\u0144ski koncern Bridgestone.<\/p>\n<\/div>\n<\/div>\n<\/div>\n<\/div>\n<\/div>\n<\/div>\n<div style=\"clear: both; display: block; margin: 10px 0;\">\n","protected":false},"excerpt":{"rendered":"<p>Opona zimowa Firestone Winterhawk 4 205\/45R17V 88V XL RANT<\/p>\n<p>PRODUKCJA OPON 2025 ROK<\/p>\n<p>KORMORAN<\/p>\n<p>Rodzaj:&nbsp;OSOBOWE<\/p>\n<p>Sezon: ZIMOWE<\/p>\n<p>Rozmiar: 205\/45R17<\/p>\n<p>Szeroko\u015b\u0107: 205<\/p>\n<p>Profil 45<\/p>\n","protected":false},"featured_media":10606,"template":"","meta":{"_uag_custom_page_level_css":""},"product_brand":[400],"product_cat":[414,413,412,415],"product_tag":[],"class_list":{"0":"post-10605","1":"product","2":"type-product","3":"status-publish","4":"has-post-thumbnail","6":"product_brand-firestone","7":"product_cat-do-samochodow-osobowych-i-suv","8":"product_cat-opony","9":"product_cat-opony-i-felgi","10":"product_cat-zimowe","12":"first","13":"instock","14":"sale","15":"shipping-taxable","16":"purchasable","17":"product-type-simple"},"uagb_featured_image_src":{"full":["https:\/\/oponixo.shop\/tire\/wp-content\/uploads\/2025\/12\/allegro-image-10605.jpg",721,933,false],"thumbnail":["https:\/\/oponixo.shop\/tire\/wp-content\/uploads\/2025\/12\/allegro-image-10605-150x150.jpg",150,150,true],"medium":["https:\/\/oponixo.shop\/tire\/wp-content\/uploads\/2025\/12\/allegro-image-10605-232x300.jpg",232,300,true],"medium_large":["https:\/\/oponixo.shop\/tire\/wp-content\/uploads\/2025\/12\/allegro-image-10605.jpg",721,933,false],"large":["https:\/\/oponixo.shop\/tire\/wp-content\/uploads\/2025\/12\/allegro-image-10605.jpg",721,933,false],"1536x1536":["https:\/\/oponixo.shop\/tire\/wp-content\/uploads\/2025\/12\/allegro-image-10605.jpg",721,933,false],"2048x2048":["https:\/\/oponixo.shop\/tire\/wp-content\/uploads\/2025\/12\/allegro-image-10605.jpg",721,933,false],"woocommerce_thumbnail":["https:\/\/oponixo.shop\/tire\/wp-content\/uploads\/2025\/12\/allegro-image-10605-300x300.jpg",300,300,true],"woocommerce_single":["https:\/\/oponixo.shop\/tire\/wp-content\/uploads\/2025\/12\/allegro-image-10605-600x776.jpg",600,776,true],"woocommerce_gallery_thumbnail":["https:\/\/oponixo.shop\/tire\/wp-content\/uploads\/2025\/12\/allegro-image-10605-100x100.jpg",100,100,true]},"uagb_author_info":{"display_name":"admin","author_link":"https:\/\/oponixo.shop\/tire\/author\/"},"uagb_comment_info":0,"uagb_excerpt":"Opona zimowa Firestone Winterhawk 4 205\/45R17V 88V XL RANT PRODUKCJA OPON 2025 ROK KORMORAN Rodzaj:&nbsp;OSOBOWE Sezon: ZIMOWE Rozmiar: 205\/45R17 Szeroko\u015b\u0107: 205 Profil 45","_links":{"self":[{"href":"https:\/\/oponixo.shop\/tire\/wp-json\/wp\/v2\/product\/10605","targetHints":{"allow":["GET"]}}],"collection":[{"href":"https:\/\/oponixo.shop\/tire\/wp-json\/wp\/v2\/product"}],"about":[{"href":"https:\/\/oponixo.shop\/tire\/wp-json\/wp\/v2\/types\/product"}],"wp:featuredmedia":[{"embeddable":true,"href":"https:\/\/oponixo.shop\/tire\/wp-json\/wp\/v2\/media\/10606"}],"wp:attachment":[{"href":"https:\/\/oponixo.shop\/tire\/wp-json\/wp\/v2\/media?parent=10605"}],"wp:term":[{"taxonomy":"product_brand","embeddable":true,"href":"https:\/\/oponixo.shop\/tire\/wp-json\/wp\/v2\/product_brand?post=10605"},{"taxonomy":"product_cat","embeddable":true,"href":"https:\/\/oponixo.shop\/tire\/wp-json\/wp\/v2\/product_cat?post=10605"},{"taxonomy":"product_tag","embeddable":true,"href":"https:\/\/oponixo.shop\/tire\/wp-json\/wp\/v2\/product_tag?post=10605"}],"curies":[{"name":"wp","href":"https:\/\/api.w.org\/{rel}","templated":true}]}}