{"id":10625,"date":"2025-12-31T03:31:07","date_gmt":"2025-12-31T03:31:07","guid":{"rendered":"https:\/\/oponyexpert.shop\/xef5\/produkt\/2x-205-45r17-continental-wintercontact-ts-850-p-88v-zima-wyprzedaz\/"},"modified":"2025-12-31T03:31:07","modified_gmt":"2025-12-31T03:31:07","slug":"2x-205-45r17-continental-wintercontact-ts-850-p-88v-zima-wyprzedaz","status":"publish","type":"product","link":"https:\/\/oponixo.shop\/tire\/produkt\/2x-205-45r17-continental-wintercontact-ts-850-p-88v-zima-wyprzedaz\/","title":{"rendered":"2x 205\/45R17 CONTINENTAL WinterContact TS 850 P 88V ZIMA WYPRZEDA\u017b"},"content":{"rendered":"<div style=\"font-family: Arial, sans-serif; line-height: 1.6; color: #333; padding: 20px; clear: both; display: block; width: 100%; float: none; position: static; overflow: hidden;\">\n<div style=\"clear: both; display: block; margin: 10px 0;\">\n<div style=\"clear: both; display: block; margin: 10px 0;\">\n<div style=\"clear: both; display: block; margin: 10px 0;\">\n<div  style=\"max-width:2560px;max-height:456px\">\n<div style=\"clear: both; display: block; margin: 10px 0;\">\n<div style=\"clear: both; width: 100%; display: block; margin: 20px 0; padding: 0; float: none; position: static; text-align: center;\"><img decoding=\"async\"  src=\"https:\/\/a.allegroimg.com\/original\/118635\/b0f87fd44c38a5358d47fcb0dd24\/2x-205-45R17-CONTINENTAL-WinterContact-TS-850-P-88V-ZIMA-WYPRZEDAZ-Liczba-opon-w-ofercie-2-szt\" srcset=\"https:\/\/a.allegroimg.com\/original\/118635\/b0f87fd44c38a5358d47fcb0dd24\/2x-205-45R17-CONTINENTAL-WinterContact-TS-850-P-88V-ZIMA-WYPRZEDAZ-Liczba-opon-w-ofercie-2-szt 360w,https:\/\/a.allegroimg.com\/original\/118635\/b0f87fd44c38a5358d47fcb0dd24\/2x-205-45R17-CONTINENTAL-WinterContact-TS-850-P-88V-ZIMA-WYPRZEDAZ-Liczba-opon-w-ofercie-2-szt 720w,https:\/\/a.allegroimg.com\/original\/118635\/b0f87fd44c38a5358d47fcb0dd24\/2x-205-45R17-CONTINENTAL-WinterContact-TS-850-P-88V-ZIMA-WYPRZEDAZ-Liczba-opon-w-ofercie-2-szt 1024w,https:\/\/a.allegroimg.com\/original\/118635\/b0f87fd44c38a5358d47fcb0dd24\/2x-205-45R17-CONTINENTAL-WinterContact-TS-850-P-88V-ZIMA-WYPRZEDAZ-Liczba-opon-w-ofercie-2-szt 1440w,https:\/\/a.allegroimg.com\/original\/118635\/b0f87fd44c38a5358d47fcb0dd24\/2x-205-45R17-CONTINENTAL-WinterContact-TS-850-P-88V-ZIMA-WYPRZEDAZ-Liczba-opon-w-ofercie-2-szt 2560w\" sizes=\"100vw\" width=\"2560px\" alt=\"2x 205\/45R17 CONTINENTAL WinterContact TS 850 P 88V ZIMA WYPRZEDA\u017b Liczba opon w ofercie 2 szt.\"\/ style=\"max-width: 100%; height: auto; display: block; margin: 0 auto;\"><\/div>\n<\/div>\n<\/div>\n<\/div>\n<\/div>\n<\/div>\n<div style=\"clear: both; display: block; margin: 10px 0;\">\n<div style=\"clear: both; display: block; margin: 10px 0;\">\n<div style=\"clear: both; display: block; margin: 10px 0;\">\n<div  style=\"max-width:604px;max-height:422px\">\n<div style=\"clear: both; display: block; margin: 10px 0;\">\n<div style=\"clear: both; width: 100%; display: block; margin: 20px 0; padding: 0; float: none; position: static; text-align: center;\"><img decoding=\"async\"  src=\"https:\/\/a.allegroimg.com\/original\/1193b0\/06d699eb4c489b2c12e5360cd7a6\/2x-205-45R17-CONTINENTAL-WinterContact-TS-850-P-88V-ZIMA-WYPRZEDAZ\" srcset=\"https:\/\/a.allegroimg.com\/original\/1193b0\/06d699eb4c489b2c12e5360cd7a6\/2x-205-45R17-CONTINENTAL-WinterContact-TS-850-P-88V-ZIMA-WYPRZEDAZ 360w,https:\/\/a.allegroimg.com\/original\/1193b0\/06d699eb4c489b2c12e5360cd7a6\/2x-205-45R17-CONTINENTAL-WinterContact-TS-850-P-88V-ZIMA-WYPRZEDAZ 604w,https:\/\/a.allegroimg.com\/original\/1193b0\/06d699eb4c489b2c12e5360cd7a6\/2x-205-45R17-CONTINENTAL-WinterContact-TS-850-P-88V-ZIMA-WYPRZEDAZ 604w\" sizes=\"(min-width: 1200px) 560px, (min-width: 992px) 50vw, 100vw\" width=\"604px\" alt=\"2x 205\/45R17 CONTINENTAL WinterContact TS 850 P 88V ZIMA WYPRZEDA\u017b\"\/ style=\"max-width: 100%; height: auto; display: block; margin: 0 auto;\"><\/div>\n<\/div>\n<\/div>\n<\/div>\n<\/div>\n<div style=\"clear: both; display: block; margin: 10px 0;\">\n<div style=\"clear: both; display: block; margin: 10px 0;\">\n<h3 style=\"color: #2c5aa0; font-size: 18px; margin: 30px 0 15px 0; font-weight: bold; clear: both; display: block; width: 100%; float: none; position: static;\">PARAMETRY OPON:<\/h3>\n<p style=\"margin: 15px 0; line-height: 1.8; clear: both; display: block; width: 100%; float: none; position: static;\">Producent: CONTINENTAL<\/p>\n<p style=\"margin: 15px 0; line-height: 1.8; clear: both; display: block; width: 100%; float: none; position: static;\">Kod producenta: 03539130000<\/p>\n<p style=\"margin: 15px 0; line-height: 1.8; clear: both; display: block; width: 100%; float: none; position: static;\">Rozmiar: 205\/45R17<\/p>\n<p style=\"margin: 15px 0; line-height: 1.8; clear: both; display: block; width: 100%; float: none; position: static;\">Model: WinterContact TS 850 P<\/p>\n<p style=\"margin: 15px 0; line-height: 1.8; clear: both; display: block; width: 100%; float: none; position: static;\">Indeks no\u015bno\u015bci: 88 &#8211; 1000 kg<\/p>\n<p style=\"margin: 15px 0; line-height: 1.8; clear: both; display: block; width: 100%; float: none; position: static;\">Indeks pr\u0119dko\u015bci: V do 240 km\/h<\/p>\n<p style=\"margin: 15px 0; line-height: 1.8; clear: both; display: block; width: 100%; float: none; position: static;\">CENA ZA 2 SZTUKI<\/p>\n<\/div>\n<\/div>\n<\/div>\n<div style=\"clear: both; display: block; margin: 10px 0;\">\n<div style=\"clear: both; display: block; margin: 10px 0;\">\n<div style=\"clear: both; display: block; margin: 10px 0;\">\n<p style=\"margin: 15px 0; line-height: 1.8; clear: both; display: block; width: 100%; float: none; position: static;\">Continental WinterContact TS 850 P \u2013 zimowa precyzja i pe\u0142na kontrola<\/p>\n<h3 style=\"color: #2c5aa0; font-size: 18px; margin: 30px 0 15px 0; font-weight: bold; clear: both; display: block; width: 100%; float: none; position: static;\">Continental WinterContact TS 850 P to opona klasy premium stworzona dla kierowc\u00f3w, kt\u00f3rzy oczekuj\u0105 maksymalnej przyczepno\u015bci, precyzyjnego prowadzenia i kr\u00f3tkiej drogi hamowania w ka\u017cdych zimowych warunkach.<\/h3>\n<p style=\"margin: 15px 0; line-height: 1.8; clear: both; display: block; width: 100%; float: none; position: static;\">Dlaczego warto wybra\u0107 Continental WinterContact TS 850 P?<\/p>\n<ul style=\"margin: 15px 0; padding-left: 20px; clear: both; display: block; width: 100%; float: none; position: static;\">\n<li style=\"margin: 5px 0; padding: 2px 0; clear: both; display: list-item; float: none; position: static;\"><b>Lepsza trakcja na zimowych drogach<\/b> \u2013 innowacyjne technologie PrecisionPlus i S-Grip zapewniaj\u0105 doskona\u0142\u0105 przyczepno\u015b\u0107 nawet w najbardziej wymagaj\u0105cych warunkach \u015bniegowych.<\/li>\n<li style=\"margin: 5px 0; padding: 2px 0; clear: both; display: list-item; float: none; position: static;\"><b>Wyj\u0105tkowe prowadzenie na suchej nawierzchni<\/b> \u2013 nowatorska konstrukcja bie\u017cnika gwarantuje precyzyjne reakcje na manewry podczas przyspieszania i pokonywania zakr\u0119t\u00f3w.<\/li>\n<li style=\"margin: 5px 0; padding: 2px 0; clear: both; display: list-item; float: none; position: static;\"><b>Skr\u00f3cona droga hamowania<\/b> \u2013 technologia ActiveBand znacz\u0105co zmniejsza dystans potrzebny do zatrzymania pojazdu zar\u00f3wno na mokrej, jak i suchej nawierzchni.<\/li>\n<li style=\"margin: 5px 0; padding: 2px 0; clear: both; display: list-item; float: none; position: static;\"><b>Wielokrotnie nagradzana<\/b> \u2013 WinterContact TS 850 P to nowa generacja precyzyjnej jazdy zim\u0105, doceniona w testach opon i przez kierowc\u00f3w na ca\u0142ym \u015bwiecie.<\/li>\n<\/ul>\n<h3 style=\"color: #2c5aa0; font-size: 18px; margin: 30px 0 15px 0; font-weight: bold; clear: both; display: block; width: 100%; float: none; position: static;\">Wybierz Continental WinterContact TS 850 P \u2013 zimow\u0105 opon\u0119 klasy premium, kt\u00f3ra zapewni Ci niezawodno\u015b\u0107 i sportowe osi\u0105gi na ka\u017cdej zimowej trasie.<\/h3>\n<\/div>\n<\/div>\n<\/div>\n<\/div>\n<\/div>\n<\/div>\n<div style=\"clear: both; display: block; margin: 10px 0;\">\n","protected":false},"excerpt":{"rendered":"<p>PARAMETRY OPON:<\/p>\n<p>Producent: CONTINENTAL<\/p>\n<p>Kod producenta: 03539130000<\/p>\n<p>Rozmiar: 205\/45R17<\/p>\n<p>Model: WinterContact TS 850 P<\/p>\n<p>Indeks no\u015bno\u015bci: 88 &#8211; 1000 kg<\/p>\n<p>Indeks pr\u0119dko\u015bci: V do 240 km\/h<\/p>\n<p>CENA ZA 2 SZTUKI<\/p>\n","protected":false},"featured_media":10626,"template":"","meta":{"_uag_custom_page_level_css":""},"product_brand":[396],"product_cat":[414,413,412,415],"product_tag":[],"class_list":{"0":"post-10625","1":"product","2":"type-product","3":"status-publish","4":"has-post-thumbnail","6":"product_brand-continental","7":"product_cat-do-samochodow-osobowych-i-suv","8":"product_cat-opony","9":"product_cat-opony-i-felgi","10":"product_cat-zimowe","12":"first","13":"instock","14":"sale","15":"shipping-taxable","16":"purchasable","17":"product-type-simple"},"uagb_featured_image_src":{"full":["https:\/\/oponixo.shop\/tire\/wp-content\/uploads\/2025\/12\/allegro-image-10625.jpg",604,422,false],"thumbnail":["https:\/\/oponixo.shop\/tire\/wp-content\/uploads\/2025\/12\/allegro-image-10625-150x150.jpg",150,150,true],"medium":["https:\/\/oponixo.shop\/tire\/wp-content\/uploads\/2025\/12\/allegro-image-10625-300x210.jpg",300,210,true],"medium_large":["https:\/\/oponixo.shop\/tire\/wp-content\/uploads\/2025\/12\/allegro-image-10625.jpg",604,422,false],"large":["https:\/\/oponixo.shop\/tire\/wp-content\/uploads\/2025\/12\/allegro-image-10625.jpg",604,422,false],"1536x1536":["https:\/\/oponixo.shop\/tire\/wp-content\/uploads\/2025\/12\/allegro-image-10625.jpg",604,422,false],"2048x2048":["https:\/\/oponixo.shop\/tire\/wp-content\/uploads\/2025\/12\/allegro-image-10625.jpg",604,422,false],"woocommerce_thumbnail":["https:\/\/oponixo.shop\/tire\/wp-content\/uploads\/2025\/12\/allegro-image-10625-300x300.jpg",300,300,true],"woocommerce_single":["https:\/\/oponixo.shop\/tire\/wp-content\/uploads\/2025\/12\/allegro-image-10625-600x419.jpg",600,419,true],"woocommerce_gallery_thumbnail":["https:\/\/oponixo.shop\/tire\/wp-content\/uploads\/2025\/12\/allegro-image-10625-100x100.jpg",100,100,true]},"uagb_author_info":{"display_name":"admin","author_link":"https:\/\/oponixo.shop\/tire\/author\/"},"uagb_comment_info":0,"uagb_excerpt":"PARAMETRY OPON: Producent: CONTINENTAL Kod producenta: 03539130000 Rozmiar: 205\/45R17 Model: WinterContact TS 850 P Indeks no\u015bno\u015bci: 88 - 1000 kg Indeks pr\u0119dko\u015bci: V do 240 km\/h CENA ZA 2 SZTUKI","_links":{"self":[{"href":"https:\/\/oponixo.shop\/tire\/wp-json\/wp\/v2\/product\/10625","targetHints":{"allow":["GET"]}}],"collection":[{"href":"https:\/\/oponixo.shop\/tire\/wp-json\/wp\/v2\/product"}],"about":[{"href":"https:\/\/oponixo.shop\/tire\/wp-json\/wp\/v2\/types\/product"}],"wp:featuredmedia":[{"embeddable":true,"href":"https:\/\/oponixo.shop\/tire\/wp-json\/wp\/v2\/media\/10626"}],"wp:attachment":[{"href":"https:\/\/oponixo.shop\/tire\/wp-json\/wp\/v2\/media?parent=10625"}],"wp:term":[{"taxonomy":"product_brand","embeddable":true,"href":"https:\/\/oponixo.shop\/tire\/wp-json\/wp\/v2\/product_brand?post=10625"},{"taxonomy":"product_cat","embeddable":true,"href":"https:\/\/oponixo.shop\/tire\/wp-json\/wp\/v2\/product_cat?post=10625"},{"taxonomy":"product_tag","embeddable":true,"href":"https:\/\/oponixo.shop\/tire\/wp-json\/wp\/v2\/product_tag?post=10625"}],"curies":[{"name":"wp","href":"https:\/\/api.w.org\/{rel}","templated":true}]}}