{"id":10662,"date":"2025-12-31T03:31:14","date_gmt":"2025-12-31T03:31:14","guid":{"rendered":"https:\/\/oponyexpert.shop\/xef5\/produkt\/2x-michelin-235-40r18-95v-pilot-alpin-pa4-xl-zimowe\/"},"modified":"2025-12-31T03:31:14","modified_gmt":"2025-12-31T03:31:14","slug":"2x-michelin-235-40r18-95v-pilot-alpin-pa4-xl-zimowe","status":"publish","type":"product","link":"https:\/\/oponixo.shop\/tire\/produkt\/2x-michelin-235-40r18-95v-pilot-alpin-pa4-xl-zimowe\/","title":{"rendered":"2x MICHELIN 235\/40R18 95V Pilot Alpin PA4 XL * zimowe"},"content":{"rendered":"<div style=\"font-family: Arial, sans-serif; line-height: 1.6; color: #333; padding: 20px; clear: both; display: block; width: 100%; float: none; position: static; overflow: hidden;\">\n<div style=\"clear: both; display: block; margin: 10px 0;\">\n<div style=\"clear: both; display: block; margin: 10px 0;\">\n<div style=\"clear: both; display: block; margin: 10px 0;\">\n<h1>Rok produkcji: 2023<\/h1>\n<\/div>\n<\/div>\n<\/div>\n<div style=\"clear: both; display: block; margin: 10px 0;\">\n<div style=\"clear: both; display: block; margin: 10px 0;\">\n<div style=\"clear: both; display: block; margin: 10px 0;\">\n<div  style=\"max-width:1200px;max-height:1126px\">\n<div style=\"clear: both; display: block; margin: 10px 0;\">\n<div style=\"clear: both; width: 100%; display: block; margin: 20px 0; padding: 0; float: none; position: static; text-align: center;\"><img decoding=\"async\"  src=\"https:\/\/a.allegroimg.com\/original\/11168c\/c8adaecd42c196e2d5471127a6f9\/2x-MICHELIN-235-40R18-95V-Pilot-Alpin-PA4-XL-zimowe\" srcset=\"https:\/\/a.allegroimg.com\/original\/11168c\/c8adaecd42c196e2d5471127a6f9\/2x-MICHELIN-235-40R18-95V-Pilot-Alpin-PA4-XL-zimowe 360w,https:\/\/a.allegroimg.com\/original\/11168c\/c8adaecd42c196e2d5471127a6f9\/2x-MICHELIN-235-40R18-95V-Pilot-Alpin-PA4-XL-zimowe 720w,https:\/\/a.allegroimg.com\/original\/11168c\/c8adaecd42c196e2d5471127a6f9\/2x-MICHELIN-235-40R18-95V-Pilot-Alpin-PA4-XL-zimowe 1024w,https:\/\/a.allegroimg.com\/original\/11168c\/c8adaecd42c196e2d5471127a6f9\/2x-MICHELIN-235-40R18-95V-Pilot-Alpin-PA4-XL-zimowe 1200w,https:\/\/a.allegroimg.com\/original\/11168c\/c8adaecd42c196e2d5471127a6f9\/2x-MICHELIN-235-40R18-95V-Pilot-Alpin-PA4-XL-zimowe 1200w\" sizes=\"(min-width: 1200px) 560px, (min-width: 992px) 50vw, 100vw\" width=\"1200px\" alt=\"2x MICHELIN 235\/40R18 95V Pilot Alpin PA4 XL * zimowe\"\/ style=\"max-width: 100%; height: auto; display: block; margin: 0 auto;\"><\/div>\n<\/div>\n<\/div>\n<\/div>\n<\/div>\n<div style=\"clear: both; display: block; margin: 10px 0;\">\n<div style=\"clear: both; display: block; margin: 10px 0;\">\n<h1>MICHELIN Pilot Alpin PA4 235\/40R18 95V XL *<\/h1>\n<h2>DC249F<\/h2>\n<ul style=\"margin: 15px 0; padding-left: 20px; clear: both; display: block; width: 100%; float: none; position: static;\">\n<li style=\"margin: 5px 0; padding: 2px 0; clear: both; display: list-item; float: none; position: static;\"><b>Cecha dodatkowa :<\/b> Homologacja BMW *<\/li>\n<li style=\"margin: 5px 0; padding: 2px 0; clear: both; display: list-item; float: none; position: static;\"><b>Data produkcji :<\/b> 2023<\/li>\n<li style=\"margin: 5px 0; padding: 2px 0; clear: both; display: list-item; float: none; position: static;\"><b>Hamowanie na mokrej nawierzchni :<\/b> C<\/li>\n<li style=\"margin: 5px 0; padding: 2px 0; clear: both; display: list-item; float: none; position: static;\"><b>Indeks :<\/b> 235\/40R18 ZOMI 95V PA4B<\/li>\n<li style=\"margin: 5px 0; padding: 2px 0; clear: both; display: list-item; float: none; position: static;\"><b>Indeks no\u015bno\u015bci :<\/b> 95.0<\/li>\n<li style=\"margin: 5px 0; padding: 2px 0; clear: both; display: list-item; float: none; position: static;\"><b>Indeks pr\u0119dko\u015bci :<\/b> V &#8211; 240 km\/h<\/li>\n<li style=\"margin: 5px 0; padding: 2px 0; clear: both; display: list-item; float: none; position: static;\"><b>Karta informacyjna produktu :<\/b> https:\/\/eprel.ec.europa.eu\/qr\/411673<\/li>\n<li style=\"margin: 5px 0; padding: 2px 0; clear: both; display: list-item; float: none; position: static;\"><b>Kl. efekt. paliwowej :<\/b> D<\/li>\n<li style=\"margin: 5px 0; padding: 2px 0; clear: both; display: list-item; float: none; position: static;\"><b>Kl. przycz. na mokrej naw. :<\/b> C<\/li>\n<li style=\"margin: 5px 0; padding: 2px 0; clear: both; display: list-item; float: none; position: static;\"><b>Kl. zew. ha\u0142asu tocz. :<\/b> B<\/li>\n<li style=\"margin: 5px 0; padding: 2px 0; clear: both; display: list-item; float: none; position: static;\"><b>Klasa opony :<\/b> premium<\/li>\n<li style=\"margin: 5px 0; padding: 2px 0; clear: both; display: list-item; float: none; position: static;\"><b>Kod EAN :<\/b> 3528706927867.0<\/li>\n<li style=\"margin: 5px 0; padding: 2px 0; clear: both; display: list-item; float: none; position: static;\"><b>Kod producenta :<\/b> 692786.0<\/li>\n<li style=\"margin: 5px 0; padding: 2px 0; clear: both; display: list-item; float: none; position: static;\"><b>Liczba decybeli :<\/b> 70.0<\/li>\n<li style=\"margin: 5px 0; padding: 2px 0; clear: both; display: list-item; float: none; position: static;\"><b>Model bie\u017cnika :<\/b> Pilot Alpin PA4<\/li>\n<li style=\"margin: 5px 0; padding: 2px 0; clear: both; display: list-item; float: none; position: static;\"><b>Nazwa produktu :<\/b> MICHELIN 235\/40R18 95V Pilot Alpin PA4 XL * zimowe<\/li>\n<li style=\"margin: 5px 0; padding: 2px 0; clear: both; display: list-item; float: none; position: static;\"><b>No\u015bno\u015b\u0107 opony :<\/b> XL<\/li>\n<li style=\"margin: 5px 0; padding: 2px 0; clear: both; display: list-item; float: none; position: static;\"><b>Op\u00f3r toczenia :<\/b> E<\/li>\n<li style=\"margin: 5px 0; padding: 2px 0; clear: both; display: list-item; float: none; position: static;\"><b>Poziom emisji ha\u0142asu :<\/b> 2.0<\/li>\n<li style=\"margin: 5px 0; padding: 2px 0; clear: both; display: list-item; float: none; position: static;\"><b>Producent :<\/b> MICHELIN<\/li>\n<li style=\"margin: 5px 0; padding: 2px 0; clear: both; display: list-item; float: none; position: static;\"><b>Profil :<\/b> 40.0, 40<\/li>\n<li style=\"margin: 5px 0; padding: 2px 0; clear: both; display: list-item; float: none; position: static;\"><b>Przeznaczenie :<\/b> samochody osobowe\/SUV\/crossover<\/li>\n<li style=\"margin: 5px 0; padding: 2px 0; clear: both; display: list-item; float: none; position: static;\"><b>Przyczepno\u015b\u0107 na lodzie :<\/b> Nie<\/li>\n<li style=\"margin: 5px 0; padding: 2px 0; clear: both; display: list-item; float: none; position: static;\"><b>Przyczepno\u015b\u0107 na \u015bniegu :<\/b> Tak<\/li>\n<li style=\"margin: 5px 0; padding: 2px 0; clear: both; display: list-item; float: none; position: static;\"><b>QR kod :<\/b> https:\/\/eprel.ec.europa.eu\/qr\/411673<\/li>\n<li style=\"margin: 5px 0; padding: 2px 0; clear: both; display: list-item; float: none; position: static;\"><b>Sezon :<\/b> zimowa<\/li>\n<li style=\"margin: 5px 0; padding: 2px 0; clear: both; display: list-item; float: none; position: static;\"><b>\u015arednica :<\/b> 18&#8243;, 18.0<\/li>\n<li style=\"margin: 5px 0; padding: 2px 0; clear: both; display: list-item; float: none; position: static;\"><b>Szeroko\u015b\u0107 :<\/b> 235, 235.0<\/li>\n<li style=\"margin: 5px 0; padding: 2px 0; clear: both; display: list-item; float: none; position: static;\"><b>Wart. pom. i kl. zew. ha\u0142asu tocz. [dB] :<\/b> 70.0, 70<\/li>\n<\/ul>\n<\/div>\n<\/div>\n<\/div>\n<div style=\"clear: both; display: block; margin: 10px 0;\">\n<div style=\"clear: both; display: block; margin: 10px 0;\">\n<div style=\"clear: both; display: block; margin: 10px 0;\">\n<p style=\"margin: 15px 0; line-height: 1.8; clear: both; display: block; width: 100%; float: none; position: static;\"> Przeznaczone na sezon zimowy opony Alpin A4 firmy MICHELIN zosta\u0142y wyr\u00f3\u017cnione w wielu testach presti\u017cowych organizacji i czasopism motoryzacyjnych za swoje wyj\u0105tkowe parametry. Zosta\u0142y one zaprojektowane przede wszystkim do samochod\u00f3w miejskich, rodzinnych oraz minivan\u00f3w, zapewniaj\u0105c wysoki poziom bezpiecze\u0144stwa na wszystkich rodzajach nawierzchni spotykanych zim\u0105. Dzi\u0119ki innowacyjnej mieszance gumowej Helio Compound + o zwi\u0119kszonej elastyczno\u015bci, polepszono przyczepno\u015b\u0107 i zdolno\u015b\u0107 hamowania, r\u00f3wnie\u017c na nawierzchniach oblodzonych i za\u015bnie\u017conych. Mieszanka jest tak\u017ce wysoce odporna na \u015bcieranie i redukuje opory toczenia, co pozwala ograniczy\u0107 zu\u017cycie paliwa. Zag\u0119szczone, kierunkowe, samoblokuj\u0105ce naci\u0119cia lamelkowe poprawiaj\u0105 przyczepno\u015b\u0107 zar\u00f3wno na suchej, jak i mokrej nawierzchni, znacznie skracaj\u0105c drog\u0119 hamowania. Asymetryczna rze\u017aba bie\u017cnika, rowki boczne oraz drena\u017cowe naci\u0119cia poprzeczne pozwalaj\u0105 na skuteczne odprowadzanie wody i b\u0142ota \u015bniegowego, chroni\u0105c przed zjawiskiem tworzenia klina po\u015blizgowego przed opon\u0105. Zmaksymalizowano r\u00f3wnie\u017c powierzchni\u0119 kontaktu opony z pod\u0142o\u017cem, co pozwala skr\u00f3ci\u0107 drog\u0119 hamowania i poprawi\u0107 sterowalno\u015b\u0107 pojazdu podczas pokonywania zakr\u0119t\u00f3w. Opona Alpin A4 wyr\u00f3\u017cnia si\u0119 tak\u017ce bardzo cich\u0105 prac\u0105, zapewniaj\u0105c wysoki komfort podr\u00f3\u017cowania w ka\u017cdych warunkach.<\/p>\n<\/div>\n<\/div>\n<div style=\"clear: both; display: block; margin: 10px 0;\">\n<div style=\"clear: both; display: block; margin: 10px 0;\">\n<div  style=\"max-width:886px;max-height:1299px\">\n<div style=\"clear: both; display: block; margin: 10px 0;\">\n<div style=\"clear: both; width: 100%; display: block; margin: 20px 0; padding: 0; float: none; position: static; text-align: center;\"><img decoding=\"async\"  src=\"https:\/\/a.allegroimg.com\/original\/115661\/7effd34044789fd9e893f806d2f2\/2x-MICHELIN-235-40R18-95V-Pilot-Alpin-PA4-XL-zimowe-Srednica-18\" srcset=\"https:\/\/a.allegroimg.com\/original\/115661\/7effd34044789fd9e893f806d2f2\/2x-MICHELIN-235-40R18-95V-Pilot-Alpin-PA4-XL-zimowe-Srednica-18 245w,https:\/\/a.allegroimg.com\/original\/115661\/7effd34044789fd9e893f806d2f2\/2x-MICHELIN-235-40R18-95V-Pilot-Alpin-PA4-XL-zimowe-Srednica-18 491w,https:\/\/a.allegroimg.com\/original\/115661\/7effd34044789fd9e893f806d2f2\/2x-MICHELIN-235-40R18-95V-Pilot-Alpin-PA4-XL-zimowe-Srednica-18 698w,https:\/\/a.allegroimg.com\/original\/115661\/7effd34044789fd9e893f806d2f2\/2x-MICHELIN-235-40R18-95V-Pilot-Alpin-PA4-XL-zimowe-Srednica-18 886w,https:\/\/a.allegroimg.com\/original\/115661\/7effd34044789fd9e893f806d2f2\/2x-MICHELIN-235-40R18-95V-Pilot-Alpin-PA4-XL-zimowe-Srednica-18 886w\" sizes=\"(min-width: 1200px) 560px, (min-width: 992px) 50vw, 100vw\" width=\"886px\" alt=\"2x MICHELIN 235\/40R18 95V Pilot Alpin PA4 XL * zimowe \u015arednica 18&quot;\"\/ style=\"max-width: 100%; height: auto; display: block; margin: 0 auto;\"><\/div>\n<\/div>\n<\/div>\n<\/div>\n<\/div>\n<\/div>\n<div style=\"clear: both; display: block; margin: 10px 0;\">\n<div style=\"clear: both; display: block; margin: 10px 0;\">\n<div style=\"clear: both; display: block; margin: 10px 0;\">\n<p style=\"margin: 15px 0; line-height: 1.8; clear: both; display: block; width: 100%; float: none; position: static;\">Wychodz\u0105c naprzeciw oczekiwaniom Klient\u00f3w i chc\u0105c spe\u0142nia\u0107 jak najwy\u017csze standardy obs\u0142ugi dok\u0142adamy wszelkich stara\u0144, aby podawa\u0107 precyzyjn\u0105 dat\u0119 produkcji opony (DOT). Niestety, w wyj\u0105tkowych przypadkach, mo\u017ce zdarzy\u0107 si\u0119, \u017ce opony, kt\u00f3re wy\u015blemy b\u0119d\u0105 mia\u0142y inn\u0105 dat\u0119 produkcji ni\u017c podana. Sytuacja mo\u017ce dotyczy\u0107 zar\u00f3wno opon z DOT-em wcze\u015bniejszym jak i p\u00f3\u017aniejszym. Chcieliby\u015bmy podkre\u015bli\u0107, \u017ce warunki przechowywania opon w naszych magazynach spe\u0142niaj\u0105 Polsk\u0105 Norm\u0119 PN-C-94300-7 dzi\u0119ki czemu nawet opona przechowywana 24 miesi\u0105ce ma parametry takie same jak opona z bie\u017c\u0105cego roku. Warto pami\u0119ta\u0107 tak\u017ce o fakcie, \u017ce w przypadku wielu rozmiar\u00f3w i producent\u00f3w plany produkcyjne fabryk uniemo\u017cliwiaj\u0105 zakup opony z bie\u017c\u0105cego roku.<\/p>\n<p style=\"margin: 15px 0; line-height: 1.8; clear: both; display: block; width: 100%; float: none; position: static;\">Przy zakupie opon pami\u0119taj o sprawdzeniu w instrukcji samochodu lub na w\u0142a\u015bciwej stronie internetowej, jakie ogumienie zaleca producent Twojego auta. \u0179le dobrane opony mog\u0105 negatywnie wp\u0142yn\u0105\u0107 na poziom Twojego bezpiecze\u0144stwa. Kupuj\u0105c opony zwr\u00f3\u0107 uwag\u0119 na rozmiar oraz indeksy no\u015bno\u015bci i pr\u0119dko\u015bci jakie homologowane s\u0105 do Twojego pojazdu.<\/p>\n<p style=\"margin: 15px 0; line-height: 1.8; clear: both; display: block; width: 100%; float: none; position: static;\">Zamieszczone zdj\u0119cia pe\u0142ni\u0105 funkcj\u0119 pogl\u0105dow\u0105. W zale\u017cno\u015bci od szeroko\u015bci opon, mog\u0105 wyst\u0119powa\u0107 niewielkie r\u00f3\u017cnice w wygl\u0105dzie bie\u017cnika (w obr\u0119bie jednego modelu) na przyk\u0142ad w ilo\u015bci rowk\u00f3w obwodowych lub rozmieszczeniu blok\u00f3w bie\u017cnika, co nie stanowi wady produktu.<\/p>\n<p style=\"margin: 15px 0; line-height: 1.8; clear: both; display: block; width: 100%; float: none; position: static;\">Je\u017celi otrzymane przez Ciebie opony nie spe\u0142niaj\u0105 Twoich oczekiwa\u0144 masz mo\u017cliwo\u015b\u0107 zwrotu lub wymiany nieu\u017cywanego (niemontowanego) ogumienia.<\/p>\n<\/div>\n<\/div>\n<\/div>\n<div style=\"clear: both; display: block; margin: 10px 0;\">\n<div style=\"clear: both; display: block; margin: 10px 0;\">\n<div style=\"clear: both; display: block; margin: 10px 0;\">\n<div  style=\"max-width:2204px;max-height:1173px\">\n<div style=\"clear: both; display: block; margin: 10px 0;\">\n<div style=\"clear: both; width: 100%; display: block; margin: 20px 0; padding: 0; float: none; position: static; text-align: center;\"><img decoding=\"async\"  src=\"https:\/\/a.allegroimg.com\/original\/11428d\/5296316c471cbbcd4938094ab0f4\/2x-MICHELIN-235-40R18-95V-Pilot-Alpin-PA4-XL-zimowe-Halas-zewnetrzny-70-dB\" srcset=\"https:\/\/a.allegroimg.com\/original\/11428d\/5296316c471cbbcd4938094ab0f4\/2x-MICHELIN-235-40R18-95V-Pilot-Alpin-PA4-XL-zimowe-Halas-zewnetrzny-70-dB 360w,https:\/\/a.allegroimg.com\/original\/11428d\/5296316c471cbbcd4938094ab0f4\/2x-MICHELIN-235-40R18-95V-Pilot-Alpin-PA4-XL-zimowe-Halas-zewnetrzny-70-dB 720w,https:\/\/a.allegroimg.com\/original\/11428d\/5296316c471cbbcd4938094ab0f4\/2x-MICHELIN-235-40R18-95V-Pilot-Alpin-PA4-XL-zimowe-Halas-zewnetrzny-70-dB 1024w,https:\/\/a.allegroimg.com\/original\/11428d\/5296316c471cbbcd4938094ab0f4\/2x-MICHELIN-235-40R18-95V-Pilot-Alpin-PA4-XL-zimowe-Halas-zewnetrzny-70-dB 1440w,https:\/\/a.allegroimg.com\/original\/11428d\/5296316c471cbbcd4938094ab0f4\/2x-MICHELIN-235-40R18-95V-Pilot-Alpin-PA4-XL-zimowe-Halas-zewnetrzny-70-dB 2204w\" sizes=\"(min-width: 1200px) 560px, (min-width: 992px) 50vw, 100vw\" width=\"2204px\" alt=\"2x MICHELIN 235\/40R18 95V Pilot Alpin PA4 XL * zimowe Ha\u0142as zewn\u0119trzny 70 dB\"\/ style=\"max-width: 100%; height: auto; display: block; margin: 0 auto;\"><\/div>\n<\/div>\n<\/div>\n<\/div>\n<\/div>\n<div style=\"clear: both; display: block; margin: 10px 0;\">\n<div style=\"clear: both; display: block; margin: 10px 0;\">\n<h1>Michelin<\/h1>\n<p style=\"margin: 15px 0; line-height: 1.8; clear: both; display: block; width: 100%; float: none; position: static;\">Aby zapewni\u0107 jak najwi\u0119ksze bezpiecze\u0144stwo prowadzenia pojazd\u00f3w i osi\u0105gi opon, firma Michelin zaleca stosowanie opon samochodowych o jednakowym stopniu zu\u017cycia na jednej osi.<\/p>\n<p>Grupa Michelin jest liderem technologicznym \u015bwiatowej bran\u017cy opon. Firma produkuje, sprzedaje i promuje produkty, us\u0142ugi oraz serwisy w dziedzinie mobilno\u015bci. Michelin to producent opon do samochod\u00f3w osobowych, ci\u0119\u017carowych, sprz\u0119tu rolniczego i budowlanego, samolot\u00f3w, motocykli i rower\u00f3w, a tak\u017ce przewodnik\u00f3w, map, atlas\u00f3w i us\u0142ug digitalowych  <\/p>\n<p>Siedzib\u0105 Grupy jest Clermont-Ferrand we Francji. Firma zatrudnia na \u015bwiecie ponad 123,600 tys. os\u00f3b i jest obecna w 170 krajach. Michelin ma 71 zak\u0142ad\u00f3w produkcyjnych, kt\u00f3re w 2020 r. \u0142\u0105cznie wyprodukowa\u0142y oko\u0142o 170 mln opon. W Polsce Grupa Michelin ma fabryk\u0119 opon w Olsztynie oraz Dyrekcj\u0119 Handlow\u0105 w Warszawie.<\/p>\n<\/div>\n<\/div>\n<\/div>\n<\/div>\n<\/div>\n<\/div>\n<div style=\"clear: both; display: block; margin: 10px 0;\">\n","protected":false},"excerpt":{"rendered":"<p>Rok produkcji: 2023<\/p>\n<p>MICHELIN Pilot Alpin PA4 235\/40R18 95V XL *<\/p>\n<p>DC249F<\/p>\n<p>Cecha dodatkowa : Homologacja BMW *<\/p>\n<p>Data produkcji : 2023<\/p>\n<p>Hamowanie na mokrej nawierzchni : C<\/p>\n<p>Indeks : 235\/40R18 ZOMI 95V PA4B<\/p>\n<p>Indeks no\u015bno\u015bci : 95.0<\/p>\n","protected":false},"featured_media":10665,"template":"","meta":{"_uag_custom_page_level_css":""},"product_brand":[429],"product_cat":[414,413,412,415],"product_tag":[],"class_list":{"0":"post-10662","1":"product","2":"type-product","3":"status-publish","4":"has-post-thumbnail","6":"product_brand-michelin","7":"product_cat-do-samochodow-osobowych-i-suv","8":"product_cat-opony","9":"product_cat-opony-i-felgi","10":"product_cat-zimowe","12":"first","13":"instock","14":"sale","15":"shipping-taxable","16":"purchasable","17":"product-type-simple"},"uagb_featured_image_src":{"full":["https:\/\/oponixo.shop\/tire\/wp-content\/uploads\/2025\/12\/allegro-image-10662.jpg",1200,1126,false],"thumbnail":["https:\/\/oponixo.shop\/tire\/wp-content\/uploads\/2025\/12\/allegro-image-10662-150x150.jpg",150,150,true],"medium":["https:\/\/oponixo.shop\/tire\/wp-content\/uploads\/2025\/12\/allegro-image-10662-300x282.jpg",300,282,true],"medium_large":["https:\/\/oponixo.shop\/tire\/wp-content\/uploads\/2025\/12\/allegro-image-10662-768x721.jpg",768,721,true],"large":["https:\/\/oponixo.shop\/tire\/wp-content\/uploads\/2025\/12\/allegro-image-10662-1024x961.jpg",1024,961,true],"1536x1536":["https:\/\/oponixo.shop\/tire\/wp-content\/uploads\/2025\/12\/allegro-image-10662.jpg",1200,1126,false],"2048x2048":["https:\/\/oponixo.shop\/tire\/wp-content\/uploads\/2025\/12\/allegro-image-10662.jpg",1200,1126,false],"woocommerce_thumbnail":["https:\/\/oponixo.shop\/tire\/wp-content\/uploads\/2025\/12\/allegro-image-10662-300x300.jpg",300,300,true],"woocommerce_single":["https:\/\/oponixo.shop\/tire\/wp-content\/uploads\/2025\/12\/allegro-image-10662-600x563.jpg",600,563,true],"woocommerce_gallery_thumbnail":["https:\/\/oponixo.shop\/tire\/wp-content\/uploads\/2025\/12\/allegro-image-10662-100x100.jpg",100,100,true]},"uagb_author_info":{"display_name":"admin","author_link":"https:\/\/oponixo.shop\/tire\/author\/"},"uagb_comment_info":0,"uagb_excerpt":"Rok produkcji: 2023 MICHELIN Pilot Alpin PA4 235\/40R18 95V XL * DC249F Cecha dodatkowa : Homologacja BMW * Data produkcji : 2023 Hamowanie na mokrej nawierzchni : C Indeks : 235\/40R18 ZOMI 95V PA4B Indeks no\u015bno\u015bci : 95.0","_links":{"self":[{"href":"https:\/\/oponixo.shop\/tire\/wp-json\/wp\/v2\/product\/10662","targetHints":{"allow":["GET"]}}],"collection":[{"href":"https:\/\/oponixo.shop\/tire\/wp-json\/wp\/v2\/product"}],"about":[{"href":"https:\/\/oponixo.shop\/tire\/wp-json\/wp\/v2\/types\/product"}],"wp:featuredmedia":[{"embeddable":true,"href":"https:\/\/oponixo.shop\/tire\/wp-json\/wp\/v2\/media\/10665"}],"wp:attachment":[{"href":"https:\/\/oponixo.shop\/tire\/wp-json\/wp\/v2\/media?parent=10662"}],"wp:term":[{"taxonomy":"product_brand","embeddable":true,"href":"https:\/\/oponixo.shop\/tire\/wp-json\/wp\/v2\/product_brand?post=10662"},{"taxonomy":"product_cat","embeddable":true,"href":"https:\/\/oponixo.shop\/tire\/wp-json\/wp\/v2\/product_cat?post=10662"},{"taxonomy":"product_tag","embeddable":true,"href":"https:\/\/oponixo.shop\/tire\/wp-json\/wp\/v2\/product_tag?post=10662"}],"curies":[{"name":"wp","href":"https:\/\/api.w.org\/{rel}","templated":true}]}}