{"id":10688,"date":"2025-12-31T03:31:17","date_gmt":"2025-12-31T03:31:17","guid":{"rendered":"https:\/\/oponyexpert.shop\/xef5\/produkt\/2x-215-50r18-continental-wintercontact-ts-870-p-92v-zima-wyprzedaz-2\/"},"modified":"2025-12-31T03:31:18","modified_gmt":"2025-12-31T03:31:18","slug":"2x-215-50r18-continental-wintercontact-ts-870-p-92v-zima-wyprzedaz-2","status":"publish","type":"product","link":"https:\/\/oponixo.shop\/tire\/produkt\/2x-215-50r18-continental-wintercontact-ts-870-p-92v-zima-wyprzedaz-2\/","title":{"rendered":"2x 215\/50R18 CONTINENTAL WinterContact TS 870 P 92V ZIMA WYPRZEDA\u017b"},"content":{"rendered":"<div style=\"font-family: Arial, sans-serif; line-height: 1.6; color: #333; padding: 20px; clear: both; display: block; width: 100%; float: none; position: static; overflow: hidden;\">\n<div style=\"clear: both; display: block; margin: 10px 0;\">\n<div style=\"clear: both; display: block; margin: 10px 0;\">\n<div style=\"clear: both; display: block; margin: 10px 0;\">\n<div  style=\"max-width:2560px;max-height:456px\">\n<div style=\"clear: both; display: block; margin: 10px 0;\">\n<div style=\"clear: both; width: 100%; display: block; margin: 20px 0; padding: 0; float: none; position: static; text-align: center;\"><img decoding=\"async\"  src=\"https:\/\/a.allegroimg.com\/original\/11f108\/081946c349eb94a28021b5ff8423\/2x-215-50R18-CONTINENTAL-WinterContact-TS-870-P-92V-ZIMA-WYPRZEDAZ-Kod-producenta-3557000000\" srcset=\"https:\/\/a.allegroimg.com\/original\/11f108\/081946c349eb94a28021b5ff8423\/2x-215-50R18-CONTINENTAL-WinterContact-TS-870-P-92V-ZIMA-WYPRZEDAZ-Kod-producenta-3557000000 360w,https:\/\/a.allegroimg.com\/original\/11f108\/081946c349eb94a28021b5ff8423\/2x-215-50R18-CONTINENTAL-WinterContact-TS-870-P-92V-ZIMA-WYPRZEDAZ-Kod-producenta-3557000000 720w,https:\/\/a.allegroimg.com\/original\/11f108\/081946c349eb94a28021b5ff8423\/2x-215-50R18-CONTINENTAL-WinterContact-TS-870-P-92V-ZIMA-WYPRZEDAZ-Kod-producenta-3557000000 1024w,https:\/\/a.allegroimg.com\/original\/11f108\/081946c349eb94a28021b5ff8423\/2x-215-50R18-CONTINENTAL-WinterContact-TS-870-P-92V-ZIMA-WYPRZEDAZ-Kod-producenta-3557000000 1440w,https:\/\/a.allegroimg.com\/original\/11f108\/081946c349eb94a28021b5ff8423\/2x-215-50R18-CONTINENTAL-WinterContact-TS-870-P-92V-ZIMA-WYPRZEDAZ-Kod-producenta-3557000000 2560w\" sizes=\"100vw\" width=\"2560px\" alt=\"2x 215\/50R18 CONTINENTAL WinterContact TS 870 P 92V ZIMA WYPRZEDA\u017b Kod producenta 3557000000\"\/ style=\"max-width: 100%; height: auto; display: block; margin: 0 auto;\"><\/div>\n<\/div>\n<\/div>\n<\/div>\n<\/div>\n<\/div>\n<div style=\"clear: both; display: block; margin: 10px 0;\">\n<div style=\"clear: both; display: block; margin: 10px 0;\">\n<div style=\"clear: both; display: block; margin: 10px 0;\">\n<div  style=\"max-width:439px;max-height:288px\">\n<div style=\"clear: both; display: block; margin: 10px 0;\">\n<div style=\"clear: both; width: 100%; display: block; margin: 20px 0; padding: 0; float: none; position: static; text-align: center;\"><img decoding=\"async\"  src=\"https:\/\/a.allegroimg.com\/original\/11ce67\/99b9641e43a7920e0591c2dc2146\/2x-215-50R18-CONTINENTAL-WinterContact-TS-870-P-92V-ZIMA-WYPRZEDAZ\" srcset=\"https:\/\/a.allegroimg.com\/original\/11ce67\/99b9641e43a7920e0591c2dc2146\/2x-215-50R18-CONTINENTAL-WinterContact-TS-870-P-92V-ZIMA-WYPRZEDAZ 360w,https:\/\/a.allegroimg.com\/original\/11ce67\/99b9641e43a7920e0591c2dc2146\/2x-215-50R18-CONTINENTAL-WinterContact-TS-870-P-92V-ZIMA-WYPRZEDAZ 439w,https:\/\/a.allegroimg.com\/original\/11ce67\/99b9641e43a7920e0591c2dc2146\/2x-215-50R18-CONTINENTAL-WinterContact-TS-870-P-92V-ZIMA-WYPRZEDAZ 439w\" sizes=\"(min-width: 1200px) 560px, (min-width: 992px) 50vw, 100vw\" width=\"439px\" alt=\"2x 215\/50R18 CONTINENTAL WinterContact TS 870 P 92V ZIMA WYPRZEDA\u017b\"\/ style=\"max-width: 100%; height: auto; display: block; margin: 0 auto;\"><\/div>\n<\/div>\n<\/div>\n<\/div>\n<\/div>\n<div style=\"clear: both; display: block; margin: 10px 0;\">\n<div style=\"clear: both; display: block; margin: 10px 0;\">\n<h3 style=\"color: #2c5aa0; font-size: 18px; margin: 30px 0 15px 0; font-weight: bold; clear: both; display: block; width: 100%; float: none; position: static;\">PARAMETRY OPON:<\/h3>\n<p style=\"margin: 15px 0; line-height: 1.8; clear: both; display: block; width: 100%; float: none; position: static;\">Producent: CONTINENTAL<\/p>\n<p style=\"margin: 15px 0; line-height: 1.8; clear: both; display: block; width: 100%; float: none; position: static;\">Kod producenta: 03557000000<\/p>\n<p style=\"margin: 15px 0; line-height: 1.8; clear: both; display: block; width: 100%; float: none; position: static;\">EAN (GTIN): 4019238054712<\/p>\n<p style=\"margin: 15px 0; line-height: 1.8; clear: both; display: block; width: 100%; float: none; position: static;\">Rozmiar: 215\/50R18<\/p>\n<p style=\"margin: 15px 0; line-height: 1.8; clear: both; display: block; width: 100%; float: none; position: static;\">Model: WinterContact TS 870 P<\/p>\n<p style=\"margin: 15px 0; line-height: 1.8; clear: both; display: block; width: 100%; float: none; position: static;\">Indeks no\u015bno\u015bci: 92 &#8211; 630 kg<\/p>\n<p style=\"margin: 15px 0; line-height: 1.8; clear: both; display: block; width: 100%; float: none; position: static;\">Indeks pr\u0119dko\u015bci: V do 240 km\/h<\/p>\n<p style=\"margin: 15px 0; line-height: 1.8; clear: both; display: block; width: 100%; float: none; position: static;\">Homologacja:<\/p>\n<\/div>\n<\/div>\n<\/div>\n<div style=\"clear: both; display: block; margin: 10px 0;\">\n<div style=\"clear: both; display: block; margin: 10px 0;\">\n<div style=\"clear: both; display: block; margin: 10px 0;\">\n<p style=\"margin: 15px 0; line-height: 1.8; clear: both; display: block; width: 100%; float: none; position: static;\">Continental WinterContact TS 870 P \u2013 zimowa opona klasy premium<\/p>\n<h3 style=\"color: #2c5aa0; font-size: 18px; margin: 30px 0 15px 0; font-weight: bold; clear: both; display: block; width: 100%; float: none; position: static;\">Continental WinterContact TS 870 P to nowoczesna opona zimowa, kt\u00f3ra \u0142\u0105czy w sobie doskona\u0142e w\u0142a\u015bciwo\u015bci jezdne, bezpiecze\u0144stwo na \u015bniegu i lodzie oraz niskie zu\u017cycie paliwa.<\/h3>\n<p style=\"margin: 15px 0; line-height: 1.8; clear: both; display: block; width: 100%; float: none; position: static;\">Dlaczego warto wybra\u0107 Continental WinterContact TS 870 P?<\/p>\n<ul style=\"margin: 15px 0; padding-left: 20px; clear: both; display: block; width: 100%; float: none; position: static;\">\n<li style=\"margin: 5px 0; padding: 2px 0; clear: both; display: list-item; float: none; position: static;\"><b>Precyzyjne prowadzenie na \u015bniegu i lodzie<\/b> \u2013 nowy wz\u00f3r bie\u017cnika i zaawansowany system stromych lameli pozwalaj\u0105 skutecznie zbiera\u0107 \u015bnieg i zwi\u0119kszaj\u0105 przyczepno\u015b\u0107 nawet na najbardziej wymagaj\u0105cych zimowych nawierzchniach.<\/li>\n<li style=\"margin: 5px 0; padding: 2px 0; clear: both; display: list-item; float: none; position: static;\"><b>Doskona\u0142e osi\u0105gi na mokrej nawierzchni<\/b> \u2013 mieszanka CoolChili&#8482; nowej generacji i specjalne rowki hydro skutecznie redukuj\u0105 ryzyko aquaplaningu oraz zapewniaj\u0105 kr\u00f3tsz\u0105 drog\u0119 hamowania w deszczu.<\/li>\n<li style=\"margin: 5px 0; padding: 2px 0; clear: both; display: list-item; float: none; position: static;\"><b>Wysoka trwa\u0142o\u015b\u0107 i niskie zu\u017cycie paliwa<\/b> \u2013 elastyczna matryca polimerowa ogranicza \u015bcieranie, co przek\u0142ada si\u0119 na d\u0142u\u017cszy przebieg i mniejsze opory toczenia, a tym samym ni\u017csze koszty eksploatacji.<\/li>\n<\/ul>\n<h3 style=\"color: #2c5aa0; font-size: 18px; margin: 30px 0 15px 0; font-weight: bold; clear: both; display: block; width: 100%; float: none; position: static;\">Z Continental WinterContact TS 870 P zima przestaje by\u0107 przeszkod\u0105 \u2013 zyskujesz bezpiecze\u0144stwo, kontrol\u0119 i oszcz\u0119dno\u015b\u0107 na ka\u017cdym kilometrze.<\/h3>\n<\/div>\n<\/div>\n<\/div>\n<div style=\"clear: both; display: block; margin: 10px 0;\">\n<div style=\"clear: both; display: block; margin: 10px 0;\">\n<div style=\"clear: both; display: block; margin: 10px 0;\">\n<div  style=\"max-width:391px;max-height:900px\">\n<div style=\"clear: both; display: block; margin: 10px 0;\">\n<div style=\"clear: both; width: 100%; display: block; margin: 20px 0; padding: 0; float: none; position: static; text-align: center;\"><img decoding=\"async\"  src=\"https:\/\/a.allegroimg.com\/original\/1107c3\/b58a32a94330800f998faf7df990\/2x-215-50R18-CONTINENTAL-WinterContact-TS-870-P-92V-ZIMA-WYPRZEDAZ-Rok-produkcji-2021\" srcset=\"https:\/\/a.allegroimg.com\/original\/1107c3\/b58a32a94330800f998faf7df990\/2x-215-50R18-CONTINENTAL-WinterContact-TS-870-P-92V-ZIMA-WYPRZEDAZ-Rok-produkcji-2021 156w,https:\/\/a.allegroimg.com\/original\/1107c3\/b58a32a94330800f998faf7df990\/2x-215-50R18-CONTINENTAL-WinterContact-TS-870-P-92V-ZIMA-WYPRZEDAZ-Rok-produkcji-2021 312w,https:\/\/a.allegroimg.com\/original\/1107c3\/b58a32a94330800f998faf7df990\/2x-215-50R18-CONTINENTAL-WinterContact-TS-870-P-92V-ZIMA-WYPRZEDAZ-Rok-produkcji-2021 391w,https:\/\/a.allegroimg.com\/original\/1107c3\/b58a32a94330800f998faf7df990\/2x-215-50R18-CONTINENTAL-WinterContact-TS-870-P-92V-ZIMA-WYPRZEDAZ-Rok-produkcji-2021 391w\" sizes=\"100vw\" width=\"391px\" alt=\"2x 215\/50R18 CONTINENTAL WinterContact TS 870 P 92V ZIMA WYPRZEDA\u017b Rok produkcji 2021\"\/ style=\"max-width: 100%; height: auto; display: block; margin: 0 auto;\"><\/div>\n<\/div>\n<\/div>\n<\/div>\n<\/div>\n<\/div>\n<\/div>\n<\/div>\n<\/div>\n<div style=\"clear: both; display: block; margin: 10px 0;\">\n","protected":false},"excerpt":{"rendered":"<p>PARAMETRY OPON:<\/p>\n<p>Producent: CONTINENTAL<\/p>\n<p>Kod producenta: 03557000000<\/p>\n<p>EAN (GTIN): 4019238054712<\/p>\n<p>Rozmiar: 215\/50R18<\/p>\n<p>Model: WinterContact TS 870 P<\/p>\n<p>Indeks no\u015bno\u015bci: 92 &#8211; 630 kg<\/p>\n<p>Indeks pr\u0119dko\u015bci: V do 240 km\/h<\/p>\n","protected":false},"featured_media":10690,"template":"","meta":{"_uag_custom_page_level_css":""},"product_brand":[396],"product_cat":[414,413,412,415],"product_tag":[],"class_list":{"0":"post-10688","1":"product","2":"type-product","3":"status-publish","4":"has-post-thumbnail","6":"product_brand-continental","7":"product_cat-do-samochodow-osobowych-i-suv","8":"product_cat-opony","9":"product_cat-opony-i-felgi","10":"product_cat-zimowe","12":"first","13":"instock","14":"sale","15":"shipping-taxable","16":"purchasable","17":"product-type-simple"},"uagb_featured_image_src":{"full":["https:\/\/oponixo.shop\/tire\/wp-content\/uploads\/2025\/12\/allegro-image-10688.jpg",439,288,false],"thumbnail":["https:\/\/oponixo.shop\/tire\/wp-content\/uploads\/2025\/12\/allegro-image-10688-150x150.jpg",150,150,true],"medium":["https:\/\/oponixo.shop\/tire\/wp-content\/uploads\/2025\/12\/allegro-image-10688-300x197.jpg",300,197,true],"medium_large":["https:\/\/oponixo.shop\/tire\/wp-content\/uploads\/2025\/12\/allegro-image-10688.jpg",439,288,false],"large":["https:\/\/oponixo.shop\/tire\/wp-content\/uploads\/2025\/12\/allegro-image-10688.jpg",439,288,false],"1536x1536":["https:\/\/oponixo.shop\/tire\/wp-content\/uploads\/2025\/12\/allegro-image-10688.jpg",439,288,false],"2048x2048":["https:\/\/oponixo.shop\/tire\/wp-content\/uploads\/2025\/12\/allegro-image-10688.jpg",439,288,false],"woocommerce_thumbnail":["https:\/\/oponixo.shop\/tire\/wp-content\/uploads\/2025\/12\/allegro-image-10688-300x288.jpg",300,288,true],"woocommerce_single":["https:\/\/oponixo.shop\/tire\/wp-content\/uploads\/2025\/12\/allegro-image-10688.jpg",439,288,false],"woocommerce_gallery_thumbnail":["https:\/\/oponixo.shop\/tire\/wp-content\/uploads\/2025\/12\/allegro-image-10688-100x100.jpg",100,100,true]},"uagb_author_info":{"display_name":"admin","author_link":"https:\/\/oponixo.shop\/tire\/author\/"},"uagb_comment_info":0,"uagb_excerpt":"PARAMETRY OPON: Producent: CONTINENTAL Kod producenta: 03557000000 EAN (GTIN): 4019238054712 Rozmiar: 215\/50R18 Model: WinterContact TS 870 P Indeks no\u015bno\u015bci: 92 - 630 kg Indeks pr\u0119dko\u015bci: V do 240 km\/h","_links":{"self":[{"href":"https:\/\/oponixo.shop\/tire\/wp-json\/wp\/v2\/product\/10688","targetHints":{"allow":["GET"]}}],"collection":[{"href":"https:\/\/oponixo.shop\/tire\/wp-json\/wp\/v2\/product"}],"about":[{"href":"https:\/\/oponixo.shop\/tire\/wp-json\/wp\/v2\/types\/product"}],"wp:featuredmedia":[{"embeddable":true,"href":"https:\/\/oponixo.shop\/tire\/wp-json\/wp\/v2\/media\/10690"}],"wp:attachment":[{"href":"https:\/\/oponixo.shop\/tire\/wp-json\/wp\/v2\/media?parent=10688"}],"wp:term":[{"taxonomy":"product_brand","embeddable":true,"href":"https:\/\/oponixo.shop\/tire\/wp-json\/wp\/v2\/product_brand?post=10688"},{"taxonomy":"product_cat","embeddable":true,"href":"https:\/\/oponixo.shop\/tire\/wp-json\/wp\/v2\/product_cat?post=10688"},{"taxonomy":"product_tag","embeddable":true,"href":"https:\/\/oponixo.shop\/tire\/wp-json\/wp\/v2\/product_tag?post=10688"}],"curies":[{"name":"wp","href":"https:\/\/api.w.org\/{rel}","templated":true}]}}