{"id":10699,"date":"2025-12-31T03:31:19","date_gmt":"2025-12-31T03:31:19","guid":{"rendered":"https:\/\/oponyexpert.shop\/xef5\/produkt\/2x-continental-215-50r18-allseasoncontact-2-92w-fr\/"},"modified":"2025-12-31T03:31:19","modified_gmt":"2025-12-31T03:31:19","slug":"2x-continental-215-50r18-allseasoncontact-2-92w-fr","status":"publish","type":"product","link":"https:\/\/oponixo.shop\/tire\/produkt\/2x-continental-215-50r18-allseasoncontact-2-92w-fr\/","title":{"rendered":"2x Continental 215\/50R18 ALLSEASONCONTACT 2 92W FR"},"content":{"rendered":"<div style=\"font-family: Arial, sans-serif; line-height: 1.6; color: #333; padding: 20px; clear: both; display: block; width: 100%; float: none; position: static; overflow: hidden;\">\n<div style=\"clear: both; display: block; margin: 10px 0;\">\n<div style=\"clear: both; display: block; margin: 10px 0;\">\n<div style=\"clear: both; display: block; margin: 10px 0;\">\n<h2>Opona ca\u0142oroczna Continental ALLSEASONCONTACT 2 215\/50R18 92W FR<\/h2>\n<p style=\"margin: 15px 0; line-height: 1.8; clear: both; display: block; width: 100%; float: none; position: static;\"><b>Continental AllSeasonContact 2<\/b> to opona wielosezonowa zaprojektowana, aby zapewni\u0107 bezpiecze\u0144stwo i pewno\u015b\u0107 jazdy w ka\u017cdych warunkach.<\/p>\n<p style=\"margin: 15px 0; line-height: 1.8; clear: both; display: block; width: 100%; float: none; position: static;\">Opona jest dedykowana do miejskich oraz kompaktowych samochod\u00f3w. Zapewnia zr\u00f3wnowa\u017cone osi\u0105gi bez wzgl\u0119du na por\u0119 roku.<\/p>\n<p style=\"margin: 15px 0; line-height: 1.8; clear: both; display: block; width: 100%; float: none; position: static;\">In\u017cynierowie Continentala przy tworzeniu mieszanki gumowej zastosowali \u017cywic\u0119, kt\u00f3ra zachowuje swoje w\u0142a\u015bciwo\u015bci w zimowych warunkach. Du\u017ca zawarto\u015b\u0107 krzemionki powoduje zachowanie elastyczno\u015bci bez wzgl\u0119du na por\u0119 roku. Wysoka elastyczno\u015b\u0107 zapewnia doskona\u0142\u0105 przyczepno\u015b\u0107 na mokrych i o\u015bnie\u017conych nawierzchniach.<\/p>\n<p style=\"margin: 15px 0; line-height: 1.8; clear: both; display: block; width: 100%; float: none; position: static;\">Opona posiada kierunkowy wz\u00f3r bie\u017cnika. Sztywne klocki bie\u017cnika i otwarte barki zmniejszaj\u0105 powstanie zjawiska aquaplaningu. Opona bardzo dobrze hamuje na suchej i mokrej nawiuerzchni. Bardzo du\u017ca trwa\u0142o\u015b\u0107 umo\u017cliwia u\u017cytkowanie jednego kompletu opon przez kilka sezon\u00f3w. Obni\u017cenie opor\u00f3w toczenia wp\u0142yn\u0119\u0142o znacz\u0105co na zmniejszenie ha\u0142asu oraz spalania paliwa.<\/p>\n<p style=\"margin: 15px 0; line-height: 1.8; clear: both; display: block; width: 100%; float: none; position: static;\">Wysokie przebiegi, kr\u00f3tka droga hamowania, niskie opory toczenia oraz pewno\u015b\u0107 prowadzenia w zmiennych warunkach to cechy, kt\u00f3re s\u0105 charakterystyczne dla opony niemieckiego koncernu.<\/p>\n<p style=\"margin: 15px 0; line-height: 1.8; clear: both; display: block; width: 100%; float: none; position: static;\"><b>Continental AllSeasonContact 2<\/b> to z\u0142oty \u015brodek dla tych, kt\u00f3rzy szukaj\u0105 opon do jazdy przez ca\u0142y rok. Po\u0142\u0105czenie zaawansowanych technologii i wypracowanie doskona\u0142ego kompromisu pomi\u0119dzy parametrami opony pozwala zachowa\u0107 przyczepno\u015b\u0107, osi\u0105gi i ekonomi\u0119 u\u017cytkowania.<\/p>\n<p style=\"margin: 15px 0; line-height: 1.8; clear: both; display: block; width: 100%; float: none; position: static;\"><b>Co trzeci nowo wyprodukowany samoch\u00f3d wyje\u017cd\u017ca z salonu na poziomach Contnental. Continental na pierwszy monta\u017c dostarcza opony takim koncernom jak: <\/b>Volkswagen, BMW, Audi, Alfa Romeo, Jaguar, Land Rover, Maserati, Mercedes, Porsche, Polestar, Tesla, Volvo, Rolls-Royce, Renault, Hyundai.\u00a0<\/p>\n<p style=\"margin: 15px 0; line-height: 1.8; clear: both; display: block; width: 100%; float: none; position: static;\">Firma Continental powsta\u0142 w Hanover w 1871 roku jako sp\u00f3\u0142ka akcyjna &#8222;Continental-Caoutchouc- und Gutta-Percha Compagnie&#8221;. Produkcja w g\u0142\u00f3wnej fabryce w Hanover obejmowa\u0142a mi\u0119kkie wyroby gumowe, gumowane tkaniny i solidne opony do w\u00f3zk\u00f3w i rower\u00f3w.<\/p>\n<p style=\"margin: 15px 0; line-height: 1.8; clear: both; display: block; width: 100%; float: none; position: static;\"><b>Producenci wchodz\u0105cy w sk\u0142ad Grupy Bridgestone:<\/b> Barum, Semperit, Uniroyal, Viking, General Tire, Matador.\u00a0\u00a0<\/p>\n<p style=\"margin: 15px 0; line-height: 1.8; clear: both; display: block; width: 100%; float: none; position: static;\">Dzisiaj Continental jest jednym z pi\u0119ciu najwi\u0119kszych dostawc\u00f3w motoryzacyjnych na \u015bwiecie. Jako dostawca uk\u0142ad\u00f3w hamulcowych, system\u00f3w i komponent\u00f3w do uk\u0142ad\u00f3w nap\u0119dowych i podwozi, oprzyrz\u0105dowania, rozwi\u0105za\u0144 informacyjno-rozrywkowych, elektroniki pojazdowej, opon i elastomer\u00f3w technicznych, Continental przyczynia si\u0119 do poprawy bezpiecze\u0144stwa jazdy i globalnej ochrony klimatu. Continental jest tak\u017ce kompetentnym partnerem w komunikacji sieciowej w samochodach.<\/p>\n<p style=\"margin: 15px 0; line-height: 1.8; clear: both; display: block; width: 100%; float: none; position: static;\">Continental nie skupia si\u0119 wy\u0142\u0105cznie na produkcji opon do samochod\u00f3w osobowych. Jest tak\u017ce wiod\u0105cym dostawc\u0105 ogumienia do pojazd\u00f3w ci\u0119\u017carowych, u\u017cytkowych i autobus\u00f3w. W ostatnich latach koncern konsekwentnie rozwija si\u0119 w kierunku inteligentnych technologii dla transportu. Opracowuje zaawansowane rozwi\u0105zania wspieraj\u0105ce automatyzacj\u0119 i autonomizacj\u0119 jazdy. Opony przysz\u0142o\u015bci wed\u0142ug Continental maj\u0105 by\u0107 w pe\u0142ni zintegrowane z systemami samochodu \u2013 maj\u0105 nie tylko sygnalizowa\u0107 ewentualne spadki ci\u015bnienia czy usterki, ale tak\u017ce przesy\u0142a\u0107 do systemu istotne informacje, m.in. dotycz\u0105ce stanu i rodzaju nawierzchni.<\/p>\n<p style=\"margin: 15px 0; line-height: 1.8; clear: both; display: block; width: 100%; float: none; position: static;\">\u00a0<\/p>\n<p style=\"margin: 15px 0; line-height: 1.8; clear: both; display: block; width: 100%; float: none; position: static;\">\u00a0<\/p>\n<\/div>\n<\/div>\n<\/div>\n<div style=\"clear: both; display: block; margin: 10px 0;\">\n<div style=\"clear: both; display: block; margin: 10px 0;\">\n<div style=\"clear: both; display: block; margin: 10px 0;\">\n<div  style=\"max-width:500px;max-height:500px\">\n<div style=\"clear: both; display: block; margin: 10px 0;\">\n<div style=\"clear: both; width: 100%; display: block; margin: 20px 0; padding: 0; float: none; position: static; text-align: center;\"><img decoding=\"async\"  src=\"https:\/\/a.allegroimg.com\/original\/110b3f\/9468a88f4bc1816697f707e00121\/2x-Continental-215-50R18-ALLSEASONCONTACT-2-92W-FR\" srcset=\"https:\/\/a.allegroimg.com\/original\/110b3f\/9468a88f4bc1816697f707e00121\/2x-Continental-215-50R18-ALLSEASONCONTACT-2-92W-FR 360w,https:\/\/a.allegroimg.com\/original\/110b3f\/9468a88f4bc1816697f707e00121\/2x-Continental-215-50R18-ALLSEASONCONTACT-2-92W-FR 500w,https:\/\/a.allegroimg.com\/original\/110b3f\/9468a88f4bc1816697f707e00121\/2x-Continental-215-50R18-ALLSEASONCONTACT-2-92W-FR 500w\" sizes=\"(min-width: 1200px) 560px, (min-width: 992px) 50vw, 100vw\" width=\"500px\" alt=\"2x Continental 215\/50R18 ALLSEASONCONTACT 2 92W FR\"\/ style=\"max-width: 100%; height: auto; display: block; margin: 0 auto;\"><\/div>\n<\/div>\n<\/div>\n<\/div>\n<\/div>\n<div style=\"clear: both; display: block; margin: 10px 0;\">\n<div style=\"clear: both; display: block; margin: 10px 0;\">\n<ul style=\"margin: 15px 0; padding-left: 20px; clear: both; display: block; width: 100%; float: none; position: static;\">\n<li style=\"margin: 5px 0; padding: 2px 0; clear: both; display: list-item; float: none; position: static;\"><b>Marka:<\/b> Continental<\/li>\n<li style=\"margin: 5px 0; padding: 2px 0; clear: both; display: list-item; float: none; position: static;\"><b>Liczba opon w ofercie:<\/b> 2 szt.<\/li>\n<li style=\"margin: 5px 0; padding: 2px 0; clear: both; display: list-item; float: none; position: static;\"><b>Run flat:<\/b> Nie<\/li>\n<li style=\"margin: 5px 0; padding: 2px 0; clear: both; display: list-item; float: none; position: static;\"><b>Sezon:<\/b> Wielosezonowe<\/li>\n<li style=\"margin: 5px 0; padding: 2px 0; clear: both; display: list-item; float: none; position: static;\"><b>Model:<\/b> AllSeasonContact 2<\/li>\n<li style=\"margin: 5px 0; padding: 2px 0; clear: both; display: list-item; float: none; position: static;\"><b>Szeroko\u015b\u0107 opony:<\/b> 215 mm<\/li>\n<li style=\"margin: 5px 0; padding: 2px 0; clear: both; display: list-item; float: none; position: static;\"><b>Profil opony:<\/b> 50<\/li>\n<li style=\"margin: 5px 0; padding: 2px 0; clear: both; display: list-item; float: none; position: static;\"><b>\u015arednica:<\/b> 18&#8243;<\/li>\n<li style=\"margin: 5px 0; padding: 2px 0; clear: both; display: list-item; float: none; position: static;\"><b>Indeks no\u015bno\u015bci:<\/b> 92 &#8211; 630 kg<\/li>\n<li style=\"margin: 5px 0; padding: 2px 0; clear: both; display: list-item; float: none; position: static;\"><b>Indeks pr\u0119dko\u015bci:<\/b> W do 270 km\/h<\/li>\n<li style=\"margin: 5px 0; padding: 2px 0; clear: both; display: list-item; float: none; position: static;\"><b>Przyczepno\u015b\u0107 na mokrej nawierzchni:<\/b> Klasa B<\/li>\n<li style=\"margin: 5px 0; padding: 2px 0; clear: both; display: list-item; float: none; position: static;\"><b>Op\u00f3r toczenia:<\/b> Klasa C<\/li>\n<li style=\"margin: 5px 0; padding: 2px 0; clear: both; display: list-item; float: none; position: static;\"><b>Ha\u0142as zewn\u0119trzny:<\/b> 70 dB<\/li>\n<li style=\"margin: 5px 0; padding: 2px 0; clear: both; display: list-item; float: none; position: static;\"><b>Informacje dodatkowe:<\/b> rant ochronny<\/li>\n<li style=\"margin: 5px 0; padding: 2px 0; clear: both; display: list-item; float: none; position: static;\"><b>Rok produkcji (DOT):<\/b> <b>Kupuj\u0105c z tej oferty otrzymasz opony fabrycznie nowe, a ich rok produkcji jest nie starszy ni\u017c ubieg\u0142y rok kalendarzowy &#8211; 2025\/2024<\/b><\/li>\n<\/ul>\n<\/div>\n<\/div>\n<\/div>\n<\/div>\n<\/div>\n<\/div>\n<div style=\"clear: both; display: block; margin: 10px 0;\">\n","protected":false},"excerpt":{"rendered":"<p>Opona ca\u0142oroczna Continental ALLSEASONCONTACT 2 215\/50R18 92W FR<\/p>\n<p>Continental AllSeasonContact 2 to opona wielosezonowa zaprojektowana, aby zapewni\u0107 bezpiecze\u0144stwo i pewno\u015b\u0107 jazdy w ka\u017cdych warunkach.<\/p>\n<p>Opona jest dedykowana do miejskich oraz kompaktowych samochod\u00f3w. Zapewnia zr\u00f3wnowa\u017cone osi\u0105gi bez wzgl\u0119du na por\u0119 roku.<\/p>\n","protected":false},"featured_media":10700,"template":"","meta":{"_uag_custom_page_level_css":""},"product_brand":[396],"product_cat":[416,414,413,412],"product_tag":[],"class_list":{"0":"post-10699","1":"product","2":"type-product","3":"status-publish","4":"has-post-thumbnail","6":"product_brand-continental","7":"product_cat-caloroczne","8":"product_cat-do-samochodow-osobowych-i-suv","9":"product_cat-opony","10":"product_cat-opony-i-felgi","12":"first","13":"instock","14":"sale","15":"shipping-taxable","16":"purchasable","17":"product-type-simple"},"uagb_featured_image_src":{"full":["https:\/\/oponixo.shop\/tire\/wp-content\/uploads\/2025\/12\/allegro-image-10699.jpg",500,500,false],"thumbnail":["https:\/\/oponixo.shop\/tire\/wp-content\/uploads\/2025\/12\/allegro-image-10699-150x150.jpg",150,150,true],"medium":["https:\/\/oponixo.shop\/tire\/wp-content\/uploads\/2025\/12\/allegro-image-10699-300x300.jpg",300,300,true],"medium_large":["https:\/\/oponixo.shop\/tire\/wp-content\/uploads\/2025\/12\/allegro-image-10699.jpg",500,500,false],"large":["https:\/\/oponixo.shop\/tire\/wp-content\/uploads\/2025\/12\/allegro-image-10699.jpg",500,500,false],"1536x1536":["https:\/\/oponixo.shop\/tire\/wp-content\/uploads\/2025\/12\/allegro-image-10699.jpg",500,500,false],"2048x2048":["https:\/\/oponixo.shop\/tire\/wp-content\/uploads\/2025\/12\/allegro-image-10699.jpg",500,500,false],"woocommerce_thumbnail":["https:\/\/oponixo.shop\/tire\/wp-content\/uploads\/2025\/12\/allegro-image-10699-300x300.jpg",300,300,true],"woocommerce_single":["https:\/\/oponixo.shop\/tire\/wp-content\/uploads\/2025\/12\/allegro-image-10699.jpg",500,500,false],"woocommerce_gallery_thumbnail":["https:\/\/oponixo.shop\/tire\/wp-content\/uploads\/2025\/12\/allegro-image-10699-100x100.jpg",100,100,true]},"uagb_author_info":{"display_name":"admin","author_link":"https:\/\/oponixo.shop\/tire\/author\/"},"uagb_comment_info":0,"uagb_excerpt":"Opona ca\u0142oroczna Continental ALLSEASONCONTACT 2 215\/50R18 92W FR Continental AllSeasonContact 2 to opona wielosezonowa zaprojektowana, aby zapewni\u0107 bezpiecze\u0144stwo i pewno\u015b\u0107 jazdy w ka\u017cdych warunkach. Opona jest dedykowana do miejskich oraz kompaktowych samochod\u00f3w. Zapewnia zr\u00f3wnowa\u017cone osi\u0105gi bez wzgl\u0119du na por\u0119 roku.","_links":{"self":[{"href":"https:\/\/oponixo.shop\/tire\/wp-json\/wp\/v2\/product\/10699","targetHints":{"allow":["GET"]}}],"collection":[{"href":"https:\/\/oponixo.shop\/tire\/wp-json\/wp\/v2\/product"}],"about":[{"href":"https:\/\/oponixo.shop\/tire\/wp-json\/wp\/v2\/types\/product"}],"wp:featuredmedia":[{"embeddable":true,"href":"https:\/\/oponixo.shop\/tire\/wp-json\/wp\/v2\/media\/10700"}],"wp:attachment":[{"href":"https:\/\/oponixo.shop\/tire\/wp-json\/wp\/v2\/media?parent=10699"}],"wp:term":[{"taxonomy":"product_brand","embeddable":true,"href":"https:\/\/oponixo.shop\/tire\/wp-json\/wp\/v2\/product_brand?post=10699"},{"taxonomy":"product_cat","embeddable":true,"href":"https:\/\/oponixo.shop\/tire\/wp-json\/wp\/v2\/product_cat?post=10699"},{"taxonomy":"product_tag","embeddable":true,"href":"https:\/\/oponixo.shop\/tire\/wp-json\/wp\/v2\/product_tag?post=10699"}],"curies":[{"name":"wp","href":"https:\/\/api.w.org\/{rel}","templated":true}]}}