{"id":10730,"date":"2025-12-31T03:31:22","date_gmt":"2025-12-31T03:31:22","guid":{"rendered":"https:\/\/oponyexpert.shop\/xef5\/produkt\/2-opony-zimowe-225-45r19-96v-kumho-wintercraft-wp72-2\/"},"modified":"2025-12-31T03:31:23","modified_gmt":"2025-12-31T03:31:23","slug":"2-opony-zimowe-225-45r19-96v-kumho-wintercraft-wp72-2","status":"publish","type":"product","link":"https:\/\/oponixo.shop\/tire\/produkt\/2-opony-zimowe-225-45r19-96v-kumho-wintercraft-wp72-2\/","title":{"rendered":"2 opony zimowe 225\/45R19 96V KUMHO WinterCraft WP72"},"content":{"rendered":"<div style=\"font-family: Arial, sans-serif; line-height: 1.6; color: #333; padding: 20px; clear: both; display: block; width: 100%; float: none; position: static; overflow: hidden;\">\n<div style=\"clear: both; display: block; margin: 10px 0;\">\n<div style=\"clear: both; display: block; margin: 10px 0;\">\n<div style=\"clear: both; display: block; margin: 10px 0;\">\n<ul style=\"margin: 15px 0; padding-left: 20px; clear: both; display: block; width: 100%; float: none; position: static;\">\n<li style=\"margin: 5px 0; padding: 2px 0; clear: both; display: list-item; float: none; position: static;\">MARKA\/MODEL: <b>KUMHO WinterCraft WP72<\/b><\/li>\n<li style=\"margin: 5px 0; padding: 2px 0; clear: both; display: list-item; float: none; position: static;\">ROZMIAR OPON: <b> 225\/45R19<\/b><\/li>\n<li style=\"margin: 5px 0; padding: 2px 0; clear: both; display: list-item; float: none; position: static;\">INDEKS PR\u0118DKO\u015aCI: <b>V<\/b><\/li>\n<li style=\"margin: 5px 0; padding: 2px 0; clear: both; display: list-item; float: none; position: static;\">INDEKS NO\u015aNO\u015aCI: <b>96 XL<\/b><\/li>\n<li style=\"margin: 5px 0; padding: 2px 0; clear: both; display: list-item; float: none; position: static;\">DATA PRODUKCJI: <b>nie starsze ni\u017c kwiecie\u0144 2024<\/b><\/li>\n<li style=\"margin: 5px 0; padding: 2px 0; clear: both; display: list-item; float: none; position: static;\">SEZON: <b>Zimowe<\/b><\/li>\n<li style=\"margin: 5px 0; padding: 2px 0; clear: both; display: list-item; float: none; position: static;\">STAN: <b>Nowy<\/b><\/li>\n<li style=\"margin: 5px 0; padding: 2px 0; clear: both; display: list-item; float: none; position: static;\">RANT OCHRONNY NA FELG\u0118: <b>TAK<\/b><\/li>\n<li style=\"margin: 5px 0; padding: 2px 0; clear: both; display: list-item; float: none; position: static;\">DODATKOWE OZNACZENIA: <\/li>\n<\/ul>\n<\/div>\n<\/div>\n<div style=\"clear: both; display: block; margin: 10px 0;\">\n<div style=\"clear: both; display: block; margin: 10px 0;\">\n<div  style=\"max-width:1505px;max-height:1600px\">\n<div style=\"clear: both; display: block; margin: 10px 0;\">\n<div style=\"clear: both; width: 100%; display: block; margin: 20px 0; padding: 0; float: none; position: static; text-align: center;\"><img decoding=\"async\"  src=\"https:\/\/a.allegroimg.com\/original\/11d4ad\/7de89bb6477caccfbfe289648fa5\/2-opony-zimowe-225-45R19-96V-KUMHO-WinterCraft-WP72\" srcset=\"https:\/\/a.allegroimg.com\/original\/11d4ad\/7de89bb6477caccfbfe289648fa5\/2-opony-zimowe-225-45R19-96V-KUMHO-WinterCraft-WP72 338w,https:\/\/a.allegroimg.com\/original\/11d4ad\/7de89bb6477caccfbfe289648fa5\/2-opony-zimowe-225-45R19-96V-KUMHO-WinterCraft-WP72 677w,https:\/\/a.allegroimg.com\/original\/11d4ad\/7de89bb6477caccfbfe289648fa5\/2-opony-zimowe-225-45R19-96V-KUMHO-WinterCraft-WP72 963w,https:\/\/a.allegroimg.com\/original\/11d4ad\/7de89bb6477caccfbfe289648fa5\/2-opony-zimowe-225-45R19-96V-KUMHO-WinterCraft-WP72 1354w,https:\/\/a.allegroimg.com\/original\/11d4ad\/7de89bb6477caccfbfe289648fa5\/2-opony-zimowe-225-45R19-96V-KUMHO-WinterCraft-WP72 1505w\" sizes=\"(min-width: 1200px) 560px, (min-width: 992px) 50vw, 100vw\" width=\"1505px\" alt=\"2 opony zimowe 225\/45R19 96V KUMHO WinterCraft WP72\"\/ style=\"max-width: 100%; height: auto; display: block; margin: 0 auto;\"><\/div>\n<\/div>\n<\/div>\n<\/div>\n<\/div>\n<\/div>\n<div style=\"clear: both; display: block; margin: 10px 0;\">\n<div style=\"clear: both; display: block; margin: 10px 0;\">\n<div style=\"clear: both; display: block; margin: 10px 0;\">\n<div  style=\"max-width:886px;max-height:1299px\">\n<div style=\"clear: both; display: block; margin: 10px 0;\">\n<div style=\"clear: both; width: 100%; display: block; margin: 20px 0; padding: 0; float: none; position: static; text-align: center;\"><img decoding=\"async\"  src=\"https:\/\/a.allegroimg.com\/original\/11950b\/a1e84c114691aa6b9b37488d0f23\/2-opony-zimowe-225-45R19-96V-KUMHO-WinterCraft-WP72-Liczba-opon-w-ofercie-2-szt\" srcset=\"https:\/\/a.allegroimg.com\/original\/11950b\/a1e84c114691aa6b9b37488d0f23\/2-opony-zimowe-225-45R19-96V-KUMHO-WinterCraft-WP72-Liczba-opon-w-ofercie-2-szt 245w,https:\/\/a.allegroimg.com\/original\/11950b\/a1e84c114691aa6b9b37488d0f23\/2-opony-zimowe-225-45R19-96V-KUMHO-WinterCraft-WP72-Liczba-opon-w-ofercie-2-szt 491w,https:\/\/a.allegroimg.com\/original\/11950b\/a1e84c114691aa6b9b37488d0f23\/2-opony-zimowe-225-45R19-96V-KUMHO-WinterCraft-WP72-Liczba-opon-w-ofercie-2-szt 698w,https:\/\/a.allegroimg.com\/original\/11950b\/a1e84c114691aa6b9b37488d0f23\/2-opony-zimowe-225-45R19-96V-KUMHO-WinterCraft-WP72-Liczba-opon-w-ofercie-2-szt 886w,https:\/\/a.allegroimg.com\/original\/11950b\/a1e84c114691aa6b9b37488d0f23\/2-opony-zimowe-225-45R19-96V-KUMHO-WinterCraft-WP72-Liczba-opon-w-ofercie-2-szt 886w\" sizes=\"100vw\" width=\"886px\" alt=\"2 opony zimowe 225\/45R19 96V KUMHO WinterCraft WP72 Liczba opon w ofercie 2 szt.\"\/ style=\"max-width: 100%; height: auto; display: block; margin: 0 auto;\"><\/div>\n<\/div>\n<\/div>\n<\/div>\n<\/div>\n<\/div>\n<div style=\"clear: both; display: block; margin: 10px 0;\">\n<div style=\"clear: both; display: block; margin: 10px 0;\">\n<div style=\"clear: both; display: block; margin: 10px 0;\">\n<div  style=\"max-width:1059px;max-height:1600px\">\n<div style=\"clear: both; display: block; margin: 10px 0;\">\n<div style=\"clear: both; width: 100%; display: block; margin: 20px 0; padding: 0; float: none; position: static; text-align: center;\"><img decoding=\"async\"  src=\"https:\/\/a.allegroimg.com\/original\/11a375\/3b12bd734c81b173b80705e58052\/2-opony-zimowe-225-45R19-96V-KUMHO-WinterCraft-WP72-Profil-opony-45\" srcset=\"https:\/\/a.allegroimg.com\/original\/11a375\/3b12bd734c81b173b80705e58052\/2-opony-zimowe-225-45R19-96V-KUMHO-WinterCraft-WP72-Profil-opony-45 238w,https:\/\/a.allegroimg.com\/original\/11a375\/3b12bd734c81b173b80705e58052\/2-opony-zimowe-225-45R19-96V-KUMHO-WinterCraft-WP72-Profil-opony-45 476w,https:\/\/a.allegroimg.com\/original\/11a375\/3b12bd734c81b173b80705e58052\/2-opony-zimowe-225-45R19-96V-KUMHO-WinterCraft-WP72-Profil-opony-45 677w,https:\/\/a.allegroimg.com\/original\/11a375\/3b12bd734c81b173b80705e58052\/2-opony-zimowe-225-45R19-96V-KUMHO-WinterCraft-WP72-Profil-opony-45 953w,https:\/\/a.allegroimg.com\/original\/11a375\/3b12bd734c81b173b80705e58052\/2-opony-zimowe-225-45R19-96V-KUMHO-WinterCraft-WP72-Profil-opony-45 1059w\" sizes=\"100vw\" width=\"1059px\" alt=\"2 opony zimowe 225\/45R19 96V KUMHO WinterCraft WP72 Profil opony 45\"\/ style=\"max-width: 100%; height: auto; display: block; margin: 0 auto;\"><\/div>\n<\/div>\n<\/div>\n<\/div>\n<\/div>\n<\/div>\n<div style=\"clear: both; display: block; margin: 10px 0;\">\n<div style=\"clear: both; display: block; margin: 10px 0;\">\n<div style=\"clear: both; display: block; margin: 10px 0;\">\n<h2>Na naszych innych aukcjach Allegro znajdziesz felgi stalowe i aluminiowe, czujniki (TPMS) oraz \u015bruby i nakr\u0119tki.<\/h2>\n<\/div>\n<\/div>\n<\/div>\n<\/div>\n<\/div>\n<\/div>\n<div style=\"clear: both; display: block; margin: 10px 0;\">\n","protected":false},"excerpt":{"rendered":"<p>MARKA\/MODEL: KUMHO WinterCraft WP72<\/p>\n<p>ROZMIAR OPON: 225\/45R19<\/p>\n<p>INDEKS PR\u0118DKO\u015aCI: V<\/p>\n<p>INDEKS NO\u015aNO\u015aCI: 96 XL<\/p>\n<p>DATA PRODUKCJI: nie starsze ni\u017c kwiecie\u0144 2024<\/p>\n<p>SEZON: Zimowe<\/p>\n<p>STAN: Nowy<\/p>\n<p>RANT OCHRONNY NA FELG\u0118: TAK<\/p>\n","protected":false},"featured_media":10732,"template":"","meta":{"_uag_custom_page_level_css":""},"product_brand":[390],"product_cat":[414,413,412,415],"product_tag":[],"class_list":{"0":"post-10730","1":"product","2":"type-product","3":"status-publish","4":"has-post-thumbnail","6":"product_brand-kumho","7":"product_cat-do-samochodow-osobowych-i-suv","8":"product_cat-opony","9":"product_cat-opony-i-felgi","10":"product_cat-zimowe","12":"first","13":"instock","14":"sale","15":"shipping-taxable","16":"purchasable","17":"product-type-simple"},"uagb_featured_image_src":{"full":["https:\/\/oponixo.shop\/tire\/wp-content\/uploads\/2025\/12\/allegro-image-10730.jpg",1505,1600,false],"thumbnail":["https:\/\/oponixo.shop\/tire\/wp-content\/uploads\/2025\/12\/allegro-image-10730-150x150.jpg",150,150,true],"medium":["https:\/\/oponixo.shop\/tire\/wp-content\/uploads\/2025\/12\/allegro-image-10730-282x300.jpg",282,300,true],"medium_large":["https:\/\/oponixo.shop\/tire\/wp-content\/uploads\/2025\/12\/allegro-image-10730-768x816.jpg",768,816,true],"large":["https:\/\/oponixo.shop\/tire\/wp-content\/uploads\/2025\/12\/allegro-image-10730-963x1024.jpg",963,1024,true],"1536x1536":["https:\/\/oponixo.shop\/tire\/wp-content\/uploads\/2025\/12\/allegro-image-10730-1445x1536.jpg",1445,1536,true],"2048x2048":["https:\/\/oponixo.shop\/tire\/wp-content\/uploads\/2025\/12\/allegro-image-10730.jpg",1505,1600,false],"woocommerce_thumbnail":["https:\/\/oponixo.shop\/tire\/wp-content\/uploads\/2025\/12\/allegro-image-10730-300x300.jpg",300,300,true],"woocommerce_single":["https:\/\/oponixo.shop\/tire\/wp-content\/uploads\/2025\/12\/allegro-image-10730-600x638.jpg",600,638,true],"woocommerce_gallery_thumbnail":["https:\/\/oponixo.shop\/tire\/wp-content\/uploads\/2025\/12\/allegro-image-10730-100x100.jpg",100,100,true]},"uagb_author_info":{"display_name":"admin","author_link":"https:\/\/oponixo.shop\/tire\/author\/"},"uagb_comment_info":0,"uagb_excerpt":"MARKA\/MODEL: KUMHO WinterCraft WP72 ROZMIAR OPON: 225\/45R19 INDEKS PR\u0118DKO\u015aCI: V INDEKS NO\u015aNO\u015aCI: 96 XL DATA PRODUKCJI: nie starsze ni\u017c kwiecie\u0144 2024 SEZON: Zimowe STAN: Nowy RANT OCHRONNY NA FELG\u0118: TAK","_links":{"self":[{"href":"https:\/\/oponixo.shop\/tire\/wp-json\/wp\/v2\/product\/10730","targetHints":{"allow":["GET"]}}],"collection":[{"href":"https:\/\/oponixo.shop\/tire\/wp-json\/wp\/v2\/product"}],"about":[{"href":"https:\/\/oponixo.shop\/tire\/wp-json\/wp\/v2\/types\/product"}],"wp:featuredmedia":[{"embeddable":true,"href":"https:\/\/oponixo.shop\/tire\/wp-json\/wp\/v2\/media\/10732"}],"wp:attachment":[{"href":"https:\/\/oponixo.shop\/tire\/wp-json\/wp\/v2\/media?parent=10730"}],"wp:term":[{"taxonomy":"product_brand","embeddable":true,"href":"https:\/\/oponixo.shop\/tire\/wp-json\/wp\/v2\/product_brand?post=10730"},{"taxonomy":"product_cat","embeddable":true,"href":"https:\/\/oponixo.shop\/tire\/wp-json\/wp\/v2\/product_cat?post=10730"},{"taxonomy":"product_tag","embeddable":true,"href":"https:\/\/oponixo.shop\/tire\/wp-json\/wp\/v2\/product_tag?post=10730"}],"curies":[{"name":"wp","href":"https:\/\/api.w.org\/{rel}","templated":true}]}}