{"id":10742,"date":"2025-12-31T03:31:25","date_gmt":"2025-12-31T03:31:25","guid":{"rendered":"https:\/\/oponyexpert.shop\/xef5\/produkt\/2x-goodyear-vector-4seasons-gen-225-45r19-96-w\/"},"modified":"2025-12-31T03:31:25","modified_gmt":"2025-12-31T03:31:25","slug":"2x-goodyear-vector-4seasons-gen-225-45r19-96-w","status":"publish","type":"product","link":"https:\/\/oponixo.shop\/tire\/produkt\/2x-goodyear-vector-4seasons-gen-225-45r19-96-w\/","title":{"rendered":"2x GOODYEAR VECTOR 4SEASONS GEN 225\/45R19 96 W"},"content":{"rendered":"<div style=\"font-family: Arial, sans-serif; line-height: 1.6; color: #333; padding: 20px; clear: both; display: block; width: 100%; float: none; position: static; overflow: hidden;\">\n<div style=\"clear: both; display: block; margin: 10px 0;\">\n<div style=\"clear: both; display: block; margin: 10px 0;\">\n<div style=\"clear: both; display: block; margin: 10px 0;\">\n<h1>2x GOODYEAR VECTOR 4SEASONS GEN 225\/45R19 96 W<\/h1>\n<\/div>\n<\/div>\n<\/div>\n<div style=\"clear: both; display: block; margin: 10px 0;\">\n<div style=\"clear: both; display: block; margin: 10px 0;\">\n<div style=\"clear: both; display: block; margin: 10px 0;\">\n<div  style=\"max-width:920px;max-height:1120px\">\n<div style=\"clear: both; display: block; margin: 10px 0;\">\n<div style=\"clear: both; width: 100%; display: block; margin: 20px 0; padding: 0; float: none; position: static; text-align: center;\"><img decoding=\"async\"  src=\"https:\/\/a.allegroimg.com\/original\/11d8c9\/ee1c66434aefb848edab385d3eae\/2x-GOODYEAR-VECTOR-4SEASONS-GEN-225-45R19-96-W\" srcset=\"https:\/\/a.allegroimg.com\/original\/11d8c9\/ee1c66434aefb848edab385d3eae\/2x-GOODYEAR-VECTOR-4SEASONS-GEN-225-45R19-96-W 295w,https:\/\/a.allegroimg.com\/original\/11d8c9\/ee1c66434aefb848edab385d3eae\/2x-GOODYEAR-VECTOR-4SEASONS-GEN-225-45R19-96-W 591w,https:\/\/a.allegroimg.com\/original\/11d8c9\/ee1c66434aefb848edab385d3eae\/2x-GOODYEAR-VECTOR-4SEASONS-GEN-225-45R19-96-W 841w,https:\/\/a.allegroimg.com\/original\/11d8c9\/ee1c66434aefb848edab385d3eae\/2x-GOODYEAR-VECTOR-4SEASONS-GEN-225-45R19-96-W 920w,https:\/\/a.allegroimg.com\/original\/11d8c9\/ee1c66434aefb848edab385d3eae\/2x-GOODYEAR-VECTOR-4SEASONS-GEN-225-45R19-96-W 920w\" sizes=\"(min-width: 1200px) 560px, (min-width: 992px) 50vw, 100vw\" width=\"920px\" alt=\"2x GOODYEAR VECTOR 4SEASONS GEN 225\/45R19 96 W\"\/ style=\"max-width: 100%; height: auto; display: block; margin: 0 auto;\"><\/div>\n<\/div>\n<\/div>\n<\/div>\n<\/div>\n<div style=\"clear: both; display: block; margin: 10px 0;\">\n<div style=\"clear: both; display: block; margin: 10px 0;\">\n<h2>Ca\u0142oroczne opona Osobowe GOODYEAR VECTOR 4SEASONS GEN-2 XL FP 225\/45 R19 96W 96 W<\/h2>\n<p style=\"margin: 15px 0; line-height: 1.8; clear: both; display: block; width: 100%; float: none; position: static;\">Rok produkcji: <b>2022<\/b><\/p>\n<p style=\"margin: 15px 0; line-height: 1.8; clear: both; display: block; width: 100%; float: none; position: static;\">EAN: 5452000829245<\/p>\n<p style=\"margin: 15px 0; line-height: 1.8; clear: both; display: block; width: 100%; float: none; position: static;\">Producent: GOODYEAR<\/p>\n<p style=\"margin: 15px 0; line-height: 1.8; clear: both; display: block; width: 100%; float: none; position: static;\">Klasa: Premium<\/p>\n<p style=\"margin: 15px 0; line-height: 1.8; clear: both; display: block; width: 100%; float: none; position: static;\">Model: VECTOR 4SEASONS GEN-2 XL FP<\/p>\n<p style=\"margin: 15px 0; line-height: 1.8; clear: both; display: block; width: 100%; float: none; position: static;\">Rozmiar: 225\/45 R19 96W<\/p>\n<p style=\"margin: 15px 0; line-height: 1.8; clear: both; display: block; width: 100%; float: none; position: static;\">Indeks no\u015bno\u015bci: 96<\/p>\n<p style=\"margin: 15px 0; line-height: 1.8; clear: both; display: block; width: 100%; float: none; position: static;\">Indeks pr\u0119dko\u015bci: W<\/p>\n<p style=\"margin: 15px 0; line-height: 1.8; clear: both; display: block; width: 100%; float: none; position: static;\">Ha\u0142as db: 71<\/p>\n<p style=\"margin: 15px 0; line-height: 1.8; clear: both; display: block; width: 100%; float: none; position: static;\">Sezon: Ca\u0142oroczne<\/p>\n<p style=\"margin: 15px 0; line-height: 1.8; clear: both; display: block; width: 100%; float: none; position: static;\">Przeznaczenie: Osobowe<\/p>\n<p style=\"margin: 15px 0; line-height: 1.8; clear: both; display: block; width: 100%; float: none; position: static;\">* Zdj\u0119cia opon na aukcjach maj\u0105 charakter pogl\u0105dowy. Opony mog\u0105 si\u0119 r\u00f3\u017cni\u0107 od tej prezentowanej na zdj\u0119ciu. (np. mo\u017ce mie\u0107 rant ochronny, wi\u0119cej lub mniej rowk\u00f3w obwodowych, bia\u0142e napisy albo ich brak).<\/p>\n<p style=\"margin: 15px 0; line-height: 1.8; clear: both; display: block; width: 100%; float: none; position: static;\">W sezonie wysy\u0142kowym mog\u0105 nast\u0105pi\u0107 nieznaczne op\u00f3\u017anienia w realizacji i dostawie. Prosz\u0119 mie\u0107 to na uwadze sk\u0142adaj\u0105c zam\u00f3wienie.<\/p>\n<\/div>\n<\/div>\n<\/div>\n<div style=\"clear: both; display: block; margin: 10px 0;\">\n<div style=\"clear: both; display: block; margin: 10px 0;\">\n<div style=\"clear: both; display: block; margin: 10px 0;\">\n<div  style=\"max-width:1400px;max-height:700px\">\n<div style=\"clear: both; display: block; margin: 10px 0;\">\n<div style=\"clear: both; width: 100%; display: block; margin: 20px 0; padding: 0; float: none; position: static; text-align: center;\"><img decoding=\"async\"  src=\"https:\/\/a.allegroimg.com\/original\/112153\/8527b1e44167af2e1e9c1b012c19\/2x-GOODYEAR-VECTOR-4SEASONS-GEN-225-45R19-96-W-Marka-Goodyear\" srcset=\"https:\/\/a.allegroimg.com\/original\/112153\/8527b1e44167af2e1e9c1b012c19\/2x-GOODYEAR-VECTOR-4SEASONS-GEN-225-45R19-96-W-Marka-Goodyear 359w,https:\/\/a.allegroimg.com\/original\/112153\/8527b1e44167af2e1e9c1b012c19\/2x-GOODYEAR-VECTOR-4SEASONS-GEN-225-45R19-96-W-Marka-Goodyear 719w,https:\/\/a.allegroimg.com\/original\/112153\/8527b1e44167af2e1e9c1b012c19\/2x-GOODYEAR-VECTOR-4SEASONS-GEN-225-45R19-96-W-Marka-Goodyear 1024w,https:\/\/a.allegroimg.com\/original\/112153\/8527b1e44167af2e1e9c1b012c19\/2x-GOODYEAR-VECTOR-4SEASONS-GEN-225-45R19-96-W-Marka-Goodyear 1400w,https:\/\/a.allegroimg.com\/original\/112153\/8527b1e44167af2e1e9c1b012c19\/2x-GOODYEAR-VECTOR-4SEASONS-GEN-225-45R19-96-W-Marka-Goodyear 1400w\" sizes=\"100vw\" width=\"1400px\" alt=\"2x GOODYEAR VECTOR 4SEASONS GEN 225\/45R19 96 W Marka Goodyear\"\/ style=\"max-width: 100%; height: auto; display: block; margin: 0 auto;\"><\/div>\n<\/div>\n<\/div>\n<\/div>\n<\/div>\n<\/div>\n<div style=\"clear: both; display: block; margin: 10px 0;\">\n<div style=\"clear: both; display: block; margin: 10px 0;\">\n<div style=\"clear: both; display: block; margin: 10px 0;\">\n<p style=\"margin: 15px 0; line-height: 1.8; clear: both; display: block; width: 100%; float: none; position: static;\">Goodyear: pionier innowacji w motoryzacji<\/p>\n<p style=\"margin: 15px 0; line-height: 1.8; clear: both; display: block; width: 100%; float: none; position: static;\">Od przesz\u0142o wieku Goodyear stanowi symbol doskona\u0142o\u015bci w \u015bwiecie opon, \u0142\u0105cz\u0105c zaawansowane technologie, niezawodno\u015b\u0107 i nieustanny duch innowacji. Ta legenda bran\u017cy, za\u0142o\u017cona w 1898 roku przez Franka Seiberlinga w Akron, w stanie Ohio, USA, utrzymuje swoj\u0105 dominuj\u0105c\u0105 pozycj\u0119 jako producent opon, kt\u00f3ry zmienia nasze do\u015bwiadczenia zwi\u0105zane z jazd\u0105. Jest to trzeci na \u015bwiecie producent opon.<\/p>\n<p style=\"margin: 15px 0; line-height: 1.8; clear: both; display: block; width: 100%; float: none; position: static;\">Historia Goodyear to wyj\u0105tkowa podr\u00f3\u017c, wype\u0142niona pasj\u0105 do doskonalenia opon i przekraczania wszelkich granic. Znane jako pionierzy, marka Goodyear ma na swoim koncie wiele prze\u0142omowych osi\u0105gni\u0119\u0107 i wynalazk\u00f3w, kt\u00f3re rewolucjonizowa\u0142y przemys\u0142 oponiarski. Ich zaanga\u017cowanie w badania i rozw\u00f3j przynios\u0142o wiele innowacyjnych rozwi\u0105za\u0144, kt\u00f3re poprawiaj\u0105 bezpiecze\u0144stwo, trakcj\u0119 i wydajno\u015b\u0107 pojazd\u00f3w.<\/p>\n<p style=\"margin: 15px 0; line-height: 1.8; clear: both; display: block; width: 100%; float: none; position: static;\">Goodyear posiada rozbudowan\u0105 sie\u0107 fabryk na ca\u0142ym \u015bwiecie, w tym w Polsce, gdzie ich obecno\u015b\u0107 dodaje wyj\u0105tkowego blasku krajowemu przemys\u0142owi motoryzacyjnemu. Wykorzystuj\u0105c zaawansowane technologie produkcyjne i najlepsze materia\u0142y, Goodyear tworzy opony dedykowane r\u00f3\u017cnym segmentom rynku, od samochod\u00f3w osobowych, SUV, po pojazdy ci\u0119\u017carowe, a tak\u017ce opony dla sektora rolniczego i lotniczego.<\/p>\n<p style=\"margin: 15px 0; line-height: 1.8; clear: both; display: block; width: 100%; float: none; position: static;\">Opony Goodyear s\u0105 wyznacznikiem niezawodno\u015bci i wydajno\u015bci. Dzi\u0119ki precyzyjnemu projektowaniu i unikalnym wzorom bie\u017cnika, opony Goodyear zapewniaj\u0105 doskona\u0142\u0105 przyczepno\u015b\u0107, precyzyjne sterowanie i komfortowe prowadzenie na ka\u017cdym rodzaju nawierzchni. Bez wzgl\u0119du na warunki drogowe i potrzeby kierowcy, Goodyear oferuje szeroki wyb\u00f3r opon, kt\u00f3re spe\u0142niaj\u0105 najwy\u017csze standardy jako\u015bci i bezpiecze\u0144stwa.<\/p>\n<p style=\"margin: 15px 0; line-height: 1.8; clear: both; display: block; width: 100%; float: none; position: static;\">Goodyear to nie tylko producent opon, to r\u00f3wnie\u017c marka, kt\u00f3ra inspiruje i anga\u017cuje si\u0119 w r\u00f3\u017cne dziedziny. Ich obecno\u015b\u0107 w sporcie motorowym jest imponuj\u0105ca, od dominacji w Formule 1 do zwyci\u0119stw w wy\u015bcigach d\u0142ugodystansowych. In\u017cynierowie Goodyear stale wsp\u00f3\u0142pracuj\u0105 z zespo\u0142ami wy\u015bcigowymi, dostarczaj\u0105c opony o maksymalnej wydajno\u015bci i trakcji, co przek\u0142ada si\u0119 na osi\u0105gane sukcesy.<\/p>\n<p style=\"margin: 15px 0; line-height: 1.8; clear: both; display: block; width: 100%; float: none; position: static;\">\u00a0<\/p>\n<\/div>\n<\/div>\n<\/div>\n<div style=\"clear: both; display: block; margin: 10px 0;\">\n<div style=\"clear: both; display: block; margin: 10px 0;\">\n<div style=\"clear: both; display: block; margin: 10px 0;\">\n<div  style=\"max-width:1200px;max-height:1758px\">\n<div style=\"clear: both; display: block; margin: 10px 0;\">\n<div style=\"clear: both; width: 100%; display: block; margin: 20px 0; padding: 0; float: none; position: static; text-align: center;\"><img decoding=\"async\"  src=\"https:\/\/a.allegroimg.com\/original\/113122\/c453b34f4e34abcbeac621ba6306\/2x-GOODYEAR-VECTOR-4SEASONS-GEN-225-45R19-96-W-Liczba-opon-w-ofercie-2-szt\" srcset=\"https:\/\/a.allegroimg.com\/original\/113122\/c453b34f4e34abcbeac621ba6306\/2x-GOODYEAR-VECTOR-4SEASONS-GEN-225-45R19-96-W-Liczba-opon-w-ofercie-2-szt 245w,https:\/\/a.allegroimg.com\/original\/113122\/c453b34f4e34abcbeac621ba6306\/2x-GOODYEAR-VECTOR-4SEASONS-GEN-225-45R19-96-W-Liczba-opon-w-ofercie-2-szt 491w,https:\/\/a.allegroimg.com\/original\/113122\/c453b34f4e34abcbeac621ba6306\/2x-GOODYEAR-VECTOR-4SEASONS-GEN-225-45R19-96-W-Liczba-opon-w-ofercie-2-szt 698w,https:\/\/a.allegroimg.com\/original\/113122\/c453b34f4e34abcbeac621ba6306\/2x-GOODYEAR-VECTOR-4SEASONS-GEN-225-45R19-96-W-Liczba-opon-w-ofercie-2-szt 982w,https:\/\/a.allegroimg.com\/original\/113122\/c453b34f4e34abcbeac621ba6306\/2x-GOODYEAR-VECTOR-4SEASONS-GEN-225-45R19-96-W-Liczba-opon-w-ofercie-2-szt 1200w\" sizes=\"(min-width: 1200px) 560px, (min-width: 992px) 50vw, 100vw\" width=\"1200px\" alt=\"2x GOODYEAR VECTOR 4SEASONS GEN 225\/45R19 96 W Liczba opon w ofercie 2 szt.\"\/ style=\"max-width: 100%; height: auto; display: block; margin: 0 auto;\"><\/div>\n<\/div>\n<\/div>\n<\/div>\n<\/div>\n<div style=\"clear: both; display: block; margin: 10px 0;\">\n<div style=\"clear: both; display: block; margin: 10px 0;\">\n<h3 style=\"color: #2c5aa0; font-size: 18px; margin: 30px 0 15px 0; font-weight: bold; clear: both; display: block; width: 100%; float: none; position: static;\">Dlaczego warto kupowa\u0107 u nas?<\/h3>\n<p style=\"margin: 15px 0; line-height: 1.8; clear: both; display: block; width: 100%; float: none; position: static;\">Nasza firma dzia\u0142a na rynku ju\u017c od 2007 roku, dlatego mamy naprawd\u0119 bogate do\u015bwiadczenie w tym, co robimy.<\/p>\n<p style=\"margin: 15px 0; line-height: 1.8; clear: both; display: block; width: 100%; float: none; position: static;\">Oferujemy Pa\u0144stwu szeroki asortyment towar\u00f3w i stale pracujemy nad jego poszerzaniem.<\/p>\n<p style=\"margin: 15px 0; line-height: 1.8; clear: both; display: block; width: 100%; float: none; position: static;\">W naszej ofercie ka\u017cdy znajdzie co\u015b dla siebie, zar\u00f3wno wymagaj\u0105cy klient, jak r\u00f3wnie\u017c ten, kt\u00f3ry chce zaoszcz\u0119dzi\u0107.<\/p>\n<p style=\"margin: 15px 0; line-height: 1.8; clear: both; display: block; width: 100%; float: none; position: static;\">Zakupy mo\u017cna u nas robi\u0107 spokojnie i z zaufaniem.<\/p>\n<p style=\"margin: 15px 0; line-height: 1.8; clear: both; display: block; width: 100%; float: none; position: static;\">Je\u015bli z jakiego\u015b powodu nie b\u0119dziesz zadowolony z naszego towaru, mo\u017cna go zwr\u00f3ci\u0107 w ci\u0105gu 14 dni bez podania przyczyny, a my zwr\u00f3cimy pieni\u0105dze.<\/p>\n<p style=\"margin: 15px 0; line-height: 1.8; clear: both; display: block; width: 100%; float: none; position: static;\">W razie jakichkolwiek problem\u00f3w do dyspozycji s\u0105 r\u00f3wnie\u017c nasi operatorzy z\u202fDzia\u0142u Obs\u0142ugi Klienta.<\/p>\n<\/div>\n<\/div>\n<\/div>\n<\/div>\n<\/div>\n<\/div>\n<div style=\"clear: both; display: block; margin: 10px 0;\">\n","protected":false},"excerpt":{"rendered":"<p>2x GOODYEAR VECTOR 4SEASONS GEN 225\/45R19 96 W<\/p>\n<p>Ca\u0142oroczne opona Osobowe GOODYEAR VECTOR 4SEASONS GEN-2 XL FP 225\/45 R19 96W 96 W<\/p>\n<p>Rok produkcji: 2022<\/p>\n<p>EAN: 5452000829245<\/p>\n<p>Producent: GOODYEAR<\/p>\n<p>Klasa: Premium<\/p>\n<p>Model: VECTOR 4SEASONS GEN-2 XL FP<\/p>\n<p>Rozmiar: 225\/45 R19 96W<\/p>\n","protected":false},"featured_media":10745,"template":"","meta":{"_uag_custom_page_level_css":""},"product_brand":[437],"product_cat":[416,414,413,412],"product_tag":[],"class_list":{"0":"post-10742","1":"product","2":"type-product","3":"status-publish","4":"has-post-thumbnail","6":"product_brand-goodyear","7":"product_cat-caloroczne","8":"product_cat-do-samochodow-osobowych-i-suv","9":"product_cat-opony","10":"product_cat-opony-i-felgi","12":"first","13":"instock","14":"sale","15":"shipping-taxable","16":"purchasable","17":"product-type-simple"},"uagb_featured_image_src":{"full":["https:\/\/oponixo.shop\/tire\/wp-content\/uploads\/2025\/12\/allegro-image-10742.jpg",920,1120,false],"thumbnail":["https:\/\/oponixo.shop\/tire\/wp-content\/uploads\/2025\/12\/allegro-image-10742-150x150.jpg",150,150,true],"medium":["https:\/\/oponixo.shop\/tire\/wp-content\/uploads\/2025\/12\/allegro-image-10742-246x300.jpg",246,300,true],"medium_large":["https:\/\/oponixo.shop\/tire\/wp-content\/uploads\/2025\/12\/allegro-image-10742-768x935.jpg",768,935,true],"large":["https:\/\/oponixo.shop\/tire\/wp-content\/uploads\/2025\/12\/allegro-image-10742-841x1024.jpg",841,1024,true],"1536x1536":["https:\/\/oponixo.shop\/tire\/wp-content\/uploads\/2025\/12\/allegro-image-10742.jpg",920,1120,false],"2048x2048":["https:\/\/oponixo.shop\/tire\/wp-content\/uploads\/2025\/12\/allegro-image-10742.jpg",920,1120,false],"woocommerce_thumbnail":["https:\/\/oponixo.shop\/tire\/wp-content\/uploads\/2025\/12\/allegro-image-10742-300x300.jpg",300,300,true],"woocommerce_single":["https:\/\/oponixo.shop\/tire\/wp-content\/uploads\/2025\/12\/allegro-image-10742-600x730.jpg",600,730,true],"woocommerce_gallery_thumbnail":["https:\/\/oponixo.shop\/tire\/wp-content\/uploads\/2025\/12\/allegro-image-10742-100x100.jpg",100,100,true]},"uagb_author_info":{"display_name":"admin","author_link":"https:\/\/oponixo.shop\/tire\/author\/"},"uagb_comment_info":0,"uagb_excerpt":"2x GOODYEAR VECTOR 4SEASONS GEN 225\/45R19 96 W Ca\u0142oroczne opona Osobowe GOODYEAR VECTOR 4SEASONS GEN-2 XL FP 225\/45 R19 96W 96 W Rok produkcji: 2022 EAN: 5452000829245 Producent: GOODYEAR Klasa: Premium Model: VECTOR 4SEASONS GEN-2 XL FP Rozmiar: 225\/45 R19 96W","_links":{"self":[{"href":"https:\/\/oponixo.shop\/tire\/wp-json\/wp\/v2\/product\/10742","targetHints":{"allow":["GET"]}}],"collection":[{"href":"https:\/\/oponixo.shop\/tire\/wp-json\/wp\/v2\/product"}],"about":[{"href":"https:\/\/oponixo.shop\/tire\/wp-json\/wp\/v2\/types\/product"}],"wp:featuredmedia":[{"embeddable":true,"href":"https:\/\/oponixo.shop\/tire\/wp-json\/wp\/v2\/media\/10745"}],"wp:attachment":[{"href":"https:\/\/oponixo.shop\/tire\/wp-json\/wp\/v2\/media?parent=10742"}],"wp:term":[{"taxonomy":"product_brand","embeddable":true,"href":"https:\/\/oponixo.shop\/tire\/wp-json\/wp\/v2\/product_brand?post=10742"},{"taxonomy":"product_cat","embeddable":true,"href":"https:\/\/oponixo.shop\/tire\/wp-json\/wp\/v2\/product_cat?post=10742"},{"taxonomy":"product_tag","embeddable":true,"href":"https:\/\/oponixo.shop\/tire\/wp-json\/wp\/v2\/product_tag?post=10742"}],"curies":[{"name":"wp","href":"https:\/\/api.w.org\/{rel}","templated":true}]}}