{"id":10744,"date":"2025-12-31T03:31:25","date_gmt":"2025-12-31T03:31:25","guid":{"rendered":"https:\/\/oponyexpert.shop\/xef5\/produkt\/2x-pirelli-cinturato-winter-2-225-45r19-96-v\/"},"modified":"2025-12-31T03:31:26","modified_gmt":"2025-12-31T03:31:26","slug":"2x-pirelli-cinturato-winter-2-225-45r19-96-v","status":"publish","type":"product","link":"https:\/\/oponixo.shop\/tire\/produkt\/2x-pirelli-cinturato-winter-2-225-45r19-96-v\/","title":{"rendered":"2x PIRELLI CINTURATO WINTER 2 225\/45R19 96 V"},"content":{"rendered":"<div style=\"font-family: Arial, sans-serif; line-height: 1.6; color: #333; padding: 20px; clear: both; display: block; width: 100%; float: none; position: static; overflow: hidden;\">\n<div style=\"clear: both; display: block; margin: 10px 0;\">\n<div style=\"clear: both; display: block; margin: 10px 0;\">\n<div style=\"clear: both; display: block; margin: 10px 0;\">\n<h1>2x PIRELLI CINTURATO WINTER 2 225\/45R19 96 V<\/h1>\n<\/div>\n<\/div>\n<\/div>\n<div style=\"clear: both; display: block; margin: 10px 0;\">\n<div style=\"clear: both; display: block; margin: 10px 0;\">\n<div style=\"clear: both; display: block; margin: 10px 0;\">\n<div  style=\"max-width:920px;max-height:1120px\">\n<div style=\"clear: both; display: block; margin: 10px 0;\">\n<div style=\"clear: both; width: 100%; display: block; margin: 20px 0; padding: 0; float: none; position: static; text-align: center;\"><img decoding=\"async\"  src=\"https:\/\/a.allegroimg.com\/original\/11b232\/c4949dfc436b9eb4d6623fb9e862\/2x-PIRELLI-CINTURATO-WINTER-2-225-45R19-96-V\" srcset=\"https:\/\/a.allegroimg.com\/original\/11b232\/c4949dfc436b9eb4d6623fb9e862\/2x-PIRELLI-CINTURATO-WINTER-2-225-45R19-96-V 295w,https:\/\/a.allegroimg.com\/original\/11b232\/c4949dfc436b9eb4d6623fb9e862\/2x-PIRELLI-CINTURATO-WINTER-2-225-45R19-96-V 591w,https:\/\/a.allegroimg.com\/original\/11b232\/c4949dfc436b9eb4d6623fb9e862\/2x-PIRELLI-CINTURATO-WINTER-2-225-45R19-96-V 841w,https:\/\/a.allegroimg.com\/original\/11b232\/c4949dfc436b9eb4d6623fb9e862\/2x-PIRELLI-CINTURATO-WINTER-2-225-45R19-96-V 920w,https:\/\/a.allegroimg.com\/original\/11b232\/c4949dfc436b9eb4d6623fb9e862\/2x-PIRELLI-CINTURATO-WINTER-2-225-45R19-96-V 920w\" sizes=\"(min-width: 1200px) 560px, (min-width: 992px) 50vw, 100vw\" width=\"920px\" alt=\"2x PIRELLI CINTURATO WINTER 2 225\/45R19 96 V\"\/ style=\"max-width: 100%; height: auto; display: block; margin: 0 auto;\"><\/div>\n<\/div>\n<\/div>\n<\/div>\n<\/div>\n<div style=\"clear: both; display: block; margin: 10px 0;\">\n<div style=\"clear: both; display: block; margin: 10px 0;\">\n<h2>Zimowe opony Osobowe PIRELLI CINTURATO WINTER 2 XL FR 225\/45 R19 96V 96 V<\/h2>\n<p style=\"margin: 15px 0; line-height: 1.8; clear: both; display: block; width: 100%; float: none; position: static;\">Rok produkcji: <b>2021<\/b><\/p>\n<p style=\"margin: 15px 0; line-height: 1.8; clear: both; display: block; width: 100%; float: none; position: static;\">EAN: 8019227393392<\/p>\n<p style=\"margin: 15px 0; line-height: 1.8; clear: both; display: block; width: 100%; float: none; position: static;\">Producent: PIRELLI<\/p>\n<p style=\"margin: 15px 0; line-height: 1.8; clear: both; display: block; width: 100%; float: none; position: static;\">Klasa: Premium<\/p>\n<p style=\"margin: 15px 0; line-height: 1.8; clear: both; display: block; width: 100%; float: none; position: static;\">Model: CINTURATO WINTER 2 XL FR<\/p>\n<p style=\"margin: 15px 0; line-height: 1.8; clear: both; display: block; width: 100%; float: none; position: static;\">Rozmiar: 225\/45 R19 96V<\/p>\n<p style=\"margin: 15px 0; line-height: 1.8; clear: both; display: block; width: 100%; float: none; position: static;\">Indeks no\u015bno\u015bci: 96<\/p>\n<p style=\"margin: 15px 0; line-height: 1.8; clear: both; display: block; width: 100%; float: none; position: static;\">Indeks pr\u0119dko\u015bci: V<\/p>\n<p style=\"margin: 15px 0; line-height: 1.8; clear: both; display: block; width: 100%; float: none; position: static;\">Ha\u0142as db: 71<\/p>\n<p style=\"margin: 15px 0; line-height: 1.8; clear: both; display: block; width: 100%; float: none; position: static;\">Sezon: Zimowe<\/p>\n<p style=\"margin: 15px 0; line-height: 1.8; clear: both; display: block; width: 100%; float: none; position: static;\">Przeznaczenie: Osobowe<\/p>\n<p style=\"margin: 15px 0; line-height: 1.8; clear: both; display: block; width: 100%; float: none; position: static;\">* Zdj\u0119cia opon na aukcjach maj\u0105 charakter pogl\u0105dowy. Opony mog\u0105 si\u0119 r\u00f3\u017cni\u0107 od tej prezentowanej na zdj\u0119ciu. (np. mo\u017ce mie\u0107 rant ochronny, wi\u0119cej lub mniej rowk\u00f3w obwodowych, bia\u0142e napisy albo ich brak).<\/p>\n<p style=\"margin: 15px 0; line-height: 1.8; clear: both; display: block; width: 100%; float: none; position: static;\">W sezonie wysy\u0142kowym mog\u0105 nast\u0105pi\u0107 nieznaczne op\u00f3\u017anienia w realizacji i dostawie. Prosz\u0119 mie\u0107 to na uwadze sk\u0142adaj\u0105c zam\u00f3wienie.<\/p>\n<\/div>\n<\/div>\n<\/div>\n<div style=\"clear: both; display: block; margin: 10px 0;\">\n<div style=\"clear: both; display: block; margin: 10px 0;\">\n<div style=\"clear: both; display: block; margin: 10px 0;\">\n<div  style=\"max-width:800px;max-height:253px\">\n<div style=\"clear: both; display: block; margin: 10px 0;\">\n<div style=\"clear: both; width: 100%; display: block; margin: 20px 0; padding: 0; float: none; position: static; text-align: center;\"><img decoding=\"async\"  src=\"https:\/\/a.allegroimg.com\/original\/116d5e\/735ac1644f70b8a196b86d4f03ed\/2x-PIRELLI-CINTURATO-WINTER-2-225-45R19-96-V-Marka-Pirelli\" srcset=\"https:\/\/a.allegroimg.com\/original\/116d5e\/735ac1644f70b8a196b86d4f03ed\/2x-PIRELLI-CINTURATO-WINTER-2-225-45R19-96-V-Marka-Pirelli 360w,https:\/\/a.allegroimg.com\/original\/116d5e\/735ac1644f70b8a196b86d4f03ed\/2x-PIRELLI-CINTURATO-WINTER-2-225-45R19-96-V-Marka-Pirelli 720w,https:\/\/a.allegroimg.com\/original\/116d5e\/735ac1644f70b8a196b86d4f03ed\/2x-PIRELLI-CINTURATO-WINTER-2-225-45R19-96-V-Marka-Pirelli 800w,https:\/\/a.allegroimg.com\/original\/116d5e\/735ac1644f70b8a196b86d4f03ed\/2x-PIRELLI-CINTURATO-WINTER-2-225-45R19-96-V-Marka-Pirelli 800w\" sizes=\"100vw\" width=\"800px\" alt=\"2x PIRELLI CINTURATO WINTER 2 225\/45R19 96 V Marka Pirelli\"\/ style=\"max-width: 100%; height: auto; display: block; margin: 0 auto;\"><\/div>\n<\/div>\n<\/div>\n<\/div>\n<\/div>\n<\/div>\n<div style=\"clear: both; display: block; margin: 10px 0;\">\n<div style=\"clear: both; display: block; margin: 10px 0;\">\n<div style=\"clear: both; display: block; margin: 10px 0;\">\n<p style=\"margin: 15px 0; line-height: 1.8; clear: both; display: block; width: 100%; float: none; position: static;\">Pirelli: pasja przenosz\u0105ca na wy\u017cszy poziom<\/p>\n<p style=\"margin: 15px 0; line-height: 1.8; clear: both; display: block; width: 100%; float: none; position: static;\">Od ponad wieku Pirelli jest symbolem luksusu, wyrafinowania i doskona\u0142ej wydajno\u015bci. Ta w\u0142oska marka opon jest niekwestionowanym liderem w dziedzinie opon wysokowydajnych, inspiruj\u0105c kierowc\u00f3w na ca\u0142ym \u015bwiecie swoj\u0105 nieustann\u0105 innowacyjno\u015bci\u0105 i unikalnym stylem.<\/p>\n<p style=\"margin: 15px 0; line-height: 1.8; clear: both; display: block; width: 100%; float: none; position: static;\">Historia Pirelli si\u0119ga roku 1872, kiedy to Giovanni Battista Pirelli za\u0142o\u017cy\u0142 swoj\u0105 pierwsz\u0105 fabryk\u0119 opon w Mediolanie, we W\u0142oszech. Od tamtej chwili marka rozwija\u0142a si\u0119, zdobywaj\u0105c \u015bwiatow\u0105 renom\u0119 dzi\u0119ki doskona\u0142ej jako\u015bci i zaawansowanej technologii. Dzi\u015b Pirelli jest jednym z najbardziej rozpoznawalnych producent\u00f3w opon na \u015bwiecie, z fabrykami w wielu krajach, min, Stanach Zjednoczonych, Maksyku, Niemczech czy we W\u0142oszech.<\/p>\n<p style=\"margin: 15px 0; line-height: 1.8; clear: both; display: block; width: 100%; float: none; position: static;\">Opony Pirelli s\u0105 przeznaczone dla najbardziej wymagaj\u0105cych kierowc\u00f3w i samochod\u00f3w. Z my\u015bl\u0105 o r\u00f3\u017cnych segmentach rynku, Pirelli oferuje opony wysokowydajne, sportowe, morocyklowe, turystyczne oraz dla pojazd\u00f3w terenowych. Ich produkty s\u0105 dopasowane do indywidualnych potrzeb kierowc\u00f3w, zapewniaj\u0105c nie tylko doskona\u0142\u0105 przyczepno\u015b\u0107 i trakcj\u0119, ale tak\u017ce komfort i precyzj\u0119 prowadzenia.<\/p>\n<p style=\"margin: 15px 0; line-height: 1.8; clear: both; display: block; width: 100%; float: none; position: static;\">Pirelli to nie tylko producent opon, to r\u00f3wnie\u017c symbol presti\u017cu i elegancji. Marka ta od lat wsp\u00f3\u0142pracuje z czo\u0142owymi producentami samochod\u00f3w luksusowych, dostarczaj\u0105c opony, kt\u00f3re idealnie komponuj\u0105 si\u0119 z ich wyrafinowanym designem i doskona\u0142\u0105 dynamik\u0105. Wsp\u00f3\u0142praca ta jest nie tylko testem wydajno\u015bci, ale r\u00f3wnie\u017c wyrazem doskona\u0142ego stylu i pasji do motoryzacji.Jednym z niezwyk\u0142ych osi\u0105gni\u0119\u0107 Pirelli jest Pirelli Calendar, kt\u00f3ry od ponad 50 lat jest symbolem klasy, pi\u0119kna i sztuki fotografii. Ten presti\u017cowy kalendarz, wykonany przez renomowanych artyst\u00f3w i fotograf\u00f3w, sta\u0142 si\u0119 ikon\u0105 w \u015bwiecie mody i kultury, prezentuj\u0105c nie tylko opony, ale r\u00f3wnie\u017c wyj\u0105tkow\u0105 estetyk\u0119 i emocje.<\/p>\n<p style=\"margin: 15px 0; line-height: 1.8; clear: both; display: block; width: 100%; float: none; position: static;\">Pirelli nie tylko \u0142\u0105czy \u015bwiat motoryzacji z estetyk\u0105, ale r\u00f3wnie\u017c dba o \u015brodowisko naturalne. Marka ta jest zaanga\u017cowana w dzia\u0142ania proekologiczne i zr\u00f3wnowa\u017cony rozw\u00f3j, koncentruj\u0105c si\u0119 na tworzeniu bardziej ekologicznych i energooszcz\u0119dnych swoich rozwi\u0105za\u0144.<\/p>\n<p style=\"margin: 15px 0; line-height: 1.8; clear: both; display: block; width: 100%; float: none; position: static;\">\u00a0<\/p>\n<\/div>\n<\/div>\n<\/div>\n<div style=\"clear: both; display: block; margin: 10px 0;\">\n<div style=\"clear: both; display: block; margin: 10px 0;\">\n<div style=\"clear: both; display: block; margin: 10px 0;\">\n<div  style=\"max-width:1200px;max-height:1758px\">\n<div style=\"clear: both; display: block; margin: 10px 0;\">\n<div style=\"clear: both; width: 100%; display: block; margin: 20px 0; padding: 0; float: none; position: static; text-align: center;\"><img decoding=\"async\"  src=\"https:\/\/a.allegroimg.com\/original\/113122\/c453b34f4e34abcbeac621ba6306\/2x-PIRELLI-CINTURATO-WINTER-2-225-45R19-96-V-Liczba-opon-w-ofercie-2-szt\" srcset=\"https:\/\/a.allegroimg.com\/original\/113122\/c453b34f4e34abcbeac621ba6306\/2x-PIRELLI-CINTURATO-WINTER-2-225-45R19-96-V-Liczba-opon-w-ofercie-2-szt 245w,https:\/\/a.allegroimg.com\/original\/113122\/c453b34f4e34abcbeac621ba6306\/2x-PIRELLI-CINTURATO-WINTER-2-225-45R19-96-V-Liczba-opon-w-ofercie-2-szt 491w,https:\/\/a.allegroimg.com\/original\/113122\/c453b34f4e34abcbeac621ba6306\/2x-PIRELLI-CINTURATO-WINTER-2-225-45R19-96-V-Liczba-opon-w-ofercie-2-szt 698w,https:\/\/a.allegroimg.com\/original\/113122\/c453b34f4e34abcbeac621ba6306\/2x-PIRELLI-CINTURATO-WINTER-2-225-45R19-96-V-Liczba-opon-w-ofercie-2-szt 982w,https:\/\/a.allegroimg.com\/original\/113122\/c453b34f4e34abcbeac621ba6306\/2x-PIRELLI-CINTURATO-WINTER-2-225-45R19-96-V-Liczba-opon-w-ofercie-2-szt 1200w\" sizes=\"(min-width: 1200px) 560px, (min-width: 992px) 50vw, 100vw\" width=\"1200px\" alt=\"2x PIRELLI CINTURATO WINTER 2 225\/45R19 96 V Liczba opon w ofercie 2 szt.\"\/ style=\"max-width: 100%; height: auto; display: block; margin: 0 auto;\"><\/div>\n<\/div>\n<\/div>\n<\/div>\n<\/div>\n<div style=\"clear: both; display: block; margin: 10px 0;\">\n<div style=\"clear: both; display: block; margin: 10px 0;\">\n<h3 style=\"color: #2c5aa0; font-size: 18px; margin: 30px 0 15px 0; font-weight: bold; clear: both; display: block; width: 100%; float: none; position: static;\">Dlaczego warto kupowa\u0107 u nas?<\/h3>\n<p style=\"margin: 15px 0; line-height: 1.8; clear: both; display: block; width: 100%; float: none; position: static;\">Nasza firma dzia\u0142a na rynku ju\u017c od 2007 roku, dlatego mamy naprawd\u0119 bogate do\u015bwiadczenie w tym, co robimy.<\/p>\n<p style=\"margin: 15px 0; line-height: 1.8; clear: both; display: block; width: 100%; float: none; position: static;\">Oferujemy Pa\u0144stwu szeroki asortyment towar\u00f3w i stale pracujemy nad jego poszerzaniem.<\/p>\n<p style=\"margin: 15px 0; line-height: 1.8; clear: both; display: block; width: 100%; float: none; position: static;\">W naszej ofercie ka\u017cdy znajdzie co\u015b dla siebie, zar\u00f3wno wymagaj\u0105cy klient, jak r\u00f3wnie\u017c ten, kt\u00f3ry chce zaoszcz\u0119dzi\u0107.<\/p>\n<p style=\"margin: 15px 0; line-height: 1.8; clear: both; display: block; width: 100%; float: none; position: static;\">Zakupy mo\u017cna u nas robi\u0107 spokojnie i z zaufaniem.<\/p>\n<p style=\"margin: 15px 0; line-height: 1.8; clear: both; display: block; width: 100%; float: none; position: static;\">Je\u015bli z jakiego\u015b powodu nie b\u0119dziesz zadowolony z naszego towaru, mo\u017cna go zwr\u00f3ci\u0107 w ci\u0105gu 14 dni bez podania przyczyny, a my zwr\u00f3cimy pieni\u0105dze.<\/p>\n<p style=\"margin: 15px 0; line-height: 1.8; clear: both; display: block; width: 100%; float: none; position: static;\">W razie jakichkolwiek problem\u00f3w do dyspozycji s\u0105 r\u00f3wnie\u017c nasi operatorzy z\u202fDzia\u0142u Obs\u0142ugi Klienta.<\/p>\n<\/div>\n<\/div>\n<\/div>\n<\/div>\n<\/div>\n<\/div>\n<div style=\"clear: both; display: block; margin: 10px 0;\">\n","protected":false},"excerpt":{"rendered":"<p>2x PIRELLI CINTURATO WINTER 2 225\/45R19 96 V<\/p>\n<p>Zimowe opony Osobowe PIRELLI CINTURATO WINTER 2 XL FR 225\/45 R19 96V 96 V<\/p>\n<p>Rok produkcji: 2021<\/p>\n<p>EAN: 8019227393392<\/p>\n<p>Producent: PIRELLI<\/p>\n<p>Klasa: Premium<\/p>\n<p>Model: CINTURATO WINTER 2 XL FR<\/p>\n<p>Rozmiar: 225\/45 R19 96V<\/p>\n","protected":false},"featured_media":10746,"template":"","meta":{"_uag_custom_page_level_css":""},"product_brand":[433],"product_cat":[414,413,412,415],"product_tag":[],"class_list":{"0":"post-10744","1":"product","2":"type-product","3":"status-publish","4":"has-post-thumbnail","6":"product_brand-pirelli","7":"product_cat-do-samochodow-osobowych-i-suv","8":"product_cat-opony","9":"product_cat-opony-i-felgi","10":"product_cat-zimowe","12":"first","13":"instock","14":"sale","15":"shipping-taxable","16":"purchasable","17":"product-type-simple"},"uagb_featured_image_src":{"full":["https:\/\/oponixo.shop\/tire\/wp-content\/uploads\/2025\/12\/allegro-image-10744.jpg",920,1120,false],"thumbnail":["https:\/\/oponixo.shop\/tire\/wp-content\/uploads\/2025\/12\/allegro-image-10744-150x150.jpg",150,150,true],"medium":["https:\/\/oponixo.shop\/tire\/wp-content\/uploads\/2025\/12\/allegro-image-10744-246x300.jpg",246,300,true],"medium_large":["https:\/\/oponixo.shop\/tire\/wp-content\/uploads\/2025\/12\/allegro-image-10744-768x935.jpg",768,935,true],"large":["https:\/\/oponixo.shop\/tire\/wp-content\/uploads\/2025\/12\/allegro-image-10744-841x1024.jpg",841,1024,true],"1536x1536":["https:\/\/oponixo.shop\/tire\/wp-content\/uploads\/2025\/12\/allegro-image-10744.jpg",920,1120,false],"2048x2048":["https:\/\/oponixo.shop\/tire\/wp-content\/uploads\/2025\/12\/allegro-image-10744.jpg",920,1120,false],"woocommerce_thumbnail":["https:\/\/oponixo.shop\/tire\/wp-content\/uploads\/2025\/12\/allegro-image-10744-300x300.jpg",300,300,true],"woocommerce_single":["https:\/\/oponixo.shop\/tire\/wp-content\/uploads\/2025\/12\/allegro-image-10744-600x730.jpg",600,730,true],"woocommerce_gallery_thumbnail":["https:\/\/oponixo.shop\/tire\/wp-content\/uploads\/2025\/12\/allegro-image-10744-100x100.jpg",100,100,true]},"uagb_author_info":{"display_name":"admin","author_link":"https:\/\/oponixo.shop\/tire\/author\/"},"uagb_comment_info":0,"uagb_excerpt":"2x PIRELLI CINTURATO WINTER 2 225\/45R19 96 V Zimowe opony Osobowe PIRELLI CINTURATO WINTER 2 XL FR 225\/45 R19 96V 96 V Rok produkcji: 2021 EAN: 8019227393392 Producent: PIRELLI Klasa: Premium Model: CINTURATO WINTER 2 XL FR Rozmiar: 225\/45 R19 96V","_links":{"self":[{"href":"https:\/\/oponixo.shop\/tire\/wp-json\/wp\/v2\/product\/10744","targetHints":{"allow":["GET"]}}],"collection":[{"href":"https:\/\/oponixo.shop\/tire\/wp-json\/wp\/v2\/product"}],"about":[{"href":"https:\/\/oponixo.shop\/tire\/wp-json\/wp\/v2\/types\/product"}],"wp:featuredmedia":[{"embeddable":true,"href":"https:\/\/oponixo.shop\/tire\/wp-json\/wp\/v2\/media\/10746"}],"wp:attachment":[{"href":"https:\/\/oponixo.shop\/tire\/wp-json\/wp\/v2\/media?parent=10744"}],"wp:term":[{"taxonomy":"product_brand","embeddable":true,"href":"https:\/\/oponixo.shop\/tire\/wp-json\/wp\/v2\/product_brand?post=10744"},{"taxonomy":"product_cat","embeddable":true,"href":"https:\/\/oponixo.shop\/tire\/wp-json\/wp\/v2\/product_cat?post=10744"},{"taxonomy":"product_tag","embeddable":true,"href":"https:\/\/oponixo.shop\/tire\/wp-json\/wp\/v2\/product_tag?post=10744"}],"curies":[{"name":"wp","href":"https:\/\/api.w.org\/{rel}","templated":true}]}}