{"id":10756,"date":"2025-12-31T03:31:27","date_gmt":"2025-12-31T03:31:27","guid":{"rendered":"https:\/\/oponyexpert.shop\/xef5\/produkt\/2x-sunf-sf-982-255-55r20-109-h\/"},"modified":"2025-12-31T03:31:27","modified_gmt":"2025-12-31T03:31:27","slug":"2x-sunf-sf-982-255-55r20-109-h","status":"publish","type":"product","link":"https:\/\/oponixo.shop\/tire\/produkt\/2x-sunf-sf-982-255-55r20-109-h\/","title":{"rendered":"2x SUNF SF 982 255\/55R20 109 H"},"content":{"rendered":"<div style=\"font-family: Arial, sans-serif; line-height: 1.6; color: #333; padding: 20px; clear: both; display: block; width: 100%; float: none; position: static; overflow: hidden;\">\n<div style=\"clear: both; display: block; margin: 10px 0;\">\n<div style=\"clear: both; display: block; margin: 10px 0;\">\n<div style=\"clear: both; display: block; margin: 10px 0;\">\n<h2>2x SUNF SF 982 255\/55R20 109 H<\/h2>\n<\/div>\n<\/div>\n<\/div>\n<div style=\"clear: both; display: block; margin: 10px 0;\">\n<div style=\"clear: both; display: block; margin: 10px 0;\">\n<div style=\"clear: both; display: block; margin: 10px 0;\">\n<div  style=\"max-width:920px;max-height:1120px\">\n<div style=\"clear: both; display: block; margin: 10px 0;\">\n<div style=\"clear: both; width: 100%; display: block; margin: 20px 0; padding: 0; float: none; position: static; text-align: center;\"><img decoding=\"async\"  src=\"https:\/\/a.allegroimg.com\/original\/112f42\/fe8d5f6f4179af1afd12a2d54df5\/2x-SUNF-SF-982-255-55R20-109-H\" srcset=\"https:\/\/a.allegroimg.com\/original\/112f42\/fe8d5f6f4179af1afd12a2d54df5\/2x-SUNF-SF-982-255-55R20-109-H 295w,https:\/\/a.allegroimg.com\/original\/112f42\/fe8d5f6f4179af1afd12a2d54df5\/2x-SUNF-SF-982-255-55R20-109-H 591w,https:\/\/a.allegroimg.com\/original\/112f42\/fe8d5f6f4179af1afd12a2d54df5\/2x-SUNF-SF-982-255-55R20-109-H 841w,https:\/\/a.allegroimg.com\/original\/112f42\/fe8d5f6f4179af1afd12a2d54df5\/2x-SUNF-SF-982-255-55R20-109-H 920w,https:\/\/a.allegroimg.com\/original\/112f42\/fe8d5f6f4179af1afd12a2d54df5\/2x-SUNF-SF-982-255-55R20-109-H 920w\" sizes=\"(min-width: 1200px) 560px, (min-width: 992px) 50vw, 100vw\" width=\"920px\" alt=\"2x SUNF SF 982 255\/55R20 109 H\"\/ style=\"max-width: 100%; height: auto; display: block; margin: 0 auto;\"><\/div>\n<\/div>\n<\/div>\n<\/div>\n<\/div>\n<div style=\"clear: both; display: block; margin: 10px 0;\">\n<div style=\"clear: both; display: block; margin: 10px 0;\">\n<h2>Zimowe opony SUNF SF-982  BSW 255\/55 R20 109 H<\/h2>\n<p style=\"margin: 15px 0; line-height: 1.8; clear: both; display: block; width: 100%; float: none; position: static;\">Opony SUNF SF-982  BSW to znacz\u0105cy model w portfolio producenta.\u00a0<\/p>\n<p style=\"margin: 15px 0; line-height: 1.8; clear: both; display: block; width: 100%; float: none; position: static;\"> Opony klasy ekonomicznej maj\u0105 \u015bwietny stosunek jako\u015bci do ceny.<\/p>\n<ul style=\"margin: 15px 0; padding-left: 20px; clear: both; display: block; width: 100%; float: none; position: static;\">\n<li style=\"margin: 5px 0; padding: 2px 0; clear: both; display: list-item; float: none; position: static;\"><b>Stan:<\/b>\u00a0Nowy<\/li>\n<li style=\"margin: 5px 0; padding: 2px 0; clear: both; display: list-item; float: none; position: static;\"><b>EAN:<\/b>\u00a06953913130101<\/li>\n<li style=\"margin: 5px 0; padding: 2px 0; clear: both; display: list-item; float: none; position: static;\"><b>Producent:<\/b> SUNF<\/li>\n<li style=\"margin: 5px 0; padding: 2px 0; clear: both; display: list-item; float: none; position: static;\"><b>Model:<\/b> SF-982  BSW<\/li>\n<li style=\"margin: 5px 0; padding: 2px 0; clear: both; display: list-item; float: none; position: static;\"><b>Rozmiar:<\/b> 255\/55 R20<\/li>\n<li style=\"margin: 5px 0; padding: 2px 0; clear: both; display: list-item; float: none; position: static;\"><b>Indeks no\u015bno\u015bci:<\/b> 109<\/li>\n<li style=\"margin: 5px 0; padding: 2px 0; clear: both; display: list-item; float: none; position: static;\"><b>Indeks pr\u0119dko\u015bci:<\/b> H<\/li>\n<li style=\"margin: 5px 0; padding: 2px 0; clear: both; display: list-item; float: none; position: static;\"><b>Ha\u0142as db:<\/b>\u00a073<\/li>\n<li style=\"margin: 5px 0; padding: 2px 0; clear: both; display: list-item; float: none; position: static;\"><b>Sezon:<\/b> Zimowe<\/li>\n<li style=\"margin: 5px 0; padding: 2px 0; clear: both; display: list-item; float: none; position: static;\"><b>Rok produkcji:<\/b> nie starsze ni\u017c 36 miesi\u0119cy<\/li>\n<li style=\"margin: 5px 0; padding: 2px 0; clear: both; display: list-item; float: none; position: static;\"><b>Przeznaczenie:<\/b> Osobowe<\/li>\n<li style=\"margin: 5px 0; padding: 2px 0; clear: both; display: list-item; float: none; position: static;\"><b>Kl. przycz. na mokrej naw.:<\/b>\u00a0E<\/li>\n<li style=\"margin: 5px 0; padding: 2px 0; clear: both; display: list-item; float: none; position: static;\"><b>Kl. efekt. paliwowej:\u00a0<\/b>F<\/li>\n<\/ul>\n<\/div>\n<\/div>\n<\/div>\n<div style=\"clear: both; display: block; margin: 10px 0;\">\n<div style=\"clear: both; display: block; margin: 10px 0;\">\n<div style=\"clear: both; display: block; margin: 10px 0;\">\n<div  style=\"max-width:2000px;max-height:2000px\">\n<div style=\"clear: both; display: block; margin: 10px 0;\">\n<div style=\"clear: both; width: 100%; display: block; margin: 20px 0; padding: 0; float: none; position: static; text-align: center;\"><img decoding=\"async\"  src=\"https:\/\/a.allegroimg.com\/original\/1187a1\/33d6b87b49f69e46c97302d2f28c\/2x-SUNF-SF-982-255-55R20-109-H-Liczba-opon-w-ofercie-2-szt\" srcset=\"https:\/\/a.allegroimg.com\/original\/1187a1\/33d6b87b49f69e46c97302d2f28c\/2x-SUNF-SF-982-255-55R20-109-H-Liczba-opon-w-ofercie-2-szt 360w,https:\/\/a.allegroimg.com\/original\/1187a1\/33d6b87b49f69e46c97302d2f28c\/2x-SUNF-SF-982-255-55R20-109-H-Liczba-opon-w-ofercie-2-szt 720w,https:\/\/a.allegroimg.com\/original\/1187a1\/33d6b87b49f69e46c97302d2f28c\/2x-SUNF-SF-982-255-55R20-109-H-Liczba-opon-w-ofercie-2-szt 1024w,https:\/\/a.allegroimg.com\/original\/1187a1\/33d6b87b49f69e46c97302d2f28c\/2x-SUNF-SF-982-255-55R20-109-H-Liczba-opon-w-ofercie-2-szt 1440w,https:\/\/a.allegroimg.com\/original\/1187a1\/33d6b87b49f69e46c97302d2f28c\/2x-SUNF-SF-982-255-55R20-109-H-Liczba-opon-w-ofercie-2-szt 2000w\" sizes=\"100vw\" width=\"2000px\" alt=\"2x SUNF SF 982 255\/55R20 109 H Liczba opon w ofercie 2 szt.\"\/ style=\"max-width: 100%; height: auto; display: block; margin: 0 auto;\"><\/div>\n<\/div>\n<\/div>\n<\/div>\n<\/div>\n<\/div>\n<div style=\"clear: both; display: block; margin: 10px 0;\">\n<div style=\"clear: both; display: block; margin: 10px 0;\">\n<div style=\"clear: both; display: block; margin: 10px 0;\">\n<p style=\"margin: 15px 0; line-height: 1.8; clear: both; display: block; width: 100%; float: none; position: static;\">Marka opon SUNF to ceniony producent opon przemys\u0142owych, rolniczych i terenowych z mi\u0119dzynarodowym zasi\u0119giem dzia\u0142ania. Firma specjalizuje si\u0119 w dostarczaniu opon o solidnej konstrukcji, dostosowanych do r\u00f3\u017cnych warunk\u00f3w terenowych i maszyn.<\/p>\n<p style=\"margin: 15px 0; line-height: 1.8; clear: both; display: block; width: 100%; float: none; position: static;\">Opony SUNF wyr\u00f3\u017cniaj\u0105 si\u0119 trwa\u0142o\u015bci\u0105 i wydajno\u015bci\u0105, co sprawia, \u017ce s\u0105 cenione przez profesjonalist\u00f3w. Firma ta anga\u017cuje si\u0119 w badania i rozw\u00f3j, wprowadzaj\u0105c innowacje technologiczne, aby spe\u0142ni\u0107 wymagania klient\u00f3w i dostarczy\u0107 produkty o doskona\u0142ych osi\u0105gach.<\/p>\n<p style=\"margin: 15px 0; line-height: 1.8; clear: both; display: block; width: 100%; float: none; position: static;\">SUNF to marka, kt\u00f3ra zdoby\u0142a uznanie w bran\u017cy jako niezawodny dostawca opon specjalistycznych, oferuj\u0105cy produkty o solidnej jako\u015bci i wytrzyma\u0142o\u015bci.<\/p>\n<\/div>\n<\/div>\n<\/div>\n<div style=\"clear: both; display: block; margin: 10px 0;\">\n<div style=\"clear: both; display: block; margin: 10px 0;\">\n<div style=\"clear: both; display: block; margin: 10px 0;\">\n<div  style=\"max-width:1200px;max-height:1758px\">\n<div style=\"clear: both; display: block; margin: 10px 0;\">\n<div style=\"clear: both; width: 100%; display: block; margin: 20px 0; padding: 0; float: none; position: static; text-align: center;\"><img decoding=\"async\"  src=\"https:\/\/a.allegroimg.com\/original\/11178e\/f3d0280f4cf5aed1bce0574f4643\/2x-SUNF-SF-982-255-55R20-109-H-Marka-Sunfull\" srcset=\"https:\/\/a.allegroimg.com\/original\/11178e\/f3d0280f4cf5aed1bce0574f4643\/2x-SUNF-SF-982-255-55R20-109-H-Marka-Sunfull 245w,https:\/\/a.allegroimg.com\/original\/11178e\/f3d0280f4cf5aed1bce0574f4643\/2x-SUNF-SF-982-255-55R20-109-H-Marka-Sunfull 491w,https:\/\/a.allegroimg.com\/original\/11178e\/f3d0280f4cf5aed1bce0574f4643\/2x-SUNF-SF-982-255-55R20-109-H-Marka-Sunfull 698w,https:\/\/a.allegroimg.com\/original\/11178e\/f3d0280f4cf5aed1bce0574f4643\/2x-SUNF-SF-982-255-55R20-109-H-Marka-Sunfull 982w,https:\/\/a.allegroimg.com\/original\/11178e\/f3d0280f4cf5aed1bce0574f4643\/2x-SUNF-SF-982-255-55R20-109-H-Marka-Sunfull 1200w\" sizes=\"(min-width: 1200px) 560px, (min-width: 992px) 50vw, 100vw\" width=\"1200px\" alt=\"2x SUNF SF 982 255\/55R20 109 H Marka Sunfull\"\/ style=\"max-width: 100%; height: auto; display: block; margin: 0 auto;\"><\/div>\n<\/div>\n<\/div>\n<\/div>\n<\/div>\n<div style=\"clear: both; display: block; margin: 10px 0;\">\n<div style=\"clear: both; display: block; margin: 10px 0;\">\n<p style=\"margin: 15px 0; line-height: 1.8; clear: both; display: block; width: 100%; float: none; position: static;\">Dlaczego warto kupowa\u0107 u Nas ?<\/p>\n<p style=\"margin: 15px 0; line-height: 1.8; clear: both; display: block; width: 100%; float: none; position: static;\">Jeste\u015bmy firm\u0105, kt\u00f3ra na podstawie wieloletniego do\u015bwiadczenia z zaanga\u017cowaniem pomaga klientom w doborze oraz kupnie opon.<\/p>\n<p style=\"margin: 15px 0; line-height: 1.8; clear: both; display: block; width: 100%; float: none; position: static;\">Posiadamy szerok\u0105 game opon do aut osobowych, dostawczych, cie\u017carowych, motocyki jak i opon przemys\u0142owych.<\/p>\n<p style=\"margin: 15px 0; line-height: 1.8; clear: both; display: block; width: 100%; float: none; position: static;\">Gwarancja satysfakcjii oraz bezpiecznie przejechanych kilometr\u00f3w.<\/p>\n<p style=\"margin: 15px 0; line-height: 1.8; clear: both; display: block; width: 100%; float: none; position: static;\">Zosta\u0144 naszym kolejnym zadowolonym klientem.<\/p>\n<p style=\"margin: 15px 0; line-height: 1.8; clear: both; display: block; width: 100%; float: none; position: static;\">ZAPRASZAMY DO ZAKUP\u00d3W.<\/p>\n<\/div>\n<\/div>\n<\/div>\n<\/div>\n<\/div>\n<\/div>\n<div style=\"clear: both; display: block; margin: 10px 0;\">\n","protected":false},"excerpt":{"rendered":"<p>2x SUNF SF 982 255\/55R20 109 H<\/p>\n<p>Zimowe opony SUNF SF-982 BSW 255\/55 R20 109 H<\/p>\n<p>Opony SUNF SF-982 BSW to znacz\u0105cy model w portfolio producenta.\u00a0<\/p>\n<p>Opony klasy ekonomicznej maj\u0105 \u015bwietny stosunek jako\u015bci do ceny.<\/p>\n<p>Stan:\u00a0Nowy<\/p>\n<p>EAN:\u00a06953913130101<\/p>\n<p>Producent: SUNF<\/p>\n<p>Model: SF-982 BSW<\/p>\n","protected":false},"featured_media":10758,"template":"","meta":{"_uag_custom_page_level_css":""},"product_brand":[458],"product_cat":[414,413,412,415],"product_tag":[],"class_list":{"0":"post-10756","1":"product","2":"type-product","3":"status-publish","4":"has-post-thumbnail","6":"product_brand-sunfull","7":"product_cat-do-samochodow-osobowych-i-suv","8":"product_cat-opony","9":"product_cat-opony-i-felgi","10":"product_cat-zimowe","12":"first","13":"instock","14":"sale","15":"shipping-taxable","16":"purchasable","17":"product-type-simple"},"uagb_featured_image_src":{"full":["https:\/\/oponixo.shop\/tire\/wp-content\/uploads\/2025\/12\/allegro-image-10756.jpg",920,1120,false],"thumbnail":["https:\/\/oponixo.shop\/tire\/wp-content\/uploads\/2025\/12\/allegro-image-10756-150x150.jpg",150,150,true],"medium":["https:\/\/oponixo.shop\/tire\/wp-content\/uploads\/2025\/12\/allegro-image-10756-246x300.jpg",246,300,true],"medium_large":["https:\/\/oponixo.shop\/tire\/wp-content\/uploads\/2025\/12\/allegro-image-10756-768x935.jpg",768,935,true],"large":["https:\/\/oponixo.shop\/tire\/wp-content\/uploads\/2025\/12\/allegro-image-10756-841x1024.jpg",841,1024,true],"1536x1536":["https:\/\/oponixo.shop\/tire\/wp-content\/uploads\/2025\/12\/allegro-image-10756.jpg",920,1120,false],"2048x2048":["https:\/\/oponixo.shop\/tire\/wp-content\/uploads\/2025\/12\/allegro-image-10756.jpg",920,1120,false],"woocommerce_thumbnail":["https:\/\/oponixo.shop\/tire\/wp-content\/uploads\/2025\/12\/allegro-image-10756-300x300.jpg",300,300,true],"woocommerce_single":["https:\/\/oponixo.shop\/tire\/wp-content\/uploads\/2025\/12\/allegro-image-10756-600x730.jpg",600,730,true],"woocommerce_gallery_thumbnail":["https:\/\/oponixo.shop\/tire\/wp-content\/uploads\/2025\/12\/allegro-image-10756-100x100.jpg",100,100,true]},"uagb_author_info":{"display_name":"admin","author_link":"https:\/\/oponixo.shop\/tire\/author\/"},"uagb_comment_info":0,"uagb_excerpt":"2x SUNF SF 982 255\/55R20 109 H Zimowe opony SUNF SF-982 BSW 255\/55 R20 109 H Opony SUNF SF-982 BSW to znacz\u0105cy model w portfolio producenta.\u00a0 Opony klasy ekonomicznej maj\u0105 \u015bwietny stosunek jako\u015bci do ceny. Stan:\u00a0Nowy EAN:\u00a06953913130101 Producent: SUNF Model: SF-982 BSW","_links":{"self":[{"href":"https:\/\/oponixo.shop\/tire\/wp-json\/wp\/v2\/product\/10756","targetHints":{"allow":["GET"]}}],"collection":[{"href":"https:\/\/oponixo.shop\/tire\/wp-json\/wp\/v2\/product"}],"about":[{"href":"https:\/\/oponixo.shop\/tire\/wp-json\/wp\/v2\/types\/product"}],"wp:featuredmedia":[{"embeddable":true,"href":"https:\/\/oponixo.shop\/tire\/wp-json\/wp\/v2\/media\/10758"}],"wp:attachment":[{"href":"https:\/\/oponixo.shop\/tire\/wp-json\/wp\/v2\/media?parent=10756"}],"wp:term":[{"taxonomy":"product_brand","embeddable":true,"href":"https:\/\/oponixo.shop\/tire\/wp-json\/wp\/v2\/product_brand?post=10756"},{"taxonomy":"product_cat","embeddable":true,"href":"https:\/\/oponixo.shop\/tire\/wp-json\/wp\/v2\/product_cat?post=10756"},{"taxonomy":"product_tag","embeddable":true,"href":"https:\/\/oponixo.shop\/tire\/wp-json\/wp\/v2\/product_tag?post=10756"}],"curies":[{"name":"wp","href":"https:\/\/api.w.org\/{rel}","templated":true}]}}