{"id":10760,"date":"2025-12-31T03:31:27","date_gmt":"2025-12-31T03:31:27","guid":{"rendered":"https:\/\/oponyexpert.shop\/xef5\/produkt\/2x-opona-zimowa-goodyear-ultragrip-performance-suv-255-55r20-110v-xl\/"},"modified":"2025-12-31T03:31:28","modified_gmt":"2025-12-31T03:31:28","slug":"2x-opona-zimowa-goodyear-ultragrip-performance-suv-255-55r20-110v-xl","status":"publish","type":"product","link":"https:\/\/oponixo.shop\/tire\/produkt\/2x-opona-zimowa-goodyear-ultragrip-performance-suv-255-55r20-110v-xl\/","title":{"rendered":"2x Opona zimowa GoodYear ULTRAGRIP PERFORMANCE + SUV 255\/55R20 110V XL"},"content":{"rendered":"<div style=\"font-family: Arial, sans-serif; line-height: 1.6; color: #333; padding: 20px; clear: both; display: block; width: 100%; float: none; position: static; overflow: hidden;\">\n<div style=\"clear: both; display: block; margin: 10px 0;\">\n<div style=\"clear: both; display: block; margin: 10px 0;\">\n<div style=\"clear: both; display: block; margin: 10px 0;\">\n<h3 style=\"color: #2c5aa0; font-size: 18px; margin: 30px 0 15px 0; font-weight: bold; clear: both; display: block; width: 100%; float: none; position: static;\">2x Opona zimowa GoodYear ULTRAGRIP PERFORMANCE + SUV 255\/55R20 110V XL<\/h3>\n<\/div>\n<\/div>\n<\/div>\n<div style=\"clear: both; display: block; margin: 10px 0;\">\n<div style=\"clear: both; display: block; margin: 10px 0;\">\n<div style=\"clear: both; display: block; margin: 10px 0;\">\n<div  style=\"max-width:500px;max-height:500px\">\n<div style=\"clear: both; display: block; margin: 10px 0;\">\n<div style=\"clear: both; width: 100%; display: block; margin: 20px 0; padding: 0; float: none; position: static; text-align: center;\"><img decoding=\"async\"  src=\"https:\/\/a.allegroimg.com\/original\/117eef\/7e0fdf2e4f76b191c8aa3bc83cb7\/2x-Opona-zimowa-GoodYear-ULTRAGRIP-PERFORMANCE-SUV-255-55R20-110V-XL\" srcset=\"https:\/\/a.allegroimg.com\/original\/117eef\/7e0fdf2e4f76b191c8aa3bc83cb7\/2x-Opona-zimowa-GoodYear-ULTRAGRIP-PERFORMANCE-SUV-255-55R20-110V-XL 360w,https:\/\/a.allegroimg.com\/original\/117eef\/7e0fdf2e4f76b191c8aa3bc83cb7\/2x-Opona-zimowa-GoodYear-ULTRAGRIP-PERFORMANCE-SUV-255-55R20-110V-XL 500w,https:\/\/a.allegroimg.com\/original\/117eef\/7e0fdf2e4f76b191c8aa3bc83cb7\/2x-Opona-zimowa-GoodYear-ULTRAGRIP-PERFORMANCE-SUV-255-55R20-110V-XL 500w\" sizes=\"(min-width: 1200px) 560px, (min-width: 992px) 50vw, 100vw\" width=\"500px\" alt=\"2x Opona zimowa GoodYear ULTRAGRIP PERFORMANCE + SUV 255\/55R20 110V XL\"\/ style=\"max-width: 100%; height: auto; display: block; margin: 0 auto;\"><\/div>\n<\/div>\n<\/div>\n<\/div>\n<\/div>\n<div style=\"clear: both; display: block; margin: 10px 0;\">\n<div style=\"clear: both; display: block; margin: 10px 0;\">\n<ul style=\"margin: 15px 0; padding-left: 20px; clear: both; display: block; width: 100%; float: none; position: static;\">\n<li style=\"margin: 5px 0; padding: 2px 0; clear: both; display: list-item; float: none; position: static;\">Marka: <b>GoodYear<\/b><\/li>\n<li style=\"margin: 5px 0; padding: 2px 0; clear: both; display: list-item; float: none; position: static;\">Liczba opon w ofercie: <b>2 szt.<\/b><\/li>\n<li style=\"margin: 5px 0; padding: 2px 0; clear: both; display: list-item; float: none; position: static;\">Sezon: <b>Zimowe<\/b><\/li>\n<li style=\"margin: 5px 0; padding: 2px 0; clear: both; display: list-item; float: none; position: static;\">Model: <b>UltraGrip Performance + SUV<\/b><\/li>\n<li style=\"margin: 5px 0; padding: 2px 0; clear: both; display: list-item; float: none; position: static;\">Szeroko\u015b\u0107: <b>255<\/b><\/li>\n<li style=\"margin: 5px 0; padding: 2px 0; clear: both; display: list-item; float: none; position: static;\">Profil: <b>55<\/b><\/li>\n<li style=\"margin: 5px 0; padding: 2px 0; clear: both; display: list-item; float: none; position: static;\">\u015arednica: <b>20<\/b><\/li>\n<li style=\"margin: 5px 0; padding: 2px 0; clear: both; display: list-item; float: none; position: static;\">Index no\u015bno\u015bci: <b>110<\/b><\/li>\n<li style=\"margin: 5px 0; padding: 2px 0; clear: both; display: list-item; float: none; position: static;\">Index pr\u0119dko\u015bci: <b>V<\/b><\/li>\n<li style=\"margin: 5px 0; padding: 2px 0; clear: both; display: list-item; float: none; position: static;\">Hamowanie na mokrym: <b>B<\/b><\/li>\n<li style=\"margin: 5px 0; padding: 2px 0; clear: both; display: list-item; float: none; position: static;\">Op\u00f3r toczenia: <b>C<\/b><\/li>\n<li style=\"margin: 5px 0; padding: 2px 0; clear: both; display: list-item; float: none; position: static;\">Ha\u0142as zewn\u0119trzny: <b>73dB<\/b><\/li>\n<li style=\"margin: 5px 0; padding: 2px 0; clear: both; display: list-item; float: none; position: static;\">SAP: <b>581394<\/b><\/li>\n<li style=\"margin: 5px 0; padding: 2px 0; clear: both; display: list-item; float: none; position: static;\">EAN: <b>4038526073266<\/b><\/li>\n<\/ul>\n<\/div>\n<\/div>\n<\/div>\n<div style=\"clear: both; display: block; margin: 10px 0;\">\n<div style=\"clear: both; display: block; margin: 10px 0;\">\n<div style=\"clear: both; display: block; margin: 10px 0;\">\n<h3 style=\"color: #2c5aa0; font-size: 18px; margin: 30px 0 15px 0; font-weight: bold; clear: both; display: block; width: 100%; float: none; position: static;\">Rok produkcji (DOT): 2025\/2024 &#8211; kupuj\u0105c z tej oferty otrzymasz opony fabrycznie nowe.<\/h3>\n<p style=\"margin: 15px 0; line-height: 1.8; clear: both; display: block; width: 100%; float: none; position: static;\">Specjali\u015bci z Polskiego Zwi\u0105zku Przemys\u0142u Oponiarskiego (PZPO) podkre\u015blaj\u0105, \u017ce nowe opony, przechowywane w odpowiednich warunkach, zachowuj\u0105 pe\u0142n\u0105 warto\u015b\u0107 i nie r\u00f3\u017cni\u0105 si\u0119 jako\u015bciowo od tych pochodz\u0105cych z bie\u017c\u0105cej produkcji. Wynika to z faktu, \u017ce proces starzenia si\u0119 opon nast\u0119puje wy\u0142\u0105cznie podczas ich eksploatacji, a nie w trakcie przechowywania.<\/p>\n<\/div>\n<\/div>\n<\/div>\n<div style=\"clear: both; display: block; margin: 10px 0;\">\n<div style=\"clear: both; display: block; margin: 10px 0;\">\n<div style=\"clear: both; display: block; margin: 10px 0;\">\n<h3 style=\"color: #2c5aa0; font-size: 18px; margin: 30px 0 15px 0; font-weight: bold; clear: both; display: block; width: 100%; float: none; position: static;\">Rok produkcji opony znajdziesz na jej boku, przy oznaczeniu DOT. Cztery ostatnie cyfry m\u00f3wi\u0105, kiedy opona zosta\u0142a wyprodukowana:<\/h3>\n<ul style=\"margin: 15px 0; padding-left: 20px; clear: both; display: block; width: 100%; float: none; position: static;\">\n<li style=\"margin: 5px 0; padding: 2px 0; clear: both; display: list-item; float: none; position: static;\">Pierwsze dwie \u2013 tydzie\u0144 produkcji,<\/li>\n<li style=\"margin: 5px 0; padding: 2px 0; clear: both; display: list-item; float: none; position: static;\">Ostatnie dwie \u2013 rok produkcji.\u00a0<\/li>\n<\/ul>\n<p style=\"margin: 15px 0; line-height: 1.8; clear: both; display: block; width: 100%; float: none; position: static;\">Przyk\u0142ad: 1924 oznacza, \u017ce opona zosta\u0142a wyprodukowana w 19 tygodniu 2024 roku.<\/p>\n<\/div>\n<\/div>\n<\/div>\n<div style=\"clear: both; display: block; margin: 10px 0;\">\n<div style=\"clear: both; display: block; margin: 10px 0;\">\n<div style=\"clear: both; display: block; margin: 10px 0;\">\n<h3 style=\"color: #2c5aa0; font-size: 18px; margin: 30px 0 15px 0; font-weight: bold; clear: both; display: block; width: 100%; float: none; position: static;\">Goodyear UltraGrip Performance SUV\u00a0<\/h3>\n<p style=\"margin: 15px 0; line-height: 1.8; clear: both; display: block; width: 100%; float: none; position: static;\">Zima nie uznaje pomy\u0142ek, nie zgadza si\u0119 na kompromisy i cz\u0119sto nie wybacza b\u0142\u0119d\u00f3w. W tym okresie nie mo\u017cesz sobie pozwoli\u0107 na ust\u0119pstwa. Na szcz\u0119\u015bcie jest opona Goodyear UltraGrip Performance SUV Gen-1 \u2013 zwyci\u0119zca testu Off-Road 2020 w rozmiarze 225\/55 R19. Z ni\u0105 mo\u017cesz wszystko.<\/p>\n<p style=\"margin: 15px 0; line-height: 1.8; clear: both; display: block; width: 100%; float: none; position: static;\">Zima nie ma lito\u015bci dla kierowc\u00f3w: deszcz, \u015bnieg, oblodzone drogi\u2026 Pe\u0142ne poczucie bezpiecze\u0144stwa daje skuteczne hamowanie, niezawodna przyczepno\u015b\u0107 w zakr\u0119tach, zr\u00f3wnowa\u017cone osi\u0105gi na zr\u00f3\u017cnicowanych nawierzchniach. Tak w\u0142a\u015bnie je\u017adzi UltraGrip Performance SUV G1.<\/p>\n<p style=\"margin: 15px 0; line-height: 1.8; clear: both; display: block; width: 100%; float: none; position: static;\">Ta opona doskonale zachowuje si\u0119 zar\u00f3wno na o\u015bnie\u017conej, jak i suchej nawierzchni. To zas\u0142uga kierunkowego bie\u017cnika oraz technologii 3D-BIS. S\u0105 to wzajemnie blokuj\u0105ce si\u0119 klocki bie\u017cnika, dzi\u0119ki kt\u00f3rym zwi\u0119ksza si\u0119 liczba kraw\u0119dzi. Wczepiaj\u0105 si\u0119 one w \u015blisk\u0105 nawierzchni\u0105 i w efekcie pozwalaj\u0105 na pewn\u0105 jazd\u0119, dynamiczne ruszanie z miejsca bez po\u015blizg\u00f3w oraz skuteczne hamowanie. Dodatkowo na suchej drodze klocki wspomagaj\u0105 sprawne pokonywanie zakr\u0119t\u00f3w, a na o\u015bnie\u017conej jeszcze kr\u00f3tsz\u0105 drog\u0119 hamowania.<\/p>\n<p style=\"margin: 15px 0; line-height: 1.8; clear: both; display: block; width: 100%; float: none; position: static;\">Na doskona\u0142e parametry hamowania w zr\u00f3\u017cnicowanych warunkach wp\u0142ywa te\u017c g\u0119sta sie\u0107 lameli. Szerokie wg\u0142\u0119bienia szybko oczyszczaj\u0105 opon\u0119 z wody oraz b\u0142ota po\u015bniegowego. Poprzeczne lamele Goodyear UltraGrip Performance SUV Gen-1 wspomagaj\u0105 przyczepno\u015b\u0107 na nawierzchniach mokrych, o\u015bnie\u017conych i oblodzonych, natomiast te ustawione wzd\u0142u\u017cnie wp\u0142ywaj\u0105 na popraw\u0119 bezpiecze\u0144stwa w trakcie odwil\u017cy.<\/p>\n<p style=\"margin: 15px 0; line-height: 1.8; clear: both; display: block; width: 100%; float: none; position: static;\">Zoptymalizowana powierzchnia styku opony z drog\u0105 to zas\u0142uga ActiveGrip Technology. Obszar, kt\u00f3rym ogumienie styka si\u0119 z drog\u0105 jest szerszy ni\u017c w standardowych oponach. W efekcie ten model lepiej trzyma si\u0119 drogi i zawsze skutecznie hamuje.<\/p>\n<p style=\"margin: 15px 0; line-height: 1.8; clear: both; display: block; width: 100%; float: none; position: static;\">Goodyear UG Performance SUV G1 zosta\u0142 stworzony do kapry\u015bnych, zimowych warunk\u00f3w. \u015awietnie zachowuje si\u0119 na ka\u017cdej nawierzchni oraz zapewnia doskona\u0142e prowadzenie. A do tego jeszcze dobrze si\u0119 prezentuje: wska\u017anik zu\u017cycia opony ma pi\u0119kny kszta\u0142t \u015bnie\u017cynki. W ko\u0144cu w modelach klasy premium liczy si\u0119 te\u017c design.<\/p>\n<\/div>\n<\/div>\n<\/div>\n<\/div>\n<\/div>\n<\/div>\n<div style=\"clear: both; display: block; margin: 10px 0;\">\n","protected":false},"excerpt":{"rendered":"<p>2x Opona zimowa GoodYear ULTRAGRIP PERFORMANCE + SUV 255\/55R20 110V XL<\/p>\n<p>Marka: GoodYear<\/p>\n<p>Liczba opon w ofercie: 2 szt.<\/p>\n<p>Sezon: Zimowe<\/p>\n<p>Model: UltraGrip Performance + SUV<\/p>\n<p>Szeroko\u015b\u0107: 255<\/p>\n<p>Profil: 55<\/p>\n<p>\u015arednica: 20<\/p>\n","protected":false},"featured_media":10762,"template":"","meta":{"_uag_custom_page_level_css":""},"product_brand":[437],"product_cat":[414,413,412,415],"product_tag":[],"class_list":{"0":"post-10760","1":"product","2":"type-product","3":"status-publish","4":"has-post-thumbnail","6":"product_brand-goodyear","7":"product_cat-do-samochodow-osobowych-i-suv","8":"product_cat-opony","9":"product_cat-opony-i-felgi","10":"product_cat-zimowe","12":"first","13":"instock","14":"sale","15":"shipping-taxable","16":"purchasable","17":"product-type-simple"},"uagb_featured_image_src":{"full":["https:\/\/oponixo.shop\/tire\/wp-content\/uploads\/2025\/12\/allegro-image-10760.jpg",500,500,false],"thumbnail":["https:\/\/oponixo.shop\/tire\/wp-content\/uploads\/2025\/12\/allegro-image-10760-150x150.jpg",150,150,true],"medium":["https:\/\/oponixo.shop\/tire\/wp-content\/uploads\/2025\/12\/allegro-image-10760-300x300.jpg",300,300,true],"medium_large":["https:\/\/oponixo.shop\/tire\/wp-content\/uploads\/2025\/12\/allegro-image-10760.jpg",500,500,false],"large":["https:\/\/oponixo.shop\/tire\/wp-content\/uploads\/2025\/12\/allegro-image-10760.jpg",500,500,false],"1536x1536":["https:\/\/oponixo.shop\/tire\/wp-content\/uploads\/2025\/12\/allegro-image-10760.jpg",500,500,false],"2048x2048":["https:\/\/oponixo.shop\/tire\/wp-content\/uploads\/2025\/12\/allegro-image-10760.jpg",500,500,false],"woocommerce_thumbnail":["https:\/\/oponixo.shop\/tire\/wp-content\/uploads\/2025\/12\/allegro-image-10760-300x300.jpg",300,300,true],"woocommerce_single":["https:\/\/oponixo.shop\/tire\/wp-content\/uploads\/2025\/12\/allegro-image-10760.jpg",500,500,false],"woocommerce_gallery_thumbnail":["https:\/\/oponixo.shop\/tire\/wp-content\/uploads\/2025\/12\/allegro-image-10760-100x100.jpg",100,100,true]},"uagb_author_info":{"display_name":"admin","author_link":"https:\/\/oponixo.shop\/tire\/author\/"},"uagb_comment_info":0,"uagb_excerpt":"2x Opona zimowa GoodYear ULTRAGRIP PERFORMANCE + SUV 255\/55R20 110V XL Marka: GoodYear Liczba opon w ofercie: 2 szt. Sezon: Zimowe Model: UltraGrip Performance + SUV Szeroko\u015b\u0107: 255 Profil: 55 \u015arednica: 20","_links":{"self":[{"href":"https:\/\/oponixo.shop\/tire\/wp-json\/wp\/v2\/product\/10760","targetHints":{"allow":["GET"]}}],"collection":[{"href":"https:\/\/oponixo.shop\/tire\/wp-json\/wp\/v2\/product"}],"about":[{"href":"https:\/\/oponixo.shop\/tire\/wp-json\/wp\/v2\/types\/product"}],"wp:featuredmedia":[{"embeddable":true,"href":"https:\/\/oponixo.shop\/tire\/wp-json\/wp\/v2\/media\/10762"}],"wp:attachment":[{"href":"https:\/\/oponixo.shop\/tire\/wp-json\/wp\/v2\/media?parent=10760"}],"wp:term":[{"taxonomy":"product_brand","embeddable":true,"href":"https:\/\/oponixo.shop\/tire\/wp-json\/wp\/v2\/product_brand?post=10760"},{"taxonomy":"product_cat","embeddable":true,"href":"https:\/\/oponixo.shop\/tire\/wp-json\/wp\/v2\/product_cat?post=10760"},{"taxonomy":"product_tag","embeddable":true,"href":"https:\/\/oponixo.shop\/tire\/wp-json\/wp\/v2\/product_tag?post=10760"}],"curies":[{"name":"wp","href":"https:\/\/api.w.org\/{rel}","templated":true}]}}