{"id":10770,"date":"2025-12-31T03:31:29","date_gmt":"2025-12-31T03:31:29","guid":{"rendered":"https:\/\/oponyexpert.shop\/xef5\/produkt\/2x-tracmax-x-privilo-s130-225-60r16-102h-xl\/"},"modified":"2025-12-31T03:31:29","modified_gmt":"2025-12-31T03:31:29","slug":"2x-tracmax-x-privilo-s130-225-60r16-102h-xl","status":"publish","type":"product","link":"https:\/\/oponixo.shop\/tire\/produkt\/2x-tracmax-x-privilo-s130-225-60r16-102h-xl\/","title":{"rendered":"2x Tracmax X-privilo S130 225\/60R16 102H XL"},"content":{"rendered":"<div style=\"font-family: Arial, sans-serif; line-height: 1.6; color: #333; padding: 20px; clear: both; display: block; width: 100%; float: none; position: static; overflow: hidden;\">\n<div style=\"clear: both; display: block; margin: 10px 0;\">\n<div style=\"clear: both; display: block; margin: 10px 0;\">\n<div style=\"clear: both; display: block; margin: 10px 0;\">\n<h1>Tracmax X-privilo S130 <\/h1>\n<h1>225\/60 R16 102H do 210 km\/h<\/h1>\n<h2>Kod produktu: 6958460917861<\/h2>\n<p style=\"margin: 15px 0; line-height: 1.8; clear: both; display: block; width: 100%; float: none; position: static;\">Tracmax X Privilo S130 to opona zimowa przeznaczona do samochod\u00f3w osobowych i SUV. Powsta\u0142a na bazie nowoczesnej mieszanki gumowej. Dzi\u0119ki czemu opona nie traci swoich w\u0142a\u015bciwo\u015bci nawet w niskich temperaturach. Kierunkowy bie\u017cnik sprawnie usuwa wod\u0119 oraz b\u0142oto po\u015bniegowe spod czo\u0142a opony zapobiegaj\u0105c wyst\u0119powaniu zjawiska aquaplaningu. Przek\u0142ada si\u0119 to na popraw\u0119 jako\u015bci prowadzenia i stabilizacje pojazdu w zakr\u0119tach. Opona doskonale t\u0142umi d\u017awi\u0119ki co przek\u0142ada si\u0119 na komfort akustyczny podczas podr\u00f3\u017cowania. Opona zosta\u0142a wyprodukowana w chi\u0144skiej fabryce. Wszystkie opony importowane z Chin, kt\u00f3re mamy w ofercie zanim trafi\u0105 do sprzeda\u017cy przechodz\u0105 bardzo rygorystyczne testy na wytrzyma\u0142o\u015b\u0107 oraz osi\u0105gi. Od wielu lat firma Tracmax inwestuje w najnowsze technologie oraz podnosi kwalifikacje swoich pracownik\u00f3w. Urz\u0105dzenia do produkcji opon zosta\u0142y zakupione i sprowadzone z Japonii, USA i Niemiec. Efektem tego jest regularny wzrost jako\u015bci opon tego producenta. Tracmax w Chinach postrzegany jest jako lider na rynku producent\u00f3w opon<\/p>\n<h2>Zakupione na tej aukcji opony mo\u017cesz odebra\u0107 i wymieni\u0107 w jednym z naszych serwis\u00f3w: MOTOHURT MARKI &#8211; MOTOHURT WOLA &#8211; MOTOHURT MOKOT\u00d3W<\/h2>\n<\/div>\n<\/div>\n<div style=\"clear: both; display: block; margin: 10px 0;\">\n<div style=\"clear: both; display: block; margin: 10px 0;\">\n<div  style=\"max-width:750px;max-height:1024px\">\n<div style=\"clear: both; display: block; margin: 10px 0;\">\n<div style=\"clear: both; width: 100%; display: block; margin: 20px 0; padding: 0; float: none; position: static; text-align: center;\"><img decoding=\"async\"  src=\"https:\/\/a.allegroimg.com\/original\/112a06\/0f053e35408d89659d77295a255f\/2x-Tracmax-X-privilo-S130-225-60R16-102H-XL\" srcset=\"https:\/\/a.allegroimg.com\/original\/112a06\/0f053e35408d89659d77295a255f\/2x-Tracmax-X-privilo-S130-225-60R16-102H-XL 263w,https:\/\/a.allegroimg.com\/original\/112a06\/0f053e35408d89659d77295a255f\/2x-Tracmax-X-privilo-S130-225-60R16-102H-XL 527w,https:\/\/a.allegroimg.com\/original\/112a06\/0f053e35408d89659d77295a255f\/2x-Tracmax-X-privilo-S130-225-60R16-102H-XL 750w,https:\/\/a.allegroimg.com\/original\/112a06\/0f053e35408d89659d77295a255f\/2x-Tracmax-X-privilo-S130-225-60R16-102H-XL 750w\" sizes=\"(min-width: 1200px) 560px, (min-width: 992px) 50vw, 100vw\" width=\"750px\" alt=\"2x Tracmax X-privilo S130 225\/60R16 102H XL\"\/ style=\"max-width: 100%; height: auto; display: block; margin: 0 auto;\"><\/div>\n<\/div>\n<\/div>\n<\/div>\n<\/div>\n<\/div>\n<div style=\"clear: both; display: block; margin: 10px 0;\">\n<div style=\"clear: both; display: block; margin: 10px 0;\">\n<div style=\"clear: both; display: block; margin: 10px 0;\">\n<div  style=\"max-width:212px;max-height:305px\">\n<div style=\"clear: both; display: block; margin: 10px 0;\">\n<div style=\"clear: both; width: 100%; display: block; margin: 20px 0; padding: 0; float: none; position: static; text-align: center;\"><img decoding=\"async\"  src=\"https:\/\/a.allegroimg.com\/original\/112eb2\/e6c7fc3a449d80b4ee2ead12135d\/2x-Tracmax-X-privilo-S130-225-60R16-102H-XL-Liczba-opon-w-ofercie-2-szt\" srcset=\"https:\/\/a.allegroimg.com\/original\/112eb2\/e6c7fc3a449d80b4ee2ead12135d\/2x-Tracmax-X-privilo-S130-225-60R16-102H-XL-Liczba-opon-w-ofercie-2-szt 212w,https:\/\/a.allegroimg.com\/original\/112eb2\/e6c7fc3a449d80b4ee2ead12135d\/2x-Tracmax-X-privilo-S130-225-60R16-102H-XL-Liczba-opon-w-ofercie-2-szt 212w\" sizes=\"(min-width: 1200px) 560px, (min-width: 992px) 50vw, 100vw\" width=\"212px\" alt=\"2x Tracmax X-privilo S130 225\/60R16 102H XL Liczba opon w ofercie 2 szt.\"\/ style=\"max-width: 100%; height: auto; display: block; margin: 0 auto;\"><\/div>\n<\/div>\n<\/div>\n<\/div>\n<\/div>\n<div style=\"clear: both; display: block; margin: 10px 0;\">\n<div style=\"clear: both; display: block; margin: 10px 0;\">\n<h2>Marka: Tracmax<\/h2>\n<h2>Liczba opon w ofercie: 2<\/h2>\n<h2>Rok produkcji: <\/h2>\n<h2>Szeroko\u015b\u0107 opony: 225 mm<\/h2>\n<h2>Profil opony: 60<\/h2>\n<h2>\u015arednica: 16<\/h2>\n<h2>Indeks no\u015bno\u015bci: 102<\/h2>\n<h2>Indeks pr\u0119dko\u015bci: H do 210 km\/h<\/h2>\n<h2>Op\u00f3r toczenia: Klasa C<\/h2>\n<h2>Przyczepno\u015b\u0107 na mokrej nawierzchni: Klasa B<\/h2>\n<h2>Ha\u0142as zewn\u0119trzny: 70 dB<\/h2>\n<h2>Kod producenta: S130R1619<\/h2>\n<h2>Sezon: Zimowe<\/h2>\n<\/div>\n<\/div>\n<\/div>\n<\/div>\n<\/div>\n<\/div>\n<div style=\"clear: both; display: block; margin: 10px 0;\">\n","protected":false},"excerpt":{"rendered":"<p>Tracmax X-privilo S130<\/p>\n<p>225\/60 R16 102H do 210 km\/h<\/p>\n<p>Kod produktu: 6958460917861<\/p>\n","protected":false},"featured_media":10773,"template":"","meta":{"_uag_custom_page_level_css":""},"product_brand":[393],"product_cat":[414,413,412,415],"product_tag":[],"class_list":{"0":"post-10770","1":"product","2":"type-product","3":"status-publish","4":"has-post-thumbnail","6":"product_brand-tracmax","7":"product_cat-do-samochodow-osobowych-i-suv","8":"product_cat-opony","9":"product_cat-opony-i-felgi","10":"product_cat-zimowe","12":"first","13":"instock","14":"sale","15":"shipping-taxable","16":"purchasable","17":"product-type-simple"},"uagb_featured_image_src":{"full":["https:\/\/oponixo.shop\/tire\/wp-content\/uploads\/2025\/12\/allegro-image-10770.jpg",750,1024,false],"thumbnail":["https:\/\/oponixo.shop\/tire\/wp-content\/uploads\/2025\/12\/allegro-image-10770-150x150.jpg",150,150,true],"medium":["https:\/\/oponixo.shop\/tire\/wp-content\/uploads\/2025\/12\/allegro-image-10770-220x300.jpg",220,300,true],"medium_large":["https:\/\/oponixo.shop\/tire\/wp-content\/uploads\/2025\/12\/allegro-image-10770.jpg",750,1024,false],"large":["https:\/\/oponixo.shop\/tire\/wp-content\/uploads\/2025\/12\/allegro-image-10770.jpg",750,1024,false],"1536x1536":["https:\/\/oponixo.shop\/tire\/wp-content\/uploads\/2025\/12\/allegro-image-10770.jpg",750,1024,false],"2048x2048":["https:\/\/oponixo.shop\/tire\/wp-content\/uploads\/2025\/12\/allegro-image-10770.jpg",750,1024,false],"woocommerce_thumbnail":["https:\/\/oponixo.shop\/tire\/wp-content\/uploads\/2025\/12\/allegro-image-10770-300x300.jpg",300,300,true],"woocommerce_single":["https:\/\/oponixo.shop\/tire\/wp-content\/uploads\/2025\/12\/allegro-image-10770-600x819.jpg",600,819,true],"woocommerce_gallery_thumbnail":["https:\/\/oponixo.shop\/tire\/wp-content\/uploads\/2025\/12\/allegro-image-10770-100x100.jpg",100,100,true]},"uagb_author_info":{"display_name":"admin","author_link":"https:\/\/oponixo.shop\/tire\/author\/"},"uagb_comment_info":0,"uagb_excerpt":"Tracmax X-privilo S130 225\/60 R16 102H do 210 km\/h Kod produktu: 6958460917861","_links":{"self":[{"href":"https:\/\/oponixo.shop\/tire\/wp-json\/wp\/v2\/product\/10770","targetHints":{"allow":["GET"]}}],"collection":[{"href":"https:\/\/oponixo.shop\/tire\/wp-json\/wp\/v2\/product"}],"about":[{"href":"https:\/\/oponixo.shop\/tire\/wp-json\/wp\/v2\/types\/product"}],"wp:featuredmedia":[{"embeddable":true,"href":"https:\/\/oponixo.shop\/tire\/wp-json\/wp\/v2\/media\/10773"}],"wp:attachment":[{"href":"https:\/\/oponixo.shop\/tire\/wp-json\/wp\/v2\/media?parent=10770"}],"wp:term":[{"taxonomy":"product_brand","embeddable":true,"href":"https:\/\/oponixo.shop\/tire\/wp-json\/wp\/v2\/product_brand?post=10770"},{"taxonomy":"product_cat","embeddable":true,"href":"https:\/\/oponixo.shop\/tire\/wp-json\/wp\/v2\/product_cat?post=10770"},{"taxonomy":"product_tag","embeddable":true,"href":"https:\/\/oponixo.shop\/tire\/wp-json\/wp\/v2\/product_tag?post=10770"}],"curies":[{"name":"wp","href":"https:\/\/api.w.org\/{rel}","templated":true}]}}