{"id":10778,"date":"2025-12-31T03:31:30","date_gmt":"2025-12-31T03:31:30","guid":{"rendered":"https:\/\/oponyexpert.shop\/xef5\/produkt\/2x-nexen-winguard-sport-225-60r16-102v-xl-z585a\/"},"modified":"2025-12-31T03:31:30","modified_gmt":"2025-12-31T03:31:30","slug":"2x-nexen-winguard-sport-225-60r16-102v-xl-z585a","status":"publish","type":"product","link":"https:\/\/oponixo.shop\/tire\/produkt\/2x-nexen-winguard-sport-225-60r16-102v-xl-z585a\/","title":{"rendered":"2x Nexen Winguard Sport 225\/60R16 102V XL Z585A"},"content":{"rendered":"<div style=\"font-family: Arial, sans-serif; line-height: 1.6; color: #333; padding: 20px; clear: both; display: block; width: 100%; float: none; position: static; overflow: hidden;\">\n<div style=\"clear: both; display: block; margin: 10px 0;\">\n<div style=\"clear: both; display: block; margin: 10px 0;\">\n<div style=\"clear: both; display: block; margin: 10px 0;\">\n<h1>Nexen Winguard Sport<\/h1>\n<p style=\"margin: 15px 0; line-height: 1.8; clear: both; display: block; width: 100%; float: none; position: static;\">SZEROKO\u015a\u0106 OPONY &#8211; 225<\/p>\n<p style=\"margin: 15px 0; line-height: 1.8; clear: both; display: block; width: 100%; float: none; position: static;\">WYSOKO\u015a\u0106 OPONY &#8211; 60<\/p>\n<p style=\"margin: 15px 0; line-height: 1.8; clear: both; display: block; width: 100%; float: none; position: static;\">\u015aREDNICA &#8211; 16<\/p>\n<p style=\"margin: 15px 0; line-height: 1.8; clear: both; display: block; width: 100%; float: none; position: static;\">ROCZNIK &#8211; 2020<\/p>\n<p style=\"margin: 15px 0; line-height: 1.8; clear: both; display: block; width: 100%; float: none; position: static;\">MAGAZYN &#8211; Z585A<\/p>\n<\/div>\n<\/div>\n<div style=\"clear: both; display: block; margin: 10px 0;\">\n<div style=\"clear: both; display: block; margin: 10px 0;\">\n<div  style=\"max-width:685px;max-height:1024px\">\n<div style=\"clear: both; display: block; margin: 10px 0;\">\n<div style=\"clear: both; width: 100%; display: block; margin: 20px 0; padding: 0; float: none; position: static; text-align: center;\"><img decoding=\"async\"  src=\"https:\/\/a.allegroimg.com\/original\/11da60\/53dc81a744439eeff2e453886d9d\/2x-Nexen-Winguard-Sport-225-60R16-102V-XL-Z585A-Liczba-opon-w-ofercie-2-szt\" srcset=\"https:\/\/a.allegroimg.com\/original\/11da60\/53dc81a744439eeff2e453886d9d\/2x-Nexen-Winguard-Sport-225-60R16-102V-XL-Z585A-Liczba-opon-w-ofercie-2-szt 240w,https:\/\/a.allegroimg.com\/original\/11da60\/53dc81a744439eeff2e453886d9d\/2x-Nexen-Winguard-Sport-225-60R16-102V-XL-Z585A-Liczba-opon-w-ofercie-2-szt 481w,https:\/\/a.allegroimg.com\/original\/11da60\/53dc81a744439eeff2e453886d9d\/2x-Nexen-Winguard-Sport-225-60R16-102V-XL-Z585A-Liczba-opon-w-ofercie-2-szt 685w,https:\/\/a.allegroimg.com\/original\/11da60\/53dc81a744439eeff2e453886d9d\/2x-Nexen-Winguard-Sport-225-60R16-102V-XL-Z585A-Liczba-opon-w-ofercie-2-szt 685w\" sizes=\"(min-width: 1200px) 560px, (min-width: 992px) 50vw, 100vw\" width=\"685px\" alt=\"2x Nexen Winguard Sport 225\/60R16 102V XL Z585A Liczba opon w ofercie 2 szt.\"\/ style=\"max-width: 100%; height: auto; display: block; margin: 0 auto;\"><\/div>\n<\/div>\n<\/div>\n<\/div>\n<\/div>\n<\/div>\n<div style=\"clear: both; display: block; margin: 10px 0;\">\n<div style=\"clear: both; display: block; margin: 10px 0;\">\n<div style=\"clear: both; display: block; margin: 10px 0;\">\n<div  style=\"max-width:320px;max-height:230px\">\n<div style=\"clear: both; display: block; margin: 10px 0;\">\n<div style=\"clear: both; width: 100%; display: block; margin: 20px 0; padding: 0; float: none; position: static; text-align: center;\"><img decoding=\"async\"  src=\"https:\/\/a.allegroimg.com\/original\/1105e8\/537a2eb14c419f61b86cf8632715\/2x-Nexen-Winguard-Sport-225-60R16-102V-XL-Z585A-Kod-EPREL-664994\" srcset=\"https:\/\/a.allegroimg.com\/original\/1105e8\/537a2eb14c419f61b86cf8632715\/2x-Nexen-Winguard-Sport-225-60R16-102V-XL-Z585A-Kod-EPREL-664994 320w,https:\/\/a.allegroimg.com\/original\/1105e8\/537a2eb14c419f61b86cf8632715\/2x-Nexen-Winguard-Sport-225-60R16-102V-XL-Z585A-Kod-EPREL-664994 320w\" sizes=\"100vw\" width=\"320px\" alt=\"2x Nexen Winguard Sport 225\/60R16 102V XL Z585A Kod EPREL 664994\"\/ style=\"max-width: 100%; height: auto; display: block; margin: 0 auto;\"><\/div>\n<\/div>\n<\/div>\n<\/div>\n<\/div>\n<\/div>\n<div style=\"clear: both; display: block; margin: 10px 0;\">\n<div style=\"clear: both; display: block; margin: 10px 0;\">\n<div style=\"clear: both; display: block; margin: 10px 0;\">\n<div  style=\"max-width:1715px;max-height:2560px\">\n<div style=\"clear: both; display: block; margin: 10px 0;\">\n<div style=\"clear: both; width: 100%; display: block; margin: 20px 0; padding: 0; float: none; position: static; text-align: center;\"><img decoding=\"async\"  src=\"https:\/\/a.allegroimg.com\/original\/119252\/0cf1a3914fed8096fb5f29163262\/2x-Nexen-Winguard-Sport-225-60R16-102V-XL-Z585A-Rok-produkcji-2020\" srcset=\"https:\/\/a.allegroimg.com\/original\/119252\/0cf1a3914fed8096fb5f29163262\/2x-Nexen-Winguard-Sport-225-60R16-102V-XL-Z585A-Rok-produkcji-2020 241w,https:\/\/a.allegroimg.com\/original\/119252\/0cf1a3914fed8096fb5f29163262\/2x-Nexen-Winguard-Sport-225-60R16-102V-XL-Z585A-Rok-produkcji-2020 482w,https:\/\/a.allegroimg.com\/original\/119252\/0cf1a3914fed8096fb5f29163262\/2x-Nexen-Winguard-Sport-225-60R16-102V-XL-Z585A-Rok-produkcji-2020 686w,https:\/\/a.allegroimg.com\/original\/119252\/0cf1a3914fed8096fb5f29163262\/2x-Nexen-Winguard-Sport-225-60R16-102V-XL-Z585A-Rok-produkcji-2020 964w,https:\/\/a.allegroimg.com\/original\/119252\/0cf1a3914fed8096fb5f29163262\/2x-Nexen-Winguard-Sport-225-60R16-102V-XL-Z585A-Rok-produkcji-2020 1715w\" sizes=\"100vw\" width=\"1715px\" alt=\"2x Nexen Winguard Sport 225\/60R16 102V XL Z585A Rok produkcji 2020\"\/ style=\"max-width: 100%; height: auto; display: block; margin: 0 auto;\"><\/div>\n<\/div>\n<\/div>\n<\/div>\n<\/div>\n<\/div>\n<div style=\"clear: both; display: block; margin: 10px 0;\">\n<div style=\"clear: both; display: block; margin: 10px 0;\">\n<div style=\"clear: both; display: block; margin: 10px 0;\">\n<div  style=\"max-width:567px;max-height:1024px\">\n<div style=\"clear: both; display: block; margin: 10px 0;\">\n<div style=\"clear: both; width: 100%; display: block; margin: 20px 0; padding: 0; float: none; position: static; text-align: center;\"><img decoding=\"async\"  src=\"https:\/\/a.allegroimg.com\/original\/117055\/9a6a085b4862a3cd310e68abcac3\/2x-Nexen-Winguard-Sport-225-60R16-102V-XL-Z585A-Marka-Nexen\" srcset=\"https:\/\/a.allegroimg.com\/original\/117055\/9a6a085b4862a3cd310e68abcac3\/2x-Nexen-Winguard-Sport-225-60R16-102V-XL-Z585A-Marka-Nexen 199w,https:\/\/a.allegroimg.com\/original\/117055\/9a6a085b4862a3cd310e68abcac3\/2x-Nexen-Winguard-Sport-225-60R16-102V-XL-Z585A-Marka-Nexen 398w,https:\/\/a.allegroimg.com\/original\/117055\/9a6a085b4862a3cd310e68abcac3\/2x-Nexen-Winguard-Sport-225-60R16-102V-XL-Z585A-Marka-Nexen 567w,https:\/\/a.allegroimg.com\/original\/117055\/9a6a085b4862a3cd310e68abcac3\/2x-Nexen-Winguard-Sport-225-60R16-102V-XL-Z585A-Marka-Nexen 567w\" sizes=\"(min-width: 1200px) 560px, (min-width: 992px) 50vw, 100vw\" width=\"567px\" alt=\"2x Nexen Winguard Sport 225\/60R16 102V XL Z585A Marka Nexen\"\/ style=\"max-width: 100%; height: auto; display: block; margin: 0 auto;\"><\/div>\n<\/div>\n<\/div>\n<\/div>\n<\/div>\n<div style=\"clear: both; display: block; margin: 10px 0;\">\n<div style=\"clear: both; display: block; margin: 10px 0;\">\n<div  style=\"max-width:636px;max-height:1024px\">\n<div style=\"clear: both; display: block; margin: 10px 0;\">\n<div style=\"clear: both; width: 100%; display: block; margin: 20px 0; padding: 0; float: none; position: static; text-align: center;\"><img decoding=\"async\"  src=\"https:\/\/a.allegroimg.com\/original\/11e3ca\/2d37b9404c1fa6a9ce68077c272a\/2x-Nexen-Winguard-Sport-225-60R16-102V-XL-Z585A-Model-Winguard-Sport-2\" srcset=\"https:\/\/a.allegroimg.com\/original\/11e3ca\/2d37b9404c1fa6a9ce68077c272a\/2x-Nexen-Winguard-Sport-225-60R16-102V-XL-Z585A-Model-Winguard-Sport-2 223w,https:\/\/a.allegroimg.com\/original\/11e3ca\/2d37b9404c1fa6a9ce68077c272a\/2x-Nexen-Winguard-Sport-225-60R16-102V-XL-Z585A-Model-Winguard-Sport-2 447w,https:\/\/a.allegroimg.com\/original\/11e3ca\/2d37b9404c1fa6a9ce68077c272a\/2x-Nexen-Winguard-Sport-225-60R16-102V-XL-Z585A-Model-Winguard-Sport-2 636w,https:\/\/a.allegroimg.com\/original\/11e3ca\/2d37b9404c1fa6a9ce68077c272a\/2x-Nexen-Winguard-Sport-225-60R16-102V-XL-Z585A-Model-Winguard-Sport-2 636w\" sizes=\"(min-width: 1200px) 560px, (min-width: 992px) 50vw, 100vw\" width=\"636px\" alt=\"2x Nexen Winguard Sport 225\/60R16 102V XL Z585A Model Winguard Sport 2\"\/ style=\"max-width: 100%; height: auto; display: block; margin: 0 auto;\"><\/div>\n<\/div>\n<\/div>\n<\/div>\n<\/div>\n<\/div>\n<div style=\"clear: both; display: block; margin: 10px 0;\">\n<div style=\"clear: both; display: block; margin: 10px 0;\">\n<div style=\"clear: both; display: block; margin: 10px 0;\">\n<div  style=\"max-width:1440px;max-height:810px\">\n<div style=\"clear: both; display: block; margin: 10px 0;\">\n<div style=\"clear: both; width: 100%; display: block; margin: 20px 0; padding: 0; float: none; position: static; text-align: center;\"><img decoding=\"async\"  src=\"https:\/\/a.allegroimg.com\/original\/118b41\/a69a11c0487fa5bbf3e78e2b4e69\/2x-Nexen-Winguard-Sport-225-60R16-102V-XL-Z585A-Kod-producenta-17742\" srcset=\"https:\/\/a.allegroimg.com\/original\/118b41\/a69a11c0487fa5bbf3e78e2b4e69\/2x-Nexen-Winguard-Sport-225-60R16-102V-XL-Z585A-Kod-producenta-17742 360w,https:\/\/a.allegroimg.com\/original\/118b41\/a69a11c0487fa5bbf3e78e2b4e69\/2x-Nexen-Winguard-Sport-225-60R16-102V-XL-Z585A-Kod-producenta-17742 720w,https:\/\/a.allegroimg.com\/original\/118b41\/a69a11c0487fa5bbf3e78e2b4e69\/2x-Nexen-Winguard-Sport-225-60R16-102V-XL-Z585A-Kod-producenta-17742 1024w,https:\/\/a.allegroimg.com\/original\/118b41\/a69a11c0487fa5bbf3e78e2b4e69\/2x-Nexen-Winguard-Sport-225-60R16-102V-XL-Z585A-Kod-producenta-17742 1440w,https:\/\/a.allegroimg.com\/original\/118b41\/a69a11c0487fa5bbf3e78e2b4e69\/2x-Nexen-Winguard-Sport-225-60R16-102V-XL-Z585A-Kod-producenta-17742 1440w\" sizes=\"100vw\" width=\"1440px\" alt=\"2x Nexen Winguard Sport 225\/60R16 102V XL Z585A Kod producenta 17742\"\/ style=\"max-width: 100%; height: auto; display: block; margin: 0 auto;\"><\/div>\n<\/div>\n<\/div>\n<\/div>\n<\/div>\n<\/div>\n<div style=\"clear: both; display: block; margin: 10px 0;\">\n<div style=\"clear: both; display: block; margin: 10px 0;\">\n<div style=\"clear: both; display: block; margin: 10px 0;\">\n<div  style=\"max-width:720px;max-height:282px\">\n<div style=\"clear: both; display: block; margin: 10px 0;\">\n<div style=\"clear: both; width: 100%; display: block; margin: 20px 0; padding: 0; float: none; position: static; text-align: center;\"><img decoding=\"async\"  src=\"https:\/\/a.allegroimg.com\/original\/116893\/b27273bb4f94b65d670630985015\/2x-Nexen-Winguard-Sport-225-60R16-102V-XL-Z585A-Klasa-srednia\" srcset=\"https:\/\/a.allegroimg.com\/original\/116893\/b27273bb4f94b65d670630985015\/2x-Nexen-Winguard-Sport-225-60R16-102V-XL-Z585A-Klasa-srednia 360w,https:\/\/a.allegroimg.com\/original\/116893\/b27273bb4f94b65d670630985015\/2x-Nexen-Winguard-Sport-225-60R16-102V-XL-Z585A-Klasa-srednia 720w,https:\/\/a.allegroimg.com\/original\/116893\/b27273bb4f94b65d670630985015\/2x-Nexen-Winguard-Sport-225-60R16-102V-XL-Z585A-Klasa-srednia 720w\" sizes=\"(min-width: 1200px) 560px, (min-width: 992px) 50vw, 100vw\" width=\"720px\" alt=\"2x Nexen Winguard Sport 225\/60R16 102V XL Z585A Klasa \u015brednia\"\/ style=\"max-width: 100%; height: auto; display: block; margin: 0 auto;\"><\/div>\n<\/div>\n<\/div>\n<\/div>\n<\/div>\n<div style=\"clear: both; display: block; margin: 10px 0;\">\n<div style=\"clear: both; display: block; margin: 10px 0;\">\n<div  style=\"max-width:720px;max-height:258px\">\n<div style=\"clear: both; display: block; margin: 10px 0;\">\n<div style=\"clear: both; width: 100%; display: block; margin: 20px 0; padding: 0; float: none; position: static; text-align: center;\"><img decoding=\"async\"  src=\"https:\/\/a.allegroimg.com\/original\/111496\/a4c0a1d74579b6676fcc5fc74052\/2x-Nexen-Winguard-Sport-225-60R16-102V-XL-Z585A-Srednica-16\" srcset=\"https:\/\/a.allegroimg.com\/original\/111496\/a4c0a1d74579b6676fcc5fc74052\/2x-Nexen-Winguard-Sport-225-60R16-102V-XL-Z585A-Srednica-16 360w,https:\/\/a.allegroimg.com\/original\/111496\/a4c0a1d74579b6676fcc5fc74052\/2x-Nexen-Winguard-Sport-225-60R16-102V-XL-Z585A-Srednica-16 720w,https:\/\/a.allegroimg.com\/original\/111496\/a4c0a1d74579b6676fcc5fc74052\/2x-Nexen-Winguard-Sport-225-60R16-102V-XL-Z585A-Srednica-16 720w\" sizes=\"(min-width: 1200px) 560px, (min-width: 992px) 50vw, 100vw\" width=\"720px\" alt=\"2x Nexen Winguard Sport 225\/60R16 102V XL Z585A \u015arednica 16&quot;\"\/ style=\"max-width: 100%; height: auto; display: block; margin: 0 auto;\"><\/div>\n<\/div>\n<\/div>\n<\/div>\n<\/div>\n<\/div>\n<div style=\"clear: both; display: block; margin: 10px 0;\">\n<div style=\"clear: both; display: block; margin: 10px 0;\">\n<div style=\"clear: both; display: block; margin: 10px 0;\">\n<div  style=\"max-width:720px;max-height:327px\">\n<div style=\"clear: both; display: block; margin: 10px 0;\">\n<div style=\"clear: both; width: 100%; display: block; margin: 20px 0; padding: 0; float: none; position: static; text-align: center;\"><img decoding=\"async\"  src=\"https:\/\/a.allegroimg.com\/original\/11c6a1\/e7511bdd43dda2f12e2ced690911\/2x-Nexen-Winguard-Sport-225-60R16-102V-XL-Z585A-Szerokosc-opony-225-mm\" srcset=\"https:\/\/a.allegroimg.com\/original\/11c6a1\/e7511bdd43dda2f12e2ced690911\/2x-Nexen-Winguard-Sport-225-60R16-102V-XL-Z585A-Szerokosc-opony-225-mm 360w,https:\/\/a.allegroimg.com\/original\/11c6a1\/e7511bdd43dda2f12e2ced690911\/2x-Nexen-Winguard-Sport-225-60R16-102V-XL-Z585A-Szerokosc-opony-225-mm 720w,https:\/\/a.allegroimg.com\/original\/11c6a1\/e7511bdd43dda2f12e2ced690911\/2x-Nexen-Winguard-Sport-225-60R16-102V-XL-Z585A-Szerokosc-opony-225-mm 720w\" sizes=\"(min-width: 1200px) 560px, (min-width: 992px) 50vw, 100vw\" width=\"720px\" alt=\"2x Nexen Winguard Sport 225\/60R16 102V XL Z585A Szeroko\u015b\u0107 opony 225 mm\"\/ style=\"max-width: 100%; height: auto; display: block; margin: 0 auto;\"><\/div>\n<\/div>\n<\/div>\n<\/div>\n<\/div>\n<div style=\"clear: both; display: block; margin: 10px 0;\">\n<div style=\"clear: both; display: block; margin: 10px 0;\">\n<div  style=\"max-width:720px;max-height:404px\">\n<div style=\"clear: both; display: block; margin: 10px 0;\">\n<div style=\"clear: both; width: 100%; display: block; margin: 20px 0; padding: 0; float: none; position: static; text-align: center;\"><img decoding=\"async\"  src=\"https:\/\/a.allegroimg.com\/original\/112ae8\/e5f8d3874342909d79a3cf5d7d86\/2x-Nexen-Winguard-Sport-225-60R16-102V-XL-Z585A-Profil-opony-60\" srcset=\"https:\/\/a.allegroimg.com\/original\/112ae8\/e5f8d3874342909d79a3cf5d7d86\/2x-Nexen-Winguard-Sport-225-60R16-102V-XL-Z585A-Profil-opony-60 360w,https:\/\/a.allegroimg.com\/original\/112ae8\/e5f8d3874342909d79a3cf5d7d86\/2x-Nexen-Winguard-Sport-225-60R16-102V-XL-Z585A-Profil-opony-60 720w,https:\/\/a.allegroimg.com\/original\/112ae8\/e5f8d3874342909d79a3cf5d7d86\/2x-Nexen-Winguard-Sport-225-60R16-102V-XL-Z585A-Profil-opony-60 720w\" sizes=\"(min-width: 1200px) 560px, (min-width: 992px) 50vw, 100vw\" width=\"720px\" alt=\"2x Nexen Winguard Sport 225\/60R16 102V XL Z585A Profil opony 60\"\/ style=\"max-width: 100%; height: auto; display: block; margin: 0 auto;\"><\/div>\n<\/div>\n<\/div>\n<\/div>\n<\/div>\n<\/div>\n<div style=\"clear: both; display: block; margin: 10px 0;\">\n<div style=\"clear: both; display: block; margin: 10px 0;\">\n<div style=\"clear: both; display: block; margin: 10px 0;\">\n<div  style=\"max-width:320px;max-height:230px\">\n<div style=\"clear: both; display: block; margin: 10px 0;\">\n<div style=\"clear: both; width: 100%; display: block; margin: 20px 0; padding: 0; float: none; position: static; text-align: center;\"><img decoding=\"async\"  src=\"https:\/\/a.allegroimg.com\/original\/1105e8\/537a2eb14c419f61b86cf8632715\/2x-Nexen-Winguard-Sport-225-60R16-102V-XL-Z585A-Kod-EPREL-664994\" srcset=\"https:\/\/a.allegroimg.com\/original\/1105e8\/537a2eb14c419f61b86cf8632715\/2x-Nexen-Winguard-Sport-225-60R16-102V-XL-Z585A-Kod-EPREL-664994 320w,https:\/\/a.allegroimg.com\/original\/1105e8\/537a2eb14c419f61b86cf8632715\/2x-Nexen-Winguard-Sport-225-60R16-102V-XL-Z585A-Kod-EPREL-664994 320w\" sizes=\"100vw\" width=\"320px\" alt=\"2x Nexen Winguard Sport 225\/60R16 102V XL Z585A Kod EPREL 664994\"\/ style=\"max-width: 100%; height: auto; display: block; margin: 0 auto;\"><\/div>\n<\/div>\n<\/div>\n<\/div>\n<\/div>\n<\/div>\n<\/div>\n<\/div>\n<\/div>\n<div style=\"clear: both; display: block; margin: 10px 0;\">\n","protected":false},"excerpt":{"rendered":"<p>Nexen Winguard Sport<\/p>\n<p>SZEROKO\u015a\u0106 OPONY &#8211; 225<\/p>\n<p>WYSOKO\u015a\u0106 OPONY &#8211; 60<\/p>\n<p>\u015aREDNICA &#8211; 16<\/p>\n<p>ROCZNIK &#8211; 2020<\/p>\n<p>MAGAZYN &#8211; Z585A<\/p>\n","protected":false},"featured_media":10781,"template":"","meta":{"_uag_custom_page_level_css":""},"product_brand":[392],"product_cat":[414,413,412,415],"product_tag":[],"class_list":{"0":"post-10778","1":"product","2":"type-product","3":"status-publish","4":"has-post-thumbnail","6":"product_brand-nexen","7":"product_cat-do-samochodow-osobowych-i-suv","8":"product_cat-opony","9":"product_cat-opony-i-felgi","10":"product_cat-zimowe","12":"first","13":"instock","14":"sale","15":"shipping-taxable","16":"purchasable","17":"product-type-simple"},"uagb_featured_image_src":{"full":["https:\/\/oponixo.shop\/tire\/wp-content\/uploads\/2025\/12\/allegro-image-10778.jpg",409,611,false],"thumbnail":["https:\/\/oponixo.shop\/tire\/wp-content\/uploads\/2025\/12\/allegro-image-10778-150x150.jpg",150,150,true],"medium":["https:\/\/oponixo.shop\/tire\/wp-content\/uploads\/2025\/12\/allegro-image-10778-201x300.jpg",201,300,true],"medium_large":["https:\/\/oponixo.shop\/tire\/wp-content\/uploads\/2025\/12\/allegro-image-10778.jpg",409,611,false],"large":["https:\/\/oponixo.shop\/tire\/wp-content\/uploads\/2025\/12\/allegro-image-10778.jpg",409,611,false],"1536x1536":["https:\/\/oponixo.shop\/tire\/wp-content\/uploads\/2025\/12\/allegro-image-10778.jpg",409,611,false],"2048x2048":["https:\/\/oponixo.shop\/tire\/wp-content\/uploads\/2025\/12\/allegro-image-10778.jpg",409,611,false],"woocommerce_thumbnail":["https:\/\/oponixo.shop\/tire\/wp-content\/uploads\/2025\/12\/allegro-image-10778-300x300.jpg",300,300,true],"woocommerce_single":["https:\/\/oponixo.shop\/tire\/wp-content\/uploads\/2025\/12\/allegro-image-10778.jpg",409,611,false],"woocommerce_gallery_thumbnail":["https:\/\/oponixo.shop\/tire\/wp-content\/uploads\/2025\/12\/allegro-image-10778-100x100.jpg",100,100,true]},"uagb_author_info":{"display_name":"admin","author_link":"https:\/\/oponixo.shop\/tire\/author\/"},"uagb_comment_info":0,"uagb_excerpt":"Nexen Winguard Sport SZEROKO\u015a\u0106 OPONY - 225 WYSOKO\u015a\u0106 OPONY - 60 \u015aREDNICA - 16 ROCZNIK - 2020 MAGAZYN - Z585A","_links":{"self":[{"href":"https:\/\/oponixo.shop\/tire\/wp-json\/wp\/v2\/product\/10778","targetHints":{"allow":["GET"]}}],"collection":[{"href":"https:\/\/oponixo.shop\/tire\/wp-json\/wp\/v2\/product"}],"about":[{"href":"https:\/\/oponixo.shop\/tire\/wp-json\/wp\/v2\/types\/product"}],"wp:featuredmedia":[{"embeddable":true,"href":"https:\/\/oponixo.shop\/tire\/wp-json\/wp\/v2\/media\/10781"}],"wp:attachment":[{"href":"https:\/\/oponixo.shop\/tire\/wp-json\/wp\/v2\/media?parent=10778"}],"wp:term":[{"taxonomy":"product_brand","embeddable":true,"href":"https:\/\/oponixo.shop\/tire\/wp-json\/wp\/v2\/product_brand?post=10778"},{"taxonomy":"product_cat","embeddable":true,"href":"https:\/\/oponixo.shop\/tire\/wp-json\/wp\/v2\/product_cat?post=10778"},{"taxonomy":"product_tag","embeddable":true,"href":"https:\/\/oponixo.shop\/tire\/wp-json\/wp\/v2\/product_tag?post=10778"}],"curies":[{"name":"wp","href":"https:\/\/api.w.org\/{rel}","templated":true}]}}