{"id":10845,"date":"2025-12-31T03:31:44","date_gmt":"2025-12-31T03:31:44","guid":{"rendered":"https:\/\/oponyexpert.shop\/xef5\/produkt\/2x-michelin-crossclimate-3-245-50r18-100w\/"},"modified":"2025-12-31T03:31:44","modified_gmt":"2025-12-31T03:31:44","slug":"2x-michelin-crossclimate-3-245-50r18-100w","status":"publish","type":"product","link":"https:\/\/oponixo.shop\/tire\/produkt\/2x-michelin-crossclimate-3-245-50r18-100w\/","title":{"rendered":"2x Michelin CROSSCLIMATE 3 245\/50R18 100W"},"content":{"rendered":"<div style=\"font-family: Arial, sans-serif; line-height: 1.6; color: #333; padding: 20px; clear: both; display: block; width: 100%; float: none; position: static; overflow: hidden;\">\n<div style=\"clear: both; display: block; margin: 10px 0;\">\n<div style=\"clear: both; display: block; margin: 10px 0;\">\n<div style=\"clear: both; display: block; margin: 10px 0;\">\n<h1>2x nowe opony caloroczne MICHELIN CROSSCLIMATE 3 245\/50R18 100W<\/h1>\n<p style=\"margin: 15px 0; line-height: 1.8; clear: both; display: block; width: 100%; float: none; position: static;\">Cechy produktu<\/p>\n<ul style=\"margin: 15px 0; padding-left: 20px; clear: both; display: block; width: 100%; float: none; position: static;\">\n<li style=\"margin: 5px 0; padding: 2px 0; clear: both; display: list-item; float: none; position: static;\">Marka: Michelin<\/li>\n<li style=\"margin: 5px 0; padding: 2px 0; clear: both; display: list-item; float: none; position: static;\">Model: CROSSCLIMATE 3<\/li>\n<li style=\"margin: 5px 0; padding: 2px 0; clear: both; display: list-item; float: none; position: static;\">Szeroko\u015b\u0107\/profil\/\u015brednica: 245\/50R18<\/li>\n<li style=\"margin: 5px 0; padding: 2px 0; clear: both; display: list-item; float: none; position: static;\">Indeks no\u015bno\u015bci: do 100 (800 kg na opon\u0119)<\/li>\n<li style=\"margin: 5px 0; padding: 2px 0; clear: both; display: list-item; float: none; position: static;\">Indeks pr\u0119dko\u015bci: W (do 270 km\/h)<\/li>\n<li style=\"margin: 5px 0; padding: 2px 0; clear: both; display: list-item; float: none; position: static;\">Sezon: caloroczne<\/li>\n<li style=\"margin: 5px 0; padding: 2px 0; clear: both; display: list-item; float: none; position: static;\">Typ pojazdu: osobowy<\/li>\n<li style=\"margin: 5px 0; padding: 2px 0; clear: both; display: list-item; float: none; position: static;\">Klasa energetyczna: C<\/li>\n<li style=\"margin: 5px 0; padding: 2px 0; clear: both; display: list-item; float: none; position: static;\">Klasa przyczepno\u015bci: B<\/li>\n<li style=\"margin: 5px 0; padding: 2px 0; clear: both; display: list-item; float: none; position: static;\">Poziom ha\u0142asu: 72<\/li>\n<li style=\"margin: 5px 0; padding: 2px 0; clear: both; display: list-item; float: none; position: static;\">Klasa ha\u0142asu: B<\/li>\n<li style=\"margin: 5px 0; padding: 2px 0; clear: both; display: list-item; float: none; position: static;\">Rok produkcji: 2025<\/li>\n<\/ul>\n<\/div>\n<\/div>\n<div style=\"clear: both; display: block; margin: 10px 0;\">\n<div style=\"clear: both; display: block; margin: 10px 0;\">\n<div  style=\"max-width:589px;max-height:800px\">\n<div style=\"clear: both; display: block; margin: 10px 0;\">\n<div style=\"clear: both; width: 100%; display: block; margin: 20px 0; padding: 0; float: none; position: static; text-align: center;\"><img decoding=\"async\"  src=\"https:\/\/a.allegroimg.com\/original\/11c964\/ff7703dc42b29fffe360d28f9bf6\/2x-Michelin-CROSSCLIMATE-3-245-50R18-100W\" srcset=\"https:\/\/a.allegroimg.com\/original\/11c964\/ff7703dc42b29fffe360d28f9bf6\/2x-Michelin-CROSSCLIMATE-3-245-50R18-100W 265w,https:\/\/a.allegroimg.com\/original\/11c964\/ff7703dc42b29fffe360d28f9bf6\/2x-Michelin-CROSSCLIMATE-3-245-50R18-100W 530w,https:\/\/a.allegroimg.com\/original\/11c964\/ff7703dc42b29fffe360d28f9bf6\/2x-Michelin-CROSSCLIMATE-3-245-50R18-100W 589w,https:\/\/a.allegroimg.com\/original\/11c964\/ff7703dc42b29fffe360d28f9bf6\/2x-Michelin-CROSSCLIMATE-3-245-50R18-100W 589w\" sizes=\"(min-width: 1200px) 560px, (min-width: 992px) 50vw, 100vw\" width=\"589px\" alt=\"2x Michelin CROSSCLIMATE 3 245\/50R18 100W\"\/ style=\"max-width: 100%; height: auto; display: block; margin: 0 auto;\"><\/div>\n<\/div>\n<\/div>\n<\/div>\n<\/div>\n<\/div>\n<div style=\"clear: both; display: block; margin: 10px 0;\">\n<div style=\"clear: both; display: block; margin: 10px 0;\">\n<div style=\"clear: both; display: block; margin: 10px 0;\">\n<div  style=\"max-width:212px;max-height:305px\">\n<div style=\"clear: both; display: block; margin: 10px 0;\">\n<div style=\"clear: both; width: 100%; display: block; margin: 20px 0; padding: 0; float: none; position: static; text-align: center;\"><img decoding=\"async\"  src=\"https:\/\/a.allegroimg.com\/original\/11ceb0\/88a108334c5fb8c81609d69630ae\/2x-Michelin-CROSSCLIMATE-3-245-50R18-100W-Liczba-opon-w-ofercie-2-szt\" srcset=\"https:\/\/a.allegroimg.com\/original\/11ceb0\/88a108334c5fb8c81609d69630ae\/2x-Michelin-CROSSCLIMATE-3-245-50R18-100W-Liczba-opon-w-ofercie-2-szt 212w,https:\/\/a.allegroimg.com\/original\/11ceb0\/88a108334c5fb8c81609d69630ae\/2x-Michelin-CROSSCLIMATE-3-245-50R18-100W-Liczba-opon-w-ofercie-2-szt 212w\" sizes=\"(min-width: 1200px) 560px, (min-width: 992px) 50vw, 100vw\" width=\"212px\" alt=\"2x Michelin CROSSCLIMATE 3 245\/50R18 100W Liczba opon w ofercie 2 szt.\"\/ style=\"max-width: 100%; height: auto; display: block; margin: 0 auto;\"><\/div>\n<\/div>\n<\/div>\n<\/div>\n<\/div>\n<div style=\"clear: both; display: block; margin: 10px 0;\">\n<div style=\"clear: both; display: block; margin: 10px 0;\">\n<div  style=\"max-width:584px;max-height:178px\">\n<div style=\"clear: both; display: block; margin: 10px 0;\">\n<div style=\"clear: both; width: 100%; display: block; margin: 20px 0; padding: 0; float: none; position: static; text-align: center;\"><img decoding=\"async\"  src=\"https:\/\/a.allegroimg.com\/original\/116743\/97daa8a74db2b463e54eb15bbb86\/2x-Michelin-CROSSCLIMATE-3-245-50R18-100W-Rok-produkcji-2025\" srcset=\"https:\/\/a.allegroimg.com\/original\/116743\/97daa8a74db2b463e54eb15bbb86\/2x-Michelin-CROSSCLIMATE-3-245-50R18-100W-Rok-produkcji-2025 360w,https:\/\/a.allegroimg.com\/original\/116743\/97daa8a74db2b463e54eb15bbb86\/2x-Michelin-CROSSCLIMATE-3-245-50R18-100W-Rok-produkcji-2025 584w,https:\/\/a.allegroimg.com\/original\/116743\/97daa8a74db2b463e54eb15bbb86\/2x-Michelin-CROSSCLIMATE-3-245-50R18-100W-Rok-produkcji-2025 584w\" sizes=\"(min-width: 1200px) 560px, (min-width: 992px) 50vw, 100vw\" width=\"584px\" alt=\"2x Michelin CROSSCLIMATE 3 245\/50R18 100W Rok produkcji 2025\"\/ style=\"max-width: 100%; height: auto; display: block; margin: 0 auto;\"><\/div>\n<\/div>\n<\/div>\n<\/div>\n<\/div>\n<\/div>\n<div style=\"clear: both; display: block; margin: 10px 0;\">\n<div style=\"clear: both; display: block; margin: 10px 0;\">\n<div style=\"clear: both; display: block; margin: 10px 0;\">\n<p style=\"margin: 15px 0; line-height: 1.8; clear: both; display: block; width: 100%; float: none; position: static;\">Michelin to najwi\u0119kszy w Europie i jeden z najwi\u0119kszych na \u015bwiecie producent opon. Jego siedziba znajduje si\u0119 w Clermont-Ferrand (Puy-de-D\u00f4me) we Francji. Michelin znany jest r\u00f3wnie\u017c z wydawanych przez siebie map i przewodnik\u00f3w (\u201eGuide Michelin\u201d) dla turyst\u00f3w zmotoryzowanych.<\/p>\n<p style=\"margin: 15px 0; line-height: 1.8; clear: both; display: block; width: 100%; float: none; position: static;\">Opony Michelin nale\u017c\u0105 do najwy\u017cszej klasy jako\u015bciowej i ciesz\u0105 si\u0119 uznaniem w ponad 170 krajach ca\u0142ego \u015bwiata. Grupa Michelin produkuje niespe\u0142na 200 milion\u00f3w opon rocznie w 68 zak\u0142adach produkcyjnych rozmieszczonych w 17 krajach, m.in. w Polsce (Olsztyn)<\/p>\n<p style=\"margin: 15px 0; line-height: 1.8; clear: both; display: block; width: 100%; float: none; position: static;\">W sk\u0142ad koncernu wchodz\u0105 nast\u0119puj\u0105ce marki:<\/p>\n<ul style=\"margin: 15px 0; padding-left: 20px; clear: both; display: block; width: 100%; float: none; position: static;\">\n<li style=\"margin: 5px 0; padding: 2px 0; clear: both; display: list-item; float: none; position: static;\">marka premium &#8211; <b>Michelin<\/b>,<\/li>\n<li style=\"margin: 5px 0; padding: 2px 0; clear: both; display: list-item; float: none; position: static;\">marki klasy \u015bredniej &#8211; <b>Kleber<\/b> i <b>BFGoodrich<\/b>,<\/li>\n<li style=\"margin: 5px 0; padding: 2px 0; clear: both; display: list-item; float: none; position: static;\">marki klasy bud\u017cet &#8211; <b>Riken<\/b>, <b>Taurus<\/b>, <b>Kormoran<\/b>, <b>Warrior<\/b> oraz <b>Tigar<\/b>.<\/li>\n<\/ul>\n<\/div>\n<\/div>\n<\/div>\n<\/div>\n<\/div>\n<\/div>\n<div style=\"clear: both; display: block; margin: 10px 0;\">\n","protected":false},"excerpt":{"rendered":"<p>2x nowe opony caloroczne MICHELIN CROSSCLIMATE 3 245\/50R18 100W<\/p>\n<p>Cechy produktu<\/p>\n<p>Marka: Michelin<\/p>\n<p>Model: CROSSCLIMATE 3<\/p>\n<p>Szeroko\u015b\u0107\/profil\/\u015brednica: 245\/50R18<\/p>\n<p>Indeks no\u015bno\u015bci: do 100 (800 kg na opon\u0119)<\/p>\n<p>Indeks pr\u0119dko\u015bci: W (do 270 km\/h)<\/p>\n<p>Sezon: caloroczne<\/p>\n","protected":false},"featured_media":10847,"template":"","meta":{"_uag_custom_page_level_css":""},"product_brand":[429],"product_cat":[416,414,413,412],"product_tag":[],"class_list":{"0":"post-10845","1":"product","2":"type-product","3":"status-publish","4":"has-post-thumbnail","6":"product_brand-michelin","7":"product_cat-caloroczne","8":"product_cat-do-samochodow-osobowych-i-suv","9":"product_cat-opony","10":"product_cat-opony-i-felgi","12":"first","13":"instock","14":"sale","15":"shipping-taxable","16":"purchasable","17":"product-type-simple"},"uagb_featured_image_src":{"full":["https:\/\/oponixo.shop\/tire\/wp-content\/uploads\/2025\/12\/allegro-image-10845.jpg",589,800,false],"thumbnail":["https:\/\/oponixo.shop\/tire\/wp-content\/uploads\/2025\/12\/allegro-image-10845-150x150.jpg",150,150,true],"medium":["https:\/\/oponixo.shop\/tire\/wp-content\/uploads\/2025\/12\/allegro-image-10845-221x300.jpg",221,300,true],"medium_large":["https:\/\/oponixo.shop\/tire\/wp-content\/uploads\/2025\/12\/allegro-image-10845.jpg",589,800,false],"large":["https:\/\/oponixo.shop\/tire\/wp-content\/uploads\/2025\/12\/allegro-image-10845.jpg",589,800,false],"1536x1536":["https:\/\/oponixo.shop\/tire\/wp-content\/uploads\/2025\/12\/allegro-image-10845.jpg",589,800,false],"2048x2048":["https:\/\/oponixo.shop\/tire\/wp-content\/uploads\/2025\/12\/allegro-image-10845.jpg",589,800,false],"woocommerce_thumbnail":["https:\/\/oponixo.shop\/tire\/wp-content\/uploads\/2025\/12\/allegro-image-10845-300x300.jpg",300,300,true],"woocommerce_single":["https:\/\/oponixo.shop\/tire\/wp-content\/uploads\/2025\/12\/allegro-image-10845.jpg",589,800,false],"woocommerce_gallery_thumbnail":["https:\/\/oponixo.shop\/tire\/wp-content\/uploads\/2025\/12\/allegro-image-10845-100x100.jpg",100,100,true]},"uagb_author_info":{"display_name":"admin","author_link":"https:\/\/oponixo.shop\/tire\/author\/"},"uagb_comment_info":0,"uagb_excerpt":"2x nowe opony caloroczne MICHELIN CROSSCLIMATE 3 245\/50R18 100W Cechy produktu Marka: Michelin Model: CROSSCLIMATE 3 Szeroko\u015b\u0107\/profil\/\u015brednica: 245\/50R18 Indeks no\u015bno\u015bci: do 100 (800 kg na opon\u0119) Indeks pr\u0119dko\u015bci: W (do 270 km\/h) Sezon: caloroczne","_links":{"self":[{"href":"https:\/\/oponixo.shop\/tire\/wp-json\/wp\/v2\/product\/10845","targetHints":{"allow":["GET"]}}],"collection":[{"href":"https:\/\/oponixo.shop\/tire\/wp-json\/wp\/v2\/product"}],"about":[{"href":"https:\/\/oponixo.shop\/tire\/wp-json\/wp\/v2\/types\/product"}],"wp:featuredmedia":[{"embeddable":true,"href":"https:\/\/oponixo.shop\/tire\/wp-json\/wp\/v2\/media\/10847"}],"wp:attachment":[{"href":"https:\/\/oponixo.shop\/tire\/wp-json\/wp\/v2\/media?parent=10845"}],"wp:term":[{"taxonomy":"product_brand","embeddable":true,"href":"https:\/\/oponixo.shop\/tire\/wp-json\/wp\/v2\/product_brand?post=10845"},{"taxonomy":"product_cat","embeddable":true,"href":"https:\/\/oponixo.shop\/tire\/wp-json\/wp\/v2\/product_cat?post=10845"},{"taxonomy":"product_tag","embeddable":true,"href":"https:\/\/oponixo.shop\/tire\/wp-json\/wp\/v2\/product_tag?post=10845"}],"curies":[{"name":"wp","href":"https:\/\/api.w.org\/{rel}","templated":true}]}}