{"id":10850,"date":"2025-12-31T03:31:44","date_gmt":"2025-12-31T03:31:44","guid":{"rendered":"https:\/\/oponyexpert.shop\/xef5\/produkt\/2x-opona-caloroczna-175-70r14-matador-all-weather-evo-mp62-84t-nowe-2023-2\/"},"modified":"2025-12-31T03:31:45","modified_gmt":"2025-12-31T03:31:45","slug":"2x-opona-caloroczna-175-70r14-matador-all-weather-evo-mp62-84t-nowe-2023-2","status":"publish","type":"product","link":"https:\/\/oponixo.shop\/tire\/produkt\/2x-opona-caloroczna-175-70r14-matador-all-weather-evo-mp62-84t-nowe-2023-2\/","title":{"rendered":"2x Opona Ca\u0142oroczna 175\/70R14 Matador All Weather Evo MP62 84T Nowe 2023"},"content":{"rendered":"<div style=\"font-family: Arial, sans-serif; line-height: 1.6; color: #333; padding: 20px; clear: both; display: block; width: 100%; float: none; position: static; overflow: hidden;\">\n<div style=\"clear: both; display: block; margin: 10px 0;\">\n<div style=\"clear: both; display: block; margin: 10px 0;\">\n<div style=\"clear: both; display: block; margin: 10px 0;\">\n<h1>Opony ca\u0142oroczne do aut osobowych Matador MP62 ALL WEATHER EVO 175\/70R14 84T <\/h1>\n<\/div>\n<\/div>\n<\/div>\n<div style=\"clear: both; display: block; margin: 10px 0;\">\n<div style=\"clear: both; display: block; margin: 10px 0;\">\n<div style=\"clear: both; display: block; margin: 10px 0;\">\n<div  style=\"max-width:750px;max-height:750px\">\n<div style=\"clear: both; display: block; margin: 10px 0;\">\n<div style=\"clear: both; width: 100%; display: block; margin: 20px 0; padding: 0; float: none; position: static; text-align: center;\"><img decoding=\"async\"  src=\"https:\/\/a.allegroimg.com\/original\/11a9f8\/fcffebd344bbbc99a3968ce35125\/2x-Opona-Caloroczna-175-70R14-Matador-All-Weather-Evo-MP62-84T-Nowe-2023\" srcset=\"https:\/\/a.allegroimg.com\/original\/11a9f8\/fcffebd344bbbc99a3968ce35125\/2x-Opona-Caloroczna-175-70R14-Matador-All-Weather-Evo-MP62-84T-Nowe-2023 360w,https:\/\/a.allegroimg.com\/original\/11a9f8\/fcffebd344bbbc99a3968ce35125\/2x-Opona-Caloroczna-175-70R14-Matador-All-Weather-Evo-MP62-84T-Nowe-2023 720w,https:\/\/a.allegroimg.com\/original\/11a9f8\/fcffebd344bbbc99a3968ce35125\/2x-Opona-Caloroczna-175-70R14-Matador-All-Weather-Evo-MP62-84T-Nowe-2023 750w,https:\/\/a.allegroimg.com\/original\/11a9f8\/fcffebd344bbbc99a3968ce35125\/2x-Opona-Caloroczna-175-70R14-Matador-All-Weather-Evo-MP62-84T-Nowe-2023 750w\" sizes=\"(min-width: 1200px) 560px, (min-width: 992px) 50vw, 100vw\" width=\"750px\" alt=\"2x Opona Ca\u0142oroczna 175\/70R14 Matador All Weather Evo MP62 84T Nowe 2023\"\/ style=\"max-width: 100%; height: auto; display: block; margin: 0 auto;\"><\/div>\n<\/div>\n<\/div>\n<\/div>\n<\/div>\n<div style=\"clear: both; display: block; margin: 10px 0;\">\n<div style=\"clear: both; display: block; margin: 10px 0;\">\n<h1>Parametry opony:<\/h1>\n<ul style=\"margin: 15px 0; padding-left: 20px; clear: both; display: block; width: 100%; float: none; position: static;\">\n<li style=\"margin: 5px 0; padding: 2px 0; clear: both; display: list-item; float: none; position: static;\">Producent:<b> Matador  <\/b><\/li>\n<li style=\"margin: 5px 0; padding: 2px 0; clear: both; display: list-item; float: none; position: static;\">Rok produkcji:<b> 2023<\/b><\/li>\n<li style=\"margin: 5px 0; padding: 2px 0; clear: both; display: list-item; float: none; position: static;\">Sezon:<b> ca\u0142oroczne<\/b><\/li>\n<li style=\"margin: 5px 0; padding: 2px 0; clear: both; display: list-item; float: none; position: static;\">Rozmiar:<b> 175\/70 R14<\/b><\/li>\n<li style=\"margin: 5px 0; padding: 2px 0; clear: both; display: list-item; float: none; position: static;\">Bie\u017cnik: <b>MP62 ALL WEATHER EVO<\/b><\/li>\n<li style=\"margin: 5px 0; padding: 2px 0; clear: both; display: list-item; float: none; position: static;\">Indeks no\u015bno\u015bci: <b>84<\/b><\/li>\n<li style=\"margin: 5px 0; padding: 2px 0; clear: both; display: list-item; float: none; position: static;\">Indeks pr\u0119dko\u015bci: <b>T<\/b><\/li>\n<li style=\"margin: 5px 0; padding: 2px 0; clear: both; display: list-item; float: none; position: static;\">Op\u00f3r toczenia: <b>D<\/b><\/li>\n<li style=\"margin: 5px 0; padding: 2px 0; clear: both; display: list-item; float: none; position: static;\">Przyczepno\u015b\u0107 na mokrej nawierzchni: <b>C<\/b><\/li>\n<li style=\"margin: 5px 0; padding: 2px 0; clear: both; display: list-item; float: none; position: static;\">Ha\u0142as zewn\u0119trzny: <b>71 dB<\/b><\/li>\n<\/ul>\n<\/div>\n<\/div>\n<\/div>\n<div style=\"clear: both; display: block; margin: 10px 0;\">\n<div style=\"clear: both; display: block; margin: 10px 0;\">\n<div style=\"clear: both; display: block; margin: 10px 0;\">\n<h1>Informacje z etykiety UE<\/h1>\n<p style=\"margin: 15px 0; line-height: 1.8; clear: both; display: block; width: 100%; float: none; position: static;\">Opony sprzedawane na terenie UE od 2012 musz\u0105 by\u0107 zaopatrzone w odpowiednie etykiety, na kt\u00f3rych znajduj\u0105 si\u0119 przejrzyste informacje o ich wydajno\u015bci (niskie opory toczenia = mniejsze spalanie paliwa), o przyczepno\u015bci opony na mokrej nawierzchni oraz o poziomie emitowanego ha\u0142asu.<\/p>\n<\/div>\n<\/div>\n<div style=\"clear: both; display: block; margin: 10px 0;\">\n<div style=\"clear: both; display: block; margin: 10px 0;\">\n<div  style=\"max-width:400px;max-height:586px\">\n<div style=\"clear: both; display: block; margin: 10px 0;\">\n<div style=\"clear: both; width: 100%; display: block; margin: 20px 0; padding: 0; float: none; position: static; text-align: center;\"><img decoding=\"async\"  src=\"https:\/\/a.allegroimg.com\/original\/119775\/c526e91944d2bb2001e1aae14483\/2x-Opona-Caloroczna-175-70R14-Matador-All-Weather-Evo-MP62-84T-Nowe-2023-Rok-produkcji-2023\" srcset=\"https:\/\/a.allegroimg.com\/original\/119775\/c526e91944d2bb2001e1aae14483\/2x-Opona-Caloroczna-175-70R14-Matador-All-Weather-Evo-MP62-84T-Nowe-2023-Rok-produkcji-2023 245w,https:\/\/a.allegroimg.com\/original\/119775\/c526e91944d2bb2001e1aae14483\/2x-Opona-Caloroczna-175-70R14-Matador-All-Weather-Evo-MP62-84T-Nowe-2023-Rok-produkcji-2023 400w,https:\/\/a.allegroimg.com\/original\/119775\/c526e91944d2bb2001e1aae14483\/2x-Opona-Caloroczna-175-70R14-Matador-All-Weather-Evo-MP62-84T-Nowe-2023-Rok-produkcji-2023 400w\" sizes=\"(min-width: 1200px) 560px, (min-width: 992px) 50vw, 100vw\" width=\"400px\" alt=\"2x Opona Ca\u0142oroczna 175\/70R14 Matador All Weather Evo MP62 84T Nowe 2023 Rok produkcji 2023\"\/ style=\"max-width: 100%; height: auto; display: block; margin: 0 auto;\"><\/div>\n<\/div>\n<\/div>\n<\/div>\n<\/div>\n<\/div>\n<div style=\"clear: both; display: block; margin: 10px 0;\">\n<div style=\"clear: both; display: block; margin: 10px 0;\">\n<div style=\"clear: both; display: block; margin: 10px 0;\">\n<h2>Gotowa na ka\u017cde warunki pogodowe!<\/h2>\n<p style=\"margin: 15px 0; line-height: 1.8; clear: both; display: block; width: 100%; float: none; position: static;\">MP62 ALL WEATHER EVO to <b>opona ca\u0142oroczna<\/b> klasy ekonomicznej s\u0142owackiego producenta Matador. Przeznaczona do samochod\u00f3w osobowych, zw\u0142aszcza <b>klasy \u015bredniej-wy\u017cszej i wy\u017cszej<\/b>. Wyst\u0119puje w rozmiarach od 13 do 17 cali. W stosunku do poprzednika model MP62 ALL WEATHER EVO ma <b>ni\u017csze opory toczenia<\/b>, co wyd\u0142u\u017cy\u0142o \u017cywotno\u015b\u0107 oraz pozwala na oszcz\u0119dno\u015b\u0107 paliwa.<\/p>\n<p style=\"margin: 15px 0; line-height: 1.8; clear: both; display: block; width: 100%; float: none; position: static;\">&#8212;&#8212;&#8212;&#8212;&#8212;&#8212;<\/p>\n<p style=\"margin: 15px 0; line-height: 1.8; clear: both; display: block; width: 100%; float: none; position: static;\">Marka Matador nale\u017cy do koncernu Continental, dzi\u0119ki temu w swoich<br \/>\nproduktach stosuje technologie tego producenta klasy premium. Przyk\u0142adem<br \/>\n jest nowa mieszanka krzemionkowa, kt\u00f3ra lepiej dostosowuje si\u0119 do<br \/>\nszerokiego zakresu temperatur, od gor\u0105cego letniego asfaltu po oblodzon\u0105<br \/>\n drog\u0119:<\/p>\n<ul style=\"margin: 15px 0; padding-left: 20px; clear: both; display: block; width: 100%; float: none; position: static;\">\n<li style=\"margin: 5px 0; padding: 2px 0; clear: both; display: list-item; float: none; position: static;\">lepsze przenoszenie si\u0142 na drog\u0119 dzi\u0119ki sztywno\u015bci bie\u017cnika na<br \/>\nzakr\u0119tach<b> zapewnia lepsze prowadzenie i komfort jazdy<\/b> na suchej<br \/>\nnawierzchni<\/li>\n<li style=\"margin: 5px 0; padding: 2px 0; clear: both; display: list-item; float: none; position: static;\">poprawiona skuteczno\u015b\u0107 hamowania i <b>lepsza trakcja na o\u015bnie\u017conej nawierzchni<\/b><\/li>\n<li style=\"margin: 5px 0; padding: 2px 0; clear: both; display: list-item; float: none; position: static;\">symetryczny<br \/>\n wz\u00f3r bie\u017cnika z charakterystycznym \u017cebrem \u015brodkowym gwarantuje lepsze<br \/>\nodprowadzanie wody dzi\u0119ki du\u017cej liczbie rowk\u00f3w drena\u017cowych, co <b>ogranicza<br \/>\n ryzyko aquaplaningu<\/b><\/li>\n<\/ul>\n<p style=\"margin: 15px 0; line-height: 1.8; clear: both; display: block; width: 100%; float: none; position: static;\">&#8212;&#8212;&#8212;&#8212;&#8212;&#8212;<\/p>\n<p style=\"margin: 15px 0; line-height: 1.8; clear: both; display: block; width: 100%; float: none; position: static;\"><b>O producencie:<\/b>\u00a0Matador to marka opon dla profesjonalist\u00f3w,<br \/>\nkt\u00f3ra nale\u017cy do renomowanej grupy Continental. Posiada ponad 110 lat<br \/>\ndo\u015bwiadczenia w rozwijaniu technologii produkcji opon. Wieloletnie<br \/>\ntradycje pozwalaj\u0105 dostarczy\u0107 na rynek nowoczesne i wydajne produkty,<br \/>\nkt\u00f3re spe\u0142niaj\u0105 zar\u00f3wno wysokie wymagania producent\u00f3w z bran\u017cy<br \/>\nmotoryzacyjnej oraz wci\u0105\u017c zmieniaj\u0105cym si\u0119 oczekiwaniom klient\u00f3w z rynku<br \/>\n wt\u00f3rnego. Matador to nowoczesna, aktywna i pe\u0142na energii marka z<br \/>\nwielkimi ambicjami.<\/p>\n<\/div>\n<\/div>\n<div style=\"clear: both; display: block; margin: 10px 0;\">\n<div style=\"clear: both; display: block; margin: 10px 0;\">\n<div  style=\"max-width:944px;max-height:1180px\">\n<div style=\"clear: both; display: block; margin: 10px 0;\">\n<div style=\"clear: both; width: 100%; display: block; margin: 20px 0; padding: 0; float: none; position: static; text-align: center;\"><img decoding=\"async\"  src=\"https:\/\/a.allegroimg.com\/original\/115309\/c69fd7324553a71b89bc4969d42e\/2x-Opona-Caloroczna-175-70R14-Matador-All-Weather-Evo-MP62-84T-Nowe-2023-Liczba-opon-w-ofercie-2-szt\" srcset=\"https:\/\/a.allegroimg.com\/original\/115309\/c69fd7324553a71b89bc4969d42e\/2x-Opona-Caloroczna-175-70R14-Matador-All-Weather-Evo-MP62-84T-Nowe-2023-Liczba-opon-w-ofercie-2-szt 288w,https:\/\/a.allegroimg.com\/original\/115309\/c69fd7324553a71b89bc4969d42e\/2x-Opona-Caloroczna-175-70R14-Matador-All-Weather-Evo-MP62-84T-Nowe-2023-Liczba-opon-w-ofercie-2-szt 576w,https:\/\/a.allegroimg.com\/original\/115309\/c69fd7324553a71b89bc4969d42e\/2x-Opona-Caloroczna-175-70R14-Matador-All-Weather-Evo-MP62-84T-Nowe-2023-Liczba-opon-w-ofercie-2-szt 819w,https:\/\/a.allegroimg.com\/original\/115309\/c69fd7324553a71b89bc4969d42e\/2x-Opona-Caloroczna-175-70R14-Matador-All-Weather-Evo-MP62-84T-Nowe-2023-Liczba-opon-w-ofercie-2-szt 944w,https:\/\/a.allegroimg.com\/original\/115309\/c69fd7324553a71b89bc4969d42e\/2x-Opona-Caloroczna-175-70R14-Matador-All-Weather-Evo-MP62-84T-Nowe-2023-Liczba-opon-w-ofercie-2-szt 944w\" sizes=\"(min-width: 1200px) 560px, (min-width: 992px) 50vw, 100vw\" width=\"944px\" alt=\"2x Opona Ca\u0142oroczna 175\/70R14 Matador All Weather Evo MP62 84T Nowe 2023 Liczba opon w ofercie 2 szt.\"\/ style=\"max-width: 100%; height: auto; display: block; margin: 0 auto;\"><\/div>\n<\/div>\n<\/div>\n<\/div>\n<\/div>\n<\/div>\n<div style=\"clear: both; display: block; margin: 10px 0;\">\n<div style=\"clear: both; display: block; margin: 10px 0;\">\n<div style=\"clear: both; display: block; margin: 10px 0;\">\n<h1>* Za\u0142\u0105czone zdj\u0119cia opon s\u0105 pogl\u0105dowe. Rzeczywisty wygl\u0105d mo\u017ce r\u00f3\u017cni\u0107 si\u0119 od prezentowanego w zale\u017cno\u015bci od rozmiaru produktu np. szeroko\u015bci opony.<\/h1>\n<\/div>\n<\/div>\n<\/div>\n<div style=\"clear: both; display: block; margin: 10px 0;\">\n<div style=\"clear: both; display: block; margin: 10px 0;\">\n<div style=\"clear: both; display: block; margin: 10px 0;\">\n<div  style=\"max-width:540px;max-height:540px\">\n<div style=\"clear: both; display: block; margin: 10px 0;\">\n<div style=\"clear: both; width: 100%; display: block; margin: 20px 0; padding: 0; float: none; position: static; text-align: center;\"><img decoding=\"async\"  src=\"https:\/\/a.allegroimg.com\/original\/111b34\/e95bc0374b298cb1b38926718bb0\/2x-Opona-Caloroczna-175-70R14-Matador-All-Weather-Evo-MP62-84T-Nowe-2023-Marka-Matador\" srcset=\"https:\/\/a.allegroimg.com\/original\/111b34\/e95bc0374b298cb1b38926718bb0\/2x-Opona-Caloroczna-175-70R14-Matador-All-Weather-Evo-MP62-84T-Nowe-2023-Marka-Matador 360w,https:\/\/a.allegroimg.com\/original\/111b34\/e95bc0374b298cb1b38926718bb0\/2x-Opona-Caloroczna-175-70R14-Matador-All-Weather-Evo-MP62-84T-Nowe-2023-Marka-Matador 540w,https:\/\/a.allegroimg.com\/original\/111b34\/e95bc0374b298cb1b38926718bb0\/2x-Opona-Caloroczna-175-70R14-Matador-All-Weather-Evo-MP62-84T-Nowe-2023-Marka-Matador 540w\" sizes=\"(min-width: 1200px) 560px, (min-width: 992px) 50vw, 100vw\" width=\"540px\" alt=\"2x Opona Ca\u0142oroczna 175\/70R14 Matador All Weather Evo MP62 84T Nowe 2023 Marka Matador\"\/ style=\"max-width: 100%; height: auto; display: block; margin: 0 auto;\"><\/div>\n<\/div>\n<\/div>\n<\/div>\n<\/div>\n<div style=\"clear: both; display: block; margin: 10px 0;\">\n<div style=\"clear: both; display: block; margin: 10px 0;\">\n<div  style=\"max-width:750px;max-height:750px\">\n<div style=\"clear: both; display: block; margin: 10px 0;\">\n<div style=\"clear: both; width: 100%; display: block; margin: 20px 0; padding: 0; float: none; position: static; text-align: center;\"><img decoding=\"async\"  src=\"https:\/\/a.allegroimg.com\/original\/11a9f8\/fcffebd344bbbc99a3968ce35125\/2x-Opona-Caloroczna-175-70R14-Matador-All-Weather-Evo-MP62-84T-Nowe-2023\" srcset=\"https:\/\/a.allegroimg.com\/original\/11a9f8\/fcffebd344bbbc99a3968ce35125\/2x-Opona-Caloroczna-175-70R14-Matador-All-Weather-Evo-MP62-84T-Nowe-2023 360w,https:\/\/a.allegroimg.com\/original\/11a9f8\/fcffebd344bbbc99a3968ce35125\/2x-Opona-Caloroczna-175-70R14-Matador-All-Weather-Evo-MP62-84T-Nowe-2023 720w,https:\/\/a.allegroimg.com\/original\/11a9f8\/fcffebd344bbbc99a3968ce35125\/2x-Opona-Caloroczna-175-70R14-Matador-All-Weather-Evo-MP62-84T-Nowe-2023 750w,https:\/\/a.allegroimg.com\/original\/11a9f8\/fcffebd344bbbc99a3968ce35125\/2x-Opona-Caloroczna-175-70R14-Matador-All-Weather-Evo-MP62-84T-Nowe-2023 750w\" sizes=\"(min-width: 1200px) 560px, (min-width: 992px) 50vw, 100vw\" width=\"750px\" alt=\"2x Opona Ca\u0142oroczna 175\/70R14 Matador All Weather Evo MP62 84T Nowe 2023\"\/ style=\"max-width: 100%; height: auto; display: block; margin: 0 auto;\"><\/div>\n<\/div>\n<\/div>\n<\/div>\n<\/div>\n<\/div>\n<\/div>\n<\/div>\n<\/div>\n<div style=\"clear: both; display: block; margin: 10px 0;\">\n","protected":false},"excerpt":{"rendered":"<p>Opony ca\u0142oroczne do aut osobowych Matador MP62 ALL WEATHER EVO 175\/70R14 84T<\/p>\n<p>Parametry opony:<\/p>\n<p>Producent: Matador<\/p>\n<p>Rok produkcji: 2023<\/p>\n<p>Sezon: ca\u0142oroczne<\/p>\n<p>Rozmiar: 175\/70 R14<\/p>\n<p>Bie\u017cnik: MP62 ALL WEATHER EVO<\/p>\n<p>Indeks no\u015bno\u015bci: 84<\/p>\n","protected":false},"featured_media":10851,"template":"","meta":{"_uag_custom_page_level_css":""},"product_brand":[373],"product_cat":[416,414,413,412],"product_tag":[],"class_list":{"0":"post-10850","1":"product","2":"type-product","3":"status-publish","4":"has-post-thumbnail","6":"product_brand-matador","7":"product_cat-caloroczne","8":"product_cat-do-samochodow-osobowych-i-suv","9":"product_cat-opony","10":"product_cat-opony-i-felgi","12":"first","13":"instock","14":"sale","15":"shipping-taxable","16":"purchasable","17":"product-type-simple"},"uagb_featured_image_src":{"full":["https:\/\/oponixo.shop\/tire\/wp-content\/uploads\/2025\/12\/allegro-image-10850.jpg",750,750,false],"thumbnail":["https:\/\/oponixo.shop\/tire\/wp-content\/uploads\/2025\/12\/allegro-image-10850-150x150.jpg",150,150,true],"medium":["https:\/\/oponixo.shop\/tire\/wp-content\/uploads\/2025\/12\/allegro-image-10850-300x300.jpg",300,300,true],"medium_large":["https:\/\/oponixo.shop\/tire\/wp-content\/uploads\/2025\/12\/allegro-image-10850.jpg",750,750,false],"large":["https:\/\/oponixo.shop\/tire\/wp-content\/uploads\/2025\/12\/allegro-image-10850.jpg",750,750,false],"1536x1536":["https:\/\/oponixo.shop\/tire\/wp-content\/uploads\/2025\/12\/allegro-image-10850.jpg",750,750,false],"2048x2048":["https:\/\/oponixo.shop\/tire\/wp-content\/uploads\/2025\/12\/allegro-image-10850.jpg",750,750,false],"woocommerce_thumbnail":["https:\/\/oponixo.shop\/tire\/wp-content\/uploads\/2025\/12\/allegro-image-10850-300x300.jpg",300,300,true],"woocommerce_single":["https:\/\/oponixo.shop\/tire\/wp-content\/uploads\/2025\/12\/allegro-image-10850-600x600.jpg",600,600,true],"woocommerce_gallery_thumbnail":["https:\/\/oponixo.shop\/tire\/wp-content\/uploads\/2025\/12\/allegro-image-10850-100x100.jpg",100,100,true]},"uagb_author_info":{"display_name":"admin","author_link":"https:\/\/oponixo.shop\/tire\/author\/"},"uagb_comment_info":0,"uagb_excerpt":"Opony ca\u0142oroczne do aut osobowych Matador MP62 ALL WEATHER EVO 175\/70R14 84T Parametry opony: Producent: Matador Rok produkcji: 2023 Sezon: ca\u0142oroczne Rozmiar: 175\/70 R14 Bie\u017cnik: MP62 ALL WEATHER EVO Indeks no\u015bno\u015bci: 84","_links":{"self":[{"href":"https:\/\/oponixo.shop\/tire\/wp-json\/wp\/v2\/product\/10850","targetHints":{"allow":["GET"]}}],"collection":[{"href":"https:\/\/oponixo.shop\/tire\/wp-json\/wp\/v2\/product"}],"about":[{"href":"https:\/\/oponixo.shop\/tire\/wp-json\/wp\/v2\/types\/product"}],"wp:featuredmedia":[{"embeddable":true,"href":"https:\/\/oponixo.shop\/tire\/wp-json\/wp\/v2\/media\/10851"}],"wp:attachment":[{"href":"https:\/\/oponixo.shop\/tire\/wp-json\/wp\/v2\/media?parent=10850"}],"wp:term":[{"taxonomy":"product_brand","embeddable":true,"href":"https:\/\/oponixo.shop\/tire\/wp-json\/wp\/v2\/product_brand?post=10850"},{"taxonomy":"product_cat","embeddable":true,"href":"https:\/\/oponixo.shop\/tire\/wp-json\/wp\/v2\/product_cat?post=10850"},{"taxonomy":"product_tag","embeddable":true,"href":"https:\/\/oponixo.shop\/tire\/wp-json\/wp\/v2\/product_tag?post=10850"}],"curies":[{"name":"wp","href":"https:\/\/api.w.org\/{rel}","templated":true}]}}