{"id":10917,"date":"2025-12-31T03:31:54","date_gmt":"2025-12-31T03:31:54","guid":{"rendered":"https:\/\/oponyexpert.shop\/xef5\/produkt\/2x-nexen-255-50r20-109v-winguard-sport-2-suv-xl\/"},"modified":"2025-12-31T03:31:55","modified_gmt":"2025-12-31T03:31:55","slug":"2x-nexen-255-50r20-109v-winguard-sport-2-suv-xl","status":"publish","type":"product","link":"https:\/\/oponixo.shop\/tire\/produkt\/2x-nexen-255-50r20-109v-winguard-sport-2-suv-xl\/","title":{"rendered":"2x NEXEN 255\/50R20 109V WINGUARD Sport 2 SUV XL"},"content":{"rendered":"<div style=\"font-family: Arial, sans-serif; line-height: 1.6; color: #333; padding: 20px; clear: both; display: block; width: 100%; float: none; position: static; overflow: hidden;\">\n<div style=\"clear: both; display: block; margin: 10px 0;\">\n<div style=\"clear: both; display: block; margin: 10px 0;\">\n<div style=\"clear: both; display: block; margin: 10px 0;\">\n<div  style=\"max-width:2560px;max-height:1920px\">\n<div style=\"clear: both; display: block; margin: 10px 0;\">\n<div style=\"clear: both; width: 100%; display: block; margin: 20px 0; padding: 0; float: none; position: static; text-align: center;\"><img decoding=\"async\"  src=\"https:\/\/a.allegroimg.com\/original\/11552a\/9ffed27b4d3db6dc2cc985ff3370\/2x-NEXEN-255-50R20-109V-WINGUARD-Sport-2-SUV-XL\" srcset=\"https:\/\/a.allegroimg.com\/original\/11552a\/9ffed27b4d3db6dc2cc985ff3370\/2x-NEXEN-255-50R20-109V-WINGUARD-Sport-2-SUV-XL 360w,https:\/\/a.allegroimg.com\/original\/11552a\/9ffed27b4d3db6dc2cc985ff3370\/2x-NEXEN-255-50R20-109V-WINGUARD-Sport-2-SUV-XL 720w,https:\/\/a.allegroimg.com\/original\/11552a\/9ffed27b4d3db6dc2cc985ff3370\/2x-NEXEN-255-50R20-109V-WINGUARD-Sport-2-SUV-XL 1024w,https:\/\/a.allegroimg.com\/original\/11552a\/9ffed27b4d3db6dc2cc985ff3370\/2x-NEXEN-255-50R20-109V-WINGUARD-Sport-2-SUV-XL 1440w,https:\/\/a.allegroimg.com\/original\/11552a\/9ffed27b4d3db6dc2cc985ff3370\/2x-NEXEN-255-50R20-109V-WINGUARD-Sport-2-SUV-XL 2560w\" sizes=\"(min-width: 1200px) 560px, (min-width: 992px) 50vw, 100vw\" width=\"2560px\" alt=\"2x NEXEN 255\/50R20 109V WINGUARD Sport 2 SUV XL\"\/ style=\"max-width: 100%; height: auto; display: block; margin: 0 auto;\"><\/div>\n<\/div>\n<\/div>\n<\/div>\n<\/div>\n<div style=\"clear: both; display: block; margin: 10px 0;\">\n<div style=\"clear: both; display: block; margin: 10px 0;\">\n<h2>Oferuj\u0119 nowe opony zimowe:<\/h2>\n<p style=\"margin: 15px 0; line-height: 1.8; clear: both; display: block; width: 100%; float: none; position: static;\">NEXEN 255\/50R20 <b>109V <\/b>WINGUARD Sport 2 SUV XL<\/p>\n<ul style=\"margin: 15px 0; padding-left: 20px; clear: both; display: block; width: 100%; float: none; position: static;\">\n<li style=\"margin: 5px 0; padding: 2px 0; clear: both; display: list-item; float: none; position: static;\"><b>Indeks Pr\u0119dko\u015bci: V do 240 km\/h<\/b><\/li>\n<li style=\"margin: 5px 0; padding: 2px 0; clear: both; display: list-item; float: none; position: static;\"><b>Indeks No\u015bno\u015bci: 109 &#8211; 1030 kg<\/b><\/li>\n<li style=\"margin: 5px 0; padding: 2px 0; clear: both; display: list-item; float: none; position: static;\">Rok produkcji:&nbsp;<b>2022<\/b><\/li>\n<li style=\"margin: 5px 0; padding: 2px 0; clear: both; display: list-item; float: none; position: static;\">Cena za 2 sztuki<\/li>\n<li style=\"margin: 5px 0; padding: 2px 0; clear: both; display: list-item; float: none; position: static;\"><b>Zdj\u0119cia przedstawiaj\u0105 sprzedawany przez nas przedmiot (real foto)<\/b><\/li>\n<\/ul>\n<\/div>\n<\/div>\n<\/div>\n<div style=\"clear: both; display: block; margin: 10px 0;\">\n<div style=\"clear: both; display: block; margin: 10px 0;\">\n<div style=\"clear: both; display: block; margin: 10px 0;\">\n<div  style=\"max-width:2560px;max-height:1920px\">\n<div style=\"clear: both; display: block; margin: 10px 0;\">\n<div style=\"clear: both; width: 100%; display: block; margin: 20px 0; padding: 0; float: none; position: static; text-align: center;\"><img decoding=\"async\"  src=\"https:\/\/a.allegroimg.com\/original\/11552a\/9ffed27b4d3db6dc2cc985ff3370\/2x-NEXEN-255-50R20-109V-WINGUARD-Sport-2-SUV-XL\" srcset=\"https:\/\/a.allegroimg.com\/original\/11552a\/9ffed27b4d3db6dc2cc985ff3370\/2x-NEXEN-255-50R20-109V-WINGUARD-Sport-2-SUV-XL 360w,https:\/\/a.allegroimg.com\/original\/11552a\/9ffed27b4d3db6dc2cc985ff3370\/2x-NEXEN-255-50R20-109V-WINGUARD-Sport-2-SUV-XL 720w,https:\/\/a.allegroimg.com\/original\/11552a\/9ffed27b4d3db6dc2cc985ff3370\/2x-NEXEN-255-50R20-109V-WINGUARD-Sport-2-SUV-XL 1024w,https:\/\/a.allegroimg.com\/original\/11552a\/9ffed27b4d3db6dc2cc985ff3370\/2x-NEXEN-255-50R20-109V-WINGUARD-Sport-2-SUV-XL 1440w,https:\/\/a.allegroimg.com\/original\/11552a\/9ffed27b4d3db6dc2cc985ff3370\/2x-NEXEN-255-50R20-109V-WINGUARD-Sport-2-SUV-XL 2560w\" sizes=\"100vw\" width=\"2560px\" alt=\"2x NEXEN 255\/50R20 109V WINGUARD Sport 2 SUV XL\"\/ style=\"max-width: 100%; height: auto; display: block; margin: 0 auto;\"><\/div>\n<\/div>\n<\/div>\n<\/div>\n<\/div>\n<\/div>\n<\/div>\n<\/div>\n<\/div>\n<div style=\"clear: both; display: block; margin: 10px 0;\">\n","protected":false},"excerpt":{"rendered":"<p>Oferuj\u0119 nowe opony zimowe:<\/p>\n<p>NEXEN 255\/50R20 109V WINGUARD Sport 2 SUV XL<\/p>\n<p>Indeks Pr\u0119dko\u015bci: V do 240 km\/h<\/p>\n<p>Indeks No\u015bno\u015bci: 109 &#8211; 1030 kg<\/p>\n<p>Rok produkcji:&nbsp;2022<\/p>\n<p>Cena za 2 sztuki<\/p>\n<p>Zdj\u0119cia przedstawiaj\u0105 sprzedawany przez nas przedmiot (real foto)<\/p>\n","protected":false},"featured_media":10920,"template":"","meta":{"_uag_custom_page_level_css":""},"product_brand":[392],"product_cat":[414,413,412,415],"product_tag":[],"class_list":{"0":"post-10917","1":"product","2":"type-product","3":"status-publish","4":"has-post-thumbnail","6":"product_brand-nexen","7":"product_cat-do-samochodow-osobowych-i-suv","8":"product_cat-opony","9":"product_cat-opony-i-felgi","10":"product_cat-zimowe","12":"first","13":"instock","14":"sale","15":"shipping-taxable","16":"purchasable","17":"product-type-simple"},"uagb_featured_image_src":{"full":["https:\/\/oponixo.shop\/tire\/wp-content\/uploads\/2025\/12\/allegro-image-10917.jpg",2560,1920,false],"thumbnail":["https:\/\/oponixo.shop\/tire\/wp-content\/uploads\/2025\/12\/allegro-image-10917-150x150.jpg",150,150,true],"medium":["https:\/\/oponixo.shop\/tire\/wp-content\/uploads\/2025\/12\/allegro-image-10917-300x225.jpg",300,225,true],"medium_large":["https:\/\/oponixo.shop\/tire\/wp-content\/uploads\/2025\/12\/allegro-image-10917-768x576.jpg",768,576,true],"large":["https:\/\/oponixo.shop\/tire\/wp-content\/uploads\/2025\/12\/allegro-image-10917-1024x768.jpg",1024,768,true],"1536x1536":["https:\/\/oponixo.shop\/tire\/wp-content\/uploads\/2025\/12\/allegro-image-10917-1536x1152.jpg",1536,1152,true],"2048x2048":["https:\/\/oponixo.shop\/tire\/wp-content\/uploads\/2025\/12\/allegro-image-10917-2048x1536.jpg",2048,1536,true],"woocommerce_thumbnail":["https:\/\/oponixo.shop\/tire\/wp-content\/uploads\/2025\/12\/allegro-image-10917-300x300.jpg",300,300,true],"woocommerce_single":["https:\/\/oponixo.shop\/tire\/wp-content\/uploads\/2025\/12\/allegro-image-10917-600x450.jpg",600,450,true],"woocommerce_gallery_thumbnail":["https:\/\/oponixo.shop\/tire\/wp-content\/uploads\/2025\/12\/allegro-image-10917-100x100.jpg",100,100,true]},"uagb_author_info":{"display_name":"admin","author_link":"https:\/\/oponixo.shop\/tire\/author\/"},"uagb_comment_info":0,"uagb_excerpt":"Oferuj\u0119 nowe opony zimowe: NEXEN 255\/50R20 109V WINGUARD Sport 2 SUV XL Indeks Pr\u0119dko\u015bci: V do 240 km\/h Indeks No\u015bno\u015bci: 109 - 1030 kg Rok produkcji:&nbsp;2022 Cena za 2 sztuki Zdj\u0119cia przedstawiaj\u0105 sprzedawany przez nas przedmiot (real foto)","_links":{"self":[{"href":"https:\/\/oponixo.shop\/tire\/wp-json\/wp\/v2\/product\/10917","targetHints":{"allow":["GET"]}}],"collection":[{"href":"https:\/\/oponixo.shop\/tire\/wp-json\/wp\/v2\/product"}],"about":[{"href":"https:\/\/oponixo.shop\/tire\/wp-json\/wp\/v2\/types\/product"}],"wp:featuredmedia":[{"embeddable":true,"href":"https:\/\/oponixo.shop\/tire\/wp-json\/wp\/v2\/media\/10920"}],"wp:attachment":[{"href":"https:\/\/oponixo.shop\/tire\/wp-json\/wp\/v2\/media?parent=10917"}],"wp:term":[{"taxonomy":"product_brand","embeddable":true,"href":"https:\/\/oponixo.shop\/tire\/wp-json\/wp\/v2\/product_brand?post=10917"},{"taxonomy":"product_cat","embeddable":true,"href":"https:\/\/oponixo.shop\/tire\/wp-json\/wp\/v2\/product_cat?post=10917"},{"taxonomy":"product_tag","embeddable":true,"href":"https:\/\/oponixo.shop\/tire\/wp-json\/wp\/v2\/product_tag?post=10917"}],"curies":[{"name":"wp","href":"https:\/\/api.w.org\/{rel}","templated":true}]}}