{"id":10966,"date":"2025-12-31T03:32:01","date_gmt":"2025-12-31T03:32:01","guid":{"rendered":"https:\/\/oponyexpert.shop\/xef5\/produkt\/2x-opony-165-65r14-fulda-multicontrol-79t-2\/"},"modified":"2025-12-31T03:32:02","modified_gmt":"2025-12-31T03:32:02","slug":"2x-opony-165-65r14-fulda-multicontrol-79t-2","status":"publish","type":"product","link":"https:\/\/oponixo.shop\/tire\/produkt\/2x-opony-165-65r14-fulda-multicontrol-79t-2\/","title":{"rendered":"2x opony 165\/65R14 FULDA MULTICONTROL 79T"},"content":{"rendered":"<div style=\"font-family: Arial, sans-serif; line-height: 1.6; color: #333; padding: 20px; clear: both; display: block; width: 100%; float: none; position: static; overflow: hidden;\">\n<div style=\"clear: both; display: block; margin: 10px 0;\">\n<div style=\"clear: both; display: block; margin: 10px 0;\">\n<div style=\"clear: both; display: block; margin: 10px 0;\">\n<h2>Opona ca\u0142oroczna Fulda MultiControl 165\/65R14 79 T przyczepno\u015b\u0107 na \u015bniegu (3PMSF)<\/h2>\n<p style=\"margin: 15px 0; line-height: 1.8; clear: both; display: block; width: 100%; float: none; position: static;\">Opona ca\u0142oroczna Fulda MultiControl 165\/65R14 79 T<\/p>\n<p style=\"margin: 15px 0; line-height: 1.8; clear: both; display: block; width: 100%; float: none; position: static;\">Cechy produktu:<\/p>\n<ul style=\"margin: 15px 0; padding-left: 20px; clear: both; display: block; width: 100%; float: none; position: static;\">\n<li style=\"margin: 5px 0; padding: 2px 0; clear: both; display: list-item; float: none; position: static;\">sezon: ca\u0142oroczne<\/li>\n<li style=\"margin: 5px 0; padding: 2px 0; clear: both; display: list-item; float: none; position: static;\">szeroko\u015b\u0107\/profil\/\u015brednica: 165\/65R14<\/li>\n<li style=\"margin: 5px 0; padding: 2px 0; clear: both; display: list-item; float: none; position: static;\">indeks pr\u0119dko\u015bci: T do 190 km\/h<\/li>\n<li style=\"margin: 5px 0; padding: 2px 0; clear: both; display: list-item; float: none; position: static;\">indeks no\u015bno\u015bci: 79 &#8211; 437 kg<\/li>\n<\/ul>\n<\/div>\n<\/div>\n<div style=\"clear: both; display: block; margin: 10px 0;\">\n<div style=\"clear: both; display: block; margin: 10px 0;\">\n<div  style=\"max-width:600px;max-height:600px\">\n<div style=\"clear: both; display: block; margin: 10px 0;\">\n<div style=\"clear: both; width: 100%; display: block; margin: 20px 0; padding: 0; float: none; position: static; text-align: center;\"><img decoding=\"async\"  src=\"https:\/\/a.allegroimg.com\/original\/00a5be\/5905dc0743b5b2fa50c768fbc32a\/2x-opony-165-65R14-FULDA-MULTICONTROL-79T\" srcset=\"https:\/\/a.allegroimg.com\/original\/00a5be\/5905dc0743b5b2fa50c768fbc32a\/2x-opony-165-65R14-FULDA-MULTICONTROL-79T 360w,https:\/\/a.allegroimg.com\/original\/00a5be\/5905dc0743b5b2fa50c768fbc32a\/2x-opony-165-65R14-FULDA-MULTICONTROL-79T 600w,https:\/\/a.allegroimg.com\/original\/00a5be\/5905dc0743b5b2fa50c768fbc32a\/2x-opony-165-65R14-FULDA-MULTICONTROL-79T 600w\" sizes=\"(min-width: 1200px) 560px, (min-width: 992px) 50vw, 100vw\" width=\"600px\" alt=\"2x opony 165\/65R14 FULDA MULTICONTROL 79T\"\/ style=\"max-width: 100%; height: auto; display: block; margin: 0 auto;\"><\/div>\n<\/div>\n<\/div>\n<\/div>\n<\/div>\n<\/div>\n<div style=\"clear: both; display: block; margin: 10px 0;\">\n<div style=\"clear: both; display: block; margin: 10px 0;\">\n<div style=\"clear: both; display: block; margin: 10px 0;\">\n<h3 style=\"color: #2c5aa0; font-size: 18px; margin: 30px 0 15px 0; font-weight: bold; clear: both; display: block; width: 100%; float: none; position: static;\">Informacje dodatkowe:<\/h3>\n<ul style=\"margin: 15px 0; padding-left: 20px; clear: both; display: block; width: 100%; float: none; position: static;\">\n<li style=\"margin: 5px 0; padding: 2px 0; clear: both; display: list-item; float: none; position: static;\">rok produkcji: 2024\/2025 (kupuj\u0105c z tej oferty otrzymasz opony fabrycznie nowe, pe\u0142nowarto\u015bciowe) <\/li>\n<li style=\"margin: 5px 0; padding: 2px 0; clear: both; display: list-item; float: none; position: static;\">stan: fabrycznie nowe <\/li>\n<\/ul>\n<\/div>\n<\/div>\n<\/div>\n<div style=\"clear: both; display: block; margin: 10px 0;\">\n<div style=\"clear: both; display: block; margin: 10px 0;\">\n<div style=\"clear: both; display: block; margin: 10px 0;\">\n<p style=\"margin: 15px 0; line-height: 1.8; clear: both; display: block; width: 100%; float: none; position: static;\">Opona ca\u0142oroczna Fulda Multicontrol to \u015bwietny wyb\u00f3r dla kierowc\u00f3w ceni\u0105cych sobie zar\u00f3wno wysokie osi\u0105gi w zmiennych warunkach ka\u017cdej pory roku, jak i bezpiecze\u0144stwo jazdy. Dodatkow\u0105 korzy\u015bci\u0105 jest oszcz\u0119dno\u015b\u0107 czasu i koszt\u00f3w zwi\u0105zanych z sezonow\u0105 wymian\u0105 ogumienia.<\/p>\n<p style=\"margin: 15px 0; line-height: 1.8; clear: both; display: block; width: 100%; float: none; position: static;\">Bardzo dobra przyczepno\u015b\u0107 zar\u00f3wno na suchej, jak i na mokrej czy pokrytej \u015bniegiem nawierzchni. Rowki MultiControl tworz\u0105 g\u0119st\u0105 sie\u0107 ostrych kraw\u0119dzi, kt\u00f3re doskonale trzymaj\u0105 si\u0119 \u015bniegu. Dodatkowo, bior\u0105 udzia\u0142 w skutecznym odprowadzaniu wody i b\u0142ota po\u015bniegowego poza profil opony, co zapewnia optymalny kontakt z pod\u0142o\u017cem w trudnych warunkach.<\/p>\n<p style=\"margin: 15px 0; line-height: 1.8; clear: both; display: block; width: 100%; float: none; position: static;\">Opona zapewnia lepsze prowadzenie samochodu na ka\u017cdym rodzaju nawierzchni. Bardzo dobra trakcyjno\u015b\u0107 jest osi\u0105gana dzi\u0119ki technologii Bubble Blade opartej na samoblokuj\u0105cych si\u0119 lamelach, kt\u00f3re dodatkowo usztywniaj\u0105 bie\u017cnik. Skuteczne przenoszenie si\u0142 nap\u0119dowych i hamuj\u0105cych powoduje zwi\u0119kszenie bezpiecze\u0144stwa jazdy.<\/p>\n<p style=\"margin: 15px 0; line-height: 1.8; clear: both; display: block; width: 100%; float: none; position: static;\">Fulda Multicontrol charakteryzuje si\u0119 optymaln\u0105 przyczepno\u015bci\u0105 niezale\u017cnie od warunk\u00f3w na drodze. Polimerowa mieszanka adaptacyjna charakteryzuje si\u0119 odpowiedni\u0105 elastyczno\u015bci\u0105 w szerokim zakresie temperatur. Dzi\u0119ki specjalnie ukszta\u0142towanej powierzchni, bie\u017cnik r\u00f3wnomiernie si\u0119 zu\u017cywa, a opona zachowuje doskona\u0142e parametry u\u017cytkowe tak\u017ce przy wi\u0119kszym przebiegu.<\/p>\n<\/div>\n<\/div>\n<\/div>\n<div style=\"clear: both; display: block; margin: 10px 0;\">\n<div style=\"clear: both; display: block; margin: 10px 0;\">\n<div style=\"clear: both; display: block; margin: 10px 0;\">\n<div  style=\"max-width:600px;max-height:600px\">\n<div style=\"clear: both; display: block; margin: 10px 0;\">\n<div style=\"clear: both; width: 100%; display: block; margin: 20px 0; padding: 0; float: none; position: static; text-align: center;\"><img decoding=\"async\"  src=\"https:\/\/a.allegroimg.com\/original\/00a5be\/5905dc0743b5b2fa50c768fbc32a\/2x-opony-165-65R14-FULDA-MULTICONTROL-79T\" srcset=\"https:\/\/a.allegroimg.com\/original\/00a5be\/5905dc0743b5b2fa50c768fbc32a\/2x-opony-165-65R14-FULDA-MULTICONTROL-79T 360w,https:\/\/a.allegroimg.com\/original\/00a5be\/5905dc0743b5b2fa50c768fbc32a\/2x-opony-165-65R14-FULDA-MULTICONTROL-79T 600w,https:\/\/a.allegroimg.com\/original\/00a5be\/5905dc0743b5b2fa50c768fbc32a\/2x-opony-165-65R14-FULDA-MULTICONTROL-79T 600w\" sizes=\"100vw\" width=\"600px\" alt=\"2x opony 165\/65R14 FULDA MULTICONTROL 79T\"\/ style=\"max-width: 100%; height: auto; display: block; margin: 0 auto;\"><\/div>\n<\/div>\n<\/div>\n<\/div>\n<\/div>\n<\/div>\n<\/div>\n<\/div>\n<\/div>\n<div style=\"clear: both; display: block; margin: 10px 0;\">\n","protected":false},"excerpt":{"rendered":"<p>Opona ca\u0142oroczna Fulda MultiControl 165\/65R14 79 T przyczepno\u015b\u0107 na \u015bniegu (3PMSF)<\/p>\n<p>Opona ca\u0142oroczna Fulda MultiControl 165\/65R14 79 T<\/p>\n<p>Cechy produktu:<\/p>\n<p>sezon: ca\u0142oroczne<\/p>\n<p>szeroko\u015b\u0107\/profil\/\u015brednica: 165\/65R14<\/p>\n<p>indeks pr\u0119dko\u015bci: T do 190 km\/h<\/p>\n<p>indeks no\u015bno\u015bci: 79 &#8211; 437 kg<\/p>\n<p>Informacje dodatkowe:<\/p>\n","protected":false},"featured_media":10968,"template":"","meta":{"_uag_custom_page_level_css":""},"product_brand":[399],"product_cat":[416,414,413,412],"product_tag":[],"class_list":{"0":"post-10966","1":"product","2":"type-product","3":"status-publish","4":"has-post-thumbnail","6":"product_brand-fulda","7":"product_cat-caloroczne","8":"product_cat-do-samochodow-osobowych-i-suv","9":"product_cat-opony","10":"product_cat-opony-i-felgi","12":"first","13":"instock","14":"sale","15":"shipping-taxable","16":"purchasable","17":"product-type-simple"},"uagb_featured_image_src":{"full":["https:\/\/oponixo.shop\/tire\/wp-content\/uploads\/2025\/12\/allegro-image-10966.jpg",600,600,false],"thumbnail":["https:\/\/oponixo.shop\/tire\/wp-content\/uploads\/2025\/12\/allegro-image-10966-150x150.jpg",150,150,true],"medium":["https:\/\/oponixo.shop\/tire\/wp-content\/uploads\/2025\/12\/allegro-image-10966-300x300.jpg",300,300,true],"medium_large":["https:\/\/oponixo.shop\/tire\/wp-content\/uploads\/2025\/12\/allegro-image-10966.jpg",600,600,false],"large":["https:\/\/oponixo.shop\/tire\/wp-content\/uploads\/2025\/12\/allegro-image-10966.jpg",600,600,false],"1536x1536":["https:\/\/oponixo.shop\/tire\/wp-content\/uploads\/2025\/12\/allegro-image-10966.jpg",600,600,false],"2048x2048":["https:\/\/oponixo.shop\/tire\/wp-content\/uploads\/2025\/12\/allegro-image-10966.jpg",600,600,false],"woocommerce_thumbnail":["https:\/\/oponixo.shop\/tire\/wp-content\/uploads\/2025\/12\/allegro-image-10966-300x300.jpg",300,300,true],"woocommerce_single":["https:\/\/oponixo.shop\/tire\/wp-content\/uploads\/2025\/12\/allegro-image-10966.jpg",600,600,false],"woocommerce_gallery_thumbnail":["https:\/\/oponixo.shop\/tire\/wp-content\/uploads\/2025\/12\/allegro-image-10966-100x100.jpg",100,100,true]},"uagb_author_info":{"display_name":"admin","author_link":"https:\/\/oponixo.shop\/tire\/author\/"},"uagb_comment_info":0,"uagb_excerpt":"Opona ca\u0142oroczna Fulda MultiControl 165\/65R14 79 T przyczepno\u015b\u0107 na \u015bniegu (3PMSF) Opona ca\u0142oroczna Fulda MultiControl 165\/65R14 79 T Cechy produktu: sezon: ca\u0142oroczne szeroko\u015b\u0107\/profil\/\u015brednica: 165\/65R14 indeks pr\u0119dko\u015bci: T do 190 km\/h indeks no\u015bno\u015bci: 79 - 437 kg Informacje dodatkowe:","_links":{"self":[{"href":"https:\/\/oponixo.shop\/tire\/wp-json\/wp\/v2\/product\/10966","targetHints":{"allow":["GET"]}}],"collection":[{"href":"https:\/\/oponixo.shop\/tire\/wp-json\/wp\/v2\/product"}],"about":[{"href":"https:\/\/oponixo.shop\/tire\/wp-json\/wp\/v2\/types\/product"}],"wp:featuredmedia":[{"embeddable":true,"href":"https:\/\/oponixo.shop\/tire\/wp-json\/wp\/v2\/media\/10968"}],"wp:attachment":[{"href":"https:\/\/oponixo.shop\/tire\/wp-json\/wp\/v2\/media?parent=10966"}],"wp:term":[{"taxonomy":"product_brand","embeddable":true,"href":"https:\/\/oponixo.shop\/tire\/wp-json\/wp\/v2\/product_brand?post=10966"},{"taxonomy":"product_cat","embeddable":true,"href":"https:\/\/oponixo.shop\/tire\/wp-json\/wp\/v2\/product_cat?post=10966"},{"taxonomy":"product_tag","embeddable":true,"href":"https:\/\/oponixo.shop\/tire\/wp-json\/wp\/v2\/product_tag?post=10966"}],"curies":[{"name":"wp","href":"https:\/\/api.w.org\/{rel}","templated":true}]}}