{"id":11033,"date":"2025-12-31T03:32:11","date_gmt":"2025-12-31T03:32:11","guid":{"rendered":"https:\/\/oponyexpert.shop\/xef5\/produkt\/2x-hankook-185-55r15-86h-winter-icept-rs3-w462-xl-zimowe-2024-r\/"},"modified":"2025-12-31T03:32:11","modified_gmt":"2025-12-31T03:32:11","slug":"2x-hankook-185-55r15-86h-winter-icept-rs3-w462-xl-zimowe-2024-r","status":"publish","type":"product","link":"https:\/\/oponixo.shop\/tire\/produkt\/2x-hankook-185-55r15-86h-winter-icept-rs3-w462-xl-zimowe-2024-r\/","title":{"rendered":"2x HANKOOK 185\/55R15 86H Winter i*cept RS3 W462 XL zimowe 2024 r"},"content":{"rendered":"<div style=\"font-family: Arial, sans-serif; line-height: 1.6; color: #333; padding: 20px; clear: both; display: block; width: 100%; float: none; position: static; overflow: hidden;\">\n<div style=\"clear: both; display: block; margin: 10px 0;\">\n<div style=\"clear: both; display: block; margin: 10px 0;\">\n<div style=\"clear: both; display: block; margin: 10px 0;\">\n<h1>Rok produkcji: 2024<\/h1>\n<\/div>\n<\/div>\n<\/div>\n<div style=\"clear: both; display: block; margin: 10px 0;\">\n<div style=\"clear: both; display: block; margin: 10px 0;\">\n<div style=\"clear: both; display: block; margin: 10px 0;\">\n<div  style=\"max-width:1200px;max-height:1126px\">\n<div style=\"clear: both; display: block; margin: 10px 0;\">\n<div style=\"clear: both; width: 100%; display: block; margin: 20px 0; padding: 0; float: none; position: static; text-align: center;\"><img decoding=\"async\"  src=\"https:\/\/a.allegroimg.com\/original\/1108a1\/2d683c004ebca504874ca9da8815\/2x-HANKOOK-185-55R15-86H-Winter-i-cept-RS3-W462-XL-zimowe-2024-r\" srcset=\"https:\/\/a.allegroimg.com\/original\/1108a1\/2d683c004ebca504874ca9da8815\/2x-HANKOOK-185-55R15-86H-Winter-i-cept-RS3-W462-XL-zimowe-2024-r 360w,https:\/\/a.allegroimg.com\/original\/1108a1\/2d683c004ebca504874ca9da8815\/2x-HANKOOK-185-55R15-86H-Winter-i-cept-RS3-W462-XL-zimowe-2024-r 720w,https:\/\/a.allegroimg.com\/original\/1108a1\/2d683c004ebca504874ca9da8815\/2x-HANKOOK-185-55R15-86H-Winter-i-cept-RS3-W462-XL-zimowe-2024-r 1024w,https:\/\/a.allegroimg.com\/original\/1108a1\/2d683c004ebca504874ca9da8815\/2x-HANKOOK-185-55R15-86H-Winter-i-cept-RS3-W462-XL-zimowe-2024-r 1200w,https:\/\/a.allegroimg.com\/original\/1108a1\/2d683c004ebca504874ca9da8815\/2x-HANKOOK-185-55R15-86H-Winter-i-cept-RS3-W462-XL-zimowe-2024-r 1200w\" sizes=\"(min-width: 1200px) 560px, (min-width: 992px) 50vw, 100vw\" width=\"1200px\" alt=\"2x HANKOOK 185\/55R15 86H Winter i*cept RS3 W462 XL zimowe 2024 r\"\/ style=\"max-width: 100%; height: auto; display: block; margin: 0 auto;\"><\/div>\n<\/div>\n<\/div>\n<\/div>\n<\/div>\n<div style=\"clear: both; display: block; margin: 10px 0;\">\n<div style=\"clear: both; display: block; margin: 10px 0;\">\n<h1>HANKOOK Winter i*cept RS3 W462 185\/55R15 86H XL<\/h1>\n<h2>G0YG9L<\/h2>\n<ul style=\"margin: 15px 0; padding-left: 20px; clear: both; display: block; width: 100%; float: none; position: static;\">\n<li style=\"margin: 5px 0; padding: 2px 0; clear: both; display: list-item; float: none; position: static;\"><b>Data produkcji :<\/b> 2024<\/li>\n<li style=\"margin: 5px 0; padding: 2px 0; clear: both; display: list-item; float: none; position: static;\"><b>Indeks :<\/b> 185\/55R15 ZOHA 86H W462H<\/li>\n<li style=\"margin: 5px 0; padding: 2px 0; clear: both; display: list-item; float: none; position: static;\"><b>Indeks no\u015bno\u015bci :<\/b> 86<\/li>\n<li style=\"margin: 5px 0; padding: 2px 0; clear: both; display: list-item; float: none; position: static;\"><b>Indeks pr\u0119dko\u015bci :<\/b> H &#8211; 210 km\/h<\/li>\n<li style=\"margin: 5px 0; padding: 2px 0; clear: both; display: list-item; float: none; position: static;\"><b>Karta informacyjna produktu :<\/b> https:\/\/eprel.ec.europa.eu\/qr\/1145524<\/li>\n<li style=\"margin: 5px 0; padding: 2px 0; clear: both; display: list-item; float: none; position: static;\"><b>Kl. efekt. paliwowej :<\/b> D<\/li>\n<li style=\"margin: 5px 0; padding: 2px 0; clear: both; display: list-item; float: none; position: static;\"><b>Kl. przycz. na mokrej naw. :<\/b> B<\/li>\n<li style=\"margin: 5px 0; padding: 2px 0; clear: both; display: list-item; float: none; position: static;\"><b>Kl. zew. ha\u0142asu tocz. :<\/b> B<\/li>\n<li style=\"margin: 5px 0; padding: 2px 0; clear: both; display: list-item; float: none; position: static;\"><b>Klasa opony :<\/b> \u015brednia<\/li>\n<li style=\"margin: 5px 0; padding: 2px 0; clear: both; display: list-item; float: none; position: static;\"><b>Kod EAN :<\/b> 8808563535968<\/li>\n<li style=\"margin: 5px 0; padding: 2px 0; clear: both; display: list-item; float: none; position: static;\"><b>Kod producenta :<\/b> 1028419<\/li>\n<li style=\"margin: 5px 0; padding: 2px 0; clear: both; display: list-item; float: none; position: static;\"><b>Model bie\u017cnika :<\/b> Winter i*cept RS3 W462<\/li>\n<li style=\"margin: 5px 0; padding: 2px 0; clear: both; display: list-item; float: none; position: static;\"><b>Nazwa produktu :<\/b> HANKOOK 185\/55R15 86H Winter i*cept RS3 W462 XL zimowe<\/li>\n<li style=\"margin: 5px 0; padding: 2px 0; clear: both; display: list-item; float: none; position: static;\"><b>No\u015bno\u015b\u0107 opony :<\/b> XL<\/li>\n<li style=\"margin: 5px 0; padding: 2px 0; clear: both; display: list-item; float: none; position: static;\"><b>Producent :<\/b> HANKOOK<\/li>\n<li style=\"margin: 5px 0; padding: 2px 0; clear: both; display: list-item; float: none; position: static;\"><b>Profil :<\/b> 55<\/li>\n<li style=\"margin: 5px 0; padding: 2px 0; clear: both; display: list-item; float: none; position: static;\"><b>Przeznaczenie :<\/b> samochody osobowe\/SUV\/4&#215;4<\/li>\n<li style=\"margin: 5px 0; padding: 2px 0; clear: both; display: list-item; float: none; position: static;\"><b>Przyczepno\u015b\u0107 na lodzie :<\/b> Nie<\/li>\n<li style=\"margin: 5px 0; padding: 2px 0; clear: both; display: list-item; float: none; position: static;\"><b>Przyczepno\u015b\u0107 na \u015bniegu :<\/b> Tak<\/li>\n<li style=\"margin: 5px 0; padding: 2px 0; clear: both; display: list-item; float: none; position: static;\"><b>QR kod :<\/b> https:\/\/eprel.ec.europa.eu\/qr\/1145524<\/li>\n<li style=\"margin: 5px 0; padding: 2px 0; clear: both; display: list-item; float: none; position: static;\"><b>Sezon :<\/b> zimowa<\/li>\n<li style=\"margin: 5px 0; padding: 2px 0; clear: both; display: list-item; float: none; position: static;\"><b>\u015arednica :<\/b> 15&#8243;<\/li>\n<li style=\"margin: 5px 0; padding: 2px 0; clear: both; display: list-item; float: none; position: static;\"><b>Szeroko\u015b\u0107 :<\/b> 185<\/li>\n<li style=\"margin: 5px 0; padding: 2px 0; clear: both; display: list-item; float: none; position: static;\"><b>Wart. pom. i kl. zew. ha\u0142asu tocz. [dB] :<\/b> 71<\/li>\n<\/ul>\n<\/div>\n<\/div>\n<\/div>\n<div style=\"clear: both; display: block; margin: 10px 0;\">\n<div style=\"clear: both; display: block; margin: 10px 0;\">\n<div style=\"clear: both; display: block; margin: 10px 0;\">\n<p style=\"margin: 15px 0; line-height: 1.8; clear: both; display: block; width: 100%; float: none; position: static;\"> HANKOOK Winter i*cept RS3 W462 &#8211; Technologia I*cept dla bezpiecze\u0144stwa zim\u0105 <\/p>\n<p style=\"margin: 15px 0; line-height: 1.8; clear: both; display: block; width: 100%; float: none; position: static;\"> HANKOOK Winter i*cept RS3 W462 to zimowa opona klasy medium, kt\u00f3ra \u0142\u0105czy w sobie najnowsze technologie i materia\u0142y, aby ka\u017cda podr\u00f3\u017c w ni\u017cszych temperaturach przebieg\u0142a spokojnie i pod pe\u0142n\u0105 kontrol\u0105. <\/p>\n<p style=\"margin: 15px 0; line-height: 1.8; clear: both; display: block; width: 100%; float: none; position: static;\"> Specjalnie wyprofilowany bie\u017cnik o kszta\u0142cie roz\u0142o\u017cystego &#8222;V&#8221; jeszcze lepiej wsp\u00f3\u0142pracuje z o\u015bnie\u017con\u0105 nawierzchni\u0105 a wkomponowany w naci\u0119cia &#8222;p\u00f3\u0142rowek&#8221;, dba o przyczepno\u015b\u0107 kierunkow\u0105 podczas pokonywania zakr\u0119t\u00f3w. <\/p>\n<p style=\"margin: 15px 0; line-height: 1.8; clear: both; display: block; width: 100%; float: none; position: static;\"> Ulepszone lamelowanie 3D jeszcze skuteczniej adaptuje opon\u0119 do o\u015bnie\u017conych pod\u0142o\u017cy, wspieraj\u0105c przebieg hamowania i stabilizuj\u0105c bloki bie\u017cnika dla wy\u017cszej p\u0142ynno\u015bci jazdy. <\/p>\n<p style=\"margin: 15px 0; line-height: 1.8; clear: both; display: block; width: 100%; float: none; position: static;\"> Model cechuje si\u0119 doskona\u0142ym odprowadzaniem wody. W rze\u017abie klock\u00f3w umieszczono specjalne kanaliki, wpieraj\u0105ce drena\u017c cieczy. Kszta\u0142t rowkowania bocznego optymalizuje przep\u0142yw wody ze \u015brodka do stref barkowych, aby skuteczniej osusza\u0107 stref\u0119 kontaktu i zapobiega\u0107 zaleganiu b\u0142ota po\u015bniegowego w przestrzeniach mi\u0119dzybie\u017cnikowych. <\/p>\n<p style=\"margin: 15px 0; line-height: 1.8; clear: both; display: block; width: 100%; float: none; position: static;\"> Mieszanka gumowa drugiej generacji Aqua Pine na bazie rafinowanych \u017cywic, doskonale zachowuje si\u0119 na mokrych nawierzchniach, zwi\u0119kszaj\u0105c przyczepno\u015b\u0107 i stabilno\u015b\u0107 poruszania si\u0119 w niesprzyjaj\u0105cych warunkach pogodowych. Precyzyjniejsze rozmieszczenie cz\u0105steczek wp\u0142ywa na r\u00f3wnomierne wzocnienie opony, co mieszanki pozawala na osi\u0105gni\u0119cie jeszcze d\u0142u\u017cszych przebieg\u00f3w u\u017cytkowych. <\/p>\n<p style=\"margin: 15px 0; line-height: 1.8; clear: both; display: block; width: 100%; float: none; position: static;\"> HANKOOK Winter i*cept RS3 W462 to opona odpowiadajaca na potrzeby wsp\u00f3\u0142czesnych, zimowych podr\u00f3\u017cy. R\u00f3wnowa\u017cy bezpiecze\u0144stwo na \u015bliskich drogach z przyczepno\u015bci\u0105 na pod\u0142o\u017cach mokrych oraz jeszcze d\u0142u\u017csze przebiegi, trwa\u0142o\u015b\u0107 i komfort jazdy. <\/p>\n<\/div>\n<\/div>\n<div style=\"clear: both; display: block; margin: 10px 0;\">\n<div style=\"clear: both; display: block; margin: 10px 0;\">\n<div  style=\"max-width:886px;max-height:1299px\">\n<div style=\"clear: both; display: block; margin: 10px 0;\">\n<div style=\"clear: both; width: 100%; display: block; margin: 20px 0; padding: 0; float: none; position: static; text-align: center;\"><img decoding=\"async\"  src=\"https:\/\/a.allegroimg.com\/original\/1110eb\/030741444931b7b0581cefb97007\/2x-HANKOOK-185-55R15-86H-Winter-i-cept-RS3-W462-XL-zimowe-2024-r-Srednica-15\" srcset=\"https:\/\/a.allegroimg.com\/original\/1110eb\/030741444931b7b0581cefb97007\/2x-HANKOOK-185-55R15-86H-Winter-i-cept-RS3-W462-XL-zimowe-2024-r-Srednica-15 245w,https:\/\/a.allegroimg.com\/original\/1110eb\/030741444931b7b0581cefb97007\/2x-HANKOOK-185-55R15-86H-Winter-i-cept-RS3-W462-XL-zimowe-2024-r-Srednica-15 491w,https:\/\/a.allegroimg.com\/original\/1110eb\/030741444931b7b0581cefb97007\/2x-HANKOOK-185-55R15-86H-Winter-i-cept-RS3-W462-XL-zimowe-2024-r-Srednica-15 698w,https:\/\/a.allegroimg.com\/original\/1110eb\/030741444931b7b0581cefb97007\/2x-HANKOOK-185-55R15-86H-Winter-i-cept-RS3-W462-XL-zimowe-2024-r-Srednica-15 886w,https:\/\/a.allegroimg.com\/original\/1110eb\/030741444931b7b0581cefb97007\/2x-HANKOOK-185-55R15-86H-Winter-i-cept-RS3-W462-XL-zimowe-2024-r-Srednica-15 886w\" sizes=\"(min-width: 1200px) 560px, (min-width: 992px) 50vw, 100vw\" width=\"886px\" alt=\"2x HANKOOK 185\/55R15 86H Winter i*cept RS3 W462 XL zimowe 2024 r \u015arednica 15&quot;\"\/ style=\"max-width: 100%; height: auto; display: block; margin: 0 auto;\"><\/div>\n<\/div>\n<\/div>\n<\/div>\n<\/div>\n<\/div>\n<div style=\"clear: both; display: block; margin: 10px 0;\">\n<div style=\"clear: both; display: block; margin: 10px 0;\">\n<div style=\"clear: both; display: block; margin: 10px 0;\">\n<p style=\"margin: 15px 0; line-height: 1.8; clear: both; display: block; width: 100%; float: none; position: static;\">Wychodz\u0105c naprzeciw oczekiwaniom Klient\u00f3w i chc\u0105c spe\u0142nia\u0107 jak najwy\u017csze standardy obs\u0142ugi dok\u0142adamy wszelkich stara\u0144, aby podawa\u0107 precyzyjn\u0105 dat\u0119 produkcji opony (DOT). Niestety, w wyj\u0105tkowych przypadkach, mo\u017ce zdarzy\u0107 si\u0119, \u017ce opony, kt\u00f3re wy\u015blemy b\u0119d\u0105 mia\u0142y inn\u0105 dat\u0119 produkcji ni\u017c podana. Sytuacja mo\u017ce dotyczy\u0107 zar\u00f3wno opon z DOT-em wcze\u015bniejszym jak i p\u00f3\u017aniejszym. Chcieliby\u015bmy podkre\u015bli\u0107, \u017ce warunki przechowywania opon w naszych magazynach spe\u0142niaj\u0105 Polsk\u0105 Norm\u0119 PN-C-94300-7 dzi\u0119ki czemu nawet opona przechowywana 24 miesi\u0105ce ma parametry takie same jak opona z bie\u017c\u0105cego roku. Warto pami\u0119ta\u0107 tak\u017ce o fakcie, \u017ce w przypadku wielu rozmiar\u00f3w i producent\u00f3w plany produkcyjne fabryk uniemo\u017cliwiaj\u0105 zakup opony z bie\u017c\u0105cego roku.<\/p>\n<p style=\"margin: 15px 0; line-height: 1.8; clear: both; display: block; width: 100%; float: none; position: static;\">Przy zakupie opon pami\u0119taj o sprawdzeniu w instrukcji samochodu lub na w\u0142a\u015bciwej stronie internetowej, jakie ogumienie zaleca producent Twojego auta. \u0179le dobrane opony mog\u0105 negatywnie wp\u0142yn\u0105\u0107 na poziom Twojego bezpiecze\u0144stwa. Kupuj\u0105c opony zwr\u00f3\u0107 uwag\u0119 na rozmiar oraz indeksy no\u015bno\u015bci i pr\u0119dko\u015bci jakie homologowane s\u0105 do Twojego pojazdu.<\/p>\n<p style=\"margin: 15px 0; line-height: 1.8; clear: both; display: block; width: 100%; float: none; position: static;\">Zamieszczone zdj\u0119cia pe\u0142ni\u0105 funkcj\u0119 pogl\u0105dow\u0105. W zale\u017cno\u015bci od szeroko\u015bci opon, mog\u0105 wyst\u0119powa\u0107 niewielkie r\u00f3\u017cnice w wygl\u0105dzie bie\u017cnika (w obr\u0119bie jednego modelu) na przyk\u0142ad w ilo\u015bci rowk\u00f3w obwodowych lub rozmieszczeniu blok\u00f3w bie\u017cnika, co nie stanowi wady produktu.<\/p>\n<p style=\"margin: 15px 0; line-height: 1.8; clear: both; display: block; width: 100%; float: none; position: static;\">Je\u017celi otrzymane przez Ciebie opony nie spe\u0142niaj\u0105 Twoich oczekiwa\u0144 masz mo\u017cliwo\u015b\u0107 zwrotu lub wymiany nieu\u017cywanego (niemontowanego) ogumienia.<\/p>\n<\/div>\n<\/div>\n<\/div>\n<div style=\"clear: both; display: block; margin: 10px 0;\">\n<div style=\"clear: both; display: block; margin: 10px 0;\">\n<div style=\"clear: both; display: block; margin: 10px 0;\">\n<div  style=\"max-width:2242px;max-height:652px\">\n<div style=\"clear: both; display: block; margin: 10px 0;\">\n<div style=\"clear: both; width: 100%; display: block; margin: 20px 0; padding: 0; float: none; position: static; text-align: center;\"><img decoding=\"async\"  src=\"https:\/\/a.allegroimg.com\/original\/111ecb\/ab8b4c044943a2720a228ba57a3f\/2x-HANKOOK-185-55R15-86H-Winter-i-cept-RS3-W462-XL-zimowe-2024-r-Halas-zewnetrzny-71-dB\" srcset=\"https:\/\/a.allegroimg.com\/original\/111ecb\/ab8b4c044943a2720a228ba57a3f\/2x-HANKOOK-185-55R15-86H-Winter-i-cept-RS3-W462-XL-zimowe-2024-r-Halas-zewnetrzny-71-dB 360w,https:\/\/a.allegroimg.com\/original\/111ecb\/ab8b4c044943a2720a228ba57a3f\/2x-HANKOOK-185-55R15-86H-Winter-i-cept-RS3-W462-XL-zimowe-2024-r-Halas-zewnetrzny-71-dB 720w,https:\/\/a.allegroimg.com\/original\/111ecb\/ab8b4c044943a2720a228ba57a3f\/2x-HANKOOK-185-55R15-86H-Winter-i-cept-RS3-W462-XL-zimowe-2024-r-Halas-zewnetrzny-71-dB 1024w,https:\/\/a.allegroimg.com\/original\/111ecb\/ab8b4c044943a2720a228ba57a3f\/2x-HANKOOK-185-55R15-86H-Winter-i-cept-RS3-W462-XL-zimowe-2024-r-Halas-zewnetrzny-71-dB 1440w,https:\/\/a.allegroimg.com\/original\/111ecb\/ab8b4c044943a2720a228ba57a3f\/2x-HANKOOK-185-55R15-86H-Winter-i-cept-RS3-W462-XL-zimowe-2024-r-Halas-zewnetrzny-71-dB 2242w\" sizes=\"(min-width: 1200px) 560px, (min-width: 992px) 50vw, 100vw\" width=\"2242px\" alt=\"2x HANKOOK 185\/55R15 86H Winter i*cept RS3 W462 XL zimowe 2024 r Ha\u0142as zewn\u0119trzny 71 dB\"\/ style=\"max-width: 100%; height: auto; display: block; margin: 0 auto;\"><\/div>\n<\/div>\n<\/div>\n<\/div>\n<\/div>\n<div style=\"clear: both; display: block; margin: 10px 0;\">\n<div style=\"clear: both; display: block; margin: 10px 0;\">\n<h1>Hankook<\/h1>\n<p style=\"margin: 15px 0; line-height: 1.8; clear: both; display: block; width: 100%; float: none; position: static;\">Za\u0142o\u017cona w 1941 roku po\u0142udniowokorea\u0144ska firma Hankook rozs\u0142awi\u0142a si\u0119 w \u015bwiecie dzi\u0119ki produkcji opon \u2013 niegdy\u015b diagonalnych, wsp\u00f3\u0142cze\u015bnie natomiast radialnych. D\u0142ugofalowa wizja, staranno\u015b\u0107 w projektowaniu, badaniu i wdra\u017caniu nowych produkt\u00f3w oraz konsekwentnie wprowadzana w \u017cycie strategia dynamicznego rozwoju sprawi\u0142y, \u017ce ta w\u0142a\u015bnie firma zajmuje si\u00f3dme miejsce na li\u015bcie najwi\u0119kszych \u015bwiatowych producent\u00f3w opon. Ju\u017c w 1981 roku otwarto ameryka\u0144sk\u0105 fili\u0119 Hankook, rok p\u00f3\u017aniej za\u015b produkcj\u0119 rozpocz\u0119\u0142a pierwsza fabryka ogumienia tej marki w USA. Obecnie w\u0142a\u015bciwo\u015bci jezdne i wytrzyma\u0142o\u015b\u0107 nowych modeli opon letnich i zimowych poddawane s\u0105 badaniom w korea\u0144skich i europejskich centrach testowych. O pozytywnych wynikach test\u00f3w mo\u017ce za\u015bwiadczy\u0107 fakt, \u017ce opony firmy Hankook zosta\u0142y przyj\u0119te jako pierwsze wyposa\u017cenie przez szereg wiod\u0105cych producent\u00f3w samochod\u00f3w \u2013 mi\u0119dzy innymi Ford, Toyota, Volkswagen i Hyundai. Chocia\u017c jednym z cel\u00f3w firmy jest utrzymywanie jak najni\u017cszych cen w po\u0142\u0105czeniu z jak najwy\u017csz\u0105 jako\u015bci\u0105 produktu, jej przych\u00f3d w trzecim kwartale 2011 roku wyni\u00f3s\u0142 prawie p\u00f3\u0142tora miliarda dolar\u00f3w, co dowodzi, \u017ce znaczne grono klient\u00f3w w ponad 180 krajach postanowi\u0142o zaufa\u0107 ogumieniu tej marki. Asortyment firmy Hankook jest bardzo szeroki \u2013 w katalogu dost\u0119pna jest mi\u0119dzy innymi rodzina opon Dynapro o agresywnym bie\u017cniku nadaj\u0105cym si\u0119 na wszystkie rodzaje nawierzchni, linia opon sportowych Ventus zapewniaj\u0105cych maksymaln\u0105 kontrol\u0119 i przyczepno\u015b\u0107 nawet przy wysokich pr\u0119dko\u015bciach, oraz e-cube, nowatorskie, oszcz\u0119dne, ekologiczne ogumienie dla ci\u0119\u017car\u00f3wek. Wysok\u0105 jako\u015bci\u0105 odznaczaj\u0105 si\u0119 tak\u017ce zimowe opony z serii i*cept<\/p>\n<\/div>\n<\/div>\n<\/div>\n<\/div>\n<\/div>\n<\/div>\n<div style=\"clear: both; display: block; margin: 10px 0;\">\n","protected":false},"excerpt":{"rendered":"<p>Rok produkcji: 2024<\/p>\n<p>HANKOOK Winter i*cept RS3 W462 185\/55R15 86H XL<\/p>\n<p>G0YG9L<\/p>\n<p>Data produkcji : 2024<\/p>\n<p>Indeks : 185\/55R15 ZOHA 86H W462H<\/p>\n<p>Indeks no\u015bno\u015bci : 86<\/p>\n<p>Indeks pr\u0119dko\u015bci : H &#8211; 210 km\/h<\/p>\n<p>Karta informacyjna produktu : https:\/\/eprel.ec.europa.eu\/qr\/1145524<\/p>\n","protected":false},"featured_media":11035,"template":"","meta":{"_uag_custom_page_level_css":""},"product_brand":[411],"product_cat":[414,413,412,415],"product_tag":[],"class_list":{"0":"post-11033","1":"product","2":"type-product","3":"status-publish","4":"has-post-thumbnail","6":"product_brand-hankook","7":"product_cat-do-samochodow-osobowych-i-suv","8":"product_cat-opony","9":"product_cat-opony-i-felgi","10":"product_cat-zimowe","12":"first","13":"instock","14":"sale","15":"shipping-taxable","16":"purchasable","17":"product-type-simple"},"uagb_featured_image_src":{"full":["https:\/\/oponixo.shop\/tire\/wp-content\/uploads\/2025\/12\/allegro-image-11033.jpg",1200,1126,false],"thumbnail":["https:\/\/oponixo.shop\/tire\/wp-content\/uploads\/2025\/12\/allegro-image-11033-150x150.jpg",150,150,true],"medium":["https:\/\/oponixo.shop\/tire\/wp-content\/uploads\/2025\/12\/allegro-image-11033-300x282.jpg",300,282,true],"medium_large":["https:\/\/oponixo.shop\/tire\/wp-content\/uploads\/2025\/12\/allegro-image-11033-768x721.jpg",768,721,true],"large":["https:\/\/oponixo.shop\/tire\/wp-content\/uploads\/2025\/12\/allegro-image-11033-1024x961.jpg",1024,961,true],"1536x1536":["https:\/\/oponixo.shop\/tire\/wp-content\/uploads\/2025\/12\/allegro-image-11033.jpg",1200,1126,false],"2048x2048":["https:\/\/oponixo.shop\/tire\/wp-content\/uploads\/2025\/12\/allegro-image-11033.jpg",1200,1126,false],"woocommerce_thumbnail":["https:\/\/oponixo.shop\/tire\/wp-content\/uploads\/2025\/12\/allegro-image-11033-300x300.jpg",300,300,true],"woocommerce_single":["https:\/\/oponixo.shop\/tire\/wp-content\/uploads\/2025\/12\/allegro-image-11033-600x563.jpg",600,563,true],"woocommerce_gallery_thumbnail":["https:\/\/oponixo.shop\/tire\/wp-content\/uploads\/2025\/12\/allegro-image-11033-100x100.jpg",100,100,true]},"uagb_author_info":{"display_name":"admin","author_link":"https:\/\/oponixo.shop\/tire\/author\/"},"uagb_comment_info":0,"uagb_excerpt":"Rok produkcji: 2024 HANKOOK Winter i*cept RS3 W462 185\/55R15 86H XL G0YG9L Data produkcji : 2024 Indeks : 185\/55R15 ZOHA 86H W462H Indeks no\u015bno\u015bci : 86 Indeks pr\u0119dko\u015bci : H - 210 km\/h Karta informacyjna produktu : https:\/\/eprel.ec.europa.eu\/qr\/1145524","_links":{"self":[{"href":"https:\/\/oponixo.shop\/tire\/wp-json\/wp\/v2\/product\/11033","targetHints":{"allow":["GET"]}}],"collection":[{"href":"https:\/\/oponixo.shop\/tire\/wp-json\/wp\/v2\/product"}],"about":[{"href":"https:\/\/oponixo.shop\/tire\/wp-json\/wp\/v2\/types\/product"}],"wp:featuredmedia":[{"embeddable":true,"href":"https:\/\/oponixo.shop\/tire\/wp-json\/wp\/v2\/media\/11035"}],"wp:attachment":[{"href":"https:\/\/oponixo.shop\/tire\/wp-json\/wp\/v2\/media?parent=11033"}],"wp:term":[{"taxonomy":"product_brand","embeddable":true,"href":"https:\/\/oponixo.shop\/tire\/wp-json\/wp\/v2\/product_brand?post=11033"},{"taxonomy":"product_cat","embeddable":true,"href":"https:\/\/oponixo.shop\/tire\/wp-json\/wp\/v2\/product_cat?post=11033"},{"taxonomy":"product_tag","embeddable":true,"href":"https:\/\/oponixo.shop\/tire\/wp-json\/wp\/v2\/product_tag?post=11033"}],"curies":[{"name":"wp","href":"https:\/\/api.w.org\/{rel}","templated":true}]}}