{"id":11044,"date":"2025-12-31T03:32:12","date_gmt":"2025-12-31T03:32:12","guid":{"rendered":"https:\/\/oponyexpert.shop\/xef5\/produkt\/2-x-bridgestone-weather-control-a005-evo-255-55r19-111-w-xl-3pmsf-opona\/"},"modified":"2025-12-31T03:32:13","modified_gmt":"2025-12-31T03:32:13","slug":"2-x-bridgestone-weather-control-a005-evo-255-55r19-111-w-xl-3pmsf-opona","status":"publish","type":"product","link":"https:\/\/oponixo.shop\/tire\/produkt\/2-x-bridgestone-weather-control-a005-evo-255-55r19-111-w-xl-3pmsf-opona\/","title":{"rendered":"2 x Bridgestone Weather Control A005 Evo 255\/55R19 111 W XL 3PMSF opona"},"content":{"rendered":"<div style=\"font-family: Arial, sans-serif; line-height: 1.6; color: #333; padding: 20px; clear: both; display: block; width: 100%; float: none; position: static; overflow: hidden;\">\n<div style=\"clear: both; display: block; margin: 10px 0;\">\n<div style=\"clear: both; display: block; margin: 10px 0;\">\n<div style=\"clear: both; display: block; margin: 10px 0;\">\n<div  style=\"max-width:368px;max-height:448px\">\n<div style=\"clear: both; display: block; margin: 10px 0;\">\n<div style=\"clear: both; width: 100%; display: block; margin: 20px 0; padding: 0; float: none; position: static; text-align: center;\"><img decoding=\"async\"  src=\"https:\/\/a.allegroimg.com\/original\/11c886\/b9b867244438aed8e19281aed428\/2-x-Bridgestone-Weather-Control-A005-Evo-255-55R19-111-W-XL-3PMSF-opona\" srcset=\"https:\/\/a.allegroimg.com\/original\/11c886\/b9b867244438aed8e19281aed428\/2-x-Bridgestone-Weather-Control-A005-Evo-255-55R19-111-W-XL-3PMSF-opona 295w,https:\/\/a.allegroimg.com\/original\/11c886\/b9b867244438aed8e19281aed428\/2-x-Bridgestone-Weather-Control-A005-Evo-255-55R19-111-W-XL-3PMSF-opona 368w,https:\/\/a.allegroimg.com\/original\/11c886\/b9b867244438aed8e19281aed428\/2-x-Bridgestone-Weather-Control-A005-Evo-255-55R19-111-W-XL-3PMSF-opona 368w\" sizes=\"(min-width: 1200px) 560px, (min-width: 992px) 50vw, 100vw\" width=\"368px\" alt=\"2 x Bridgestone Weather Control A005 Evo 255\/55R19 111 W XL 3PMSF opona\"\/ style=\"max-width: 100%; height: auto; display: block; margin: 0 auto;\"><\/div>\n<\/div>\n<\/div>\n<\/div>\n<\/div>\n<div style=\"clear: both; display: block; margin: 10px 0;\">\n<div style=\"clear: both; display: block; margin: 10px 0;\">\n<h2>Bridgestone Weather Control A005 Evo 255\/55R19 111 W XL 3PMSF<\/h2>\n<p style=\"margin: 15px 0; line-height: 1.8; clear: both; display: block; width: 100%; float: none; position: static;\">Producent: Bridgestone<\/p>\n<p style=\"margin: 15px 0; line-height: 1.8; clear: both; display: block; width: 100%; float: none; position: static;\">Model: Weather Control A005 Evo<\/p>\n<p style=\"margin: 15px 0; line-height: 1.8; clear: both; display: block; width: 100%; float: none; position: static;\">Sezon: ca\u0142oroczne<\/p>\n<p style=\"margin: 15px 0; line-height: 1.8; clear: both; display: block; width: 100%; float: none; position: static;\">Rozmiar: 255\/55R19<\/p>\n<p style=\"margin: 15px 0; line-height: 1.8; clear: both; display: block; width: 100%; float: none; position: static;\">Data produkcji: do 36 miesi\u0119cy<\/p>\n<p style=\"margin: 15px 0; line-height: 1.8; clear: both; display: block; width: 100%; float: none; position: static;\">Zu\u017cycie paliwa: klasa B<\/p>\n<p style=\"margin: 15px 0; line-height: 1.8; clear: both; display: block; width: 100%; float: none; position: static;\">Przyczepno\u015b\u0107 na mokrym: klasa A<\/p>\n<p style=\"margin: 15px 0; line-height: 1.8; clear: both; display: block; width: 100%; float: none; position: static;\">Poziom ha\u0142asu: 71 dB<\/p>\n<\/div>\n<\/div>\n<\/div>\n<div style=\"clear: both; display: block; margin: 10px 0;\">\n<div style=\"clear: both; display: block; margin: 10px 0;\">\n<div style=\"clear: both; display: block; margin: 10px 0;\">\n<div  style=\"max-width:760px;max-height:624px\">\n<div style=\"clear: both; display: block; margin: 10px 0;\">\n<div style=\"clear: both; width: 100%; display: block; margin: 20px 0; padding: 0; float: none; position: static; text-align: center;\"><img decoding=\"async\"  src=\"https:\/\/a.allegroimg.com\/original\/11f39e\/c0c148a244108f12eb7b839b7787\/2-x-Bridgestone-Weather-Control-A005-Evo-255-55R19-111-W-XL-3PMSF-opona-Liczba-opon-w-ofercie-2-szt\" srcset=\"https:\/\/a.allegroimg.com\/original\/11f39e\/c0c148a244108f12eb7b839b7787\/2-x-Bridgestone-Weather-Control-A005-Evo-255-55R19-111-W-XL-3PMSF-opona-Liczba-opon-w-ofercie-2-szt 360w,https:\/\/a.allegroimg.com\/original\/11f39e\/c0c148a244108f12eb7b839b7787\/2-x-Bridgestone-Weather-Control-A005-Evo-255-55R19-111-W-XL-3PMSF-opona-Liczba-opon-w-ofercie-2-szt 720w,https:\/\/a.allegroimg.com\/original\/11f39e\/c0c148a244108f12eb7b839b7787\/2-x-Bridgestone-Weather-Control-A005-Evo-255-55R19-111-W-XL-3PMSF-opona-Liczba-opon-w-ofercie-2-szt 760w,https:\/\/a.allegroimg.com\/original\/11f39e\/c0c148a244108f12eb7b839b7787\/2-x-Bridgestone-Weather-Control-A005-Evo-255-55R19-111-W-XL-3PMSF-opona-Liczba-opon-w-ofercie-2-szt 760w\" sizes=\"(min-width: 1200px) 560px, (min-width: 992px) 50vw, 100vw\" width=\"760px\" alt=\"2 x Bridgestone Weather Control A005 Evo 255\/55R19 111 W XL 3PMSF opona Liczba opon w ofercie 2 szt.\"\/ style=\"max-width: 100%; height: auto; display: block; margin: 0 auto;\"><\/div>\n<\/div>\n<\/div>\n<\/div>\n<\/div>\n<div style=\"clear: both; display: block; margin: 10px 0;\">\n<div style=\"clear: both; display: block; margin: 10px 0;\">\n<h1>Bridgestone Weather Control A005 Evo \u2013 pewno\u015b\u0107 przez ca\u0142y rok, bez kompromis\u00f3w<\/h1>\n<p style=\"margin: 15px 0; line-height: 1.8; clear: both; display: block; width: 100%; float: none; position: static;\">Bridgestone Weather Control A005 EVO to ca\u0142oroczna opona klasy premium, stworzona z my\u015bl\u0105 o kierowcach ceni\u0105cych najwy\u017cszy poziom bezpiecze\u0144stwa, komfortu i trwa\u0142o\u015bci. Dzi\u0119ki technologii Nano Pro-Tech\u2122 z wysok\u0105 zawarto\u015bci\u0105 krzemionki, model ten zapewnia znakomit\u0105 elastyczno\u015b\u0107 mieszanki w szerokim zakresie temperatur. Potwierdzeniem dopracowanej konstrukcji s\u0105 mi\u0119dzy innymi certyfikaty 3PMSF. Opona oferuje r\u00f3wnie\u017c wyd\u0142u\u017con\u0105 trwa\u0142o\u015b\u0107, por\u00f3wnywaln\u0105 z letnimi modelami klasy premium Bridgestone.<\/p>\n<\/div>\n<\/div>\n<\/div>\n<div style=\"clear: both; display: block; margin: 10px 0;\">\n<div style=\"clear: both; display: block; margin: 10px 0;\">\n<div style=\"clear: both; display: block; margin: 10px 0;\">\n<div  style=\"max-width:760px;max-height:624px\">\n<div style=\"clear: both; display: block; margin: 10px 0;\">\n<div style=\"clear: both; width: 100%; display: block; margin: 20px 0; padding: 0; float: none; position: static; text-align: center;\"><img decoding=\"async\"  src=\"https:\/\/a.allegroimg.com\/original\/11fdd7\/51d0b72b4bcea54e10f530cbf5c6\/2-x-Bridgestone-Weather-Control-A005-Evo-255-55R19-111-W-XL-3PMSF-opona-Marka-Bridgestone\" srcset=\"https:\/\/a.allegroimg.com\/original\/11fdd7\/51d0b72b4bcea54e10f530cbf5c6\/2-x-Bridgestone-Weather-Control-A005-Evo-255-55R19-111-W-XL-3PMSF-opona-Marka-Bridgestone 360w,https:\/\/a.allegroimg.com\/original\/11fdd7\/51d0b72b4bcea54e10f530cbf5c6\/2-x-Bridgestone-Weather-Control-A005-Evo-255-55R19-111-W-XL-3PMSF-opona-Marka-Bridgestone 720w,https:\/\/a.allegroimg.com\/original\/11fdd7\/51d0b72b4bcea54e10f530cbf5c6\/2-x-Bridgestone-Weather-Control-A005-Evo-255-55R19-111-W-XL-3PMSF-opona-Marka-Bridgestone 760w,https:\/\/a.allegroimg.com\/original\/11fdd7\/51d0b72b4bcea54e10f530cbf5c6\/2-x-Bridgestone-Weather-Control-A005-Evo-255-55R19-111-W-XL-3PMSF-opona-Marka-Bridgestone 760w\" sizes=\"(min-width: 1200px) 560px, (min-width: 992px) 50vw, 100vw\" width=\"760px\" alt=\"2 x Bridgestone Weather Control A005 Evo 255\/55R19 111 W XL 3PMSF opona Marka Bridgestone\"\/ style=\"max-width: 100%; height: auto; display: block; margin: 0 auto;\"><\/div>\n<\/div>\n<\/div>\n<\/div>\n<\/div>\n<div style=\"clear: both; display: block; margin: 10px 0;\">\n<div style=\"clear: both; display: block; margin: 10px 0;\">\n<h1>Zaawansowana konstrukcja bie\u017cnika \u2013 bezpiecze\u0144stwo w ka\u017cdych warunkach<\/h1>\n<p style=\"margin: 15px 0; line-height: 1.8; clear: both; display: block; width: 100%; float: none; position: static;\">Opona posiada kierunkowy bie\u017cnik w kszta\u0142cie litery \u201eV\u201d z g\u0119st\u0105 sieci\u0105 lameli typu \u201eZ\u201d oraz zr\u00f3\u017cnicowanymi strefami barkowymi, kt\u00f3re poprawiaj\u0105 trakcj\u0119 na \u015bniegu i skracaj\u0105 drog\u0119 hamowania. Zoptymalizowane barki z szerokimi szczelinami odprowadzaj\u0105 wod\u0119 i b\u0142oto po\u015bniegowe, chroni\u0105c przed aquaplaningiem. W testach wewn\u0119trznych Bridgestone A005 EVO wykaza\u0142a o 3% lepsz\u0105 trakcj\u0119 i kr\u00f3tsz\u0105 drog\u0119 hamowania na \u015bniegu wzgl\u0119dem poprzedniego modelu, a tak\u017ce o 4% wi\u0119ksz\u0105 stabilno\u015b\u0107 przy je\u017adzie slalomem. Sztywna, zoptymalizowana konstrukcja karkasu wspiera r\u00f3wnomierne zu\u017cycie bie\u017cnika i zapewnia wysok\u0105 stabilno\u015b\u0107 tak\u017ce przy du\u017cych pr\u0119dko\u015bciach.<\/p>\n<\/div>\n<\/div>\n<\/div>\n<div style=\"clear: both; display: block; margin: 10px 0;\">\n<div style=\"clear: both; display: block; margin: 10px 0;\">\n<div style=\"clear: both; display: block; margin: 10px 0;\">\n<div  style=\"max-width:760px;max-height:624px\">\n<div style=\"clear: both; display: block; margin: 10px 0;\">\n<div style=\"clear: both; width: 100%; display: block; margin: 20px 0; padding: 0; float: none; position: static; text-align: center;\"><img decoding=\"async\"  src=\"https:\/\/a.allegroimg.com\/original\/110110\/37a28a1242c98203f536acec8ec8\/2-x-Bridgestone-Weather-Control-A005-Evo-255-55R19-111-W-XL-3PMSF-opona-Szerokosc-opony-255-mm\" srcset=\"https:\/\/a.allegroimg.com\/original\/110110\/37a28a1242c98203f536acec8ec8\/2-x-Bridgestone-Weather-Control-A005-Evo-255-55R19-111-W-XL-3PMSF-opona-Szerokosc-opony-255-mm 360w,https:\/\/a.allegroimg.com\/original\/110110\/37a28a1242c98203f536acec8ec8\/2-x-Bridgestone-Weather-Control-A005-Evo-255-55R19-111-W-XL-3PMSF-opona-Szerokosc-opony-255-mm 720w,https:\/\/a.allegroimg.com\/original\/110110\/37a28a1242c98203f536acec8ec8\/2-x-Bridgestone-Weather-Control-A005-Evo-255-55R19-111-W-XL-3PMSF-opona-Szerokosc-opony-255-mm 760w,https:\/\/a.allegroimg.com\/original\/110110\/37a28a1242c98203f536acec8ec8\/2-x-Bridgestone-Weather-Control-A005-Evo-255-55R19-111-W-XL-3PMSF-opona-Szerokosc-opony-255-mm 760w\" sizes=\"(min-width: 1200px) 560px, (min-width: 992px) 50vw, 100vw\" width=\"760px\" alt=\"2 x Bridgestone Weather Control A005 Evo 255\/55R19 111 W XL 3PMSF opona Szeroko\u015b\u0107 opony 255 mm\"\/ style=\"max-width: 100%; height: auto; display: block; margin: 0 auto;\"><\/div>\n<\/div>\n<\/div>\n<\/div>\n<\/div>\n<div style=\"clear: both; display: block; margin: 10px 0;\">\n<div style=\"clear: both; display: block; margin: 10px 0;\">\n<h1>Potwierdzona jako\u015b\u0107 \u2013 testy i opinie<\/h1>\n<p style=\"margin: 15px 0; line-height: 1.8; clear: both; display: block; width: 100%; float: none; position: static;\">Bridgestone Weather Control A005 EVO to opona, kt\u00f3rej jako\u015b\u0107 zosta\u0142a wielokrotnie potwierdzona w niezale\u017cnych testach bran\u017cowych. W te\u015bcie Auto Zeitung (2021, rozmiar 205\/55 R16) model uzyska\u0142 ocen\u0119 \u201eszczeg\u00f3lnie polecana\u201d za zr\u00f3wnowa\u017cone osi\u0105gi w r\u00f3\u017cnych warunkach pogodowych. W te\u015bcie Gute Fahrt (2022, 235\/55 R18) uplasowa\u0142a si\u0119 na 3. miejscu z not\u0105 \u201edobra\u201d, a magazyn Auto Bild wielokrotnie oceniaj\u0105c t\u0119 opon\u0119 w r\u00f3\u017cnych rozmiarach przyzna\u0142 jej not\u0119 \u201ezadowalaj\u0105ca\u201d, wyr\u00f3\u017cniaj\u0105c j\u0105 szczeg\u00f3lnie za \u015bwietne zachowanie na mokrej nawierzchni i komfort jazdy. W testach i opinii u\u017cytkownik\u00f3w A005 EVO wypada znakomicie na suchym i mokrym asfalcie, oferuj\u0105c przyczepno\u015b\u0107 zbli\u017con\u0105 do opon letnich. W warunkach zimowych zapewnia stabilno\u015b\u0107 oraz przewidywalno\u015b\u0107 jazdy w umiarkowanym \u015bniegu. Dodatkowo doceniana jest za wysok\u0105 trwa\u0142o\u015b\u0107, niski poziom ha\u0142asu oraz pewne zachowanie podczas gwa\u0142townych manewr\u00f3w i hamowania.<\/p>\n<\/div>\n<\/div>\n<\/div>\n<\/div>\n<\/div>\n<\/div>\n<div style=\"clear: both; display: block; margin: 10px 0;\">\n","protected":false},"excerpt":{"rendered":"<p>Bridgestone Weather Control A005 Evo 255\/55R19 111 W XL 3PMSF<\/p>\n<p>Producent: Bridgestone<\/p>\n<p>Model: Weather Control A005 Evo<\/p>\n<p>Sezon: ca\u0142oroczne<\/p>\n<p>Rozmiar: 255\/55R19<\/p>\n<p>Data produkcji: do 36 miesi\u0119cy<\/p>\n<p>Zu\u017cycie paliwa: klasa B<\/p>\n<p>Przyczepno\u015b\u0107 na mokrym: klasa A<\/p>\n","protected":false},"featured_media":11046,"template":"","meta":{"_uag_custom_page_level_css":""},"product_brand":[397],"product_cat":[416,414,413,412],"product_tag":[],"class_list":{"0":"post-11044","1":"product","2":"type-product","3":"status-publish","4":"has-post-thumbnail","6":"product_brand-bridgestone","7":"product_cat-caloroczne","8":"product_cat-do-samochodow-osobowych-i-suv","9":"product_cat-opony","10":"product_cat-opony-i-felgi","12":"first","13":"instock","14":"sale","15":"shipping-taxable","16":"purchasable","17":"product-type-simple"},"uagb_featured_image_src":{"full":["https:\/\/oponixo.shop\/tire\/wp-content\/uploads\/2025\/12\/allegro-image-11044.jpg",368,448,false],"thumbnail":["https:\/\/oponixo.shop\/tire\/wp-content\/uploads\/2025\/12\/allegro-image-11044-150x150.jpg",150,150,true],"medium":["https:\/\/oponixo.shop\/tire\/wp-content\/uploads\/2025\/12\/allegro-image-11044-246x300.jpg",246,300,true],"medium_large":["https:\/\/oponixo.shop\/tire\/wp-content\/uploads\/2025\/12\/allegro-image-11044.jpg",368,448,false],"large":["https:\/\/oponixo.shop\/tire\/wp-content\/uploads\/2025\/12\/allegro-image-11044.jpg",368,448,false],"1536x1536":["https:\/\/oponixo.shop\/tire\/wp-content\/uploads\/2025\/12\/allegro-image-11044.jpg",368,448,false],"2048x2048":["https:\/\/oponixo.shop\/tire\/wp-content\/uploads\/2025\/12\/allegro-image-11044.jpg",368,448,false],"woocommerce_thumbnail":["https:\/\/oponixo.shop\/tire\/wp-content\/uploads\/2025\/12\/allegro-image-11044-300x300.jpg",300,300,true],"woocommerce_single":["https:\/\/oponixo.shop\/tire\/wp-content\/uploads\/2025\/12\/allegro-image-11044.jpg",368,448,false],"woocommerce_gallery_thumbnail":["https:\/\/oponixo.shop\/tire\/wp-content\/uploads\/2025\/12\/allegro-image-11044-100x100.jpg",100,100,true]},"uagb_author_info":{"display_name":"admin","author_link":"https:\/\/oponixo.shop\/tire\/author\/"},"uagb_comment_info":0,"uagb_excerpt":"Bridgestone Weather Control A005 Evo 255\/55R19 111 W XL 3PMSF Producent: Bridgestone Model: Weather Control A005 Evo Sezon: ca\u0142oroczne Rozmiar: 255\/55R19 Data produkcji: do 36 miesi\u0119cy Zu\u017cycie paliwa: klasa B Przyczepno\u015b\u0107 na mokrym: klasa A","_links":{"self":[{"href":"https:\/\/oponixo.shop\/tire\/wp-json\/wp\/v2\/product\/11044","targetHints":{"allow":["GET"]}}],"collection":[{"href":"https:\/\/oponixo.shop\/tire\/wp-json\/wp\/v2\/product"}],"about":[{"href":"https:\/\/oponixo.shop\/tire\/wp-json\/wp\/v2\/types\/product"}],"wp:featuredmedia":[{"embeddable":true,"href":"https:\/\/oponixo.shop\/tire\/wp-json\/wp\/v2\/media\/11046"}],"wp:attachment":[{"href":"https:\/\/oponixo.shop\/tire\/wp-json\/wp\/v2\/media?parent=11044"}],"wp:term":[{"taxonomy":"product_brand","embeddable":true,"href":"https:\/\/oponixo.shop\/tire\/wp-json\/wp\/v2\/product_brand?post=11044"},{"taxonomy":"product_cat","embeddable":true,"href":"https:\/\/oponixo.shop\/tire\/wp-json\/wp\/v2\/product_cat?post=11044"},{"taxonomy":"product_tag","embeddable":true,"href":"https:\/\/oponixo.shop\/tire\/wp-json\/wp\/v2\/product_tag?post=11044"}],"curies":[{"name":"wp","href":"https:\/\/api.w.org\/{rel}","templated":true}]}}