{"id":11096,"date":"2025-12-31T03:32:21","date_gmt":"2025-12-31T03:32:21","guid":{"rendered":"https:\/\/oponyexpert.shop\/xef5\/produkt\/2x-vredestein-quatrac-pro-235-65r18-110v-xl-fr-2\/"},"modified":"2025-12-31T03:32:22","modified_gmt":"2025-12-31T03:32:22","slug":"2x-vredestein-quatrac-pro-235-65r18-110v-xl-fr-2","status":"publish","type":"product","link":"https:\/\/oponixo.shop\/tire\/produkt\/2x-vredestein-quatrac-pro-235-65r18-110v-xl-fr-2\/","title":{"rendered":"2x Vredestein Quatrac Pro+ 235\/65R18 110V XL FR"},"content":{"rendered":"<div style=\"font-family: Arial, sans-serif; line-height: 1.6; color: #333; padding: 20px; clear: both; display: block; width: 100%; float: none; position: static; overflow: hidden;\">\n<div style=\"clear: both; display: block; margin: 10px 0;\">\n<div style=\"clear: both; display: block; margin: 10px 0;\">\n<div style=\"clear: both; display: block; margin: 10px 0;\">\n<h1>Vredestein Quatrac Pro+ <\/h1>\n<h1>235\/65 R18 110V do 240 km\/h<\/h1>\n<h2>Kod produktu: 8714692984099<\/h2>\n<p style=\"margin: 15px 0; line-height: 1.8; clear: both; display: block; width: 100%; float: none; position: static;\">Opona Vredestein Quatrac Pro+ to zaawansowana opona ca\u0142oroczna, kt\u00f3ra zapewnia doskona\u0142\u0105 wydajno\u015b\u0107 i bezpiecze\u0144stwo przez ca\u0142y rok, niezale\u017cnie od warunk\u00f3w pogodowych. Opona ta jest produktem renomowanego holenderskiego producenta opon, kt\u00f3ry s\u0142ynie z wysokiej jako\u015bci produkt\u00f3w i innowacyjnych technologii. Model Quatrac Pro+ jest doskona\u0142ym wyborem dla kierowc\u00f3w, kt\u00f3rzy ceni\u0105 sobie wygod\u0119 i nie chc\u0105 traci\u0107 czasu na sezonowe zmiany opon. Dzi\u0119ki jej zaawansowanym technologiom i niezawodno\u015bci, mo\u017cna cieszy\u0107 si\u0119 bezpieczn\u0105 jazd\u0105 przez ca\u0142y rok, niezale\u017cnie od warunk\u00f3w pogodowych<\/p>\n<h2>Zakupione na tej aukcji opony mo\u017cesz odebra\u0107 i wymieni\u0107 w jednym z naszych serwis\u00f3w: MOTOHURT MARKI &#8211; MOTOHURT WOLA &#8211; MOTOHURT MOKOT\u00d3W<\/h2>\n<\/div>\n<\/div>\n<div style=\"clear: both; display: block; margin: 10px 0;\">\n<div style=\"clear: both; display: block; margin: 10px 0;\">\n<div  style=\"max-width:750px;max-height:1024px\">\n<div style=\"clear: both; display: block; margin: 10px 0;\">\n<div style=\"clear: both; width: 100%; display: block; margin: 20px 0; padding: 0; float: none; position: static; text-align: center;\"><img decoding=\"async\"  src=\"https:\/\/a.allegroimg.com\/original\/114250\/96d12977408783de581544c4d899\/2x-Vredestein-Quatrac-Pro-235-65R18-110V-XL-FR\" srcset=\"https:\/\/a.allegroimg.com\/original\/114250\/96d12977408783de581544c4d899\/2x-Vredestein-Quatrac-Pro-235-65R18-110V-XL-FR 263w,https:\/\/a.allegroimg.com\/original\/114250\/96d12977408783de581544c4d899\/2x-Vredestein-Quatrac-Pro-235-65R18-110V-XL-FR 527w,https:\/\/a.allegroimg.com\/original\/114250\/96d12977408783de581544c4d899\/2x-Vredestein-Quatrac-Pro-235-65R18-110V-XL-FR 750w,https:\/\/a.allegroimg.com\/original\/114250\/96d12977408783de581544c4d899\/2x-Vredestein-Quatrac-Pro-235-65R18-110V-XL-FR 750w\" sizes=\"(min-width: 1200px) 560px, (min-width: 992px) 50vw, 100vw\" width=\"750px\" alt=\"2x Vredestein Quatrac Pro+ 235\/65R18 110V XL FR\"\/ style=\"max-width: 100%; height: auto; display: block; margin: 0 auto;\"><\/div>\n<\/div>\n<\/div>\n<\/div>\n<\/div>\n<\/div>\n<div style=\"clear: both; display: block; margin: 10px 0;\">\n<div style=\"clear: both; display: block; margin: 10px 0;\">\n<div style=\"clear: both; display: block; margin: 10px 0;\">\n<div  style=\"max-width:212px;max-height:305px\">\n<div style=\"clear: both; display: block; margin: 10px 0;\">\n<div style=\"clear: both; width: 100%; display: block; margin: 20px 0; padding: 0; float: none; position: static; text-align: center;\"><img decoding=\"async\"  src=\"https:\/\/a.allegroimg.com\/original\/11540c\/c30719124c0882cf895db006e5a9\/2x-Vredestein-Quatrac-Pro-235-65R18-110V-XL-FR-Liczba-opon-w-ofercie-2-szt\" srcset=\"https:\/\/a.allegroimg.com\/original\/11540c\/c30719124c0882cf895db006e5a9\/2x-Vredestein-Quatrac-Pro-235-65R18-110V-XL-FR-Liczba-opon-w-ofercie-2-szt 212w,https:\/\/a.allegroimg.com\/original\/11540c\/c30719124c0882cf895db006e5a9\/2x-Vredestein-Quatrac-Pro-235-65R18-110V-XL-FR-Liczba-opon-w-ofercie-2-szt 212w\" sizes=\"(min-width: 1200px) 560px, (min-width: 992px) 50vw, 100vw\" width=\"212px\" alt=\"2x Vredestein Quatrac Pro+ 235\/65R18 110V XL FR Liczba opon w ofercie 2 szt.\"\/ style=\"max-width: 100%; height: auto; display: block; margin: 0 auto;\"><\/div>\n<\/div>\n<\/div>\n<\/div>\n<\/div>\n<div style=\"clear: both; display: block; margin: 10px 0;\">\n<div style=\"clear: both; display: block; margin: 10px 0;\">\n<h2>Marka: Vredestein<\/h2>\n<h2>Liczba opon w ofercie: 2<\/h2>\n<h2>Rok produkcji: <\/h2>\n<h2>Szeroko\u015b\u0107 opony: 235 mm<\/h2>\n<h2>Profil opony: 65<\/h2>\n<h2>\u015arednica: 18<\/h2>\n<h2>Indeks no\u015bno\u015bci: 110<\/h2>\n<h2>Indeks pr\u0119dko\u015bci: V do 240 km\/h<\/h2>\n<h2>Op\u00f3r toczenia: Klasa B<\/h2>\n<h2>Przyczepno\u015b\u0107 na mokrej nawierzchni: Klasa B<\/h2>\n<h2>Ha\u0142as zewn\u0119trzny: 71 dB<\/h2>\n<h2>Kod producenta: AP23565018VQPPA0F<\/h2>\n<h2>Sezon: Ca\u0142oroczne<\/h2>\n<\/div>\n<\/div>\n<\/div>\n<\/div>\n<\/div>\n<\/div>\n<div style=\"clear: both; display: block; margin: 10px 0;\">\n","protected":false},"excerpt":{"rendered":"<p>Vredestein Quatrac Pro+<\/p>\n<p>235\/65 R18 110V do 240 km\/h<\/p>\n<p>Kod produktu: 8714692984099<\/p>\n","protected":false},"featured_media":11098,"template":"","meta":{"_uag_custom_page_level_css":""},"product_brand":[436],"product_cat":[416,414,413,412],"product_tag":[],"class_list":{"0":"post-11096","1":"product","2":"type-product","3":"status-publish","4":"has-post-thumbnail","6":"product_brand-vredestein","7":"product_cat-caloroczne","8":"product_cat-do-samochodow-osobowych-i-suv","9":"product_cat-opony","10":"product_cat-opony-i-felgi","12":"first","13":"instock","14":"sale","15":"shipping-taxable","16":"purchasable","17":"product-type-simple"},"uagb_featured_image_src":{"full":["https:\/\/oponixo.shop\/tire\/wp-content\/uploads\/2025\/12\/allegro-image-11096.jpg",750,1024,false],"thumbnail":["https:\/\/oponixo.shop\/tire\/wp-content\/uploads\/2025\/12\/allegro-image-11096-150x150.jpg",150,150,true],"medium":["https:\/\/oponixo.shop\/tire\/wp-content\/uploads\/2025\/12\/allegro-image-11096-220x300.jpg",220,300,true],"medium_large":["https:\/\/oponixo.shop\/tire\/wp-content\/uploads\/2025\/12\/allegro-image-11096.jpg",750,1024,false],"large":["https:\/\/oponixo.shop\/tire\/wp-content\/uploads\/2025\/12\/allegro-image-11096.jpg",750,1024,false],"1536x1536":["https:\/\/oponixo.shop\/tire\/wp-content\/uploads\/2025\/12\/allegro-image-11096.jpg",750,1024,false],"2048x2048":["https:\/\/oponixo.shop\/tire\/wp-content\/uploads\/2025\/12\/allegro-image-11096.jpg",750,1024,false],"woocommerce_thumbnail":["https:\/\/oponixo.shop\/tire\/wp-content\/uploads\/2025\/12\/allegro-image-11096-300x300.jpg",300,300,true],"woocommerce_single":["https:\/\/oponixo.shop\/tire\/wp-content\/uploads\/2025\/12\/allegro-image-11096-600x819.jpg",600,819,true],"woocommerce_gallery_thumbnail":["https:\/\/oponixo.shop\/tire\/wp-content\/uploads\/2025\/12\/allegro-image-11096-100x100.jpg",100,100,true]},"uagb_author_info":{"display_name":"admin","author_link":"https:\/\/oponixo.shop\/tire\/author\/"},"uagb_comment_info":0,"uagb_excerpt":"Vredestein Quatrac Pro+ 235\/65 R18 110V do 240 km\/h Kod produktu: 8714692984099","_links":{"self":[{"href":"https:\/\/oponixo.shop\/tire\/wp-json\/wp\/v2\/product\/11096","targetHints":{"allow":["GET"]}}],"collection":[{"href":"https:\/\/oponixo.shop\/tire\/wp-json\/wp\/v2\/product"}],"about":[{"href":"https:\/\/oponixo.shop\/tire\/wp-json\/wp\/v2\/types\/product"}],"wp:featuredmedia":[{"embeddable":true,"href":"https:\/\/oponixo.shop\/tire\/wp-json\/wp\/v2\/media\/11098"}],"wp:attachment":[{"href":"https:\/\/oponixo.shop\/tire\/wp-json\/wp\/v2\/media?parent=11096"}],"wp:term":[{"taxonomy":"product_brand","embeddable":true,"href":"https:\/\/oponixo.shop\/tire\/wp-json\/wp\/v2\/product_brand?post=11096"},{"taxonomy":"product_cat","embeddable":true,"href":"https:\/\/oponixo.shop\/tire\/wp-json\/wp\/v2\/product_cat?post=11096"},{"taxonomy":"product_tag","embeddable":true,"href":"https:\/\/oponixo.shop\/tire\/wp-json\/wp\/v2\/product_tag?post=11096"}],"curies":[{"name":"wp","href":"https:\/\/api.w.org\/{rel}","templated":true}]}}