{"id":11128,"date":"2025-12-31T03:32:26","date_gmt":"2025-12-31T03:32:26","guid":{"rendered":"https:\/\/oponyexpert.shop\/xef5\/produkt\/2x-235-50r17-michelin-pilot-alpin-pa4-100v-grnx-xl\/"},"modified":"2025-12-31T03:32:26","modified_gmt":"2025-12-31T03:32:26","slug":"2x-235-50r17-michelin-pilot-alpin-pa4-100v-grnx-xl","status":"publish","type":"product","link":"https:\/\/oponixo.shop\/tire\/produkt\/2x-235-50r17-michelin-pilot-alpin-pa4-100v-grnx-xl\/","title":{"rendered":"2x 235\/50R17 Michelin Pilot Alpin PA4 100V GRNX XL"},"content":{"rendered":"<div style=\"font-family: Arial, sans-serif; line-height: 1.6; color: #333; padding: 20px; clear: both; display: block; width: 100%; float: none; position: static; overflow: hidden;\">\n<div style=\"clear: both; display: block; margin: 10px 0;\">\n<div style=\"clear: both; display: block; margin: 10px 0;\">\n<div style=\"clear: both; display: block; margin: 10px 0;\">\n<h1>2x 235\/50R17 Michelin Pilot Alpin PA4 100V GRNX XL  &#8211; zima<\/h1>\n<\/div>\n<\/div>\n<\/div>\n<div style=\"clear: both; display: block; margin: 10px 0;\">\n<div style=\"clear: both; display: block; margin: 10px 0;\">\n<div style=\"clear: both; display: block; margin: 10px 0;\">\n<div  style=\"max-width:800px;max-height:800px\">\n<div style=\"clear: both; display: block; margin: 10px 0;\">\n<div style=\"clear: both; width: 100%; display: block; margin: 20px 0; padding: 0; float: none; position: static; text-align: center;\"><img decoding=\"async\"  src=\"https:\/\/a.allegroimg.com\/original\/115115\/d1f6f5b94deb92fdfdf89e18ce40\/2x-235-50R17-Michelin-Pilot-Alpin-PA4-100V-GRNX-XL\" srcset=\"https:\/\/a.allegroimg.com\/original\/115115\/d1f6f5b94deb92fdfdf89e18ce40\/2x-235-50R17-Michelin-Pilot-Alpin-PA4-100V-GRNX-XL 360w,https:\/\/a.allegroimg.com\/original\/115115\/d1f6f5b94deb92fdfdf89e18ce40\/2x-235-50R17-Michelin-Pilot-Alpin-PA4-100V-GRNX-XL 720w,https:\/\/a.allegroimg.com\/original\/115115\/d1f6f5b94deb92fdfdf89e18ce40\/2x-235-50R17-Michelin-Pilot-Alpin-PA4-100V-GRNX-XL 800w,https:\/\/a.allegroimg.com\/original\/115115\/d1f6f5b94deb92fdfdf89e18ce40\/2x-235-50R17-Michelin-Pilot-Alpin-PA4-100V-GRNX-XL 800w\" sizes=\"(min-width: 1200px) 560px, (min-width: 992px) 50vw, 100vw\" width=\"800px\" alt=\"2x 235\/50R17 Michelin Pilot Alpin PA4 100V GRNX XL\"\/ style=\"max-width: 100%; height: auto; display: block; margin: 0 auto;\"><\/div>\n<\/div>\n<\/div>\n<\/div>\n<\/div>\n<div style=\"clear: both; display: block; margin: 10px 0;\">\n<div style=\"clear: both; display: block; margin: 10px 0;\">\n<ul style=\"margin: 15px 0; padding-left: 20px; clear: both; display: block; width: 100%; float: none; position: static;\">\n<li style=\"margin: 5px 0; padding: 2px 0; clear: both; display: list-item; float: none; position: static;\"><b>Liczba opon w ofercie:<\/b> 2 szt.<\/li>\n<li style=\"margin: 5px 0; padding: 2px 0; clear: both; display: list-item; float: none; position: static;\"><b>Stan: <\/b>Nowy<\/li>\n<li style=\"margin: 5px 0; padding: 2px 0; clear: both; display: list-item; float: none; position: static;\"><b>Wysoko\u015b\u0107:<\/b> 50<\/li>\n<li style=\"margin: 5px 0; padding: 2px 0; clear: both; display: list-item; float: none; position: static;\"><b>\u015arednica:<\/b> 17<\/li>\n<li style=\"margin: 5px 0; padding: 2px 0; clear: both; display: list-item; float: none; position: static;\"><b>Szeroko\u015b\u0107:<\/b> 235<\/li>\n<li style=\"margin: 5px 0; padding: 2px 0; clear: both; display: list-item; float: none; position: static;\"><b>Marka: <\/b>MICHELIN<\/li>\n<li style=\"margin: 5px 0; padding: 2px 0; clear: both; display: list-item; float: none; position: static;\"><b>Model: <\/b>PILOT ALPIN PA4<\/li>\n<li style=\"margin: 5px 0; padding: 2px 0; clear: both; display: list-item; float: none; position: static;\"><b>Sezon:<\/b> zima<\/li>\n<li style=\"margin: 5px 0; padding: 2px 0; clear: both; display: list-item; float: none; position: static;\"><b>Indeks no\u015bno\u015bci:<\/b> 100<\/li>\n<li style=\"margin: 5px 0; padding: 2px 0; clear: both; display: list-item; float: none; position: static;\"><b>Indeks pr\u0119dko\u015bci:<\/b> V<\/li>\n<li style=\"margin: 5px 0; padding: 2px 0; clear: both; display: list-item; float: none; position: static;\"><b>Rok produkcji (DOT):<\/b> 2022<\/li>\n<li style=\"margin: 5px 0; padding: 2px 0; clear: both; display: list-item; float: none; position: static;\"><b>Ha\u0142as zewn\u0119trzny:<\/b> 70<\/li>\n<li style=\"margin: 5px 0; padding: 2px 0; clear: both; display: list-item; float: none; position: static;\"><b>Efektywno\u015b\u0107 energetyczna:<\/b> C<\/li>\n<li style=\"margin: 5px 0; padding: 2px 0; clear: both; display: list-item; float: none; position: static;\"><b>Przyczepno\u015b\u0107 na mokrej nawierzchni:<\/b> C<\/li>\n<li style=\"margin: 5px 0; padding: 2px 0; clear: both; display: list-item; float: none; position: static;\"><b>Dodatkowe oznaczenia opony:<\/b> XL, GRNX<\/li>\n<\/ul>\n<\/div>\n<\/div>\n<\/div>\n<div style=\"clear: both; display: block; margin: 10px 0;\">\n<div style=\"clear: both; display: block; margin: 10px 0;\">\n<div style=\"clear: both; display: block; margin: 10px 0;\">\n<h2>Opona 235\/50R17 MICHELIN PILOT ALPIN PA4 100V GRNX XL<\/h2>\n<p style=\"margin: 15px 0; line-height: 1.8; clear: both; display: block; width: 100%; float: none; position: static;\">\nProducent opony<br \/>\n<b>MICHELIN<\/b><br \/>\nPrzeznaczenie<br \/>\n<b>OPONY OSOBOWE<br \/>\n<\/b><br \/>\nSezon<br \/>\n<b>OPONY ZIMOWE<br \/>\n<\/b><br \/>\nWymiary<br \/>\n<b>OPONA NA FELG\u0118 R17 CALI<\/b><br \/>\n, szeroko\u015b\u0107 235 mm<br \/>\n, profil 50<br \/>\nIndeks pr\u0119dko\u015bci<br \/>\nV co oznacza, \u017ce zgodnie z przepisami ruchu drogowego mo\u017cesz si\u0119 ni\u0105 porusza\u0107 z maksymaln\u0105 pr\u0119dko\u015bci\u0105 do 240km\/h<br \/>\nIndeks no\u015bno\u015bci<br \/>\n100<br \/>\nKlasa efektywno\u015bci energetycznej<br \/>\nC<br \/>\nHa\u0142as na zewn\u0105trz pojazdu<br \/>\n70 db<br \/>\nPrzyczepno\u015b\u0107 na mokrej nawierzchni<br \/>\nC<br \/>\nRok produkcji<br \/>\n2022 rok<br \/>\nStan opony<br \/>\n<b>NOWE OPONY<\/b> (posiada gwarancj\u0119 producenta) &#8211; opona nowa jest to produkt pochodz\u0105cy z prosto z fabryki danego producenta, w momencie zakupu nie starszy ni\u017c 36 miesi\u0119cy od daty wyprodukowania. Opona taka charakteryzuje si\u0119 najwy\u017csz\u0105 jako\u015bci\u0105 oraz najlepszymi parametrami jezdnymi. Decyduj\u0105c si\u0119 na zakup opon nowych otrzymujesz gwarancj\u0119 producenta (do 5 lat od daty produkcji opony) oraz dodatkowo 2-letni\u0105 ochron\u0119 naszego serwisu.\n<\/p>\n<p style=\"margin: 15px 0; line-height: 1.8; clear: both; display: block; width: 100%; float: none; position: static;\">Kup opony <b>235\/50R17 MICHELIN PILOT ALPIN PA4 100V GRNX XL<\/b> w naszym sklepie internetowym<b> x-opony.pl<\/b> i skorzystaj z darmowej wysy\u0142ki!<\/p>\n<\/div>\n<\/div>\n<\/div>\n<div style=\"clear: both; display: block; margin: 10px 0;\">\n<div style=\"clear: both; display: block; margin: 10px 0;\">\n<div style=\"clear: both; display: block; margin: 10px 0;\">\n<p style=\"margin: 15px 0; line-height: 1.8; clear: both; display: block; width: 100%; float: none; position: static;\"><b>Michelin<\/b> to jeden z najwi\u0119kszych lider\u00f3w w produkcji opon w Europie i na \u015bwiecie. Siedziba przedsi\u0119biorstwa znajduje si\u0119 w Clermont \u2013 Ferrand we Francji. Firma zosta\u0142a za\u0142o\u017cona przez braci Andrego i Eduarda Michelin\u00f3w w 1889 roku. Michelin dysponuje 69 zak\u0142adami produkcyjnymi w niemal 20 krajach, natomiast centrum technologii zlokalizowane jest na 3 kontynentach: w Europie, Azji i Ameryce P\u00f3\u0142nocnej. Michelin swoj\u0105 dzia\u0142alno\u015b\u0107 w Polsce rozpocz\u0105\u0142 w 1994 roku. G\u0142\u00f3wna siedziba firmy znajduje si\u0119 w Olsztynie. Grupa Michelin produkuje i sprzedaje opony m.in. dla samochod\u00f3w osobowych, ci\u0119\u017carowych, samolot\u00f3w, rower\u00f3w, motocykli i prom\u00f3w kosmicznych. Produkty tej firmy zaspokajaj\u0105 oczekiwania nawet najbardziej wymagaj\u0105cych klient\u00f3w, kt\u00f3rzy ceni\u0105 sobie wysokie osi\u0105gi w ka\u017cdych warunkach. Michelin cechuje wysoki poziom bezpiecze\u0144stwa, trwa\u0142o\u015b\u0107, a tak\u017ce oszcz\u0119dno\u015b\u0107 paliwa.<\/p>\n<\/div>\n<\/div>\n<div style=\"clear: both; display: block; margin: 10px 0;\">\n<div style=\"clear: both; display: block; margin: 10px 0;\">\n<div  style=\"max-width:600px;max-height:200px\">\n<div style=\"clear: both; display: block; margin: 10px 0;\">\n<div style=\"clear: both; width: 100%; display: block; margin: 20px 0; padding: 0; float: none; position: static; text-align: center;\"><img decoding=\"async\"  src=\"https:\/\/a.allegroimg.com\/original\/115c5a\/a34aced9437d8fd2316d4f0fffa3\/2x-235-50R17-Michelin-Pilot-Alpin-PA4-100V-GRNX-XL-Marka-Michelin\" srcset=\"https:\/\/a.allegroimg.com\/original\/115c5a\/a34aced9437d8fd2316d4f0fffa3\/2x-235-50R17-Michelin-Pilot-Alpin-PA4-100V-GRNX-XL-Marka-Michelin 360w,https:\/\/a.allegroimg.com\/original\/115c5a\/a34aced9437d8fd2316d4f0fffa3\/2x-235-50R17-Michelin-Pilot-Alpin-PA4-100V-GRNX-XL-Marka-Michelin 600w,https:\/\/a.allegroimg.com\/original\/115c5a\/a34aced9437d8fd2316d4f0fffa3\/2x-235-50R17-Michelin-Pilot-Alpin-PA4-100V-GRNX-XL-Marka-Michelin 600w\" sizes=\"(min-width: 1200px) 560px, (min-width: 992px) 50vw, 100vw\" width=\"600px\" alt=\"2x 235\/50R17 Michelin Pilot Alpin PA4 100V GRNX XL Marka Michelin\"\/ style=\"max-width: 100%; height: auto; display: block; margin: 0 auto;\"><\/div>\n<\/div>\n<\/div>\n<\/div>\n<\/div>\n<\/div>\n<div style=\"clear: both; display: block; margin: 10px 0;\">\n<div style=\"clear: both; display: block; margin: 10px 0;\">\n<div style=\"clear: both; display: block; margin: 10px 0;\">\n<div  style=\"max-width:256px;max-height:375px\">\n<div style=\"clear: both; display: block; margin: 10px 0;\">\n<div style=\"clear: both; width: 100%; display: block; margin: 20px 0; padding: 0; float: none; position: static; text-align: center;\"><img decoding=\"async\"  src=\"https:\/\/a.allegroimg.com\/original\/119520\/c945c07148dbbc07574e250973db\/2x-235-50R17-Michelin-Pilot-Alpin-PA4-100V-GRNX-XL-Liczba-opon-w-ofercie-2-szt\" srcset=\"https:\/\/a.allegroimg.com\/original\/119520\/c945c07148dbbc07574e250973db\/2x-235-50R17-Michelin-Pilot-Alpin-PA4-100V-GRNX-XL-Liczba-opon-w-ofercie-2-szt 245w,https:\/\/a.allegroimg.com\/original\/119520\/c945c07148dbbc07574e250973db\/2x-235-50R17-Michelin-Pilot-Alpin-PA4-100V-GRNX-XL-Liczba-opon-w-ofercie-2-szt 256w,https:\/\/a.allegroimg.com\/original\/119520\/c945c07148dbbc07574e250973db\/2x-235-50R17-Michelin-Pilot-Alpin-PA4-100V-GRNX-XL-Liczba-opon-w-ofercie-2-szt 256w\" sizes=\"(min-width: 1200px) 560px, (min-width: 992px) 50vw, 100vw\" width=\"256px\" alt=\"2x 235\/50R17 Michelin Pilot Alpin PA4 100V GRNX XL Liczba opon w ofercie 2 szt.\"\/ style=\"max-width: 100%; height: auto; display: block; margin: 0 auto;\"><\/div>\n<\/div>\n<\/div>\n<\/div>\n<\/div>\n<div style=\"clear: both; display: block; margin: 10px 0;\">\n<div style=\"clear: both; display: block; margin: 10px 0;\">\n<ul style=\"margin: 15px 0; padding-left: 20px; clear: both; display: block; width: 100%; float: none; position: static;\">\n<li style=\"margin: 5px 0; padding: 2px 0; clear: both; display: list-item; float: none; position: static;\">Efektywno\u015b\u0107 energetyczna \/ op\u00f3r toczenia (oszcz\u0119dno\u015b\u0107)<\/li>\n<\/ul>\n<p style=\"margin: 15px 0; line-height: 1.8; clear: both; display: block; width: 100%; float: none; position: static;\">Przez odkszta\u0142canie si\u0119 opony i tarcie podczas jazdy powstaj\u0105 straty energii czyli op\u00f3r toczenia. Opona o mniejszym oporze toczenia zu\u017cywa mniej energii, dzi\u0119ki czemu spalamy mniej paliwa i mniej spalin trafia do atmosfery.<\/p>\n<ul style=\"margin: 15px 0; padding-left: 20px; clear: both; display: block; width: 100%; float: none; position: static;\">\n<li style=\"margin: 5px 0; padding: 2px 0; clear: both; display: list-item; float: none; position: static;\">Przyczepno\u015b\u0107 na mokrej nawierzchni<\/li>\n<\/ul>\n<p style=\"margin: 15px 0; line-height: 1.8; clear: both; display: block; width: 100%; float: none; position: static;\">Ten parametr ma kluczowe znaczenie je\u015bli chodzi o bezpiecze\u0144stwo jazdy. Mierzy si\u0119 go w metrach od momentu rozpocz\u0119cia hamowania do zatrzymania pojazdu. R\u00f3\u017cnica mi\u0119dzy ocenami A a F wynosi ponad 18 metr\u00f3w d\u0142ugo\u015bci hamowania dla samochod\u00f3w osobowych przy pr\u0119dko\u015bci 80 km\/h.<\/p>\n<ul style=\"margin: 15px 0; padding-left: 20px; clear: both; display: block; width: 100%; float: none; position: static;\">\n<li style=\"margin: 5px 0; padding: 2px 0; clear: both; display: list-item; float: none; position: static;\">Zewn\u0119trzny ha\u0142as toczenia<\/li>\n<\/ul>\n<p style=\"margin: 15px 0; line-height: 1.8; clear: both; display: block; width: 100%; float: none; position: static;\">To ha\u0142as generowany przez opony w ruchu, mierzony w decybelach. Im na symbolu wi\u0119cej czarnych pask\u00f3w, tym g\u0142o\u015bniejsza jest opona. Im cichsza opona, tym bardziej jest ona przyjazna dla \u015brodowiska.<\/p>\n<\/div>\n<\/div>\n<\/div>\n<\/div>\n<\/div>\n<\/div>\n<div style=\"clear: both; display: block; margin: 10px 0;\">\n","protected":false},"excerpt":{"rendered":"<p>2x 235\/50R17 Michelin Pilot Alpin PA4 100V GRNX XL &#8211; zima<\/p>\n<p>Liczba opon w ofercie: 2 szt.<\/p>\n<p>Stan: Nowy<\/p>\n<p>Wysoko\u015b\u0107: 50<\/p>\n<p>\u015arednica: 17<\/p>\n<p>Szeroko\u015b\u0107: 235<\/p>\n<p>Marka: MICHELIN<\/p>\n<p>Model: PILOT ALPIN PA4<\/p>\n","protected":false},"featured_media":11130,"template":"","meta":{"_uag_custom_page_level_css":""},"product_brand":[429],"product_cat":[414,413,412,415],"product_tag":[],"class_list":{"0":"post-11128","1":"product","2":"type-product","3":"status-publish","4":"has-post-thumbnail","6":"product_brand-michelin","7":"product_cat-do-samochodow-osobowych-i-suv","8":"product_cat-opony","9":"product_cat-opony-i-felgi","10":"product_cat-zimowe","12":"first","13":"instock","14":"sale","15":"shipping-taxable","16":"purchasable","17":"product-type-simple"},"uagb_featured_image_src":{"full":["https:\/\/oponixo.shop\/tire\/wp-content\/uploads\/2025\/12\/allegro-image-11128.jpg",800,800,false],"thumbnail":["https:\/\/oponixo.shop\/tire\/wp-content\/uploads\/2025\/12\/allegro-image-11128-150x150.jpg",150,150,true],"medium":["https:\/\/oponixo.shop\/tire\/wp-content\/uploads\/2025\/12\/allegro-image-11128-300x300.jpg",300,300,true],"medium_large":["https:\/\/oponixo.shop\/tire\/wp-content\/uploads\/2025\/12\/allegro-image-11128-768x768.jpg",768,768,true],"large":["https:\/\/oponixo.shop\/tire\/wp-content\/uploads\/2025\/12\/allegro-image-11128.jpg",800,800,false],"1536x1536":["https:\/\/oponixo.shop\/tire\/wp-content\/uploads\/2025\/12\/allegro-image-11128.jpg",800,800,false],"2048x2048":["https:\/\/oponixo.shop\/tire\/wp-content\/uploads\/2025\/12\/allegro-image-11128.jpg",800,800,false],"woocommerce_thumbnail":["https:\/\/oponixo.shop\/tire\/wp-content\/uploads\/2025\/12\/allegro-image-11128-300x300.jpg",300,300,true],"woocommerce_single":["https:\/\/oponixo.shop\/tire\/wp-content\/uploads\/2025\/12\/allegro-image-11128-600x600.jpg",600,600,true],"woocommerce_gallery_thumbnail":["https:\/\/oponixo.shop\/tire\/wp-content\/uploads\/2025\/12\/allegro-image-11128-100x100.jpg",100,100,true]},"uagb_author_info":{"display_name":"admin","author_link":"https:\/\/oponixo.shop\/tire\/author\/"},"uagb_comment_info":0,"uagb_excerpt":"2x 235\/50R17 Michelin Pilot Alpin PA4 100V GRNX XL - zima Liczba opon w ofercie: 2 szt. Stan: Nowy Wysoko\u015b\u0107: 50 \u015arednica: 17 Szeroko\u015b\u0107: 235 Marka: MICHELIN Model: PILOT ALPIN PA4","_links":{"self":[{"href":"https:\/\/oponixo.shop\/tire\/wp-json\/wp\/v2\/product\/11128","targetHints":{"allow":["GET"]}}],"collection":[{"href":"https:\/\/oponixo.shop\/tire\/wp-json\/wp\/v2\/product"}],"about":[{"href":"https:\/\/oponixo.shop\/tire\/wp-json\/wp\/v2\/types\/product"}],"wp:featuredmedia":[{"embeddable":true,"href":"https:\/\/oponixo.shop\/tire\/wp-json\/wp\/v2\/media\/11130"}],"wp:attachment":[{"href":"https:\/\/oponixo.shop\/tire\/wp-json\/wp\/v2\/media?parent=11128"}],"wp:term":[{"taxonomy":"product_brand","embeddable":true,"href":"https:\/\/oponixo.shop\/tire\/wp-json\/wp\/v2\/product_brand?post=11128"},{"taxonomy":"product_cat","embeddable":true,"href":"https:\/\/oponixo.shop\/tire\/wp-json\/wp\/v2\/product_cat?post=11128"},{"taxonomy":"product_tag","embeddable":true,"href":"https:\/\/oponixo.shop\/tire\/wp-json\/wp\/v2\/product_tag?post=11128"}],"curies":[{"name":"wp","href":"https:\/\/api.w.org\/{rel}","templated":true}]}}