{"id":11139,"date":"2025-12-31T03:57:49","date_gmt":"2025-12-31T03:57:49","guid":{"rendered":"https:\/\/oponyexpert.shop\/xef5\/produkt\/2x-opona-zimowa-falken-eurowinter-hs02pro-225-50r19-96v-fr\/"},"modified":"2025-12-31T03:57:49","modified_gmt":"2025-12-31T03:57:49","slug":"2x-opona-zimowa-falken-eurowinter-hs02pro-225-50r19-96v-fr","status":"publish","type":"product","link":"https:\/\/oponixo.shop\/tire\/produkt\/2x-opona-zimowa-falken-eurowinter-hs02pro-225-50r19-96v-fr\/","title":{"rendered":"2x Opona zimowa Falken EUROWINTER HS02PRO 225\/50R19 96V FR"},"content":{"rendered":"<div style=\"font-family: Arial, sans-serif; line-height: 1.6; color: #333; padding: 20px; clear: both; display: block; width: 100%; float: none; position: static; overflow: hidden;\">\n<div style=\"clear: both; display: block; margin: 10px 0;\">\n<div style=\"clear: both; display: block; margin: 10px 0;\">\n<div style=\"clear: both; display: block; margin: 10px 0;\">\n<h3 style=\"color: #2c5aa0; font-size: 18px; margin: 30px 0 15px 0; font-weight: bold; clear: both; display: block; width: 100%; float: none; position: static;\">2x Opona zimowa Falken EUROWINTER HS02PRO 225\/50R19 96V FR<\/h3>\n<\/div>\n<\/div>\n<\/div>\n<div style=\"clear: both; display: block; margin: 10px 0;\">\n<div style=\"clear: both; display: block; margin: 10px 0;\">\n<div style=\"clear: both; display: block; margin: 10px 0;\">\n<div  style=\"max-width:500px;max-height:500px\">\n<div style=\"clear: both; display: block; margin: 10px 0;\">\n<div style=\"clear: both; width: 100%; display: block; margin: 20px 0; padding: 0; float: none; position: static; text-align: center;\"><img decoding=\"async\"  src=\"https:\/\/a.allegroimg.com\/original\/11fec4\/a95a531243c5a5e6e5aee3ecef53\/2x-Opona-zimowa-Falken-EUROWINTER-HS02PRO-225-50R19-96V-FR\" srcset=\"https:\/\/a.allegroimg.com\/original\/11fec4\/a95a531243c5a5e6e5aee3ecef53\/2x-Opona-zimowa-Falken-EUROWINTER-HS02PRO-225-50R19-96V-FR 360w,https:\/\/a.allegroimg.com\/original\/11fec4\/a95a531243c5a5e6e5aee3ecef53\/2x-Opona-zimowa-Falken-EUROWINTER-HS02PRO-225-50R19-96V-FR 500w,https:\/\/a.allegroimg.com\/original\/11fec4\/a95a531243c5a5e6e5aee3ecef53\/2x-Opona-zimowa-Falken-EUROWINTER-HS02PRO-225-50R19-96V-FR 500w\" sizes=\"(min-width: 1200px) 560px, (min-width: 992px) 50vw, 100vw\" width=\"500px\" alt=\"2x Opona zimowa Falken EUROWINTER HS02PRO 225\/50R19 96V FR\"\/ style=\"max-width: 100%; height: auto; display: block; margin: 0 auto;\"><\/div>\n<\/div>\n<\/div>\n<\/div>\n<\/div>\n<div style=\"clear: both; display: block; margin: 10px 0;\">\n<div style=\"clear: both; display: block; margin: 10px 0;\">\n<ul style=\"margin: 15px 0; padding-left: 20px; clear: both; display: block; width: 100%; float: none; position: static;\">\n<li style=\"margin: 5px 0; padding: 2px 0; clear: both; display: list-item; float: none; position: static;\">Marka: <b>Falken<\/b><\/li>\n<li style=\"margin: 5px 0; padding: 2px 0; clear: both; display: list-item; float: none; position: static;\">Liczba opon w ofercie: <b>2 szt.<\/b><\/li>\n<li style=\"margin: 5px 0; padding: 2px 0; clear: both; display: list-item; float: none; position: static;\">Sezon: <b>Zimowe<\/b><\/li>\n<li style=\"margin: 5px 0; padding: 2px 0; clear: both; display: list-item; float: none; position: static;\">Model: <b>EUROWINTER HS02PRO<\/b><\/li>\n<li style=\"margin: 5px 0; padding: 2px 0; clear: both; display: list-item; float: none; position: static;\">Szeroko\u015b\u0107: <b>225<\/b><\/li>\n<li style=\"margin: 5px 0; padding: 2px 0; clear: both; display: list-item; float: none; position: static;\">Profil: <b>50<\/b><\/li>\n<li style=\"margin: 5px 0; padding: 2px 0; clear: both; display: list-item; float: none; position: static;\">\u015arednica: <b>19<\/b><\/li>\n<li style=\"margin: 5px 0; padding: 2px 0; clear: both; display: list-item; float: none; position: static;\">Index no\u015bno\u015bci: <b>96<\/b><\/li>\n<li style=\"margin: 5px 0; padding: 2px 0; clear: both; display: list-item; float: none; position: static;\">Index pr\u0119dko\u015bci: <b>V<\/b><\/li>\n<li style=\"margin: 5px 0; padding: 2px 0; clear: both; display: list-item; float: none; position: static;\">Hamowanie na mokrym: <b>B<\/b><\/li>\n<li style=\"margin: 5px 0; padding: 2px 0; clear: both; display: list-item; float: none; position: static;\">Op\u00f3r toczenia: <b>D<\/b><\/li>\n<li style=\"margin: 5px 0; padding: 2px 0; clear: both; display: list-item; float: none; position: static;\">Ha\u0142as zewn\u0119trzny: <b>72dB<\/b><\/li>\n<li style=\"margin: 5px 0; padding: 2px 0; clear: both; display: list-item; float: none; position: static;\">SAP: <b>356556<\/b><\/li>\n<li style=\"margin: 5px 0; padding: 2px 0; clear: both; display: list-item; float: none; position: static;\">EAN: <b>4250427436531<\/b><\/li>\n<\/ul>\n<\/div>\n<\/div>\n<\/div>\n<div style=\"clear: both; display: block; margin: 10px 0;\">\n<div style=\"clear: both; display: block; margin: 10px 0;\">\n<div style=\"clear: both; display: block; margin: 10px 0;\">\n<h3 style=\"color: #2c5aa0; font-size: 18px; margin: 30px 0 15px 0; font-weight: bold; clear: both; display: block; width: 100%; float: none; position: static;\">Rok produkcji (DOT): 2025\/2024 &#8211; kupuj\u0105c z tej oferty otrzymasz opony fabrycznie nowe.<\/h3>\n<p style=\"margin: 15px 0; line-height: 1.8; clear: both; display: block; width: 100%; float: none; position: static;\">Specjali\u015bci z Polskiego Zwi\u0105zku Przemys\u0142u Oponiarskiego (PZPO) podkre\u015blaj\u0105, \u017ce nowe opony, przechowywane w odpowiednich warunkach, zachowuj\u0105 pe\u0142n\u0105 warto\u015b\u0107 i nie r\u00f3\u017cni\u0105 si\u0119 jako\u015bciowo od tych pochodz\u0105cych z bie\u017c\u0105cej produkcji. Wynika to z faktu, \u017ce proces starzenia si\u0119 opon nast\u0119puje wy\u0142\u0105cznie podczas ich eksploatacji, a nie w trakcie przechowywania.<\/p>\n<\/div>\n<\/div>\n<\/div>\n<div style=\"clear: both; display: block; margin: 10px 0;\">\n<div style=\"clear: both; display: block; margin: 10px 0;\">\n<div style=\"clear: both; display: block; margin: 10px 0;\">\n<h3 style=\"color: #2c5aa0; font-size: 18px; margin: 30px 0 15px 0; font-weight: bold; clear: both; display: block; width: 100%; float: none; position: static;\">Rok produkcji opony znajdziesz na jej boku, przy oznaczeniu DOT. Cztery ostatnie cyfry m\u00f3wi\u0105, kiedy opona zosta\u0142a wyprodukowana:<\/h3>\n<ul style=\"margin: 15px 0; padding-left: 20px; clear: both; display: block; width: 100%; float: none; position: static;\">\n<li style=\"margin: 5px 0; padding: 2px 0; clear: both; display: list-item; float: none; position: static;\">Pierwsze dwie \u2013 tydzie\u0144 produkcji,<\/li>\n<li style=\"margin: 5px 0; padding: 2px 0; clear: both; display: list-item; float: none; position: static;\">Ostatnie dwie \u2013 rok produkcji.\u00a0<\/li>\n<\/ul>\n<p style=\"margin: 15px 0; line-height: 1.8; clear: both; display: block; width: 100%; float: none; position: static;\">Przyk\u0142ad: 1924 oznacza, \u017ce opona zosta\u0142a wyprodukowana w 19 tygodniu 2024 roku.<\/p>\n<\/div>\n<\/div>\n<\/div>\n<div style=\"clear: both; display: block; margin: 10px 0;\">\n<div style=\"clear: both; display: block; margin: 10px 0;\">\n<div style=\"clear: both; display: block; margin: 10px 0;\">\n<h3 style=\"color: #2c5aa0; font-size: 18px; margin: 30px 0 15px 0; font-weight: bold; clear: both; display: block; width: 100%; float: none; position: static;\">Pewno\u015b\u0107 w zimowych warunkach.<\/h3>\n<ul style=\"margin: 15px 0; padding-left: 20px; clear: both; display: block; width: 100%; float: none; position: static;\">\n<li style=\"margin: 5px 0; padding: 2px 0; clear: both; display: list-item; float: none; position: static;\">Konstrukcja opony FALKEN EUROWINTER HS02 PRO gwarantuje precyzyjne prowadzenie w ka\u017cdych zimowych warunkach.<\/li>\n<li style=\"margin: 5px 0; padding: 2px 0; clear: both; display: list-item; float: none; position: static;\">Dzi\u0119ki asymetrycznemu bie\u017cnikowi \u0142\u0105czy doskona\u0142e osi\u0105gi z wysokim poziomem bezpiecze\u0144stwa na mokrych i za\u015bnie\u017conych drogach.<\/li>\n<li style=\"margin: 5px 0; padding: 2px 0; clear: both; display: list-item; float: none; position: static;\">\u015aciany boczne opony zaprojektowano z my\u015bl\u0105 o wysokiej aerodynamice, co dodatkowo wp\u0142ywa na jej osi\u0105gi.<\/li>\n<\/ul>\n<p style=\"margin: 15px 0; line-height: 1.8; clear: both; display: block; width: 100%; float: none; position: static;\"><b>Zaawansowana mieszanka gumowa dla lepszej przyczepno\u015bci.<\/b>W oponie FALKEN EUROWINTER HS02 PRO zastosowano mieszank\u0119 gumow\u0105 opart\u0105 na technologii 4D-Nano Design, kt\u00f3ra umo\u017cliwia kontrol\u0119 nad struktur\u0105 molekularn\u0105 mieszanki ju\u017c na etapie projektowania. Takie rozwi\u0105zanie znacz\u0105co poprawia przyczepno\u015b\u0107 na mokrych nawierzchniach, a tak\u017ce zmniejsza utrat\u0119 energii, co pozwala obni\u017cy\u0107 zu\u017cycie paliwa o nawet 5%.<b>L\u017cejsza konstrukcja dla lepszych osi\u0105g\u00f3w.<\/b>Dzi\u0119ki zmniejszeniu masy opony o 14% w por\u00f3wnaniu do poprzedniego modelu, FALKEN EUROWINTER HS02 PRO oferuje lepsze hamowanie i efektywniejsze przyspieszenie. L\u017cejsza konstrukcja zmniejsza r\u00f3wnie\u017c opory toczenia oraz ogranicza zu\u017cycie element\u00f3w zawieszenia, co przek\u0142ada si\u0119 na og\u00f3lnie wy\u017csz\u0105 wydajno\u015b\u0107 pojazdu.<\/p>\n<p style=\"margin: 15px 0; line-height: 1.8; clear: both; display: block; width: 100%; float: none; position: static;\">\u00a0<\/p>\n<\/div>\n<\/div>\n<\/div>\n<\/div>\n<\/div>\n<\/div>\n<div style=\"clear: both; display: block; margin: 10px 0;\">\n","protected":false},"excerpt":{"rendered":"<p>2x Opona zimowa Falken EUROWINTER HS02PRO 225\/50R19 96V FR<\/p>\n<p>Marka: Falken<\/p>\n<p>Liczba opon w ofercie: 2 szt.<\/p>\n<p>Sezon: Zimowe<\/p>\n<p>Model: EUROWINTER HS02PRO<\/p>\n<p>Szeroko\u015b\u0107: 225<\/p>\n<p>Profil: 50<\/p>\n<p>\u015arednica: 19<\/p>\n","protected":false},"featured_media":11140,"template":"","meta":{"_uag_custom_page_level_css":""},"product_brand":[451],"product_cat":[414,413,412,415],"product_tag":[],"class_list":{"0":"post-11139","1":"product","2":"type-product","3":"status-publish","4":"has-post-thumbnail","6":"product_brand-falken","7":"product_cat-do-samochodow-osobowych-i-suv","8":"product_cat-opony","9":"product_cat-opony-i-felgi","10":"product_cat-zimowe","12":"first","13":"instock","14":"shipping-taxable","15":"purchasable","16":"product-type-simple"},"uagb_featured_image_src":{"full":["https:\/\/oponixo.shop\/tire\/wp-content\/uploads\/2025\/12\/allegro-image-11139.jpg",500,500,false],"thumbnail":["https:\/\/oponixo.shop\/tire\/wp-content\/uploads\/2025\/12\/allegro-image-11139-150x150.jpg",150,150,true],"medium":["https:\/\/oponixo.shop\/tire\/wp-content\/uploads\/2025\/12\/allegro-image-11139-300x300.jpg",300,300,true],"medium_large":["https:\/\/oponixo.shop\/tire\/wp-content\/uploads\/2025\/12\/allegro-image-11139.jpg",500,500,false],"large":["https:\/\/oponixo.shop\/tire\/wp-content\/uploads\/2025\/12\/allegro-image-11139.jpg",500,500,false],"1536x1536":["https:\/\/oponixo.shop\/tire\/wp-content\/uploads\/2025\/12\/allegro-image-11139.jpg",500,500,false],"2048x2048":["https:\/\/oponixo.shop\/tire\/wp-content\/uploads\/2025\/12\/allegro-image-11139.jpg",500,500,false],"woocommerce_thumbnail":["https:\/\/oponixo.shop\/tire\/wp-content\/uploads\/2025\/12\/allegro-image-11139-300x300.jpg",300,300,true],"woocommerce_single":["https:\/\/oponixo.shop\/tire\/wp-content\/uploads\/2025\/12\/allegro-image-11139.jpg",500,500,false],"woocommerce_gallery_thumbnail":["https:\/\/oponixo.shop\/tire\/wp-content\/uploads\/2025\/12\/allegro-image-11139-100x100.jpg",100,100,true]},"uagb_author_info":{"display_name":"admin","author_link":"https:\/\/oponixo.shop\/tire\/author\/"},"uagb_comment_info":0,"uagb_excerpt":"2x Opona zimowa Falken EUROWINTER HS02PRO 225\/50R19 96V FR Marka: Falken Liczba opon w ofercie: 2 szt. Sezon: Zimowe Model: EUROWINTER HS02PRO Szeroko\u015b\u0107: 225 Profil: 50 \u015arednica: 19","_links":{"self":[{"href":"https:\/\/oponixo.shop\/tire\/wp-json\/wp\/v2\/product\/11139","targetHints":{"allow":["GET"]}}],"collection":[{"href":"https:\/\/oponixo.shop\/tire\/wp-json\/wp\/v2\/product"}],"about":[{"href":"https:\/\/oponixo.shop\/tire\/wp-json\/wp\/v2\/types\/product"}],"wp:featuredmedia":[{"embeddable":true,"href":"https:\/\/oponixo.shop\/tire\/wp-json\/wp\/v2\/media\/11140"}],"wp:attachment":[{"href":"https:\/\/oponixo.shop\/tire\/wp-json\/wp\/v2\/media?parent=11139"}],"wp:term":[{"taxonomy":"product_brand","embeddable":true,"href":"https:\/\/oponixo.shop\/tire\/wp-json\/wp\/v2\/product_brand?post=11139"},{"taxonomy":"product_cat","embeddable":true,"href":"https:\/\/oponixo.shop\/tire\/wp-json\/wp\/v2\/product_cat?post=11139"},{"taxonomy":"product_tag","embeddable":true,"href":"https:\/\/oponixo.shop\/tire\/wp-json\/wp\/v2\/product_tag?post=11139"}],"curies":[{"name":"wp","href":"https:\/\/api.w.org\/{rel}","templated":true}]}}