{"id":11167,"date":"2025-12-31T04:14:19","date_gmt":"2025-12-31T04:14:19","guid":{"rendered":"https:\/\/oponyexpert.shop\/xef5\/produkt\/2-x-hankook-kinergy-4s2-h750-245-40r18-97-v-xl-3pmsf-opona-caloroczna\/"},"modified":"2025-12-31T04:14:19","modified_gmt":"2025-12-31T04:14:19","slug":"2-x-hankook-kinergy-4s2-h750-245-40r18-97-v-xl-3pmsf-opona-caloroczna","status":"publish","type":"product","link":"https:\/\/oponixo.shop\/tire\/produkt\/2-x-hankook-kinergy-4s2-h750-245-40r18-97-v-xl-3pmsf-opona-caloroczna\/","title":{"rendered":"2 x Hankook Kinergy 4S2 H750 245\/40R18 97 V XL 3PMSF opona ca\u0142oroczna"},"content":{"rendered":"<div style=\"font-family: Arial, sans-serif; line-height: 1.6; color: #333; padding: 20px; clear: both; display: block; width: 100%; float: none; position: static; overflow: hidden;\">\n<div style=\"clear: both; display: block; margin: 10px 0;\">\n<div style=\"clear: both; display: block; margin: 10px 0;\">\n<div style=\"clear: both; display: block; margin: 10px 0;\">\n<div  style=\"max-width:319px;max-height:454px\">\n<div style=\"clear: both; display: block; margin: 10px 0;\">\n<div style=\"clear: both; width: 100%; display: block; margin: 20px 0; padding: 0; float: none; position: static; text-align: center;\"><img decoding=\"async\"  src=\"https:\/\/a.allegroimg.com\/original\/112f94\/c8fbe7c44a4a8d6caaaf5756d6a1\/2-x-Hankook-Kinergy-4S2-H750-245-40R18-97-V-XL-3PMSF-opona-caloroczna\" srcset=\"https:\/\/a.allegroimg.com\/original\/112f94\/c8fbe7c44a4a8d6caaaf5756d6a1\/2-x-Hankook-Kinergy-4S2-H750-245-40R18-97-V-XL-3PMSF-opona-caloroczna 252w,https:\/\/a.allegroimg.com\/original\/112f94\/c8fbe7c44a4a8d6caaaf5756d6a1\/2-x-Hankook-Kinergy-4S2-H750-245-40R18-97-V-XL-3PMSF-opona-caloroczna 319w,https:\/\/a.allegroimg.com\/original\/112f94\/c8fbe7c44a4a8d6caaaf5756d6a1\/2-x-Hankook-Kinergy-4S2-H750-245-40R18-97-V-XL-3PMSF-opona-caloroczna 319w\" sizes=\"(min-width: 1200px) 560px, (min-width: 992px) 50vw, 100vw\" width=\"319px\" alt=\"2 x Hankook Kinergy 4S2 H750 245\/40R18 97 V XL 3PMSF opona ca\u0142oroczna\"\/ style=\"max-width: 100%; height: auto; display: block; margin: 0 auto;\"><\/div>\n<\/div>\n<\/div>\n<\/div>\n<\/div>\n<div style=\"clear: both; display: block; margin: 10px 0;\">\n<div style=\"clear: both; display: block; margin: 10px 0;\">\n<h2>Hankook Kinergy 4S2 H750 245\/40R18 97 V XL 3PMSF<\/h2>\n<p style=\"margin: 15px 0; line-height: 1.8; clear: both; display: block; width: 100%; float: none; position: static;\">Producent: Hankook<\/p>\n<p style=\"margin: 15px 0; line-height: 1.8; clear: both; display: block; width: 100%; float: none; position: static;\">Model: Kinergy 4S2 H750<\/p>\n<p style=\"margin: 15px 0; line-height: 1.8; clear: both; display: block; width: 100%; float: none; position: static;\">Sezon: ca\u0142oroczne<\/p>\n<p style=\"margin: 15px 0; line-height: 1.8; clear: both; display: block; width: 100%; float: none; position: static;\">Rozmiar: 245\/40R18<\/p>\n<p style=\"margin: 15px 0; line-height: 1.8; clear: both; display: block; width: 100%; float: none; position: static;\">Data produkcji: do 36 miesi\u0119cy<\/p>\n<p style=\"margin: 15px 0; line-height: 1.8; clear: both; display: block; width: 100%; float: none; position: static;\">Zu\u017cycie paliwa: klasa C<\/p>\n<p style=\"margin: 15px 0; line-height: 1.8; clear: both; display: block; width: 100%; float: none; position: static;\">Przyczepno\u015b\u0107 na mokrym: klasa B<\/p>\n<p style=\"margin: 15px 0; line-height: 1.8; clear: both; display: block; width: 100%; float: none; position: static;\">Poziom ha\u0142asu: 72 dB<\/p>\n<\/div>\n<\/div>\n<\/div>\n<div style=\"clear: both; display: block; margin: 10px 0;\">\n<div style=\"clear: both; display: block; margin: 10px 0;\">\n<div style=\"clear: both; display: block; margin: 10px 0;\">\n<div  style=\"max-width:760px;max-height:582px\">\n<div style=\"clear: both; display: block; margin: 10px 0;\">\n<div style=\"clear: both; width: 100%; display: block; margin: 20px 0; padding: 0; float: none; position: static; text-align: center;\"><img decoding=\"async\"  src=\"https:\/\/a.allegroimg.com\/original\/119475\/f5028c8349639f5e5bc8b904c384\/2-x-Hankook-Kinergy-4S2-H750-245-40R18-97-V-XL-3PMSF-opona-caloroczna-Liczba-opon-w-ofercie-2-szt\" srcset=\"https:\/\/a.allegroimg.com\/original\/119475\/f5028c8349639f5e5bc8b904c384\/2-x-Hankook-Kinergy-4S2-H750-245-40R18-97-V-XL-3PMSF-opona-caloroczna-Liczba-opon-w-ofercie-2-szt 360w,https:\/\/a.allegroimg.com\/original\/119475\/f5028c8349639f5e5bc8b904c384\/2-x-Hankook-Kinergy-4S2-H750-245-40R18-97-V-XL-3PMSF-opona-caloroczna-Liczba-opon-w-ofercie-2-szt 720w,https:\/\/a.allegroimg.com\/original\/119475\/f5028c8349639f5e5bc8b904c384\/2-x-Hankook-Kinergy-4S2-H750-245-40R18-97-V-XL-3PMSF-opona-caloroczna-Liczba-opon-w-ofercie-2-szt 760w,https:\/\/a.allegroimg.com\/original\/119475\/f5028c8349639f5e5bc8b904c384\/2-x-Hankook-Kinergy-4S2-H750-245-40R18-97-V-XL-3PMSF-opona-caloroczna-Liczba-opon-w-ofercie-2-szt 760w\" sizes=\"(min-width: 1200px) 560px, (min-width: 992px) 50vw, 100vw\" width=\"760px\" alt=\"2 x Hankook Kinergy 4S2 H750 245\/40R18 97 V XL 3PMSF opona ca\u0142oroczna Liczba opon w ofercie 2 szt.\"\/ style=\"max-width: 100%; height: auto; display: block; margin: 0 auto;\"><\/div>\n<\/div>\n<\/div>\n<\/div>\n<\/div>\n<div style=\"clear: both; display: block; margin: 10px 0;\">\n<div style=\"clear: both; display: block; margin: 10px 0;\">\n<h1>Hankook Kinergy 4S2 H750 \u2013 ca\u0142oroczna pewno\u015b\u0107 w ka\u017cdych warunkach<\/h1>\n<p style=\"margin: 15px 0; line-height: 1.8; clear: both; display: block; width: 100%; float: none; position: static;\">Hankook Kinergy 4S2 H750 to wszechstronna opona klasy \u015bredniej, zaprojektowana z my\u015bl\u0105 o u\u017cytkownikach samochod\u00f3w osobowych, kt\u00f3rzy oczekuj\u0105 stabilnych osi\u0105g\u00f3w przez ca\u0142y rok. Dzi\u0119ki nowoczesnym rozwi\u0105zaniom konstrukcyjnym i mieszance na bazie naturalnych komponent\u00f3w opona sprawdza si\u0119 zar\u00f3wno na mokrej i suchej nawierzchni, jak i w lekkich warunkach zimowych.<\/p>\n<\/div>\n<\/div>\n<\/div>\n<div style=\"clear: both; display: block; margin: 10px 0;\">\n<div style=\"clear: both; display: block; margin: 10px 0;\">\n<div style=\"clear: both; display: block; margin: 10px 0;\">\n<div  style=\"max-width:760px;max-height:580px\">\n<div style=\"clear: both; display: block; margin: 10px 0;\">\n<div style=\"clear: both; width: 100%; display: block; margin: 20px 0; padding: 0; float: none; position: static; text-align: center;\"><img decoding=\"async\"  src=\"https:\/\/a.allegroimg.com\/original\/11cad3\/befbd77142d5ab626167d86cd918\/2-x-Hankook-Kinergy-4S2-H750-245-40R18-97-V-XL-3PMSF-opona-caloroczna-Marka-Hankook\" srcset=\"https:\/\/a.allegroimg.com\/original\/11cad3\/befbd77142d5ab626167d86cd918\/2-x-Hankook-Kinergy-4S2-H750-245-40R18-97-V-XL-3PMSF-opona-caloroczna-Marka-Hankook 360w,https:\/\/a.allegroimg.com\/original\/11cad3\/befbd77142d5ab626167d86cd918\/2-x-Hankook-Kinergy-4S2-H750-245-40R18-97-V-XL-3PMSF-opona-caloroczna-Marka-Hankook 720w,https:\/\/a.allegroimg.com\/original\/11cad3\/befbd77142d5ab626167d86cd918\/2-x-Hankook-Kinergy-4S2-H750-245-40R18-97-V-XL-3PMSF-opona-caloroczna-Marka-Hankook 760w,https:\/\/a.allegroimg.com\/original\/11cad3\/befbd77142d5ab626167d86cd918\/2-x-Hankook-Kinergy-4S2-H750-245-40R18-97-V-XL-3PMSF-opona-caloroczna-Marka-Hankook 760w\" sizes=\"(min-width: 1200px) 560px, (min-width: 992px) 50vw, 100vw\" width=\"760px\" alt=\"2 x Hankook Kinergy 4S2 H750 245\/40R18 97 V XL 3PMSF opona ca\u0142oroczna Marka Hankook\"\/ style=\"max-width: 100%; height: auto; display: block; margin: 0 auto;\"><\/div>\n<\/div>\n<\/div>\n<\/div>\n<\/div>\n<div style=\"clear: both; display: block; margin: 10px 0;\">\n<div style=\"clear: both; display: block; margin: 10px 0;\">\n<h1>Nowoczesna konstrukcja dla bezpiecze\u0144stwa przez ca\u0142y rok<\/h1>\n<p style=\"margin: 15px 0; line-height: 1.8; clear: both; display: block; width: 100%; float: none; position: static;\">Model ten zosta\u0142 wyposa\u017cony w kierunkowy bie\u017cnik z rowkami w kszta\u0142cie litery V, kt\u00f3re \u2013 dzi\u0119ki zwi\u0119kszonej szeroko\u015bci i optymalnemu k\u0105towi rozwarcia \u2013 zapewniaj\u0105 efektywne odprowadzanie wody i b\u0142yskawiczne osuszanie czo\u0142a opony. To znacz\u0105co ogranicza ryzyko aquaplaningu. Dodatkowe z\u0105bkowane kraw\u0119dzie barkowe poprawiaj\u0105 przyczepno\u015b\u0107 na \u015bniegu i wspomagaj\u0105 stabilno\u015b\u0107 jazdy w zimie. Wkl\u0119s\u0142e mostki mi\u0119dzy klockami bie\u017cnika zwi\u0119kszaj\u0105 ich sztywno\u015b\u0107 a\u017c o 4%, co przek\u0142ada si\u0119 na lepsz\u0105 kierowalno\u015b\u0107 i reakcj\u0119 na manewry. Z kolei lamele 3D poprawiaj\u0105 skuteczno\u015b\u0107 hamowania w warunkach zimowych i umo\u017cliwiaj\u0105 bezpieczniejsz\u0105 jazd\u0119 na \u015bliskiej nawierzchni.<\/p>\n<\/div>\n<\/div>\n<\/div>\n<div style=\"clear: both; display: block; margin: 10px 0;\">\n<div style=\"clear: both; display: block; margin: 10px 0;\">\n<div style=\"clear: both; display: block; margin: 10px 0;\">\n<div  style=\"max-width:760px;max-height:624px\">\n<div style=\"clear: both; display: block; margin: 10px 0;\">\n<div style=\"clear: both; width: 100%; display: block; margin: 20px 0; padding: 0; float: none; position: static; text-align: center;\"><img decoding=\"async\"  src=\"https:\/\/a.allegroimg.com\/original\/112823\/417df3ae448da5d4db0bbcacb5cc\/2-x-Hankook-Kinergy-4S2-H750-245-40R18-97-V-XL-3PMSF-opona-caloroczna-Szerokosc-opony-245-mm\" srcset=\"https:\/\/a.allegroimg.com\/original\/112823\/417df3ae448da5d4db0bbcacb5cc\/2-x-Hankook-Kinergy-4S2-H750-245-40R18-97-V-XL-3PMSF-opona-caloroczna-Szerokosc-opony-245-mm 360w,https:\/\/a.allegroimg.com\/original\/112823\/417df3ae448da5d4db0bbcacb5cc\/2-x-Hankook-Kinergy-4S2-H750-245-40R18-97-V-XL-3PMSF-opona-caloroczna-Szerokosc-opony-245-mm 720w,https:\/\/a.allegroimg.com\/original\/112823\/417df3ae448da5d4db0bbcacb5cc\/2-x-Hankook-Kinergy-4S2-H750-245-40R18-97-V-XL-3PMSF-opona-caloroczna-Szerokosc-opony-245-mm 760w,https:\/\/a.allegroimg.com\/original\/112823\/417df3ae448da5d4db0bbcacb5cc\/2-x-Hankook-Kinergy-4S2-H750-245-40R18-97-V-XL-3PMSF-opona-caloroczna-Szerokosc-opony-245-mm 760w\" sizes=\"(min-width: 1200px) 560px, (min-width: 992px) 50vw, 100vw\" width=\"760px\" alt=\"2 x Hankook Kinergy 4S2 H750 245\/40R18 97 V XL 3PMSF opona ca\u0142oroczna Szeroko\u015b\u0107 opony 245 mm\"\/ style=\"max-width: 100%; height: auto; display: block; margin: 0 auto;\"><\/div>\n<\/div>\n<\/div>\n<\/div>\n<\/div>\n<div style=\"clear: both; display: block; margin: 10px 0;\">\n<div style=\"clear: both; display: block; margin: 10px 0;\">\n<h1>Ekologiczna mieszanka i trwa\u0142o\u015b\u0107 na d\u0142ugie przebiegi<\/h1>\n<p style=\"margin: 15px 0; line-height: 1.8; clear: both; display: block; width: 100%; float: none; position: static;\">Opona zosta\u0142a wykonana z mieszanki Aqua Pine, wzbogaconej o naturalne \u017cywice i krzemionk\u0119. Taka kompozycja gwarantuje elastyczno\u015b\u0107 w niskich temperaturach, poprawia przyczepno\u015b\u0107, a tak\u017ce podnosi odporno\u015b\u0107 na \u015bcieranie. Dzi\u0119ki temu Kinergy 4S2 H750 jest rozwi\u0105zaniem nie tylko bezpiecznym, ale te\u017c ekonomicznym i przyjaznym dla \u015brodowiska. Niskie opory toczenia wp\u0142ywaj\u0105 na zmniejszenie zu\u017cycia paliwa oraz poziomu ha\u0142asu, co przek\u0142ada si\u0119 na wi\u0119kszy komfort jazdy.<\/p>\n<\/div>\n<\/div>\n<\/div>\n<div style=\"clear: both; display: block; margin: 10px 0;\">\n<div style=\"clear: both; display: block; margin: 10px 0;\">\n<div style=\"clear: both; display: block; margin: 10px 0;\">\n<div  style=\"max-width:760px;max-height:624px\">\n<div style=\"clear: both; display: block; margin: 10px 0;\">\n<div style=\"clear: both; width: 100%; display: block; margin: 20px 0; padding: 0; float: none; position: static; text-align: center;\"><img decoding=\"async\"  src=\"https:\/\/a.allegroimg.com\/original\/11832f\/f611e22941f69f83d5025af04cf0\/2-x-Hankook-Kinergy-4S2-H750-245-40R18-97-V-XL-3PMSF-opona-caloroczna-Profil-opony-40\" srcset=\"https:\/\/a.allegroimg.com\/original\/11832f\/f611e22941f69f83d5025af04cf0\/2-x-Hankook-Kinergy-4S2-H750-245-40R18-97-V-XL-3PMSF-opona-caloroczna-Profil-opony-40 360w,https:\/\/a.allegroimg.com\/original\/11832f\/f611e22941f69f83d5025af04cf0\/2-x-Hankook-Kinergy-4S2-H750-245-40R18-97-V-XL-3PMSF-opona-caloroczna-Profil-opony-40 720w,https:\/\/a.allegroimg.com\/original\/11832f\/f611e22941f69f83d5025af04cf0\/2-x-Hankook-Kinergy-4S2-H750-245-40R18-97-V-XL-3PMSF-opona-caloroczna-Profil-opony-40 760w,https:\/\/a.allegroimg.com\/original\/11832f\/f611e22941f69f83d5025af04cf0\/2-x-Hankook-Kinergy-4S2-H750-245-40R18-97-V-XL-3PMSF-opona-caloroczna-Profil-opony-40 760w\" sizes=\"(min-width: 1200px) 560px, (min-width: 992px) 50vw, 100vw\" width=\"760px\" alt=\"2 x Hankook Kinergy 4S2 H750 245\/40R18 97 V XL 3PMSF opona ca\u0142oroczna Profil opony 40\"\/ style=\"max-width: 100%; height: auto; display: block; margin: 0 auto;\"><\/div>\n<\/div>\n<\/div>\n<\/div>\n<\/div>\n<div style=\"clear: both; display: block; margin: 10px 0;\">\n<div style=\"clear: both; display: block; margin: 10px 0;\">\n<h1>Potwierdzone osi\u0105gi \u2013 uznanie w testach<\/h1>\n<p style=\"margin: 15px 0; line-height: 1.8; clear: both; display: block; width: 100%; float: none; position: static;\">Opona Hankook Kinergy 4S2 H750 regularnie uczestniczy w niezale\u017cnych testach organizowanych przez renomowane europejskie instytucje i magazyny motoryzacyjne, uzyskuj\u0105c bardzo dobre wyniki. W 2024 roku zaj\u0119\u0142a 1. miejsce w te\u015bcie opon ca\u0142orocznych Auto Bild w rozmiarze 245\/45 R18, potwierdzaj\u0105c doskona\u0142\u0105 r\u00f3wnowag\u0119 osi\u0105g\u00f3w w r\u00f3\u017cnych warunkach. R\u00f3wnie\u017c wcze\u015bniej, w 2020 roku, zdoby\u0142a 1. miejsce w te\u015bcie Auto Bild dla rozmiaru 215\/60 R16. W kolejnych latach utrzyma\u0142a swoj\u0105 wysok\u0105 pozycj\u0119 \u2013 3. miejsce w edycjach z lat 2021\u20132023 (rozmiary 195\/55 R16, 215\/55 R17 i 225\/50 R17), co \u015bwiadczy o konsekwentnie dobrych parametrach w ka\u017cdej kategorii. Testerzy chwalili j\u0105 za precyzj\u0119 prowadzenia, skuteczno\u015b\u0107 hamowania na \u015bniegu i mokrej nawierzchni, odporno\u015b\u0107 na aquaplaning oraz cich\u0105, komfortow\u0105 jazd\u0119.<\/p>\n<\/div>\n<\/div>\n<\/div>\n<\/div>\n<\/div>\n<\/div>\n<div style=\"clear: both; display: block; margin: 10px 0;\">\n","protected":false},"excerpt":{"rendered":"<p>Hankook Kinergy 4S2 H750 245\/40R18 97 V XL 3PMSF<\/p>\n<p>Producent: Hankook<\/p>\n<p>Model: Kinergy 4S2 H750<\/p>\n<p>Sezon: ca\u0142oroczne<\/p>\n<p>Rozmiar: 245\/40R18<\/p>\n<p>Data produkcji: do 36 miesi\u0119cy<\/p>\n<p>Zu\u017cycie paliwa: klasa C<\/p>\n<p>Przyczepno\u015b\u0107 na mokrym: klasa B<\/p>\n","protected":false},"featured_media":11168,"template":"","meta":{"_uag_custom_page_level_css":""},"product_brand":[411],"product_cat":[416,414,413,412],"product_tag":[],"class_list":{"0":"post-11167","1":"product","2":"type-product","3":"status-publish","4":"has-post-thumbnail","6":"product_brand-hankook","7":"product_cat-caloroczne","8":"product_cat-do-samochodow-osobowych-i-suv","9":"product_cat-opony","10":"product_cat-opony-i-felgi","12":"first","13":"instock","14":"shipping-taxable","15":"purchasable","16":"product-type-simple"},"uagb_featured_image_src":{"full":["https:\/\/oponixo.shop\/tire\/wp-content\/uploads\/2025\/12\/allegro-image-11167.jpg",319,454,false],"thumbnail":["https:\/\/oponixo.shop\/tire\/wp-content\/uploads\/2025\/12\/allegro-image-11167-150x150.jpg",150,150,true],"medium":["https:\/\/oponixo.shop\/tire\/wp-content\/uploads\/2025\/12\/allegro-image-11167-211x300.jpg",211,300,true],"medium_large":["https:\/\/oponixo.shop\/tire\/wp-content\/uploads\/2025\/12\/allegro-image-11167.jpg",319,454,false],"large":["https:\/\/oponixo.shop\/tire\/wp-content\/uploads\/2025\/12\/allegro-image-11167.jpg",319,454,false],"1536x1536":["https:\/\/oponixo.shop\/tire\/wp-content\/uploads\/2025\/12\/allegro-image-11167.jpg",319,454,false],"2048x2048":["https:\/\/oponixo.shop\/tire\/wp-content\/uploads\/2025\/12\/allegro-image-11167.jpg",319,454,false],"woocommerce_thumbnail":["https:\/\/oponixo.shop\/tire\/wp-content\/uploads\/2025\/12\/allegro-image-11167-300x300.jpg",300,300,true],"woocommerce_single":["https:\/\/oponixo.shop\/tire\/wp-content\/uploads\/2025\/12\/allegro-image-11167.jpg",319,454,false],"woocommerce_gallery_thumbnail":["https:\/\/oponixo.shop\/tire\/wp-content\/uploads\/2025\/12\/allegro-image-11167-100x100.jpg",100,100,true]},"uagb_author_info":{"display_name":"admin","author_link":"https:\/\/oponixo.shop\/tire\/author\/"},"uagb_comment_info":0,"uagb_excerpt":"Hankook Kinergy 4S2 H750 245\/40R18 97 V XL 3PMSF Producent: Hankook Model: Kinergy 4S2 H750 Sezon: ca\u0142oroczne Rozmiar: 245\/40R18 Data produkcji: do 36 miesi\u0119cy Zu\u017cycie paliwa: klasa C Przyczepno\u015b\u0107 na mokrym: klasa B","_links":{"self":[{"href":"https:\/\/oponixo.shop\/tire\/wp-json\/wp\/v2\/product\/11167","targetHints":{"allow":["GET"]}}],"collection":[{"href":"https:\/\/oponixo.shop\/tire\/wp-json\/wp\/v2\/product"}],"about":[{"href":"https:\/\/oponixo.shop\/tire\/wp-json\/wp\/v2\/types\/product"}],"wp:featuredmedia":[{"embeddable":true,"href":"https:\/\/oponixo.shop\/tire\/wp-json\/wp\/v2\/media\/11168"}],"wp:attachment":[{"href":"https:\/\/oponixo.shop\/tire\/wp-json\/wp\/v2\/media?parent=11167"}],"wp:term":[{"taxonomy":"product_brand","embeddable":true,"href":"https:\/\/oponixo.shop\/tire\/wp-json\/wp\/v2\/product_brand?post=11167"},{"taxonomy":"product_cat","embeddable":true,"href":"https:\/\/oponixo.shop\/tire\/wp-json\/wp\/v2\/product_cat?post=11167"},{"taxonomy":"product_tag","embeddable":true,"href":"https:\/\/oponixo.shop\/tire\/wp-json\/wp\/v2\/product_tag?post=11167"}],"curies":[{"name":"wp","href":"https:\/\/api.w.org\/{rel}","templated":true}]}}