{"id":11169,"date":"2025-12-31T04:14:19","date_gmt":"2025-12-31T04:14:19","guid":{"rendered":"https:\/\/oponyexpert.shop\/xef5\/produkt\/2x-opona-zimowa-245-40r18-97v-pirelli-winter-sottozero-3-nowe-245-40-18\/"},"modified":"2025-12-31T04:14:19","modified_gmt":"2025-12-31T04:14:19","slug":"2x-opona-zimowa-245-40r18-97v-pirelli-winter-sottozero-3-nowe-245-40-18","status":"publish","type":"product","link":"https:\/\/oponixo.shop\/tire\/produkt\/2x-opona-zimowa-245-40r18-97v-pirelli-winter-sottozero-3-nowe-245-40-18\/","title":{"rendered":"2x opona zimowa 245\/40R18 97V PIRELLI Winter Sottozero 3 NOWE 245 40 18"},"content":{"rendered":"<div style=\"font-family: Arial, sans-serif; line-height: 1.6; color: #333; padding: 20px; clear: both; display: block; width: 100%; float: none; position: static; overflow: hidden;\">\n<div style=\"clear: both; display: block; margin: 10px 0;\">\n<div style=\"clear: both; display: block; margin: 10px 0;\">\n<div style=\"clear: both; display: block; margin: 10px 0;\">\n<h1>Para opon &#8211; opony zimowe<\/h1>\n<h3 style=\"color: #2c5aa0; font-size: 18px; margin: 30px 0 15px 0; font-weight: bold; clear: both; display: block; width: 100%; float: none; position: static;\">Rozmiar: 245\/40R18 97V XL<\/h3>\n<p style=\"margin: 15px 0; line-height: 1.8; clear: both; display: block; width: 100%; float: none; position: static;\"><b>Producent:<\/b> Pirelli<\/p>\n<p style=\"margin: 15px 0; line-height: 1.8; clear: both; display: block; width: 100%; float: none; position: static;\"><b>Model:&nbsp;<\/b>Winter Sottozero 3<\/p>\n<p style=\"margin: 15px 0; line-height: 1.8; clear: both; display: block; width: 100%; float: none; position: static;\"><b>Rocznik: <\/b>2019<\/p>\n<p style=\"margin: 15px 0; line-height: 1.8; clear: both; display: block; width: 100%; float: none; position: static;\"><b>Stan:<\/b> NOWE<\/p>\n<h3 style=\"color: #2c5aa0; font-size: 18px; margin: 30px 0 15px 0; font-weight: bold; clear: both; display: block; width: 100%; float: none; position: static;\">Dodatkowe informacje:<\/h3>\n<p style=\"margin: 15px 0; line-height: 1.8; clear: both; display: block; width: 100%; float: none; position: static;\">Homologacja: AO &#8211; Audi<\/p>\n<h3 style=\"color: #2c5aa0; font-size: 18px; margin: 30px 0 15px 0; font-weight: bold; clear: both; display: block; width: 100%; float: none; position: static;\">\u2705 Gotowe do za\u0142o\u017cenia.<\/h3>\n<\/div>\n<\/div>\n<div style=\"clear: both; display: block; margin: 10px 0;\">\n<div style=\"clear: both; display: block; margin: 10px 0;\">\n<div  style=\"max-width:2560px;max-height:2560px\">\n<div style=\"clear: both; display: block; margin: 10px 0;\">\n<div style=\"clear: both; width: 100%; display: block; margin: 20px 0; padding: 0; float: none; position: static; text-align: center;\"><img decoding=\"async\"  src=\"https:\/\/a.allegroimg.com\/original\/11b36d\/5b9dac0743b4922f438d64ac75ef\/2x-opona-zimowa-245-40R18-97V-PIRELLI-Winter-Sottozero-3-NOWE-245-40-18-EAN-GTIN-8019227230970\" srcset=\"https:\/\/a.allegroimg.com\/original\/11b36d\/5b9dac0743b4922f438d64ac75ef\/2x-opona-zimowa-245-40R18-97V-PIRELLI-Winter-Sottozero-3-NOWE-245-40-18-EAN-GTIN-8019227230970 360w,https:\/\/a.allegroimg.com\/original\/11b36d\/5b9dac0743b4922f438d64ac75ef\/2x-opona-zimowa-245-40R18-97V-PIRELLI-Winter-Sottozero-3-NOWE-245-40-18-EAN-GTIN-8019227230970 720w,https:\/\/a.allegroimg.com\/original\/11b36d\/5b9dac0743b4922f438d64ac75ef\/2x-opona-zimowa-245-40R18-97V-PIRELLI-Winter-Sottozero-3-NOWE-245-40-18-EAN-GTIN-8019227230970 1024w,https:\/\/a.allegroimg.com\/original\/11b36d\/5b9dac0743b4922f438d64ac75ef\/2x-opona-zimowa-245-40R18-97V-PIRELLI-Winter-Sottozero-3-NOWE-245-40-18-EAN-GTIN-8019227230970 1440w,https:\/\/a.allegroimg.com\/original\/11b36d\/5b9dac0743b4922f438d64ac75ef\/2x-opona-zimowa-245-40R18-97V-PIRELLI-Winter-Sottozero-3-NOWE-245-40-18-EAN-GTIN-8019227230970 2560w\" sizes=\"(min-width: 1200px) 560px, (min-width: 992px) 50vw, 100vw\" width=\"2560px\" alt=\"2x opona zimowa 245\/40R18 97V PIRELLI Winter Sottozero 3 NOWE 245 40 18 EAN (GTIN) 8019227230970\"\/ style=\"max-width: 100%; height: auto; display: block; margin: 0 auto;\"><\/div>\n<\/div>\n<\/div>\n<\/div>\n<\/div>\n<\/div>\n<div style=\"clear: both; display: block; margin: 10px 0;\">\n<div style=\"clear: both; display: block; margin: 10px 0;\">\n<div style=\"clear: both; display: block; margin: 10px 0;\">\n<div  style=\"max-width:2560px;max-height:2560px\">\n<div style=\"clear: both; display: block; margin: 10px 0;\">\n<div style=\"clear: both; width: 100%; display: block; margin: 20px 0; padding: 0; float: none; position: static; text-align: center;\"><img decoding=\"async\"  src=\"https:\/\/a.allegroimg.com\/original\/11819f\/119511394ef3b328e50039990ca3\/2x-opona-zimowa-245-40R18-97V-PIRELLI-Winter-Sottozero-3-NOWE-245-40-18-Kod-producenta-2309700\" srcset=\"https:\/\/a.allegroimg.com\/original\/11819f\/119511394ef3b328e50039990ca3\/2x-opona-zimowa-245-40R18-97V-PIRELLI-Winter-Sottozero-3-NOWE-245-40-18-Kod-producenta-2309700 360w,https:\/\/a.allegroimg.com\/original\/11819f\/119511394ef3b328e50039990ca3\/2x-opona-zimowa-245-40R18-97V-PIRELLI-Winter-Sottozero-3-NOWE-245-40-18-Kod-producenta-2309700 720w,https:\/\/a.allegroimg.com\/original\/11819f\/119511394ef3b328e50039990ca3\/2x-opona-zimowa-245-40R18-97V-PIRELLI-Winter-Sottozero-3-NOWE-245-40-18-Kod-producenta-2309700 1024w,https:\/\/a.allegroimg.com\/original\/11819f\/119511394ef3b328e50039990ca3\/2x-opona-zimowa-245-40R18-97V-PIRELLI-Winter-Sottozero-3-NOWE-245-40-18-Kod-producenta-2309700 1440w,https:\/\/a.allegroimg.com\/original\/11819f\/119511394ef3b328e50039990ca3\/2x-opona-zimowa-245-40R18-97V-PIRELLI-Winter-Sottozero-3-NOWE-245-40-18-Kod-producenta-2309700 2560w\" sizes=\"(min-width: 1200px) 560px, (min-width: 992px) 50vw, 100vw\" width=\"2560px\" alt=\"2x opona zimowa 245\/40R18 97V PIRELLI Winter Sottozero 3 NOWE 245 40 18 Kod producenta 2309700\"\/ style=\"max-width: 100%; height: auto; display: block; margin: 0 auto;\"><\/div>\n<\/div>\n<\/div>\n<\/div>\n<\/div>\n<div style=\"clear: both; display: block; margin: 10px 0;\">\n<div style=\"clear: both; display: block; margin: 10px 0;\">\n<p style=\"margin: 15px 0; line-height: 1.8; clear: both; display: block; width: 100%; float: none; position: static;\">Posiadamy w sprzeda\u017cy r\u00f3wnie\u017c inne modele opon pojedynczych, par i komplet\u00f3w do samochod\u00f3w osobowych oraz dostawczych.<\/p>\n<\/div>\n<\/div>\n<\/div>\n<div style=\"clear: both; display: block; margin: 10px 0;\">\n<div style=\"clear: both; display: block; margin: 10px 0;\">\n<div style=\"clear: both; display: block; margin: 10px 0;\">\n<div  style=\"max-width:2560px;max-height:2560px\">\n<div style=\"clear: both; display: block; margin: 10px 0;\">\n<div style=\"clear: both; width: 100%; display: block; margin: 20px 0; padding: 0; float: none; position: static; text-align: center;\"><img decoding=\"async\"  src=\"https:\/\/a.allegroimg.com\/original\/118368\/c552db194c728403c85ea413a862\/2x-opona-zimowa-245-40R18-97V-PIRELLI-Winter-Sottozero-3-NOWE-245-40-18-Marka-Pirelli\" srcset=\"https:\/\/a.allegroimg.com\/original\/118368\/c552db194c728403c85ea413a862\/2x-opona-zimowa-245-40R18-97V-PIRELLI-Winter-Sottozero-3-NOWE-245-40-18-Marka-Pirelli 360w,https:\/\/a.allegroimg.com\/original\/118368\/c552db194c728403c85ea413a862\/2x-opona-zimowa-245-40R18-97V-PIRELLI-Winter-Sottozero-3-NOWE-245-40-18-Marka-Pirelli 720w,https:\/\/a.allegroimg.com\/original\/118368\/c552db194c728403c85ea413a862\/2x-opona-zimowa-245-40R18-97V-PIRELLI-Winter-Sottozero-3-NOWE-245-40-18-Marka-Pirelli 1024w,https:\/\/a.allegroimg.com\/original\/118368\/c552db194c728403c85ea413a862\/2x-opona-zimowa-245-40R18-97V-PIRELLI-Winter-Sottozero-3-NOWE-245-40-18-Marka-Pirelli 1440w,https:\/\/a.allegroimg.com\/original\/118368\/c552db194c728403c85ea413a862\/2x-opona-zimowa-245-40R18-97V-PIRELLI-Winter-Sottozero-3-NOWE-245-40-18-Marka-Pirelli 2560w\" sizes=\"100vw\" width=\"2560px\" alt=\"2x opona zimowa 245\/40R18 97V PIRELLI Winter Sottozero 3 NOWE 245 40 18 Marka Pirelli\"\/ style=\"max-width: 100%; height: auto; display: block; margin: 0 auto;\"><\/div>\n<\/div>\n<\/div>\n<\/div>\n<\/div>\n<\/div>\n<\/div>\n<\/div>\n<\/div>\n<div style=\"clear: both; display: block; margin: 10px 0;\">\n","protected":false},"excerpt":{"rendered":"<p>Para opon &#8211; opony zimowe<\/p>\n<p>Rozmiar: 245\/40R18 97V XL<\/p>\n<p>Producent: Pirelli<\/p>\n<p>Model:&nbsp;Winter Sottozero 3<\/p>\n<p>Rocznik: 2019<\/p>\n<p>Stan: NOWE<\/p>\n<p>Dodatkowe informacje:<\/p>\n<p>Homologacja: AO &#8211; Audi<\/p>\n","protected":false},"featured_media":11170,"template":"","meta":{"_uag_custom_page_level_css":""},"product_brand":[433],"product_cat":[414,413,412,415],"product_tag":[],"class_list":{"0":"post-11169","1":"product","2":"type-product","3":"status-publish","4":"has-post-thumbnail","6":"product_brand-pirelli","7":"product_cat-do-samochodow-osobowych-i-suv","8":"product_cat-opony","9":"product_cat-opony-i-felgi","10":"product_cat-zimowe","12":"first","13":"instock","14":"shipping-taxable","15":"purchasable","16":"product-type-simple"},"uagb_featured_image_src":{"full":["https:\/\/oponixo.shop\/tire\/wp-content\/uploads\/2025\/12\/allegro-image-11169.jpg",698,697,false],"thumbnail":["https:\/\/oponixo.shop\/tire\/wp-content\/uploads\/2025\/12\/allegro-image-11169-150x150.jpg",150,150,true],"medium":["https:\/\/oponixo.shop\/tire\/wp-content\/uploads\/2025\/12\/allegro-image-11169-300x300.jpg",300,300,true],"medium_large":["https:\/\/oponixo.shop\/tire\/wp-content\/uploads\/2025\/12\/allegro-image-11169.jpg",698,697,false],"large":["https:\/\/oponixo.shop\/tire\/wp-content\/uploads\/2025\/12\/allegro-image-11169.jpg",698,697,false],"1536x1536":["https:\/\/oponixo.shop\/tire\/wp-content\/uploads\/2025\/12\/allegro-image-11169.jpg",698,697,false],"2048x2048":["https:\/\/oponixo.shop\/tire\/wp-content\/uploads\/2025\/12\/allegro-image-11169.jpg",698,697,false],"woocommerce_thumbnail":["https:\/\/oponixo.shop\/tire\/wp-content\/uploads\/2025\/12\/allegro-image-11169-300x300.jpg",300,300,true],"woocommerce_single":["https:\/\/oponixo.shop\/tire\/wp-content\/uploads\/2025\/12\/allegro-image-11169-600x599.jpg",600,599,true],"woocommerce_gallery_thumbnail":["https:\/\/oponixo.shop\/tire\/wp-content\/uploads\/2025\/12\/allegro-image-11169-100x100.jpg",100,100,true]},"uagb_author_info":{"display_name":"admin","author_link":"https:\/\/oponixo.shop\/tire\/author\/"},"uagb_comment_info":0,"uagb_excerpt":"Para opon - opony zimowe Rozmiar: 245\/40R18 97V XL Producent: Pirelli Model:&nbsp;Winter Sottozero 3 Rocznik: 2019 Stan: NOWE Dodatkowe informacje: Homologacja: AO - Audi","_links":{"self":[{"href":"https:\/\/oponixo.shop\/tire\/wp-json\/wp\/v2\/product\/11169","targetHints":{"allow":["GET"]}}],"collection":[{"href":"https:\/\/oponixo.shop\/tire\/wp-json\/wp\/v2\/product"}],"about":[{"href":"https:\/\/oponixo.shop\/tire\/wp-json\/wp\/v2\/types\/product"}],"wp:featuredmedia":[{"embeddable":true,"href":"https:\/\/oponixo.shop\/tire\/wp-json\/wp\/v2\/media\/11170"}],"wp:attachment":[{"href":"https:\/\/oponixo.shop\/tire\/wp-json\/wp\/v2\/media?parent=11169"}],"wp:term":[{"taxonomy":"product_brand","embeddable":true,"href":"https:\/\/oponixo.shop\/tire\/wp-json\/wp\/v2\/product_brand?post=11169"},{"taxonomy":"product_cat","embeddable":true,"href":"https:\/\/oponixo.shop\/tire\/wp-json\/wp\/v2\/product_cat?post=11169"},{"taxonomy":"product_tag","embeddable":true,"href":"https:\/\/oponixo.shop\/tire\/wp-json\/wp\/v2\/product_tag?post=11169"}],"curies":[{"name":"wp","href":"https:\/\/api.w.org\/{rel}","templated":true}]}}