{"id":11198,"date":"2025-12-31T04:33:03","date_gmt":"2025-12-31T04:33:03","guid":{"rendered":"https:\/\/oponyexpert.shop\/xef5\/produkt\/2x-225-55r16-continental-contiwintercontact-ts-830-p-95h-nowe-zima\/"},"modified":"2025-12-31T04:33:03","modified_gmt":"2025-12-31T04:33:03","slug":"2x-225-55r16-continental-contiwintercontact-ts-830-p-95h-nowe-zima","status":"publish","type":"product","link":"https:\/\/oponixo.shop\/tire\/produkt\/2x-225-55r16-continental-contiwintercontact-ts-830-p-95h-nowe-zima\/","title":{"rendered":"2x 225\/55R16 CONTINENTAL ContiWinterContact TS 830 P 95H NOWE ZIMA"},"content":{"rendered":"<div style=\"font-family: Arial, sans-serif; line-height: 1.6; color: #333; padding: 20px; clear: both; display: block; width: 100%; float: none; position: static; overflow: hidden;\">\n<div style=\"clear: both; display: block; margin: 10px 0;\">\n<div style=\"clear: both; display: block; margin: 10px 0;\">\n<div style=\"clear: both; display: block; margin: 10px 0;\">\n<div  style=\"max-width:2560px;max-height:456px\">\n<div style=\"clear: both; display: block; margin: 10px 0;\">\n<div style=\"clear: both; width: 100%; display: block; margin: 20px 0; padding: 0; float: none; position: static; text-align: center;\"><img decoding=\"async\"  src=\"https:\/\/a.allegroimg.com\/original\/11f108\/081946c349eb94a28021b5ff8423\/2x-225-55R16-CONTINENTAL-ContiWinterContact-TS-830-P-95H-NOWE-ZIMA-Rok-produkcji-2024\" srcset=\"https:\/\/a.allegroimg.com\/original\/11f108\/081946c349eb94a28021b5ff8423\/2x-225-55R16-CONTINENTAL-ContiWinterContact-TS-830-P-95H-NOWE-ZIMA-Rok-produkcji-2024 360w,https:\/\/a.allegroimg.com\/original\/11f108\/081946c349eb94a28021b5ff8423\/2x-225-55R16-CONTINENTAL-ContiWinterContact-TS-830-P-95H-NOWE-ZIMA-Rok-produkcji-2024 720w,https:\/\/a.allegroimg.com\/original\/11f108\/081946c349eb94a28021b5ff8423\/2x-225-55R16-CONTINENTAL-ContiWinterContact-TS-830-P-95H-NOWE-ZIMA-Rok-produkcji-2024 1024w,https:\/\/a.allegroimg.com\/original\/11f108\/081946c349eb94a28021b5ff8423\/2x-225-55R16-CONTINENTAL-ContiWinterContact-TS-830-P-95H-NOWE-ZIMA-Rok-produkcji-2024 1440w,https:\/\/a.allegroimg.com\/original\/11f108\/081946c349eb94a28021b5ff8423\/2x-225-55R16-CONTINENTAL-ContiWinterContact-TS-830-P-95H-NOWE-ZIMA-Rok-produkcji-2024 2560w\" sizes=\"100vw\" width=\"2560px\" alt=\"2x 225\/55R16 CONTINENTAL ContiWinterContact TS 830 P 95H NOWE ZIMA Rok produkcji 2024\"\/ style=\"max-width: 100%; height: auto; display: block; margin: 0 auto;\"><\/div>\n<\/div>\n<\/div>\n<\/div>\n<\/div>\n<\/div>\n<div style=\"clear: both; display: block; margin: 10px 0;\">\n<div style=\"clear: both; display: block; margin: 10px 0;\">\n<div style=\"clear: both; display: block; margin: 10px 0;\">\n<div  style=\"max-width:683px;max-height:502px\">\n<div style=\"clear: both; display: block; margin: 10px 0;\">\n<div style=\"clear: both; width: 100%; display: block; margin: 20px 0; padding: 0; float: none; position: static; text-align: center;\"><img decoding=\"async\"  src=\"https:\/\/a.allegroimg.com\/original\/11c773\/b2731b55441caebf4b4a6a052666\/2x-225-55R16-CONTINENTAL-ContiWinterContact-TS-830-P-95H-NOWE-ZIMA\" srcset=\"https:\/\/a.allegroimg.com\/original\/11c773\/b2731b55441caebf4b4a6a052666\/2x-225-55R16-CONTINENTAL-ContiWinterContact-TS-830-P-95H-NOWE-ZIMA 360w,https:\/\/a.allegroimg.com\/original\/11c773\/b2731b55441caebf4b4a6a052666\/2x-225-55R16-CONTINENTAL-ContiWinterContact-TS-830-P-95H-NOWE-ZIMA 683w,https:\/\/a.allegroimg.com\/original\/11c773\/b2731b55441caebf4b4a6a052666\/2x-225-55R16-CONTINENTAL-ContiWinterContact-TS-830-P-95H-NOWE-ZIMA 683w\" sizes=\"(min-width: 1200px) 560px, (min-width: 992px) 50vw, 100vw\" width=\"683px\" alt=\"2x 225\/55R16 CONTINENTAL ContiWinterContact TS 830 P 95H NOWE ZIMA\"\/ style=\"max-width: 100%; height: auto; display: block; margin: 0 auto;\"><\/div>\n<\/div>\n<\/div>\n<\/div>\n<\/div>\n<div style=\"clear: both; display: block; margin: 10px 0;\">\n<div style=\"clear: both; display: block; margin: 10px 0;\">\n<h3 style=\"color: #2c5aa0; font-size: 18px; margin: 30px 0 15px 0; font-weight: bold; clear: both; display: block; width: 100%; float: none; position: static;\">PARAMETRY OPON:<\/h3>\n<p style=\"margin: 15px 0; line-height: 1.8; clear: both; display: block; width: 100%; float: none; position: static;\">Producent: CONTINENTAL<\/p>\n<p style=\"margin: 15px 0; line-height: 1.8; clear: both; display: block; width: 100%; float: none; position: static;\">Kod producenta: 03530760000<\/p>\n<p style=\"margin: 15px 0; line-height: 1.8; clear: both; display: block; width: 100%; float: none; position: static;\">EAN (GTIN): 4019238434057<\/p>\n<p style=\"margin: 15px 0; line-height: 1.8; clear: both; display: block; width: 100%; float: none; position: static;\">Rozmiar: 225\/55R16<\/p>\n<p style=\"margin: 15px 0; line-height: 1.8; clear: both; display: block; width: 100%; float: none; position: static;\">Model: ContiWinterContact TS 830 P<\/p>\n<p style=\"margin: 15px 0; line-height: 1.8; clear: both; display: block; width: 100%; float: none; position: static;\">Indeks no\u015bno\u015bci: 95 &#8211; 690 kg<\/p>\n<p style=\"margin: 15px 0; line-height: 1.8; clear: both; display: block; width: 100%; float: none; position: static;\">Indeks pr\u0119dko\u015bci: H do 210 km\/h<\/p>\n<p style=\"margin: 15px 0; line-height: 1.8; clear: both; display: block; width: 100%; float: none; position: static;\">Homologacja: MO<\/p>\n<p style=\"margin: 15px 0; line-height: 1.8; clear: both; display: block; width: 100%; float: none; position: static;\">Rok produkcji: 2024<\/p>\n<\/div>\n<\/div>\n<\/div>\n<div style=\"clear: both; display: block; margin: 10px 0;\">\n<div style=\"clear: both; display: block; margin: 10px 0;\">\n<div style=\"clear: both; display: block; margin: 10px 0;\">\n<p style=\"margin: 15px 0; line-height: 1.8; clear: both; display: block; width: 100%; float: none; position: static;\">&nbsp;<\/p>\n<\/div>\n<\/div>\n<\/div>\n<div style=\"clear: both; display: block; margin: 10px 0;\">\n<div style=\"clear: both; display: block; margin: 10px 0;\">\n<div style=\"clear: both; display: block; margin: 10px 0;\">\n<div  style=\"max-width:391px;max-height:900px\">\n<div style=\"clear: both; display: block; margin: 10px 0;\">\n<div style=\"clear: both; width: 100%; display: block; margin: 20px 0; padding: 0; float: none; position: static; text-align: center;\"><img decoding=\"async\"  src=\"https:\/\/a.allegroimg.com\/original\/11401c\/84145208468bb66648fae78906a4\/2x-225-55R16-CONTINENTAL-ContiWinterContact-TS-830-P-95H-NOWE-ZIMA-Liczba-opon-w-ofercie-2-szt\" srcset=\"https:\/\/a.allegroimg.com\/original\/11401c\/84145208468bb66648fae78906a4\/2x-225-55R16-CONTINENTAL-ContiWinterContact-TS-830-P-95H-NOWE-ZIMA-Liczba-opon-w-ofercie-2-szt 156w,https:\/\/a.allegroimg.com\/original\/11401c\/84145208468bb66648fae78906a4\/2x-225-55R16-CONTINENTAL-ContiWinterContact-TS-830-P-95H-NOWE-ZIMA-Liczba-opon-w-ofercie-2-szt 312w,https:\/\/a.allegroimg.com\/original\/11401c\/84145208468bb66648fae78906a4\/2x-225-55R16-CONTINENTAL-ContiWinterContact-TS-830-P-95H-NOWE-ZIMA-Liczba-opon-w-ofercie-2-szt 391w,https:\/\/a.allegroimg.com\/original\/11401c\/84145208468bb66648fae78906a4\/2x-225-55R16-CONTINENTAL-ContiWinterContact-TS-830-P-95H-NOWE-ZIMA-Liczba-opon-w-ofercie-2-szt 391w\" sizes=\"100vw\" width=\"391px\" alt=\"2x 225\/55R16 CONTINENTAL ContiWinterContact TS 830 P 95H NOWE ZIMA Liczba opon w ofercie 2 szt.\"\/ style=\"max-width: 100%; height: auto; display: block; margin: 0 auto;\"><\/div>\n<\/div>\n<\/div>\n<\/div>\n<\/div>\n<\/div>\n<\/div>\n<\/div>\n<\/div>\n<div style=\"clear: both; display: block; margin: 10px 0;\">\n","protected":false},"excerpt":{"rendered":"<p>PARAMETRY OPON:<\/p>\n<p>Producent: CONTINENTAL<\/p>\n<p>Kod producenta: 03530760000<\/p>\n<p>EAN (GTIN): 4019238434057<\/p>\n<p>Rozmiar: 225\/55R16<\/p>\n<p>Model: ContiWinterContact TS 830 P<\/p>\n<p>Indeks no\u015bno\u015bci: 95 &#8211; 690 kg<\/p>\n<p>Indeks pr\u0119dko\u015bci: H do 210 km\/h<\/p>\n","protected":false},"featured_media":11199,"template":"","meta":{"_uag_custom_page_level_css":""},"product_brand":[396],"product_cat":[414,413,412,415],"product_tag":[],"class_list":{"0":"post-11198","1":"product","2":"type-product","3":"status-publish","4":"has-post-thumbnail","6":"product_brand-continental","7":"product_cat-do-samochodow-osobowych-i-suv","8":"product_cat-opony","9":"product_cat-opony-i-felgi","10":"product_cat-zimowe","12":"first","13":"instock","14":"shipping-taxable","15":"purchasable","16":"product-type-simple"},"uagb_featured_image_src":{"full":["https:\/\/oponixo.shop\/tire\/wp-content\/uploads\/2025\/12\/allegro-image-11198.jpg",683,502,false],"thumbnail":["https:\/\/oponixo.shop\/tire\/wp-content\/uploads\/2025\/12\/allegro-image-11198-150x150.jpg",150,150,true],"medium":["https:\/\/oponixo.shop\/tire\/wp-content\/uploads\/2025\/12\/allegro-image-11198-300x220.jpg",300,220,true],"medium_large":["https:\/\/oponixo.shop\/tire\/wp-content\/uploads\/2025\/12\/allegro-image-11198.jpg",683,502,false],"large":["https:\/\/oponixo.shop\/tire\/wp-content\/uploads\/2025\/12\/allegro-image-11198.jpg",683,502,false],"1536x1536":["https:\/\/oponixo.shop\/tire\/wp-content\/uploads\/2025\/12\/allegro-image-11198.jpg",683,502,false],"2048x2048":["https:\/\/oponixo.shop\/tire\/wp-content\/uploads\/2025\/12\/allegro-image-11198.jpg",683,502,false],"woocommerce_thumbnail":["https:\/\/oponixo.shop\/tire\/wp-content\/uploads\/2025\/12\/allegro-image-11198-300x300.jpg",300,300,true],"woocommerce_single":["https:\/\/oponixo.shop\/tire\/wp-content\/uploads\/2025\/12\/allegro-image-11198-600x441.jpg",600,441,true],"woocommerce_gallery_thumbnail":["https:\/\/oponixo.shop\/tire\/wp-content\/uploads\/2025\/12\/allegro-image-11198-100x100.jpg",100,100,true]},"uagb_author_info":{"display_name":"admin","author_link":"https:\/\/oponixo.shop\/tire\/author\/"},"uagb_comment_info":0,"uagb_excerpt":"PARAMETRY OPON: Producent: CONTINENTAL Kod producenta: 03530760000 EAN (GTIN): 4019238434057 Rozmiar: 225\/55R16 Model: ContiWinterContact TS 830 P Indeks no\u015bno\u015bci: 95 - 690 kg Indeks pr\u0119dko\u015bci: H do 210 km\/h","_links":{"self":[{"href":"https:\/\/oponixo.shop\/tire\/wp-json\/wp\/v2\/product\/11198","targetHints":{"allow":["GET"]}}],"collection":[{"href":"https:\/\/oponixo.shop\/tire\/wp-json\/wp\/v2\/product"}],"about":[{"href":"https:\/\/oponixo.shop\/tire\/wp-json\/wp\/v2\/types\/product"}],"wp:featuredmedia":[{"embeddable":true,"href":"https:\/\/oponixo.shop\/tire\/wp-json\/wp\/v2\/media\/11199"}],"wp:attachment":[{"href":"https:\/\/oponixo.shop\/tire\/wp-json\/wp\/v2\/media?parent=11198"}],"wp:term":[{"taxonomy":"product_brand","embeddable":true,"href":"https:\/\/oponixo.shop\/tire\/wp-json\/wp\/v2\/product_brand?post=11198"},{"taxonomy":"product_cat","embeddable":true,"href":"https:\/\/oponixo.shop\/tire\/wp-json\/wp\/v2\/product_cat?post=11198"},{"taxonomy":"product_tag","embeddable":true,"href":"https:\/\/oponixo.shop\/tire\/wp-json\/wp\/v2\/product_tag?post=11198"}],"curies":[{"name":"wp","href":"https:\/\/api.w.org\/{rel}","templated":true}]}}