{"id":11204,"date":"2025-12-31T04:37:47","date_gmt":"2025-12-31T04:37:47","guid":{"rendered":"https:\/\/oponyexpert.shop\/xef5\/produkt\/2x-grenlander-maho-79-xl-245-55r19-107-v\/"},"modified":"2025-12-31T04:37:48","modified_gmt":"2025-12-31T04:37:48","slug":"2x-grenlander-maho-79-xl-245-55r19-107-v","status":"publish","type":"product","link":"https:\/\/oponixo.shop\/tire\/produkt\/2x-grenlander-maho-79-xl-245-55r19-107-v\/","title":{"rendered":"2x GRENLANDER MAHO 79 XL 245\/55R19 107 V"},"content":{"rendered":"<div style=\"font-family: Arial, sans-serif; line-height: 1.6; color: #333; padding: 20px; clear: both; display: block; width: 100%; float: none; position: static; overflow: hidden;\">\n<div style=\"clear: both; display: block; margin: 10px 0;\">\n<div style=\"clear: both; display: block; margin: 10px 0;\">\n<div style=\"clear: both; display: block; margin: 10px 0;\">\n<h2>2x GRENLANDER MAHO 79 XL 245\/55R19 107 V<\/h2>\n<\/div>\n<\/div>\n<\/div>\n<div style=\"clear: both; display: block; margin: 10px 0;\">\n<div style=\"clear: both; display: block; margin: 10px 0;\">\n<div style=\"clear: both; display: block; margin: 10px 0;\">\n<div  style=\"max-width:920px;max-height:1120px\">\n<div style=\"clear: both; display: block; margin: 10px 0;\">\n<div style=\"clear: both; width: 100%; display: block; margin: 20px 0; padding: 0; float: none; position: static; text-align: center;\"><img decoding=\"async\"  src=\"https:\/\/a.allegroimg.com\/original\/111eec\/7e7e68d849ac994c5e3ac669f4c0\/2x-GRENLANDER-MAHO-79-XL-245-55R19-107-V\" srcset=\"https:\/\/a.allegroimg.com\/original\/111eec\/7e7e68d849ac994c5e3ac669f4c0\/2x-GRENLANDER-MAHO-79-XL-245-55R19-107-V 295w,https:\/\/a.allegroimg.com\/original\/111eec\/7e7e68d849ac994c5e3ac669f4c0\/2x-GRENLANDER-MAHO-79-XL-245-55R19-107-V 591w,https:\/\/a.allegroimg.com\/original\/111eec\/7e7e68d849ac994c5e3ac669f4c0\/2x-GRENLANDER-MAHO-79-XL-245-55R19-107-V 841w,https:\/\/a.allegroimg.com\/original\/111eec\/7e7e68d849ac994c5e3ac669f4c0\/2x-GRENLANDER-MAHO-79-XL-245-55R19-107-V 920w,https:\/\/a.allegroimg.com\/original\/111eec\/7e7e68d849ac994c5e3ac669f4c0\/2x-GRENLANDER-MAHO-79-XL-245-55R19-107-V 920w\" sizes=\"(min-width: 1200px) 560px, (min-width: 992px) 50vw, 100vw\" width=\"920px\" alt=\"2x GRENLANDER MAHO 79 XL 245\/55R19 107 V\"\/ style=\"max-width: 100%; height: auto; display: block; margin: 0 auto;\"><\/div>\n<\/div>\n<\/div>\n<\/div>\n<\/div>\n<div style=\"clear: both; display: block; margin: 10px 0;\">\n<div style=\"clear: both; display: block; margin: 10px 0;\">\n<h2>Letnie opony GRENLANDER MAHO 79 XL 245\/55 R19 107 V<\/h2>\n<p style=\"margin: 15px 0; line-height: 1.8; clear: both; display: block; width: 100%; float: none; position: static;\">Opony GRENLANDER MAHO 79 XL to znacz\u0105cy model w portfolio producenta.\u00a0<\/p>\n<p style=\"margin: 15px 0; line-height: 1.8; clear: both; display: block; width: 100%; float: none; position: static;\">Charakteryzuje si\u0119 optymalnym oporem toczenia. Opony klasy ekonomicznej maj\u0105 \u015bwietny stosunek jako\u015bci do ceny.<\/p>\n<ul style=\"margin: 15px 0; padding-left: 20px; clear: both; display: block; width: 100%; float: none; position: static;\">\n<li style=\"margin: 5px 0; padding: 2px 0; clear: both; display: list-item; float: none; position: static;\"><b>Stan:<\/b>\u00a0Nowy<\/li>\n<li style=\"margin: 5px 0; padding: 2px 0; clear: both; display: list-item; float: none; position: static;\"><b>EAN:<\/b>\u00a06938628283656<\/li>\n<li style=\"margin: 5px 0; padding: 2px 0; clear: both; display: list-item; float: none; position: static;\"><b>Producent:<\/b> GRENLANDER<\/li>\n<li style=\"margin: 5px 0; padding: 2px 0; clear: both; display: list-item; float: none; position: static;\"><b>Model:<\/b> MAHO 79 XL<\/li>\n<li style=\"margin: 5px 0; padding: 2px 0; clear: both; display: list-item; float: none; position: static;\"><b>Rozmiar:<\/b> 245\/55 R19<\/li>\n<li style=\"margin: 5px 0; padding: 2px 0; clear: both; display: list-item; float: none; position: static;\"><b>Indeks no\u015bno\u015bci:<\/b> 107<\/li>\n<li style=\"margin: 5px 0; padding: 2px 0; clear: both; display: list-item; float: none; position: static;\"><b>Indeks pr\u0119dko\u015bci:<\/b> V<\/li>\n<li style=\"margin: 5px 0; padding: 2px 0; clear: both; display: list-item; float: none; position: static;\"><b>Ha\u0142as db:<\/b>\u00a070<\/li>\n<li style=\"margin: 5px 0; padding: 2px 0; clear: both; display: list-item; float: none; position: static;\"><b>Sezon:<\/b> Letnie<\/li>\n<li style=\"margin: 5px 0; padding: 2px 0; clear: both; display: list-item; float: none; position: static;\"><b>Rok produkcji:<\/b> nie starsze ni\u017c 36 miesi\u0119cy<\/li>\n<li style=\"margin: 5px 0; padding: 2px 0; clear: both; display: list-item; float: none; position: static;\"><b>Przeznaczenie:<\/b> SUV\/4&#215;4<\/li>\n<li style=\"margin: 5px 0; padding: 2px 0; clear: both; display: list-item; float: none; position: static;\"><b>Kl. przycz. na mokrej naw.:<\/b>\u00a0C<\/li>\n<li style=\"margin: 5px 0; padding: 2px 0; clear: both; display: list-item; float: none; position: static;\"><b>Kl. efekt. paliwowej:\u00a0<\/b>C<\/li>\n<\/ul>\n<\/div>\n<\/div>\n<\/div>\n<div style=\"clear: both; display: block; margin: 10px 0;\">\n<div style=\"clear: both; display: block; margin: 10px 0;\">\n<div style=\"clear: both; display: block; margin: 10px 0;\">\n<div  style=\"max-width:2560px;max-height:334px\">\n<div style=\"clear: both; display: block; margin: 10px 0;\">\n<div style=\"clear: both; width: 100%; display: block; margin: 20px 0; padding: 0; float: none; position: static; text-align: center;\"><img decoding=\"async\"  src=\"https:\/\/a.allegroimg.com\/original\/11e4c8\/0e0bc11746969d40e39862b27eff\/2x-GRENLANDER-MAHO-79-XL-245-55R19-107-V-Liczba-opon-w-ofercie-2-szt\" srcset=\"https:\/\/a.allegroimg.com\/original\/11e4c8\/0e0bc11746969d40e39862b27eff\/2x-GRENLANDER-MAHO-79-XL-245-55R19-107-V-Liczba-opon-w-ofercie-2-szt 360w,https:\/\/a.allegroimg.com\/original\/11e4c8\/0e0bc11746969d40e39862b27eff\/2x-GRENLANDER-MAHO-79-XL-245-55R19-107-V-Liczba-opon-w-ofercie-2-szt 720w,https:\/\/a.allegroimg.com\/original\/11e4c8\/0e0bc11746969d40e39862b27eff\/2x-GRENLANDER-MAHO-79-XL-245-55R19-107-V-Liczba-opon-w-ofercie-2-szt 1024w,https:\/\/a.allegroimg.com\/original\/11e4c8\/0e0bc11746969d40e39862b27eff\/2x-GRENLANDER-MAHO-79-XL-245-55R19-107-V-Liczba-opon-w-ofercie-2-szt 1440w,https:\/\/a.allegroimg.com\/original\/11e4c8\/0e0bc11746969d40e39862b27eff\/2x-GRENLANDER-MAHO-79-XL-245-55R19-107-V-Liczba-opon-w-ofercie-2-szt 2560w\" sizes=\"100vw\" width=\"2560px\" alt=\"2x GRENLANDER MAHO 79 XL 245\/55R19 107 V Liczba opon w ofercie 2 szt.\"\/ style=\"max-width: 100%; height: auto; display: block; margin: 0 auto;\"><\/div>\n<\/div>\n<\/div>\n<\/div>\n<\/div>\n<\/div>\n<div style=\"clear: both; display: block; margin: 10px 0;\">\n<div style=\"clear: both; display: block; margin: 10px 0;\">\n<div style=\"clear: both; display: block; margin: 10px 0;\">\n<p style=\"margin: 15px 0; line-height: 1.8; clear: both; display: block; width: 100%; float: none; position: static;\">Marka Greenland\u00a0to producent opon, kt\u00f3ry zyskuje uznanie na rynku oponiarskim dzi\u0119ki swojej jako\u015bci, trwa\u0142o\u015bci i konkurencyjnym cenom.<\/p>\n<p style=\"margin: 15px 0; line-height: 1.8; clear: both; display: block; width: 100%; float: none; position: static;\">Doskona\u0142a jako\u015b\u0107 i niezawodno\u015b\u0107\u00a0to g\u0142\u00f3wne filary marki Greenland. Firma oferuje opony o solidnej jako\u015bci, kt\u00f3re zapewniaj\u0105 doskona\u0142\u0105 przyczepno\u015b\u0107, trwa\u0142o\u015b\u0107 i bezpiecze\u0144stwo na drodze. Opony Greenland s\u0105 projektowane z my\u015bl\u0105 o r\u00f3\u017cnych warunkach, co sprawia, \u017ce s\u0105 cenione przez kierowc\u00f3w.<\/p>\n<p style=\"margin: 15px 0; line-height: 1.8; clear: both; display: block; width: 100%; float: none; position: static;\">Szeroka oferta produkt\u00f3w\u00a0to kolejna cecha charakterystyczna marki Greenland. Oferuje ona r\u00f3\u017cnorodne rodzaje opon dostosowane do r\u00f3\u017cnych rodzaj\u00f3w pojazd\u00f3w i warunk\u00f3w na drodze, w\u0142\u0105czaj\u0105c w to opony letnie, zimowe i ca\u0142oroczne. Greenland to marka, kt\u00f3ra stawia na wyb\u00f3r i elastyczno\u015b\u0107, by sprosta\u0107 r\u00f3\u017cnym potrzebom kierowc\u00f3w.<\/p>\n<p style=\"margin: 15px 0; line-height: 1.8; clear: both; display: block; width: 100%; float: none; position: static;\">Dost\u0119pno\u015b\u0107 na rynku\u00a0sprawia, \u017ce produkty marki Greenland s\u0105 dost\u0119pne na rynkach na ca\u0142ym \u015bwiecie. Firma zdobywa uznanie zar\u00f3wno w Europie, jak i w innych regionach, gdzie kierowcy doceniaj\u0105 jako\u015b\u0107 i konkurencyjne ceny swoich opon. Greenland to marka, kt\u00f3ra oferuje niezawodno\u015b\u0107 i wydajno\u015b\u0107 na drodze.<\/p>\n<\/div>\n<\/div>\n<\/div>\n<div style=\"clear: both; display: block; margin: 10px 0;\">\n<div style=\"clear: both; display: block; margin: 10px 0;\">\n<div style=\"clear: both; display: block; margin: 10px 0;\">\n<div  style=\"max-width:1200px;max-height:1758px\">\n<div style=\"clear: both; display: block; margin: 10px 0;\">\n<div style=\"clear: both; width: 100%; display: block; margin: 20px 0; padding: 0; float: none; position: static; text-align: center;\"><img decoding=\"async\"  src=\"https:\/\/a.allegroimg.com\/original\/115b31\/772853c84f34a9c2f23266b2e818\/2x-GRENLANDER-MAHO-79-XL-245-55R19-107-V-Marka-Grenlander\" srcset=\"https:\/\/a.allegroimg.com\/original\/115b31\/772853c84f34a9c2f23266b2e818\/2x-GRENLANDER-MAHO-79-XL-245-55R19-107-V-Marka-Grenlander 245w,https:\/\/a.allegroimg.com\/original\/115b31\/772853c84f34a9c2f23266b2e818\/2x-GRENLANDER-MAHO-79-XL-245-55R19-107-V-Marka-Grenlander 491w,https:\/\/a.allegroimg.com\/original\/115b31\/772853c84f34a9c2f23266b2e818\/2x-GRENLANDER-MAHO-79-XL-245-55R19-107-V-Marka-Grenlander 698w,https:\/\/a.allegroimg.com\/original\/115b31\/772853c84f34a9c2f23266b2e818\/2x-GRENLANDER-MAHO-79-XL-245-55R19-107-V-Marka-Grenlander 982w,https:\/\/a.allegroimg.com\/original\/115b31\/772853c84f34a9c2f23266b2e818\/2x-GRENLANDER-MAHO-79-XL-245-55R19-107-V-Marka-Grenlander 1200w\" sizes=\"(min-width: 1200px) 560px, (min-width: 992px) 50vw, 100vw\" width=\"1200px\" alt=\"2x GRENLANDER MAHO 79 XL 245\/55R19 107 V Marka Grenlander\"\/ style=\"max-width: 100%; height: auto; display: block; margin: 0 auto;\"><\/div>\n<\/div>\n<\/div>\n<\/div>\n<\/div>\n<div style=\"clear: both; display: block; margin: 10px 0;\">\n<div style=\"clear: both; display: block; margin: 10px 0;\">\n<p style=\"margin: 15px 0; line-height: 1.8; clear: both; display: block; width: 100%; float: none; position: static;\">Dlaczego warto kupowa\u0107 u Nas ?<\/p>\n<p style=\"margin: 15px 0; line-height: 1.8; clear: both; display: block; width: 100%; float: none; position: static;\">Jeste\u015bmy firm\u0105, kt\u00f3ra na podstawie wieloletniego do\u015bwiadczenia z zaanga\u017cowaniem pomaga klientom w doborze oraz kupnie opon.<\/p>\n<p style=\"margin: 15px 0; line-height: 1.8; clear: both; display: block; width: 100%; float: none; position: static;\">Posiadamy szerok\u0105 game opon do aut osobowych, dostawczych, cie\u017carowych, motocyki jak i opon przemys\u0142owych.<\/p>\n<p style=\"margin: 15px 0; line-height: 1.8; clear: both; display: block; width: 100%; float: none; position: static;\">Gwarancja satysfakcjii oraz bezpiecznie przejechanych kilometr\u00f3w.<\/p>\n<p style=\"margin: 15px 0; line-height: 1.8; clear: both; display: block; width: 100%; float: none; position: static;\">Zosta\u0144 naszym kolejnym zadowolonym klientem.<\/p>\n<p style=\"margin: 15px 0; line-height: 1.8; clear: both; display: block; width: 100%; float: none; position: static;\">ZAPRASZAMY DO ZAKUP\u00d3W.<\/p>\n<\/div>\n<\/div>\n<\/div>\n<\/div>\n<\/div>\n<\/div>\n<div style=\"clear: both; display: block; margin: 10px 0;\">\n","protected":false},"excerpt":{"rendered":"<p>2x GRENLANDER MAHO 79 XL 245\/55R19 107 V<\/p>\n<p>Letnie opony GRENLANDER MAHO 79 XL 245\/55 R19 107 V<\/p>\n<p>Opony GRENLANDER MAHO 79 XL to znacz\u0105cy model w portfolio producenta.\u00a0<\/p>\n<p>Charakteryzuje si\u0119 optymalnym oporem toczenia. Opony klasy ekonomicznej maj\u0105 \u015bwietny stosunek jako\u015bci do ceny.<\/p>\n<p>Stan:\u00a0Nowy<\/p>\n<p>EAN:\u00a06938628283656<\/p>\n<p>Producent: GRENLANDER<\/p>\n<p>Model: MAHO 79 XL<\/p>\n","protected":false},"featured_media":11205,"template":"","meta":{"_uag_custom_page_level_css":""},"product_brand":[461],"product_cat":[414,418,413,412],"product_tag":[],"class_list":{"0":"post-11204","1":"product","2":"type-product","3":"status-publish","4":"has-post-thumbnail","6":"product_brand-grenlander","7":"product_cat-do-samochodow-osobowych-i-suv","8":"product_cat-letnie","9":"product_cat-opony","10":"product_cat-opony-i-felgi","12":"first","13":"instock","14":"shipping-taxable","15":"purchasable","16":"product-type-simple"},"uagb_featured_image_src":{"full":["https:\/\/oponixo.shop\/tire\/wp-content\/uploads\/2025\/12\/allegro-image-11204.jpg",920,1120,false],"thumbnail":["https:\/\/oponixo.shop\/tire\/wp-content\/uploads\/2025\/12\/allegro-image-11204-150x150.jpg",150,150,true],"medium":["https:\/\/oponixo.shop\/tire\/wp-content\/uploads\/2025\/12\/allegro-image-11204-246x300.jpg",246,300,true],"medium_large":["https:\/\/oponixo.shop\/tire\/wp-content\/uploads\/2025\/12\/allegro-image-11204-768x935.jpg",768,935,true],"large":["https:\/\/oponixo.shop\/tire\/wp-content\/uploads\/2025\/12\/allegro-image-11204-841x1024.jpg",841,1024,true],"1536x1536":["https:\/\/oponixo.shop\/tire\/wp-content\/uploads\/2025\/12\/allegro-image-11204.jpg",920,1120,false],"2048x2048":["https:\/\/oponixo.shop\/tire\/wp-content\/uploads\/2025\/12\/allegro-image-11204.jpg",920,1120,false],"woocommerce_thumbnail":["https:\/\/oponixo.shop\/tire\/wp-content\/uploads\/2025\/12\/allegro-image-11204-300x300.jpg",300,300,true],"woocommerce_single":["https:\/\/oponixo.shop\/tire\/wp-content\/uploads\/2025\/12\/allegro-image-11204-600x730.jpg",600,730,true],"woocommerce_gallery_thumbnail":["https:\/\/oponixo.shop\/tire\/wp-content\/uploads\/2025\/12\/allegro-image-11204-100x100.jpg",100,100,true]},"uagb_author_info":{"display_name":"admin","author_link":"https:\/\/oponixo.shop\/tire\/author\/"},"uagb_comment_info":0,"uagb_excerpt":"2x GRENLANDER MAHO 79 XL 245\/55R19 107 V Letnie opony GRENLANDER MAHO 79 XL 245\/55 R19 107 V Opony GRENLANDER MAHO 79 XL to znacz\u0105cy model w portfolio producenta.\u00a0 Charakteryzuje si\u0119 optymalnym oporem toczenia. Opony klasy ekonomicznej maj\u0105 \u015bwietny stosunek jako\u015bci do ceny. Stan:\u00a0Nowy EAN:\u00a06938628283656 Producent: GRENLANDER Model: MAHO 79 XL","_links":{"self":[{"href":"https:\/\/oponixo.shop\/tire\/wp-json\/wp\/v2\/product\/11204","targetHints":{"allow":["GET"]}}],"collection":[{"href":"https:\/\/oponixo.shop\/tire\/wp-json\/wp\/v2\/product"}],"about":[{"href":"https:\/\/oponixo.shop\/tire\/wp-json\/wp\/v2\/types\/product"}],"wp:featuredmedia":[{"embeddable":true,"href":"https:\/\/oponixo.shop\/tire\/wp-json\/wp\/v2\/media\/11205"}],"wp:attachment":[{"href":"https:\/\/oponixo.shop\/tire\/wp-json\/wp\/v2\/media?parent=11204"}],"wp:term":[{"taxonomy":"product_brand","embeddable":true,"href":"https:\/\/oponixo.shop\/tire\/wp-json\/wp\/v2\/product_brand?post=11204"},{"taxonomy":"product_cat","embeddable":true,"href":"https:\/\/oponixo.shop\/tire\/wp-json\/wp\/v2\/product_cat?post=11204"},{"taxonomy":"product_tag","embeddable":true,"href":"https:\/\/oponixo.shop\/tire\/wp-json\/wp\/v2\/product_tag?post=11204"}],"curies":[{"name":"wp","href":"https:\/\/api.w.org\/{rel}","templated":true}]}}