{"id":11206,"date":"2025-12-31T04:37:48","date_gmt":"2025-12-31T04:37:48","guid":{"rendered":"https:\/\/oponyexpert.shop\/xef5\/produkt\/2x-toyo-observe-g3-ice-245-55r19-103-t\/"},"modified":"2025-12-31T04:37:49","modified_gmt":"2025-12-31T04:37:49","slug":"2x-toyo-observe-g3-ice-245-55r19-103-t","status":"publish","type":"product","link":"https:\/\/oponixo.shop\/tire\/produkt\/2x-toyo-observe-g3-ice-245-55r19-103-t\/","title":{"rendered":"2x TOYO OBSERVE G3 ICE 245\/55R19 103 T"},"content":{"rendered":"<div style=\"font-family: Arial, sans-serif; line-height: 1.6; color: #333; padding: 20px; clear: both; display: block; width: 100%; float: none; position: static; overflow: hidden;\">\n<div style=\"clear: both; display: block; margin: 10px 0;\">\n<div style=\"clear: both; display: block; margin: 10px 0;\">\n<div style=\"clear: both; display: block; margin: 10px 0;\">\n<h2>2x TOYO OBSERVE G3 ICE 245\/55R19 103 T<\/h2>\n<\/div>\n<\/div>\n<\/div>\n<div style=\"clear: both; display: block; margin: 10px 0;\">\n<div style=\"clear: both; display: block; margin: 10px 0;\">\n<div style=\"clear: both; display: block; margin: 10px 0;\">\n<div  style=\"max-width:920px;max-height:1120px\">\n<div style=\"clear: both; display: block; margin: 10px 0;\">\n<div style=\"clear: both; width: 100%; display: block; margin: 20px 0; padding: 0; float: none; position: static; text-align: center;\"><img decoding=\"async\"  src=\"https:\/\/a.allegroimg.com\/original\/11c00c\/7d7c46f34728ac2e37503519289e\/2x-TOYO-OBSERVE-G3-ICE-245-55R19-103-T\" srcset=\"https:\/\/a.allegroimg.com\/original\/11c00c\/7d7c46f34728ac2e37503519289e\/2x-TOYO-OBSERVE-G3-ICE-245-55R19-103-T 295w,https:\/\/a.allegroimg.com\/original\/11c00c\/7d7c46f34728ac2e37503519289e\/2x-TOYO-OBSERVE-G3-ICE-245-55R19-103-T 591w,https:\/\/a.allegroimg.com\/original\/11c00c\/7d7c46f34728ac2e37503519289e\/2x-TOYO-OBSERVE-G3-ICE-245-55R19-103-T 841w,https:\/\/a.allegroimg.com\/original\/11c00c\/7d7c46f34728ac2e37503519289e\/2x-TOYO-OBSERVE-G3-ICE-245-55R19-103-T 920w,https:\/\/a.allegroimg.com\/original\/11c00c\/7d7c46f34728ac2e37503519289e\/2x-TOYO-OBSERVE-G3-ICE-245-55R19-103-T 920w\" sizes=\"(min-width: 1200px) 560px, (min-width: 992px) 50vw, 100vw\" width=\"920px\" alt=\"2x TOYO OBSERVE G3 ICE 245\/55R19 103 T\"\/ style=\"max-width: 100%; height: auto; display: block; margin: 0 auto;\"><\/div>\n<\/div>\n<\/div>\n<\/div>\n<\/div>\n<div style=\"clear: both; display: block; margin: 10px 0;\">\n<div style=\"clear: both; display: block; margin: 10px 0;\">\n<h2>Zimowe opony TOYO OBSERVE G3 ICE FSL 245\/55 R19 103 T<\/h2>\n<p style=\"margin: 15px 0; line-height: 1.8; clear: both; display: block; width: 100%; float: none; position: static;\">Opony TOYO OBSERVE G3 ICE FSL to znacz\u0105cy model w portfolio producenta.\u00a0<\/p>\n<p style=\"margin: 15px 0; line-height: 1.8; clear: both; display: block; width: 100%; float: none; position: static;\"> Opony klasy \u015bredniej cechuj\u0105 si\u0119 najbardziej optymalnymi parametrami jezdnymi przy zachowaniu dobrej ceny.<\/p>\n<ul style=\"margin: 15px 0; padding-left: 20px; clear: both; display: block; width: 100%; float: none; position: static;\">\n<li style=\"margin: 5px 0; padding: 2px 0; clear: both; display: list-item; float: none; position: static;\"><b>Stan:<\/b>\u00a0Nowy<\/li>\n<li style=\"margin: 5px 0; padding: 2px 0; clear: both; display: list-item; float: none; position: static;\"><b>EAN:<\/b>\u00a04981910757375<\/li>\n<li style=\"margin: 5px 0; padding: 2px 0; clear: both; display: list-item; float: none; position: static;\"><b>Producent:<\/b> TOYO<\/li>\n<li style=\"margin: 5px 0; padding: 2px 0; clear: both; display: list-item; float: none; position: static;\"><b>Model:<\/b> OBSERVE G3 ICE FSL<\/li>\n<li style=\"margin: 5px 0; padding: 2px 0; clear: both; display: list-item; float: none; position: static;\"><b>Rozmiar:<\/b> 245\/55 R19<\/li>\n<li style=\"margin: 5px 0; padding: 2px 0; clear: both; display: list-item; float: none; position: static;\"><b>Indeks no\u015bno\u015bci:<\/b> 103<\/li>\n<li style=\"margin: 5px 0; padding: 2px 0; clear: both; display: list-item; float: none; position: static;\"><b>Indeks pr\u0119dko\u015bci:<\/b> T<\/li>\n<li style=\"margin: 5px 0; padding: 2px 0; clear: both; display: list-item; float: none; position: static;\"><b>Ha\u0142as db:<\/b>\u00a072<\/li>\n<li style=\"margin: 5px 0; padding: 2px 0; clear: both; display: list-item; float: none; position: static;\"><b>Sezon:<\/b> Zimowe<\/li>\n<li style=\"margin: 5px 0; padding: 2px 0; clear: both; display: list-item; float: none; position: static;\"><b>Rok produkcji:<\/b> nie starsze ni\u017c 36 miesi\u0119cy<\/li>\n<li style=\"margin: 5px 0; padding: 2px 0; clear: both; display: list-item; float: none; position: static;\"><b>Przeznaczenie:<\/b> SUV\/4&#215;4<\/li>\n<li style=\"margin: 5px 0; padding: 2px 0; clear: both; display: list-item; float: none; position: static;\"><b>Kl. przycz. na mokrej naw.:<\/b>\u00a0E<\/li>\n<li style=\"margin: 5px 0; padding: 2px 0; clear: both; display: list-item; float: none; position: static;\"><b>Kl. efekt. paliwowej:\u00a0<\/b>D<\/li>\n<\/ul>\n<\/div>\n<\/div>\n<\/div>\n<div style=\"clear: both; display: block; margin: 10px 0;\">\n<div style=\"clear: both; display: block; margin: 10px 0;\">\n<div style=\"clear: both; display: block; margin: 10px 0;\">\n<div  style=\"max-width:2560px;max-height:1440px\">\n<div style=\"clear: both; display: block; margin: 10px 0;\">\n<div style=\"clear: both; width: 100%; display: block; margin: 20px 0; padding: 0; float: none; position: static; text-align: center;\"><img decoding=\"async\"  src=\"https:\/\/a.allegroimg.com\/original\/11ad6e\/953926fb46c7a93c9f9edcd6a9f7\/2x-TOYO-OBSERVE-G3-ICE-245-55R19-103-T-Liczba-opon-w-ofercie-2-szt\" srcset=\"https:\/\/a.allegroimg.com\/original\/11ad6e\/953926fb46c7a93c9f9edcd6a9f7\/2x-TOYO-OBSERVE-G3-ICE-245-55R19-103-T-Liczba-opon-w-ofercie-2-szt 360w,https:\/\/a.allegroimg.com\/original\/11ad6e\/953926fb46c7a93c9f9edcd6a9f7\/2x-TOYO-OBSERVE-G3-ICE-245-55R19-103-T-Liczba-opon-w-ofercie-2-szt 720w,https:\/\/a.allegroimg.com\/original\/11ad6e\/953926fb46c7a93c9f9edcd6a9f7\/2x-TOYO-OBSERVE-G3-ICE-245-55R19-103-T-Liczba-opon-w-ofercie-2-szt 1024w,https:\/\/a.allegroimg.com\/original\/11ad6e\/953926fb46c7a93c9f9edcd6a9f7\/2x-TOYO-OBSERVE-G3-ICE-245-55R19-103-T-Liczba-opon-w-ofercie-2-szt 1440w,https:\/\/a.allegroimg.com\/original\/11ad6e\/953926fb46c7a93c9f9edcd6a9f7\/2x-TOYO-OBSERVE-G3-ICE-245-55R19-103-T-Liczba-opon-w-ofercie-2-szt 2560w\" sizes=\"100vw\" width=\"2560px\" alt=\"2x TOYO OBSERVE G3 ICE 245\/55R19 103 T Liczba opon w ofercie 2 szt.\"\/ style=\"max-width: 100%; height: auto; display: block; margin: 0 auto;\"><\/div>\n<\/div>\n<\/div>\n<\/div>\n<\/div>\n<\/div>\n<div style=\"clear: both; display: block; margin: 10px 0;\">\n<div style=\"clear: both; display: block; margin: 10px 0;\">\n<div style=\"clear: both; display: block; margin: 10px 0;\">\n<p style=\"margin: 15px 0; line-height: 1.8; clear: both; display: block; width: 100%; float: none; position: static;\">Marka Toyo\u00a0to renomowany producent opon z siedzib\u0105 w Japonii, kt\u00f3ry ma ugruntowan\u0105 pozycj\u0119 na rynku oponiarskim i jest znany ze swojego zaanga\u017cowania w jako\u015b\u0107, innowacje i wydajno\u015b\u0107.<\/p>\n<p style=\"margin: 15px 0; line-height: 1.8; clear: both; display: block; width: 100%; float: none; position: static;\">Innowacje i technologia\u00a0to filary marki Toyo. Firma jest znana z inwestycji w badania i rozw\u00f3j, aby dostarcza\u0107 opony o doskona\u0142ej przyczepno\u015bci, trwa\u0142o\u015bci i komforcie jazdy. Opony Toyo wykorzystuj\u0105 zaawansowane technologie i materia\u0142y, co sprawia, \u017ce s\u0105 cenione przez kierowc\u00f3w poszukuj\u0105cych wydajnych rozwi\u0105za\u0144.<\/p>\n<p style=\"margin: 15px 0; line-height: 1.8; clear: both; display: block; width: 100%; float: none; position: static;\">Szeroka gama produkt\u00f3w\u00a0to kolejna cecha charakterystyczna marki Toyo. Oferuje ona r\u00f3\u017cnorodne rodzaje opon dostosowane do r\u00f3\u017cnych rodzaj\u00f3w pojazd\u00f3w i warunk\u00f3w na drodze, w\u0142\u0105czaj\u0105c w to opony letnie, zimowe i ca\u0142oroczne. Toyo to marka, kt\u00f3ra dba o bezpiecze\u0144stwo i wydajno\u015b\u0107 jazdy w r\u00f3\u017cnych warunkach.<\/p>\n<p style=\"margin: 15px 0; line-height: 1.8; clear: both; display: block; width: 100%; float: none; position: static;\">Globalna obecno\u015b\u0107\u00a0marki Toyo sprawia, \u017ce jej produkty s\u0105 dost\u0119pne na rynkach na ca\u0142ym \u015bwiecie. Firma zdoby\u0142a uznanie zar\u00f3wno w Azji, jak i w innych regionach, gdzie kierowcy doceniaj\u0105 jako\u015b\u0107, innowacje i niezawodno\u015b\u0107 swoich opon. Toyo to marka, kt\u00f3ra stawia na jako\u015b\u0107 i wydajno\u015b\u0107 na drodze.<\/p>\n<\/div>\n<\/div>\n<\/div>\n<div style=\"clear: both; display: block; margin: 10px 0;\">\n<div style=\"clear: both; display: block; margin: 10px 0;\">\n<div style=\"clear: both; display: block; margin: 10px 0;\">\n<div  style=\"max-width:1200px;max-height:1758px\">\n<div style=\"clear: both; display: block; margin: 10px 0;\">\n<div style=\"clear: both; width: 100%; display: block; margin: 20px 0; padding: 0; float: none; position: static; text-align: center;\"><img decoding=\"async\"  src=\"https:\/\/a.allegroimg.com\/original\/11d792\/8719600943f3a542ea5573fa3557\/2x-TOYO-OBSERVE-G3-ICE-245-55R19-103-T-Marka-Toyo\" srcset=\"https:\/\/a.allegroimg.com\/original\/11d792\/8719600943f3a542ea5573fa3557\/2x-TOYO-OBSERVE-G3-ICE-245-55R19-103-T-Marka-Toyo 245w,https:\/\/a.allegroimg.com\/original\/11d792\/8719600943f3a542ea5573fa3557\/2x-TOYO-OBSERVE-G3-ICE-245-55R19-103-T-Marka-Toyo 491w,https:\/\/a.allegroimg.com\/original\/11d792\/8719600943f3a542ea5573fa3557\/2x-TOYO-OBSERVE-G3-ICE-245-55R19-103-T-Marka-Toyo 698w,https:\/\/a.allegroimg.com\/original\/11d792\/8719600943f3a542ea5573fa3557\/2x-TOYO-OBSERVE-G3-ICE-245-55R19-103-T-Marka-Toyo 982w,https:\/\/a.allegroimg.com\/original\/11d792\/8719600943f3a542ea5573fa3557\/2x-TOYO-OBSERVE-G3-ICE-245-55R19-103-T-Marka-Toyo 1200w\" sizes=\"(min-width: 1200px) 560px, (min-width: 992px) 50vw, 100vw\" width=\"1200px\" alt=\"2x TOYO OBSERVE G3 ICE 245\/55R19 103 T Marka Toyo\"\/ style=\"max-width: 100%; height: auto; display: block; margin: 0 auto;\"><\/div>\n<\/div>\n<\/div>\n<\/div>\n<\/div>\n<div style=\"clear: both; display: block; margin: 10px 0;\">\n<div style=\"clear: both; display: block; margin: 10px 0;\">\n<p style=\"margin: 15px 0; line-height: 1.8; clear: both; display: block; width: 100%; float: none; position: static;\">Dlaczego warto kupowa\u0107 u Nas ?<\/p>\n<p style=\"margin: 15px 0; line-height: 1.8; clear: both; display: block; width: 100%; float: none; position: static;\">Jeste\u015bmy firm\u0105, kt\u00f3ra na podstawie wieloletniego do\u015bwiadczenia z zaanga\u017cowaniem pomaga klientom w doborze oraz kupnie opon.<\/p>\n<p style=\"margin: 15px 0; line-height: 1.8; clear: both; display: block; width: 100%; float: none; position: static;\">Posiadamy szerok\u0105 game opon do aut osobowych, dostawczych, cie\u017carowych, motocyki jak i opon przemys\u0142owych.<\/p>\n<p style=\"margin: 15px 0; line-height: 1.8; clear: both; display: block; width: 100%; float: none; position: static;\">Gwarancja satysfakcjii oraz bezpiecznie przejechanych kilometr\u00f3w.<\/p>\n<p style=\"margin: 15px 0; line-height: 1.8; clear: both; display: block; width: 100%; float: none; position: static;\">Zosta\u0144 naszym kolejnym zadowolonym klientem.<\/p>\n<p style=\"margin: 15px 0; line-height: 1.8; clear: both; display: block; width: 100%; float: none; position: static;\">ZAPRASZAMY DO ZAKUP\u00d3W.<\/p>\n<\/div>\n<\/div>\n<\/div>\n<\/div>\n<\/div>\n<\/div>\n<div style=\"clear: both; display: block; margin: 10px 0;\">\n","protected":false},"excerpt":{"rendered":"<p>2x TOYO OBSERVE G3 ICE 245\/55R19 103 T<\/p>\n<p>Zimowe opony TOYO OBSERVE G3 ICE FSL 245\/55 R19 103 T<\/p>\n<p>Opony TOYO OBSERVE G3 ICE FSL to znacz\u0105cy model w portfolio producenta.\u00a0<\/p>\n<p>Opony klasy \u015bredniej cechuj\u0105 si\u0119 najbardziej optymalnymi parametrami jezdnymi przy zachowaniu dobrej ceny.<\/p>\n<p>Stan:\u00a0Nowy<\/p>\n<p>EAN:\u00a04981910757375<\/p>\n<p>Producent: TOYO<\/p>\n<p>Model: OBSERVE G3 ICE FSL<\/p>\n","protected":false},"featured_media":11207,"template":"","meta":{"_uag_custom_page_level_css":""},"product_brand":[435],"product_cat":[414,413,412,415],"product_tag":[],"class_list":{"0":"post-11206","1":"product","2":"type-product","3":"status-publish","4":"has-post-thumbnail","6":"product_brand-toyo","7":"product_cat-do-samochodow-osobowych-i-suv","8":"product_cat-opony","9":"product_cat-opony-i-felgi","10":"product_cat-zimowe","12":"first","13":"instock","14":"shipping-taxable","15":"purchasable","16":"product-type-simple"},"uagb_featured_image_src":{"full":["https:\/\/oponixo.shop\/tire\/wp-content\/uploads\/2025\/12\/allegro-image-11206.jpg",920,1120,false],"thumbnail":["https:\/\/oponixo.shop\/tire\/wp-content\/uploads\/2025\/12\/allegro-image-11206-150x150.jpg",150,150,true],"medium":["https:\/\/oponixo.shop\/tire\/wp-content\/uploads\/2025\/12\/allegro-image-11206-246x300.jpg",246,300,true],"medium_large":["https:\/\/oponixo.shop\/tire\/wp-content\/uploads\/2025\/12\/allegro-image-11206-768x935.jpg",768,935,true],"large":["https:\/\/oponixo.shop\/tire\/wp-content\/uploads\/2025\/12\/allegro-image-11206-841x1024.jpg",841,1024,true],"1536x1536":["https:\/\/oponixo.shop\/tire\/wp-content\/uploads\/2025\/12\/allegro-image-11206.jpg",920,1120,false],"2048x2048":["https:\/\/oponixo.shop\/tire\/wp-content\/uploads\/2025\/12\/allegro-image-11206.jpg",920,1120,false],"woocommerce_thumbnail":["https:\/\/oponixo.shop\/tire\/wp-content\/uploads\/2025\/12\/allegro-image-11206-300x300.jpg",300,300,true],"woocommerce_single":["https:\/\/oponixo.shop\/tire\/wp-content\/uploads\/2025\/12\/allegro-image-11206-600x730.jpg",600,730,true],"woocommerce_gallery_thumbnail":["https:\/\/oponixo.shop\/tire\/wp-content\/uploads\/2025\/12\/allegro-image-11206-100x100.jpg",100,100,true]},"uagb_author_info":{"display_name":"admin","author_link":"https:\/\/oponixo.shop\/tire\/author\/"},"uagb_comment_info":0,"uagb_excerpt":"2x TOYO OBSERVE G3 ICE 245\/55R19 103 T Zimowe opony TOYO OBSERVE G3 ICE FSL 245\/55 R19 103 T Opony TOYO OBSERVE G3 ICE FSL to znacz\u0105cy model w portfolio producenta.\u00a0 Opony klasy \u015bredniej cechuj\u0105 si\u0119 najbardziej optymalnymi parametrami jezdnymi przy zachowaniu dobrej ceny. Stan:\u00a0Nowy EAN:\u00a04981910757375 Producent: TOYO Model: OBSERVE G3 ICE FSL","_links":{"self":[{"href":"https:\/\/oponixo.shop\/tire\/wp-json\/wp\/v2\/product\/11206","targetHints":{"allow":["GET"]}}],"collection":[{"href":"https:\/\/oponixo.shop\/tire\/wp-json\/wp\/v2\/product"}],"about":[{"href":"https:\/\/oponixo.shop\/tire\/wp-json\/wp\/v2\/types\/product"}],"wp:featuredmedia":[{"embeddable":true,"href":"https:\/\/oponixo.shop\/tire\/wp-json\/wp\/v2\/media\/11207"}],"wp:attachment":[{"href":"https:\/\/oponixo.shop\/tire\/wp-json\/wp\/v2\/media?parent=11206"}],"wp:term":[{"taxonomy":"product_brand","embeddable":true,"href":"https:\/\/oponixo.shop\/tire\/wp-json\/wp\/v2\/product_brand?post=11206"},{"taxonomy":"product_cat","embeddable":true,"href":"https:\/\/oponixo.shop\/tire\/wp-json\/wp\/v2\/product_cat?post=11206"},{"taxonomy":"product_tag","embeddable":true,"href":"https:\/\/oponixo.shop\/tire\/wp-json\/wp\/v2\/product_tag?post=11206"}],"curies":[{"name":"wp","href":"https:\/\/api.w.org\/{rel}","templated":true}]}}