{"id":11218,"date":"2025-12-31T04:37:51","date_gmt":"2025-12-31T04:37:51","guid":{"rendered":"https:\/\/oponyexpert.shop\/xef5\/produkt\/2x-petlas-explero-a-s-pt411-255-65r17-110h\/"},"modified":"2025-12-31T04:37:52","modified_gmt":"2025-12-31T04:37:52","slug":"2x-petlas-explero-a-s-pt411-255-65r17-110h","status":"publish","type":"product","link":"https:\/\/oponixo.shop\/tire\/produkt\/2x-petlas-explero-a-s-pt411-255-65r17-110h\/","title":{"rendered":"2x Petlas Explero A\/S PT411 255\/65R17 110H"},"content":{"rendered":"<div style=\"font-family: Arial, sans-serif; line-height: 1.6; color: #333; padding: 20px; clear: both; display: block; width: 100%; float: none; position: static; overflow: hidden;\">\n<div style=\"clear: both; display: block; margin: 10px 0;\">\n<div style=\"clear: both; display: block; margin: 10px 0;\">\n<div style=\"clear: both; display: block; margin: 10px 0;\">\n<h1> 2x Opony letnie Petlas Explero A\/S PT411 255\/65R17 110H <\/h1>\n<h2> G\u0142\u00f3wne cechy: <\/h2>\n<ul style=\"margin: 15px 0; padding-left: 20px; clear: both; display: block; width: 100%; float: none; position: static;\">\n<li style=\"margin: 5px 0; padding: 2px 0; clear: both; display: list-item; float: none; position: static;\"><b>Stan:<\/b> nowe<\/li>\n<li style=\"margin: 5px 0; padding: 2px 0; clear: both; display: list-item; float: none; position: static;\"><b>Aukcja dotyczy:<\/b> 2 sztuk (pary opon)<\/li>\n<li style=\"margin: 5px 0; padding: 2px 0; clear: both; display: list-item; float: none; position: static;\"><b>Sezon:<\/b> opony letnie<\/li>\n<li style=\"margin: 5px 0; padding: 2px 0; clear: both; display: list-item; float: none; position: static;\"><b>Przeznaczenie:<\/b> auta osobowe, SUV, 4&#215;4<\/li>\n<li style=\"margin: 5px 0; padding: 2px 0; clear: both; display: list-item; float: none; position: static;\"><b>Rok produkcji:<\/b> nie starsze jak 2024<\/li>\n<li style=\"margin: 5px 0; padding: 2px 0; clear: both; display: list-item; float: none; position: static;\"><b>Gwarancia:<\/b> 2 lata od daty zakupu<\/li>\n<li style=\"margin: 5px 0; padding: 2px 0; clear: both; display: list-item; float: none; position: static;\"><b>Kod produktu:<\/b> A33840<\/li>\n<li style=\"margin: 5px 0; padding: 2px 0; clear: both; display: list-item; float: none; position: static;\"><b>EAN:<\/b> 8680830029970<\/li>\n<li style=\"margin: 5px 0; padding: 2px 0; clear: both; display: list-item; float: none; position: static;\">Komfortowe i ciche<\/li>\n<\/ul>\n<ul style=\"margin: 15px 0; padding-left: 20px; clear: both; display: block; width: 100%; float: none; position: static;\"><\/ul>\n<\/div>\n<\/div>\n<\/div>\n<div style=\"clear: both; display: block; margin: 10px 0;\">\n<div style=\"clear: both; display: block; margin: 10px 0;\">\n<div style=\"clear: both; display: block; margin: 10px 0;\">\n<h2>Parametry opony:<\/h2>\n<ul style=\"margin: 15px 0; padding-left: 20px; clear: both; display: block; width: 100%; float: none; position: static;\">\n<li style=\"margin: 5px 0; padding: 2px 0; clear: both; display: list-item; float: none; position: static;\"><b>Marka:<\/b> Petlas<\/li>\n<li style=\"margin: 5px 0; padding: 2px 0; clear: both; display: list-item; float: none; position: static;\"><b>Klasa:<\/b> ekonomiczna<\/li>\n<li style=\"margin: 5px 0; padding: 2px 0; clear: both; display: list-item; float: none; position: static;\"><b>Model:<\/b> Explero A\/S PT411<\/li>\n<li style=\"margin: 5px 0; padding: 2px 0; clear: both; display: list-item; float: none; position: static;\"><b>Rozmiar:<\/b> 255\/65R17 (255\/65 R17)<\/li>\n<li style=\"margin: 5px 0; padding: 2px 0; clear: both; display: list-item; float: none; position: static;\"><b>Szeroko\u015b\u0107:<\/b> 255 mm<\/li>\n<li style=\"margin: 5px 0; padding: 2px 0; clear: both; display: list-item; float: none; position: static;\"><b>Wysoko\u015b\u0107:<\/b> 65<\/li>\n<li style=\"margin: 5px 0; padding: 2px 0; clear: both; display: list-item; float: none; position: static;\"><b>\u015arednica:<\/b> R17 (17 cali)<\/li>\n<li style=\"margin: 5px 0; padding: 2px 0; clear: both; display: list-item; float: none; position: static;\"><b>Indeks no\u015bno\u015bci:<\/b> 110<\/li>\n<li style=\"margin: 5px 0; padding: 2px 0; clear: both; display: list-item; float: none; position: static;\"><b>Maks. no\u015bno\u015b\u0107:<\/b> 1060 kg na opon\u0119<\/li>\n<li style=\"margin: 5px 0; padding: 2px 0; clear: both; display: list-item; float: none; position: static;\"><b>Indeks pr\u0119dko\u015bci:<\/b> H<\/li>\n<li style=\"margin: 5px 0; padding: 2px 0; clear: both; display: list-item; float: none; position: static;\"><b>Maks. pr\u0119dko\u015b\u0107:<\/b> 210 km\/h<\/li>\n<li style=\"margin: 5px 0; padding: 2px 0; clear: both; display: list-item; float: none; position: static;\"><b>Inne oznaczenia:<\/b><\/li>\n<\/ul>\n<\/div>\n<\/div>\n<div style=\"clear: both; display: block; margin: 10px 0;\">\n<div style=\"clear: both; display: block; margin: 10px 0;\">\n<div  style=\"max-width:600px;max-height:600px\">\n<div style=\"clear: both; display: block; margin: 10px 0;\">\n<div style=\"clear: both; width: 100%; display: block; margin: 20px 0; padding: 0; float: none; position: static; text-align: center;\"><img decoding=\"async\"  src=\"https:\/\/a.allegroimg.com\/original\/115253\/b401afae4f4ab1ee7a8ee349843c\/2x-Petlas-Explero-A-S-PT411-255-65R17-110H\" srcset=\"https:\/\/a.allegroimg.com\/original\/115253\/b401afae4f4ab1ee7a8ee349843c\/2x-Petlas-Explero-A-S-PT411-255-65R17-110H 360w,https:\/\/a.allegroimg.com\/original\/115253\/b401afae4f4ab1ee7a8ee349843c\/2x-Petlas-Explero-A-S-PT411-255-65R17-110H 600w,https:\/\/a.allegroimg.com\/original\/115253\/b401afae4f4ab1ee7a8ee349843c\/2x-Petlas-Explero-A-S-PT411-255-65R17-110H 600w\" sizes=\"(min-width: 1200px) 560px, (min-width: 992px) 50vw, 100vw\" width=\"600px\" alt=\"2x Petlas Explero A\/S PT411 255\/65R17 110H\"\/ style=\"max-width: 100%; height: auto; display: block; margin: 0 auto;\"><\/div>\n<\/div>\n<\/div>\n<\/div>\n<\/div>\n<\/div>\n<div style=\"clear: both; display: block; margin: 10px 0;\">\n<div style=\"clear: both; display: block; margin: 10px 0;\">\n<div style=\"clear: both; display: block; margin: 10px 0;\">\n<div  style=\"max-width:886px;max-height:1299px\">\n<div style=\"clear: both; display: block; margin: 10px 0;\">\n<div style=\"clear: both; width: 100%; display: block; margin: 20px 0; padding: 0; float: none; position: static; text-align: center;\"><img decoding=\"async\"  src=\"https:\/\/a.allegroimg.com\/original\/11eac5\/ea28ea6c4db5b79fba4bd47006db\/2x-Petlas-Explero-A-S-PT411-255-65R17-110H-Liczba-opon-w-ofercie-2-szt\" srcset=\"https:\/\/a.allegroimg.com\/original\/11eac5\/ea28ea6c4db5b79fba4bd47006db\/2x-Petlas-Explero-A-S-PT411-255-65R17-110H-Liczba-opon-w-ofercie-2-szt 245w,https:\/\/a.allegroimg.com\/original\/11eac5\/ea28ea6c4db5b79fba4bd47006db\/2x-Petlas-Explero-A-S-PT411-255-65R17-110H-Liczba-opon-w-ofercie-2-szt 491w,https:\/\/a.allegroimg.com\/original\/11eac5\/ea28ea6c4db5b79fba4bd47006db\/2x-Petlas-Explero-A-S-PT411-255-65R17-110H-Liczba-opon-w-ofercie-2-szt 698w,https:\/\/a.allegroimg.com\/original\/11eac5\/ea28ea6c4db5b79fba4bd47006db\/2x-Petlas-Explero-A-S-PT411-255-65R17-110H-Liczba-opon-w-ofercie-2-szt 886w,https:\/\/a.allegroimg.com\/original\/11eac5\/ea28ea6c4db5b79fba4bd47006db\/2x-Petlas-Explero-A-S-PT411-255-65R17-110H-Liczba-opon-w-ofercie-2-szt 886w\" sizes=\"(min-width: 1200px) 560px, (min-width: 992px) 50vw, 100vw\" width=\"886px\" alt=\"2x Petlas Explero A\/S PT411 255\/65R17 110H Liczba opon w ofercie 2 szt.\"\/ style=\"max-width: 100%; height: auto; display: block; margin: 0 auto;\"><\/div>\n<\/div>\n<\/div>\n<\/div>\n<\/div>\n<div style=\"clear: both; display: block; margin: 10px 0;\">\n<div style=\"clear: both; display: block; margin: 10px 0;\">\n<h1> Najnowsza etykieta opony <\/h1>\n<h2> Op\u00f3r toczenia &#8211; klasa C <\/h2>\n<p style=\"margin: 15px 0; line-height: 1.8; clear: both; display: block; width: 100%; float: none; position: static;\"> Zu\u017cycie paliwa odgrywa wa\u017cn\u0105 rol\u0119 z ekonomicznego i ekologicznego punktu widzenia. Im ni\u017csze opory toczenia, tym mniejsza ilo\u015b\u0107 zu\u017cywanej energii oraz ni\u017csze zu\u017cycie paliwa i emisja CO2. Przyk\u0142adowo r\u00f3\u017cnica w spalaniu mi\u0119dzy klas\u0105 E oraz C wynosi 1\/10 litra na 100km. <\/p>\n<h2> Przyczepno\u015b\u0107 na mokrym &#8211; klasa D <\/h2>\n<p style=\"margin: 15px 0; line-height: 1.8; clear: both; display: block; width: 100%; float: none; position: static;\"> Klasyfikacja przyczepno\u015bci wskazuje, jak dobrze opona b\u0119dzie si\u0119 zachowywa\u0107 na mokrej nawierzchni, a jej osi\u0105gi s\u0105 oceniane w skali od klasy A do G. Ocena A oznacza kr\u00f3tk\u0105 drog\u0119 hamowania na mokrej nawierzchni. <\/p>\n<h2> Ha\u0142as zewn\u0119trzny &#8211; klasa B <\/h2>\n<p style=\"margin: 15px 0; line-height: 1.8; clear: both; display: block; width: 100%; float: none; position: static;\"> Poziom ha\u0142asu zewn\u0119trznego (w decybelach) emitowanego przez opon\u0119 auta poruszaj\u0105cego si\u0119 z pr\u0119dko\u015bci\u0105 80km\/h. Opona letnia 255 65 17 Petlas Explero A\/S PT411 emituje ha\u0142as na poziomie 72 decybeli. <\/p>\n<\/div>\n<\/div>\n<\/div>\n<div style=\"clear: both; display: block; margin: 10px 0;\">\n<div style=\"clear: both; display: block; margin: 10px 0;\">\n<div style=\"clear: both; display: block; margin: 10px 0;\">\n<h1> Rok produkcji opon &#8211; min. 2024 <\/h1>\n<p style=\"margin: 15px 0; line-height: 1.8; clear: both; display: block; width: 100%; float: none; position: static;\"> Pe\u0142na automatyzacja magazynu gwarantuje, i\u017c ka\u017cda zakupiona przez Ciebie opona b\u0119dzie nie starsza jak rok <b>2024<\/b>. Masz wi\u0119c pewno\u015b\u0107 otrzymania nowych, pe\u0142nowarto\u015bciowych opon, kt\u00f3rych ka\u017cda przed przyj\u0119ciem na magazyn zosta\u0142a r\u0119cznie weryfikowana pod k\u0105tem jako\u015bci oraz roku produkcji. <\/p>\n<h2> Dlaczego najwi\u0119cej kierowc\u00f3w wybiera opony z 2024? <\/h2>\n<p style=\"margin: 15px 0; line-height: 1.8; clear: both; display: block; width: 100%; float: none; position: static;\"> Bie\u017cnik opony wykonany jest z mieszanki gumy, kauczuku oraz krzemionki. Proces wi\u0105zania chemicznego wspomnianych substancji, wymaga czasu by osi\u0105gn\u0105\u0107 pe\u0142n\u0105 swoj\u0105 wytrzyma\u0142o\u015b\u0107 i parametry. Mamy tutaj analogi\u0119 do betonu, kt\u00f3ry pe\u0142n\u0105 swoja wytrzyma\u0142o\u015b\u0107 uzyskuje dopiero po 28 dniach. Nic zatem dziwnego, i\u017c coraz cz\u0119\u015bciej <b>roczne opony wygrywaj\u0105 w testach<\/b> hamowania ze swoimi \u015bwie\u017co wyprodukowanymi odpowiednikami. <\/p>\n<h2>Polska norma PN-C94300-7<\/h2>\n<p style=\"margin: 15px 0; line-height: 1.8; clear: both; display: block; width: 100%; float: none; position: static;\"> Wed\u0142ug polskiej normy PN-C-94300-7 opony do 3 lat od daty ich produkcji zachowuj\u0105 100% w\u0142a\u015bciwo\u015bci oraz wszystkie swoje parametry w zakresie bezpiecze\u0144stwa i eksploatacji. <\/p>\n<h2> Kup opony nie starsze jak 2024 rok i nie przep\u0142acaj<\/h2>\n<p style=\"margin: 15px 0; line-height: 1.8; clear: both; display: block; width: 100%; float: none; position: static;\"> Opony starzej\u0105 si\u0119 wy\u0142\u0105cznie na skutek fizycznych i chemicznych proces\u00f3w takich jak promieniowanie UV, du\u017ca wilgotno\u015b\u0107, wysoka temperatura czy kontakt z substancjami typu benzyna, oleje, smary czy inne p\u0142yny samochodowe. <b>Nasze opony przechowujemy w idealnych warunkach<\/b> w suchym, klimatyzowanym i ciemnym magazynie z dala od wilgoci, substancji szkodliwych oraz promieniowania s\u0142onecznego (UV). <\/p>\n<h2> Po ilu latach nale\u017cy wymieni\u0107 opony na nowe? <\/h2>\n<p style=\"margin: 15px 0; line-height: 1.8; clear: both; display: block; width: 100%; float: none; position: static;\"> Producenci opon na ca\u0142ym \u015bwiecie deklaruj\u0105, i\u017c \u017cywotno\u015b\u0107 opony ko\u0144czy si\u0119 mniej wi\u0119cej <b>po 7-10 latach<\/b> od daty jej wyprodukowania. Dodatkowo, od kilkunastu lat mieszanki gumowe, z kt\u00f3rych wykonane s\u0105 opony &#8211; zawieraj\u0105 substancje przeciwstarzeniowe. Dzi\u0119ki temu mamy gwaranci\u0119, \u017ce opona sk\u0142adowana w prawid\u0142owy spos\u00f3b nawet przez wiele lat, dzi\u0119ki swym odpowiednim w\u0142a\u015bciwo\u015bciom, zachowuje cechy nowej opony. <\/p>\n<\/div>\n<\/div>\n<div style=\"clear: both; display: block; margin: 10px 0;\">\n<div style=\"clear: both; display: block; margin: 10px 0;\">\n<div  style=\"max-width:500px;max-height:500px\">\n<div style=\"clear: both; display: block; margin: 10px 0;\">\n<div style=\"clear: both; width: 100%; display: block; margin: 20px 0; padding: 0; float: none; position: static; text-align: center;\"><img decoding=\"async\"  src=\"https:\/\/a.allegroimg.com\/original\/11f97e\/fa0ac9b542a5a2581f216506763d\/2x-Petlas-Explero-A-S-PT411-255-65R17-110H-Model-inny\" srcset=\"https:\/\/a.allegroimg.com\/original\/11f97e\/fa0ac9b542a5a2581f216506763d\/2x-Petlas-Explero-A-S-PT411-255-65R17-110H-Model-inny 360w,https:\/\/a.allegroimg.com\/original\/11f97e\/fa0ac9b542a5a2581f216506763d\/2x-Petlas-Explero-A-S-PT411-255-65R17-110H-Model-inny 500w,https:\/\/a.allegroimg.com\/original\/11f97e\/fa0ac9b542a5a2581f216506763d\/2x-Petlas-Explero-A-S-PT411-255-65R17-110H-Model-inny 500w\" sizes=\"(min-width: 1200px) 560px, (min-width: 992px) 50vw, 100vw\" width=\"500px\" alt=\"2x Petlas Explero A\/S PT411 255\/65R17 110H Model inny\"\/ style=\"max-width: 100%; height: auto; display: block; margin: 0 auto;\"><\/div>\n<\/div>\n<\/div>\n<\/div>\n<\/div>\n<\/div>\n<div style=\"clear: both; display: block; margin: 10px 0;\">\n<div style=\"clear: both; display: block; margin: 10px 0;\">\n<div style=\"clear: both; display: block; margin: 10px 0;\">\n<div  style=\"max-width:500px;max-height:500px\">\n<div style=\"clear: both; display: block; margin: 10px 0;\">\n<div style=\"clear: both; width: 100%; display: block; margin: 20px 0; padding: 0; float: none; position: static; text-align: center;\"><img decoding=\"async\"  src=\"https:\/\/a.allegroimg.com\/original\/111bab\/034eb37743cca2f78a0b615f9cdd\/2x-Petlas-Explero-A-S-PT411-255-65R17-110H-Rok-produkcji-2024\" srcset=\"https:\/\/a.allegroimg.com\/original\/111bab\/034eb37743cca2f78a0b615f9cdd\/2x-Petlas-Explero-A-S-PT411-255-65R17-110H-Rok-produkcji-2024 360w,https:\/\/a.allegroimg.com\/original\/111bab\/034eb37743cca2f78a0b615f9cdd\/2x-Petlas-Explero-A-S-PT411-255-65R17-110H-Rok-produkcji-2024 500w,https:\/\/a.allegroimg.com\/original\/111bab\/034eb37743cca2f78a0b615f9cdd\/2x-Petlas-Explero-A-S-PT411-255-65R17-110H-Rok-produkcji-2024 500w\" sizes=\"(min-width: 1200px) 560px, (min-width: 992px) 50vw, 100vw\" width=\"500px\" alt=\"2x Petlas Explero A\/S PT411 255\/65R17 110H Rok produkcji 2024\"\/ style=\"max-width: 100%; height: auto; display: block; margin: 0 auto;\"><\/div>\n<\/div>\n<\/div>\n<\/div>\n<\/div>\n<div style=\"clear: both; display: block; margin: 10px 0;\">\n<div style=\"clear: both; display: block; margin: 10px 0;\">\n<h1>Opony letnie Petlas<\/h1>\n<h2>Idealne w najcieplejszych miesi\u0105cach roku, czy sucho czy deszcz<\/h2>\n<p style=\"margin: 15px 0; line-height: 1.8; clear: both; display: block; width: 100%; float: none; position: static;\"> Petlas Explero A\/S PT411 255 65 17 110 H nale\u017cy to kategorii opon letnich. Opony letnie zapewniaj\u0105 najlepsze osi\u0105gi w cieplejszych miesi\u0105cach roku. Zbudowane s\u0105 z mieszanki o stosunkowo twardej strukturze, kt\u00f3ra mi\u0119knie w ni\u017cszych temperaturach, aby m\u00f3c dostosowa\u0107 si\u0119 zar\u00f3wno do suchej, jak i mokrej nawierzchni. Specjalna konstrukcja bie\u017cnika sprawia, \u017ce opony letnie doskonale radz\u0105 sobie z aquaplaningiem, a przy tym zapewniaj\u0105 doskona\u0142\u0105 przyczepno\u015b\u0107 i kr\u00f3tk\u0105 drog\u0119 hamowania. G\u0142\u00f3wne r\u00f3\u017cnice w budowie bie\u017cnika w por\u00f3wnaniu z oponami zimowymi wida\u0107 go\u0142ym okiem. Bie\u017cniki letnie posiadaj\u0105 mniej lameli, du\u017ce, solidne \u017cebra i mniejsz\u0105 g\u0142\u0119boko\u015b\u0107. <\/p>\n<p style=\"margin: 15px 0; line-height: 1.8; clear: both; display: block; width: 100%; float: none; position: static;\"> Zapewnia to wi\u0119ksz\u0105 stabilno\u015b\u0107, trwa\u0142o\u015b\u0107 i powierzchni\u0119 styku a tak\u017ce zmniejsza zu\u017cycie paliwa i szumy toczenia. Wszystko to przek\u0142ada si\u0119 na wi\u0119ksz\u0105 przyczepno\u015b\u0107, a zatem i lepsze zachowanie pojazdu w zakr\u0119tach, a tak\u017ce podczas hamowania na suchej i mokrej nawierzchni. Reasumuj\u0105c, opony letnie sprawdzaj\u0105 si\u0119 \u015bwietnie w temperaturach powy\u017cej 7\u00b0C. Gdy temperatury spadaj\u0105 poni\u017cej tego minimum, mieszanka, z kt\u00f3rej wykonane s\u0105 opony, zaczyna twardnie\u0107. W efekcie maleje przyczepno\u015b\u0107, a w skrajnych przypadkach guma mo\u017ce p\u0119ka\u0107. <\/p>\n<\/div>\n<\/div>\n<\/div>\n<div style=\"clear: both; display: block; margin: 10px 0;\">\n<div style=\"clear: both; display: block; margin: 10px 0;\">\n<div style=\"clear: both; display: block; margin: 10px 0;\">\n<h1> Zaufaj sprawdzonym technologiom marki Petlas <\/h1>\n<p style=\"margin: 15px 0; line-height: 1.8; clear: both; display: block; width: 100%; float: none; position: static;\"> Opony letnie 255 65 R17 Petlas Explero A\/S PT411 pozycjonowane s\u0105 przez bran\u017c\u0119 motoryzacyjn\u0105 jako produkty klasy ekonomicznej. To opony stworzone z my\u015bl\u0105 o kierowcach aut miejskich, kt\u00f3rzy preferuj\u0105 spokojny styl jazdy i nie pokonuj\u0105 rocznie dziesi\u0105tek tysi\u0119cy kilometr\u00f3w. Charakteryzuje je prostota budowy i brak w sk\u0142adzie mieszanki drogich komponent\u00f3w. <b>Technologie<\/b> stosowane w oponach klasy ekonomicznej najcz\u0119\u015bciej zostaj\u0105 odziedziczone po starszych krewnych z <b>klasy premium<\/b>. <\/p>\n<p style=\"margin: 15px 0; line-height: 1.8; clear: both; display: block; width: 100%; float: none; position: static;\"> Ma to swoje odzwierciedlenie w cenie, kt\u00f3ra cz\u0119sto jest <b>bardzo atrakcyjna<\/b>. Czy opony klasy ekonomicznej to dobry pomys\u0142? Wszystko zale\u017cy od pojazdu i stylu jazdy. Na oponach klasy ekonomicznej nadal pojedziemy <b>bezpiecznie<\/b> wi\u0119c warto si\u0119 zastanowi\u0107 czy do stania w korkach kilka godzin w drodze do domu potrzebne s\u0105 nam opony premium. <\/p>\n<\/div>\n<\/div>\n<\/div>\n<div style=\"clear: both; display: block; margin: 10px 0;\">\n<div style=\"clear: both; display: block; margin: 10px 0;\">\n<div style=\"clear: both; display: block; margin: 10px 0;\">\n<div  style=\"max-width:500px;max-height:700px\">\n<div style=\"clear: both; display: block; margin: 10px 0;\">\n<div style=\"clear: both; width: 100%; display: block; margin: 20px 0; padding: 0; float: none; position: static; text-align: center;\"><img decoding=\"async\"  src=\"https:\/\/a.allegroimg.com\/original\/115669\/638c8ca44950a89dfe749c463953\/2x-Petlas-Explero-A-S-PT411-255-65R17-110H-Marka-Petlas\" srcset=\"https:\/\/a.allegroimg.com\/original\/115669\/638c8ca44950a89dfe749c463953\/2x-Petlas-Explero-A-S-PT411-255-65R17-110H-Marka-Petlas 257w,https:\/\/a.allegroimg.com\/original\/115669\/638c8ca44950a89dfe749c463953\/2x-Petlas-Explero-A-S-PT411-255-65R17-110H-Marka-Petlas 500w,https:\/\/a.allegroimg.com\/original\/115669\/638c8ca44950a89dfe749c463953\/2x-Petlas-Explero-A-S-PT411-255-65R17-110H-Marka-Petlas 500w\" sizes=\"(min-width: 1200px) 560px, (min-width: 992px) 50vw, 100vw\" width=\"500px\" alt=\"2x Petlas Explero A\/S PT411 255\/65R17 110H Marka Petlas\"\/ style=\"max-width: 100%; height: auto; display: block; margin: 0 auto;\"><\/div>\n<\/div>\n<\/div>\n<\/div>\n<\/div>\n<div style=\"clear: both; display: block; margin: 10px 0;\">\n<div style=\"clear: both; display: block; margin: 10px 0;\">\n<h1> Dlaczego warto kupi\u0107 opony Petlas Explero A\/S PT411 255\/65R17 110H na naszej aukcji? <\/h1>\n<p style=\"margin: 15px 0; line-height: 1.8; clear: both; display: block; width: 100%; float: none; position: static;\"> Zobacz co otrzymujesz dodatkowo: <\/p>\n<p style=\"margin: 15px 0; line-height: 1.8; clear: both; display: block; width: 100%; float: none; position: static;\"><b>Ca\u0142odobowa pomoc<\/b> &#8211; Przez lata uda\u0142o nam si\u0119 zebra\u0107 prawdziwy zesp\u00f3\u0142 profesjonalist\u00f3w, kt\u00f3rzy szybko i sprawnie pomog\u0105 w zakupie opon i zorganizowaniu dostawy. Nasz\u0105 firm\u0119 tworz\u0105 do\u015bwiadczeni, energiczni, ambitni ludzie, kt\u00f3rych zainteresowania obejmuj\u0105 r\u00f3\u017cne dziedziny motoryzacji i nie tylko. W pilnych sprawach dotycz\u0105cych zam\u00f3wienia czy przesy\u0142ki jeste\u015bmy do dyspozycji przez 7 dni w tygodniu oraz 24h na dob\u0119. <\/p>\n<p style=\"margin: 15px 0; line-height: 1.8; clear: both; display: block; width: 100%; float: none; position: static;\"><b>Najd\u0142u\u017cszy okres zwrot\u00f3w<\/b> &#8211; Je\u015bli z jakiego\u015b powodu otrzymane zam\u00f3wienie ci\u0119 nie satysfakcjonuje, a opona nie posiada \u015blad\u00f3w u\u017cytkowania to mo\u017cesz j\u0105 zwr\u00f3ci\u0107 w ci\u0105gu 31 dni od daty dostarczenia. <\/p>\n<p style=\"margin: 15px 0; line-height: 1.8; clear: both; display: block; width: 100%; float: none; position: static;\"><b>Wieloletnie do\u015bwiadczenie<\/b> &#8211; Na niezwykle trudnym i wymagaj\u0105cym rynku motoryzacyjnym dzia\u0142amy ju\u017c przesz\u0142o 19 lat dostarczaj\u0105c naszym klientom produkty najwy\u017cszej jako\u015bci. <\/p>\n<p style=\"margin: 15px 0; line-height: 1.8; clear: both; display: block; width: 100%; float: none; position: static;\"><b>Sprawdzeni partnerzy logistyczni<\/b> &#8211; Aby zakupiony towar znalaz\u0142 si\u0119 szybko i bezpiecznie w miejscu docelowym korzystamy z us\u0142ug sprawdzonych przewo\u017anik\u00f3w, a wszystkie nasze przesy\u0142ki s\u0105 ubezpieczone do kwoty 15 000 z\u0142. <\/p>\n<p style=\"margin: 15px 0; line-height: 1.8; clear: both; display: block; width: 100%; float: none; position: static;\"><b>Najlepsze warunki przechowywania<\/b> &#8211; Po\u015bwi\u0119camy bardzo du\u017co uwagi, aby w naszych magazynach zapewni\u0107 optymalne warunki sk\u0142adowania opon. Magazyn posiada wentylacj\u0119 i stale kontrolowan\u0105 temperatur\u0119 w zakresie od 15 do 25 stopni Celsjusza. Chroni opony przed nadmiernym nara\u017ceniem na \u015bwiat\u0142o s\u0142oneczne i promieniowanie UV, a opony s\u0105 przechowywane w taki spos\u00f3b, aby \u017caden inny obiekt nie wywiera\u0142 na nie nacisku. <\/p>\n<p style=\"margin: 15px 0; line-height: 1.8; clear: both; display: block; width: 100%; float: none; position: static;\"><b>Pe\u0142na automatyzacja<\/b> &#8211; Pe\u0142na automatyzacja magazyn\u00f3w pozwala nam wysy\u0142a\u0107 do 10 000 opon dziennie. Ponadto dzi\u0119ki systemowi zarz\u0105dzania magazynem jeste\u015bmy w stanie efektywnie i szybko realizowa\u0107 zam\u00f3wienia unikaj\u0105c nawet najdrobniejszych pomy\u0142ek. <\/p>\n<\/div>\n<\/div>\n<\/div>\n<\/div>\n<\/div>\n<\/div>\n<div style=\"clear: both; display: block; margin: 10px 0;\">\n","protected":false},"excerpt":{"rendered":"<p>2x Opony letnie Petlas Explero A\/S PT411 255\/65R17 110H<\/p>\n<p>G\u0142\u00f3wne cechy:<\/p>\n<p>Stan: nowe<\/p>\n<p>Aukcja dotyczy: 2 sztuk (pary opon)<\/p>\n<p>Sezon: opony letnie<\/p>\n<p>Przeznaczenie: auta osobowe, SUV, 4&#215;4<\/p>\n<p>Rok produkcji: nie starsze jak 2024<\/p>\n<p>Gwarancia: 2 lata od daty zakupu<\/p>\n","protected":false},"featured_media":11219,"template":"","meta":{"_uag_custom_page_level_css":""},"product_brand":[460],"product_cat":[416,414,413,412],"product_tag":[],"class_list":{"0":"post-11218","1":"product","2":"type-product","3":"status-publish","4":"has-post-thumbnail","6":"product_brand-petlas","7":"product_cat-caloroczne","8":"product_cat-do-samochodow-osobowych-i-suv","9":"product_cat-opony","10":"product_cat-opony-i-felgi","12":"first","13":"instock","14":"shipping-taxable","15":"purchasable","16":"product-type-simple"},"uagb_featured_image_src":{"full":["https:\/\/oponixo.shop\/tire\/wp-content\/uploads\/2025\/12\/allegro-image-11218.jpg",600,600,false],"thumbnail":["https:\/\/oponixo.shop\/tire\/wp-content\/uploads\/2025\/12\/allegro-image-11218-150x150.jpg",150,150,true],"medium":["https:\/\/oponixo.shop\/tire\/wp-content\/uploads\/2025\/12\/allegro-image-11218-300x300.jpg",300,300,true],"medium_large":["https:\/\/oponixo.shop\/tire\/wp-content\/uploads\/2025\/12\/allegro-image-11218.jpg",600,600,false],"large":["https:\/\/oponixo.shop\/tire\/wp-content\/uploads\/2025\/12\/allegro-image-11218.jpg",600,600,false],"1536x1536":["https:\/\/oponixo.shop\/tire\/wp-content\/uploads\/2025\/12\/allegro-image-11218.jpg",600,600,false],"2048x2048":["https:\/\/oponixo.shop\/tire\/wp-content\/uploads\/2025\/12\/allegro-image-11218.jpg",600,600,false],"woocommerce_thumbnail":["https:\/\/oponixo.shop\/tire\/wp-content\/uploads\/2025\/12\/allegro-image-11218-300x300.jpg",300,300,true],"woocommerce_single":["https:\/\/oponixo.shop\/tire\/wp-content\/uploads\/2025\/12\/allegro-image-11218.jpg",600,600,false],"woocommerce_gallery_thumbnail":["https:\/\/oponixo.shop\/tire\/wp-content\/uploads\/2025\/12\/allegro-image-11218-100x100.jpg",100,100,true]},"uagb_author_info":{"display_name":"admin","author_link":"https:\/\/oponixo.shop\/tire\/author\/"},"uagb_comment_info":0,"uagb_excerpt":"2x Opony letnie Petlas Explero A\/S PT411 255\/65R17 110H G\u0142\u00f3wne cechy: Stan: nowe Aukcja dotyczy: 2 sztuk (pary opon) Sezon: opony letnie Przeznaczenie: auta osobowe, SUV, 4x4 Rok produkcji: nie starsze jak 2024 Gwarancia: 2 lata od daty zakupu","_links":{"self":[{"href":"https:\/\/oponixo.shop\/tire\/wp-json\/wp\/v2\/product\/11218","targetHints":{"allow":["GET"]}}],"collection":[{"href":"https:\/\/oponixo.shop\/tire\/wp-json\/wp\/v2\/product"}],"about":[{"href":"https:\/\/oponixo.shop\/tire\/wp-json\/wp\/v2\/types\/product"}],"wp:featuredmedia":[{"embeddable":true,"href":"https:\/\/oponixo.shop\/tire\/wp-json\/wp\/v2\/media\/11219"}],"wp:attachment":[{"href":"https:\/\/oponixo.shop\/tire\/wp-json\/wp\/v2\/media?parent=11218"}],"wp:term":[{"taxonomy":"product_brand","embeddable":true,"href":"https:\/\/oponixo.shop\/tire\/wp-json\/wp\/v2\/product_brand?post=11218"},{"taxonomy":"product_cat","embeddable":true,"href":"https:\/\/oponixo.shop\/tire\/wp-json\/wp\/v2\/product_cat?post=11218"},{"taxonomy":"product_tag","embeddable":true,"href":"https:\/\/oponixo.shop\/tire\/wp-json\/wp\/v2\/product_tag?post=11218"}],"curies":[{"name":"wp","href":"https:\/\/api.w.org\/{rel}","templated":true}]}}