{"id":11220,"date":"2025-12-31T04:37:52","date_gmt":"2025-12-31T04:37:52","guid":{"rendered":"https:\/\/oponyexpert.shop\/xef5\/produkt\/2x-petlas-explero-winter-w671-suv-255-65r17-114h\/"},"modified":"2025-12-31T04:37:52","modified_gmt":"2025-12-31T04:37:52","slug":"2x-petlas-explero-winter-w671-suv-255-65r17-114h","status":"publish","type":"product","link":"https:\/\/oponixo.shop\/tire\/produkt\/2x-petlas-explero-winter-w671-suv-255-65r17-114h\/","title":{"rendered":"2x Petlas Explero Winter W671 SUV 255\/65R17 114H"},"content":{"rendered":"<div style=\"font-family: Arial, sans-serif; line-height: 1.6; color: #333; padding: 20px; clear: both; display: block; width: 100%; float: none; position: static; overflow: hidden;\">\n<div style=\"clear: both; display: block; margin: 10px 0;\">\n<div style=\"clear: both; display: block; margin: 10px 0;\">\n<div style=\"clear: both; display: block; margin: 10px 0;\">\n<h1> 2x Opony zimowe Petlas Explero Winter W671 SUV 255\/65R17 114H XL <\/h1>\n<h2> G\u0142\u00f3wne cechy: <\/h2>\n<ul style=\"margin: 15px 0; padding-left: 20px; clear: both; display: block; width: 100%; float: none; position: static;\">\n<li style=\"margin: 5px 0; padding: 2px 0; clear: both; display: list-item; float: none; position: static;\"><b>Stan:<\/b> nowe<\/li>\n<li style=\"margin: 5px 0; padding: 2px 0; clear: both; display: list-item; float: none; position: static;\"><b>Aukcja dotyczy:<\/b> 2 sztuk (pary opon)<\/li>\n<li style=\"margin: 5px 0; padding: 2px 0; clear: both; display: list-item; float: none; position: static;\"><b>Sezon:<\/b> opony zimowe<\/li>\n<li style=\"margin: 5px 0; padding: 2px 0; clear: both; display: list-item; float: none; position: static;\"><b>Przeznaczenie:<\/b> auta osobowe, SUV, 4&#215;4<\/li>\n<li style=\"margin: 5px 0; padding: 2px 0; clear: both; display: list-item; float: none; position: static;\"><b>Rok produkcji:<\/b> nie starsze jak 2024<\/li>\n<li style=\"margin: 5px 0; padding: 2px 0; clear: both; display: list-item; float: none; position: static;\"><b>Gwarancia:<\/b> 2 lata od daty zakupu<\/li>\n<li style=\"margin: 5px 0; padding: 2px 0; clear: both; display: list-item; float: none; position: static;\"><b>Kod produktu:<\/b> A33845<\/li>\n<li style=\"margin: 5px 0; padding: 2px 0; clear: both; display: list-item; float: none; position: static;\"><b>EAN:<\/b> 8680830002843<\/li>\n<li style=\"margin: 5px 0; padding: 2px 0; clear: both; display: list-item; float: none; position: static;\">Komfortowe i ciche<\/li>\n<\/ul>\n<h2>Zastosowane technologie:<\/h2>\n<ul style=\"margin: 15px 0; padding-left: 20px; clear: both; display: block; width: 100%; float: none; position: static;\">\n<li style=\"margin: 5px 0; padding: 2px 0; clear: both; display: list-item; float: none; position: static;\"><b>Wzmocnienie:<\/b> TAK (XL)<\/li>\n<\/ul>\n<\/div>\n<\/div>\n<\/div>\n<div style=\"clear: both; display: block; margin: 10px 0;\">\n<div style=\"clear: both; display: block; margin: 10px 0;\">\n<div style=\"clear: both; display: block; margin: 10px 0;\">\n<h2>Parametry opony:<\/h2>\n<ul style=\"margin: 15px 0; padding-left: 20px; clear: both; display: block; width: 100%; float: none; position: static;\">\n<li style=\"margin: 5px 0; padding: 2px 0; clear: both; display: list-item; float: none; position: static;\"><b>Marka:<\/b> Petlas<\/li>\n<li style=\"margin: 5px 0; padding: 2px 0; clear: both; display: list-item; float: none; position: static;\"><b>Klasa:<\/b> ekonomiczna<\/li>\n<li style=\"margin: 5px 0; padding: 2px 0; clear: both; display: list-item; float: none; position: static;\"><b>Model:<\/b> Explero Winter W671 SUV<\/li>\n<li style=\"margin: 5px 0; padding: 2px 0; clear: both; display: list-item; float: none; position: static;\"><b>Rozmiar:<\/b> 255\/65R17 (255\/65 R17)<\/li>\n<li style=\"margin: 5px 0; padding: 2px 0; clear: both; display: list-item; float: none; position: static;\"><b>Szeroko\u015b\u0107:<\/b> 255 mm<\/li>\n<li style=\"margin: 5px 0; padding: 2px 0; clear: both; display: list-item; float: none; position: static;\"><b>Wysoko\u015b\u0107:<\/b> 65<\/li>\n<li style=\"margin: 5px 0; padding: 2px 0; clear: both; display: list-item; float: none; position: static;\"><b>\u015arednica:<\/b> R17 (17 cali)<\/li>\n<li style=\"margin: 5px 0; padding: 2px 0; clear: both; display: list-item; float: none; position: static;\"><b>Indeks no\u015bno\u015bci:<\/b> 114<\/li>\n<li style=\"margin: 5px 0; padding: 2px 0; clear: both; display: list-item; float: none; position: static;\"><b>Maks. no\u015bno\u015b\u0107:<\/b> 1180 kg na opon\u0119<\/li>\n<li style=\"margin: 5px 0; padding: 2px 0; clear: both; display: list-item; float: none; position: static;\"><b>Indeks pr\u0119dko\u015bci:<\/b> H<\/li>\n<li style=\"margin: 5px 0; padding: 2px 0; clear: both; display: list-item; float: none; position: static;\"><b>Maks. pr\u0119dko\u015b\u0107:<\/b> 210 km\/h<\/li>\n<li style=\"margin: 5px 0; padding: 2px 0; clear: both; display: list-item; float: none; position: static;\"><b>Inne oznaczenia:<\/b> XL,<\/li>\n<\/ul>\n<h2>Oznaczenia dodatkowe:<\/h2>\n<ul style=\"margin: 15px 0; padding-left: 20px; clear: both; display: block; width: 100%; float: none; position: static;\">\n<li style=\"margin: 5px 0; padding: 2px 0; clear: both; display: list-item; float: none; position: static;\"><b>XL:<\/b> Opona wzmacniana co oznacza, \u017ce charakteryzuje si\u0119 zwi\u0119kszon\u0105 no\u015bno\u015bci\u0105 (pozwala na wi\u0119kszy ud\u017awig). Opony wzmacniane rekomendowane s\u0105 do aut o wi\u0119kszej mocy silnika (ponad 120KM), pojazd\u00f3w z nadwoziem kombi oraz samochod\u00f3w segmentu SUV. Opony takie na swoim boku maj\u0105 zapis XL lub extra load.<\/li>\n<\/ul>\n<\/div>\n<\/div>\n<div style=\"clear: both; display: block; margin: 10px 0;\">\n<div style=\"clear: both; display: block; margin: 10px 0;\">\n<div  style=\"max-width:500px;max-height:500px\">\n<div style=\"clear: both; display: block; margin: 10px 0;\">\n<div style=\"clear: both; width: 100%; display: block; margin: 20px 0; padding: 0; float: none; position: static; text-align: center;\"><img decoding=\"async\"  src=\"https:\/\/a.allegroimg.com\/original\/113a60\/21a1c4444ea5a292a67fc7446f8e\/2x-Petlas-Explero-Winter-W671-SUV-255-65R17-114H\" srcset=\"https:\/\/a.allegroimg.com\/original\/113a60\/21a1c4444ea5a292a67fc7446f8e\/2x-Petlas-Explero-Winter-W671-SUV-255-65R17-114H 360w,https:\/\/a.allegroimg.com\/original\/113a60\/21a1c4444ea5a292a67fc7446f8e\/2x-Petlas-Explero-Winter-W671-SUV-255-65R17-114H 500w,https:\/\/a.allegroimg.com\/original\/113a60\/21a1c4444ea5a292a67fc7446f8e\/2x-Petlas-Explero-Winter-W671-SUV-255-65R17-114H 500w\" sizes=\"(min-width: 1200px) 560px, (min-width: 992px) 50vw, 100vw\" width=\"500px\" alt=\"2x Petlas Explero Winter W671 SUV 255\/65R17 114H\"\/ style=\"max-width: 100%; height: auto; display: block; margin: 0 auto;\"><\/div>\n<\/div>\n<\/div>\n<\/div>\n<\/div>\n<\/div>\n<div style=\"clear: both; display: block; margin: 10px 0;\">\n<div style=\"clear: both; display: block; margin: 10px 0;\">\n<div style=\"clear: both; display: block; margin: 10px 0;\">\n<div  style=\"max-width:886px;max-height:1299px\">\n<div style=\"clear: both; display: block; margin: 10px 0;\">\n<div style=\"clear: both; width: 100%; display: block; margin: 20px 0; padding: 0; float: none; position: static; text-align: center;\"><img decoding=\"async\"  src=\"https:\/\/a.allegroimg.com\/original\/11290e\/25fa97ce4a71b12364473abdc419\/2x-Petlas-Explero-Winter-W671-SUV-255-65R17-114H-Liczba-opon-w-ofercie-2-szt\" srcset=\"https:\/\/a.allegroimg.com\/original\/11290e\/25fa97ce4a71b12364473abdc419\/2x-Petlas-Explero-Winter-W671-SUV-255-65R17-114H-Liczba-opon-w-ofercie-2-szt 245w,https:\/\/a.allegroimg.com\/original\/11290e\/25fa97ce4a71b12364473abdc419\/2x-Petlas-Explero-Winter-W671-SUV-255-65R17-114H-Liczba-opon-w-ofercie-2-szt 491w,https:\/\/a.allegroimg.com\/original\/11290e\/25fa97ce4a71b12364473abdc419\/2x-Petlas-Explero-Winter-W671-SUV-255-65R17-114H-Liczba-opon-w-ofercie-2-szt 698w,https:\/\/a.allegroimg.com\/original\/11290e\/25fa97ce4a71b12364473abdc419\/2x-Petlas-Explero-Winter-W671-SUV-255-65R17-114H-Liczba-opon-w-ofercie-2-szt 886w,https:\/\/a.allegroimg.com\/original\/11290e\/25fa97ce4a71b12364473abdc419\/2x-Petlas-Explero-Winter-W671-SUV-255-65R17-114H-Liczba-opon-w-ofercie-2-szt 886w\" sizes=\"(min-width: 1200px) 560px, (min-width: 992px) 50vw, 100vw\" width=\"886px\" alt=\"2x Petlas Explero Winter W671 SUV 255\/65R17 114H Liczba opon w ofercie 2 szt.\"\/ style=\"max-width: 100%; height: auto; display: block; margin: 0 auto;\"><\/div>\n<\/div>\n<\/div>\n<\/div>\n<\/div>\n<div style=\"clear: both; display: block; margin: 10px 0;\">\n<div style=\"clear: both; display: block; margin: 10px 0;\">\n<h1> Najnowsza etykieta opony <\/h1>\n<h2> Op\u00f3r toczenia &#8211; klasa D <\/h2>\n<p style=\"margin: 15px 0; line-height: 1.8; clear: both; display: block; width: 100%; float: none; position: static;\"> Zu\u017cycie paliwa odgrywa wa\u017cn\u0105 rol\u0119 z ekonomicznego i ekologicznego punktu widzenia. Im ni\u017csze opory toczenia, tym mniejsza ilo\u015b\u0107 zu\u017cywanej energii oraz ni\u017csze zu\u017cycie paliwa i emisja CO2. Przyk\u0142adowo r\u00f3\u017cnica w spalaniu mi\u0119dzy klas\u0105 E oraz C wynosi 1\/10 litra na 100km. <\/p>\n<h2> Przyczepno\u015b\u0107 na mokrym &#8211; klasa C <\/h2>\n<p style=\"margin: 15px 0; line-height: 1.8; clear: both; display: block; width: 100%; float: none; position: static;\"> Klasyfikacja przyczepno\u015bci wskazuje, jak dobrze opona b\u0119dzie si\u0119 zachowywa\u0107 na mokrej nawierzchni, a jej osi\u0105gi s\u0105 oceniane w skali od klasy A do G. Ocena A oznacza kr\u00f3tk\u0105 drog\u0119 hamowania na mokrej nawierzchni. <\/p>\n<h2> Ha\u0142as zewn\u0119trzny &#8211; klasa B <\/h2>\n<p style=\"margin: 15px 0; line-height: 1.8; clear: both; display: block; width: 100%; float: none; position: static;\"> Poziom ha\u0142asu zewn\u0119trznego (w decybelach) emitowanego przez opon\u0119 auta poruszaj\u0105cego si\u0119 z pr\u0119dko\u015bci\u0105 80km\/h. Opona zimowa 255 65 17 Petlas Explero Winter W671 SUV emituje ha\u0142as na poziomie 71 decybeli. <\/p>\n<\/div>\n<\/div>\n<\/div>\n<div style=\"clear: both; display: block; margin: 10px 0;\">\n<div style=\"clear: both; display: block; margin: 10px 0;\">\n<div style=\"clear: both; display: block; margin: 10px 0;\">\n<h1> Rok produkcji opon &#8211; min. 2024 <\/h1>\n<p style=\"margin: 15px 0; line-height: 1.8; clear: both; display: block; width: 100%; float: none; position: static;\"> Pe\u0142na automatyzacja magazynu gwarantuje, i\u017c ka\u017cda zakupiona przez Ciebie opona b\u0119dzie nie starsza jak rok <b>2024<\/b>. Masz wi\u0119c pewno\u015b\u0107 otrzymania nowych, pe\u0142nowarto\u015bciowych opon, kt\u00f3rych ka\u017cda przed przyj\u0119ciem na magazyn zosta\u0142a r\u0119cznie weryfikowana pod k\u0105tem jako\u015bci oraz roku produkcji. <\/p>\n<h2> Dlaczego najwi\u0119cej kierowc\u00f3w wybiera opony z 2024? <\/h2>\n<p style=\"margin: 15px 0; line-height: 1.8; clear: both; display: block; width: 100%; float: none; position: static;\"> Bie\u017cnik opony wykonany jest z mieszanki gumy, kauczuku oraz krzemionki. Proces wi\u0105zania chemicznego wspomnianych substancji, wymaga czasu by osi\u0105gn\u0105\u0107 pe\u0142n\u0105 swoj\u0105 wytrzyma\u0142o\u015b\u0107 i parametry. Mamy tutaj analogi\u0119 do betonu, kt\u00f3ry pe\u0142n\u0105 swoja wytrzyma\u0142o\u015b\u0107 uzyskuje dopiero po 28 dniach. Nic zatem dziwnego, i\u017c coraz cz\u0119\u015bciej <b>roczne opony wygrywaj\u0105 w testach<\/b> hamowania ze swoimi \u015bwie\u017co wyprodukowanymi odpowiednikami. <\/p>\n<h2>Polska norma PN-C94300-7<\/h2>\n<p style=\"margin: 15px 0; line-height: 1.8; clear: both; display: block; width: 100%; float: none; position: static;\"> Wed\u0142ug polskiej normy PN-C-94300-7 opony do 3 lat od daty ich produkcji zachowuj\u0105 100% w\u0142a\u015bciwo\u015bci oraz wszystkie swoje parametry w zakresie bezpiecze\u0144stwa i eksploatacji. <\/p>\n<h2> Kup opony nie starsze jak 2024 rok i nie przep\u0142acaj<\/h2>\n<p style=\"margin: 15px 0; line-height: 1.8; clear: both; display: block; width: 100%; float: none; position: static;\"> Opony starzej\u0105 si\u0119 wy\u0142\u0105cznie na skutek fizycznych i chemicznych proces\u00f3w takich jak promieniowanie UV, du\u017ca wilgotno\u015b\u0107, wysoka temperatura czy kontakt z substancjami typu benzyna, oleje, smary czy inne p\u0142yny samochodowe. <b>Nasze opony przechowujemy w idealnych warunkach<\/b> w suchym, klimatyzowanym i ciemnym magazynie z dala od wilgoci, substancji szkodliwych oraz promieniowania s\u0142onecznego (UV). <\/p>\n<h2> Po ilu latach nale\u017cy wymieni\u0107 opony na nowe? <\/h2>\n<p style=\"margin: 15px 0; line-height: 1.8; clear: both; display: block; width: 100%; float: none; position: static;\"> Producenci opon na ca\u0142ym \u015bwiecie deklaruj\u0105, i\u017c \u017cywotno\u015b\u0107 opony ko\u0144czy si\u0119 mniej wi\u0119cej <b>po 7-10 latach<\/b> od daty jej wyprodukowania. Dodatkowo, od kilkunastu lat mieszanki gumowe, z kt\u00f3rych wykonane s\u0105 opony &#8211; zawieraj\u0105 substancje przeciwstarzeniowe. Dzi\u0119ki temu mamy gwaranci\u0119, \u017ce opona sk\u0142adowana w prawid\u0142owy spos\u00f3b nawet przez wiele lat, dzi\u0119ki swym odpowiednim w\u0142a\u015bciwo\u015bciom, zachowuje cechy nowej opony. <\/p>\n<\/div>\n<\/div>\n<div style=\"clear: both; display: block; margin: 10px 0;\">\n<div style=\"clear: both; display: block; margin: 10px 0;\">\n<div  style=\"max-width:500px;max-height:500px\">\n<div style=\"clear: both; display: block; margin: 10px 0;\">\n<div style=\"clear: both; width: 100%; display: block; margin: 20px 0; padding: 0; float: none; position: static; text-align: center;\"><img decoding=\"async\"  src=\"https:\/\/a.allegroimg.com\/original\/11f97e\/fa0ac9b542a5a2581f216506763d\/2x-Petlas-Explero-Winter-W671-SUV-255-65R17-114H-Model-inny\" srcset=\"https:\/\/a.allegroimg.com\/original\/11f97e\/fa0ac9b542a5a2581f216506763d\/2x-Petlas-Explero-Winter-W671-SUV-255-65R17-114H-Model-inny 360w,https:\/\/a.allegroimg.com\/original\/11f97e\/fa0ac9b542a5a2581f216506763d\/2x-Petlas-Explero-Winter-W671-SUV-255-65R17-114H-Model-inny 500w,https:\/\/a.allegroimg.com\/original\/11f97e\/fa0ac9b542a5a2581f216506763d\/2x-Petlas-Explero-Winter-W671-SUV-255-65R17-114H-Model-inny 500w\" sizes=\"(min-width: 1200px) 560px, (min-width: 992px) 50vw, 100vw\" width=\"500px\" alt=\"2x Petlas Explero Winter W671 SUV 255\/65R17 114H Model inny\"\/ style=\"max-width: 100%; height: auto; display: block; margin: 0 auto;\"><\/div>\n<\/div>\n<\/div>\n<\/div>\n<\/div>\n<\/div>\n<div style=\"clear: both; display: block; margin: 10px 0;\">\n<div style=\"clear: both; display: block; margin: 10px 0;\">\n<div style=\"clear: both; display: block; margin: 10px 0;\">\n<div  style=\"max-width:500px;max-height:500px\">\n<div style=\"clear: both; display: block; margin: 10px 0;\">\n<div style=\"clear: both; width: 100%; display: block; margin: 20px 0; padding: 0; float: none; position: static; text-align: center;\"><img decoding=\"async\"  src=\"https:\/\/a.allegroimg.com\/original\/11e69f\/1aac436f45a0bd6a4a39d6285698\/2x-Petlas-Explero-Winter-W671-SUV-255-65R17-114H-Rok-produkcji-2024\" srcset=\"https:\/\/a.allegroimg.com\/original\/11e69f\/1aac436f45a0bd6a4a39d6285698\/2x-Petlas-Explero-Winter-W671-SUV-255-65R17-114H-Rok-produkcji-2024 360w,https:\/\/a.allegroimg.com\/original\/11e69f\/1aac436f45a0bd6a4a39d6285698\/2x-Petlas-Explero-Winter-W671-SUV-255-65R17-114H-Rok-produkcji-2024 500w,https:\/\/a.allegroimg.com\/original\/11e69f\/1aac436f45a0bd6a4a39d6285698\/2x-Petlas-Explero-Winter-W671-SUV-255-65R17-114H-Rok-produkcji-2024 500w\" sizes=\"(min-width: 1200px) 560px, (min-width: 992px) 50vw, 100vw\" width=\"500px\" alt=\"2x Petlas Explero Winter W671 SUV 255\/65R17 114H Rok produkcji 2024\"\/ style=\"max-width: 100%; height: auto; display: block; margin: 0 auto;\"><\/div>\n<\/div>\n<\/div>\n<\/div>\n<\/div>\n<div style=\"clear: both; display: block; margin: 10px 0;\">\n<div style=\"clear: both; display: block; margin: 10px 0;\">\n<h1> Opony zimowe Petlas <\/h1>\n<h2>\n","protected":false},"excerpt":{"rendered":"<p>2x Opony zimowe Petlas Explero Winter W671 SUV 255\/65R17 114H XL<\/p>\n<p>G\u0142\u00f3wne cechy:<\/p>\n<p>Stan: nowe<\/p>\n<p>Aukcja dotyczy: 2 sztuk (pary opon)<\/p>\n<p>Sezon: opony zimowe<\/p>\n<p>Przeznaczenie: auta osobowe, SUV, 4&#215;4<\/p>\n<p>Rok produkcji: nie starsze jak 2024<\/p>\n<p>Gwarancia: 2 lata od daty zakupu<\/p>\n","protected":false},"featured_media":11221,"template":"","meta":{"_uag_custom_page_level_css":""},"product_brand":[460],"product_cat":[414,413,412,415],"product_tag":[],"class_list":{"0":"post-11220","1":"product","2":"type-product","3":"status-publish","4":"has-post-thumbnail","6":"product_brand-petlas","7":"product_cat-do-samochodow-osobowych-i-suv","8":"product_cat-opony","9":"product_cat-opony-i-felgi","10":"product_cat-zimowe","12":"first","13":"instock","14":"shipping-taxable","15":"purchasable","16":"product-type-simple"},"uagb_featured_image_src":{"full":["https:\/\/oponixo.shop\/tire\/wp-content\/uploads\/2025\/12\/allegro-image-11220.jpg",500,500,false],"thumbnail":["https:\/\/oponixo.shop\/tire\/wp-content\/uploads\/2025\/12\/allegro-image-11220-150x150.jpg",150,150,true],"medium":["https:\/\/oponixo.shop\/tire\/wp-content\/uploads\/2025\/12\/allegro-image-11220-300x300.jpg",300,300,true],"medium_large":["https:\/\/oponixo.shop\/tire\/wp-content\/uploads\/2025\/12\/allegro-image-11220.jpg",500,500,false],"large":["https:\/\/oponixo.shop\/tire\/wp-content\/uploads\/2025\/12\/allegro-image-11220.jpg",500,500,false],"1536x1536":["https:\/\/oponixo.shop\/tire\/wp-content\/uploads\/2025\/12\/allegro-image-11220.jpg",500,500,false],"2048x2048":["https:\/\/oponixo.shop\/tire\/wp-content\/uploads\/2025\/12\/allegro-image-11220.jpg",500,500,false],"woocommerce_thumbnail":["https:\/\/oponixo.shop\/tire\/wp-content\/uploads\/2025\/12\/allegro-image-11220-300x300.jpg",300,300,true],"woocommerce_single":["https:\/\/oponixo.shop\/tire\/wp-content\/uploads\/2025\/12\/allegro-image-11220.jpg",500,500,false],"woocommerce_gallery_thumbnail":["https:\/\/oponixo.shop\/tire\/wp-content\/uploads\/2025\/12\/allegro-image-11220-100x100.jpg",100,100,true]},"uagb_author_info":{"display_name":"admin","author_link":"https:\/\/oponixo.shop\/tire\/author\/"},"uagb_comment_info":0,"uagb_excerpt":"2x Opony zimowe Petlas Explero Winter W671 SUV 255\/65R17 114H XL G\u0142\u00f3wne cechy: Stan: nowe Aukcja dotyczy: 2 sztuk (pary opon) Sezon: opony zimowe Przeznaczenie: auta osobowe, SUV, 4x4 Rok produkcji: nie starsze jak 2024 Gwarancia: 2 lata od daty zakupu","_links":{"self":[{"href":"https:\/\/oponixo.shop\/tire\/wp-json\/wp\/v2\/product\/11220","targetHints":{"allow":["GET"]}}],"collection":[{"href":"https:\/\/oponixo.shop\/tire\/wp-json\/wp\/v2\/product"}],"about":[{"href":"https:\/\/oponixo.shop\/tire\/wp-json\/wp\/v2\/types\/product"}],"wp:featuredmedia":[{"embeddable":true,"href":"https:\/\/oponixo.shop\/tire\/wp-json\/wp\/v2\/media\/11221"}],"wp:attachment":[{"href":"https:\/\/oponixo.shop\/tire\/wp-json\/wp\/v2\/media?parent=11220"}],"wp:term":[{"taxonomy":"product_brand","embeddable":true,"href":"https:\/\/oponixo.shop\/tire\/wp-json\/wp\/v2\/product_brand?post=11220"},{"taxonomy":"product_cat","embeddable":true,"href":"https:\/\/oponixo.shop\/tire\/wp-json\/wp\/v2\/product_cat?post=11220"},{"taxonomy":"product_tag","embeddable":true,"href":"https:\/\/oponixo.shop\/tire\/wp-json\/wp\/v2\/product_tag?post=11220"}],"curies":[{"name":"wp","href":"https:\/\/api.w.org\/{rel}","templated":true}]}}